{"id":14820,"date":"2011-03-23T15:32:55","date_gmt":"2011-03-23T15:32:55","guid":{"rendered":"http:\/\/dev3.musique-cordiale.com\/tarifs-et-reservations\/"},"modified":"2025-04-10T22:20:57","modified_gmt":"2025-04-10T22:20:57","slug":"informations-billets","status":"publish","type":"page","link":"https:\/\/www.musique-cordiale.com\/fr\/informations-billets\/","title":{"rendered":"Comment r\u00e9server"},"content":{"rendered":"\n<h2 class=\"wp-block-heading has-text-align-left\">2025 <strong>BOX OFFICE \u2013 <\/strong><a href=\"https:\/\/www.musique-cordiale.com\/fr\/programme-billets\/\" data-type=\"link\" data-id=\"https:\/\/www.musique-cordiale.com\/fr\/programme-billets\/\"><strong>BILLETTERIE<\/strong> <em>ICI<\/em> <em>en fran\u00e7ais<\/em><\/a><\/h2>\n\n\n\n<p>Vous avez besoin de <strong>billets pour les concerts du soir<\/strong><\/p>\n\n\n\n<div class=\"wp-block-columns is-layout-flex wp-container-core-columns-is-layout-9d6595d7 wp-block-columns-is-layout-flex\">\n<div class=\"wp-block-column is-layout-flow wp-block-column-is-layout-flow\" style=\"flex-basis:50%\">\n<h2 class=\"wp-block-heading\">Comment R\u00e9server?<\/h2>\n\n\n\n<p>Vous pouvez r\u00e9server <strong>en ligne<\/strong> sur notre page <a href=\"https:\/\/www.musique-cordiale.com\/fr\/programme-billets\/\" data-type=\"URL\" data-id=\"https:\/\/www.musique-cordiale.com\/fr\/programme-billets\/\">BOX OFFICE (BILLETTERIE) &#8211; en <em>francais<\/em> <\/a>ou en<em> anglais<\/em>. Il est plus facile et plus rapide de r\u00e9server en ligne si vous le pouvez!<strong> (Les prix des billets sont indiqu\u00e9s sur ce site en \u20ac euros ou en livres sterling \u00a3 GBP, selon l&rsquo;endroit o\u00f9 vous vous trouvez).<\/strong><\/p>\n\n\n\n<p>Vous pouvez r\u00e9server par e<strong>mail<\/strong> :<br><span \n                data-original-string='zVPwAqyJeB32xsgcoDHXOg==b08\/KDkT+hEYhOwU+K3hXIBtwSVS\/hAvKFr9CFgyJ6j3Sk='\n                class='apbct-email-encoder'\n                title='This contact has been encoded by Anti-Spam by CleanTalk. Click to decode. To finish the decoding make sure that JavaScript is enabled in your browser.'>in<span class=\"apbct-blur\">**<\/span>@<span class=\"apbct-blur\">**************<\/span>le.com<\/span><\/p>\n\n\n\n<p>par <strong>t\u00e9l\u00e9phone <\/strong>: +33 (0)7 83 02 07 53 (de 25 juillet)<\/p>\n\n\n\n<p>A la <strong>billetterie une heure avant le d\u00e9but de chaque concert du soir<\/strong><em> (sauf ceux sur r\u00e9servation)<\/em><br>(ouverture des portes 30 min avant le d\u00e9but des concerts).<\/p>\n\n\n\n<h4 class=\"wp-block-heading\">N.B<\/h4>\n\n\n\n<p>Les billets pour les \u00e9v\u00e9nements populaires se vendent t\u00f4t&nbsp;: <strong>veuillez r\u00e9server \u00e0 l&rsquo;avance pour \u00e9viter toute d\u00e9ception&nbsp;!<\/strong><\/p>\n\n\n\n<p><strong>R\u00e9ductions<\/strong>:<br>*personnes \u00e2g\u00e9es de 80 ans et plus<strong> (en si\u00e8ge standard)<\/strong><br>*Les enfants \u00e2g\u00e9s de 12 ans ou moins peuvent obtenir des billets GRATUITS ou 5\u20ac <em>(dans des si\u00e8ges standard, accompagn\u00e9s d&rsquo;un d\u00e9tenteur de billet adulte)<\/em><\/p>\n\n\n\n<h3 class=\"wp-block-heading\"><strong>Duration of concerts<\/strong><\/h3>\n\n\n\n<p><strong>Les concerts du soir<\/strong> durent environ 90 minutes &#8211; avec entracte &amp; convivialit\u00e9&nbsp;!<br>(Vin ros\u00e9 et boissons sont servis &#8211; gratuitement &#8211; dans les entractes)<\/p>\n\n\n\n<p><strong>Les concerts du midi<\/strong> durent jusqu&rsquo;\u00e0 une heure.<br>Entr\u00e9e gratuite aux concerts du midi : les dons sont les bienvenus !<br>Pas besoin de billets le midi !<\/p>\n<\/div>\n\n\n\n<div class=\"wp-block-column is-layout-flow wp-block-column-is-layout-flow\" style=\"flex-basis:50%\"><div class=\"wp-block-image\">\n<figure class=\"aligncenter size-full\"><img data-recalc-dims=\"1\" loading=\"lazy\" decoding=\"async\" width=\"640\" height=\"853\" src=\"https:\/\/i0.wp.com\/www.musique-cordiale.com\/wp-content\/uploads\/2023\/06\/Eileen-Billetterie-2019-1.jpg?resize=640%2C853&#038;ssl=1\" alt=\"\" class=\"wp-image-40394\"\/><\/figure><\/div><\/div>\n<\/div>\n\n\n\n<hr class=\"wp-block-separator has-alpha-channel-opacity\"\/>\n\n\n\n<p><a href=\"http:\/\/www.musique-cordiale.com\/contact\/\">To<strong> Contact us<\/strong> et pour nos coordonn\u00e9es compl\u00e8tes, veuillez cliquer ICI.&nbsp;<\/a><br><em>VOIR<\/em><a rel=\"noreferrer noopener\" href=\"https:\/\/www.musique-cordiale.com\/fr\/payer-musique-cordiale\/\" target=\"_blank\"> PAYEZ NOUS<\/a> (en livres sterling ou en euros) sur le menu ou r\u00e9servez simplement&nbsp;: la plupart des options de paiement sont propos\u00e9es lorsque vous commandez en ligne&nbsp;!<\/p>\n\n\n\n<p><strong>RESERVATIONS <\/strong>\/ <strong>Ticket booking<\/strong><\/p>\n\n\n\n<ul class=\"wp-block-list\">\n<li>R\u00e9servez et payez par carte de cr\u00e9dit\/d\u00e9bit ou Paypal (pas de frais de r\u00e9servation) et imprimez vos billets \u00e0 la maison ou au format PDF sur votre t\u00e9l\u00e9phone ou r\u00e9cup\u00e9rez-les \u00e0 la porte<\/li>\n<\/ul>\n\n\n\n<ul class=\"wp-block-list\">\n<li>vous pouvez \u00e9galement commander en ligne, payer par virement bancaire (\u00a3 ou \u20ac), ch\u00e8que ou esp\u00e8ces puis imprimer ou retirer vos billets plus tard une fois le paiement re\u00e7u<\/li>\n<\/ul>\n\n\n\n<ul class=\"wp-block-list\">\n<li>Fayence Market, Place de l\u2019Eglise, les samedis en juillet et en aout: 09.30am \u2013 12.30pm \u2013 <strong>especes , Carte Bleu, cartes de credit et de debit<\/strong><\/li>\n<\/ul>\n\n\n\n<ul class=\"wp-block-list\">\n<li>Sur la porte \u00e0 partir de 45 minutes avant le concert \u2013 <strong>cash, Carte Bleu, credit or debit cards<\/strong>.<\/li>\n<\/ul>\n\n\n\n<ul class=\"wp-block-list\">\n<li>Musique Cordiale: <a href=\"mailto:in**@**************le.com\" data-original-string=\"99skYsAEsDtPmr6fSl5+yw==b084sb98gD+tqjK10HAdCjzJGkGnyZc\/3CcR0G2zgyv+zY=\" title=\"This contact has been encoded by Anti-Spam by CleanTalk. Click to decode. To finish the decoding make sure that JavaScript is enabled in your browser.\"><strong><span \n                data-original-string='6kirpHcWKVG3aTj\/Wnbkcg==b08uHBDM3Sn3LuWUn0NAhXCtFOa5wZ\/Y7YYrV\/Cj07xgz4='\n                class='apbct-email-encoder'\n                title='This contact has been encoded by Anti-Spam by CleanTalk. Click to decode. To finish the decoding make sure that JavaScript is enabled in your browser.'>in<span class=\"apbct-blur\">**<\/span>@<span class=\"apbct-blur\">**************<\/span>le.com<\/span><\/strong><\/a><\/li>\n<\/ul>\n\n\n\n<ul class=\"wp-block-list\">\n<li>de juillet 25:  <strong>+33 (0)7 83 02 07 53<\/strong> or +44 (0)797 1234 195<\/li>\n<\/ul>\n\n\n\n<ul class=\"wp-block-list\">\n<li><strong>Credit\/debit card\/PayPal<\/strong>\/ <strong>GPay<\/strong>\/<strong>ApplePay <\/strong><em>(en utilisant de pr\u00e9f\u00e9rence la billetterie en ligne en amont (www.musique-cordiale.com) ou \u00e0 l&rsquo;entr\u00e9e des \u00e9v\u00e9nements)<\/em><\/li>\n<\/ul>\n\n\n\n<ul class=\"wp-block-list\">\n<li class=\"has-vivid-red-color has-text-color has-link-color wp-elements-cb9d37aa40424ce3f29a202170d97f92\">Ch\u00e8que (en GBP \u00a3 ou Euro \u20ac, \u00e0 l&rsquo;ordre de Musique Cordiale), mais des frais d&rsquo;encaissement sont d\u00e9sormais appliqu\u00e9s.<strong> Veuillez noter que des frais sont d\u00e9sormais appliqu\u00e9s pour tout ch\u00e8que inf\u00e9rieur \u00e0 100 \u20ac.<\/strong> D\u00e9sol\u00e9s&nbsp;!<\/li>\n<\/ul>\n\n\n\n<ul class=\"wp-block-list\">\n<li>Virement <strong> SEPA<\/strong> <strong>en \u20ac<\/strong><\/li>\n<\/ul>\n\n\n\n<ul class=\"wp-block-list\">\n<li><strong>Online banking BACS in \u00a3<\/strong> <em>(please contact us for the equivalent amount due in GBPs \u2013 or ask for an invoice)<\/em>: &nbsp;<\/li>\n<\/ul>\n\n\n\n<p><strong>Sieges<\/strong> Les places assises \u00e0 de nombreux concerts sont libres et sans r\u00e9servation. Nous vous conseillons d\u2019arriver t\u00f4t sur le site pour garantir votre si\u00e8ge pr\u00e9f\u00e9r\u00e9.<\/p>\n\n\n\n<p>Pour certains concerts en soir\u00e9e, cependant, nous avons plusieurs prix de billets &#8211; <strong>standard<\/strong> (si\u00e8ges non r\u00e9serv\u00e9s) et Premium. Les billets <strong>Premium<\/strong> vous offrent une place garantie dans les meilleures rang\u00e9es &#8211; avec un coussin ou un billet <strong>Galerie<\/strong> dans l&rsquo;Eglise de Seillans.<\/p>\n\n\n\n<h3 class=\"wp-block-heading\">Enfants<\/h3>\n\n\n\n<p>Nous ne facturons pas (ou quelque fois ou nous facturons un petit suppl\u00e9ment de 5\u20ac) pour les enfants de 12 ans ou moins en si\u00e8ge normal (tant qu\u2019ils sont accompagn\u00e9s d\u2019un adulte en tout temps) car nous esp\u00e9rons encourager les jeunes \u00e0 appr\u00e9cier la musique et \u00e0 partager son plaisir&nbsp;! Mais les enfants ont toujours besoin d\u2019un billet (gratuit or 5\u20ac)<\/p>\n\n\n\n<p>Lors de la r\u00e9servation de vos billets en ligne, assurez-vous d&rsquo;ajouter tous les billets \u00ab&nbsp;Enfant&nbsp;\u00bb \u00e0 votre panier. ATTENTION : les billets gratuits pour les enfants ne sont pas disponibles si vous souhaitez des places premium ou des billets pour le soir\u00e9es du 30 juillet 2024 , Val d&rsquo;Iris), qui n\u00e9cessitent une r\u00e9servation pr\u00e9alable et le paiement du plein tarif adulte.<\/p>\n\n\n\n<h2 class=\"wp-block-heading\">Friends (Amis), Membres &amp; Donors<\/h2>\n\n\n\n<p><a href=\"https:\/\/www.musique-cordiale.com\/fr\/soutenez-nous\/adherents-amis-mecenes\/\" target=\"_blank\" rel=\"noreferrer noopener\">Become a donor, Friend or member<\/a> and benefit from a discount of 10% <em>(online only)<\/em> for up to 2 tickets for most performances (excludes concerts that feature dinner ), including the Fundraising Evening on 26 July 2023 though, this year, tickets for the fund-raiser are also cheaper for Friends \u2013 at 100\u20ac, the Fundraiser price uniquely for Friends of the Festival.<\/p>\n\n\n\n<p>There are also special Friend prices for certain other events \u2013 see <a href=\"https:\/\/www.musique-cordiale.com\/fr\/programme-provisoire-du-festival-2024\/\" data-type=\"post\" data-id=\"44842\">Programme<\/a>).<\/p>\n\n\n\n<h3 class=\"wp-block-heading\">Accessibility<\/h3>\n\n\n\n<p>Certaines places (+ parking limit\u00e9) peuvent \u00eatre r\u00e9serv\u00e9es \u00e0 l&rsquo;avance pour les personnes \u00e0 mobilit\u00e9 r\u00e9duite. Merci de nous contacter pour organiser.<\/p>\n\n\n\n<h3 class=\"wp-block-heading\">Termes &amp; conditions<\/h3>\n\n\n\n<p>Tous les billets sont non remboursables. Cependant, si un spectacle est complet et que nous avons une liste d\u2019attente, nous essaierons de vendre les billets en votre nom. Nous ne pouvons pas garantir que nous pouvons le faire. <em>(En cas de mauvais temps, les \u00e9v\u00e9nements ext\u00e9rieurs \u00e0 Seillans pourront \u00eatre d\u00e9plac\u00e9s \u00e0 la Salle Polyvalente et le spectacle ext\u00e9rieur \u00e0 Fayence sera d\u00e9plac\u00e9 \u00e0 la Salle Iris Berry. Ce n\u2019est qu\u2019en cas d\u2019annulation d\u2019un \u00e9v\u00e9nement que les billets seront rembours\u00e9s). Les programmes de concerts et les artistes sont sujets \u00e0 changement sans pr\u00e9avis.<\/em> Pour nos autres conditions, s&rsquo;appliquant aux joueurs, chanteurs et autres participants au festival ou \u00e0 nos concerts et \u00e9v\u00e9nements, veuillez consulter <a href=\"https:\/\/www.musique-cordiale.com\/fr\/participation-conditions-generales\/\" data-type=\"page\" data-id=\"14857\" target=\"_blank\" rel=\"noreferrer noopener\">Participation : conditions et modalit\u00e9s<\/a>.<\/p>\n\n\n\n<h3 class=\"wp-block-heading\">Privacy<\/h3>\n\n\n\n<p><strong>Musique Cordiale<\/strong> respecte votre confidentialit\u00e9 et prot\u00e8ge vos informations personnelles. Nous ne conservons jamais les d\u00e9tails de vos cartes bancaires de d\u00e9bit ou de cr\u00e9dit apr\u00e8s avoir re\u00e7u les paiements de nos membres, donateurs, clients ou sympathisants. Nous ne vendons pas votre nom, votre adresse e-mail, votre adresse ou vos coordonn\u00e9es t\u00e9l\u00e9phoniques. Seule Musique Cordiale a&nbsp;acc\u00e8s \u00e0 ces informations pour communiquer avec vous et nous ne les partageons qu\u2019avec nos agents&nbsp;et uniquement dans le but de contacter nos supporters, clients, donateurs, employ\u00e9s ou fournisseurs en notre&nbsp;nom.<\/p>\n","protected":false},"excerpt":{"rendered":"<p>2025 BOX OFFICE \u2013 BILLETTERIE ICI en fran\u00e7ais Vous avez besoin de billets pour les concerts du soir Comment R\u00e9server? Vous pouvez r\u00e9server en ligne sur notre page BOX OFFICE (BILLETTERIE) &#8211; en francais ou en anglais. Il est plus facile et plus rapide de r\u00e9server en ligne si vous le pouvez! (Les prix des [&hellip;]<\/p>\n","protected":false},"author":4,"featured_media":16314,"parent":0,"menu_order":0,"comment_status":"closed","ping_status":"closed","template":"","meta":{"_acf_changed":false,"_monsterinsights_skip_tracking":false,"_monsterinsights_sitenote_active":false,"_monsterinsights_sitenote_note":"","_monsterinsights_sitenote_category":0,"_uf_show_specific_survey":0,"_uf_disable_surveys":false,"advanced_seo_description":"","jetpack_seo_html_title":"","jetpack_seo_noindex":false,"footnotes":""},"class_list":["post-14820","page","type-page","status-publish","has-post-thumbnail","hentry"],"acf":[],"jetpack_sharing_enabled":true,"jetpack-related-posts":[{"id":37830,"url":"https:\/\/www.musique-cordiale.com\/fr\/programme-billets\/","url_meta":{"origin":14820,"position":0},"title":"BOX OFFICE: Programme et Billetterie en ligne","author":"Jonathan Barker","date":"24\/01\/2023","format":false,"excerpt":"Le programme 2026 et les nouvelles modalit\u00e9s de billetterie seront annonc\u00e9s \u00e0 P\u00e2ques. Le 21e Festival international annuel \u00e0 succ\u00e8s est d\u00e9sormais termin\u00e9\u00a0!Pays de Fayence, France, 2025 **BILLETTERIE MAINTENANT FERM\u00c9E\u00a0: voir cette page en anglais\u00a0!LA BILLETTERIE est FERM\u00c9E : Cliquez ICI pour voir cette page en fran\u00e7aisS'IL VOUS PLA\u00ceT REVENEZ\u2026","rel":"","context":"Article similaire","block_context":{"text":"Article similaire","link":""},"img":{"alt_text":"","src":"https:\/\/i0.wp.com\/www.musique-cordiale.com\/wp-content\/uploads\/2023\/01\/49516009783_28e26a00da_o-scaled.jpg?fit=1200%2C900&ssl=1&resize=350%2C200","width":350,"height":200,"srcset":"https:\/\/i0.wp.com\/www.musique-cordiale.com\/wp-content\/uploads\/2023\/01\/49516009783_28e26a00da_o-scaled.jpg?fit=1200%2C900&ssl=1&resize=350%2C200 1x, https:\/\/i0.wp.com\/www.musique-cordiale.com\/wp-content\/uploads\/2023\/01\/49516009783_28e26a00da_o-scaled.jpg?fit=1200%2C900&ssl=1&resize=525%2C300 1.5x, https:\/\/i0.wp.com\/www.musique-cordiale.com\/wp-content\/uploads\/2023\/01\/49516009783_28e26a00da_o-scaled.jpg?fit=1200%2C900&ssl=1&resize=700%2C400 2x, https:\/\/i0.wp.com\/www.musique-cordiale.com\/wp-content\/uploads\/2023\/01\/49516009783_28e26a00da_o-scaled.jpg?fit=1200%2C900&ssl=1&resize=1050%2C600 3x"},"classes":[]},{"id":14875,"url":"https:\/\/www.musique-cordiale.com\/fr\/paiement-confirmation-de-reservation\/","url_meta":{"origin":14820,"position":1},"title":"Paiement &#8211; Confirmation de r\u00e9servation","author":"David Christie","date":"14\/03\/2015","format":false,"excerpt":"TICKETS\/BILLETS Musique Cordiale 2015 Vous recevrez une confirmation de votre commande par e-mail - merci de v\u00e9rifier dans le dossier \u00ab\u00a0courrier ind\u00e9sirable\u00a0\u00bb (ou spam) de votre bo\u00eete e-mail. Probl\u00e8mes ou questions? Veuillez contacter le tr\u00e9sorier, Musique Cordiale Information on Concerts, Venues & Booking (ENG)\u00a0 \u00a0- \u00a0 Information \u00a0Concerts, Lieux et\u2026","rel":"","context":"Article similaire","block_context":{"text":"Article similaire","link":""},"img":{"alt_text":"euro symbo;","src":"https:\/\/i0.wp.com\/www.musique-cordiale.com\/wp-content\/uploads\/2015\/04\/euro-300x286.jpg?resize=350%2C200","width":350,"height":200},"classes":[]},{"id":30560,"url":"https:\/\/www.musique-cordiale.com\/fr\/rejoignez-le-choeur-du-festival-2020\/","url_meta":{"origin":14820,"position":2},"title":"Rejoignez le choeur du Festival 2020","author":"Jonathan Barker","date":"16\/12\/2019","format":false,"excerpt":"Le version fran\u00e7aise de cette page et des formulaires sont dispo nibles ici. An English version of this page can be found HERE\u00a0 INSCRIPTION EN LE CHOEUR 2023, 4-13 ao\u00fbt 2023 Pour rejoignez le Choeur du Festival en Pays de Fayence, France, \u00e9t\u00e9 2023: cliquez ICI Festival d'\u00e9t\u00e9 - Atelier\u2026","rel":"","context":"Article similaire","block_context":{"text":"Article similaire","link":""},"img":{"alt_text":"","src":"https:\/\/i0.wp.com\/www.musique-cordiale.com\/wp-content\/uploads\/2019\/12\/WhatsApp-Image-2019-12-17-at-14.34.43.jpeg?fit=1200%2C583&ssl=1&resize=350%2C200","width":350,"height":200,"srcset":"https:\/\/i0.wp.com\/www.musique-cordiale.com\/wp-content\/uploads\/2019\/12\/WhatsApp-Image-2019-12-17-at-14.34.43.jpeg?fit=1200%2C583&ssl=1&resize=350%2C200 1x, https:\/\/i0.wp.com\/www.musique-cordiale.com\/wp-content\/uploads\/2019\/12\/WhatsApp-Image-2019-12-17-at-14.34.43.jpeg?fit=1200%2C583&ssl=1&resize=525%2C300 1.5x, https:\/\/i0.wp.com\/www.musique-cordiale.com\/wp-content\/uploads\/2019\/12\/WhatsApp-Image-2019-12-17-at-14.34.43.jpeg?fit=1200%2C583&ssl=1&resize=700%2C400 2x, https:\/\/i0.wp.com\/www.musique-cordiale.com\/wp-content\/uploads\/2019\/12\/WhatsApp-Image-2019-12-17-at-14.34.43.jpeg?fit=1200%2C583&ssl=1&resize=1050%2C600 3x"},"classes":[]},{"id":18363,"url":"https:\/\/www.musique-cordiale.com\/fr\/booking-form-pdf-join-choir-messiah-kent-24-26-nov-2017\/","url_meta":{"origin":14820,"position":3},"title":"Bulletin d&rsquo;inscription  &#8211; Rejoindre le choeur dans le Kent 24-26 Nov 2017","author":"Jonathan Barker","date":"16\/09\/2017","format":false,"excerpt":"Bulletin d'inscription - version francais\u00a0(cliquez \u00e0 voir ce version PDF. Vous pouvez le t\u00e9l\u00e9charger, le remplir et l'envoyer dans la poste ou par mail (scann\u00e9). (Si vous avez d\u00e9j\u00e0 visit\u00e9 cette page, veuillez actualiser la page pour voir la version la plus r\u00e9cente des prix et le formulaire de r\u00e9servation)\u2026","rel":"","context":"Article similaire","block_context":{"text":"Article similaire","link":""},"img":{"alt_text":"","src":"","width":0,"height":0},"classes":[]},{"id":44264,"url":"https:\/\/www.musique-cordiale.com\/fr\/rejoignez-le-choeur-du-festival-ete-2024\/","url_meta":{"origin":14820,"position":4},"title":"Rejoignez le ch\u0153ur du festival, \u00e9t\u00e9 2026","author":"Jonathan Barker","date":"26\/12\/2023","format":false,"excerpt":"22e \u00e9dition annuelle du Festival International MUSIQUE CORDIALE Les informations concernant le choeur du festival 2026seront bient\u00f4t disponibles\u00a0ici!Dates du festival international : du 29 juillet au 8 ao\u00fbt 2025 (Dates du ch\u0153ur 2026 : du 2 au 9 ao\u00fbt) ORGANISATION DU FESTIVAL AU PAYS DE FAYENCE CET \u00c9T\u00c9.du 29 juillet\u2026","rel":"","context":"Article similaire","block_context":{"text":"Article similaire","link":""},"img":{"alt_text":"","src":"https:\/\/i0.wp.com\/www.musique-cordiale.com\/wp-content\/uploads\/2023\/08\/Musique-Cordiale-Seillans-120823-38-scaled.jpg?fit=1200%2C624&ssl=1&resize=350%2C200","width":350,"height":200,"srcset":"https:\/\/i0.wp.com\/www.musique-cordiale.com\/wp-content\/uploads\/2023\/08\/Musique-Cordiale-Seillans-120823-38-scaled.jpg?fit=1200%2C624&ssl=1&resize=350%2C200 1x, https:\/\/i0.wp.com\/www.musique-cordiale.com\/wp-content\/uploads\/2023\/08\/Musique-Cordiale-Seillans-120823-38-scaled.jpg?fit=1200%2C624&ssl=1&resize=525%2C300 1.5x, https:\/\/i0.wp.com\/www.musique-cordiale.com\/wp-content\/uploads\/2023\/08\/Musique-Cordiale-Seillans-120823-38-scaled.jpg?fit=1200%2C624&ssl=1&resize=700%2C400 2x, https:\/\/i0.wp.com\/www.musique-cordiale.com\/wp-content\/uploads\/2023\/08\/Musique-Cordiale-Seillans-120823-38-scaled.jpg?fit=1200%2C624&ssl=1&resize=1050%2C600 3x"},"classes":[]},{"id":41608,"url":"https:\/\/www.musique-cordiale.com\/fr\/questions-frequemment-posees-faqs\/","url_meta":{"origin":14820,"position":5},"title":"Questions fr\u00e9quemment pos\u00e9es (FAQs)","author":"Jonathan Barker","date":"30\/06\/2023","format":false,"excerpt":"(Page en cours de d\u00e9veloppement\u00a0: veuillez nous indiquer les autres questions que nous devrions ajouter pour vous\u00a0!)VERSION IN ENGLISH is HERE O\u00f9 est le Festival Musique Cordiale 2023 ? Tous les lieux de l'\u00e9v\u00e9nement sont situ\u00e9s dans le Var (D\u00e9partement) en 'Provence' dans le S E de la France (\u00e0\u2026","rel":"","context":"Article similaire","block_context":{"text":"Article similaire","link":""},"img":{"alt_text":"","src":"","width":0,"height":0},"classes":[]}],"jetpack_shortlink":"https:\/\/wp.me\/PaEPkm-3R2","_links":{"self":[{"href":"https:\/\/www.musique-cordiale.com\/fr\/wp-json\/wp\/v2\/pages\/14820","targetHints":{"allow":["GET"]}}],"collection":[{"href":"https:\/\/www.musique-cordiale.com\/fr\/wp-json\/wp\/v2\/pages"}],"about":[{"href":"https:\/\/www.musique-cordiale.com\/fr\/wp-json\/wp\/v2\/types\/page"}],"author":[{"embeddable":true,"href":"https:\/\/www.musique-cordiale.com\/fr\/wp-json\/wp\/v2\/users\/4"}],"replies":[{"embeddable":true,"href":"https:\/\/www.musique-cordiale.com\/fr\/wp-json\/wp\/v2\/comments?post=14820"}],"version-history":[{"count":1,"href":"https:\/\/www.musique-cordiale.com\/fr\/wp-json\/wp\/v2\/pages\/14820\/revisions"}],"predecessor-version":[{"id":48368,"href":"https:\/\/www.musique-cordiale.com\/fr\/wp-json\/wp\/v2\/pages\/14820\/revisions\/48368"}],"wp:featuredmedia":[{"embeddable":true,"href":"https:\/\/www.musique-cordiale.com\/fr\/wp-json\/wp\/v2\/media\/16314"}],"wp:attachment":[{"href":"https:\/\/www.musique-cordiale.com\/fr\/wp-json\/wp\/v2\/media?parent=14820"}],"curies":[{"name":"wp","href":"https:\/\/api.w.org\/{rel}","templated":true}]}}