{"id":14826,"date":"2013-01-05T10:01:11","date_gmt":"2013-01-05T10:01:11","guid":{"rendered":"http:\/\/dev3.musique-cordiale.com\/archives\/"},"modified":"2025-05-12T17:15:23","modified_gmt":"2025-05-12T17:15:23","slug":"festivals-et-concerts-passes","status":"publish","type":"page","link":"https:\/\/www.musique-cordiale.com\/fr\/a-propos\/festivals-et-concerts-passes\/","title":{"rendered":"Festivals et Concerts Pass\u00e9s"},"content":{"rendered":"\n<p><\/p>\n\n\n\n<div class=\"wp-block-group is-content-justification-center is-nowrap is-layout-flex wp-container-core-group-is-layout-079bfc22 wp-block-group-is-layout-flex\"><div class=\"wp-block-image\">\n<figure class=\"alignright size-full is-resized\"><img data-recalc-dims=\"1\" loading=\"lazy\" decoding=\"async\" width=\"640\" height=\"908\" src=\"https:\/\/i0.wp.com\/www.musique-cordiale.com\/wp-content\/uploads\/2023\/08\/image.png?resize=640%2C908&#038;ssl=1\" alt=\"\" class=\"wp-image-43138\" style=\"width:97px;height:auto\" srcset=\"https:\/\/i0.wp.com\/www.musique-cordiale.com\/wp-content\/uploads\/2023\/08\/image.png?w=903&amp;ssl=1 903w, https:\/\/i0.wp.com\/www.musique-cordiale.com\/wp-content\/uploads\/2023\/08\/image.png?resize=768%2C1089&amp;ssl=1 768w, https:\/\/i0.wp.com\/www.musique-cordiale.com\/wp-content\/uploads\/2023\/08\/image.png?resize=750%2C1064&amp;ssl=1 750w\" sizes=\"auto, (max-width: 640px) 100vw, 640px\" \/><figcaption class=\"wp-element-caption\"><a href=\"https:\/\/www.musique-cordiale.com\/fr\/festival-programme-2023\/\" data-type=\"post\" data-id=\"39466\"><strong>Festival Programme 2023<\/strong><\/a><\/figcaption><\/figure><\/div>\n\n\n<div class=\"wp-block-group is-nowrap is-layout-flex wp-container-core-group-is-layout-ad2f72ca wp-block-group-is-layout-flex\">\n<div class=\"wp-block-media-text is-stacked-on-mobile is-vertically-aligned-center\" style=\"grid-template-columns:20% auto\"><figure class=\"wp-block-media-text__media\"><img data-recalc-dims=\"1\" loading=\"lazy\" decoding=\"async\" width=\"640\" height=\"905\" src=\"https:\/\/i0.wp.com\/www.musique-cordiale.com\/wp-content\/uploads\/2024\/05\/2024-FESTIVAL-AFFICHE.jpg?resize=640%2C905&#038;ssl=1\" alt=\"\" class=\"wp-image-45470 size-full\" srcset=\"https:\/\/i0.wp.com\/www.musique-cordiale.com\/wp-content\/uploads\/2024\/05\/2024-FESTIVAL-AFFICHE.jpg?w=1240&amp;ssl=1 1240w, https:\/\/i0.wp.com\/www.musique-cordiale.com\/wp-content\/uploads\/2024\/05\/2024-FESTIVAL-AFFICHE.jpg?resize=768%2C1086&amp;ssl=1 768w, https:\/\/i0.wp.com\/www.musique-cordiale.com\/wp-content\/uploads\/2024\/05\/2024-FESTIVAL-AFFICHE.jpg?resize=1086%2C1536&amp;ssl=1 1086w, https:\/\/i0.wp.com\/www.musique-cordiale.com\/wp-content\/uploads\/2024\/05\/2024-FESTIVAL-AFFICHE.jpg?resize=750%2C1061&amp;ssl=1 750w\" sizes=\"auto, (max-width: 640px) 100vw, 640px\" \/><\/figure><div class=\"wp-block-media-text__content\">\n<p><a href=\"https:\/\/www.musique-cordiale.com\/fr\/programme-provisoire-du-festival-2024\/\" data-type=\"post\" data-id=\"44836\">Programme du Festival 2024<\/a><\/p>\n<\/div><\/div>\n<\/div>\n<\/div>\n\n\n\n\n\n<div id=\"wpv-view-layout-38535\" class=\"js-wpv-view-layout js-wpv-layout-responsive js-wpv-view-layout-38535\" data-viewnumber=\"38535\" data-pagination=\"{&quot;id&quot;:38535,&quot;query&quot;:&quot;normal&quot;,&quot;type&quot;:&quot;disabled&quot;,&quot;effect&quot;:&quot;fade&quot;,&quot;duration&quot;:500,&quot;speed&quot;:5,&quot;pause_on_hover&quot;:&quot;enabled&quot;,&quot;stop_rollover&quot;:&quot;false&quot;,&quot;cache_pages&quot;:&quot;enabled&quot;,&quot;preload_images&quot;:&quot;enabled&quot;,&quot;preload_pages&quot;:&quot;enabled&quot;,&quot;preload_reach&quot;:1,&quot;spinner&quot;:&quot;builtin&quot;,&quot;spinner_image&quot;:&quot;https:\/\/www.musique-cordiale.com\/wp-content\/plugins\/wp-views\/embedded\/res\/img\/ajax-loader.gif&quot;,&quot;callback_next&quot;:&quot;&quot;,&quot;manage_history&quot;:&quot;enabled&quot;,&quot;has_controls_in_form&quot;:&quot;disabled&quot;,&quot;infinite_tolerance&quot;:&quot;0&quot;,&quot;max_pages&quot;:0,&quot;page&quot;:1,&quot;base_permalink&quot;:&quot;\/fr\/wp-json\/wp\/v2\/pages\/14826?wpv_view_count=38535&amp;wpv_paged=WPV_PAGE_NUM&quot;,&quot;loop&quot;:{&quot;type&quot;:&quot;&quot;,&quot;name&quot;:&quot;&quot;,&quot;data&quot;:[],&quot;id&quot;:0}}\" data-permalink=\"\/fr\/wp-json\/wp\/v2\/pages\/14826?wpv_view_count=38535\">\n\n\t\n\t\n\t<div class=\"row\">\n\t\t\n          <div class=\"col-md-6 col-lg-4\">\n            <a href=\"https:\/\/www.musique-cordiale.com\/fr\/past-festival\/2022\/\"><img loading=\"lazy\" decoding=\"async\" width=\"685\" height=\"460\" src=\"https:\/\/i0.wp.com\/www.musique-cordiale.com\/wp-content\/uploads\/2022\/07\/M-C-summer-in-Kent-2022-brochure-1_Page_1.jpg?resize=685%2C460&amp;ssl=1\" class=\"attachment-featured size-featured mb-3 wp-post-image\" alt=\"\" srcset=\"https:\/\/i0.wp.com\/www.musique-cordiale.com\/wp-content\/uploads\/2022\/07\/M-C-summer-in-Kent-2022-brochure-1_Page_1.jpg?resize=685%2C460&amp;ssl=1 685w, https:\/\/i0.wp.com\/www.musique-cordiale.com\/wp-content\/uploads\/2022\/07\/M-C-summer-in-Kent-2022-brochure-1_Page_1.jpg?zoom=2&amp;resize=685%2C460&amp;ssl=1 1370w, https:\/\/i0.wp.com\/www.musique-cordiale.com\/wp-content\/uploads\/2022\/07\/M-C-summer-in-Kent-2022-brochure-1_Page_1.jpg?zoom=3&amp;resize=685%2C460&amp;ssl=1 2055w\" sizes=\"auto, (max-width: 640px) 100vw, 640px\" data-attachment-id=\"37128\" data-permalink=\"https:\/\/www.musique-cordiale.com\/fr\/programme-box-office-summer-2022\/m-c-summer-in-kent-2022-brochure-1_page_1\/\" data-orig-file=\"https:\/\/i0.wp.com\/www.musique-cordiale.com\/wp-content\/uploads\/2022\/07\/M-C-summer-in-Kent-2022-brochure-1_Page_1.jpg?fit=2339%2C1654&amp;ssl=1\" data-orig-size=\"2339,1654\" data-comments-opened=\"0\" data-image-meta=\"{&quot;aperture&quot;:&quot;0&quot;,&quot;credit&quot;:&quot;&quot;,&quot;camera&quot;:&quot;&quot;,&quot;caption&quot;:&quot;&quot;,&quot;created_timestamp&quot;:&quot;0&quot;,&quot;copyright&quot;:&quot;&quot;,&quot;focal_length&quot;:&quot;0&quot;,&quot;iso&quot;:&quot;0&quot;,&quot;shutter_speed&quot;:&quot;0&quot;,&quot;title&quot;:&quot;&quot;,&quot;orientation&quot;:&quot;0&quot;}\" data-image-title=\"M-C summer in Kent 2022 brochure-1_Page_1\" data-image-description=\"\" data-image-caption=\"&lt;p&gt;Festival Flyer 2022&lt;\/p&gt;\n\" data-large-file=\"https:\/\/i0.wp.com\/www.musique-cordiale.com\/wp-content\/uploads\/2022\/07\/M-C-summer-in-Kent-2022-brochure-1_Page_1.jpg?fit=495%2C350&amp;ssl=1\" \/><\/a>\n            <a href=\"https:\/\/www.musique-cordiale.com\/fr\/past-festival\/2022\/\">2022<\/a>\n          <\/div>\n\t\t\n          <div class=\"col-md-6 col-lg-4\">\n            <a href=\"https:\/\/www.musique-cordiale.com\/fr\/past-festival\/2021\/\"><img loading=\"lazy\" decoding=\"async\" width=\"685\" height=\"460\" src=\"https:\/\/i0.wp.com\/www.musique-cordiale.com\/wp-content\/uploads\/2021\/06\/MC-Kent-2021-poster.jpg?resize=685%2C460&amp;ssl=1\" class=\"attachment-featured size-featured mb-3 wp-post-image\" alt=\"\" data-attachment-id=\"34877\" data-permalink=\"https:\/\/www.musique-cordiale.com\/fr\/home\/mc-kent-2021-poster-2\/\" data-orig-file=\"https:\/\/i0.wp.com\/www.musique-cordiale.com\/wp-content\/uploads\/2021\/06\/MC-Kent-2021-poster.jpg?fit=1240%2C1754&amp;ssl=1\" data-orig-size=\"1240,1754\" data-comments-opened=\"0\" data-image-meta=\"{&quot;aperture&quot;:&quot;0&quot;,&quot;credit&quot;:&quot;&quot;,&quot;camera&quot;:&quot;&quot;,&quot;caption&quot;:&quot;&quot;,&quot;created_timestamp&quot;:&quot;0&quot;,&quot;copyright&quot;:&quot;&quot;,&quot;focal_length&quot;:&quot;0&quot;,&quot;iso&quot;:&quot;0&quot;,&quot;shutter_speed&quot;:&quot;0&quot;,&quot;title&quot;:&quot;&quot;,&quot;orientation&quot;:&quot;0&quot;}\" data-image-title=\"MC Kent 2021 poster\" data-image-description=\"\" data-image-caption=\"\" data-large-file=\"https:\/\/i0.wp.com\/www.musique-cordiale.com\/wp-content\/uploads\/2021\/06\/MC-Kent-2021-poster.jpg?fit=247%2C350&amp;ssl=1\" \/><\/a>\n            <a href=\"https:\/\/www.musique-cordiale.com\/fr\/past-festival\/2021\/\">2021<\/a>\n          <\/div>\n\t\t\n          <div class=\"col-md-6 col-lg-4\">\n            <a href=\"https:\/\/www.musique-cordiale.com\/fr\/past-festival\/before-2020\/\"><img loading=\"lazy\" decoding=\"async\" width=\"685\" height=\"460\" src=\"https:\/\/i0.wp.com\/www.musique-cordiale.com\/wp-content\/uploads\/2023\/03\/MC2019_Festival-Flyer_Page_1.jpeg?resize=685%2C460&amp;ssl=1\" class=\"attachment-featured size-featured mb-3 wp-post-image\" alt=\"\" srcset=\"https:\/\/i0.wp.com\/www.musique-cordiale.com\/wp-content\/uploads\/2023\/03\/MC2019_Festival-Flyer_Page_1.jpeg?resize=685%2C460&amp;ssl=1 685w, https:\/\/i0.wp.com\/www.musique-cordiale.com\/wp-content\/uploads\/2023\/03\/MC2019_Festival-Flyer_Page_1.jpeg?zoom=2&amp;resize=685%2C460&amp;ssl=1 1370w, https:\/\/i0.wp.com\/www.musique-cordiale.com\/wp-content\/uploads\/2023\/03\/MC2019_Festival-Flyer_Page_1.jpeg?zoom=3&amp;resize=685%2C460&amp;ssl=1 2055w\" sizes=\"auto, (max-width: 640px) 100vw, 640px\" data-attachment-id=\"38225\" data-permalink=\"https:\/\/www.musique-cordiale.com\/fr\/mc2019_festival-flyer_page_1\/\" data-orig-file=\"https:\/\/i0.wp.com\/www.musique-cordiale.com\/wp-content\/uploads\/2023\/03\/MC2019_Festival-Flyer_Page_1.jpeg?fit=2342%2C1658&amp;ssl=1\" data-orig-size=\"2342,1658\" data-comments-opened=\"0\" data-image-meta=\"{&quot;aperture&quot;:&quot;0&quot;,&quot;credit&quot;:&quot;&quot;,&quot;camera&quot;:&quot;&quot;,&quot;caption&quot;:&quot;&quot;,&quot;created_timestamp&quot;:&quot;0&quot;,&quot;copyright&quot;:&quot;&quot;,&quot;focal_length&quot;:&quot;0&quot;,&quot;iso&quot;:&quot;0&quot;,&quot;shutter_speed&quot;:&quot;0&quot;,&quot;title&quot;:&quot;&quot;,&quot;orientation&quot;:&quot;0&quot;}\" data-image-title=\"MC2019_Festival-Flyer_Page_1\" data-image-description=\"\" data-image-caption=\"\" data-large-file=\"https:\/\/i0.wp.com\/www.musique-cordiale.com\/wp-content\/uploads\/2023\/03\/MC2019_Festival-Flyer_Page_1.jpeg?fit=494%2C350&amp;ssl=1\" \/><\/a>\n            <a href=\"https:\/\/www.musique-cordiale.com\/fr\/past-festival\/before-2020\/\">Before 2020<\/a>\n          <\/div>\n\t\t\n\t<\/div>\n\t\n\t\n\t\n<\/div>\n\n\n\n\n<hr class=\"wp-block-separator has-alpha-channel-opacity\"\/>\n\n\n\n<h4 class=\"wp-block-heading has-text-align-center\"><em>Quelques-unes des<\/em><strong> \u0153uvres chorales majeures chant\u00e9es par le Ch\u0153ur du Festival Musique-Cordiale, 2005-2024<\/strong><\/h4>\n\n\n\n<p><strong>Festivals d&rsquo;\u00e9t\u00e9 &#8211; les \u0153uvres chorales incluent&nbsp;:<br><br>2005&nbsp;: Bach <em>Messe en si mineur<\/em><br>2006&nbsp;: Mozart <em>Messe en do mineur<br><\/em>2007&nbsp;: <em>Requiem<\/em> de Durufl\u00e9, Haendel <em>Zadok le pr\u00eatre<\/em> &amp; <em>Dexit Dominus<\/em><br>2008&nbsp;: <em>Messe du Couronnement<\/em> etamp; Haydn <em>Te Deum, <\/em>Stravinky<em> Pater Noster<br><\/em>2009&nbsp;: Mozart <em>Requiem, <\/em>Gabrielli <em>Salvator Noster,<\/em> Bruckner<em> Affentur Regi &amp; Regina Jesse<br><\/em>2010&nbsp;: <em>Requiem<\/em> de Faur\u00e9, &nbsp;Haydn <em>Messe Nelson, <\/em>Poulenc<em> Salve Regina<\/em><br>2011&nbsp;: <em>Passion selon saint Jean<\/em><br>2012&nbsp;: <em>Gloria<\/em> de Poulenc, <em>Messe en do mineur<\/em> de Mozart, Allegri <em>Miserere,<br><\/em>Bach <em>Messe luth\u00e9rienne en sol mineur<\/em><br>2013&nbsp;: Dvorak <em>Stabat Mater, <\/em>Britten<em> R\u00e9jouis-toi dans l&rsquo;agneau<\/em><br>2014&nbsp;: Bach <em>Messe en si mineur, <\/em>Vaughan Willliams<em> S\u00e9r\u00e9nade en musique<\/em><br>2015&nbsp;: Haydn <em>La Cr\u00e9ation, <\/em>Reinberger<em> Messe en mi b\u00e9mol6, <\/em>Martin<em> Messe pour double ch\u0153ur<\/em><br>2016&nbsp;: Haendel <em>Solomon, <\/em>Parsons<em> Ave Maria, <\/em>Holst <em>Nunc Dimitis, <\/em>Tavener<em> Syvati<\/em><br>2017&nbsp;: Monteverdi <em>V\u00eapres<br><\/em>2018&nbsp;: Mozart <em>Couronnement Messe<\/em>, Haydn <em>Oratorio,<\/em> <em>Te Deum, <\/em>Schutz<em> Magnificat,<br><\/em>Bach<em> Jesu Meine Freude, Lobet den Herrn<br><\/em>2019&nbsp;: Haendel <em>Saul,<\/em> Martin<em> Messe pour double ch\u0153ur<\/em><br>2020&nbsp;: Brahms <em>Requiem<br><\/em>2021&nbsp;: Vivaldi <em>Gloria<\/em><br>2022&nbsp;: Rossini <em>Petite Messe<\/em><br>2023&nbsp;: Haendel Coronation Anthems &amp; Mozart <em>Coronation Mass, Laudate Dominum,<br><\/em>Rutter<em>This is the day, <\/em>Elgar<em>O Hearken thou<\/em><br>2024&nbsp;: Verdi <em>Requiem<\/em><\/strong><br><\/p>\n","protected":false},"excerpt":{"rendered":"<p>Programme du Festival 2024 Quelques-unes des \u0153uvres chorales majeures chant\u00e9es par le Ch\u0153ur du Festival Musique-Cordiale, 2005-2024 Festivals d&rsquo;\u00e9t\u00e9 &#8211; les \u0153uvres chorales incluent&nbsp;: 2005&nbsp;: Bach Messe en si mineur2006&nbsp;: Mozart Messe en do mineur2007&nbsp;: Requiem de Durufl\u00e9, Haendel Zadok le pr\u00eatre &amp; Dexit Dominus2008&nbsp;: Messe du Couronnement etamp; Haydn Te Deum, Stravinky Pater Noster2009&nbsp;: [&hellip;]<\/p>\n","protected":false},"author":4,"featured_media":15247,"parent":14832,"menu_order":0,"comment_status":"closed","ping_status":"closed","template":"","meta":{"_acf_changed":false,"_monsterinsights_skip_tracking":false,"_monsterinsights_sitenote_active":false,"_monsterinsights_sitenote_note":"","_monsterinsights_sitenote_category":0,"_uf_show_specific_survey":0,"_uf_disable_surveys":false,"advanced_seo_description":"","jetpack_seo_html_title":"","jetpack_seo_noindex":false,"footnotes":""},"class_list":["post-14826","page","type-page","status-publish","has-post-thumbnail","hentry"],"acf":[],"jetpack_sharing_enabled":true,"jetpack-related-posts":[{"id":36220,"url":"https:\/\/www.musique-cordiale.com\/fr\/programme-box-office-summer-2022\/","url_meta":{"origin":14826,"position":0},"title":"Programmes 2023 &#8211; 2025","author":"Jonathan Barker","date":"13\/05\/2022","format":false,"excerpt":"The Programme for the 2025 International Festival (29 July - 10 August 2025)will be published in the Springand the BOX OFFICE OPENS at EASTER (21 APRIL 2025) For more information about Musique Cordiale, see our Home pagePour plus d'informations sur Musique Cordiale, consultez notre page d'accueil ICI en fran\u00e7ais *********************************\u2026","rel":"","context":"Article similaire","block_context":{"text":"Article similaire","link":""},"img":{"alt_text":"","src":"https:\/\/i0.wp.com\/www.musique-cordiale.com\/wp-content\/uploads\/2022\/06\/MC-concert-2022-06-04.jpeg?fit=1200%2C554&ssl=1&resize=350%2C200","width":350,"height":200,"srcset":"https:\/\/i0.wp.com\/www.musique-cordiale.com\/wp-content\/uploads\/2022\/06\/MC-concert-2022-06-04.jpeg?fit=1200%2C554&ssl=1&resize=350%2C200 1x, https:\/\/i0.wp.com\/www.musique-cordiale.com\/wp-content\/uploads\/2022\/06\/MC-concert-2022-06-04.jpeg?fit=1200%2C554&ssl=1&resize=525%2C300 1.5x, https:\/\/i0.wp.com\/www.musique-cordiale.com\/wp-content\/uploads\/2022\/06\/MC-concert-2022-06-04.jpeg?fit=1200%2C554&ssl=1&resize=700%2C400 2x, https:\/\/i0.wp.com\/www.musique-cordiale.com\/wp-content\/uploads\/2022\/06\/MC-concert-2022-06-04.jpeg?fit=1200%2C554&ssl=1&resize=1050%2C600 3x"},"classes":[]},{"id":37830,"url":"https:\/\/www.musique-cordiale.com\/fr\/programme-billets\/","url_meta":{"origin":14826,"position":1},"title":"BOX OFFICE: Programme et Billetterie en ligne","author":"Jonathan Barker","date":"24\/01\/2023","format":false,"excerpt":"Le programme pour le festival d'\u00e9t\u00e9 2026 et les nouvelles modalit\u00e9s de billetterieseront annonc\u00e9s apr\u00e8s P\u00e2ques. 22me FESTIVAL de MUSIQUE dans le beau Pays de Fayence, France: Concerts \u00e0 l'heure du d\u00e9jeuner et en soir\u00e9e du 29 juillet au 8 ao\u00fbt 2026 - et cliquez ici pour voir les d\u00e9tails\u2026","rel":"","context":"Article similaire","block_context":{"text":"Article similaire","link":""},"img":{"alt_text":"","src":"https:\/\/i0.wp.com\/www.musique-cordiale.com\/wp-content\/uploads\/2023\/01\/49516009783_28e26a00da_o-scaled.jpg?fit=1200%2C900&ssl=1&resize=350%2C200","width":350,"height":200,"srcset":"https:\/\/i0.wp.com\/www.musique-cordiale.com\/wp-content\/uploads\/2023\/01\/49516009783_28e26a00da_o-scaled.jpg?fit=1200%2C900&ssl=1&resize=350%2C200 1x, https:\/\/i0.wp.com\/www.musique-cordiale.com\/wp-content\/uploads\/2023\/01\/49516009783_28e26a00da_o-scaled.jpg?fit=1200%2C900&ssl=1&resize=525%2C300 1.5x, https:\/\/i0.wp.com\/www.musique-cordiale.com\/wp-content\/uploads\/2023\/01\/49516009783_28e26a00da_o-scaled.jpg?fit=1200%2C900&ssl=1&resize=700%2C400 2x, https:\/\/i0.wp.com\/www.musique-cordiale.com\/wp-content\/uploads\/2023\/01\/49516009783_28e26a00da_o-scaled.jpg?fit=1200%2C900&ssl=1&resize=1050%2C600 3x"},"classes":[]},{"id":32567,"url":"https:\/\/www.musique-cordiale.com\/fr\/programme-festival-2020-ici-bientot\/","url_meta":{"origin":14826,"position":2},"title":"PROGRAMME du Festival 2025","author":"Jonathan Barker","date":"10\/02\/2020","format":false,"excerpt":"Festival International:\u00a0\u00a0Concerts et \u00e9v\u00e9nements 29 juillet - 9 aout 2025, Pays de Fayence, France Veuillez revenir ici pour plus d'informations! OU? Seillans et Pays de Fayence, Provence: performances musicales magiques dans de belles villes perch\u00e9es parmi les collines entre Grasse et Draguignan derri\u00e8re la M\u00e9diterran\u00e9e dans le sud-est de la\u2026","rel":"","context":"Article similaire","block_context":{"text":"Article similaire","link":""},"img":{"alt_text":"","src":"https:\/\/i0.wp.com\/www.musique-cordiale.com\/wp-content\/uploads\/2020\/02\/49516009783_28e26a00da_o-scaled.jpg?fit=1200%2C900&ssl=1&resize=350%2C200","width":350,"height":200,"srcset":"https:\/\/i0.wp.com\/www.musique-cordiale.com\/wp-content\/uploads\/2020\/02\/49516009783_28e26a00da_o-scaled.jpg?fit=1200%2C900&ssl=1&resize=350%2C200 1x, https:\/\/i0.wp.com\/www.musique-cordiale.com\/wp-content\/uploads\/2020\/02\/49516009783_28e26a00da_o-scaled.jpg?fit=1200%2C900&ssl=1&resize=525%2C300 1.5x, https:\/\/i0.wp.com\/www.musique-cordiale.com\/wp-content\/uploads\/2020\/02\/49516009783_28e26a00da_o-scaled.jpg?fit=1200%2C900&ssl=1&resize=700%2C400 2x, https:\/\/i0.wp.com\/www.musique-cordiale.com\/wp-content\/uploads\/2020\/02\/49516009783_28e26a00da_o-scaled.jpg?fit=1200%2C900&ssl=1&resize=1050%2C600 3x"},"classes":[]},{"id":40598,"url":"https:\/\/www.musique-cordiale.com\/fr\/concerts-2023\/","url_meta":{"origin":14826,"position":3},"title":"Concerts d&rsquo;\u00e9t\u00e9 2023","author":"Jonathan Barker","date":"08\/06\/2023","format":false,"excerpt":"BILLETS ET HEURES DE D\u00c9PART Tickets are required for entry to Evening concertsVous aurez besoin d'un billet pour les concerts du soirLes billets sont en vente en ligne (\u00e0 l'avance) jusqu'\u00e0 15h le jour du concert- puis une billetterie locale ouvre \u00e0 la porte 60 min avant le concertHeures de\u2026","rel":"","context":"Article similaire","block_context":{"text":"Article similaire","link":""},"img":{"alt_text":"","src":"https:\/\/i0.wp.com\/www.musique-cordiale.com\/wp-content\/uploads\/2023\/06\/Affiche-juin-2023-Musique-Cordiale-copyright.jpg?fit=846%2C1200&ssl=1&resize=350%2C200","width":350,"height":200,"srcset":"https:\/\/i0.wp.com\/www.musique-cordiale.com\/wp-content\/uploads\/2023\/06\/Affiche-juin-2023-Musique-Cordiale-copyright.jpg?fit=846%2C1200&ssl=1&resize=350%2C200 1x, https:\/\/i0.wp.com\/www.musique-cordiale.com\/wp-content\/uploads\/2023\/06\/Affiche-juin-2023-Musique-Cordiale-copyright.jpg?fit=846%2C1200&ssl=1&resize=525%2C300 1.5x, https:\/\/i0.wp.com\/www.musique-cordiale.com\/wp-content\/uploads\/2023\/06\/Affiche-juin-2023-Musique-Cordiale-copyright.jpg?fit=846%2C1200&ssl=1&resize=700%2C400 2x"},"classes":[]},{"id":40541,"url":"https:\/\/www.musique-cordiale.com\/concerts-2023\/","url_meta":{"origin":14826,"position":4},"title":"Summer Concerts 2023","author":"Jonathan Barker","date":"08\/06\/2023","format":false,"excerpt":"TICKETS & START TIMES Tickets are required for entry to Evening concertsVous aurez besoin d'un billet pour les concerts du soir.Tickets are for sale on line (in advance) until 15h on the day of the concert- and then a local box office opens at the door 60 mins before the\u2026","rel":"","context":"Article similaire","block_context":{"text":"Article similaire","link":""},"img":{"alt_text":"","src":"https:\/\/i0.wp.com\/www.musique-cordiale.com\/wp-content\/uploads\/2023\/06\/Affiche-juin-2023-Musique-Cordiale-copyright.jpg?fit=846%2C1200&ssl=1&resize=350%2C200","width":350,"height":200,"srcset":"https:\/\/i0.wp.com\/www.musique-cordiale.com\/wp-content\/uploads\/2023\/06\/Affiche-juin-2023-Musique-Cordiale-copyright.jpg?fit=846%2C1200&ssl=1&resize=350%2C200 1x, https:\/\/i0.wp.com\/www.musique-cordiale.com\/wp-content\/uploads\/2023\/06\/Affiche-juin-2023-Musique-Cordiale-copyright.jpg?fit=846%2C1200&ssl=1&resize=525%2C300 1.5x, https:\/\/i0.wp.com\/www.musique-cordiale.com\/wp-content\/uploads\/2023\/06\/Affiche-juin-2023-Musique-Cordiale-copyright.jpg?fit=846%2C1200&ssl=1&resize=700%2C400 2x"},"classes":[]},{"id":37026,"url":"https:\/\/www.musique-cordiale.com\/programme-tickets\/","url_meta":{"origin":14826,"position":5},"title":"Programme &amp; Tickets: BOX OFFICE","author":"Jonathan Barker","date":"08\/07\/2022","format":false,"excerpt":"2026 Programme & new Ticket arrangements to be announced after Easter Come back soon for the22nd Musique-Cordiale International Festival in the beautiful Pays de Fayence, France: Lunchtime and evening concerts: 29 July to August 8, 2026- and click here NOW for details of our exceptional launch event:book early to join\u2026","rel":"","context":"Article similaire","block_context":{"text":"Article similaire","link":""},"img":{"alt_text":"","src":"https:\/\/i0.wp.com\/www.musique-cordiale.com\/wp-content\/uploads\/2023\/01\/49516009783_28e26a00da_o-1-scaled.jpg?fit=1200%2C900&ssl=1&resize=350%2C200","width":350,"height":200,"srcset":"https:\/\/i0.wp.com\/www.musique-cordiale.com\/wp-content\/uploads\/2023\/01\/49516009783_28e26a00da_o-1-scaled.jpg?fit=1200%2C900&ssl=1&resize=350%2C200 1x, https:\/\/i0.wp.com\/www.musique-cordiale.com\/wp-content\/uploads\/2023\/01\/49516009783_28e26a00da_o-1-scaled.jpg?fit=1200%2C900&ssl=1&resize=525%2C300 1.5x, https:\/\/i0.wp.com\/www.musique-cordiale.com\/wp-content\/uploads\/2023\/01\/49516009783_28e26a00da_o-1-scaled.jpg?fit=1200%2C900&ssl=1&resize=700%2C400 2x, https:\/\/i0.wp.com\/www.musique-cordiale.com\/wp-content\/uploads\/2023\/01\/49516009783_28e26a00da_o-1-scaled.jpg?fit=1200%2C900&ssl=1&resize=1050%2C600 3x"},"classes":[]}],"jetpack_shortlink":"https:\/\/wp.me\/PaEPkm-3R8","_links":{"self":[{"href":"https:\/\/www.musique-cordiale.com\/fr\/wp-json\/wp\/v2\/pages\/14826","targetHints":{"allow":["GET"]}}],"collection":[{"href":"https:\/\/www.musique-cordiale.com\/fr\/wp-json\/wp\/v2\/pages"}],"about":[{"href":"https:\/\/www.musique-cordiale.com\/fr\/wp-json\/wp\/v2\/types\/page"}],"author":[{"embeddable":true,"href":"https:\/\/www.musique-cordiale.com\/fr\/wp-json\/wp\/v2\/users\/4"}],"replies":[{"embeddable":true,"href":"https:\/\/www.musique-cordiale.com\/fr\/wp-json\/wp\/v2\/comments?post=14826"}],"version-history":[{"count":1,"href":"https:\/\/www.musique-cordiale.com\/fr\/wp-json\/wp\/v2\/pages\/14826\/revisions"}],"predecessor-version":[{"id":49119,"href":"https:\/\/www.musique-cordiale.com\/fr\/wp-json\/wp\/v2\/pages\/14826\/revisions\/49119"}],"up":[{"embeddable":true,"href":"https:\/\/www.musique-cordiale.com\/fr\/wp-json\/wp\/v2\/pages\/14832"}],"wp:featuredmedia":[{"embeddable":true,"href":"https:\/\/www.musique-cordiale.com\/fr\/wp-json\/wp\/v2\/media\/15247"}],"wp:attachment":[{"href":"https:\/\/www.musique-cordiale.com\/fr\/wp-json\/wp\/v2\/media?parent=14826"}],"curies":[{"name":"wp","href":"https:\/\/api.w.org\/{rel}","templated":true}]}}