{"id":14853,"date":"2014-10-03T11:12:03","date_gmt":"2014-10-03T11:12:03","guid":{"rendered":"http:\/\/dev3.musique-cordiale.com\/benevolat\/"},"modified":"2018-03-19T13:03:22","modified_gmt":"2018-03-19T13:03:22","slug":"benevolat","status":"publish","type":"page","link":"https:\/\/www.musique-cordiale.com\/fr\/soutenez-nous\/benevolat\/","title":{"rendered":"B\u00e9n\u00e9volat"},"content":{"rendered":"<p>Rejoignez l&rsquo;\u00e9quipe du Festival!<br \/>\n<a href=\"https:\/\/i0.wp.com\/www.musique-cordiale.com\/wp-content\/uploads\/2012\/03\/IMG_7637-e1453240055878.jpg?ssl=1\"><img data-recalc-dims=\"1\" loading=\"lazy\" decoding=\"async\" class=\"wp-image-935 alignright\" src=\"https:\/\/i0.wp.com\/www.musique-cordiale.com\/wp-content\/uploads\/2012\/03\/IMG_7637-e1453240055878-482x350.jpg?resize=413%2C300&#038;ssl=1\" alt=\"Festival team\" width=\"413\" height=\"300\" srcset=\"https:\/\/i0.wp.com\/www.musique-cordiale.com\/wp-content\/uploads\/2012\/03\/IMG_7637-e1453240055878.jpg?resize=482%2C350&amp;ssl=1 482w, https:\/\/i0.wp.com\/www.musique-cordiale.com\/wp-content\/uploads\/2012\/03\/IMG_7637-e1453240055878.jpg?resize=750%2C545&amp;ssl=1 750w, https:\/\/i0.wp.com\/www.musique-cordiale.com\/wp-content\/uploads\/2012\/03\/IMG_7637-e1453240055878.jpg?resize=300%2C218&amp;ssl=1 300w, https:\/\/i0.wp.com\/www.musique-cordiale.com\/wp-content\/uploads\/2012\/03\/IMG_7637-e1453240055878.jpg?resize=768%2C558&amp;ssl=1 768w, https:\/\/i0.wp.com\/www.musique-cordiale.com\/wp-content\/uploads\/2012\/03\/IMG_7637-e1453240055878.jpg?resize=600%2C436&amp;ssl=1 600w, https:\/\/i0.wp.com\/www.musique-cordiale.com\/wp-content\/uploads\/2012\/03\/IMG_7637-e1453240055878.jpg?resize=685%2C497&amp;ssl=1 685w, https:\/\/i0.wp.com\/www.musique-cordiale.com\/wp-content\/uploads\/2012\/03\/IMG_7637-e1453240055878.jpg?resize=1024%2C743&amp;ssl=1 1024w, https:\/\/i0.wp.com\/www.musique-cordiale.com\/wp-content\/uploads\/2012\/03\/IMG_7637-e1453240055878.jpg?w=1325&amp;ssl=1 1325w\" sizes=\"auto, (max-width: 413px) 100vw, 413px\" \/><\/a><br \/>\nB\u00e9n\u00e9voles sont notre gestion et notre vision &#8211; nos yeux et oreilles et bras et jambes &#8211; sans qui on ne pourrait pas fonctionner! Etre b\u00e9n\u00e9vole est une mani\u00e8re fantastique d&rsquo;acqu\u00e9rir de l&rsquo;exp\u00e9rience des coulisses d&rsquo;un festival de musique, de contribuer \u00e0 sa r\u00e9ussite, de rencontrer des personnes du monde entier et d&rsquo;assister \u00e0 un large \u00e9ventail d&rsquo;\u00e9v\u00e9nements.<\/p>\n<p>Nous sommes actuellement \u00e0 la recherche de b\u00e9n\u00e9voles pour nous donner un coup de main avant et pendant le Festival cet \u00e9t\u00e9. Il y a de nombreux r\u00f4les et fa\u00e7ons pour les personnes de tout \u00e2ge et connaissance d&rsquo;y participer.<\/p>\n<p>Peut-\u00eatre habitez-vous d\u00e9j\u00e0 dans la r\u00e9gion ou vous venez de l&rsquo;\u00e9tranger et vous tenez \u00e0 passer deux semaines dans le sud de la France!<\/p>\n<p><span class=\"home-page-small\">Les t\u00e2ches des b\u00e9n\u00e9voles comprennent&#8230;<\/span><\/p>\n<ul>\n<li>Aider avec la billetterie<\/li>\n<li>Soutenir avec la r\u00e9gie dont monter et d\u00e9monter un lieu de concert<\/li>\n<li>Aider \u00e0 monter du mat\u00e9riel de sonorisation et d&rsquo;\u00e9clairage<\/li>\n<li>Distribuer des affiches et des flyers<\/li>\n<li>Servir \u00e0 boire aux \u00e9v\u00e9nements<\/li>\n<li>Venir chercher des musiciens \u00e0 l&rsquo;a\u00e9roport ou \u00e0 la gare<\/li>\n<li>Pr\u00e9parer des partitions pour l&rsquo;orchestre<\/li>\n<li>Etre placeur aux concerts<\/li>\n<\/ul>\n<p><strong>Tent\u00e9 de participer? S&rsquo;il vous pla\u00eet, \u00e9crivez-nous par e-mail: <a href=\"mailto:in**@**************le.com\" data-original-string=\"o83VuLkDeJT7Gztp1kWjLg==b08qCdMENv28UUMt13RuVVJ6LZ\/aOq24JlpfLEiVo9jr1c=\" title=\"This contact has been encoded by Anti-Spam by CleanTalk. Click to decode. To finish the decoding make sure that JavaScript is enabled in your browser.\">nous contactez!<\/a><\/strong><\/p>\n<p><a href=\"https:\/\/i0.wp.com\/www.musique-cordiale.com\/wp-content\/uploads\/2014\/10\/20160805_094222_resized_1-1.jpg?ssl=1\"><img data-recalc-dims=\"1\" loading=\"lazy\" decoding=\"async\" class=\"aligncenter size-large wp-image-14032\" src=\"https:\/\/i0.wp.com\/www.musique-cordiale.com\/wp-content\/uploads\/2014\/10\/20160805_094222_resized_1-1.jpg?resize=533%2C350&#038;ssl=1\" alt=\"20160805_094222_resized_1-1\" width=\"533\" height=\"350\" srcset=\"https:\/\/i0.wp.com\/www.musique-cordiale.com\/wp-content\/uploads\/2014\/10\/20160805_094222_resized_1-1-scaled.jpg?resize=533%2C350&amp;ssl=1 533w, https:\/\/i0.wp.com\/www.musique-cordiale.com\/wp-content\/uploads\/2014\/10\/20160805_094222_resized_1-1-scaled.jpg?resize=750%2C492&amp;ssl=1 750w, https:\/\/i0.wp.com\/www.musique-cordiale.com\/wp-content\/uploads\/2014\/10\/20160805_094222_resized_1-1-scaled.jpg?resize=300%2C197&amp;ssl=1 300w, https:\/\/i0.wp.com\/www.musique-cordiale.com\/wp-content\/uploads\/2014\/10\/20160805_094222_resized_1-1-scaled.jpg?resize=768%2C504&amp;ssl=1 768w, https:\/\/i0.wp.com\/www.musique-cordiale.com\/wp-content\/uploads\/2014\/10\/20160805_094222_resized_1-1-scaled.jpg?resize=600%2C394&amp;ssl=1 600w, https:\/\/i0.wp.com\/www.musique-cordiale.com\/wp-content\/uploads\/2014\/10\/20160805_094222_resized_1-1-scaled.jpg?resize=685%2C450&amp;ssl=1 685w, https:\/\/i0.wp.com\/www.musique-cordiale.com\/wp-content\/uploads\/2014\/10\/20160805_094222_resized_1-1-scaled.jpg?resize=1024%2C673&amp;ssl=1 1024w, https:\/\/i0.wp.com\/www.musique-cordiale.com\/wp-content\/uploads\/2014\/10\/20160805_094222_resized_1-1-scaled.jpg?w=1280&amp;ssl=1 1280w, https:\/\/i0.wp.com\/www.musique-cordiale.com\/wp-content\/uploads\/2014\/10\/20160805_094222_resized_1-1-scaled.jpg?w=1920&amp;ssl=1 1920w\" sizes=\"auto, (max-width: 533px) 100vw, 533px\" \/><\/a><\/p>\n","protected":false},"excerpt":{"rendered":"<p>Rejoignez l&rsquo;\u00e9quipe du Festival! B\u00e9n\u00e9voles sont notre gestion et notre vision &#8211; nos yeux et oreilles et bras et jambes &#8211; sans qui on ne pourrait pas fonctionner! Etre b\u00e9n\u00e9vole est une mani\u00e8re fantastique d&rsquo;acqu\u00e9rir de l&rsquo;exp\u00e9rience des coulisses d&rsquo;un festival de musique, de contribuer \u00e0 sa r\u00e9ussite, de rencontrer des personnes du monde entier [&hellip;]<\/p>\n","protected":false},"author":3,"featured_media":15835,"parent":14836,"menu_order":0,"comment_status":"closed","ping_status":"open","template":"page-templates\/full-width.php","meta":{"_acf_changed":false,"_monsterinsights_skip_tracking":false,"_monsterinsights_sitenote_active":false,"_monsterinsights_sitenote_note":"","_monsterinsights_sitenote_category":0,"_uf_show_specific_survey":0,"_uf_disable_surveys":false,"advanced_seo_description":"","jetpack_seo_html_title":"","jetpack_seo_noindex":false,"footnotes":""},"class_list":["post-14853","page","type-page","status-publish","has-post-thumbnail","hentry"],"acf":[],"jetpack_sharing_enabled":true,"jetpack-related-posts":[{"id":14857,"url":"https:\/\/www.musique-cordiale.com\/fr\/participation-conditions-generales\/","url_meta":{"origin":14853,"position":0},"title":"Participation: conditions g\u00e9n\u00e9rales","author":"Jonathan Barker","date":"21\/10\/2014","format":false,"excerpt":"\u2022 En vous acceptant en tant que participant au Festival International et Acad\u00e9mie Musique Cordiale, l\u2019Association Musique Cordiale, qui organise le Festival, pose certaines conditions. \u2022 En effectuant une r\u00e9servation ou en nous permettant d'organiser votre transport jusqu'au festival, votre h\u00e9bergement ou votre inclusion dans le programme, vous acceptez les\u2026","rel":"","context":"Article similaire","block_context":{"text":"Article similaire","link":""},"img":{"alt_text":"","src":"","width":0,"height":0},"classes":[]},{"id":30560,"url":"https:\/\/www.musique-cordiale.com\/fr\/rejoignez-le-choeur-du-festival-2020\/","url_meta":{"origin":14853,"position":1},"title":"Rejoignez le choeur du Festival 2020","author":"Jonathan Barker","date":"16\/12\/2019","format":false,"excerpt":"Le version fran\u00e7aise de cette page et des formulaires sont dispo nibles ici. An English version of this page can be found HERE\u00a0 INSCRIPTION EN LE CHOEUR 2023, 4-13 ao\u00fbt 2023 Pour rejoignez le Choeur du Festival en Pays de Fayence, France, \u00e9t\u00e9 2023: cliquez ICI Festival d'\u00e9t\u00e9 - Atelier\u2026","rel":"","context":"Article similaire","block_context":{"text":"Article similaire","link":""},"img":{"alt_text":"","src":"https:\/\/i0.wp.com\/www.musique-cordiale.com\/wp-content\/uploads\/2019\/12\/WhatsApp-Image-2019-12-17-at-14.34.43.jpeg?fit=1200%2C583&ssl=1&resize=350%2C200","width":350,"height":200,"srcset":"https:\/\/i0.wp.com\/www.musique-cordiale.com\/wp-content\/uploads\/2019\/12\/WhatsApp-Image-2019-12-17-at-14.34.43.jpeg?fit=1200%2C583&ssl=1&resize=350%2C200 1x, https:\/\/i0.wp.com\/www.musique-cordiale.com\/wp-content\/uploads\/2019\/12\/WhatsApp-Image-2019-12-17-at-14.34.43.jpeg?fit=1200%2C583&ssl=1&resize=525%2C300 1.5x, https:\/\/i0.wp.com\/www.musique-cordiale.com\/wp-content\/uploads\/2019\/12\/WhatsApp-Image-2019-12-17-at-14.34.43.jpeg?fit=1200%2C583&ssl=1&resize=700%2C400 2x, https:\/\/i0.wp.com\/www.musique-cordiale.com\/wp-content\/uploads\/2019\/12\/WhatsApp-Image-2019-12-17-at-14.34.43.jpeg?fit=1200%2C583&ssl=1&resize=1050%2C600 3x"},"classes":[]},{"id":37469,"url":"https:\/\/www.musique-cordiale.com\/fr\/le-choeur-du-festival-et-lacademie-choral-2023\/","url_meta":{"origin":14853,"position":2},"title":"Le choeur du Festival et L&rsquo;acad\u00e9mie choral 2023 &#8211; en France encore!","author":"Jonathan Barker","date":"27\/12\/2022","format":false,"excerpt":"Il y aura une nouvelle sous-page sous l'onglet CHOEUR \u00e0 partir de 13 juin 2023 avec les derni\u00e8res informations sur le choeur, y compris les horaires d\u00e9taill\u00e9s et toutes les mises \u00e0 jour ou changements quotidiens avant et pendant le festival lui-m\u00eame. MUSIQUE CORDIALE \u00c9T\u00c9 2023 : Ch\u0153ur du Festival\u2026","rel":"","context":"Article similaire","block_context":{"text":"Article similaire","link":""},"img":{"alt_text":"","src":"https:\/\/i0.wp.com\/www.musique-cordiale.com\/wp-content\/uploads\/2021\/01\/20190814_100257-scaled.jpg?fit=1200%2C583&ssl=1&resize=350%2C200","width":350,"height":200,"srcset":"https:\/\/i0.wp.com\/www.musique-cordiale.com\/wp-content\/uploads\/2021\/01\/20190814_100257-scaled.jpg?fit=1200%2C583&ssl=1&resize=350%2C200 1x, https:\/\/i0.wp.com\/www.musique-cordiale.com\/wp-content\/uploads\/2021\/01\/20190814_100257-scaled.jpg?fit=1200%2C583&ssl=1&resize=525%2C300 1.5x, https:\/\/i0.wp.com\/www.musique-cordiale.com\/wp-content\/uploads\/2021\/01\/20190814_100257-scaled.jpg?fit=1200%2C583&ssl=1&resize=700%2C400 2x, https:\/\/i0.wp.com\/www.musique-cordiale.com\/wp-content\/uploads\/2021\/01\/20190814_100257-scaled.jpg?fit=1200%2C583&ssl=1&resize=1050%2C600 3x"},"classes":[]},{"id":14836,"url":"https:\/\/www.musique-cordiale.com\/fr\/soutenez-nous\/","url_meta":{"origin":14853,"position":3},"title":"Soutenez-nous!","author":"Pippa","date":"28\/01\/2013","format":false,"excerpt":"Pensez \u00e0 devenir membre, Ami du Festival (voir ci-dessous) ou \u00e0 parrainer un \u00e9v\u00e9nement ou un musicien \u2013 ou encore \u00e0 faire un don \u00e0 Musique Cordiale ! Nous acceptons les dons de n\u2019importe quel montant \u00e0 tout moment. Le plus simple \u00e0 faire si vous vous sentez G\u00c9N\u00c9REUX &\u2026","rel":"","context":"Article similaire","block_context":{"text":"Article similaire","link":""},"img":{"alt_text":"","src":"https:\/\/i0.wp.com\/www.musique-cordiale.com\/wp-content\/uploads\/2013\/01\/MC-DVDs-CDs-a-vendre.jpg?fit=972%2C1200&ssl=1&resize=350%2C200","width":350,"height":200,"srcset":"https:\/\/i0.wp.com\/www.musique-cordiale.com\/wp-content\/uploads\/2013\/01\/MC-DVDs-CDs-a-vendre.jpg?fit=972%2C1200&ssl=1&resize=350%2C200 1x, https:\/\/i0.wp.com\/www.musique-cordiale.com\/wp-content\/uploads\/2013\/01\/MC-DVDs-CDs-a-vendre.jpg?fit=972%2C1200&ssl=1&resize=525%2C300 1.5x, https:\/\/i0.wp.com\/www.musique-cordiale.com\/wp-content\/uploads\/2013\/01\/MC-DVDs-CDs-a-vendre.jpg?fit=972%2C1200&ssl=1&resize=700%2C400 2x"},"classes":[]},{"id":44264,"url":"https:\/\/www.musique-cordiale.com\/fr\/rejoignez-le-choeur-du-festival-ete-2024\/","url_meta":{"origin":14853,"position":4},"title":"Rejoignez le ch\u0153ur du festival, \u00e9t\u00e9 2026","author":"Jonathan Barker","date":"26\/12\/2023","format":false,"excerpt":"22e \u00e9dition annuelle du Festival International MUSIQUE CORDIALE Les informations concernant le choeur du festival 2026seront bient\u00f4t disponibles\u00a0ici!Dates du festival international : du 29 juillet au 8 ao\u00fbt 2025 (Dates du ch\u0153ur 2026 : du 2 au 9 ao\u00fbt) ORGANISATION DU FESTIVAL AU PAYS DE FAYENCE CET \u00c9T\u00c9.du 29 juillet\u2026","rel":"","context":"Article similaire","block_context":{"text":"Article similaire","link":""},"img":{"alt_text":"","src":"https:\/\/i0.wp.com\/www.musique-cordiale.com\/wp-content\/uploads\/2023\/08\/Musique-Cordiale-Seillans-120823-38-scaled.jpg?fit=1200%2C624&ssl=1&resize=350%2C200","width":350,"height":200,"srcset":"https:\/\/i0.wp.com\/www.musique-cordiale.com\/wp-content\/uploads\/2023\/08\/Musique-Cordiale-Seillans-120823-38-scaled.jpg?fit=1200%2C624&ssl=1&resize=350%2C200 1x, https:\/\/i0.wp.com\/www.musique-cordiale.com\/wp-content\/uploads\/2023\/08\/Musique-Cordiale-Seillans-120823-38-scaled.jpg?fit=1200%2C624&ssl=1&resize=525%2C300 1.5x, https:\/\/i0.wp.com\/www.musique-cordiale.com\/wp-content\/uploads\/2023\/08\/Musique-Cordiale-Seillans-120823-38-scaled.jpg?fit=1200%2C624&ssl=1&resize=700%2C400 2x, https:\/\/i0.wp.com\/www.musique-cordiale.com\/wp-content\/uploads\/2023\/08\/Musique-Cordiale-Seillans-120823-38-scaled.jpg?fit=1200%2C624&ssl=1&resize=1050%2C600 3x"},"classes":[]},{"id":45397,"url":"https:\/\/www.musique-cordiale.com\/fr\/mises-a-jour-pour-le-choeur-dete-2024\/","url_meta":{"origin":14853,"position":5},"title":"MISES \u00c0 JOUR pour le choeur d&rsquo;\u00e9t\u00e9","author":"Jonathan Barker","date":"28\/04\/2024","format":false,"excerpt":"INFORMATIONS pour le choeur avant, pendant et APR\u00c8S le festivalPLUS \u00e0 venir bient\u00f4t\u2026.. (et veuillez v\u00e9rifier ici souvent pour les mises \u00e0 jour) ** NOUVEAUX ARTICLES CI-DESSOUS concernant le code vestimentaire, horaires, votre h\u00e9bergement et vos repas y compris l'EAU, LES D\u00ceNERS, LES HORAIRES ET LE VIN. C'est ici que\u2026","rel":"","context":"Article similaire","block_context":{"text":"Article similaire","link":""},"img":{"alt_text":"","src":"","width":0,"height":0},"classes":[]}],"jetpack_shortlink":"https:\/\/wp.me\/PaEPkm-3Rz","_links":{"self":[{"href":"https:\/\/www.musique-cordiale.com\/fr\/wp-json\/wp\/v2\/pages\/14853","targetHints":{"allow":["GET"]}}],"collection":[{"href":"https:\/\/www.musique-cordiale.com\/fr\/wp-json\/wp\/v2\/pages"}],"about":[{"href":"https:\/\/www.musique-cordiale.com\/fr\/wp-json\/wp\/v2\/types\/page"}],"author":[{"embeddable":true,"href":"https:\/\/www.musique-cordiale.com\/fr\/wp-json\/wp\/v2\/users\/3"}],"replies":[{"embeddable":true,"href":"https:\/\/www.musique-cordiale.com\/fr\/wp-json\/wp\/v2\/comments?post=14853"}],"version-history":[{"count":0,"href":"https:\/\/www.musique-cordiale.com\/fr\/wp-json\/wp\/v2\/pages\/14853\/revisions"}],"up":[{"embeddable":true,"href":"https:\/\/www.musique-cordiale.com\/fr\/wp-json\/wp\/v2\/pages\/14836"}],"wp:featuredmedia":[{"embeddable":true,"href":"https:\/\/www.musique-cordiale.com\/fr\/wp-json\/wp\/v2\/media\/15835"}],"wp:attachment":[{"href":"https:\/\/www.musique-cordiale.com\/fr\/wp-json\/wp\/v2\/media?parent=14853"}],"curies":[{"name":"wp","href":"https:\/\/api.w.org\/{rel}","templated":true}]}}