{"id":14903,"date":"2015-09-10T10:00:12","date_gmt":"2015-09-10T10:00:12","guid":{"rendered":"http:\/\/dev3.musique-cordiale.com\/devenez-sponsor\/"},"modified":"2018-03-19T12:58:00","modified_gmt":"2018-03-19T12:58:00","slug":"devenez-sponsor","status":"publish","type":"page","link":"https:\/\/www.musique-cordiale.com\/fr\/soutenez-nous\/devenez-sponsor\/","title":{"rendered":"Devenez sponsor"},"content":{"rendered":"<p>Il existe beaucoup\u00a0de fa\u00e7ons dont\u00a0les entreprises, les fondations ou les individus peuvent s\u2019associer au festival,\u00a0en parrainant\u00a0un concert, un musicien ou un \u00e9tudiant de l\u2019Acad\u00e9mie\u00a0par exemple, et nous serions ravis\u00a0d\u2019en discuter avec vous.<\/p>\n<p>N&rsquo;h\u00e9sitez pas, s&rsquo;il vous pla\u00eet, \u00e0 nous contacter\u00a0<a href=\"mailto:jo******@**************le.com\" data-original-string=\"8dZXImB5oo7mlI4OBDJe9w==b08vCk8jdMVcF8AmCGHf0LZtqqXK5AzQEj5xfNt3PaSNHc=\" title=\"This contact has been encoded by Anti-Spam by CleanTalk. Click to decode. To finish the decoding make sure that JavaScript is enabled in your browser.\">notre tr\u00e9sorier<\/a>.<\/p>\n","protected":false},"excerpt":{"rendered":"<p>Il existe beaucoup\u00a0de fa\u00e7ons dont\u00a0les entreprises, les fondations ou les individus peuvent s\u2019associer au festival,\u00a0en parrainant\u00a0un concert, un musicien ou un \u00e9tudiant de l\u2019Acad\u00e9mie\u00a0par exemple, et nous serions ravis\u00a0d\u2019en discuter avec vous. N&rsquo;h\u00e9sitez pas, s&rsquo;il vous pla\u00eet, \u00e0 nous contacter\u00a0notre tr\u00e9sorier.<\/p>\n","protected":false},"author":7,"featured_media":16154,"parent":14836,"menu_order":0,"comment_status":"closed","ping_status":"closed","template":"page-templates\/full-width.php","meta":{"_acf_changed":false,"_monsterinsights_skip_tracking":false,"_monsterinsights_sitenote_active":false,"_monsterinsights_sitenote_note":"","_monsterinsights_sitenote_category":0,"_uf_show_specific_survey":0,"_uf_disable_surveys":false,"advanced_seo_description":"","jetpack_seo_html_title":"","jetpack_seo_noindex":false,"footnotes":""},"class_list":["post-14903","page","type-page","status-publish","has-post-thumbnail","hentry"],"acf":[],"jetpack_sharing_enabled":true,"jetpack-related-posts":[{"id":14857,"url":"https:\/\/www.musique-cordiale.com\/fr\/participation-conditions-generales\/","url_meta":{"origin":14903,"position":0},"title":"Participation: conditions g\u00e9n\u00e9rales","author":"Jonathan Barker","date":"21\/10\/2014","format":false,"excerpt":"\u2022 En vous acceptant en tant que participant au Festival International et Acad\u00e9mie Musique Cordiale, l\u2019Association Musique Cordiale, qui organise le Festival, pose certaines conditions. \u2022 En effectuant une r\u00e9servation ou en nous permettant d'organiser votre transport jusqu'au festival, votre h\u00e9bergement ou votre inclusion dans le programme, vous acceptez les\u2026","rel":"","context":"Article similaire","block_context":{"text":"Article similaire","link":""},"img":{"alt_text":"","src":"","width":0,"height":0},"classes":[]},{"id":14836,"url":"https:\/\/www.musique-cordiale.com\/fr\/soutenez-nous\/","url_meta":{"origin":14903,"position":1},"title":"Soutenez-nous!","author":"Pippa","date":"28\/01\/2013","format":false,"excerpt":"Pensez \u00e0 devenir membre, Ami du Festival (voir ci-dessous) ou \u00e0 parrainer un \u00e9v\u00e9nement ou un musicien \u2013 ou encore \u00e0 faire un don \u00e0 Musique Cordiale ! Nous acceptons les dons de n\u2019importe quel montant \u00e0 tout moment. Le plus simple \u00e0 faire si vous vous sentez G\u00c9N\u00c9REUX &\u2026","rel":"","context":"Article similaire","block_context":{"text":"Article similaire","link":""},"img":{"alt_text":"","src":"https:\/\/i0.wp.com\/www.musique-cordiale.com\/wp-content\/uploads\/2013\/01\/MC-DVDs-CDs-a-vendre.jpg?fit=972%2C1200&ssl=1&resize=350%2C200","width":350,"height":200,"srcset":"https:\/\/i0.wp.com\/www.musique-cordiale.com\/wp-content\/uploads\/2013\/01\/MC-DVDs-CDs-a-vendre.jpg?fit=972%2C1200&ssl=1&resize=350%2C200 1x, https:\/\/i0.wp.com\/www.musique-cordiale.com\/wp-content\/uploads\/2013\/01\/MC-DVDs-CDs-a-vendre.jpg?fit=972%2C1200&ssl=1&resize=525%2C300 1.5x, https:\/\/i0.wp.com\/www.musique-cordiale.com\/wp-content\/uploads\/2013\/01\/MC-DVDs-CDs-a-vendre.jpg?fit=972%2C1200&ssl=1&resize=700%2C400 2x"},"classes":[]},{"id":14875,"url":"https:\/\/www.musique-cordiale.com\/fr\/paiement-confirmation-de-reservation\/","url_meta":{"origin":14903,"position":2},"title":"Paiement &#8211; Confirmation de r\u00e9servation","author":"David Christie","date":"14\/03\/2015","format":false,"excerpt":"TICKETS\/BILLETS Musique Cordiale 2015 Vous recevrez une confirmation de votre commande par e-mail - merci de v\u00e9rifier dans le dossier \u00ab\u00a0courrier ind\u00e9sirable\u00a0\u00bb (ou spam) de votre bo\u00eete e-mail. Probl\u00e8mes ou questions? Veuillez contacter le tr\u00e9sorier, Musique Cordiale Information on Concerts, Venues & Booking (ENG)\u00a0 \u00a0- \u00a0 Information \u00a0Concerts, Lieux et\u2026","rel":"","context":"Article similaire","block_context":{"text":"Article similaire","link":""},"img":{"alt_text":"euro symbo;","src":"https:\/\/i0.wp.com\/www.musique-cordiale.com\/wp-content\/uploads\/2015\/04\/euro-300x286.jpg?resize=350%2C200","width":350,"height":200},"classes":[]},{"id":45397,"url":"https:\/\/www.musique-cordiale.com\/fr\/mises-a-jour-pour-le-choeur-dete-2024\/","url_meta":{"origin":14903,"position":3},"title":"MISES \u00c0 JOUR pour le choeur d&rsquo;\u00e9t\u00e9","author":"Jonathan Barker","date":"28\/04\/2024","format":false,"excerpt":"INFORMATIONS pour le choeur avant, pendant et APR\u00c8S le festivalPLUS \u00e0 venir bient\u00f4t\u2026.. (et veuillez v\u00e9rifier ici souvent pour les mises \u00e0 jour) ** NOUVEAUX ARTICLES CI-DESSOUS concernant le code vestimentaire, horaires, votre h\u00e9bergement et vos repas y compris l'EAU, LES D\u00ceNERS, LES HORAIRES ET LE VIN. C'est ici que\u2026","rel":"","context":"Article similaire","block_context":{"text":"Article similaire","link":""},"img":{"alt_text":"","src":"","width":0,"height":0},"classes":[]},{"id":44264,"url":"https:\/\/www.musique-cordiale.com\/fr\/rejoignez-le-choeur-du-festival-ete-2024\/","url_meta":{"origin":14903,"position":4},"title":"Rejoignez le ch\u0153ur du festival, \u00e9t\u00e9 2026","author":"Jonathan Barker","date":"26\/12\/2023","format":false,"excerpt":"22e \u00e9dition annuelle du Festival International MUSIQUE CORDIALE Les informations concernant le choeur du festival 2026seront bient\u00f4t disponibles\u00a0ici!Dates du festival international : du 29 juillet au 8 ao\u00fbt 2025 (Dates du ch\u0153ur 2026 : du 2 au 9 ao\u00fbt) ORGANISATION DU FESTIVAL AU PAYS DE FAYENCE CET \u00c9T\u00c9.du 29 juillet\u2026","rel":"","context":"Article similaire","block_context":{"text":"Article similaire","link":""},"img":{"alt_text":"","src":"https:\/\/i0.wp.com\/www.musique-cordiale.com\/wp-content\/uploads\/2023\/08\/Musique-Cordiale-Seillans-120823-38-scaled.jpg?fit=1200%2C624&ssl=1&resize=350%2C200","width":350,"height":200,"srcset":"https:\/\/i0.wp.com\/www.musique-cordiale.com\/wp-content\/uploads\/2023\/08\/Musique-Cordiale-Seillans-120823-38-scaled.jpg?fit=1200%2C624&ssl=1&resize=350%2C200 1x, https:\/\/i0.wp.com\/www.musique-cordiale.com\/wp-content\/uploads\/2023\/08\/Musique-Cordiale-Seillans-120823-38-scaled.jpg?fit=1200%2C624&ssl=1&resize=525%2C300 1.5x, https:\/\/i0.wp.com\/www.musique-cordiale.com\/wp-content\/uploads\/2023\/08\/Musique-Cordiale-Seillans-120823-38-scaled.jpg?fit=1200%2C624&ssl=1&resize=700%2C400 2x, https:\/\/i0.wp.com\/www.musique-cordiale.com\/wp-content\/uploads\/2023\/08\/Musique-Cordiale-Seillans-120823-38-scaled.jpg?fit=1200%2C624&ssl=1&resize=1050%2C600 3x"},"classes":[]},{"id":30560,"url":"https:\/\/www.musique-cordiale.com\/fr\/rejoignez-le-choeur-du-festival-2020\/","url_meta":{"origin":14903,"position":5},"title":"Rejoignez le choeur du Festival 2020","author":"Jonathan Barker","date":"16\/12\/2019","format":false,"excerpt":"Le version fran\u00e7aise de cette page et des formulaires sont dispo nibles ici. An English version of this page can be found HERE\u00a0 INSCRIPTION EN LE CHOEUR 2023, 4-13 ao\u00fbt 2023 Pour rejoignez le Choeur du Festival en Pays de Fayence, France, \u00e9t\u00e9 2023: cliquez ICI Festival d'\u00e9t\u00e9 - Atelier\u2026","rel":"","context":"Article similaire","block_context":{"text":"Article similaire","link":""},"img":{"alt_text":"","src":"https:\/\/i0.wp.com\/www.musique-cordiale.com\/wp-content\/uploads\/2019\/12\/WhatsApp-Image-2019-12-17-at-14.34.43.jpeg?fit=1200%2C583&ssl=1&resize=350%2C200","width":350,"height":200,"srcset":"https:\/\/i0.wp.com\/www.musique-cordiale.com\/wp-content\/uploads\/2019\/12\/WhatsApp-Image-2019-12-17-at-14.34.43.jpeg?fit=1200%2C583&ssl=1&resize=350%2C200 1x, https:\/\/i0.wp.com\/www.musique-cordiale.com\/wp-content\/uploads\/2019\/12\/WhatsApp-Image-2019-12-17-at-14.34.43.jpeg?fit=1200%2C583&ssl=1&resize=525%2C300 1.5x, https:\/\/i0.wp.com\/www.musique-cordiale.com\/wp-content\/uploads\/2019\/12\/WhatsApp-Image-2019-12-17-at-14.34.43.jpeg?fit=1200%2C583&ssl=1&resize=700%2C400 2x, https:\/\/i0.wp.com\/www.musique-cordiale.com\/wp-content\/uploads\/2019\/12\/WhatsApp-Image-2019-12-17-at-14.34.43.jpeg?fit=1200%2C583&ssl=1&resize=1050%2C600 3x"},"classes":[]}],"jetpack_shortlink":"https:\/\/wp.me\/PaEPkm-3Sn","_links":{"self":[{"href":"https:\/\/www.musique-cordiale.com\/fr\/wp-json\/wp\/v2\/pages\/14903","targetHints":{"allow":["GET"]}}],"collection":[{"href":"https:\/\/www.musique-cordiale.com\/fr\/wp-json\/wp\/v2\/pages"}],"about":[{"href":"https:\/\/www.musique-cordiale.com\/fr\/wp-json\/wp\/v2\/types\/page"}],"author":[{"embeddable":true,"href":"https:\/\/www.musique-cordiale.com\/fr\/wp-json\/wp\/v2\/users\/7"}],"replies":[{"embeddable":true,"href":"https:\/\/www.musique-cordiale.com\/fr\/wp-json\/wp\/v2\/comments?post=14903"}],"version-history":[{"count":0,"href":"https:\/\/www.musique-cordiale.com\/fr\/wp-json\/wp\/v2\/pages\/14903\/revisions"}],"up":[{"embeddable":true,"href":"https:\/\/www.musique-cordiale.com\/fr\/wp-json\/wp\/v2\/pages\/14836"}],"wp:featuredmedia":[{"embeddable":true,"href":"https:\/\/www.musique-cordiale.com\/fr\/wp-json\/wp\/v2\/media\/16154"}],"wp:attachment":[{"href":"https:\/\/www.musique-cordiale.com\/fr\/wp-json\/wp\/v2\/media?parent=14903"}],"curies":[{"name":"wp","href":"https:\/\/api.w.org\/{rel}","templated":true}]}}