{"id":15223,"date":"2017-03-12T12:03:40","date_gmt":"2017-03-12T12:03:40","guid":{"rendered":"http:\/\/dev3.musique-cordiale.com\/mon-compte\/"},"modified":"2017-03-12T12:03:40","modified_gmt":"2017-03-12T12:03:40","slug":"mon-compte","status":"publish","type":"page","link":"https:\/\/www.musique-cordiale.com\/fr\/mon-compte\/","title":{"rendered":"Mon compte"},"content":{"rendered":"<div class=\"woocommerce\"><\/div>\n","protected":false},"excerpt":{"rendered":"","protected":false},"author":4,"featured_media":0,"parent":0,"menu_order":0,"comment_status":"closed","ping_status":"open","template":"","meta":{"_acf_changed":false,"_monsterinsights_skip_tracking":false,"_monsterinsights_sitenote_active":false,"_monsterinsights_sitenote_note":"","_monsterinsights_sitenote_category":0,"_uf_show_specific_survey":0,"_uf_disable_surveys":false,"advanced_seo_description":"","jetpack_seo_html_title":"","jetpack_seo_noindex":false,"footnotes":""},"class_list":["post-15223","page","type-page","status-publish","hentry"],"acf":[],"jetpack_sharing_enabled":true,"jetpack-related-posts":[{"id":14840,"url":"https:\/\/www.musique-cordiale.com\/fr\/soutenez-nous\/assemblee-generale-rapport-annuel-et-comptes\/","url_meta":{"origin":15223,"position":0},"title":"Assembl\u00e9e g\u00e9n\u00e9rale, rapport annuel et comptes, Direction","author":"Jonathan Barker","date":"08\/09\/2013","format":false,"excerpt":"Rapports annuels et comptes 2023 - 2025 et l'avenir... Chaque ann\u00e9e, le rapport et les comptes sont mis en ligne apr\u00e8s approbation du Conseil d\u2019administration au d\u00e9but de l\u2019ann\u00e9e suivant la cl\u00f4ture des comptes. Ils sont mis \u00e0 la disposition des membres dans la perspective de l'Assembl\u00e9e g\u00e9n\u00e9rale annuelle (ouverts\u2026","rel":"","context":"Article similaire","block_context":{"text":"Article similaire","link":""},"img":{"alt_text":"","src":"","width":0,"height":0},"classes":[]},{"id":37729,"url":"https:\/\/www.musique-cordiale.com\/fr\/association-accounts-2021\/","url_meta":{"origin":15223,"position":1},"title":"association accounts 2021","author":"Jonathan Barker","date":"17\/01\/2023","format":false,"excerpt":"Please click below for the 2021 Musique-Cordiale association accounts (in French) MC Association 2021 comptes","rel":"","context":"Article similaire","block_context":{"text":"Article similaire","link":""},"img":{"alt_text":"","src":"","width":0,"height":0},"classes":[]},{"id":44398,"url":"https:\/\/www.musique-cordiale.com\/fr\/inscription-au-choeur-dy-festival-ete-2024\/","url_meta":{"origin":15223,"position":2},"title":"Inscription au Ch\u0153ur du Festival &#8211; \u00e9t\u00e9 2024","author":"Jonathan Barker","date":"30\/12\/2023","format":false,"excerpt":"CLIQUEZ ICI pour revenir \u00e0 la page d'information : Rejoignez le ch\u0153ur du festival, \u00e9t\u00e9 2024 CLIQUEZ ICI pour revenir \u00e0 la page d'information : Rejoignez le ch\u0153ur du festival, \u00e9t\u00e9 2024 Avez-vous rempli le formulaire d'inscription ci-dessus\u00a0?D\u00e9sormais, en fonction de l'action de suivi que vous avez choisie, vous pouvez\u00a0:\u2026","rel":"","context":"Article similaire","block_context":{"text":"Article similaire","link":""},"img":{"alt_text":"","src":"","width":0,"height":0},"classes":[]},{"id":51008,"url":"https:\/\/www.musique-cordiale.com\/fr\/conseil-dadministation-board-of-management\/","url_meta":{"origin":15223,"position":3},"title":"Conseil d&rsquo;Administation &#8211; Board of Management","author":"Jonathan Barker","date":"24\/02\/2026","format":false,"excerpt":"L'association Musique-Cordiale 2026 Notice of virtual meeting on Zoom: 16 March 2026 (Time to be announced)Avis de r\u00e9union virtuelle sur Zoom\u00a0: 16 mars 2026 (L\u2019heure sera communiqu\u00e9e ult\u00e9rieurement) In English here below (version fran\u00e7aise ci-dessus) Bonjour \u00e0 tous ! Avant de quitter mes fonctions en vue du festival de 2026,\u2026","rel":"","context":"Article similaire","block_context":{"text":"Article similaire","link":""},"img":{"alt_text":"","src":"","width":0,"height":0},"classes":[]},{"id":16291,"url":"https:\/\/www.musique-cordiale.com\/fr\/soutenez-nous\/adherents-amis-mecenes\/","url_meta":{"origin":15223,"position":4},"title":"Adh\u00e9rents, Amis &#038; M\u00e9c\u00e8nes","author":"Lyndsey","date":"11\/04\/2017","format":false,"excerpt":"Pr\u00e9visions pour le Festival 2026: il fera CHAUD avec de bonnes ventes de billets\u2026 concerts merveilleux mais manque probable - et une chance de faire des dons? Devenez membre, ami ou donateur en 2025-26 Faire un don \u00e0 Musique Cordiale en Euros:\u00a0Donate - Faire un DON: choisissez n'importe quel montantMERCI\u2026","rel":"","context":"Article similaire","block_context":{"text":"Article similaire","link":""},"img":{"alt_text":"","src":"https:\/\/i0.wp.com\/www.musique-cordiale.com\/wp-content\/uploads\/2019\/09\/musique-cordiale-website-banner-no-year-MC-ribbon.jpg?resize=350%2C200&ssl=1","width":350,"height":200},"classes":[]},{"id":37943,"url":"https:\/\/www.musique-cordiale.com\/fr\/payer-musique-cordiale\/","url_meta":{"origin":15223,"position":5},"title":"PAYER nous","author":"Jonathan Barker","date":"26\/01\/2023","format":false,"excerpt":"COMMENT PAYER MUSIQUE-CORDIALE Veuillez payer de l'une des mani\u00e8res suivantes. (Nous pr\u00e9f\u00e9rons les paiements bancaires en ligne\/ virements directement sur notre compte si possible).Si vous r\u00e9servez des billets sur notre site, les prix sont indiqu\u00e9s en \u20ac Euros ou \u00e9quivalent \u00a3 GBP livres, selon l'endroit o\u00f9 vous vous trouvez. Musique-Cordiale\u2026","rel":"","context":"Article similaire","block_context":{"text":"Article similaire","link":""},"img":{"alt_text":"","src":"https:\/\/i0.wp.com\/www.musique-cordiale.com\/wp-content\/uploads\/2023\/03\/cropped-MCLogoR-square-300x300-5.jpg?fit=300%2C300&ssl=1&resize=350%2C200","width":350,"height":200},"classes":[]}],"jetpack_shortlink":"https:\/\/wp.me\/PaEPkm-3Xx","_links":{"self":[{"href":"https:\/\/www.musique-cordiale.com\/fr\/wp-json\/wp\/v2\/pages\/15223","targetHints":{"allow":["GET"]}}],"collection":[{"href":"https:\/\/www.musique-cordiale.com\/fr\/wp-json\/wp\/v2\/pages"}],"about":[{"href":"https:\/\/www.musique-cordiale.com\/fr\/wp-json\/wp\/v2\/types\/page"}],"author":[{"embeddable":true,"href":"https:\/\/www.musique-cordiale.com\/fr\/wp-json\/wp\/v2\/users\/4"}],"replies":[{"embeddable":true,"href":"https:\/\/www.musique-cordiale.com\/fr\/wp-json\/wp\/v2\/comments?post=15223"}],"version-history":[{"count":0,"href":"https:\/\/www.musique-cordiale.com\/fr\/wp-json\/wp\/v2\/pages\/15223\/revisions"}],"wp:attachment":[{"href":"https:\/\/www.musique-cordiale.com\/fr\/wp-json\/wp\/v2\/media?parent=15223"}],"curies":[{"name":"wp","href":"https:\/\/api.w.org\/{rel}","templated":true}]}}