{"id":22526,"date":"2018-10-11T14:38:22","date_gmt":"2018-10-11T14:38:22","guid":{"rendered":"https:\/\/www.musique-cordiale.com\/products\/"},"modified":"2018-10-11T14:38:22","modified_gmt":"2018-10-11T14:38:22","slug":"products","status":"publish","type":"page","link":"https:\/\/www.musique-cordiale.com\/fr\/products\/","title":{"rendered":"Products"},"content":{"rendered":"<p>[asp_show_all_products]<\/p>\n","protected":false},"excerpt":{"rendered":"<p>[asp_show_all_products]<\/p>\n","protected":false},"author":3,"featured_media":0,"parent":0,"menu_order":0,"comment_status":"closed","ping_status":"closed","template":"","meta":{"_acf_changed":false,"_monsterinsights_skip_tracking":false,"_monsterinsights_sitenote_active":false,"_monsterinsights_sitenote_note":"","_monsterinsights_sitenote_category":0,"_uf_show_specific_survey":0,"_uf_disable_surveys":false,"advanced_seo_description":"","jetpack_seo_html_title":"","jetpack_seo_noindex":false,"footnotes":""},"class_list":["post-22526","page","type-page","status-publish","hentry"],"acf":[],"jetpack_sharing_enabled":true,"jetpack-related-posts":[{"id":46050,"url":"https:\/\/www.musique-cordiale.com\/fr\/festival-musique-cordiale-2024\/","url_meta":{"origin":22526,"position":0},"title":"Festival Musique-Cordiale 2024","author":"Jonathan Barker","date":"28\/06\/2024","format":false,"excerpt":"PROGRAMME & BILLETSFestival International Musique Cordiale 2024Pays de Fayence, Var, France 30 Juillet \u2013 10 ao\u00fbt 2024 Box Office\/Billetterie: https:\/\/www.musique-cordiale.com\/fr\/programme-billets\/ BOX OFFICE (English): www.musique-cordiale.comBILLETTERIE (Fran\u00e7ais): https:\/\/www.musique-cordiale.com\/frou, pour plus de d\u00e9tails, veuillez vous rendre \u00e0 la BILLETTERIE \u2013 ou vous pouvez acheter des billets directement sur cette page Mardi30 juillet19h CONCERT\u2026","rel":"","context":"Article similaire","block_context":{"text":"Article similaire","link":""},"img":{"alt_text":"","src":"https:\/\/i0.wp.com\/www.musique-cordiale.com\/wp-content\/uploads\/2024\/06\/Musique-Cordiale-_-festival-BOX-OFFICE-2024-e1719576083700.png?resize=350%2C200&ssl=1","width":350,"height":200,"srcset":"https:\/\/i0.wp.com\/www.musique-cordiale.com\/wp-content\/uploads\/2024\/06\/Musique-Cordiale-_-festival-BOX-OFFICE-2024-e1719576083700.png?resize=350%2C200&ssl=1 1x, https:\/\/i0.wp.com\/www.musique-cordiale.com\/wp-content\/uploads\/2024\/06\/Musique-Cordiale-_-festival-BOX-OFFICE-2024-e1719576083700.png?resize=525%2C300&ssl=1 1.5x, https:\/\/i0.wp.com\/www.musique-cordiale.com\/wp-content\/uploads\/2024\/06\/Musique-Cordiale-_-festival-BOX-OFFICE-2024-e1719576083700.png?resize=700%2C400&ssl=1 2x, https:\/\/i0.wp.com\/www.musique-cordiale.com\/wp-content\/uploads\/2024\/06\/Musique-Cordiale-_-festival-BOX-OFFICE-2024-e1719576083700.png?resize=1050%2C600&ssl=1 3x, https:\/\/i0.wp.com\/www.musique-cordiale.com\/wp-content\/uploads\/2024\/06\/Musique-Cordiale-_-festival-BOX-OFFICE-2024-e1719576083700.png?resize=1400%2C800&ssl=1 4x"},"classes":[]},{"id":4292,"url":"https:\/\/www.musique-cordiale.com\/terms-conditions-participation\/","url_meta":{"origin":22526,"position":1},"title":"Participation: terms &#038; conditions","author":"Jonathan Barker","date":"21\/10\/2014","format":false,"excerpt":"We try to organise the Festival & Academy so that they are rewarding and meet everyone\u2019s expectations. In this spirit, please raise any issues or questions with us directly so that we can try to sort things out together. However, just for clarity, the following are our standard terms and\u2026","rel":"","context":"Article similaire","block_context":{"text":"Article similaire","link":""},"img":{"alt_text":"","src":"","width":0,"height":0},"classes":[]},{"id":14900,"url":"https:\/\/www.musique-cordiale.com\/fr\/biographies-des-artistes\/","url_meta":{"origin":22526,"position":2},"title":"Biographies des artistes","author":"Hannah Stodart","date":"10\/07\/2015","format":false,"excerpt":"[efscolumn lg=\"9\" md=\"9\" smoff=\"0\" mdoff=\"0\" lgoff=\"0\" ] Mark Austin Mark est le fondateur et Directeur artistique du Faust Ensemble, un orchestre de chambre compos\u00e9 de jeunes professionnels de l\u2019\u00e9lite. Parmi ses engagements r\u00e9cents figurent ses d\u00e9buts en tant que jeune chef associ\u00e9 aupr\u00e8s de l\u2019orchestre de St John\u2019s, des r\u00e9citals\u2026","rel":"","context":"Article similaire","block_context":{"text":"Article similaire","link":""},"img":{"alt_text":"Mark Austin","src":"https:\/\/i0.wp.com\/www.musique-cordiale.com\/wp-content\/uploads\/2014\/06\/Mark-colour-181x300.jpg?resize=350%2C200","width":350,"height":200},"classes":[]}],"jetpack_shortlink":"https:\/\/wp.me\/PaEPkm-5Rk","_links":{"self":[{"href":"https:\/\/www.musique-cordiale.com\/fr\/wp-json\/wp\/v2\/pages\/22526","targetHints":{"allow":["GET"]}}],"collection":[{"href":"https:\/\/www.musique-cordiale.com\/fr\/wp-json\/wp\/v2\/pages"}],"about":[{"href":"https:\/\/www.musique-cordiale.com\/fr\/wp-json\/wp\/v2\/types\/page"}],"author":[{"embeddable":true,"href":"https:\/\/www.musique-cordiale.com\/fr\/wp-json\/wp\/v2\/users\/3"}],"replies":[{"embeddable":true,"href":"https:\/\/www.musique-cordiale.com\/fr\/wp-json\/wp\/v2\/comments?post=22526"}],"version-history":[{"count":0,"href":"https:\/\/www.musique-cordiale.com\/fr\/wp-json\/wp\/v2\/pages\/22526\/revisions"}],"wp:attachment":[{"href":"https:\/\/www.musique-cordiale.com\/fr\/wp-json\/wp\/v2\/media?parent=22526"}],"curies":[{"name":"wp","href":"https:\/\/api.w.org\/{rel}","templated":true}]}}