{"id":32567,"date":"2020-02-10T16:35:52","date_gmt":"2020-02-10T16:35:52","guid":{"rendered":"https:\/\/www.musique-cordiale.com\/?page_id=32567"},"modified":"2025-03-11T12:51:13","modified_gmt":"2025-03-11T12:51:13","slug":"programme-festival-2020-ici-bientot","status":"publish","type":"page","link":"https:\/\/www.musique-cordiale.com\/fr\/programme-festival-2020-ici-bientot\/","title":{"rendered":"PROGRAMME du Festival 2025"},"content":{"rendered":"<p><strong><span style=\"color: #800000;\">Festival International:\u00a0<\/span>\u00a0<span style=\"color: #0000ff;\">Concerts et \u00e9v\u00e9nements 29 juillet &#8211; 9 aout 2025, Pays de Fayence, France<\/span><\/strong><br \/>\n<strong><img data-recalc-dims=\"1\" loading=\"lazy\" decoding=\"async\" data-attachment-id=\"32551\" data-permalink=\"https:\/\/www.musique-cordiale.com\/fr\/programme-festival-2020-ici-bientot\/49516009783_28e26a00da_o-2\/\" data-orig-file=\"https:\/\/i0.wp.com\/www.musique-cordiale.com\/wp-content\/uploads\/2020\/02\/49516009783_28e26a00da_o-scaled.jpg?fit=2560%2C1920&amp;ssl=1\" data-orig-size=\"2560,1920\" data-comments-opened=\"0\" data-image-meta=\"{&quot;aperture&quot;:&quot;0&quot;,&quot;credit&quot;:&quot;&quot;,&quot;camera&quot;:&quot;&quot;,&quot;caption&quot;:&quot;&quot;,&quot;created_timestamp&quot;:&quot;0&quot;,&quot;copyright&quot;:&quot;&quot;,&quot;focal_length&quot;:&quot;0&quot;,&quot;iso&quot;:&quot;0&quot;,&quot;shutter_speed&quot;:&quot;0&quot;,&quot;title&quot;:&quot;&quot;,&quot;orientation&quot;:&quot;0&quot;}\" data-image-title=\"49516009783_28e26a00da_o\" data-image-description=\"\" data-image-caption=\"\" data-large-file=\"https:\/\/i0.wp.com\/www.musique-cordiale.com\/wp-content\/uploads\/2020\/02\/49516009783_28e26a00da_o-scaled.jpg?fit=466%2C350&amp;ssl=1\" class=\"alignright size-full wp-image-32551\" src=\"https:\/\/i0.wp.com\/www.musique-cordiale.com\/wp-content\/uploads\/2020\/02\/49516009783_28e26a00da_o-scaled.jpg?resize=640%2C480&#038;ssl=1\" alt=\"\" width=\"640\" height=\"480\" srcset=\"https:\/\/i0.wp.com\/www.musique-cordiale.com\/wp-content\/uploads\/2020\/02\/49516009783_28e26a00da_o-scaled.jpg?w=2560&amp;ssl=1 2560w, https:\/\/i0.wp.com\/www.musique-cordiale.com\/wp-content\/uploads\/2020\/02\/49516009783_28e26a00da_o-scaled.jpg?resize=750%2C563&amp;ssl=1 750w, https:\/\/i0.wp.com\/www.musique-cordiale.com\/wp-content\/uploads\/2020\/02\/49516009783_28e26a00da_o-scaled.jpg?resize=768%2C576&amp;ssl=1 768w, https:\/\/i0.wp.com\/www.musique-cordiale.com\/wp-content\/uploads\/2020\/02\/49516009783_28e26a00da_o-scaled.jpg?resize=1536%2C1152&amp;ssl=1 1536w, https:\/\/i0.wp.com\/www.musique-cordiale.com\/wp-content\/uploads\/2020\/02\/49516009783_28e26a00da_o-scaled.jpg?resize=2048%2C1536&amp;ssl=1 2048w, https:\/\/i0.wp.com\/www.musique-cordiale.com\/wp-content\/uploads\/2020\/02\/49516009783_28e26a00da_o-scaled.jpg?resize=600%2C450&amp;ssl=1 600w, https:\/\/i0.wp.com\/www.musique-cordiale.com\/wp-content\/uploads\/2020\/02\/49516009783_28e26a00da_o-scaled.jpg?resize=300%2C225&amp;ssl=1 300w, https:\/\/i0.wp.com\/www.musique-cordiale.com\/wp-content\/uploads\/2020\/02\/49516009783_28e26a00da_o-scaled.jpg?resize=466%2C350&amp;ssl=1 466w, https:\/\/i0.wp.com\/www.musique-cordiale.com\/wp-content\/uploads\/2020\/02\/49516009783_28e26a00da_o-scaled.jpg?w=1280&amp;ssl=1 1280w, https:\/\/i0.wp.com\/www.musique-cordiale.com\/wp-content\/uploads\/2020\/02\/49516009783_28e26a00da_o-scaled.jpg?w=1920&amp;ssl=1 1920w\" sizes=\"auto, (max-width: 640px) 100vw, 640px\" \/><\/strong><\/p>\n<p>Veuillez revenir ici pour plus d&rsquo;informations!<\/p>\n<p><strong>OU?<\/strong> Seillans et Pays de Fayence, Provence: performances musicales magiques dans de belles <em>villes perch\u00e9es<\/em> parmi les collines entre Grasse et Draguignan derri\u00e8re la M\u00e9diterran\u00e9e dans le sud-est de la France.<\/p>\n<p>Nous invitons des chanteurs bons et\/ou exp\u00e9riment\u00e9s &#8211;\u00a0de toute l&rsquo;Europe et au-del\u00e0 &#8211; \u00e0 <strong>rejoindre le Choeur du Festival 2025<\/strong> : <strong><a href=\"https:\/\/www.musique-cordiale.com\/fr\/rejoignez-le-choeur-du-festival-ete-2024\/\" target=\"_blank\" rel=\"noopener\">\u00a0Inscrivez-vous au choeur 2025.<\/a><\/strong><\/p>\n<ul>\n<li>Details de solistes et de musiciens sur le programme. Fabuleux r\u00e9pertoire de concerts 2025: chorale, orchestrale, musique de chambre, r\u00e9citals, oratorio,\u00a0 jazz et bien plus encore! \u00c9v\u00e9nements \u00e0 midi et en soir\u00e9e.<\/li>\n<\/ul>\n<h4><a href=\"https:\/\/www.musique-cordiale.com\/fr\/\">Programme Provisoire 2025<\/a> : GARDEZ LES DATES !<\/h4>\n<ul>\n<li><strong>Lancement du Festival : 19h le 29 juillet 2025<\/strong><br \/>\nSoir\u00e9e musicale et \u00e9v\u00e9nement caritatif pour lancer le Festival et r\u00e9colter les fonds essentiels<\/li>\n<li>Il y aura au total <strong>11 concerts ou \u00e9v\u00e9nements en soir\u00e9e <\/strong><em>(dur\u00e9e normalement environ 90 minutes avec un intervalle pendant lequel nous servons du vin ros\u00e9)<\/em>.<\/li>\n<li>Le concert de cl\u00f4ture aura lieu \u00e0 Seillans le 9 ao\u00fbt<\/li>\n<li>Les concerts du midi <em>(duration vers une heure: ceux-ci d\u00e9buteront le 30 juillet et le dernier aura lieu le 8 ao\u00fbt)<\/em> resteront gratuits.<\/li>\n<li><a href=\"https:\/\/www.musique-cordiale.com\/fr\/programme-billets\/\" target=\"_blank\" rel=\"noopener\">LA BILLETTERIE EN LIGNE<\/a> n&rsquo;est pas ouverte. Elle ouvrira \u00e0 P\u00e2ques 2025<\/li>\n<\/ul>\n<p>Veuillez revenir ici pour les d\u00e9tails et les mises \u00e0 jour du programme et veuillez vous abonner aux mises \u00e0 jour par e-mail\u00a0: voir contactez-nous <a href=\"https:\/\/www.musique-cordiale.com\/fr\/nous-contacter\/\" target=\"_blank\" rel=\"noopener\">ICI<\/a><\/p>\n","protected":false},"excerpt":{"rendered":"<p>Festival International:\u00a0\u00a0Concerts et \u00e9v\u00e9nements 29 juillet &#8211; 9 aout 2025, Pays de Fayence, France Veuillez revenir ici pour plus d&rsquo;informations! OU? Seillans et Pays de Fayence, Provence: performances musicales magiques dans de belles villes perch\u00e9es parmi les collines entre Grasse et Draguignan derri\u00e8re la M\u00e9diterran\u00e9e dans le sud-est de la France. Nous invitons des chanteurs [&hellip;]<\/p>\n","protected":false},"author":3,"featured_media":32551,"parent":0,"menu_order":0,"comment_status":"closed","ping_status":"closed","template":"","meta":{"_acf_changed":false,"_monsterinsights_skip_tracking":false,"_monsterinsights_sitenote_active":false,"_monsterinsights_sitenote_note":"","_monsterinsights_sitenote_category":0,"_uf_show_specific_survey":0,"_uf_disable_surveys":false,"advanced_seo_description":"","jetpack_seo_html_title":"","jetpack_seo_noindex":false,"footnotes":""},"class_list":["post-32567","page","type-page","status-publish","has-post-thumbnail","hentry"],"acf":[],"jetpack_sharing_enabled":true,"jetpack-related-posts":[{"id":44264,"url":"https:\/\/www.musique-cordiale.com\/fr\/rejoignez-le-choeur-du-festival-ete-2024\/","url_meta":{"origin":32567,"position":0},"title":"Rejoignez le ch\u0153ur du festival, \u00e9t\u00e9 2026","author":"Jonathan Barker","date":"26\/12\/2023","format":false,"excerpt":"22e \u00e9dition annuelle du Festival International MUSIQUE CORDIALE Les informations concernant le choeur du festival 2026seront bient\u00f4t disponibles\u00a0ici!Dates du festival international : du 29 juillet au 8 ao\u00fbt 2025 (Dates du ch\u0153ur 2026 : du 2 au 9 ao\u00fbt) ORGANISATION DU FESTIVAL AU PAYS DE FAYENCE CET \u00c9T\u00c9.du 29 juillet\u2026","rel":"","context":"Article similaire","block_context":{"text":"Article similaire","link":""},"img":{"alt_text":"","src":"https:\/\/i0.wp.com\/www.musique-cordiale.com\/wp-content\/uploads\/2023\/08\/Musique-Cordiale-Seillans-120823-38-scaled.jpg?fit=1200%2C624&ssl=1&resize=350%2C200","width":350,"height":200,"srcset":"https:\/\/i0.wp.com\/www.musique-cordiale.com\/wp-content\/uploads\/2023\/08\/Musique-Cordiale-Seillans-120823-38-scaled.jpg?fit=1200%2C624&ssl=1&resize=350%2C200 1x, https:\/\/i0.wp.com\/www.musique-cordiale.com\/wp-content\/uploads\/2023\/08\/Musique-Cordiale-Seillans-120823-38-scaled.jpg?fit=1200%2C624&ssl=1&resize=525%2C300 1.5x, https:\/\/i0.wp.com\/www.musique-cordiale.com\/wp-content\/uploads\/2023\/08\/Musique-Cordiale-Seillans-120823-38-scaled.jpg?fit=1200%2C624&ssl=1&resize=700%2C400 2x, https:\/\/i0.wp.com\/www.musique-cordiale.com\/wp-content\/uploads\/2023\/08\/Musique-Cordiale-Seillans-120823-38-scaled.jpg?fit=1200%2C624&ssl=1&resize=1050%2C600 3x"},"classes":[]},{"id":36220,"url":"https:\/\/www.musique-cordiale.com\/fr\/programme-box-office-summer-2022\/","url_meta":{"origin":32567,"position":1},"title":"Programmes 2023 &#8211; 2025","author":"Jonathan Barker","date":"13\/05\/2022","format":false,"excerpt":"The Programme for the 2025 International Festival (29 July - 10 August 2025)will be published in the Springand the BOX OFFICE OPENS at EASTER (21 APRIL 2025) For more information about Musique Cordiale, see our Home pagePour plus d'informations sur Musique Cordiale, consultez notre page d'accueil ICI en fran\u00e7ais *********************************\u2026","rel":"","context":"Article similaire","block_context":{"text":"Article similaire","link":""},"img":{"alt_text":"","src":"https:\/\/i0.wp.com\/www.musique-cordiale.com\/wp-content\/uploads\/2022\/06\/MC-concert-2022-06-04.jpeg?fit=1200%2C554&ssl=1&resize=350%2C200","width":350,"height":200,"srcset":"https:\/\/i0.wp.com\/www.musique-cordiale.com\/wp-content\/uploads\/2022\/06\/MC-concert-2022-06-04.jpeg?fit=1200%2C554&ssl=1&resize=350%2C200 1x, https:\/\/i0.wp.com\/www.musique-cordiale.com\/wp-content\/uploads\/2022\/06\/MC-concert-2022-06-04.jpeg?fit=1200%2C554&ssl=1&resize=525%2C300 1.5x, https:\/\/i0.wp.com\/www.musique-cordiale.com\/wp-content\/uploads\/2022\/06\/MC-concert-2022-06-04.jpeg?fit=1200%2C554&ssl=1&resize=700%2C400 2x, https:\/\/i0.wp.com\/www.musique-cordiale.com\/wp-content\/uploads\/2022\/06\/MC-concert-2022-06-04.jpeg?fit=1200%2C554&ssl=1&resize=1050%2C600 3x"},"classes":[]},{"id":14832,"url":"https:\/\/www.musique-cordiale.com\/fr\/a-propos\/","url_meta":{"origin":32567,"position":2},"title":"A propos","author":"Webmaster","date":"15\/01\/2013","format":false,"excerpt":"Le Festival International et Acad\u00e9mie Musique Cordiale est: un festival unique dans le sud de la France situ\u00e9 dans des beau villages perch\u00e9s du Pays de Fayence entre Nice et Aix-en-Provence. Fond\u00e9 en 2005, 2023 verra la 19e \u00e9dition annuelle du festival international, y compris plus de 18 concerts qui\u2026","rel":"","context":"Article similaire","block_context":{"text":"Article similaire","link":""},"img":{"alt_text":"","src":"https:\/\/i0.wp.com\/www.musique-cordiale.com\/wp-content\/uploads\/2023\/06\/Sean-Law.jpeg?resize=350%2C200","width":350,"height":200,"srcset":"https:\/\/i0.wp.com\/www.musique-cordiale.com\/wp-content\/uploads\/2023\/06\/Sean-Law.jpeg?resize=350%2C200 1x, https:\/\/i0.wp.com\/www.musique-cordiale.com\/wp-content\/uploads\/2023\/06\/Sean-Law.jpeg?resize=525%2C300 1.5x, https:\/\/i0.wp.com\/www.musique-cordiale.com\/wp-content\/uploads\/2023\/06\/Sean-Law.jpeg?resize=700%2C400 2x, https:\/\/i0.wp.com\/www.musique-cordiale.com\/wp-content\/uploads\/2023\/06\/Sean-Law.jpeg?resize=1050%2C600 3x, https:\/\/i0.wp.com\/www.musique-cordiale.com\/wp-content\/uploads\/2023\/06\/Sean-Law.jpeg?resize=1400%2C800 4x"},"classes":[]},{"id":38214,"url":"https:\/\/www.musique-cordiale.com\/fr\/image-et-musique-de-festivals-recents\/","url_meta":{"origin":32567,"position":3},"title":"Images et Musique de Festivals R\u00e9cents","author":"Jonathan Barker","date":"08\/03\/2023","format":false,"excerpt":"\u00a0Retour sur les \u00e9v\u00e9nements r\u00e9cents - performant pendant la pand\u00e9mie 2022 l'ann\u00e9ee derni\u00e8re L'ann\u00e9e 18e: Musique-Cordiale dans le Kent, encore avec son choeur et son orchestre Europ\u00e9en: concerts du mini-Festival Musique-Cordiale, 29 juillet - 3 ao\u00fbt 2022 y compris le Petit Messe Solennelle de Rossini Et pour nos fid\u00e8les supporters\u2026","rel":"","context":"Article similaire","block_context":{"text":"Article similaire","link":""},"img":{"alt_text":"","src":"https:\/\/i0.wp.com\/www.musique-cordiale.com\/wp-content\/uploads\/2014\/11\/2014-08-12_2675.jpg?resize=350%2C200&ssl=1","width":350,"height":200,"srcset":"https:\/\/i0.wp.com\/www.musique-cordiale.com\/wp-content\/uploads\/2014\/11\/2014-08-12_2675.jpg?resize=350%2C200&ssl=1 1x, https:\/\/i0.wp.com\/www.musique-cordiale.com\/wp-content\/uploads\/2014\/11\/2014-08-12_2675.jpg?resize=525%2C300&ssl=1 1.5x, https:\/\/i0.wp.com\/www.musique-cordiale.com\/wp-content\/uploads\/2014\/11\/2014-08-12_2675.jpg?resize=700%2C400&ssl=1 2x"},"classes":[]},{"id":37469,"url":"https:\/\/www.musique-cordiale.com\/fr\/le-choeur-du-festival-et-lacademie-choral-2023\/","url_meta":{"origin":32567,"position":4},"title":"Le choeur du Festival et L&rsquo;acad\u00e9mie choral 2023 &#8211; en France encore!","author":"Jonathan Barker","date":"27\/12\/2022","format":false,"excerpt":"Il y aura une nouvelle sous-page sous l'onglet CHOEUR \u00e0 partir de 13 juin 2023 avec les derni\u00e8res informations sur le choeur, y compris les horaires d\u00e9taill\u00e9s et toutes les mises \u00e0 jour ou changements quotidiens avant et pendant le festival lui-m\u00eame. MUSIQUE CORDIALE \u00c9T\u00c9 2023 : Ch\u0153ur du Festival\u2026","rel":"","context":"Article similaire","block_context":{"text":"Article similaire","link":""},"img":{"alt_text":"","src":"https:\/\/i0.wp.com\/www.musique-cordiale.com\/wp-content\/uploads\/2021\/01\/20190814_100257-scaled.jpg?fit=1200%2C583&ssl=1&resize=350%2C200","width":350,"height":200,"srcset":"https:\/\/i0.wp.com\/www.musique-cordiale.com\/wp-content\/uploads\/2021\/01\/20190814_100257-scaled.jpg?fit=1200%2C583&ssl=1&resize=350%2C200 1x, https:\/\/i0.wp.com\/www.musique-cordiale.com\/wp-content\/uploads\/2021\/01\/20190814_100257-scaled.jpg?fit=1200%2C583&ssl=1&resize=525%2C300 1.5x, https:\/\/i0.wp.com\/www.musique-cordiale.com\/wp-content\/uploads\/2021\/01\/20190814_100257-scaled.jpg?fit=1200%2C583&ssl=1&resize=700%2C400 2x, https:\/\/i0.wp.com\/www.musique-cordiale.com\/wp-content\/uploads\/2021\/01\/20190814_100257-scaled.jpg?fit=1200%2C583&ssl=1&resize=1050%2C600 3x"},"classes":[]},{"id":37830,"url":"https:\/\/www.musique-cordiale.com\/fr\/programme-billets\/","url_meta":{"origin":32567,"position":5},"title":"BOX OFFICE: Programme et Billetterie en ligne","author":"Jonathan Barker","date":"24\/01\/2023","format":false,"excerpt":"Le programme pour le festival d'\u00e9t\u00e9 2026 et les nouvelles modalit\u00e9s de billetterieseront annonc\u00e9s apr\u00e8s P\u00e2ques. 22me FESTIVAL de MUSIQUE dans le beau Pays de Fayence, France: Concerts \u00e0 l'heure du d\u00e9jeuner et en soir\u00e9e du 29 juillet au 8 ao\u00fbt 2026 - et cliquez ici pour voir les d\u00e9tails\u2026","rel":"","context":"Article similaire","block_context":{"text":"Article similaire","link":""},"img":{"alt_text":"","src":"https:\/\/i0.wp.com\/www.musique-cordiale.com\/wp-content\/uploads\/2023\/01\/49516009783_28e26a00da_o-scaled.jpg?fit=1200%2C900&ssl=1&resize=350%2C200","width":350,"height":200,"srcset":"https:\/\/i0.wp.com\/www.musique-cordiale.com\/wp-content\/uploads\/2023\/01\/49516009783_28e26a00da_o-scaled.jpg?fit=1200%2C900&ssl=1&resize=350%2C200 1x, https:\/\/i0.wp.com\/www.musique-cordiale.com\/wp-content\/uploads\/2023\/01\/49516009783_28e26a00da_o-scaled.jpg?fit=1200%2C900&ssl=1&resize=525%2C300 1.5x, https:\/\/i0.wp.com\/www.musique-cordiale.com\/wp-content\/uploads\/2023\/01\/49516009783_28e26a00da_o-scaled.jpg?fit=1200%2C900&ssl=1&resize=700%2C400 2x, https:\/\/i0.wp.com\/www.musique-cordiale.com\/wp-content\/uploads\/2023\/01\/49516009783_28e26a00da_o-scaled.jpg?fit=1200%2C900&ssl=1&resize=1050%2C600 3x"},"classes":[]}],"jetpack_shortlink":"https:\/\/wp.me\/PaEPkm-8th","_links":{"self":[{"href":"https:\/\/www.musique-cordiale.com\/fr\/wp-json\/wp\/v2\/pages\/32567","targetHints":{"allow":["GET"]}}],"collection":[{"href":"https:\/\/www.musique-cordiale.com\/fr\/wp-json\/wp\/v2\/pages"}],"about":[{"href":"https:\/\/www.musique-cordiale.com\/fr\/wp-json\/wp\/v2\/types\/page"}],"author":[{"embeddable":true,"href":"https:\/\/www.musique-cordiale.com\/fr\/wp-json\/wp\/v2\/users\/3"}],"replies":[{"embeddable":true,"href":"https:\/\/www.musique-cordiale.com\/fr\/wp-json\/wp\/v2\/comments?post=32567"}],"version-history":[{"count":1,"href":"https:\/\/www.musique-cordiale.com\/fr\/wp-json\/wp\/v2\/pages\/32567\/revisions"}],"predecessor-version":[{"id":48187,"href":"https:\/\/www.musique-cordiale.com\/fr\/wp-json\/wp\/v2\/pages\/32567\/revisions\/48187"}],"wp:featuredmedia":[{"embeddable":true,"href":"https:\/\/www.musique-cordiale.com\/fr\/wp-json\/wp\/v2\/media\/32551"}],"wp:attachment":[{"href":"https:\/\/www.musique-cordiale.com\/fr\/wp-json\/wp\/v2\/media?parent=32567"}],"curies":[{"name":"wp","href":"https:\/\/api.w.org\/{rel}","templated":true}]}}