{"id":36220,"date":"2022-05-13T11:31:28","date_gmt":"2022-05-13T11:31:28","guid":{"rendered":"https:\/\/www.musique-cordiale.com\/?page_id=36220"},"modified":"2025-01-05T16:28:12","modified_gmt":"2025-01-05T16:28:12","slug":"programme-box-office-summer-2022","status":"publish","type":"page","link":"https:\/\/www.musique-cordiale.com\/fr\/programme-box-office-summer-2022\/","title":{"rendered":"Programmes 2023 &#8211; 2025"},"content":{"rendered":"\n<h4 class=\"wp-block-heading has-text-align-center\">The Programme for the 2025 International Festival (29 July &#8211; 10 August 2025)<br>will be published in the Spring<br>and the <a href=\"https:\/\/www.musique-cordiale.com\/programme-tickets\/\" data-type=\"page\" data-id=\"37026\">BOX OFFICE<\/a> OPENS at EASTER (21 APRIL 2025)<\/h4>\n\n\n\n<p>For more information about Musique Cordiale, see our <em><a href=\"https:\/\/www.musique-cordiale.com\/\" data-type=\"URL\" data-id=\"https:\/\/www.musique-cordiale.com\/\">Home page<\/a><\/em><br>Pour plus d&rsquo;informations sur Musique Cordiale, consultez notre page d&rsquo;accueil <em><a href=\"https:\/\/www.musique-cordiale.com\/fr\/\" data-type=\"URL\" data-id=\"https:\/\/www.musique-cordiale.com\/fr\/\">ICI en fran\u00e7ais<\/a><\/em><\/p>\n\n\n\n<p class=\"has-text-align-center\">*********************************<\/p>\n\n\n\n<h3 class=\"wp-block-heading\">Musique Cordiale FESTIVAL &amp; CONCERTS, 2005-2024, France &amp; GB<\/h3>\n\n\n\n<div class=\"wp-block-media-text alignwide has-media-on-the-right is-stacked-on-mobile\" style=\"grid-template-columns:auto 19%\"><div class=\"wp-block-media-text__content\">\n<p class=\"has-text-align-center\">***<strong><a href=\"https:\/\/www.musique-cordiale.com\/programme-provisoire-du-festival-2024\/\">The programme for the 20th annual festival <\/a><\/strong> (past year) is available<strong> <\/strong><br><strong>but the <a href=\"https:\/\/www.musique-cordiale.com\/programme-tickets\/\" data-type=\"page\" data-id=\"37026\">BOX OFFICE<\/a> is currently closed. It took place<br>30 July &#8211; 10  August 2024 ***<br>*** <a href=\"https:\/\/www.musique-cordiale.com\/programme-provisoire-du-festival-2024\/\">Le programme du 20\u00e8me festival<\/a> annuel est disponible  et la BILLETTERIE est ferm\u00e9e<br>Cela a eu lieu de 30 juillet au 10 ao\u00fbt 2024<\/strong>***<\/p>\n<\/div><figure class=\"wp-block-media-text__media\"><img data-recalc-dims=\"1\" loading=\"lazy\" decoding=\"async\" width=\"640\" height=\"905\" src=\"https:\/\/i0.wp.com\/www.musique-cordiale.com\/wp-content\/uploads\/2024\/05\/2024-FESTIVAL-AFFICHE.jpg?resize=640%2C905&#038;ssl=1\" alt=\"\" class=\"wp-image-45470 size-full\" srcset=\"https:\/\/i0.wp.com\/www.musique-cordiale.com\/wp-content\/uploads\/2024\/05\/2024-FESTIVAL-AFFICHE.jpg?w=1240&amp;ssl=1 1240w, https:\/\/i0.wp.com\/www.musique-cordiale.com\/wp-content\/uploads\/2024\/05\/2024-FESTIVAL-AFFICHE.jpg?resize=768%2C1086&amp;ssl=1 768w, https:\/\/i0.wp.com\/www.musique-cordiale.com\/wp-content\/uploads\/2024\/05\/2024-FESTIVAL-AFFICHE.jpg?resize=1086%2C1536&amp;ssl=1 1086w, https:\/\/i0.wp.com\/www.musique-cordiale.com\/wp-content\/uploads\/2024\/05\/2024-FESTIVAL-AFFICHE.jpg?resize=750%2C1061&amp;ssl=1 750w\" sizes=\"auto, (max-width: 640px) 100vw, 640px\" \/><\/figure><\/div>\n\n\n\n<div class=\"wp-block-media-text is-stacked-on-mobile\" style=\"grid-template-columns:15% auto\"><figure class=\"wp-block-media-text__media\"><img data-recalc-dims=\"1\" loading=\"lazy\" decoding=\"async\" width=\"640\" height=\"908\" src=\"https:\/\/i0.wp.com\/www.musique-cordiale.com\/wp-content\/uploads\/2023\/08\/image.png?resize=640%2C908&#038;ssl=1\" alt=\"\" class=\"wp-image-43138 size-full\" srcset=\"https:\/\/i0.wp.com\/www.musique-cordiale.com\/wp-content\/uploads\/2023\/08\/image.png?w=903&amp;ssl=1 903w, https:\/\/i0.wp.com\/www.musique-cordiale.com\/wp-content\/uploads\/2023\/08\/image.png?resize=768%2C1089&amp;ssl=1 768w, https:\/\/i0.wp.com\/www.musique-cordiale.com\/wp-content\/uploads\/2023\/08\/image.png?resize=750%2C1064&amp;ssl=1 750w\" sizes=\"auto, (max-width: 640px) 100vw, 640px\" \/><\/figure><div class=\"wp-block-media-text__content\">\n<p>please see Summer <em><a href=\"https:\/\/www.musique-cordiale.com\/programme-tickets\/\" target=\"_blank\" rel=\"noreferrer noopener\">Festival 2023 Programme<\/a><\/em> <em>(previous year)<\/em> <br>Veuillez consuler le Programme du <strong>Festival d&rsquo;\u00e9t\u00e9 2023<\/strong> <em>(l&rsquo;ann\u00e9e pass\u00e9e)<\/em>,<br><\/p>\n<\/div><\/div>\n\n\n\n<h6 class=\"wp-block-heading has-text-align-center\">Le 19e \u00e9dition annuelle du Festival International Musique-Cordiale s&rsquo;est pass\u00e9 encore dans tous les villes perch\u00e9es du Pays de Fayence en Provence, France,  3-12 ao\u00fbt 2023<br>The 19th annual International summer festival took place this year, once again in the Pays de Fayence in the hill towns of the Var, SE France,<br>2-12 August 2023<\/h6>\n\n\n\n<hr class=\"wp-block-separator has-alpha-channel-opacity\"\/>\n\n\n\n<div class=\"wp-block-media-text alignwide is-stacked-on-mobile\" style=\"grid-template-columns:17% auto\"><figure class=\"wp-block-media-text__media\"><img data-recalc-dims=\"1\" loading=\"lazy\" decoding=\"async\" width=\"640\" height=\"905\" src=\"https:\/\/i0.wp.com\/www.musique-cordiale.com\/wp-content\/uploads\/2023\/09\/Autumn-Concerts-in-Kent-2023-poster-2.jpg?resize=640%2C905&#038;ssl=1\" alt=\"\" class=\"wp-image-43533 size-full\" srcset=\"https:\/\/i0.wp.com\/www.musique-cordiale.com\/wp-content\/uploads\/2023\/09\/Autumn-Concerts-in-Kent-2023-poster-2.jpg?w=1240&amp;ssl=1 1240w, https:\/\/i0.wp.com\/www.musique-cordiale.com\/wp-content\/uploads\/2023\/09\/Autumn-Concerts-in-Kent-2023-poster-2.jpg?resize=768%2C1086&amp;ssl=1 768w, https:\/\/i0.wp.com\/www.musique-cordiale.com\/wp-content\/uploads\/2023\/09\/Autumn-Concerts-in-Kent-2023-poster-2.jpg?resize=1086%2C1536&amp;ssl=1 1086w, https:\/\/i0.wp.com\/www.musique-cordiale.com\/wp-content\/uploads\/2023\/09\/Autumn-Concerts-in-Kent-2023-poster-2.jpg?resize=750%2C1061&amp;ssl=1 750w\" sizes=\"auto, (max-width: 640px) 100vw, 640px\" \/><\/figure><div class=\"wp-block-media-text__content\">\n<p class=\"has-text-align-center\">Other recent events include:<br><strong>Musique-Cordiale AUTUMN in KENT in 10-12 November 2023<\/strong><br>3 CONCERTS: <a href=\"https:\/\/www.musique-cordiale.com\/autumn-concerts-in-kent\/\">Autumn 2023 programme &amp; tickets<\/a><\/p>\n\n\n\n<p class=\"has-text-align-center\">D&rsquo;autres \u00e9v\u00e9nements incluent<br><strong>Musique-Cordiale AUTOMNE dans le KENT du 10 au 12 novembre 2023<\/strong>  3 CONCERTS :<br>voir ci-dessous pour le <a href=\"https:\/\/www.musique-cordiale.com\/autumn-concerts-in-kent\/\">programme et les billet. Novembre 2023<\/a><\/p>\n<\/div><\/div>\n\n\n\n<hr class=\"wp-block-separator has-alpha-channel-opacity\"\/>\n","protected":false},"excerpt":{"rendered":"<p>The Programme for the 2025 International Festival (29 July &#8211; 10 August 2025)will be published in the Springand the BOX OFFICE OPENS at EASTER (21 APRIL 2025) For more information about Musique Cordiale, see our Home pagePour plus d&rsquo;informations sur Musique Cordiale, consultez notre page d&rsquo;accueil ICI en fran\u00e7ais ********************************* Musique Cordiale FESTIVAL &amp; CONCERTS, [&hellip;]<\/p>\n","protected":false},"author":3,"featured_media":36417,"parent":0,"menu_order":0,"comment_status":"closed","ping_status":"closed","template":"","meta":{"_acf_changed":false,"_monsterinsights_skip_tracking":false,"_monsterinsights_sitenote_active":false,"_monsterinsights_sitenote_note":"","_monsterinsights_sitenote_category":0,"_uf_show_specific_survey":0,"_uf_disable_surveys":false,"advanced_seo_description":"","jetpack_seo_html_title":"","jetpack_seo_noindex":false,"footnotes":""},"class_list":["post-36220","page","type-page","status-publish","has-post-thumbnail","hentry"],"acf":[],"jetpack_sharing_enabled":true,"jetpack-related-posts":[{"id":32564,"url":"https:\/\/www.musique-cordiale.com\/programme-festival-2020-coming-soon\/","url_meta":{"origin":36220,"position":0},"title":"PROGRAMME, Festival 2025 in Provence","author":"Jonathan Barker","date":"10\/02\/2020","format":false,"excerpt":"Programme\u00a0 & ticket prices announced 29 July - 9 August 2025: International Festival programme CONCERTS & EVENTS 29 July - 9 August 2025 Pays de Fayence, Provence, France We invite good and\/or experienced singers - from all over Europe\u00a0 and beyond - to JOIN THE FESTIVAL CHOIR 2025 Festival 2025:\u2026","rel":"","context":"Article similaire","block_context":{"text":"Article similaire","link":""},"img":{"alt_text":"","src":"https:\/\/i0.wp.com\/www.musique-cordiale.com\/wp-content\/uploads\/2020\/02\/49516009783_28e26a00da_o-scaled.jpg?fit=1200%2C900&ssl=1&resize=350%2C200","width":350,"height":200,"srcset":"https:\/\/i0.wp.com\/www.musique-cordiale.com\/wp-content\/uploads\/2020\/02\/49516009783_28e26a00da_o-scaled.jpg?fit=1200%2C900&ssl=1&resize=350%2C200 1x, https:\/\/i0.wp.com\/www.musique-cordiale.com\/wp-content\/uploads\/2020\/02\/49516009783_28e26a00da_o-scaled.jpg?fit=1200%2C900&ssl=1&resize=525%2C300 1.5x, https:\/\/i0.wp.com\/www.musique-cordiale.com\/wp-content\/uploads\/2020\/02\/49516009783_28e26a00da_o-scaled.jpg?fit=1200%2C900&ssl=1&resize=700%2C400 2x, https:\/\/i0.wp.com\/www.musique-cordiale.com\/wp-content\/uploads\/2020\/02\/49516009783_28e26a00da_o-scaled.jpg?fit=1200%2C900&ssl=1&resize=1050%2C600 3x"},"classes":[]},{"id":37026,"url":"https:\/\/www.musique-cordiale.com\/programme-tickets\/","url_meta":{"origin":36220,"position":1},"title":"Programme &amp; Tickets: BOX OFFICE","author":"Jonathan Barker","date":"08\/07\/2022","format":false,"excerpt":"2026 Programme & new Ticket arrangements to be announced after Easter Come back soon for the22nd Musique-Cordiale International Festival in the beautiful Pays de Fayence, France: Lunchtime and evening concerts: 29 July to August 8, 2026- and click here NOW for details of our exceptional launch event:book early to join\u2026","rel":"","context":"Article similaire","block_context":{"text":"Article similaire","link":""},"img":{"alt_text":"","src":"https:\/\/i0.wp.com\/www.musique-cordiale.com\/wp-content\/uploads\/2023\/01\/49516009783_28e26a00da_o-1-scaled.jpg?fit=1200%2C900&ssl=1&resize=350%2C200","width":350,"height":200,"srcset":"https:\/\/i0.wp.com\/www.musique-cordiale.com\/wp-content\/uploads\/2023\/01\/49516009783_28e26a00da_o-1-scaled.jpg?fit=1200%2C900&ssl=1&resize=350%2C200 1x, https:\/\/i0.wp.com\/www.musique-cordiale.com\/wp-content\/uploads\/2023\/01\/49516009783_28e26a00da_o-1-scaled.jpg?fit=1200%2C900&ssl=1&resize=525%2C300 1.5x, https:\/\/i0.wp.com\/www.musique-cordiale.com\/wp-content\/uploads\/2023\/01\/49516009783_28e26a00da_o-1-scaled.jpg?fit=1200%2C900&ssl=1&resize=700%2C400 2x, https:\/\/i0.wp.com\/www.musique-cordiale.com\/wp-content\/uploads\/2023\/01\/49516009783_28e26a00da_o-1-scaled.jpg?fit=1200%2C900&ssl=1&resize=1050%2C600 3x"},"classes":[]},{"id":32567,"url":"https:\/\/www.musique-cordiale.com\/fr\/programme-festival-2020-ici-bientot\/","url_meta":{"origin":36220,"position":2},"title":"PROGRAMME du Festival 2025","author":"Jonathan Barker","date":"10\/02\/2020","format":false,"excerpt":"Festival International:\u00a0\u00a0Concerts et \u00e9v\u00e9nements 29 juillet - 9 aout 2025, Pays de Fayence, France Veuillez revenir ici pour plus d'informations! OU? Seillans et Pays de Fayence, Provence: performances musicales magiques dans de belles villes perch\u00e9es parmi les collines entre Grasse et Draguignan derri\u00e8re la M\u00e9diterran\u00e9e dans le sud-est de la\u2026","rel":"","context":"Article similaire","block_context":{"text":"Article similaire","link":""},"img":{"alt_text":"","src":"https:\/\/i0.wp.com\/www.musique-cordiale.com\/wp-content\/uploads\/2020\/02\/49516009783_28e26a00da_o-scaled.jpg?fit=1200%2C900&ssl=1&resize=350%2C200","width":350,"height":200,"srcset":"https:\/\/i0.wp.com\/www.musique-cordiale.com\/wp-content\/uploads\/2020\/02\/49516009783_28e26a00da_o-scaled.jpg?fit=1200%2C900&ssl=1&resize=350%2C200 1x, https:\/\/i0.wp.com\/www.musique-cordiale.com\/wp-content\/uploads\/2020\/02\/49516009783_28e26a00da_o-scaled.jpg?fit=1200%2C900&ssl=1&resize=525%2C300 1.5x, https:\/\/i0.wp.com\/www.musique-cordiale.com\/wp-content\/uploads\/2020\/02\/49516009783_28e26a00da_o-scaled.jpg?fit=1200%2C900&ssl=1&resize=700%2C400 2x, https:\/\/i0.wp.com\/www.musique-cordiale.com\/wp-content\/uploads\/2020\/02\/49516009783_28e26a00da_o-scaled.jpg?fit=1200%2C900&ssl=1&resize=1050%2C600 3x"},"classes":[]},{"id":38622,"url":"https:\/\/www.musique-cordiale.com\/about\/what-we-do\/","url_meta":{"origin":36220,"position":3},"title":"What We Do","author":"Webmaster","date":"25\/05\/2023","format":false,"excerpt":"Musique Cordiale is an annual festival bringing together world class soloists, professional and emerging instrumentalists and an enthusiastic and accomplished amateur choir to present a programme of exciting concerts in Provence, France.\u00a0(There is also an autumn series of concerts in Kent, GB, usually featuring selected highlights - and artists -\u2026","rel":"","context":"Article similaire","block_context":{"text":"Article similaire","link":""},"img":{"alt_text":"","src":"https:\/\/i0.wp.com\/www.musique-cordiale.com\/wp-content\/uploads\/2025\/05\/Seillans-through-the-eyes-of-local-artist-Tessa-Peskett-courtesy-of-the-galerie-Orange-Tree.jpg?fit=1200%2C1035&ssl=1&resize=350%2C200","width":350,"height":200,"srcset":"https:\/\/i0.wp.com\/www.musique-cordiale.com\/wp-content\/uploads\/2025\/05\/Seillans-through-the-eyes-of-local-artist-Tessa-Peskett-courtesy-of-the-galerie-Orange-Tree.jpg?fit=1200%2C1035&ssl=1&resize=350%2C200 1x, https:\/\/i0.wp.com\/www.musique-cordiale.com\/wp-content\/uploads\/2025\/05\/Seillans-through-the-eyes-of-local-artist-Tessa-Peskett-courtesy-of-the-galerie-Orange-Tree.jpg?fit=1200%2C1035&ssl=1&resize=525%2C300 1.5x, https:\/\/i0.wp.com\/www.musique-cordiale.com\/wp-content\/uploads\/2025\/05\/Seillans-through-the-eyes-of-local-artist-Tessa-Peskett-courtesy-of-the-galerie-Orange-Tree.jpg?fit=1200%2C1035&ssl=1&resize=700%2C400 2x, https:\/\/i0.wp.com\/www.musique-cordiale.com\/wp-content\/uploads\/2025\/05\/Seillans-through-the-eyes-of-local-artist-Tessa-Peskett-courtesy-of-the-galerie-Orange-Tree.jpg?fit=1200%2C1035&ssl=1&resize=1050%2C600 3x"},"classes":[]},{"id":41,"url":"https:\/\/www.musique-cordiale.com\/contact\/","url_meta":{"origin":36220,"position":4},"title":"Contact us","author":"Webmaster","date":"14\/01\/2013","format":false,"excerpt":"For UPDATES, please join our mailing list or update your contact information HERE \u00a0 NEW DIRECTION FROM1 APRIL 2026:Full details & information here soon General information & tickets:info@musique-cordiale.comFestival administration & CONTACT : (information, festival & concert organisation)info@musique-cordiale.com Pippa Pawlik, association president until 31 March 2026(artistic director emeritus & co-founder)tel: +44\u2026","rel":"","context":"Article similaire","block_context":{"text":"Article similaire","link":""},"img":{"alt_text":"","src":"https:\/\/i0.wp.com\/www.musique-cordiale.com\/wp-content\/uploads\/2014\/06\/M-C-Festival-color-logo-low-res.jpg?fit=1018%2C825&ssl=1&resize=350%2C200","width":350,"height":200,"srcset":"https:\/\/i0.wp.com\/www.musique-cordiale.com\/wp-content\/uploads\/2014\/06\/M-C-Festival-color-logo-low-res.jpg?fit=1018%2C825&ssl=1&resize=350%2C200 1x, https:\/\/i0.wp.com\/www.musique-cordiale.com\/wp-content\/uploads\/2014\/06\/M-C-Festival-color-logo-low-res.jpg?fit=1018%2C825&ssl=1&resize=525%2C300 1.5x, https:\/\/i0.wp.com\/www.musique-cordiale.com\/wp-content\/uploads\/2014\/06\/M-C-Festival-color-logo-low-res.jpg?fit=1018%2C825&ssl=1&resize=700%2C400 2x"},"classes":[]},{"id":199,"url":"https:\/\/www.musique-cordiale.com\/about\/past-festivals\/","url_meta":{"origin":36220,"position":5},"title":"Past Festivals &amp; choral works performed","author":"Webmaster","date":"05\/01\/2013","format":false,"excerpt":"Festival Programme 2023 Programme du Festival 2024 Some of the Major Choral works sung by the Musique-Cordiale Festival Choir, 2005-2024 Summer Festivals - choral works have included:2005: Bach Mass in B Minor2006: Mozart Mass in C Minor2007: Durufl\u00e9 Requiem, Handel Zadok the Priest & Dexit Dominus2008: Mozart Coronation Mass &\u2026","rel":"","context":"Article similaire","block_context":{"text":"Article similaire","link":""},"img":{"alt_text":"Musique Cordiale - Affiche - 2013 Festival","src":"https:\/\/i0.wp.com\/www.musique-cordiale.com\/wp-content\/uploads\/2013\/05\/MC2013_A4Poster2-Copy-2.jpg?fit=857%2C1200&ssl=1&resize=350%2C200","width":350,"height":200,"srcset":"https:\/\/i0.wp.com\/www.musique-cordiale.com\/wp-content\/uploads\/2013\/05\/MC2013_A4Poster2-Copy-2.jpg?fit=857%2C1200&ssl=1&resize=350%2C200 1x, https:\/\/i0.wp.com\/www.musique-cordiale.com\/wp-content\/uploads\/2013\/05\/MC2013_A4Poster2-Copy-2.jpg?fit=857%2C1200&ssl=1&resize=525%2C300 1.5x, https:\/\/i0.wp.com\/www.musique-cordiale.com\/wp-content\/uploads\/2013\/05\/MC2013_A4Poster2-Copy-2.jpg?fit=857%2C1200&ssl=1&resize=700%2C400 2x"},"classes":[]}],"jetpack_shortlink":"https:\/\/wp.me\/PaEPkm-9qc","_links":{"self":[{"href":"https:\/\/www.musique-cordiale.com\/fr\/wp-json\/wp\/v2\/pages\/36220","targetHints":{"allow":["GET"]}}],"collection":[{"href":"https:\/\/www.musique-cordiale.com\/fr\/wp-json\/wp\/v2\/pages"}],"about":[{"href":"https:\/\/www.musique-cordiale.com\/fr\/wp-json\/wp\/v2\/types\/page"}],"author":[{"embeddable":true,"href":"https:\/\/www.musique-cordiale.com\/fr\/wp-json\/wp\/v2\/users\/3"}],"replies":[{"embeddable":true,"href":"https:\/\/www.musique-cordiale.com\/fr\/wp-json\/wp\/v2\/comments?post=36220"}],"version-history":[{"count":1,"href":"https:\/\/www.musique-cordiale.com\/fr\/wp-json\/wp\/v2\/pages\/36220\/revisions"}],"predecessor-version":[{"id":47655,"href":"https:\/\/www.musique-cordiale.com\/fr\/wp-json\/wp\/v2\/pages\/36220\/revisions\/47655"}],"wp:featuredmedia":[{"embeddable":true,"href":"https:\/\/www.musique-cordiale.com\/fr\/wp-json\/wp\/v2\/media\/36417"}],"wp:attachment":[{"href":"https:\/\/www.musique-cordiale.com\/fr\/wp-json\/wp\/v2\/media?parent=36220"}],"curies":[{"name":"wp","href":"https:\/\/api.w.org\/{rel}","templated":true}]}}