{"id":37648,"date":"2023-01-02T12:56:27","date_gmt":"2023-01-02T12:56:27","guid":{"rendered":"https:\/\/www.musique-cordiale.com\/?page_id=37648"},"modified":"2023-02-27T13:02:26","modified_gmt":"2023-02-27T13:02:26","slug":"formulaire-dinscription-pour-le-choeur-musique-cordiale-dete-2023","status":"publish","type":"page","link":"https:\/\/www.musique-cordiale.com\/fr\/formulaire-dinscription-pour-le-choeur-musique-cordiale-dete-2023\/","title":{"rendered":"Formulaire d&rsquo;inscription pour le CHOEUR Musique-Cordiale d&rsquo;\u00e9t\u00e9 2023"},"content":{"rendered":"<h3 class=\"box1\" style=\"text-align: center;\"><span style=\"color: #0000ff;\"><strong>Inscrivez-vous d\u00e8s maintenant pour le Ch\u0153ur du Festival 2023<br \/>\n<\/strong><\/span>Inscriptions \u00e0 partir du 1er janvier (ouvert jusqu\u2019\u00e0 d\u00e9but mars ou jusqu\u2019\u00e0 \u00e9puisement des places pour toutes les voix). Le meilleur h\u00e9bergement passe en premier, alors r\u00e9servez t\u00f4t !<br \/>\n<strong><span style=\"color: #ff0000;\">FERMETURE BIENT\u00d4T !<\/span><\/strong><\/h3>\n<p><strong>Formulaire d&rsquo;inscription pour le Ch\u0153ur d&rsquo;\u00e9t\u00e9 2023 &#8211; VERSION FRAN\u00c7AISE<\/strong><\/p>\n<p>Veuillez remplir la version FRAN\u00c7AISE du formulaire d&rsquo;inscription pour le ch\u0153ur d&rsquo;\u00e9t\u00e9 2023 &#8211; et, lorsque vous avez appuy\u00e9 sur SOUMETTRE, veuillez ATTENDRE LA CONFIRMATION sur cette page qu&rsquo;il a \u00e9t\u00e9 soumis avec succ\u00e8s\u00a0:<br \/>\n(OU \u00a0<i class=\"fi-arrow-left\"><!-- icon --><\/i>\u00a0 Cliquez <a href=\"https:\/\/www.musique-cordiale.com\/fr\/le-choeur-du-festival-et-lacademie-choral-2023\/\" target=\"_blank\" rel=\"noopener\">ICI pour revenir \u00e0 la page d&rsquo;information du Ch\u0153ur d&rsquo;\u00e9t\u00e9 2023 &#8211; en fran\u00e7ais<\/a>)<\/p>\n<h6><i class=\"fi-credit-card\"><!-- icon --><\/i>\u00a0Pour PAYER Musique-Cordiale, voir info et bouton de paiement par carte sous le formulaire d&rsquo;inscription sur cette page. (Vous pouvez le faire \u00e0 tout moment apr\u00e8s votre inscription). Nous pr\u00e9f\u00e9rons les virements bancaires en ligne, si possible\u00a0<i class=\"fi-credit-card\"><!-- icon --><\/i>\u00a0.<\/h6>\n<div id=\"colorbox\"><\/div>\n<p>(OU \u00a0<i class=\"fi-arrow-left\"><!-- icon --><\/i>\u00a0 Cliquez <a href=\"https:\/\/www.musique-cordiale.com\/fr\/le-choeur-du-festival-et-lacademie-choral-2023\/\" target=\"_blank\" rel=\"noopener\">ICI pour revenir \u00e0 la page d&rsquo;information du Ch\u0153ur d&rsquo;\u00e9t\u00e9 2023 &#8211; en fran\u00e7ais<\/a>)<\/p>\n<p>&nbsp;<\/p>\n<div class=\"box1\">\n<h4><strong>COMMENT PAYER MUSIQUE-CORDIALE<\/strong><\/h4>\n<h6>Si vous avez rempli et soumis avec succ\u00e8s le formulaire d&rsquo;inscription au choeur mais que vous n&rsquo;avez pas pay\u00e9, vous pouvez payer votre acompte maintenant par carte (ou si quelque chose n&rsquo;a pas fonctionn\u00e9), nous avons toujours vos informations de r\u00e9servation\/inscription. <strong>Dans tous les cas, nous allons vous envoyer une FACTURE sous peu. C&rsquo;est plus facile si vous ne payez pas avant d&rsquo;avoir re\u00e7u ceci !<\/strong> Veuillez ensuite payer de l&rsquo;une des mani\u00e8res suivantes. (Nous pr\u00e9f\u00e9rons les paiements bancaires en ligne directement sur notre compte si possible).<\/h6>\n<ul>\n<li><strong><a href=\"https:\/\/www.musique-cordiale.com\/fr\/payer-musique-cordiale\/\">Comment payer? Options et details par carte, virement SEPA, ou pr\u00e9levement<\/a><\/strong><\/li>\n<\/ul>\n<h6>Veuillez <strong><a href=\"mailto:jo******@**************le.com\" data-original-string=\"sVBt5xLAuRp63n1J1LJESQ==b08kYQvF8RRAknIpoCeAf5nr2vX8LEzyamq\/aFWDfpMelI=\" title=\"This contact has been encoded by Anti-Spam by CleanTalk. Click to decode. To finish the decoding make sure that JavaScript is enabled in your browser.\" target=\"_blank\" rel=\"noopener\">nous contacter<\/a><\/strong> pour toute question ou probl\u00e8me ou si vous souhaitez discuter de votre facture, de tout montant ou cr\u00e9dit d\u00fb ou si vous pr\u00e9f\u00e9rez traiter les questions par e-mail ou par t\u00e9l\u00e9phone.<\/h6>\n<\/div>\n<h4 style=\"text-align: center;\"><span class=\"home-page-medium\">Confidentialit\u00e9<\/span><\/h4>\n<h6 style=\"text-align: center;\"><em><span class=\"home-page-small\">Musique Cordiale respecte votre confidentialit\u00e9 et prot\u00e8ge vos informations personnelles. Nous ne conservons jamais les d\u00e9tails de vos cartes bancaires de d\u00e9bit ou de cr\u00e9dit apr\u00e8s avoir re\u00e7u les paiements de nos membres, donateurs, clients ou sympathisants. Nous ne vendons pas votre nom, votre adresse e-mail, votre adresse ou vos coordonn\u00e9es t\u00e9l\u00e9phoniques. Seule Musique Cordiale a acc\u00e8s \u00e0 ces informations pour communiquer avec vous et nous ne les partageons qu&rsquo;avec nos agents et uniquement dans le but de contacter nos supporters, clients, donateurs, personnel ou fournisseurs en notre\u00a0nom. Nous essayons d&rsquo;\u00eatre conformes au GDPR de l&rsquo;UE et nous conservons les donn\u00e9es uniquement \u00e0 des fins de conformit\u00e9 ou pour maintenir nos listes actuelles et nos communications avec les membres, chanteurs, joueurs, supporters et amp; Amis. Nous ne conservons aucune information sur les visiteurs de notre site Web.<\/span><\/em><\/h6>\n<h6 style=\"text-align: center;\"><span style=\"font-size: 1rem;\"><strong>Merci pour votre soutien<\/strong>.<\/span><\/h6>\n","protected":false},"excerpt":{"rendered":"<p>Inscrivez-vous d\u00e8s maintenant pour le Ch\u0153ur du Festival 2023 Inscriptions \u00e0 partir du 1er janvier (ouvert jusqu\u2019\u00e0 d\u00e9but mars ou jusqu\u2019\u00e0 \u00e9puisement des places pour toutes les voix). Le meilleur h\u00e9bergement passe en premier, alors r\u00e9servez t\u00f4t ! FERMETURE BIENT\u00d4T ! Formulaire d&rsquo;inscription pour le Ch\u0153ur d&rsquo;\u00e9t\u00e9 2023 &#8211; VERSION FRAN\u00c7AISE Veuillez remplir la version [&hellip;]<\/p>\n","protected":false},"author":3,"featured_media":0,"parent":0,"menu_order":0,"comment_status":"closed","ping_status":"closed","template":"","meta":{"_acf_changed":false,"_monsterinsights_skip_tracking":false,"_monsterinsights_sitenote_active":false,"_monsterinsights_sitenote_note":"","_monsterinsights_sitenote_category":0,"_uf_show_specific_survey":0,"_uf_disable_surveys":false,"advanced_seo_description":"","jetpack_seo_html_title":"","jetpack_seo_noindex":false,"footnotes":""},"class_list":["post-37648","page","type-page","status-publish","hentry"],"acf":[],"jetpack_sharing_enabled":true,"jetpack-related-posts":[{"id":47913,"url":"https:\/\/www.musique-cordiale.com\/fr\/insciption-au-choeur-2025\/","url_meta":{"origin":37648,"position":0},"title":"Insciption au Choeur 2025","author":"Jonathan Barker","date":"09\/01\/2025","format":false,"excerpt":"Bienvenue au FORMULAIRE D'INSCRIPTION de la Chorale 2025 (version fran\u00e7aise) ! NOTE : Le formulaire d'inscription comporte 5 pages et vous devez les remplir chacune avant de passer \u00e0 la suivante. Vous pouvez sauvegarder et revenir au formulaire \u00e0 tout moment avant de le soumettre. Musique-Cordiale ne recevra rien tant\u2026","rel":"","context":"Article similaire","block_context":{"text":"Article similaire","link":""},"img":{"alt_text":"","src":"https:\/\/i0.wp.com\/www.musique-cordiale.com\/wp-content\/uploads\/2023\/12\/20230812_205239-scaled.jpg?resize=350%2C200&ssl=1","width":350,"height":200,"srcset":"https:\/\/i0.wp.com\/www.musique-cordiale.com\/wp-content\/uploads\/2023\/12\/20230812_205239-scaled.jpg?resize=350%2C200&ssl=1 1x, https:\/\/i0.wp.com\/www.musique-cordiale.com\/wp-content\/uploads\/2023\/12\/20230812_205239-scaled.jpg?resize=525%2C300&ssl=1 1.5x, https:\/\/i0.wp.com\/www.musique-cordiale.com\/wp-content\/uploads\/2023\/12\/20230812_205239-scaled.jpg?resize=700%2C400&ssl=1 2x, https:\/\/i0.wp.com\/www.musique-cordiale.com\/wp-content\/uploads\/2023\/12\/20230812_205239-scaled.jpg?resize=1050%2C600&ssl=1 3x, https:\/\/i0.wp.com\/www.musique-cordiale.com\/wp-content\/uploads\/2023\/12\/20230812_205239-scaled.jpg?resize=1400%2C800&ssl=1 4x"},"classes":[]},{"id":44398,"url":"https:\/\/www.musique-cordiale.com\/fr\/inscription-au-choeur-dy-festival-ete-2024\/","url_meta":{"origin":37648,"position":1},"title":"Inscription au Ch\u0153ur du Festival &#8211; \u00e9t\u00e9 2024","author":"Jonathan Barker","date":"30\/12\/2023","format":false,"excerpt":"CLIQUEZ ICI pour revenir \u00e0 la page d'information : Rejoignez le ch\u0153ur du festival, \u00e9t\u00e9 2024 CLIQUEZ ICI pour revenir \u00e0 la page d'information : Rejoignez le ch\u0153ur du festival, \u00e9t\u00e9 2024 Avez-vous rempli le formulaire d'inscription ci-dessus\u00a0?D\u00e9sormais, en fonction de l'action de suivi que vous avez choisie, vous pouvez\u00a0:\u2026","rel":"","context":"Article similaire","block_context":{"text":"Article similaire","link":""},"img":{"alt_text":"","src":"","width":0,"height":0},"classes":[]},{"id":30560,"url":"https:\/\/www.musique-cordiale.com\/fr\/rejoignez-le-choeur-du-festival-2020\/","url_meta":{"origin":37648,"position":2},"title":"Rejoignez le choeur du Festival 2020","author":"Jonathan Barker","date":"16\/12\/2019","format":false,"excerpt":"Le version fran\u00e7aise de cette page et des formulaires sont dispo nibles ici. An English version of this page can be found HERE\u00a0 INSCRIPTION EN LE CHOEUR 2023, 4-13 ao\u00fbt 2023 Pour rejoignez le Choeur du Festival en Pays de Fayence, France, \u00e9t\u00e9 2023: cliquez ICI Festival d'\u00e9t\u00e9 - Atelier\u2026","rel":"","context":"Article similaire","block_context":{"text":"Article similaire","link":""},"img":{"alt_text":"","src":"https:\/\/i0.wp.com\/www.musique-cordiale.com\/wp-content\/uploads\/2019\/12\/WhatsApp-Image-2019-12-17-at-14.34.43.jpeg?fit=1200%2C583&ssl=1&resize=350%2C200","width":350,"height":200,"srcset":"https:\/\/i0.wp.com\/www.musique-cordiale.com\/wp-content\/uploads\/2019\/12\/WhatsApp-Image-2019-12-17-at-14.34.43.jpeg?fit=1200%2C583&ssl=1&resize=350%2C200 1x, https:\/\/i0.wp.com\/www.musique-cordiale.com\/wp-content\/uploads\/2019\/12\/WhatsApp-Image-2019-12-17-at-14.34.43.jpeg?fit=1200%2C583&ssl=1&resize=525%2C300 1.5x, https:\/\/i0.wp.com\/www.musique-cordiale.com\/wp-content\/uploads\/2019\/12\/WhatsApp-Image-2019-12-17-at-14.34.43.jpeg?fit=1200%2C583&ssl=1&resize=700%2C400 2x, https:\/\/i0.wp.com\/www.musique-cordiale.com\/wp-content\/uploads\/2019\/12\/WhatsApp-Image-2019-12-17-at-14.34.43.jpeg?fit=1200%2C583&ssl=1&resize=1050%2C600 3x"},"classes":[]},{"id":18363,"url":"https:\/\/www.musique-cordiale.com\/fr\/booking-form-pdf-join-choir-messiah-kent-24-26-nov-2017\/","url_meta":{"origin":37648,"position":3},"title":"Bulletin d&rsquo;inscription  &#8211; Rejoindre le choeur dans le Kent 24-26 Nov 2017","author":"Jonathan Barker","date":"16\/09\/2017","format":false,"excerpt":"Bulletin d'inscription - version francais\u00a0(cliquez \u00e0 voir ce version PDF. Vous pouvez le t\u00e9l\u00e9charger, le remplir et l'envoyer dans la poste ou par mail (scann\u00e9). (Si vous avez d\u00e9j\u00e0 visit\u00e9 cette page, veuillez actualiser la page pour voir la version la plus r\u00e9cente des prix et le formulaire de r\u00e9servation)\u2026","rel":"","context":"Article similaire","block_context":{"text":"Article similaire","link":""},"img":{"alt_text":"","src":"","width":0,"height":0},"classes":[]},{"id":44264,"url":"https:\/\/www.musique-cordiale.com\/fr\/rejoignez-le-choeur-du-festival-ete-2024\/","url_meta":{"origin":37648,"position":4},"title":"Rejoignez le ch\u0153ur du festival, \u00e9t\u00e9 2026","author":"Jonathan Barker","date":"26\/12\/2023","format":false,"excerpt":"22e \u00e9dition annuelle du Festival International MUSIQUE CORDIALE Les informations concernant le choeur du festival 2026seront bient\u00f4t disponibles\u00a0ici!Dates du festival international : du 29 juillet au 8 ao\u00fbt 2025 (Dates du ch\u0153ur 2026 : du 2 au 9 ao\u00fbt) ORGANISATION DU FESTIVAL AU PAYS DE FAYENCE CET \u00c9T\u00c9.du 29 juillet\u2026","rel":"","context":"Article similaire","block_context":{"text":"Article similaire","link":""},"img":{"alt_text":"","src":"https:\/\/i0.wp.com\/www.musique-cordiale.com\/wp-content\/uploads\/2023\/08\/Musique-Cordiale-Seillans-120823-38-scaled.jpg?fit=1200%2C624&ssl=1&resize=350%2C200","width":350,"height":200,"srcset":"https:\/\/i0.wp.com\/www.musique-cordiale.com\/wp-content\/uploads\/2023\/08\/Musique-Cordiale-Seillans-120823-38-scaled.jpg?fit=1200%2C624&ssl=1&resize=350%2C200 1x, https:\/\/i0.wp.com\/www.musique-cordiale.com\/wp-content\/uploads\/2023\/08\/Musique-Cordiale-Seillans-120823-38-scaled.jpg?fit=1200%2C624&ssl=1&resize=525%2C300 1.5x, https:\/\/i0.wp.com\/www.musique-cordiale.com\/wp-content\/uploads\/2023\/08\/Musique-Cordiale-Seillans-120823-38-scaled.jpg?fit=1200%2C624&ssl=1&resize=700%2C400 2x, https:\/\/i0.wp.com\/www.musique-cordiale.com\/wp-content\/uploads\/2023\/08\/Musique-Cordiale-Seillans-120823-38-scaled.jpg?fit=1200%2C624&ssl=1&resize=1050%2C600 3x"},"classes":[]},{"id":36130,"url":"https:\/\/www.musique-cordiale.com\/fr\/choeur-de-musique-cordiale\/join-the-2022-choir-in-kent\/","url_meta":{"origin":37648,"position":5},"title":"Rejoignez le choeur de 2022 dans le Kent","author":"Jonathan Barker","date":"16\/03\/2022","format":false,"excerpt":"(Les derni\u00e8res informations et les formulaires d'inscription (en anglais) pour le choeur 2022 sont ICI Latest information & enrolment forms for the 2022 choir) Les informations initiales sur le choeur l'\u00e9t\u00e9 2022 en anglais sont ICI Initial choir information for summer 2022 in English) Cet \u00e9t\u00e9, notre 18\u00e8me ann\u00e9e, Musique\u2026","rel":"","context":"Article similaire","block_context":{"text":"Article similaire","link":""},"img":{"alt_text":"","src":"https:\/\/i0.wp.com\/www.musique-cordiale.com\/wp-content\/uploads\/2022\/03\/WhatsApp-Image-2022-02-27-at-22.08.31-300x135.jpeg?resize=350%2C200&ssl=1","width":350,"height":200},"classes":[]}],"jetpack_shortlink":"https:\/\/wp.me\/PaEPkm-9Ne","_links":{"self":[{"href":"https:\/\/www.musique-cordiale.com\/fr\/wp-json\/wp\/v2\/pages\/37648","targetHints":{"allow":["GET"]}}],"collection":[{"href":"https:\/\/www.musique-cordiale.com\/fr\/wp-json\/wp\/v2\/pages"}],"about":[{"href":"https:\/\/www.musique-cordiale.com\/fr\/wp-json\/wp\/v2\/types\/page"}],"author":[{"embeddable":true,"href":"https:\/\/www.musique-cordiale.com\/fr\/wp-json\/wp\/v2\/users\/3"}],"replies":[{"embeddable":true,"href":"https:\/\/www.musique-cordiale.com\/fr\/wp-json\/wp\/v2\/comments?post=37648"}],"version-history":[{"count":0,"href":"https:\/\/www.musique-cordiale.com\/fr\/wp-json\/wp\/v2\/pages\/37648\/revisions"}],"wp:attachment":[{"href":"https:\/\/www.musique-cordiale.com\/fr\/wp-json\/wp\/v2\/media?parent=37648"}],"curies":[{"name":"wp","href":"https:\/\/api.w.org\/{rel}","templated":true}]}}