{"id":37943,"date":"2023-01-26T14:38:29","date_gmt":"2023-01-26T14:38:29","guid":{"rendered":"https:\/\/www.musique-cordiale.com\/?page_id=37943"},"modified":"2025-05-06T19:06:00","modified_gmt":"2025-05-06T19:06:00","slug":"payer-musique-cordiale","status":"publish","type":"page","link":"https:\/\/www.musique-cordiale.com\/fr\/payer-musique-cordiale\/","title":{"rendered":"PAYER nous"},"content":{"rendered":"\n<h2 class=\"wp-block-heading has-text-align-center\"><strong>COMMENT PAYER MUSIQUE-CORDIALE<\/strong> <\/h2>\n\n\n\n<p class=\"has-text-align-center has-vivid-red-color has-text-color has-link-color wp-elements-2189bd7850a587df2baa87d9eeabd83f\"><strong>Veuillez payer de l&rsquo;une des mani\u00e8res suivantes.<\/strong> <br>(<strong>Nous pr\u00e9f\u00e9rons les paiements bancaires en ligne\/ virements directement sur notre compte si possible<\/strong>).<br>Si vous r\u00e9servez des billets sur notre site, les prix sont indiqu\u00e9s en \u20ac Euros ou \u00e9quivalent \u00a3 GBP livres, selon l&rsquo;endroit o\u00f9 vous vous trouvez.<\/p>\n\n\n\n<p class=\"has-text-align-center\"><strong>Musique-Cordiale Services Ltd<\/strong> <em>(il s&rsquo;agit de notre soci\u00e9t\u00e9 de soutien enregistr\u00e9e au Royaume-Uni,<\/em><br><em>n\u00b0 9570966, qui &#8211; gratuitement &#8211; agit en tant qu&rsquo;agent, y compris pour les voyages, l&rsquo;h\u00e9bergement et les arrangements d&#8217;emploi pour l&rsquo;association et l&rsquo;organisme de bienfaisance ci-dessous et g\u00e8re \u00e9galement des \u00e9v\u00e9nements en Grande-Bretagne).<\/em><\/p>\n\n\n\n<div class=\"wp-block-columns is-layout-flex wp-container-core-columns-is-layout-9d6595d7 wp-block-columns-is-layout-flex\">\n<div class=\"wp-block-column is-layout-flow wp-block-column-is-layout-flow\">\n<h3 class=\"wp-block-heading has-text-align-center\"><strong>Paiement par carte ou virement SEPA en Euros \u20ac<\/strong> <\/h3>\n\n\n\n<p class=\"has-text-align-center\">mais sera factur\u00e9 dans la devise<br>du titulaire de la carte<\/p>\n\n\n\n<div class=\"wp-block-buttons is-content-justification-center is-layout-flex wp-container-core-buttons-is-layout-16018d1d wp-block-buttons-is-layout-flex\">\n<div class=\"wp-block-button\"><a class=\"wp-block-button__link has-text-align-center wp-element-button\" href=\"https:\/\/buy.stripe.com\/00gdUj2Zp5ja1KodQR\" target=\"_blank\" rel=\"noreferrer noopener\">Pay Musique-Cordiale in Euros \u20ac<\/a><\/div>\n<\/div>\n<\/div>\n\n\n\n<div class=\"wp-block-column is-layout-flow wp-block-column-is-layout-flow\">\n<h3 class=\"wp-block-heading has-text-align-center\"><strong>Paiement par carte en GB livres \u00a3<\/strong><\/h3>\n\n\n\n<p class=\"has-text-align-center\">mais sera factur\u00e9 dans la devise<br>du titulaire de la carte<\/p>\n\n\n\n<div class=\"wp-block-buttons is-content-justification-center is-layout-flex wp-container-core-buttons-is-layout-16018d1d wp-block-buttons-is-layout-flex\">\n<div class=\"wp-block-button\"><a class=\"wp-block-button__link has-text-align-center wp-element-button\" href=\"https:\/\/buy.stripe.com\/5kA7vV8jJdPGdt65kk\" target=\"_blank\" rel=\"noreferrer noopener\">Pay Musique-Cordiale in GB \u00a3<\/a><\/div>\n<\/div>\n<\/div>\n<\/div>\n\n\n\n<div class=\"wp-block-columns is-layout-flex wp-container-core-columns-is-layout-9d6595d7 wp-block-columns-is-layout-flex\">\n<div class=\"wp-block-column is-layout-flow wp-block-column-is-layout-flow\">\n<h3 class=\"wp-block-heading has-text-align-center\"><strong><strong>Banque en ligne \/ virement bancaire \/ virement en euros \u20ac<\/strong><\/strong> <\/h3>\n\n\n\n<p class=\"has-text-align-center\"><strong>Code bancaire (SWIFT \/ BIC) : TRWIBEB1XXX<br>IBAN : BE68 9670 1962 9934<br>Nom du titulaire du compte :<\/strong><br><strong>Musique-Cordiale Services Ltd.<\/strong><br>Adresse bancaire : TransferWise, Avenue Louise 54, Rm S52, Bruxelles, 1050 Belgique<br>Notre adresse : Musique-Cordiale, Norfolk Cottage, The Street, NEWNHAM, Sittingbourne, Kent<br>ME9 0LL, GB<br><em>NB : La somme due est en livres sterling. Veuillez utiliser les \u00e9quivalents en euros (ou comme sp\u00e9cifi\u00e9 sur votre facture). Tous les frais bancaires ou de commission sont \u00e0 votre charge.<br><\/em><a href=\"https:\/\/buy.stripe.com\/5kA7vV8jJdPGdt65kk\" target=\"_blank\" rel=\"noopener\"><\/a><\/p>\n<\/div>\n\n\n\n<div class=\"wp-block-column is-layout-flow wp-block-column-is-layout-flow\">\n<h3 class=\"wp-block-heading has-text-align-center\"><strong><strong>Banque en ligne \/ virement bancaire<\/strong><\/strong><br><strong><strong>en GB livres \u00a3<\/strong><\/strong> (GBP)<\/h3>\n\n\n\n<p class=\"has-text-align-center\">Account Name: <strong>Musique-Cordiale Services Ltd<br>Sort code: 23-14-70<\/strong> <br><strong>Account number: 11003522<\/strong><br>Bank address: Wise (TransferWise),<br>56 Shoreditch High Street London E1 6JJ, UK<br><em>Reference: votre nom ou no de facture<\/em><\/p>\n<\/div>\n<\/div>\n\n\n\n<h3 class=\"wp-block-heading\"><strong>Pour les paiements par ch\u00e8que.  <\/strong><\/h3>\n\n\n\n<p><strong><em>Merci d&rsquo;\u00e9viter de payer par ch\u00e8que &#8211; sauf pour les tr\u00e8s gros dons!<\/em><\/strong><br><strong>En Euros ou GBP<\/strong>: A l\u2019ordre de : Musique Cordiale<br>Affect\u00e9 \u00e0 : Musique Cordiale, Norfolk Cottage, The Street, Newnham, Kent ME9 0LL, GB<\/p>\n\n\n\n<h3 class=\"wp-block-heading\"><strong>Pr\u00e9l\u00e8vement automatique<\/strong><\/h3>\n\n\n\n<p>Vous pouvez \u00e9galement payer par pr\u00e9l\u00e8vement automatique en euros ou en livres sterling.<br>Veuillez <a href=\"mailto:jo******@**************le.com\" data-original-string=\"iVlrX\/RE1C5JcoTzB\/Hjtg==b08GwBZ1LX6wrmaZn2UWf4anZgCobt31Xlo8VIjutT+lBQ=\" title=\"This contact has been encoded by Anti-Spam by CleanTalk. Click to decode. To finish the decoding make sure that JavaScript is enabled in your browser.\" target=\"_blank\" rel=\"noreferrer noopener\"><em>nous contacter<\/em><\/a> si vous le souhaitez.<\/p>\n\n\n\n<h3 class=\"wp-block-heading\">PayPal<\/h3>\n\n\n\n<p>Utilisez ce lien: <a href=\"https:\/\/paypal.me\/MusiqueCordiale2021?country.x=GB&amp;locale.x=en_GB\" target=\"_blank\" rel=\"noopener\">PayPal.me link<\/a><\/p>\n\n\n\n<hr class=\"wp-block-separator has-alpha-channel-opacity\"\/>\n\n\n\n<p>Veuillez <strong><a href=\"mailto:jo******@**************le.com\" data-original-string=\"pd3ri5cIJreFfmouMEbR6w==b08FCkcQWQIT0NcCHGg85dygpnfMuh4fMI1K0oy\/6KWKzw=\" title=\"This contact has been encoded by Anti-Spam by CleanTalk. Click to decode. To finish the decoding make sure that JavaScript is enabled in your browser.\" target=\"_blank\" rel=\"noreferrer noopener\">nous contacter<\/a><\/strong> pour toute question ou probl\u00e8me ou si vous souhaitez discuter de votre facture, de tout montant ou cr\u00e9dit d\u00fb ou si vous pr\u00e9f\u00e9rez traiter les questions par e-mail ou par t\u00e9l\u00e9phone<\/p>\n\n\n\n<p><strong>The Musique-Cordiale Trust<\/strong>  <em>(organisme de bienfaisance enregistr\u00e9 en Angleterre, num\u00e9ro 1167732). L&rsquo;association soutient le Festival &amp; Academy et l&rsquo;association qui le g\u00e8re) et la promotion des talents musicaux, y compris les bourses pour les \u00e9tudiants de l&rsquo;Acad\u00e9mie et le paiement des professeurs, chefs d&rsquo;orchestre et accompagnateurs. Il est \u00e9galement responsable des \u00e9v\u00e9nements musicaux au Royaume-Uni, y compris les festivals d&rsquo;\u00e9t\u00e9 pendant les ann\u00e9es pand\u00e9miques de fermeture en France).<br>Voir le<a href=\"https:\/\/www.musique-cordiale.org\" target=\"_blank\" rel=\"noreferrer noopener\"> site Web s\u00e9par\u00e9 pour The Musique-Cordiale Trust<\/a> (seulement en anglais).<\/em><\/p>\n\n\n\n<p><strong>In GB pounds \u00a3<\/strong>:<br>Recipient: <strong>The Musique-Cordiale Trust<\/strong>., Norfolk Cottage, Newnham, ME9 0LL, GB<br>Recipient Bank: CAF (Charities Aid Foundation) Bank<br><strong>Sort code: 40-52-40<\/strong><br><strong>Account number: 00029785<\/strong><br>Reference: Your full name<br>(Cheques in GB pounds only:&nbsp; payable to The Musique-Cordiale Trust, can be paid to the charity and should be sent to its address above)<\/p>\n\n\n\n<p><strong>L\u2019association Musique Cordiale <\/strong>(French association\/RNA No : W831003950, loi de 1901, Siret: 493 460 745 00018)<br><em>qui est responsable du Festival et de l&rsquo;Acad\u00e9mie Internationale de Musique-Cordiale en France<\/em><br><em>which is responsible for the International Festival &amp; Academy in France<\/em> \/ <em>qui est responsable du Festival International &amp; Acad\u00e9mie en France<\/em><br><strong>En euros \u20ac<\/strong><br>Recipient: <strong>Musique Cordiale (l\u2019association)<\/strong>, 217 ch. des Moulins, 83440 Seillans, France<br>Recipient bank: Qonto, Domiciliation: Qonto (Olinda SAS), 18 rue de Navarin, 75009 Paris, France<br><strong>IBAN: FR76 1695 8000 0168 5563 4394 711<\/strong><br>Banque 16958&nbsp; Agence 00001&nbsp; Compte 68556343947&nbsp; Cl\u00e9 11<br>BIC\/SWIFT: QNTOFRP1XXX<br><em>Normalement, pas de ch\u00e8ques s&rsquo;il vous pla\u00eet &#8211; sauf peut-\u00eatre de tr\u00e8s gros dons&nbsp;!<\/em><br>R\u00e9f\u00e9rence : objet du paiement \/ n\u00b0 de facture<br><\/p>\n\n\n\n<p class=\"has-text-align-center\"><strong>Confidentialit\u00e9 <\/strong><em>Musique Cordiale respecte votre confidentialit\u00e9 et prot\u00e8ge vos informations personnelles. Nous ne conservons jamais les d\u00e9tails de vos cartes bancaires de d\u00e9bit ou de cr\u00e9dit apr\u00e8s avoir re\u00e7u les paiements de nos membres, donateurs, clients ou sympathisants. Nous ne vendons pas votre nom, votre adresse e-mail, votre adresse ou vos coordonn\u00e9es t\u00e9l\u00e9phoniques. Seule Musique Cordiale a acc\u00e8s \u00e0 ces informations pour communiquer avec vous et nous ne les partageons qu&rsquo;avec nos agents et uniquement dans le but de contacter nos supporters, clients, donateurs, personnel ou fournisseurs en notre&nbsp;nom. Nous essayons d&rsquo;\u00eatre conformes au GDPR de l&rsquo;UE et nous conservons les donn\u00e9es uniquement \u00e0 des fins de conformit\u00e9 ou pour maintenir nos listes actuelles et nos communications avec les membres, chanteurs, joueurs, supporters et amp; Amis. Nous ne conservons aucune information sur les visiteurs de notre site Web.<\/em><\/p>\n\n\n\n<p class=\"has-text-align-center\"><strong>Merci pour votre soutien<\/strong>.<\/p>\n","protected":false},"excerpt":{"rendered":"<p>COMMENT PAYER MUSIQUE-CORDIALE Veuillez payer de l&rsquo;une des mani\u00e8res suivantes. (Nous pr\u00e9f\u00e9rons les paiements bancaires en ligne\/ virements directement sur notre compte si possible).Si vous r\u00e9servez des billets sur notre site, les prix sont indiqu\u00e9s en \u20ac Euros ou \u00e9quivalent \u00a3 GBP livres, selon l&rsquo;endroit o\u00f9 vous vous trouvez. Musique-Cordiale Services Ltd (il s&rsquo;agit de [&hellip;]<\/p>\n","protected":false},"author":3,"featured_media":38418,"parent":0,"menu_order":0,"comment_status":"closed","ping_status":"closed","template":"","meta":{"_acf_changed":false,"_monsterinsights_skip_tracking":false,"_monsterinsights_sitenote_active":false,"_monsterinsights_sitenote_note":"","_monsterinsights_sitenote_category":0,"_uf_show_specific_survey":0,"_uf_disable_surveys":false,"advanced_seo_description":"","jetpack_seo_html_title":"","jetpack_seo_noindex":false,"footnotes":""},"class_list":["post-37943","page","type-page","status-publish","has-post-thumbnail","hentry"],"acf":[],"jetpack_sharing_enabled":true,"jetpack-related-posts":[{"id":37648,"url":"https:\/\/www.musique-cordiale.com\/fr\/formulaire-dinscription-pour-le-choeur-musique-cordiale-dete-2023\/","url_meta":{"origin":37943,"position":0},"title":"Formulaire d&rsquo;inscription pour le CHOEUR Musique-Cordiale d&rsquo;\u00e9t\u00e9 2023","author":"Jonathan Barker","date":"02\/01\/2023","format":false,"excerpt":"Inscrivez-vous d\u00e8s maintenant pour le Ch\u0153ur du Festival 2023 Inscriptions \u00e0 partir du 1er janvier (ouvert jusqu\u2019\u00e0 d\u00e9but mars ou jusqu\u2019\u00e0 \u00e9puisement des places pour toutes les voix). Le meilleur h\u00e9bergement passe en premier, alors r\u00e9servez t\u00f4t ! FERMETURE BIENT\u00d4T ! Formulaire d'inscription pour le Ch\u0153ur d'\u00e9t\u00e9 2023 - VERSION\u2026","rel":"","context":"Article similaire","block_context":{"text":"Article similaire","link":""},"img":{"alt_text":"","src":"","width":0,"height":0},"classes":[]},{"id":44398,"url":"https:\/\/www.musique-cordiale.com\/fr\/inscription-au-choeur-dy-festival-ete-2024\/","url_meta":{"origin":37943,"position":1},"title":"Inscription au Ch\u0153ur du Festival &#8211; \u00e9t\u00e9 2024","author":"Jonathan Barker","date":"30\/12\/2023","format":false,"excerpt":"CLIQUEZ ICI pour revenir \u00e0 la page d'information : Rejoignez le ch\u0153ur du festival, \u00e9t\u00e9 2024 CLIQUEZ ICI pour revenir \u00e0 la page d'information : Rejoignez le ch\u0153ur du festival, \u00e9t\u00e9 2024 Avez-vous rempli le formulaire d'inscription ci-dessus\u00a0?D\u00e9sormais, en fonction de l'action de suivi que vous avez choisie, vous pouvez\u00a0:\u2026","rel":"","context":"Article similaire","block_context":{"text":"Article similaire","link":""},"img":{"alt_text":"","src":"","width":0,"height":0},"classes":[]},{"id":47913,"url":"https:\/\/www.musique-cordiale.com\/fr\/insciption-au-choeur-2025\/","url_meta":{"origin":37943,"position":2},"title":"Insciption au Choeur 2025","author":"Jonathan Barker","date":"09\/01\/2025","format":false,"excerpt":"Bienvenue au FORMULAIRE D'INSCRIPTION de la Chorale 2025 (version fran\u00e7aise) ! NOTE : Le formulaire d'inscription comporte 5 pages et vous devez les remplir chacune avant de passer \u00e0 la suivante. Vous pouvez sauvegarder et revenir au formulaire \u00e0 tout moment avant de le soumettre. Musique-Cordiale ne recevra rien tant\u2026","rel":"","context":"Article similaire","block_context":{"text":"Article similaire","link":""},"img":{"alt_text":"","src":"https:\/\/i0.wp.com\/www.musique-cordiale.com\/wp-content\/uploads\/2023\/12\/20230812_205239-scaled.jpg?resize=350%2C200&ssl=1","width":350,"height":200,"srcset":"https:\/\/i0.wp.com\/www.musique-cordiale.com\/wp-content\/uploads\/2023\/12\/20230812_205239-scaled.jpg?resize=350%2C200&ssl=1 1x, https:\/\/i0.wp.com\/www.musique-cordiale.com\/wp-content\/uploads\/2023\/12\/20230812_205239-scaled.jpg?resize=525%2C300&ssl=1 1.5x, https:\/\/i0.wp.com\/www.musique-cordiale.com\/wp-content\/uploads\/2023\/12\/20230812_205239-scaled.jpg?resize=700%2C400&ssl=1 2x, https:\/\/i0.wp.com\/www.musique-cordiale.com\/wp-content\/uploads\/2023\/12\/20230812_205239-scaled.jpg?resize=1050%2C600&ssl=1 3x, https:\/\/i0.wp.com\/www.musique-cordiale.com\/wp-content\/uploads\/2023\/12\/20230812_205239-scaled.jpg?resize=1400%2C800&ssl=1 4x"},"classes":[]},{"id":30560,"url":"https:\/\/www.musique-cordiale.com\/fr\/rejoignez-le-choeur-du-festival-2020\/","url_meta":{"origin":37943,"position":3},"title":"Rejoignez le choeur du Festival 2020","author":"Jonathan Barker","date":"16\/12\/2019","format":false,"excerpt":"Le version fran\u00e7aise de cette page et des formulaires sont dispo nibles ici. An English version of this page can be found HERE\u00a0 INSCRIPTION EN LE CHOEUR 2023, 4-13 ao\u00fbt 2023 Pour rejoignez le Choeur du Festival en Pays de Fayence, France, \u00e9t\u00e9 2023: cliquez ICI Festival d'\u00e9t\u00e9 - Atelier\u2026","rel":"","context":"Article similaire","block_context":{"text":"Article similaire","link":""},"img":{"alt_text":"","src":"https:\/\/i0.wp.com\/www.musique-cordiale.com\/wp-content\/uploads\/2019\/12\/WhatsApp-Image-2019-12-17-at-14.34.43.jpeg?fit=1200%2C583&ssl=1&resize=350%2C200","width":350,"height":200,"srcset":"https:\/\/i0.wp.com\/www.musique-cordiale.com\/wp-content\/uploads\/2019\/12\/WhatsApp-Image-2019-12-17-at-14.34.43.jpeg?fit=1200%2C583&ssl=1&resize=350%2C200 1x, https:\/\/i0.wp.com\/www.musique-cordiale.com\/wp-content\/uploads\/2019\/12\/WhatsApp-Image-2019-12-17-at-14.34.43.jpeg?fit=1200%2C583&ssl=1&resize=525%2C300 1.5x, https:\/\/i0.wp.com\/www.musique-cordiale.com\/wp-content\/uploads\/2019\/12\/WhatsApp-Image-2019-12-17-at-14.34.43.jpeg?fit=1200%2C583&ssl=1&resize=700%2C400 2x, https:\/\/i0.wp.com\/www.musique-cordiale.com\/wp-content\/uploads\/2019\/12\/WhatsApp-Image-2019-12-17-at-14.34.43.jpeg?fit=1200%2C583&ssl=1&resize=1050%2C600 3x"},"classes":[]},{"id":14836,"url":"https:\/\/www.musique-cordiale.com\/fr\/soutenez-nous\/","url_meta":{"origin":37943,"position":4},"title":"Soutenez-nous!","author":"Pippa","date":"28\/01\/2013","format":false,"excerpt":"Pensez \u00e0 devenir membre, Ami du Festival (voir ci-dessous) ou \u00e0 parrainer un \u00e9v\u00e9nement ou un musicien \u2013 ou encore \u00e0 faire un don \u00e0 Musique Cordiale ! Nous acceptons les dons de n\u2019importe quel montant \u00e0 tout moment. Le plus simple \u00e0 faire si vous vous sentez G\u00c9N\u00c9REUX &\u2026","rel":"","context":"Article similaire","block_context":{"text":"Article similaire","link":""},"img":{"alt_text":"","src":"https:\/\/i0.wp.com\/www.musique-cordiale.com\/wp-content\/uploads\/2013\/01\/MC-DVDs-CDs-a-vendre.jpg?fit=972%2C1200&ssl=1&resize=350%2C200","width":350,"height":200,"srcset":"https:\/\/i0.wp.com\/www.musique-cordiale.com\/wp-content\/uploads\/2013\/01\/MC-DVDs-CDs-a-vendre.jpg?fit=972%2C1200&ssl=1&resize=350%2C200 1x, https:\/\/i0.wp.com\/www.musique-cordiale.com\/wp-content\/uploads\/2013\/01\/MC-DVDs-CDs-a-vendre.jpg?fit=972%2C1200&ssl=1&resize=525%2C300 1.5x, https:\/\/i0.wp.com\/www.musique-cordiale.com\/wp-content\/uploads\/2013\/01\/MC-DVDs-CDs-a-vendre.jpg?fit=972%2C1200&ssl=1&resize=700%2C400 2x"},"classes":[]},{"id":16291,"url":"https:\/\/www.musique-cordiale.com\/fr\/soutenez-nous\/adherents-amis-mecenes\/","url_meta":{"origin":37943,"position":5},"title":"Adh\u00e9rents, Amis &#038; M\u00e9c\u00e8nes","author":"Lyndsey","date":"11\/04\/2017","format":false,"excerpt":"Pr\u00e9visions pour le Festival 2026: il fera CHAUD avec de bonnes ventes de billets\u2026 concerts merveilleux mais manque probable - et une chance de faire des dons? Devenez membre, ami ou donateur en 2025-26 Faire un don \u00e0 Musique Cordiale en Euros:\u00a0Donate - Faire un DON: choisissez n'importe quel montantMERCI\u2026","rel":"","context":"Article similaire","block_context":{"text":"Article similaire","link":""},"img":{"alt_text":"","src":"https:\/\/i0.wp.com\/www.musique-cordiale.com\/wp-content\/uploads\/2019\/09\/musique-cordiale-website-banner-no-year-MC-ribbon.jpg?resize=350%2C200&ssl=1","width":350,"height":200},"classes":[]}],"jetpack_shortlink":"https:\/\/wp.me\/PaEPkm-9RZ","_links":{"self":[{"href":"https:\/\/www.musique-cordiale.com\/fr\/wp-json\/wp\/v2\/pages\/37943","targetHints":{"allow":["GET"]}}],"collection":[{"href":"https:\/\/www.musique-cordiale.com\/fr\/wp-json\/wp\/v2\/pages"}],"about":[{"href":"https:\/\/www.musique-cordiale.com\/fr\/wp-json\/wp\/v2\/types\/page"}],"author":[{"embeddable":true,"href":"https:\/\/www.musique-cordiale.com\/fr\/wp-json\/wp\/v2\/users\/3"}],"replies":[{"embeddable":true,"href":"https:\/\/www.musique-cordiale.com\/fr\/wp-json\/wp\/v2\/comments?post=37943"}],"version-history":[{"count":1,"href":"https:\/\/www.musique-cordiale.com\/fr\/wp-json\/wp\/v2\/pages\/37943\/revisions"}],"predecessor-version":[{"id":49036,"href":"https:\/\/www.musique-cordiale.com\/fr\/wp-json\/wp\/v2\/pages\/37943\/revisions\/49036"}],"wp:featuredmedia":[{"embeddable":true,"href":"https:\/\/www.musique-cordiale.com\/fr\/wp-json\/wp\/v2\/media\/38418"}],"wp:attachment":[{"href":"https:\/\/www.musique-cordiale.com\/fr\/wp-json\/wp\/v2\/media?parent=37943"}],"curies":[{"name":"wp","href":"https:\/\/api.w.org\/{rel}","templated":true}]}}