{"id":38624,"date":"2023-05-25T11:44:47","date_gmt":"2023-05-25T11:44:47","guid":{"rendered":"https:\/\/dev3.musique-cordiale.com\/a-propos\/what-we-do\/"},"modified":"2025-05-12T16:51:13","modified_gmt":"2025-05-12T16:51:13","slug":"ce-que-nous-faisons","status":"publish","type":"page","link":"https:\/\/www.musique-cordiale.com\/fr\/a-propos\/ce-que-nous-faisons\/","title":{"rendered":"Ce que nous faisons"},"content":{"rendered":"\n<div class=\"wp-block-group is-nowrap is-layout-flex wp-container-core-group-is-layout-ad2f72ca wp-block-group-is-layout-flex\">\n<p><strong>Musique Cordiale<\/strong> est un festival annuel r\u00e9unissant des solistes de classe mondiale, des instrumentistes professionnels et \u00e9mergents et une chorale amateur enthousiaste et accomplie pour pr\u00e9senter un programme de <strong>concerts<\/strong> passionnants en Provence, en France. (Il existe \u00e9galement une s\u00e9rie de <strong>concerts<\/strong> d&rsquo;automne dans le Kent, en Grande-Bretagne, mettant g\u00e9n\u00e9ralement en vedette des moments forts s\u00e9lectionn\u00e9s &#8211; et des artistes &#8211; du festival d&rsquo;\u00e9t\u00e9, mais, pendant les 3 ann\u00e9es de pand\u00e9mie, le festival lui-m\u00eame a propos\u00e9 des concerts d&rsquo;\u00e9t\u00e9 en plein air dans le Kent lorsque les voyages en Europe \u00e9taient restreints).<\/p>\n\n\n\n<figure class=\"wp-block-image size-full is-resized is-style-rounded\"><img data-recalc-dims=\"1\" loading=\"lazy\" decoding=\"async\" width=\"640\" height=\"931\" src=\"https:\/\/i0.wp.com\/www.musique-cordiale.com\/wp-content\/uploads\/2025\/05\/musicians-of-Musique-Cordiale.jpg?resize=640%2C931&#038;ssl=1\" alt=\"\" class=\"wp-image-49098\" style=\"width:481px;height:auto\" srcset=\"https:\/\/i0.wp.com\/www.musique-cordiale.com\/wp-content\/uploads\/2025\/05\/musicians-of-Musique-Cordiale.jpg?w=760&amp;ssl=1 760w, https:\/\/i0.wp.com\/www.musique-cordiale.com\/wp-content\/uploads\/2025\/05\/musicians-of-Musique-Cordiale.jpg?resize=750%2C1090&amp;ssl=1 750w\" sizes=\"auto, (max-width: 640px) 100vw, 640px\" \/><\/figure>\n<\/div>\n\n<p>Cr\u00e9\u00e9 en 2005, Musique Cordiale pr\u00e9sente chaque ann\u00e9e une s\u00e9lection de concerts classiques de haut niveau dans le cadre pittoresque du Pays de Fayence. Le festival propose un programme vari\u00e9, allant des r\u00e9citals de violon aux oratorios symphoniques, organis\u00e9 par le directeur artistique Graham Ross avec une \u00e9quipe cr\u00e9ative d&rsquo;artistes (dirig\u00e9e par Aidan Coburn) et d&rsquo;administrateurs. Il est interpr\u00e9t\u00e9 par une s\u00e9lection de solistes, instrumentistes et chanteurs professionnels de renom, soutenus par un ch\u0153ur amateur paneurop\u00e9en exp\u00e9riment\u00e9 qui r\u00e9p\u00e8te intens\u00e9ment et ensemble lors des concerts de cl\u00f4ture du festival.<\/p>\n\n<h2 class=\"wp-block-heading\">\u00c0 propos de Musique Cordiale<\/h2>\n\n<p><strong>Musique Cordiale<\/strong> est n\u00e9 du r\u00eave de Pippa Pawlik, directrice artistique fondatrice du festival, d&rsquo;interpr\u00e9ter la Messe en si mineur de Bach \u00e0 l&rsquo;\u00e9glise de Seillans en 2005. Ancienne altiste professionnelle, elle a invit\u00e9 ses amis musiciens \u00e0 un s\u00e9jour musical \u2013 vin compris \u2013 et, avec Jonathan Barker, ce s\u00e9jour est devenu un festival. La tradition chorale reste une partie int\u00e9grante de Musique Cordiale et une \u0153uvre majeure pour ch\u0153ur cl\u00f4ture le festival chaque ann\u00e9e. Le ch\u0153ur est compos\u00e9 d&rsquo;excellents chanteurs amateurs et professionnels issus d&rsquo;ensembles tels que le Bach Choir, le London Symphony Chorus et le Groupe Vocal Arp\u00e8ge de Bordeaux.<\/p>\n\n<p>Le Festival Orchestra est un ensemble multig\u00e9n\u00e9rationnel compos\u00e9 de jeunes professionnels et de musiciens confirm\u00e9s issus d&rsquo;orchestres tels que le London Symphony Orchestra, le CBSO, les London Mozart Players, le BBC Philharmonic, l&rsquo;OAE, la Tonhalle de Zurich, le Philharmonia et l&rsquo;Oslo Philharmonic. <strong>Musique Cordiale<\/strong> sert de plateforme aux jeunes solistes et musiciens d&rsquo;orchestre, leur offrant l&rsquo;opportunit\u00e9 d&rsquo;apprendre et d&rsquo;interpr\u00e9ter des \u0153uvres qu&rsquo;ils joueront plus tard sur la sc\u00e8ne internationale.<\/p>\n\n<div class=\"wp-block-media-text is-stacked-on-mobile\" style=\"grid-template-columns:21% auto\"><figure class=\"wp-block-media-text__media\"><img data-recalc-dims=\"1\" loading=\"lazy\" decoding=\"async\" width=\"455\" height=\"350\" src=\"https:\/\/i0.wp.com\/www.musique-cordiale.com\/wp-content\/uploads\/2023\/04\/MC-Team-2023-04-05-at-21.31.04.jpg?resize=455%2C350&#038;ssl=1\" alt=\"\" class=\"wp-image-38429 size-full\" srcset=\"https:\/\/i0.wp.com\/www.musique-cordiale.com\/wp-content\/uploads\/2023\/04\/MC-Team-2023-04-05-at-21.31.04.jpg?resize=455%2C350&amp;ssl=1 455w, https:\/\/i0.wp.com\/www.musique-cordiale.com\/wp-content\/uploads\/2023\/04\/MC-Team-2023-04-05-at-21.31.04.jpg?resize=750%2C576&amp;ssl=1 750w, https:\/\/i0.wp.com\/www.musique-cordiale.com\/wp-content\/uploads\/2023\/04\/MC-Team-2023-04-05-at-21.31.04.jpg?resize=300%2C231&amp;ssl=1 300w, https:\/\/i0.wp.com\/www.musique-cordiale.com\/wp-content\/uploads\/2023\/04\/MC-Team-2023-04-05-at-21.31.04.jpg?resize=768%2C590&amp;ssl=1 768w, https:\/\/i0.wp.com\/www.musique-cordiale.com\/wp-content\/uploads\/2023\/04\/MC-Team-2023-04-05-at-21.31.04.jpg?resize=1536%2C1181&amp;ssl=1 1536w, https:\/\/i0.wp.com\/www.musique-cordiale.com\/wp-content\/uploads\/2023\/04\/MC-Team-2023-04-05-at-21.31.04.jpg?w=2048&amp;ssl=1 2048w, https:\/\/i0.wp.com\/www.musique-cordiale.com\/wp-content\/uploads\/2023\/04\/MC-Team-2023-04-05-at-21.31.04.jpg?w=1280&amp;ssl=1 1280w, https:\/\/i0.wp.com\/www.musique-cordiale.com\/wp-content\/uploads\/2023\/04\/MC-Team-2023-04-05-at-21.31.04.jpg?w=1920&amp;ssl=1 1920w\" sizes=\"auto, (max-width: 455px) 100vw, 455px\" \/><\/figure><div class=\"wp-block-media-text__content\">\n<p>Vous pouvez <strong><em><a href=\"https:\/\/www.musique-cordiale.com\/fr\/a-propos\/\">EN SAVOIR PLUS ICI<\/a><\/em><\/strong> sur le festival et son histoire, ainsi que sur l&rsquo;\u00e9quipe multidisciplinaire, y compris la direction artistique d\u00e9sormais dirig\u00e9e par <a href=\"https:\/\/www.musique-cordiale.com\/fr\/artistes\/aidan-coburn\/\">Aidan Coburn<\/a> &amp; <a href=\"https:\/\/www.musique-cordiale.com\/fr\/artistes\/rebecca-taylor\/\">Rebecca Taylor<\/a>, les fondateurs du festival Pippa Pawlik et Jonathan Barker, et le parcours, les d\u00e9fis et les aspirations de <strong>Musique Cordiale<\/strong>. Pour plus de d\u00e9tails sur la direction actuelle et l&rsquo;organisation du festival, voir <em><a href=\"https:\/\/www.musique-cordiale.com\/fr\/nous-contacter\/\" data-type=\"URL\" data-id=\"https:\/\/www.musique-cordiale.com\/contact\/\">NOUS CONTACTER<\/a><\/em><\/p>\n<\/div><\/div>\n\n<div class=\"wp-block-group is-vertical is-content-justification-center is-layout-flex wp-container-core-group-is-layout-48c2c4f0 wp-block-group-is-layout-flex\"><div class=\"wp-block-image\">\n<figure class=\"aligncenter size-full is-resized\"><img data-recalc-dims=\"1\" loading=\"lazy\" decoding=\"async\" width=\"640\" height=\"480\" src=\"https:\/\/i0.wp.com\/www.musique-cordiale.com\/wp-content\/uploads\/2023\/06\/M-C-planning-2023.jpg?resize=640%2C480&#038;ssl=1\" alt=\"\" class=\"wp-image-40878\" style=\"width:355px;height:auto\" srcset=\"https:\/\/i0.wp.com\/www.musique-cordiale.com\/wp-content\/uploads\/2023\/06\/M-C-planning-2023.jpg?w=2000&amp;ssl=1 2000w, https:\/\/i0.wp.com\/www.musique-cordiale.com\/wp-content\/uploads\/2023\/06\/M-C-planning-2023.jpg?resize=768%2C576&amp;ssl=1 768w, https:\/\/i0.wp.com\/www.musique-cordiale.com\/wp-content\/uploads\/2023\/06\/M-C-planning-2023.jpg?resize=1536%2C1152&amp;ssl=1 1536w, https:\/\/i0.wp.com\/www.musique-cordiale.com\/wp-content\/uploads\/2023\/06\/M-C-planning-2023.jpg?resize=750%2C563&amp;ssl=1 750w, https:\/\/i0.wp.com\/www.musique-cordiale.com\/wp-content\/uploads\/2023\/06\/M-C-planning-2023.jpg?w=1280&amp;ssl=1 1280w, https:\/\/i0.wp.com\/www.musique-cordiale.com\/wp-content\/uploads\/2023\/06\/M-C-planning-2023.jpg?w=1920&amp;ssl=1 1920w\" sizes=\"auto, (max-width: 640px) 100vw, 640px\" \/><\/figure><\/div><\/div>\n\n<hr class=\"wp-block-separator has-alpha-channel-opacity\"\/>\n\n<figure class=\"wp-block-gallery aligncenter has-nested-images columns-default is-cropped wp-block-gallery-1 is-layout-flex wp-block-gallery-is-layout-flex\">\n<figure class=\"wp-block-image size-large\"><img data-recalc-dims=\"1\" loading=\"lazy\" decoding=\"async\" width=\"640\" height=\"639\" data-id=\"40379\" src=\"https:\/\/i0.wp.com\/www.musique-cordiale.com\/wp-content\/uploads\/2023\/06\/Dior-Montauroux-2019.jpg?resize=640%2C639&#038;ssl=1\" alt=\"\" class=\"wp-image-40379\" srcset=\"https:\/\/i0.wp.com\/www.musique-cordiale.com\/wp-content\/uploads\/2023\/06\/Dior-Montauroux-2019.jpg?w=2048&amp;ssl=1 2048w, https:\/\/i0.wp.com\/www.musique-cordiale.com\/wp-content\/uploads\/2023\/06\/Dior-Montauroux-2019.jpg?resize=150%2C150&amp;ssl=1 150w, https:\/\/i0.wp.com\/www.musique-cordiale.com\/wp-content\/uploads\/2023\/06\/Dior-Montauroux-2019.jpg?resize=768%2C767&amp;ssl=1 768w, https:\/\/i0.wp.com\/www.musique-cordiale.com\/wp-content\/uploads\/2023\/06\/Dior-Montauroux-2019.jpg?resize=1536%2C1534&amp;ssl=1 1536w, https:\/\/i0.wp.com\/www.musique-cordiale.com\/wp-content\/uploads\/2023\/06\/Dior-Montauroux-2019.jpg?resize=600%2C600&amp;ssl=1 600w, https:\/\/i0.wp.com\/www.musique-cordiale.com\/wp-content\/uploads\/2023\/06\/Dior-Montauroux-2019.jpg?resize=750%2C749&amp;ssl=1 750w, https:\/\/i0.wp.com\/www.musique-cordiale.com\/wp-content\/uploads\/2023\/06\/Dior-Montauroux-2019.jpg?resize=100%2C100&amp;ssl=1 100w, https:\/\/i0.wp.com\/www.musique-cordiale.com\/wp-content\/uploads\/2023\/06\/Dior-Montauroux-2019.jpg?w=1280&amp;ssl=1 1280w, https:\/\/i0.wp.com\/www.musique-cordiale.com\/wp-content\/uploads\/2023\/06\/Dior-Montauroux-2019.jpg?w=1920&amp;ssl=1 1920w\" sizes=\"auto, (max-width: 640px) 100vw, 640px\" \/><\/figure>\n\n\n\n<figure class=\"wp-block-image size-large\"><img data-recalc-dims=\"1\" loading=\"lazy\" decoding=\"async\" width=\"640\" height=\"427\" data-id=\"40631\" src=\"https:\/\/i0.wp.com\/www.musique-cordiale.com\/wp-content\/uploads\/2023\/06\/Peter-Ryan-horn.jpg?resize=640%2C427&#038;ssl=1\" alt=\"\" class=\"wp-image-40631\" srcset=\"https:\/\/i0.wp.com\/www.musique-cordiale.com\/wp-content\/uploads\/2023\/06\/Peter-Ryan-horn.jpg?w=1024&amp;ssl=1 1024w, https:\/\/i0.wp.com\/www.musique-cordiale.com\/wp-content\/uploads\/2023\/06\/Peter-Ryan-horn.jpg?resize=768%2C512&amp;ssl=1 768w, https:\/\/i0.wp.com\/www.musique-cordiale.com\/wp-content\/uploads\/2023\/06\/Peter-Ryan-horn.jpg?resize=750%2C500&amp;ssl=1 750w\" sizes=\"auto, (max-width: 640px) 100vw, 640px\" \/><\/figure>\n\n\n\n<figure class=\"wp-block-image size-large\"><img data-recalc-dims=\"1\" loading=\"lazy\" decoding=\"async\" width=\"640\" height=\"809\" data-id=\"40340\" src=\"https:\/\/i0.wp.com\/www.musique-cordiale.com\/wp-content\/uploads\/2023\/05\/James-Hall-counter-tenor.jpg?resize=640%2C809&#038;ssl=1\" alt=\"\" class=\"wp-image-40340\"\/><\/figure>\n\n\n\n<figure class=\"wp-block-image size-large\"><img data-recalc-dims=\"1\" loading=\"lazy\" decoding=\"async\" width=\"640\" height=\"426\" data-id=\"39675\" src=\"https:\/\/i0.wp.com\/www.musique-cordiale.com\/wp-content\/uploads\/2023\/06\/Emma-Purslow.jpeg?resize=640%2C426&#038;ssl=1\" alt=\"\" class=\"wp-image-39675\"\/><\/figure>\n\n\n\n<figure class=\"wp-block-image size-large\"><img data-recalc-dims=\"1\" loading=\"lazy\" decoding=\"async\" width=\"640\" height=\"953\" data-id=\"39526\" src=\"https:\/\/i0.wp.com\/www.musique-cordiale.com\/wp-content\/uploads\/2023\/05\/Aidan-Coburn-M-C-2022.jpg?resize=640%2C953&#038;ssl=1\" alt=\"\" class=\"wp-image-39526\" srcset=\"https:\/\/i0.wp.com\/www.musique-cordiale.com\/wp-content\/uploads\/2023\/05\/Aidan-Coburn-M-C-2022.jpg?w=930&amp;ssl=1 930w, https:\/\/i0.wp.com\/www.musique-cordiale.com\/wp-content\/uploads\/2023\/05\/Aidan-Coburn-M-C-2022.jpg?resize=768%2C1144&amp;ssl=1 768w, https:\/\/i0.wp.com\/www.musique-cordiale.com\/wp-content\/uploads\/2023\/05\/Aidan-Coburn-M-C-2022.jpg?resize=750%2C1117&amp;ssl=1 750w\" sizes=\"auto, (max-width: 640px) 100vw, 640px\" \/><\/figure>\n\n\n\n<figure class=\"wp-block-image size-large\"><img data-recalc-dims=\"1\" loading=\"lazy\" decoding=\"async\" width=\"640\" height=\"853\" data-id=\"40519\" src=\"https:\/\/i0.wp.com\/www.musique-cordiale.com\/wp-content\/uploads\/2023\/06\/Kayleigh-Neff-tompette.jpg?resize=640%2C853&#038;ssl=1\" alt=\"\" class=\"wp-image-40519\" srcset=\"https:\/\/i0.wp.com\/www.musique-cordiale.com\/wp-content\/uploads\/2023\/06\/Kayleigh-Neff-tompette.jpg?w=768&amp;ssl=1 768w, https:\/\/i0.wp.com\/www.musique-cordiale.com\/wp-content\/uploads\/2023\/06\/Kayleigh-Neff-tompette.jpg?resize=750%2C1000&amp;ssl=1 750w\" sizes=\"auto, (max-width: 640px) 100vw, 640px\" \/><\/figure>\n\n\n<div class=\"wp-block-image\">\n<figure class=\"alignleft size-large\"><img data-recalc-dims=\"1\" loading=\"lazy\" decoding=\"async\" width=\"622\" height=\"350\" data-id=\"38258\" src=\"https:\/\/i0.wp.com\/www.musique-cordiale.com\/wp-content\/uploads\/2023\/03\/WhatsApp-Image-2023-01-20-at-09.01.54.jpeg?resize=622%2C350&#038;ssl=1\" alt=\"\" class=\"wp-image-38258\" srcset=\"https:\/\/i0.wp.com\/www.musique-cordiale.com\/wp-content\/uploads\/2023\/03\/WhatsApp-Image-2023-01-20-at-09.01.54.jpeg?resize=622%2C350&amp;ssl=1 622w, https:\/\/i0.wp.com\/www.musique-cordiale.com\/wp-content\/uploads\/2023\/03\/WhatsApp-Image-2023-01-20-at-09.01.54.jpeg?resize=750%2C422&amp;ssl=1 750w, https:\/\/i0.wp.com\/www.musique-cordiale.com\/wp-content\/uploads\/2023\/03\/WhatsApp-Image-2023-01-20-at-09.01.54.jpeg?resize=300%2C169&amp;ssl=1 300w, https:\/\/i0.wp.com\/www.musique-cordiale.com\/wp-content\/uploads\/2023\/03\/WhatsApp-Image-2023-01-20-at-09.01.54.jpeg?resize=768%2C432&amp;ssl=1 768w, https:\/\/i0.wp.com\/www.musique-cordiale.com\/wp-content\/uploads\/2023\/03\/WhatsApp-Image-2023-01-20-at-09.01.54.jpeg?resize=1536%2C864&amp;ssl=1 1536w, https:\/\/i0.wp.com\/www.musique-cordiale.com\/wp-content\/uploads\/2023\/03\/WhatsApp-Image-2023-01-20-at-09.01.54.jpeg?w=1600&amp;ssl=1 1600w, https:\/\/i0.wp.com\/www.musique-cordiale.com\/wp-content\/uploads\/2023\/03\/WhatsApp-Image-2023-01-20-at-09.01.54.jpeg?w=1280&amp;ssl=1 1280w\" sizes=\"auto, (max-width: 622px) 100vw, 622px\" \/><\/figure><\/div><\/figure>\n","protected":false},"excerpt":{"rendered":"<p>Musique Cordiale est un festival annuel r\u00e9unissant des solistes de classe mondiale, des instrumentistes professionnels et \u00e9mergents et une chorale amateur enthousiaste et accomplie pour pr\u00e9senter un programme de concerts passionnants en Provence, en France. (Il existe \u00e9galement une s\u00e9rie de concerts d&rsquo;automne dans le Kent, en Grande-Bretagne, mettant g\u00e9n\u00e9ralement en vedette des moments forts [&hellip;]<\/p>\n","protected":false},"author":4,"featured_media":49094,"parent":14832,"menu_order":0,"comment_status":"closed","ping_status":"closed","template":"","meta":{"_acf_changed":false,"_monsterinsights_skip_tracking":false,"_monsterinsights_sitenote_active":false,"_monsterinsights_sitenote_note":"","_monsterinsights_sitenote_category":0,"_uf_show_specific_survey":0,"_uf_disable_surveys":false,"advanced_seo_description":"","jetpack_seo_html_title":"","jetpack_seo_noindex":false,"footnotes":""},"class_list":["post-38624","page","type-page","status-publish","has-post-thumbnail","hentry"],"acf":[],"jetpack_sharing_enabled":true,"jetpack-related-posts":[{"id":38214,"url":"https:\/\/www.musique-cordiale.com\/fr\/image-et-musique-de-festivals-recents\/","url_meta":{"origin":38624,"position":0},"title":"Images et Musique de Festivals R\u00e9cents","author":"Jonathan Barker","date":"08\/03\/2023","format":false,"excerpt":"\u00a0Retour sur les \u00e9v\u00e9nements r\u00e9cents - performant pendant la pand\u00e9mie 2022 l'ann\u00e9ee derni\u00e8re L'ann\u00e9e 18e: Musique-Cordiale dans le Kent, encore avec son choeur et son orchestre Europ\u00e9en: concerts du mini-Festival Musique-Cordiale, 29 juillet - 3 ao\u00fbt 2022 y compris le Petit Messe Solennelle de Rossini Et pour nos fid\u00e8les supporters\u2026","rel":"","context":"Article similaire","block_context":{"text":"Article similaire","link":""},"img":{"alt_text":"","src":"https:\/\/i0.wp.com\/www.musique-cordiale.com\/wp-content\/uploads\/2014\/11\/2014-08-12_2675.jpg?resize=350%2C200&ssl=1","width":350,"height":200,"srcset":"https:\/\/i0.wp.com\/www.musique-cordiale.com\/wp-content\/uploads\/2014\/11\/2014-08-12_2675.jpg?resize=350%2C200&ssl=1 1x, https:\/\/i0.wp.com\/www.musique-cordiale.com\/wp-content\/uploads\/2014\/11\/2014-08-12_2675.jpg?resize=525%2C300&ssl=1 1.5x, https:\/\/i0.wp.com\/www.musique-cordiale.com\/wp-content\/uploads\/2014\/11\/2014-08-12_2675.jpg?resize=700%2C400&ssl=1 2x"},"classes":[]},{"id":36130,"url":"https:\/\/www.musique-cordiale.com\/fr\/choeur-de-musique-cordiale\/join-the-2022-choir-in-kent\/","url_meta":{"origin":38624,"position":1},"title":"Rejoignez le choeur de 2022 dans le Kent","author":"Jonathan Barker","date":"16\/03\/2022","format":false,"excerpt":"(Les derni\u00e8res informations et les formulaires d'inscription (en anglais) pour le choeur 2022 sont ICI Latest information & enrolment forms for the 2022 choir) Les informations initiales sur le choeur l'\u00e9t\u00e9 2022 en anglais sont ICI Initial choir information for summer 2022 in English) Cet \u00e9t\u00e9, notre 18\u00e8me ann\u00e9e, Musique\u2026","rel":"","context":"Article similaire","block_context":{"text":"Article similaire","link":""},"img":{"alt_text":"","src":"https:\/\/i0.wp.com\/www.musique-cordiale.com\/wp-content\/uploads\/2022\/03\/WhatsApp-Image-2022-02-27-at-22.08.31-300x135.jpeg?resize=350%2C200&ssl=1","width":350,"height":200},"classes":[]},{"id":37830,"url":"https:\/\/www.musique-cordiale.com\/fr\/programme-billets\/","url_meta":{"origin":38624,"position":2},"title":"BOX OFFICE: Programme et Billetterie en ligne","author":"Jonathan Barker","date":"24\/01\/2023","format":false,"excerpt":"Le programme pour le festival d'\u00e9t\u00e9 2026 et les nouvelles modalit\u00e9s de billetterieseront annonc\u00e9s apr\u00e8s P\u00e2ques. 22me FESTIVAL de MUSIQUE dans le beau Pays de Fayence, France: Concerts \u00e0 l'heure du d\u00e9jeuner et en soir\u00e9e du 29 juillet au 8 ao\u00fbt 2026 - et cliquez ici pour voir les d\u00e9tails\u2026","rel":"","context":"Article similaire","block_context":{"text":"Article similaire","link":""},"img":{"alt_text":"","src":"https:\/\/i0.wp.com\/www.musique-cordiale.com\/wp-content\/uploads\/2023\/01\/49516009783_28e26a00da_o-scaled.jpg?fit=1200%2C900&ssl=1&resize=350%2C200","width":350,"height":200,"srcset":"https:\/\/i0.wp.com\/www.musique-cordiale.com\/wp-content\/uploads\/2023\/01\/49516009783_28e26a00da_o-scaled.jpg?fit=1200%2C900&ssl=1&resize=350%2C200 1x, https:\/\/i0.wp.com\/www.musique-cordiale.com\/wp-content\/uploads\/2023\/01\/49516009783_28e26a00da_o-scaled.jpg?fit=1200%2C900&ssl=1&resize=525%2C300 1.5x, https:\/\/i0.wp.com\/www.musique-cordiale.com\/wp-content\/uploads\/2023\/01\/49516009783_28e26a00da_o-scaled.jpg?fit=1200%2C900&ssl=1&resize=700%2C400 2x, https:\/\/i0.wp.com\/www.musique-cordiale.com\/wp-content\/uploads\/2023\/01\/49516009783_28e26a00da_o-scaled.jpg?fit=1200%2C900&ssl=1&resize=1050%2C600 3x"},"classes":[]},{"id":36220,"url":"https:\/\/www.musique-cordiale.com\/fr\/programme-box-office-summer-2022\/","url_meta":{"origin":38624,"position":3},"title":"Programmes 2023 &#8211; 2025","author":"Jonathan Barker","date":"13\/05\/2022","format":false,"excerpt":"The Programme for the 2025 International Festival (29 July - 10 August 2025)will be published in the Springand the BOX OFFICE OPENS at EASTER (21 APRIL 2025) For more information about Musique Cordiale, see our Home pagePour plus d'informations sur Musique Cordiale, consultez notre page d'accueil ICI en fran\u00e7ais *********************************\u2026","rel":"","context":"Article similaire","block_context":{"text":"Article similaire","link":""},"img":{"alt_text":"","src":"https:\/\/i0.wp.com\/www.musique-cordiale.com\/wp-content\/uploads\/2022\/06\/MC-concert-2022-06-04.jpeg?fit=1200%2C554&ssl=1&resize=350%2C200","width":350,"height":200,"srcset":"https:\/\/i0.wp.com\/www.musique-cordiale.com\/wp-content\/uploads\/2022\/06\/MC-concert-2022-06-04.jpeg?fit=1200%2C554&ssl=1&resize=350%2C200 1x, https:\/\/i0.wp.com\/www.musique-cordiale.com\/wp-content\/uploads\/2022\/06\/MC-concert-2022-06-04.jpeg?fit=1200%2C554&ssl=1&resize=525%2C300 1.5x, https:\/\/i0.wp.com\/www.musique-cordiale.com\/wp-content\/uploads\/2022\/06\/MC-concert-2022-06-04.jpeg?fit=1200%2C554&ssl=1&resize=700%2C400 2x, https:\/\/i0.wp.com\/www.musique-cordiale.com\/wp-content\/uploads\/2022\/06\/MC-concert-2022-06-04.jpeg?fit=1200%2C554&ssl=1&resize=1050%2C600 3x"},"classes":[]},{"id":43182,"url":"https:\/\/www.musique-cordiale.com\/fr\/rejoignez-la-chorale-automne-dans-le-kent-2023\/","url_meta":{"origin":38624,"position":4},"title":"Rejoignez le choeur\u00a0:  l&rsquo;automne dans le Kent 2023","author":"Jonathan Barker","date":"28\/08\/2023","format":false,"excerpt":"9-12 Novembre 2023 ** INFORMATIONS PROJET ACTUALIS\u00c9ES uniquement ** \u00c0 tous les amis joueurs et chanteurs : toutes les informations seront bient\u00f4t disponibles ! Vous \u00eates peut-\u00eatre \u00e9puis\u00e9. MAIS s'il vous pla\u00eet, pensez \u00e0 nous rejoindre pour davantage de cr\u00e9ation musicale dans le Kent, du 9 au 12 novembre. Les\u2026","rel":"","context":"Article similaire","block_context":{"text":"Article similaire","link":""},"img":{"alt_text":"","src":"https:\/\/i0.wp.com\/www.musique-cordiale.com\/wp-content\/uploads\/2023\/08\/Musique-Cordiale-Seillans-120823-33-scaled.jpg?resize=350%2C200","width":350,"height":200,"srcset":"https:\/\/i0.wp.com\/www.musique-cordiale.com\/wp-content\/uploads\/2023\/08\/Musique-Cordiale-Seillans-120823-33-scaled.jpg?resize=350%2C200 1x, https:\/\/i0.wp.com\/www.musique-cordiale.com\/wp-content\/uploads\/2023\/08\/Musique-Cordiale-Seillans-120823-33-scaled.jpg?resize=525%2C300 1.5x, https:\/\/i0.wp.com\/www.musique-cordiale.com\/wp-content\/uploads\/2023\/08\/Musique-Cordiale-Seillans-120823-33-scaled.jpg?resize=700%2C400 2x, https:\/\/i0.wp.com\/www.musique-cordiale.com\/wp-content\/uploads\/2023\/08\/Musique-Cordiale-Seillans-120823-33-scaled.jpg?resize=1050%2C600 3x, https:\/\/i0.wp.com\/www.musique-cordiale.com\/wp-content\/uploads\/2023\/08\/Musique-Cordiale-Seillans-120823-33-scaled.jpg?resize=1400%2C800 4x"},"classes":[]},{"id":44264,"url":"https:\/\/www.musique-cordiale.com\/fr\/rejoignez-le-choeur-du-festival-ete-2024\/","url_meta":{"origin":38624,"position":5},"title":"Rejoignez le ch\u0153ur du festival, \u00e9t\u00e9 2026","author":"Jonathan Barker","date":"26\/12\/2023","format":false,"excerpt":"22e \u00e9dition annuelle du Festival International MUSIQUE CORDIALE Les informations concernant le choeur du festival 2026seront bient\u00f4t disponibles\u00a0ici!Dates du festival international : du 29 juillet au 8 ao\u00fbt 2025 (Dates du ch\u0153ur 2026 : du 2 au 9 ao\u00fbt) ORGANISATION DU FESTIVAL AU PAYS DE FAYENCE CET \u00c9T\u00c9.du 29 juillet\u2026","rel":"","context":"Article similaire","block_context":{"text":"Article similaire","link":""},"img":{"alt_text":"","src":"https:\/\/i0.wp.com\/www.musique-cordiale.com\/wp-content\/uploads\/2023\/08\/Musique-Cordiale-Seillans-120823-38-scaled.jpg?fit=1200%2C624&ssl=1&resize=350%2C200","width":350,"height":200,"srcset":"https:\/\/i0.wp.com\/www.musique-cordiale.com\/wp-content\/uploads\/2023\/08\/Musique-Cordiale-Seillans-120823-38-scaled.jpg?fit=1200%2C624&ssl=1&resize=350%2C200 1x, https:\/\/i0.wp.com\/www.musique-cordiale.com\/wp-content\/uploads\/2023\/08\/Musique-Cordiale-Seillans-120823-38-scaled.jpg?fit=1200%2C624&ssl=1&resize=525%2C300 1.5x, https:\/\/i0.wp.com\/www.musique-cordiale.com\/wp-content\/uploads\/2023\/08\/Musique-Cordiale-Seillans-120823-38-scaled.jpg?fit=1200%2C624&ssl=1&resize=700%2C400 2x, https:\/\/i0.wp.com\/www.musique-cordiale.com\/wp-content\/uploads\/2023\/08\/Musique-Cordiale-Seillans-120823-38-scaled.jpg?fit=1200%2C624&ssl=1&resize=1050%2C600 3x"},"classes":[]}],"jetpack_shortlink":"https:\/\/wp.me\/PaEPkm-a2Y","_links":{"self":[{"href":"https:\/\/www.musique-cordiale.com\/fr\/wp-json\/wp\/v2\/pages\/38624","targetHints":{"allow":["GET"]}}],"collection":[{"href":"https:\/\/www.musique-cordiale.com\/fr\/wp-json\/wp\/v2\/pages"}],"about":[{"href":"https:\/\/www.musique-cordiale.com\/fr\/wp-json\/wp\/v2\/types\/page"}],"author":[{"embeddable":true,"href":"https:\/\/www.musique-cordiale.com\/fr\/wp-json\/wp\/v2\/users\/4"}],"replies":[{"embeddable":true,"href":"https:\/\/www.musique-cordiale.com\/fr\/wp-json\/wp\/v2\/comments?post=38624"}],"version-history":[{"count":1,"href":"https:\/\/www.musique-cordiale.com\/fr\/wp-json\/wp\/v2\/pages\/38624\/revisions"}],"predecessor-version":[{"id":49114,"href":"https:\/\/www.musique-cordiale.com\/fr\/wp-json\/wp\/v2\/pages\/38624\/revisions\/49114"}],"up":[{"embeddable":true,"href":"https:\/\/www.musique-cordiale.com\/fr\/wp-json\/wp\/v2\/pages\/14832"}],"wp:featuredmedia":[{"embeddable":true,"href":"https:\/\/www.musique-cordiale.com\/fr\/wp-json\/wp\/v2\/media\/49094"}],"wp:attachment":[{"href":"https:\/\/www.musique-cordiale.com\/fr\/wp-json\/wp\/v2\/media?parent=38624"}],"curies":[{"name":"wp","href":"https:\/\/api.w.org\/{rel}","templated":true}]}}