{"id":41608,"date":"2023-06-30T20:13:51","date_gmt":"2023-06-30T20:13:51","guid":{"rendered":"https:\/\/www.musique-cordiale.com\/?page_id=41608"},"modified":"2023-06-30T20:42:46","modified_gmt":"2023-06-30T20:42:46","slug":"questions-frequemment-posees-faqs","status":"publish","type":"page","link":"https:\/\/www.musique-cordiale.com\/fr\/questions-frequemment-posees-faqs\/","title":{"rendered":"Questions fr\u00e9quemment pos\u00e9es (FAQs)"},"content":{"rendered":"\n<p><em>(Page en cours de d\u00e9veloppement\u00a0: veuillez nous indiquer les autres questions que nous devrions ajouter pour vous\u00a0!)<\/em><br>VERSION IN ENGLISH is <strong><em><a href=\"https:\/\/www.musique-cordiale.com\/participate\/faqs\/\" data-type=\"URL\" data-id=\"https:\/\/www.musique-cordiale.com\/participate\/faqs\/\">HERE<\/a><\/em><\/strong><\/p>\n\n\n\n<ul class=\"wp-block-list\">\n<li><strong>O\u00f9 est le Festival Musique Cordiale 2023 ? <\/strong>Tous les lieux de l&rsquo;\u00e9v\u00e9nement sont situ\u00e9s dans le Var (D\u00e9partement) en &lsquo;Provence&rsquo; dans le S E de la France (\u00e0 peu pr\u00e8s dans un triangle entre Grasse, Aix et Saint-Rapha\u00ebl. Les concerts ont lieu cette ann\u00e9e \u00e0 Seillans, Bagnols-en-For\u00eat, Mons, Montauroux , Tanneron (tous en Pays de Fayence), Claviers &amp; Bargemon plus Saint-Rapha\u00ebl.La plupart des concerts du midi se d\u00e9roulent \u00e0 Seillans (\u00e9galement \u00e0 Fayence, Tanneron, Montauroux et dans chaque village du Pays de Fayence encore cette ann\u00e9e). est \u00e9galement \u00e0 ou pr\u00e8s de Seillans.Il y a une carte sur chaque page de r\u00e9servation de concert sur ce site qui vous montrera exactement o\u00f9 chaque \u00e9v\u00e9nement a lieu.<\/li>\n\n\n\n<li><strong>Quel est le num\u00e9ro de t\u00e9l\u00e9phone de la billetterie&nbsp;?<\/strong>  <br>REMARQUE : Nouveau num\u00e9ro de t\u00e9l\u00e9phone (\u00e0 partir de mi-juillet 2023):<strong>+33 (0)7 83 02 07 53 <\/strong> mais <strong>il est plus facile et moins cher de r\u00e9server en ligne <\/strong>(mais pas apr\u00e8s 15h le jour du concert lui-m\u00eame). Vous pouvez \u00e9galement acheter \u00e0 la porte.<\/li>\n\n\n\n<li><strong>A quelles heures commencent et finissent les concerts ? <\/strong>La plupart des concerts du midi commencent \u00e0 12h30 et durent entre 45 et 60 minutes. La plupart des concerts du soir commencent \u00e0 20h (20h) ou 21h (21h) si en ext\u00e9rieur et incluent un entracte de 30 minutes ; <br>les concerts se terminent donc g\u00e9n\u00e9ralement entre 22h et 23h. Certains concerts commencent \u00e0 21h, y compris les \u00e9v\u00e9nements en plein air ou l&rsquo;op\u00e9ra qui commence \u00e0 21h \u2013 21h \u2013 (il faut qu&rsquo;il fasse noir pour les surtitres en 2 langues) et durera 2 heures, entracte comprise. <br><em>Le concert au Val d&rsquo;Iris, boissons comprises, peut \u00e9galement durer 2 heures ; \u00e7a commence \u00e0 21h. (21h) et est ouvert uniquement sur pr\u00e9-r\u00e9servation.<\/em><\/li>\n\n\n\n<li><strong>Mon enfant peut-il se rendre seul \u00e0 un \u00e9v\u00e9nement du Festival ?<\/strong> D\u00e9sol\u00e9, mais tous les enfants \u00e2g\u00e9s de 12 ans ou moins doivent \u00eatre accompagn\u00e9s d&rsquo;un adulte payant aux concerts en tout temps. Nous ne facturons pas de frais pour les si\u00e8ges (si\u00e8ges non r\u00e9serv\u00e9s uniquement) occup\u00e9s par des enfants \u00e2g\u00e9s de 12 ans ou moins &#8211; car nous esp\u00e9rons encourager les jeunes \u00e0 appr\u00e9cier la musique et les performances et \u00e0 partager leur plaisir. <em>Cependant, cette politique de places libres ne s&rsquo;applique PAS aux places premium ni aux billets pour l&rsquo;\u00e9v\u00e9nement de lancement le 26 juillet ou au Val d&rsquo;Iris le 9 ao\u00fbt 2023.<\/em><\/li>\n\n\n\n<li><strong>Puis-je acheter un billet pour couvrir tous les \u00e9v\u00e9nements&nbsp;? <\/strong>Vous pouvez acheter un abonnement de saison\/forfait, qui peut inclure un don optionnel (choisissez votre prix) \u00e0 Musique Cordiale (voir REJOINDRE, devenir ami ou m\u00e9c\u00e8ne\u2026 ou voir Billets &amp; r\u00e9servations). Sinon, vous ne pouvez acheter les billets que pour chaque \u00e9v\u00e9nement individuellement. Cependant, vous pouvez assister \u00e0 autant d&rsquo;\u00e9v\u00e9nements que vous le souhaitez !<\/li>\n\n\n\n<li><strong>Que se passe-t-il si je perds mes billets ? <\/strong>Si vous perdez vos billets, \u00e9crivez-nous ou appelez la billetterie ou \u00e0 la porte : nous avons une liste de tous les billets achet\u00e9s et ferons de notre mieux pour vous aider.<\/li>\n\n\n\n<li><strong>Je ne peux pas venir \u00e0 un spectacle&nbsp;; mes billets peuvent-ils \u00eatre rembours\u00e9s ? <\/strong>Tous les billets sont non remboursables. Cependant, si un spectacle est complet et que nous avons une liste d&rsquo;attente, nous essaierons de vendre les billets en votre nom. Mais nous ne pouvons pas garantir que nous pouvons le faire. En cas d&rsquo;annulation d&rsquo;un spectacle, les billets peuvent \u00eatre rembours\u00e9s ou \u00e9chang\u00e9s pour un autre spectacle.<\/li>\n\n\n\n<li><strong>A quelle heure ouvrent les portes avant un \u00e9v\u00e9nement ? <\/strong>Cela varie d&rsquo;un \u00e9v\u00e9nement \u00e0 l&rsquo;autre, mais normalement les portes seront ouvertes 30 minutes avant l&rsquo;heure de d\u00e9but publi\u00e9e. Pour les concerts gratuits du midi, les portes ouvrent 15 minutes avant l&rsquo;\u00e9v\u00e9nement. (la billetterie devant la porte des concerts du soir ouvre 60 minutes avant le concert ou une demi-heure avant l&rsquo;ouverture des portes).<\/li>\n\n\n\n<li><strong>Si je suis en retard, serai-je autoris\u00e9 \u00e0 entrer une fois l&rsquo;\u00e9v\u00e9nement commenc\u00e9&nbsp;? <\/strong>Oui, mais seulement \u00e0 un point qui ne d\u00e9rangera pas les musiciens ou les autres membres du public.<\/li>\n\n\n\n<li><strong>Y a-t-il des installations pour handicap\u00e9s? <\/strong>Dans la plupart des sites, il existe des installations accessibles, bien que les vieilles \u00e9glises des villes m\u00e9di\u00e9vales des collines puissent pr\u00e9senter un d\u00e9fi&nbsp;! Les concerts de la Salle Polyvalente de Seillans, de la Magnanerie et ceux de Fayence et de Saint-Rapha\u00ebl sont raisonnablement accessibles. L&rsquo;acc\u00e8s au Th\u00e9\u00e2tre Verdure se fait par le portail inf\u00e9rieur (au niveau de la sc\u00e8ne) sur demande. Dans les r\u00e9gions qui ne disposent pas de telles installations, nous ferons de notre mieux pour vous accueillir. Veuillez nous informer \u00e0 l&rsquo;avance si vous avez besoin d&rsquo;un acc\u00e8s en fauteuil roulant pendant un concert.<\/li>\n\n\n\n<li><strong>Y a-t-il de la nourriture ou des boissons disponibles \u00e0<\/strong> l&rsquo;achat lors des \u00e9v\u00e9nements&nbsp;? Des boissons gratuites sont servies pendant l&rsquo;entracte lors des concerts du soir et apr\u00e8s les concerts du midi. Certaines repr\u00e9sentations incluent un \u00ab ap\u00e9ritif dinatoire \u00bb ou une modeste \u00ab collation \u00bb et cela sera annonc\u00e9 dans le programme. Sinon, il y a des restaurants et des bars \u00e0 proximit\u00e9 de la plupart des lieux, mais ceux-ci peuvent n\u00e9cessiter une r\u00e9servation \u00e0 l&rsquo;avance les jours de concert. Il est possible pour les MEMBRES de l&rsquo;association (y compris les m\u00e9c\u00e8nes, amis, abonn\u00e9s, parrains, parents, conjoints etc. des artistes) d&rsquo;acheter des tickets pour se joindre aux repas pr\u00e9vus pour les musiciens apr\u00e8s la plupart des concerts du soir ; co\u00fbt 35 \u20ac par personne vin compris. S&rsquo;il vous pla\u00eet essayez de r\u00e9server bien \u00e0 l&rsquo;avance.<\/li>\n\n\n\n<li><strong>Puis-je apporter de la nourriture et des boissons sur place ?<\/strong> Les seules manifestations o\u00f9 il est possible d&rsquo;apporter de la nourriture et des boissons dans les locaux sont celles des repr\u00e9sentations en plein air et celles de la Salle Polyvalente de Seillans. Aucune nourriture ou boisson ne peut \u00eatre consomm\u00e9e \u00e0 l&rsquo;int\u00e9rieur des lieux de l&rsquo;\u00e9glise. S&rsquo;il vous pla\u00eet profiter de vos rafra\u00eechissements \u00e0 l&rsquo;ext\u00e9rieur!<\/li>\n\n\n\n<li><strong>Puis-je photographier ou enregistrer des performances ?<\/strong> Aucun enregistrement ou photographie en int\u00e9rieur des performances n&rsquo;est autoris\u00e9 \u00e0 aucun moment, sauf autorisation pr\u00e9alable &#8211; sauf pendant les applaudissements. Veuillez \u00e9teindre le volume de vos t\u00e9l\u00e9phones et de toutes les applications pendant les concerts<\/li>\n\n\n\n<li><strong>Y aura-t-il des lumi\u00e8res clignotantes ou des images lors de l&rsquo;\u00e9v\u00e9nement&nbsp;?<\/strong> Pas habituellement, Le public sera averti au d\u00e9but de la repr\u00e9sentation.<\/li>\n\n\n\n<li><strong>O\u00f9 puis-je rester ? O\u00f9 puis-je manger ? <\/strong>Jetez un \u0153il \u00e0 la page \u00ab Voyager, s\u00e9journer, manger \u00bb (\u00e0 finaliser). Il y a des h\u00f4tels et des chambres d&rsquo;h\u00f4tes (B&amp;B) \u00e0 proximit\u00e9 de la plupart des sites, mais certains sont bien r\u00e9serv\u00e9s pendant le festival et la saison estivale. Des sites Web comme Booking.com, AirbnB et TripAdvisor sont un bon d\u00e9but, fournissant des listes par prix ou par emplacement et offrant des installations de r\u00e9servation en ligne ainsi que les coordonn\u00e9es et les informations de disponibilit\u00e9 pour les h\u00f4tels individuels et les chambres d&rsquo;h\u00f4te.<\/li>\n\n\n\n<li><strong>Puis-je apporter un camping-car ou une tente ? <\/strong>Il existe un certain nombre de campings locaux qui accueillent les camping-cars. La r\u00e9servation pr\u00e9alable est conseill\u00e9e.<\/li>\n\n\n\n<li><strong>O\u00f9 est la gare\/l&rsquo;a\u00e9roport le plus proche ? <\/strong>Les gares les plus proches sont Draguignan Les Arcs (TGV), Saint-Rapha\u00ebl, Cannes et Nice. Les a\u00e9roports les plus proches sont Nice et Toulon Hy\u00e8res. Marseille est \u00e9galement accessible en voiture.<\/li>\n\n\n\n<li><strong>Combien co\u00fbtera le stationnement au festiva<\/strong>l ? Le stationnement dans les villes est g\u00e9n\u00e9ralement gratuit, mais l&rsquo;espace \u00e0 proximit\u00e9 de certains sites peut \u00eatre tr\u00e8s limit\u00e9.<\/li>\n\n\n\n<li><strong>Que se passe-t-il si un \u00e9v\u00e9nement est annul\u00e9 par Musique Cordiale \u00e0 cause du mauvais temps par exemple ? <\/strong>Si un \u00e9v\u00e9nement est annul\u00e9 pour quelque raison que ce soit, un remboursement complet sera effectu\u00e9. En cas de mauvais temps lors d&rsquo;une journ\u00e9e comportant une repr\u00e9sentation en plein air, nous nous efforcerons de d\u00e9placer l&rsquo;\u00e9v\u00e9nement \u00e0 l&rsquo;int\u00e9rieur. Dans le cas o\u00f9 un artiste est malade, nous pouvons essayer de lui trouver un rempla\u00e7ant. Si une repr\u00e9sentation a lieu avec des artistes remplac\u00e9s, nous ne rembourserons g\u00e9n\u00e9ralement pas les billets. Mais, si vous avez pr\u00e9vu de venir uniquement parce qu&rsquo;un artiste en particulier devait se produire, parlez-nous d\u00e8s que possible.<\/li>\n\n\n\n<li><strong>Pourrai-je retirer de l&rsquo;argent au festival ?<\/strong> Un distributeur de billets est disponible 24h\/24 et 7j\/7 \u00e0 la poste de Seillans et dans les banques de Fayence, Montauroux, Bargemon, Saint-Rapha\u00ebl et d&rsquo;autres communes.<\/li>\n\n\n\n<li><strong>Y aura-t-il des toilettes disponibles ?<\/strong> Les installations sanitaires sont limit\u00e9es dans de nombreux sites anciens. Nous avons des toilettes portables dans quelques sites. La carte indiquera o\u00f9 se trouvent les toilettes &#8211; ou veuillez demander.<\/li>\n\n\n\n<li><strong>Puis-je fumer pendant le festival ? <\/strong>Comme presque partout en Europe, il est interdit de fumer \u00e0 l&rsquo;int\u00e9rieur des b\u00e2timents qui organisent des \u00e9v\u00e9nements pour Musique Cordiale. Cependant, vous avez le droit de fumer \u00e0 l&rsquo;ext\u00e9rieur de ces b\u00e2timents : veuillez le faire avec courtoisie !<\/li>\n\n\n\n<li><strong>J&rsquo;aimerais chanter ou jouer dans un futur festival. Qui dois-je contacter ?<\/strong> Les chanteurs amateurs exp\u00e9riment\u00e9s et comp\u00e9tents sont toujours les bienvenus. Nous demanderons une courte audition ou une vid\u00e9o et\/ou une mention \u00e9logieuse. Contactez la directrice artistique, Pippa Pawlik au +44 (0)7976 301443 ou \u00e0 <span \n                data-original-string='bqYaQ485LZMb\/Psf3tFUbg==b08sKzMrDlUr7DXWcGfw+tR8L2lF7P5mdeqhj6gg1GljwvceAHhMPKoKmBHvj77Ef4c'\n                class='apbct-email-encoder'\n                title='This contact has been encoded by Anti-Spam by CleanTalk. Click to decode. To finish the decoding make sure that JavaScript is enabled in your browser.'>pi<span class=\"apbct-blur\">*********<\/span>@<span class=\"apbct-blur\">**************<\/span>le.com<\/span>. Pour chanter voir <a href=\"https:\/\/www.musique-cordiale.com\/fr\/le-choeur-du-festival-et-lacademie-choral-2023\/\" data-type=\"URL\" data-id=\"https:\/\/www.musique-cordiale.com\/fr\/le-choeur-du-festival-et-lacademie-choral-2023\/\">CHOEUR ici.<\/a><\/li>\n\n\n\n<li><strong>Je joue d&rsquo;un instrument ou je chante et j&rsquo;ai entre 5 et 20 ans &#8211; ou je connais quelqu&rsquo;un qui correspond \u00e0 cette description et qui pourrait \u00eatre int\u00e9ress\u00e9 \u00e0 rejoindre l&rsquo;Acad\u00e9mie. Je voudrais \u00eatre \u00e9tudiant \u00e0 l&rsquo;Acad\u00e9mie.<\/strong> Consultez les pages de l&rsquo;Acad\u00e9mie ici ou <a href=\"https:\/\/www.musique-cordiale.com\/fr\/nous-contacter\/\" data-type=\"URL\" data-id=\"https:\/\/www.musique-cordiale.com\/fr\/nous-contacter\/\">contactez Pippa Pawlik<\/a><br><a href=\"https:\/\/www.musique-cordiale.com\/fr\/nous-contacter\/\" data-type=\"URL\" data-id=\"https:\/\/www.musique-cordiale.com\/fr\/nous-contacter\/\">ou email: <span \n                data-original-string='7xz8FjrXP\/O0amwyQ5W\/Lw==b08hUBAcdbz4qSwsfHGR2a4EHreXSQwwq0zUxyKQCVzz6w='\n                class='apbct-email-encoder'\n                title='This contact has been encoded by Anti-Spam by CleanTalk. Click to decode. To finish the decoding make sure that JavaScript is enabled in your browser.'>in<span class=\"apbct-blur\">**<\/span>@<span class=\"apbct-blur\">**************<\/span>le.com<\/span>.<\/a><\/li>\n\n\n\n<li><strong>J&rsquo;ai perdu quelque chose au festival. Comment puis-je le trouver ?<\/strong> Demandez \u00e0 la porte de tout concert, t\u00e9l\u00e9phonez \u00e0 l&rsquo;Office de Tourisme Intercommunal ou appelez-nous (voir liste de <a href=\"https:\/\/www.musique-cordiale.com\/fr\/nous-contacter\/\" data-type=\"URL\" data-id=\"https:\/\/www.musique-cordiale.com\/fr\/nous-contacter\/\">contact<\/a>s).<\/li>\n\n\n\n<li><strong>Puis-je faire du b\u00e9n\u00e9volat en tant qu&rsquo;assistant?<\/strong> Oui, nous accueillons tous les b\u00e9n\u00e9voles. Si vous \u00eates int\u00e9ress\u00e9 \u00e0 faire du b\u00e9n\u00e9volat, veuillez nous contacter.<\/li>\n\n\n\n<li><strong>Je suis int\u00e9ress\u00e9 \u00e0 sponsoriser un \u00e9v\u00e9nement \u2013 qui dois-je contacter ?<\/strong> Veuillez consulter notre page \u00ab\u00a0Sponsors\u00a0\u00bb ou <a href=\"https:\/\/www.musique-cordiale.com\/fr\/nous-contacter\/\" data-type=\"URL\" data-id=\"https:\/\/www.musique-cordiale.com\/fr\/nous-contacter\/\">contactez-nous <\/a>(voir la liste de contacts)<\/li>\n\n\n\n<li><strong>Je suis int\u00e9ress\u00e9 \u00e0 devenir vendeur, qui dois-je contacter ? <\/strong>Si vous souhaitez \u00eatre un vendeur \u00e0 notre festival, veuillez appeler ou envoyer un e-mail (voir la liste de contacts)<\/li>\n\n\n\n<li><strong>J&rsquo;ai une demande de presse qui dois-je contacter ? <\/strong>C<a href=\"https:\/\/www.musique-cordiale.com\/fr\/nous-contacter\/\" data-type=\"URL\" data-id=\"https:\/\/www.musique-cordiale.com\/fr\/nous-contacter\/\">ONTACT <\/a>PRESSE : Pippa Pawlik, (anglais, fran\u00e7ais, allemand) +44 7976 301443  e-mail : <span \n                data-original-string='EFEexNXVnaybs30YDUAQYw==b08rZkYiNTKkM7LchZ3PpSxr3i+U4kmMAYyZGo5CpJqO54='\n                class='apbct-email-encoder'\n                title='This contact has been encoded by Anti-Spam by CleanTalk. Click to decode. To finish the decoding make sure that JavaScript is enabled in your browser.'>pi<span class=\"apbct-blur\">***<\/span>@<span class=\"apbct-blur\">**************<\/span>le.com<\/span><\/li>\n\n\n\n<li>J<strong>e ne trouve pas la r\u00e9ponse \u00e0 ma question, qui puis-je conta<\/strong>cter ? (voir liste de contacts) <strong><span \n                data-original-string='WCtWzlw5\/0bpkPV3LMK4yw==b08tHO\/n+Jpp7ZklCO8E27FZ4718RAFoc55\/h4kBsurkno='\n                class='apbct-email-encoder'\n                title='This contact has been encoded by Anti-Spam by CleanTalk. Click to decode. To finish the decoding make sure that JavaScript is enabled in your browser.'>in<span class=\"apbct-blur\">**<\/span>@<span class=\"apbct-blur\">**************<\/span>le.com<\/span><\/strong><\/li>\n\n\n\n<li><strong>J&rsquo;ai des questions suppl\u00e9mentaires; qui dois-je appeler? <\/strong>(voir liste de <a href=\"https:\/\/www.musique-cordiale.com\/fr\/nous-contacter\/\" data-type=\"URL\" data-id=\"https:\/\/www.musique-cordiale.com\/fr\/nous-contacter\/\">contact<\/a>s)<\/li>\n\n\n\n<li><br><\/li>\n<\/ul>\n\n\n\n<pre class=\"wp-block-code\"><code><\/code><\/pre>\n\n\n\n<p><\/p>\n","protected":false},"excerpt":{"rendered":"<p>(Page en cours de d\u00e9veloppement\u00a0: veuillez nous indiquer les autres questions que nous devrions ajouter pour vous\u00a0!)VERSION IN ENGLISH is HERE<\/p>\n","protected":false},"author":3,"featured_media":0,"parent":0,"menu_order":0,"comment_status":"closed","ping_status":"closed","template":"","meta":{"_acf_changed":false,"_monsterinsights_skip_tracking":false,"_monsterinsights_sitenote_active":false,"_monsterinsights_sitenote_note":"","_monsterinsights_sitenote_category":0,"_uf_show_specific_survey":0,"_uf_disable_surveys":false,"advanced_seo_description":"","jetpack_seo_html_title":"","jetpack_seo_noindex":false,"footnotes":""},"class_list":["post-41608","page","type-page","status-publish","hentry"],"acf":[],"jetpack_sharing_enabled":true,"jetpack-related-posts":[{"id":49796,"url":"https:\/\/www.musique-cordiale.com\/fr\/book-2025-tickets-here\/","url_meta":{"origin":41608,"position":0},"title":"Book 2025 Tickets here","author":"Jonathan Barker","date":"16\/06\/2025","format":false,"excerpt":"You can book on the online BOX OFFICE pages OR you can book from the outline festival programme below: PROGRAMME du FESTIVAL 2025 Bienvenue \u00e0 notre 21e festival annuel ! Les concerts du midi (12h30) sont GRATUITS (dons appr\u00e9ci\u00e9s).Un concert gratuit est \u00e9galement propos\u00e9 en d\u00e9but de soir\u00e9e le 6\u2026","rel":"","context":"Article similaire","block_context":{"text":"Article similaire","link":""},"img":{"alt_text":"","src":"","width":0,"height":0},"classes":[]},{"id":38214,"url":"https:\/\/www.musique-cordiale.com\/fr\/image-et-musique-de-festivals-recents\/","url_meta":{"origin":41608,"position":1},"title":"Images et Musique de Festivals R\u00e9cents","author":"Jonathan Barker","date":"08\/03\/2023","format":false,"excerpt":"\u00a0Retour sur les \u00e9v\u00e9nements r\u00e9cents - performant pendant la pand\u00e9mie 2022 l'ann\u00e9ee derni\u00e8re L'ann\u00e9e 18e: Musique-Cordiale dans le Kent, encore avec son choeur et son orchestre Europ\u00e9en: concerts du mini-Festival Musique-Cordiale, 29 juillet - 3 ao\u00fbt 2022 y compris le Petit Messe Solennelle de Rossini Et pour nos fid\u00e8les supporters\u2026","rel":"","context":"Article similaire","block_context":{"text":"Article similaire","link":""},"img":{"alt_text":"","src":"https:\/\/i0.wp.com\/www.musique-cordiale.com\/wp-content\/uploads\/2014\/11\/2014-08-12_2675.jpg?resize=350%2C200&ssl=1","width":350,"height":200,"srcset":"https:\/\/i0.wp.com\/www.musique-cordiale.com\/wp-content\/uploads\/2014\/11\/2014-08-12_2675.jpg?resize=350%2C200&ssl=1 1x, https:\/\/i0.wp.com\/www.musique-cordiale.com\/wp-content\/uploads\/2014\/11\/2014-08-12_2675.jpg?resize=525%2C300&ssl=1 1.5x, https:\/\/i0.wp.com\/www.musique-cordiale.com\/wp-content\/uploads\/2014\/11\/2014-08-12_2675.jpg?resize=700%2C400&ssl=1 2x"},"classes":[]},{"id":37830,"url":"https:\/\/www.musique-cordiale.com\/fr\/programme-billets\/","url_meta":{"origin":41608,"position":2},"title":"BOX OFFICE: Programme et Billetterie en ligne","author":"Jonathan Barker","date":"24\/01\/2023","format":false,"excerpt":"Le programme 2026 et les nouvelles modalit\u00e9s de billetterie seront annonc\u00e9s \u00e0 P\u00e2ques. Le 21e Festival international annuel \u00e0 succ\u00e8s est d\u00e9sormais termin\u00e9\u00a0!Pays de Fayence, France, 2025 **BILLETTERIE MAINTENANT FERM\u00c9E\u00a0: voir cette page en anglais\u00a0!LA BILLETTERIE est FERM\u00c9E : Cliquez ICI pour voir cette page en fran\u00e7aisS'IL VOUS PLA\u00ceT REVENEZ\u2026","rel":"","context":"Article similaire","block_context":{"text":"Article similaire","link":""},"img":{"alt_text":"","src":"https:\/\/i0.wp.com\/www.musique-cordiale.com\/wp-content\/uploads\/2023\/01\/49516009783_28e26a00da_o-scaled.jpg?fit=1200%2C900&ssl=1&resize=350%2C200","width":350,"height":200,"srcset":"https:\/\/i0.wp.com\/www.musique-cordiale.com\/wp-content\/uploads\/2023\/01\/49516009783_28e26a00da_o-scaled.jpg?fit=1200%2C900&ssl=1&resize=350%2C200 1x, https:\/\/i0.wp.com\/www.musique-cordiale.com\/wp-content\/uploads\/2023\/01\/49516009783_28e26a00da_o-scaled.jpg?fit=1200%2C900&ssl=1&resize=525%2C300 1.5x, https:\/\/i0.wp.com\/www.musique-cordiale.com\/wp-content\/uploads\/2023\/01\/49516009783_28e26a00da_o-scaled.jpg?fit=1200%2C900&ssl=1&resize=700%2C400 2x, https:\/\/i0.wp.com\/www.musique-cordiale.com\/wp-content\/uploads\/2023\/01\/49516009783_28e26a00da_o-scaled.jpg?fit=1200%2C900&ssl=1&resize=1050%2C600 3x"},"classes":[]},{"id":50186,"url":"https:\/\/www.musique-cordiale.com\/programme-tickets-2025\/","url_meta":{"origin":41608,"position":3},"title":"Programme &amp; Tickets 2025","author":"Jonathan Barker","date":"19\/07\/2025","format":false,"excerpt":"PROGRAMME du FESTIVAL 2025La Billetterie du Festival 2025 est maintenant FERM\u00c9E Bienvenue \u00e0 notre 21e festival annuel !Les concerts du midi (12h30) sont GRATUITS (dons appr\u00e9ci\u00e9s).Un concert gratuit est \u00e9galement propos\u00e9 en d\u00e9but de soir\u00e9e le 6 ao\u00fbt. Veuillez r\u00e9server vos BILLETS pour les autres CONCERTS DU SOIR. Vous pouvez\u2026","rel":"","context":"Article similaire","block_context":{"text":"Article similaire","link":""},"img":{"alt_text":"","src":"","width":0,"height":0},"classes":[]},{"id":51156,"url":"https:\/\/www.musique-cordiale.com\/fr\/","url_meta":{"origin":41608,"position":4},"title":"Musique-Cordiale 2026","author":"Jonathan Barker","date":"04\/04\/2026","format":false,"excerpt":"Musique-Cordiale International Festival 2026Dates and initial information Festival International de Musique Cordiale 2026Dates et premi\u00e8res informations The Fundraiser Concert and Gala Dinner: 28 July 2026 Concert de bienfaisance et d\u00eener de gala\u00a0: 28 juillet 2026 Il s\u2019agit de notre \u00e9v\u00e9nement de lancement pour le festival de 2026.It's our launch event\u2026","rel":"","context":"Article similaire","block_context":{"text":"Article similaire","link":""},"img":{"alt_text":"","src":"https:\/\/i0.wp.com\/www.musique-cordiale.com\/wp-content\/uploads\/2026\/04\/MC-2025.jpg?resize=350%2C200&ssl=1","width":350,"height":200,"srcset":"https:\/\/i0.wp.com\/www.musique-cordiale.com\/wp-content\/uploads\/2026\/04\/MC-2025.jpg?resize=350%2C200&ssl=1 1x, https:\/\/i0.wp.com\/www.musique-cordiale.com\/wp-content\/uploads\/2026\/04\/MC-2025.jpg?resize=525%2C300&ssl=1 1.5x, https:\/\/i0.wp.com\/www.musique-cordiale.com\/wp-content\/uploads\/2026\/04\/MC-2025.jpg?resize=700%2C400&ssl=1 2x, https:\/\/i0.wp.com\/www.musique-cordiale.com\/wp-content\/uploads\/2026\/04\/MC-2025.jpg?resize=1050%2C600&ssl=1 3x, https:\/\/i0.wp.com\/www.musique-cordiale.com\/wp-content\/uploads\/2026\/04\/MC-2025.jpg?resize=1400%2C800&ssl=1 4x"},"classes":[]},{"id":50232,"url":"https:\/\/www.musique-cordiale.com\/fr\/programme-tickets-2025\/","url_meta":{"origin":41608,"position":5},"title":"Programme &amp; Billets 2025","author":"Jonathan Barker","date":"19\/07\/2025","format":false,"excerpt":"PROGRAMME du FESTIVAL 2025 Bienvenue \u00e0 notre 21e festival annuel !Les concerts du midi (12h30) sont GRATUITS (dons appr\u00e9ci\u00e9s).Un concert gratuit est \u00e9galement propos\u00e9 en d\u00e9but de soir\u00e9e le 6 ao\u00fbt. Veuillez r\u00e9server vos BILLETS pour les autres CONCERTS DU SOIR. Vous pouvez les acheter en ligne (le site est\u2026","rel":"","context":"Article similaire","block_context":{"text":"Article similaire","link":""},"img":{"alt_text":"","src":"","width":0,"height":0},"classes":[]}],"jetpack_shortlink":"https:\/\/wp.me\/PaEPkm-aP6","_links":{"self":[{"href":"https:\/\/www.musique-cordiale.com\/fr\/wp-json\/wp\/v2\/pages\/41608","targetHints":{"allow":["GET"]}}],"collection":[{"href":"https:\/\/www.musique-cordiale.com\/fr\/wp-json\/wp\/v2\/pages"}],"about":[{"href":"https:\/\/www.musique-cordiale.com\/fr\/wp-json\/wp\/v2\/types\/page"}],"author":[{"embeddable":true,"href":"https:\/\/www.musique-cordiale.com\/fr\/wp-json\/wp\/v2\/users\/3"}],"replies":[{"embeddable":true,"href":"https:\/\/www.musique-cordiale.com\/fr\/wp-json\/wp\/v2\/comments?post=41608"}],"version-history":[{"count":1,"href":"https:\/\/www.musique-cordiale.com\/fr\/wp-json\/wp\/v2\/pages\/41608\/revisions"}],"predecessor-version":[{"id":41618,"href":"https:\/\/www.musique-cordiale.com\/fr\/wp-json\/wp\/v2\/pages\/41608\/revisions\/41618"}],"wp:attachment":[{"href":"https:\/\/www.musique-cordiale.com\/fr\/wp-json\/wp\/v2\/media?parent=41608"}],"curies":[{"name":"wp","href":"https:\/\/api.w.org\/{rel}","templated":true}]}}