{"id":42314,"date":"2023-07-30T10:41:44","date_gmt":"2023-07-30T10:41:44","guid":{"rendered":"https:\/\/www.musique-cordiale.com\/?page_id=42314"},"modified":"2025-08-07T07:22:06","modified_gmt":"2025-08-07T07:22:06","slug":"choeur-2023","status":"publish","type":"page","link":"https:\/\/www.musique-cordiale.com\/fr\/choeur-2023\/","title":{"rendered":"Choeur 2025"},"content":{"rendered":"\n<h2 class=\"wp-block-heading has-vivid-red-color has-text-color has-link-color wp-elements-d7edeac216ca7c5bcfd35a34f231269a\"><strong>Le choeur du Festival 2025<br>Pays de Fayence<\/strong><\/h2>\n\n\n\n<div class=\"wp-block-columns is-layout-flex wp-container-core-columns-is-layout-9d6595d7 wp-block-columns-is-layout-flex\">\n<div class=\"wp-block-column is-layout-flow wp-block-column-is-layout-flow\" style=\"flex-basis:100%\">\n<div class=\"wp-block-columns is-layout-flex wp-container-core-columns-is-layout-9d6595d7 wp-block-columns-is-layout-flex\">\n<div class=\"wp-block-column is-layout-flow wp-block-column-is-layout-flow\">\n<p><em><strong>soprano<\/strong><\/em><\/p>\n\n\n\n<p>Eileen Allen<br>Celia Bangham <br>Carol Capper <br>Jane Chamption<br>Joanna Gallacher<br>Madeleine Gallacher<br>B\u00e4rbel Kalckreuth<br>Sonia Pawlik <br>Lesley Reynolds<br>Susannah Ross <br>Charlotte Saudek <br>Abby Smith<br>Adrienne Tallents <br><br><strong><em>contralto<\/em><\/strong><\/p>\n\n\n\n<p>Susanne Angern<br>Sarah Bryant<br>Si\u00e2n Griffiths<br>Maggie DonnellySi\u00e2n Griffiths<br>Julie Harrison <br>Jane Hickey<br>Catherine Leparmentier<br>Pippa Pawlik <br>Lydia Schot<br>Ruth Swanwick<br>Caroline Tucker Macready<br>Victoria Willatts<br>Kathryn Wells<\/p>\n<\/div>\n\n\n\n<div class=\"wp-block-column is-layout-flow wp-block-column-is-layout-flow\">\n<p><strong><em>t\u00e9nor<\/em><\/strong><\/p>\n\n\n\n<p>Paul Allatt<br>Beno\u00eet Dayot<br>Huw Griffiths<br>Wolf Kalckreuth <br>Cade Strathern<br>Robert Ward<br><br><strong><em>bass<\/em><\/strong><br>Thomas Crathorne<br>Andrew Farrow<br>John Graham<br>Peter Hanrath <br>Owen Hanmer <br>Stewart Jones <br>David Lowe <br>Erik Jan Uleman<br><br><\/p>\n\n\n\n<p><br><\/p>\n<\/div>\n<\/div>\n<\/div>\n<\/div>\n","protected":false},"excerpt":{"rendered":"<p>Le choeur du Festival 2025Pays de Fayence soprano Eileen AllenCelia Bangham Carol Capper Jane ChamptionJoanna GallacherMadeleine GallacherB\u00e4rbel KalckreuthSonia Pawlik Lesley ReynoldsSusannah Ross Charlotte Saudek Abby SmithAdrienne Tallents contralto Susanne AngernSarah BryantSi\u00e2n GriffithsMaggie DonnellySi\u00e2n GriffithsJulie Harrison Jane HickeyCatherine LeparmentierPippa Pawlik Lydia SchotRuth SwanwickCaroline Tucker MacreadyVictoria WillattsKathryn Wells t\u00e9nor Paul AllattBeno\u00eet DayotHuw GriffithsWolf Kalckreuth Cade StrathernRobert Ward [&hellip;]<\/p>\n","protected":false},"author":3,"featured_media":0,"parent":0,"menu_order":0,"comment_status":"closed","ping_status":"closed","template":"","meta":{"_acf_changed":false,"_monsterinsights_skip_tracking":false,"_monsterinsights_sitenote_active":false,"_monsterinsights_sitenote_note":"","_monsterinsights_sitenote_category":0,"_uf_show_specific_survey":0,"_uf_disable_surveys":false,"advanced_seo_description":"","jetpack_seo_html_title":"","jetpack_seo_noindex":false,"footnotes":""},"class_list":["post-42314","page","type-page","status-publish","hentry"],"acf":[],"jetpack_sharing_enabled":true,"jetpack-related-posts":[{"id":44398,"url":"https:\/\/www.musique-cordiale.com\/fr\/inscription-au-choeur-dy-festival-ete-2024\/","url_meta":{"origin":42314,"position":0},"title":"Inscription au Ch\u0153ur du Festival &#8211; \u00e9t\u00e9 2024","author":"Jonathan Barker","date":"30\/12\/2023","format":false,"excerpt":"CLIQUEZ ICI pour revenir \u00e0 la page d'information : Rejoignez le ch\u0153ur du festival, \u00e9t\u00e9 2024 CLIQUEZ ICI pour revenir \u00e0 la page d'information : Rejoignez le ch\u0153ur du festival, \u00e9t\u00e9 2024 Avez-vous rempli le formulaire d'inscription ci-dessus\u00a0?D\u00e9sormais, en fonction de l'action de suivi que vous avez choisie, vous pouvez\u00a0:\u2026","rel":"","context":"Article similaire","block_context":{"text":"Article similaire","link":""},"img":{"alt_text":"","src":"","width":0,"height":0},"classes":[]},{"id":47913,"url":"https:\/\/www.musique-cordiale.com\/fr\/insciption-au-choeur-2025\/","url_meta":{"origin":42314,"position":1},"title":"Insciption au Choeur 2025","author":"Jonathan Barker","date":"09\/01\/2025","format":false,"excerpt":"Bienvenue au FORMULAIRE D'INSCRIPTION de la Chorale 2025 (version fran\u00e7aise) ! NOTE : Le formulaire d'inscription comporte 5 pages et vous devez les remplir chacune avant de passer \u00e0 la suivante. Vous pouvez sauvegarder et revenir au formulaire \u00e0 tout moment avant de le soumettre. Musique-Cordiale ne recevra rien tant\u2026","rel":"","context":"Article similaire","block_context":{"text":"Article similaire","link":""},"img":{"alt_text":"","src":"https:\/\/i0.wp.com\/www.musique-cordiale.com\/wp-content\/uploads\/2023\/12\/20230812_205239-scaled.jpg?resize=350%2C200&ssl=1","width":350,"height":200,"srcset":"https:\/\/i0.wp.com\/www.musique-cordiale.com\/wp-content\/uploads\/2023\/12\/20230812_205239-scaled.jpg?resize=350%2C200&ssl=1 1x, https:\/\/i0.wp.com\/www.musique-cordiale.com\/wp-content\/uploads\/2023\/12\/20230812_205239-scaled.jpg?resize=525%2C300&ssl=1 1.5x, https:\/\/i0.wp.com\/www.musique-cordiale.com\/wp-content\/uploads\/2023\/12\/20230812_205239-scaled.jpg?resize=700%2C400&ssl=1 2x, https:\/\/i0.wp.com\/www.musique-cordiale.com\/wp-content\/uploads\/2023\/12\/20230812_205239-scaled.jpg?resize=1050%2C600&ssl=1 3x, https:\/\/i0.wp.com\/www.musique-cordiale.com\/wp-content\/uploads\/2023\/12\/20230812_205239-scaled.jpg?resize=1400%2C800&ssl=1 4x"},"classes":[]},{"id":37648,"url":"https:\/\/www.musique-cordiale.com\/fr\/formulaire-dinscription-pour-le-choeur-musique-cordiale-dete-2023\/","url_meta":{"origin":42314,"position":2},"title":"Formulaire d&rsquo;inscription pour le CHOEUR Musique-Cordiale d&rsquo;\u00e9t\u00e9 2023","author":"Jonathan Barker","date":"02\/01\/2023","format":false,"excerpt":"Inscrivez-vous d\u00e8s maintenant pour le Ch\u0153ur du Festival 2023 Inscriptions \u00e0 partir du 1er janvier (ouvert jusqu\u2019\u00e0 d\u00e9but mars ou jusqu\u2019\u00e0 \u00e9puisement des places pour toutes les voix). Le meilleur h\u00e9bergement passe en premier, alors r\u00e9servez t\u00f4t ! FERMETURE BIENT\u00d4T ! Formulaire d'inscription pour le Ch\u0153ur d'\u00e9t\u00e9 2023 - VERSION\u2026","rel":"","context":"Article similaire","block_context":{"text":"Article similaire","link":""},"img":{"alt_text":"","src":"","width":0,"height":0},"classes":[]},{"id":14822,"url":"https:\/\/www.musique-cordiale.com\/fr\/choeur-de-musique-cordiale\/","url_meta":{"origin":42314,"position":3},"title":"Ch\u0153ur &#038; orchestre du Festival","author":"Webmaster","date":"24\/03\/2011","format":false,"excerpt":"2023 Pour plus d'informations sur le CHOEUR du Festival d'\u00e9t\u00e9 2023, voir ICI : Venez chanter ! Int\u00e9grez ou r\u00e9int\u00e9grezl dan le choeur ou l'Acad\u00e9mie Chorale, de retour en France cette ann\u00e9e ! 2020-22: Evenements seulement dans le Kent, en Angleterre a cause de Covid 2019 Avant 2020 (festival annull\u00e9e\u2026","rel":"","context":"Article similaire","block_context":{"text":"Article similaire","link":""},"img":{"alt_text":"","src":"https:\/\/i0.wp.com\/www.musique-cordiale.com\/wp-content\/uploads\/2014\/12\/mc-a-capella-choir-Mark-Austin-2.jpg?fit=1200%2C900&ssl=1&resize=350%2C200","width":350,"height":200,"srcset":"https:\/\/i0.wp.com\/www.musique-cordiale.com\/wp-content\/uploads\/2014\/12\/mc-a-capella-choir-Mark-Austin-2.jpg?fit=1200%2C900&ssl=1&resize=350%2C200 1x, https:\/\/i0.wp.com\/www.musique-cordiale.com\/wp-content\/uploads\/2014\/12\/mc-a-capella-choir-Mark-Austin-2.jpg?fit=1200%2C900&ssl=1&resize=525%2C300 1.5x, https:\/\/i0.wp.com\/www.musique-cordiale.com\/wp-content\/uploads\/2014\/12\/mc-a-capella-choir-Mark-Austin-2.jpg?fit=1200%2C900&ssl=1&resize=700%2C400 2x, https:\/\/i0.wp.com\/www.musique-cordiale.com\/wp-content\/uploads\/2014\/12\/mc-a-capella-choir-Mark-Austin-2.jpg?fit=1200%2C900&ssl=1&resize=1050%2C600 3x"},"classes":[]},{"id":18363,"url":"https:\/\/www.musique-cordiale.com\/fr\/booking-form-pdf-join-choir-messiah-kent-24-26-nov-2017\/","url_meta":{"origin":42314,"position":4},"title":"Bulletin d&rsquo;inscription  &#8211; Rejoindre le choeur dans le Kent 24-26 Nov 2017","author":"Jonathan Barker","date":"16\/09\/2017","format":false,"excerpt":"Bulletin d'inscription - version francais\u00a0(cliquez \u00e0 voir ce version PDF. Vous pouvez le t\u00e9l\u00e9charger, le remplir et l'envoyer dans la poste ou par mail (scann\u00e9). (Si vous avez d\u00e9j\u00e0 visit\u00e9 cette page, veuillez actualiser la page pour voir la version la plus r\u00e9cente des prix et le formulaire de r\u00e9servation)\u2026","rel":"","context":"Article similaire","block_context":{"text":"Article similaire","link":""},"img":{"alt_text":"","src":"","width":0,"height":0},"classes":[]},{"id":44264,"url":"https:\/\/www.musique-cordiale.com\/fr\/rejoignez-le-choeur-du-festival-ete-2024\/","url_meta":{"origin":42314,"position":5},"title":"Rejoignez le ch\u0153ur du festival, \u00e9t\u00e9 2026","author":"Jonathan Barker","date":"26\/12\/2023","format":false,"excerpt":"22e \u00e9dition annuelle du Festival International MUSIQUE CORDIALE Les informations concernant le choeur du festival 2026seront bient\u00f4t disponibles\u00a0ici!Dates du festival international : du 29 juillet au 8 ao\u00fbt 2025 (Dates du ch\u0153ur 2026 : du 2 au 9 ao\u00fbt) ORGANISATION DU FESTIVAL AU PAYS DE FAYENCE CET \u00c9T\u00c9.du 29 juillet\u2026","rel":"","context":"Article similaire","block_context":{"text":"Article similaire","link":""},"img":{"alt_text":"","src":"https:\/\/i0.wp.com\/www.musique-cordiale.com\/wp-content\/uploads\/2023\/08\/Musique-Cordiale-Seillans-120823-38-scaled.jpg?fit=1200%2C624&ssl=1&resize=350%2C200","width":350,"height":200,"srcset":"https:\/\/i0.wp.com\/www.musique-cordiale.com\/wp-content\/uploads\/2023\/08\/Musique-Cordiale-Seillans-120823-38-scaled.jpg?fit=1200%2C624&ssl=1&resize=350%2C200 1x, https:\/\/i0.wp.com\/www.musique-cordiale.com\/wp-content\/uploads\/2023\/08\/Musique-Cordiale-Seillans-120823-38-scaled.jpg?fit=1200%2C624&ssl=1&resize=525%2C300 1.5x, https:\/\/i0.wp.com\/www.musique-cordiale.com\/wp-content\/uploads\/2023\/08\/Musique-Cordiale-Seillans-120823-38-scaled.jpg?fit=1200%2C624&ssl=1&resize=700%2C400 2x, https:\/\/i0.wp.com\/www.musique-cordiale.com\/wp-content\/uploads\/2023\/08\/Musique-Cordiale-Seillans-120823-38-scaled.jpg?fit=1200%2C624&ssl=1&resize=1050%2C600 3x"},"classes":[]}],"jetpack_shortlink":"https:\/\/wp.me\/PaEPkm-b0u","_links":{"self":[{"href":"https:\/\/www.musique-cordiale.com\/fr\/wp-json\/wp\/v2\/pages\/42314","targetHints":{"allow":["GET"]}}],"collection":[{"href":"https:\/\/www.musique-cordiale.com\/fr\/wp-json\/wp\/v2\/pages"}],"about":[{"href":"https:\/\/www.musique-cordiale.com\/fr\/wp-json\/wp\/v2\/types\/page"}],"author":[{"embeddable":true,"href":"https:\/\/www.musique-cordiale.com\/fr\/wp-json\/wp\/v2\/users\/3"}],"replies":[{"embeddable":true,"href":"https:\/\/www.musique-cordiale.com\/fr\/wp-json\/wp\/v2\/comments?post=42314"}],"version-history":[{"count":1,"href":"https:\/\/www.musique-cordiale.com\/fr\/wp-json\/wp\/v2\/pages\/42314\/revisions"}],"predecessor-version":[{"id":50732,"href":"https:\/\/www.musique-cordiale.com\/fr\/wp-json\/wp\/v2\/pages\/42314\/revisions\/50732"}],"wp:attachment":[{"href":"https:\/\/www.musique-cordiale.com\/fr\/wp-json\/wp\/v2\/media?parent=42314"}],"curies":[{"name":"wp","href":"https:\/\/api.w.org\/{rel}","templated":true}]}}