{"id":44331,"date":"2023-12-29T15:55:26","date_gmt":"2023-12-29T15:55:26","guid":{"rendered":"https:\/\/www.musique-cordiale.com\/?page_id=44331"},"modified":"2026-02-25T15:00:41","modified_gmt":"2026-02-25T15:00:41","slug":"choir-enrolment-summer-2024-eng-gbp","status":"publish","type":"page","link":"https:\/\/www.musique-cordiale.com\/fr\/choir-enrolment-summer-2024-eng-gbp\/","title":{"rendered":"Choir Enrolment, summer 2026 (ENG)"},"content":{"rendered":"\n<h4 class=\"wp-block-heading has-white-color has-vivid-red-background-color has-text-color has-background has-link-color wp-elements-956724aca293ddda83775954cd2df533\">Your 2026 choir enrolment :<\/h4>\n\n\n\n<div class=\"wp-block-buttons is-content-justification-center is-layout-flex wp-container-core-buttons-is-layout-16018d1d wp-block-buttons-is-layout-flex\">\n<div class=\"wp-block-button\"><a class=\"wp-block-button__link wp-element-button\" href=\"https:\/\/fygtxkes.paperform.co\/\">ENROL HERE: Festival CHOIR 2026<\/a><\/div>\n<\/div>\n\n\n\n<p>Thank you! <\/p>\n\n\n\n<p><strong>(Any questions? contact us: <\/strong><a href=\"http:\/\/jonathan@musique-cordiale\" data-type=\"URL\" data-id=\"jonathan@musique-cordiale\" target=\"_blank\" rel=\"noreferrer noopener\"><span \n                data-original-string='MDoLGEK+0BvEp735MdLCew==b080M6CJz58QprX+Ztj9GXhuU1ew\/Npf1KLfHFaL09bC+g='\n                class='apbct-email-encoder'\n                title='This contact has been encoded by Anti-Spam by CleanTalk. Click to decode. To finish the decoding make sure that JavaScript is enabled in your browser.'>ai<span class=\"apbct-blur\">***<\/span>@<span class=\"apbct-blur\">**************<\/span>le.com<\/span><\/a>)<\/p>\n\n\n\n<div class=\"wp-block-media-text alignwide is-stacked-on-mobile\"><figure class=\"wp-block-media-text__media\"><img data-recalc-dims=\"1\" loading=\"lazy\" decoding=\"async\" width=\"640\" height=\"296\" src=\"https:\/\/i0.wp.com\/www.musique-cordiale.com\/wp-content\/uploads\/2023\/12\/20230812_205239-scaled.jpg?resize=640%2C296&#038;ssl=1\" alt=\"\" class=\"wp-image-44460 size-full\" srcset=\"https:\/\/i0.wp.com\/www.musique-cordiale.com\/wp-content\/uploads\/2023\/12\/20230812_205239-scaled.jpg?w=2560&amp;ssl=1 2560w, https:\/\/i0.wp.com\/www.musique-cordiale.com\/wp-content\/uploads\/2023\/12\/20230812_205239-scaled.jpg?resize=768%2C355&amp;ssl=1 768w, https:\/\/i0.wp.com\/www.musique-cordiale.com\/wp-content\/uploads\/2023\/12\/20230812_205239-scaled.jpg?resize=1536%2C710&amp;ssl=1 1536w, https:\/\/i0.wp.com\/www.musique-cordiale.com\/wp-content\/uploads\/2023\/12\/20230812_205239-scaled.jpg?resize=2048%2C946&amp;ssl=1 2048w, https:\/\/i0.wp.com\/www.musique-cordiale.com\/wp-content\/uploads\/2023\/12\/20230812_205239-scaled.jpg?resize=750%2C347&amp;ssl=1 750w, https:\/\/i0.wp.com\/www.musique-cordiale.com\/wp-content\/uploads\/2023\/12\/20230812_205239-scaled.jpg?w=1280&amp;ssl=1 1280w, https:\/\/i0.wp.com\/www.musique-cordiale.com\/wp-content\/uploads\/2023\/12\/20230812_205239-scaled.jpg?w=1920&amp;ssl=1 1920w\" sizes=\"auto, (max-width: 640px) 100vw, 640px\" \/><\/figure><div class=\"wp-block-media-text__content\">\n<h5 class=\"wp-block-heading has-text-align-center\"><em>Click <a href=\"https:\/\/www.musique-cordiale.com\/join-the-festival-choir-summer-2024\/\" target=\"_blank\" rel=\"noreferrer noopener\">HERE to go back to 2026  Musique-Cordiale Festival CHOIR page<\/a><\/em><br>The LINK to enable you to enrol in 2026 is above<\/h5>\n<\/div><\/div>\n\n\n\n<hr class=\"wp-block-separator has-text-color has-vivid-red-color has-alpha-channel-opacity has-vivid-red-background-color has-background is-style-wide\"\/>\n\n\n\n<p class=\"has-text-align-center\"><em><strong>Cliquez ICI pour acc\u00e9der au<\/strong> <\/em><a href=\"https:\/\/www.musique-cordiale.com\/fr\/insciption-au-choeur-2025\/\" data-type=\"link\" data-id=\"https:\/\/www.musique-cordiale.com\/fr\/insciption-au-choeur-2025\/\">formulaire d&rsquo;inscription au Ch\u0153ur du Festival \u2013 \u00e9t\u00e9 2026<em><strong> <\/strong><\/em><\/a><br>(\u00e0 venir ICI <em><strong>BIENT\u00d4T<\/strong><\/em> <em><strong>en fran\u00e7ais<\/strong><\/em>)<\/p>\n\n\n\n<p class=\"has-text-align-right\"><a href=\"https:\/\/www.musique-cordiale.com\/choir-updates-2024\/\">For future updates, please see the CHOIR UPDATE PAGE<\/a><\/p>\n\n\n\n<hr class=\"wp-block-separator has-text-color has-vivid-red-color has-alpha-channel-opacity has-vivid-red-background-color has-background is-style-wide\"\/>\n\n\n\n<p><\/p>\n","protected":false},"excerpt":{"rendered":"<p>Your 2026 choir enrolment : Thank you! (Any questions? contact us: ai***@**************le.com) Click HERE to go back to 2026 Musique-Cordiale Festival CHOIR pageThe LINK to enable you to enrol in 2026 is above Cliquez ICI pour acc\u00e9der au formulaire d&rsquo;inscription au Ch\u0153ur du Festival \u2013 \u00e9t\u00e9 2026 (\u00e0 venir ICI BIENT\u00d4T en fran\u00e7ais) For future [&hellip;]<\/p>\n","protected":false},"author":3,"featured_media":44460,"parent":0,"menu_order":0,"comment_status":"closed","ping_status":"closed","template":"","meta":{"_acf_changed":false,"_monsterinsights_skip_tracking":false,"_monsterinsights_sitenote_active":false,"_monsterinsights_sitenote_note":"","_monsterinsights_sitenote_category":0,"_uf_show_specific_survey":0,"_uf_disable_surveys":false,"advanced_seo_description":"","jetpack_seo_html_title":"","jetpack_seo_noindex":false,"footnotes":""},"class_list":["post-44331","page","type-page","status-publish","has-post-thumbnail","hentry"],"acf":[],"jetpack_sharing_enabled":true,"jetpack-related-posts":[{"id":51077,"url":"https:\/\/www.musique-cordiale.com\/fr\/choir-2026\/","url_meta":{"origin":44331,"position":0},"title":"Choir 2026!","author":"Jonathan Barker","date":"25\/02\/2026","format":false,"excerpt":"Join the Festival Choir this summer: click anywhere on the flyer to see the full details! 2026 Festival choir information is HERE! Click on the flyer above for information about joining the choir this summerPlease follow the link on the flyer to enrol for 2026! International Festival Dates: Concerts 29\u2026","rel":"","context":"Article similaire","block_context":{"text":"Article similaire","link":""},"img":{"alt_text":"","src":"https:\/\/i0.wp.com\/www.musique-cordiale.com\/wp-content\/uploads\/2026\/02\/MC-26-CHOIR-marketting-DRAFT-image_Page_1.jpg?resize=350%2C200&ssl=1","width":350,"height":200,"srcset":"https:\/\/i0.wp.com\/www.musique-cordiale.com\/wp-content\/uploads\/2026\/02\/MC-26-CHOIR-marketting-DRAFT-image_Page_1.jpg?resize=350%2C200&ssl=1 1x, https:\/\/i0.wp.com\/www.musique-cordiale.com\/wp-content\/uploads\/2026\/02\/MC-26-CHOIR-marketting-DRAFT-image_Page_1.jpg?resize=525%2C300&ssl=1 1.5x, https:\/\/i0.wp.com\/www.musique-cordiale.com\/wp-content\/uploads\/2026\/02\/MC-26-CHOIR-marketting-DRAFT-image_Page_1.jpg?resize=700%2C400&ssl=1 2x, https:\/\/i0.wp.com\/www.musique-cordiale.com\/wp-content\/uploads\/2026\/02\/MC-26-CHOIR-marketting-DRAFT-image_Page_1.jpg?resize=1050%2C600&ssl=1 3x, https:\/\/i0.wp.com\/www.musique-cordiale.com\/wp-content\/uploads\/2026\/02\/MC-26-CHOIR-marketting-DRAFT-image_Page_1.jpg?resize=1400%2C800&ssl=1 4x"},"classes":[]},{"id":37560,"url":"https:\/\/www.musique-cordiale.com\/choir-enrolment-application-summer-2023\/","url_meta":{"origin":44331,"position":1},"title":"CHOIR enrolment application, summer 2023","author":"Jonathan Barker","date":"30\/12\/2022","format":false,"excerpt":"Choir enrolment information is here Enrol here! *** NOW CLOSED for summer 2023 choir *** Choir enrolment and Choral Academy applications remained open until early March \u2013 or until spaces for all voices are taken. This often happens early. The best accommodation goes first! Please CONTACT US to join a\u2026","rel":"","context":"Article similaire","block_context":{"text":"Article similaire","link":""},"img":{"alt_text":"","src":"","width":0,"height":0},"classes":[]},{"id":44253,"url":"https:\/\/www.musique-cordiale.com\/join-the-festival-choir-summer-2024\/","url_meta":{"origin":44331,"position":2},"title":"Join the Festival Choir this summer","author":"Jonathan Barker","date":"26\/12\/2023","format":false,"excerpt":"2026 Festival choir information is HERE! Click on the flyer above for information about joining the choir this summer Please follow the link on the flyer to enrol for 2026! International Festival Dates: Concerts 29 July - 8 August 2026(2026 Choir dates: 2-9 August)\u00a0ORGANISING THE\u00a0FESTIVAL IN THE PAYS DE FAYENCE\u2026","rel":"","context":"Article similaire","block_context":{"text":"Article similaire","link":""},"img":{"alt_text":"","src":"https:\/\/i0.wp.com\/www.musique-cordiale.com\/wp-content\/uploads\/2023\/08\/Musique-Cordiale-Seillans-120823-38-scaled.jpg?fit=1200%2C624&ssl=1&resize=350%2C200","width":350,"height":200,"srcset":"https:\/\/i0.wp.com\/www.musique-cordiale.com\/wp-content\/uploads\/2023\/08\/Musique-Cordiale-Seillans-120823-38-scaled.jpg?fit=1200%2C624&ssl=1&resize=350%2C200 1x, https:\/\/i0.wp.com\/www.musique-cordiale.com\/wp-content\/uploads\/2023\/08\/Musique-Cordiale-Seillans-120823-38-scaled.jpg?fit=1200%2C624&ssl=1&resize=525%2C300 1.5x, https:\/\/i0.wp.com\/www.musique-cordiale.com\/wp-content\/uploads\/2023\/08\/Musique-Cordiale-Seillans-120823-38-scaled.jpg?fit=1200%2C624&ssl=1&resize=700%2C400 2x, https:\/\/i0.wp.com\/www.musique-cordiale.com\/wp-content\/uploads\/2023\/08\/Musique-Cordiale-Seillans-120823-38-scaled.jpg?fit=1200%2C624&ssl=1&resize=1050%2C600 3x"},"classes":[]},{"id":43071,"url":"https:\/\/www.musique-cordiale.com\/fr\/choir-enrolment-autumn-in-kent-2023\/","url_meta":{"origin":44331,"position":3},"title":"Choir enrolment &#8211; autumn in Kent 2023","author":"Jonathan Barker","date":"27\/08\/2023","format":false,"excerpt":"Enrol to sing in Kent, 9 - 12 November 2023 Choir enrolment information for the Autumn weekend in Kent, 2023 is here Please complete the English version of the Enrolment form (below) for the 2023 Autumn choir (version du formulaire d'inscription en fran\u00e7ais \u00e0 venir) \u2013 and, when you have\u2026","rel":"","context":"Article similaire","block_context":{"text":"Article similaire","link":""},"img":{"alt_text":"","src":"","width":0,"height":0},"classes":[]},{"id":37432,"url":"https:\/\/www.musique-cordiale.com\/festival-choir-summer-2023-in-france-again\/","url_meta":{"origin":44331,"position":4},"title":"Festival CHOIR Summer 2023 in FRANCE again!","author":"Jonathan Barker","date":"25\/12\/2022","format":false,"excerpt":"Musique Cordiale Summer 2023 Musique-Cordiale Festival Choir & Choral Academy There will be a new sub-page under the CHOIR tab from 13 June 3023 with the latest info for the choir, including detailed schedules and any daily updates or changes in the run-up to and during the festival itself. Come\u2026","rel":"","context":"Article similaire","block_context":{"text":"Article similaire","link":""},"img":{"alt_text":"Orchestra","src":"https:\/\/i0.wp.com\/www.musique-cordiale.com\/wp-content\/uploads\/2019\/12\/WhatsApp-Image-2019-12-17-at-15.51.28.jpeg?resize=350%2C200&ssl=1","width":350,"height":200,"srcset":"https:\/\/i0.wp.com\/www.musique-cordiale.com\/wp-content\/uploads\/2019\/12\/WhatsApp-Image-2019-12-17-at-15.51.28.jpeg?resize=350%2C200&ssl=1 1x, https:\/\/i0.wp.com\/www.musique-cordiale.com\/wp-content\/uploads\/2019\/12\/WhatsApp-Image-2019-12-17-at-15.51.28.jpeg?resize=525%2C300&ssl=1 1.5x, https:\/\/i0.wp.com\/www.musique-cordiale.com\/wp-content\/uploads\/2019\/12\/WhatsApp-Image-2019-12-17-at-15.51.28.jpeg?resize=700%2C400&ssl=1 2x, https:\/\/i0.wp.com\/www.musique-cordiale.com\/wp-content\/uploads\/2019\/12\/WhatsApp-Image-2019-12-17-at-15.51.28.jpeg?resize=1050%2C600&ssl=1 3x, https:\/\/i0.wp.com\/www.musique-cordiale.com\/wp-content\/uploads\/2019\/12\/WhatsApp-Image-2019-12-17-at-15.51.28.jpeg?resize=1400%2C800&ssl=1 4x"},"classes":[]},{"id":43088,"url":"https:\/\/www.musique-cordiale.com\/join-the-choir-autumn-in-kent-2023\/","url_meta":{"origin":44331,"position":5},"title":"Join the choir: autumn in Kent 2023","author":"Jonathan Barker","date":"27\/08\/2023","format":false,"excerpt":"9-12 November 2023 see the email invitation to singers, 31\/8\/23 **PLEASE SEE UPDATED REHEARSAL & MEAL SCHEDULE BELOW** To all playing friends and singers: full information is now here! Please consider joining us for more music-making in Kent, 9-12 November. Initial information is here now (en anglais et en Fran\u00e7ais\u2026","rel":"","context":"Article similaire","block_context":{"text":"Article similaire","link":""},"img":{"alt_text":"","src":"https:\/\/i0.wp.com\/www.musique-cordiale.com\/wp-content\/uploads\/2023\/08\/Musique-Cordiale-Seillans-120823-33-scaled.jpg?resize=350%2C200","width":350,"height":200,"srcset":"https:\/\/i0.wp.com\/www.musique-cordiale.com\/wp-content\/uploads\/2023\/08\/Musique-Cordiale-Seillans-120823-33-scaled.jpg?resize=350%2C200 1x, https:\/\/i0.wp.com\/www.musique-cordiale.com\/wp-content\/uploads\/2023\/08\/Musique-Cordiale-Seillans-120823-33-scaled.jpg?resize=525%2C300 1.5x, https:\/\/i0.wp.com\/www.musique-cordiale.com\/wp-content\/uploads\/2023\/08\/Musique-Cordiale-Seillans-120823-33-scaled.jpg?resize=700%2C400 2x, https:\/\/i0.wp.com\/www.musique-cordiale.com\/wp-content\/uploads\/2023\/08\/Musique-Cordiale-Seillans-120823-33-scaled.jpg?resize=1050%2C600 3x, https:\/\/i0.wp.com\/www.musique-cordiale.com\/wp-content\/uploads\/2023\/08\/Musique-Cordiale-Seillans-120823-33-scaled.jpg?resize=1400%2C800 4x"},"classes":[]}],"jetpack_shortlink":"https:\/\/wp.me\/PaEPkm-bx1","_links":{"self":[{"href":"https:\/\/www.musique-cordiale.com\/fr\/wp-json\/wp\/v2\/pages\/44331","targetHints":{"allow":["GET"]}}],"collection":[{"href":"https:\/\/www.musique-cordiale.com\/fr\/wp-json\/wp\/v2\/pages"}],"about":[{"href":"https:\/\/www.musique-cordiale.com\/fr\/wp-json\/wp\/v2\/types\/page"}],"author":[{"embeddable":true,"href":"https:\/\/www.musique-cordiale.com\/fr\/wp-json\/wp\/v2\/users\/3"}],"replies":[{"embeddable":true,"href":"https:\/\/www.musique-cordiale.com\/fr\/wp-json\/wp\/v2\/comments?post=44331"}],"version-history":[{"count":8,"href":"https:\/\/www.musique-cordiale.com\/fr\/wp-json\/wp\/v2\/pages\/44331\/revisions"}],"predecessor-version":[{"id":51076,"href":"https:\/\/www.musique-cordiale.com\/fr\/wp-json\/wp\/v2\/pages\/44331\/revisions\/51076"}],"wp:featuredmedia":[{"embeddable":true,"href":"https:\/\/www.musique-cordiale.com\/fr\/wp-json\/wp\/v2\/media\/44460"}],"wp:attachment":[{"href":"https:\/\/www.musique-cordiale.com\/fr\/wp-json\/wp\/v2\/media?parent=44331"}],"curies":[{"name":"wp","href":"https:\/\/api.w.org\/{rel}","templated":true}]}}