{"id":51008,"date":"2026-02-24T14:40:55","date_gmt":"2026-02-24T14:40:55","guid":{"rendered":"https:\/\/www.musique-cordiale.com\/?page_id=51008"},"modified":"2026-02-24T14:48:00","modified_gmt":"2026-02-24T14:48:00","slug":"conseil-dadministation-board-of-management","status":"publish","type":"page","link":"https:\/\/www.musique-cordiale.com\/fr\/conseil-dadministation-board-of-management\/","title":{"rendered":"Conseil d&rsquo;Administation &#8211; Board of Management"},"content":{"rendered":"\n<p><strong>L&rsquo;association Musique-Cordiale 2026<\/strong><\/p>\n\n\n\n<h2 class=\"wp-block-heading has-vivid-red-color has-text-color has-link-color wp-elements-72b820edf2905ba66a6d5ff1861c3c5e\">Notice of virtual meeting on Zoom: 16 March 2026<br>     <strong><em>(Time to be announced)<\/em><\/strong><br>Avis de r\u00e9union virtuelle sur Zoom\u00a0: 16 mars 2026<\/h2>\n\n\n\n<h3 class=\"wp-block-heading\">    (L\u2019heure sera communiqu\u00e9e ult\u00e9rieurement)<\/h3>\n\n\n\n<p class=\"has-text-align-center has-vivid-red-color has-text-color has-link-color wp-elements-d01f5ad0fe2ef4630093ab805ec77fe5\"><strong>In English here below<em> (version fran\u00e7aise ci-dessus)<\/em><\/strong><\/p>\n\n\n\n<p>Bonjour \u00e0 tous !<\/p>\n\n\n\n<p>Avant de quitter mes fonctions en vue du festival de 2026, il me reste deux derni\u00e8res t\u00e2ches \u00e0 accomplir :<\/p>\n\n\n\n<ol class=\"wp-block-list\">\n<li>J&rsquo;envoie aujourd&rsquo;hui, au nom d&rsquo;Aidan, les invitations qu&rsquo;il a pr\u00e9par\u00e9es pour rejoindre le <strong>CHOEUR du festival 2026.<\/strong><\/li>\n\n\n\n<li>J&rsquo;envoie des <strong>invitations Zoom \u00e0 tous les membres \u00e9lus et coopt\u00e9s du Conseil d&rsquo;Administration<\/strong>, habilit\u00e9 par les statuts de l&rsquo;association \u00e0 prendre ces d\u00e9cisions. La r\u00e9union Zoom du 16 mars 2026 aura pour objectif de d\u00e9cider :<\/li>\n<\/ol>\n\n\n\n<ul class=\"wp-block-list\">\n<li>des nominations des nouveaux responsables (<strong>pr\u00e9sident, secr\u00e9taire et tr\u00e9sorier<\/strong>), pour lesquels nous avons d\u00e9j\u00e0 sollicit\u00e9 des candidatures. Les responsables actuels quitteront leurs fonctions apr\u00e8s leur d\u00e9part.<\/li>\n\n\n\n<li>Le nouveau Bureau pourra utiliser le compte bancaire fran\u00e7ais (en euros) existant et\/ou le Conseil pourra choisir d&rsquo;ouvrir un nouveau compte multidevises (par exemple chez Wise). Dans les deux cas, un <strong>nouveau mandat<\/strong>, sous l&rsquo;autorit\u00e9 du nouveau Bureau, devra \u00eatre approuv\u00e9 par le Conseil. <em>Note : Musique-Cordiale n&rsquo;est plus un employeur en France et n&rsquo;a donc plus besoin d&rsquo;une organisation distincte enregistr\u00e9e en France avec un compte bancaire s\u00e9par\u00e9 \u00e0 cet effet.<\/em><\/li>\n\n\n\n<li>Nous comprenons que la <strong>subvention du Communaut\u00e9 des Communes de Pays de Fayence que nous avons sollicit\u00e9e<\/strong> a probablement \u00e9t\u00e9 approuv\u00e9e pour soutenir l&rsquo;association dans la gestion du Festival en 2026. Cependant,<\/li>\n\n\n\n<li>Il faudra convenir de certains modalit\u00e9s lors de la r\u00e9union concernant le <strong>financement anticip\u00e9 et l&rsquo;organisation de l&rsquo;h\u00e9bergement et des d\u00e9placements des musiciens et de l&rsquo;\u00e9quipe<\/strong> jusqu&rsquo;\u00e0 la date (g\u00e9n\u00e9ralement en juin) de versement de la subvention.<\/li>\n\n\n\n<li>La r\u00e9union doit confirmer les modalit\u00e9s concernant d&rsquo;autres points, notamment la <strong>r\u00e9partition des t\u00e2ches en 2026. Aidan a pr\u00e9par\u00e9 une liste de personnes propos\u00e9es et des responsabilit\u00e9s pour 2026<\/strong>, qui devra \u00eatre valid\u00e9e.<\/li>\n<\/ul>\n\n\n\n<p>Note : <strong>pour participer \u00e0 la r\u00e9union, il est indispensable que chacun soit \u00e0 jour de sa cotisation annuelle (par virement bancaire ou en ligne sur le site web par carte bancaire).<\/strong><br><br>JONATHAN, <em>agissant en qualit\u00e9 de coordinateur, par int\u00e9rim<\/em><br><\/p>\n\n\n\n<p class=\"has-text-align-center has-vivid-red-color has-text-color has-link-color wp-elements-e8fdfe5f7ad3dad2810ef66df579f84e\"><strong>Version anglaise ci-dessus (la version fran\u00e7aise est ici)<\/strong><\/p>\n\n\n\n<p class=\"has-text-align-left\">Hello everyone!<br>I have 2 final tasks before I retire from this role in preparation for a festival in 2026:<\/p>\n\n\n\n<ol class=\"wp-block-list\">\n<li>On Aidan&rsquo;s behalf, I am today sending out invitations the he has prepared to join the <strong>2026 Festival CHOIR.<\/strong><\/li>\n\n\n\n<li>I am sending zoom<strong> invitations to all elected and co-opted members of the Conseil d&rsquo;Administration <\/strong>which has the authority according to the association statuts (constitution) to make such decisions for the evening of 16 March 2026 for a zoom meeting to decide:<\/li>\n<\/ol>\n\n\n\n<ul class=\"wp-block-list\">\n<li>Replacement officers, for which we have sought willing nominees, to form the new Bureau (within the Conseil), viz: pr\u00e9sident, secr\u00e9taire et tr\u00e9sorier , after which current officers holders will retire.<\/li>\n\n\n\n<li>The new Bureau can use the existing French (Euro) <strong>bank account<\/strong> and\/or the Conseil can choose to open a new multi-currency account (e.g. with Wise). In either or both cases, a <strong>new mandate under the control of the new Bureau <\/strong>is to be agreed by the meeting of the Conseil. <em>Note: Musique-Cordiale is no longer an employer in France and therefore no longer needs a separate organisation registered in France with a separate account for this purpose.<\/em><\/li>\n\n\n\n<li>We understand that the <strong>subvention for which we applied from the Community of Communes of the Pays de Fayence<\/strong> is likely to have been approved to support the association in managing the Festival in 2026. However, in addition,<\/li>\n\n\n\n<li>Some arrangements will need to be agreed at the meeting to <strong>cover advanced funding and organising accommodation and travel for musicians and \u00e9quipe<\/strong> until the date (usually in June) when the subvention is paid.<\/li>\n\n\n\n<li>The meeting needs to confirm arrangements for other matters such as <strong>who will manage which tasks in 2026, for which Aidan has prepared a list of proposed people and 2026 responsibilities<\/strong> to be agreed.<\/li>\n\n\n\n<li> <strong>Note: to participate in the meeting, it is essential that everyone pays their annual membership subscription PLEASE (to the current bank account or online on the website by card).<\/strong><\/li>\n<\/ul>\n\n\n\n<p>JONATHAN, acting as convenor, pro tem<\/p>\n","protected":false},"excerpt":{"rendered":"<p>L&rsquo;association Musique-Cordiale 2026 Notice of virtual meeting on Zoom: 16 March 2026 (Time to be announced)Avis de r\u00e9union virtuelle sur Zoom\u00a0: 16 mars 2026 (L\u2019heure sera communiqu\u00e9e ult\u00e9rieurement) In English here below (version fran\u00e7aise ci-dessus) Bonjour \u00e0 tous ! Avant de quitter mes fonctions en vue du festival de 2026, il me reste deux derni\u00e8res [&hellip;]<\/p>\n","protected":false},"author":3,"featured_media":0,"parent":0,"menu_order":0,"comment_status":"closed","ping_status":"closed","template":"","meta":{"_acf_changed":false,"_monsterinsights_skip_tracking":false,"_monsterinsights_sitenote_active":false,"_monsterinsights_sitenote_note":"","_monsterinsights_sitenote_category":0,"_uf_show_specific_survey":0,"_uf_disable_surveys":false,"advanced_seo_description":"","jetpack_seo_html_title":"","jetpack_seo_noindex":false,"footnotes":""},"class_list":["post-51008","page","type-page","status-publish","hentry"],"acf":[],"jetpack_sharing_enabled":true,"jetpack-related-posts":[{"id":16291,"url":"https:\/\/www.musique-cordiale.com\/fr\/soutenez-nous\/adherents-amis-mecenes\/","url_meta":{"origin":51008,"position":0},"title":"Adh\u00e9rents, Amis &#038; M\u00e9c\u00e8nes","author":"Lyndsey","date":"11\/04\/2017","format":false,"excerpt":"Pr\u00e9visions pour le Festival 2026: il fera CHAUD avec de bonnes ventes de billets\u2026 concerts merveilleux mais manque probable - et une chance de faire des dons? Devenez membre, ami ou donateur en 2025-26 Faire un don \u00e0 Musique Cordiale en Euros:\u00a0Donate - Faire un DON: choisissez n'importe quel montantMERCI\u2026","rel":"","context":"Article similaire","block_context":{"text":"Article similaire","link":""},"img":{"alt_text":"","src":"https:\/\/i0.wp.com\/www.musique-cordiale.com\/wp-content\/uploads\/2019\/09\/musique-cordiale-website-banner-no-year-MC-ribbon.jpg?resize=350%2C200&ssl=1","width":350,"height":200},"classes":[]},{"id":51156,"url":"https:\/\/www.musique-cordiale.com\/fr\/","url_meta":{"origin":51008,"position":1},"title":"Musique-Cordiale 2026","author":"Jonathan Barker","date":"04\/04\/2026","format":false,"excerpt":"Musique-Cordiale International Festival 2026Dates and initial information Festival International de Musique Cordiale 2026Dates et premi\u00e8res informations The Fundraiser Concert and Gala Dinner: 28 July 2026 Concert de bienfaisance et d\u00eener de gala\u00a0: 28 juillet 2026 Il s\u2019agit de notre \u00e9v\u00e9nement de lancement pour le festival de 2026.It's our launch event\u2026","rel":"","context":"Article similaire","block_context":{"text":"Article similaire","link":""},"img":{"alt_text":"","src":"https:\/\/i0.wp.com\/www.musique-cordiale.com\/wp-content\/uploads\/2026\/04\/MC-2025.jpg?resize=350%2C200&ssl=1","width":350,"height":200,"srcset":"https:\/\/i0.wp.com\/www.musique-cordiale.com\/wp-content\/uploads\/2026\/04\/MC-2025.jpg?resize=350%2C200&ssl=1 1x, https:\/\/i0.wp.com\/www.musique-cordiale.com\/wp-content\/uploads\/2026\/04\/MC-2025.jpg?resize=525%2C300&ssl=1 1.5x, https:\/\/i0.wp.com\/www.musique-cordiale.com\/wp-content\/uploads\/2026\/04\/MC-2025.jpg?resize=700%2C400&ssl=1 2x, https:\/\/i0.wp.com\/www.musique-cordiale.com\/wp-content\/uploads\/2026\/04\/MC-2025.jpg?resize=1050%2C600&ssl=1 3x, https:\/\/i0.wp.com\/www.musique-cordiale.com\/wp-content\/uploads\/2026\/04\/MC-2025.jpg?resize=1400%2C800&ssl=1 4x"},"classes":[]},{"id":51077,"url":"https:\/\/www.musique-cordiale.com\/fr\/choir-2026\/","url_meta":{"origin":51008,"position":2},"title":"Choir 2026!","author":"Jonathan Barker","date":"25\/02\/2026","format":false,"excerpt":"Join the Festival Choir this summer: click anywhere on the flyer to see the full details! 2026 Festival choir information is HERE! Click on the flyer above for information about joining the choir this summerPlease follow the link on the flyer to enrol for 2026! International Festival Dates: Concerts 29\u2026","rel":"","context":"Article similaire","block_context":{"text":"Article similaire","link":""},"img":{"alt_text":"","src":"https:\/\/i0.wp.com\/www.musique-cordiale.com\/wp-content\/uploads\/2026\/02\/MC-26-CHOIR-marketting-DRAFT-image_Page_1.jpg?resize=350%2C200&ssl=1","width":350,"height":200,"srcset":"https:\/\/i0.wp.com\/www.musique-cordiale.com\/wp-content\/uploads\/2026\/02\/MC-26-CHOIR-marketting-DRAFT-image_Page_1.jpg?resize=350%2C200&ssl=1 1x, https:\/\/i0.wp.com\/www.musique-cordiale.com\/wp-content\/uploads\/2026\/02\/MC-26-CHOIR-marketting-DRAFT-image_Page_1.jpg?resize=525%2C300&ssl=1 1.5x, https:\/\/i0.wp.com\/www.musique-cordiale.com\/wp-content\/uploads\/2026\/02\/MC-26-CHOIR-marketting-DRAFT-image_Page_1.jpg?resize=700%2C400&ssl=1 2x, https:\/\/i0.wp.com\/www.musique-cordiale.com\/wp-content\/uploads\/2026\/02\/MC-26-CHOIR-marketting-DRAFT-image_Page_1.jpg?resize=1050%2C600&ssl=1 3x, https:\/\/i0.wp.com\/www.musique-cordiale.com\/wp-content\/uploads\/2026\/02\/MC-26-CHOIR-marketting-DRAFT-image_Page_1.jpg?resize=1400%2C800&ssl=1 4x"},"classes":[]},{"id":1550,"url":"https:\/\/www.musique-cordiale.com\/support-us\/","url_meta":{"origin":51008,"position":3},"title":"Support us!","author":"Pippa","date":"28\/01\/2013","format":false,"excerpt":"A message from the Festival treasurer (& chairman of our English charity) The world is in a dire state. So, asking for money for our beloved music festival may seem like a low priority. But we know that we need to get our fundraising into gear now if we are\u2026","rel":"","context":"Article similaire","block_context":{"text":"Article similaire","link":""},"img":{"alt_text":"Musique Cordiale Choir","src":"https:\/\/i0.wp.com\/www.musique-cordiale.com\/wp-content\/uploads\/2014\/02\/8452924459_a2775c42ff_b.jpg?fit=1024%2C683&ssl=1&resize=350%2C200","width":350,"height":200,"srcset":"https:\/\/i0.wp.com\/www.musique-cordiale.com\/wp-content\/uploads\/2014\/02\/8452924459_a2775c42ff_b.jpg?fit=1024%2C683&ssl=1&resize=350%2C200 1x, https:\/\/i0.wp.com\/www.musique-cordiale.com\/wp-content\/uploads\/2014\/02\/8452924459_a2775c42ff_b.jpg?fit=1024%2C683&ssl=1&resize=525%2C300 1.5x, https:\/\/i0.wp.com\/www.musique-cordiale.com\/wp-content\/uploads\/2014\/02\/8452924459_a2775c42ff_b.jpg?fit=1024%2C683&ssl=1&resize=700%2C400 2x"},"classes":[]},{"id":44331,"url":"https:\/\/www.musique-cordiale.com\/fr\/choir-enrolment-summer-2024-eng-gbp\/","url_meta":{"origin":51008,"position":4},"title":"Choir Enrolment, summer 2026 (ENG)","author":"Jonathan Barker","date":"29\/12\/2023","format":false,"excerpt":"Your 2026 choir enrolment : ENROL HERE: Festival CHOIR 2026 Thank you! (Any questions? contact us: aidan@musique-cordiale.com) Click HERE to go back to 2026 Musique-Cordiale Festival CHOIR pageThe LINK to enable you to enrol in 2026 is above Cliquez ICI pour acc\u00e9der au formulaire d'inscription au Ch\u0153ur du Festival \u2013\u2026","rel":"","context":"Article similaire","block_context":{"text":"Article similaire","link":""},"img":{"alt_text":"","src":"https:\/\/i0.wp.com\/www.musique-cordiale.com\/wp-content\/uploads\/2023\/12\/20230812_205239-scaled.jpg?fit=1200%2C555&ssl=1&resize=350%2C200","width":350,"height":200,"srcset":"https:\/\/i0.wp.com\/www.musique-cordiale.com\/wp-content\/uploads\/2023\/12\/20230812_205239-scaled.jpg?fit=1200%2C555&ssl=1&resize=350%2C200 1x, https:\/\/i0.wp.com\/www.musique-cordiale.com\/wp-content\/uploads\/2023\/12\/20230812_205239-scaled.jpg?fit=1200%2C555&ssl=1&resize=525%2C300 1.5x, https:\/\/i0.wp.com\/www.musique-cordiale.com\/wp-content\/uploads\/2023\/12\/20230812_205239-scaled.jpg?fit=1200%2C555&ssl=1&resize=700%2C400 2x, https:\/\/i0.wp.com\/www.musique-cordiale.com\/wp-content\/uploads\/2023\/12\/20230812_205239-scaled.jpg?fit=1200%2C555&ssl=1&resize=1050%2C600 3x"},"classes":[]},{"id":16241,"url":"https:\/\/www.musique-cordiale.com\/support-us\/members-friends-donors\/","url_meta":{"origin":51008,"position":5},"title":"Members, Friends &#038; Donors","author":"Lyndsey","date":"11\/04\/2017","format":false,"excerpt":"Forecast for the 2026 Festival: the music and weather will be HOT with the promise of revived ticket sales after recent Covid squalls... but lots of inflated costs and, possibly, a reduced public subsidy...The big questions is: is there a chance of donations? Ways you can support Musique Cordiale Annual\u2026","rel":"","context":"Article similaire","block_context":{"text":"Article similaire","link":""},"img":{"alt_text":"","src":"https:\/\/i0.wp.com\/www.musique-cordiale.com\/wp-content\/uploads\/2019\/09\/M-C-TRUST-2-logo_thumb2.jpg?resize=350%2C200&ssl=1","width":350,"height":200},"classes":[]}],"jetpack_shortlink":"https:\/\/wp.me\/PaEPkm-dgI","_links":{"self":[{"href":"https:\/\/www.musique-cordiale.com\/fr\/wp-json\/wp\/v2\/pages\/51008","targetHints":{"allow":["GET"]}}],"collection":[{"href":"https:\/\/www.musique-cordiale.com\/fr\/wp-json\/wp\/v2\/pages"}],"about":[{"href":"https:\/\/www.musique-cordiale.com\/fr\/wp-json\/wp\/v2\/types\/page"}],"author":[{"embeddable":true,"href":"https:\/\/www.musique-cordiale.com\/fr\/wp-json\/wp\/v2\/users\/3"}],"replies":[{"embeddable":true,"href":"https:\/\/www.musique-cordiale.com\/fr\/wp-json\/wp\/v2\/comments?post=51008"}],"version-history":[{"count":2,"href":"https:\/\/www.musique-cordiale.com\/fr\/wp-json\/wp\/v2\/pages\/51008\/revisions"}],"predecessor-version":[{"id":51010,"href":"https:\/\/www.musique-cordiale.com\/fr\/wp-json\/wp\/v2\/pages\/51008\/revisions\/51010"}],"wp:attachment":[{"href":"https:\/\/www.musique-cordiale.com\/fr\/wp-json\/wp\/v2\/media?parent=51008"}],"curies":[{"name":"wp","href":"https:\/\/api.w.org\/{rel}","templated":true}]}}