{"id":51156,"date":"2026-04-04T18:34:59","date_gmt":"2026-04-04T18:34:59","guid":{"rendered":"https:\/\/www.musique-cordiale.com\/?page_id=51156"},"modified":"2026-04-05T08:42:33","modified_gmt":"2026-04-05T08:42:33","slug":"musique-cordiale-2026","status":"publish","type":"page","link":"https:\/\/www.musique-cordiale.com\/fr\/","title":{"rendered":"Musique-Cordiale 2026"},"content":{"rendered":"\n<h3 class=\"wp-block-heading has-text-align-center has-vivid-red-color has-text-color has-link-color wp-elements-49f4d36cf6bc11421fa4e4d4df64eb2a\">Musique-Cordiale International Festival 2026<br>Dates and initial information<\/h3>\n\n\n\n<p class=\"has-text-align-center\"><strong>Festival International de Musique Cordiale 2026<br>Dates et premi\u00e8res informations<\/strong><\/p>\n\n\n\n<div class=\"wp-block-columns is-layout-flex wp-container-core-columns-is-layout-9d6595d7 wp-block-columns-is-layout-flex\">\n<div class=\"wp-block-column is-layout-flow wp-block-column-is-layout-flow\" style=\"flex-basis:100%\">\n<div class=\"wp-block-group is-content-justification-center is-nowrap is-layout-flex wp-container-core-group-is-layout-94bc23d7 wp-block-group-is-layout-flex\">\n<figure class=\"wp-block-video alignleft\"><video controls src=\"https:\/\/www.musique-cordiale.com\/wp-content\/uploads\/2026\/04\/2026-04-04-M-CFundraiser-opening-1.mp4\"><\/video><\/figure>\n\n\n<div class=\"wp-block-image\">\n<figure class=\"alignright is-resized\"><a href=\"https:\/\/gala-evening-musique-cordiale-tickets.base44.app\/GalaDinner\"><img data-recalc-dims=\"1\" decoding=\"async\" src=\"https:\/\/i0.wp.com\/www.musique-cordiale.com\/wp-content\/uploads\/2026\/03\/Join-Fundraiser-concert-28-July-206.jpeg?w=640&#038;ssl=1\" alt=\"2026 Gala dinner, concert &amp; Fundraiser\" style=\"width:257px;height:auto\" title=\"Join us for our Launch event, Fundraiser &amp; opening concert<\/a&gt;:\u00a0<\/strong&gt;<br \/&gt; Tuesday 28 July 2026, Le Mas des Romarins, Fayence\"\/><\/a><\/figure><\/div><\/div>\n<\/div>\n<\/div>\n\n\n\n<h2 class=\"wp-block-heading has-text-align-center\">The Fundraiser Concert and Gala Dinner: 28 July 2026<\/h2>\n\n\n\n<h3 class=\"wp-block-heading has-text-align-center\">Concert de bienfaisance et d\u00eener de gala&nbsp;: 28 juillet 2026<\/h3>\n\n\n\n<p class=\"has-text-align-center\">Il s\u2019agit de notre \u00e9v\u00e9nement de lancement pour le festival de 2026.<br>It&rsquo;s our launch event for the festival that follows<\/p>\n\n\n\n<p class=\"has-text-align-center\">RESERVEZ MANTENANT: <a href=\"https:\/\/gala-evening-musique-cordiale-tickets.base44.app\/GalaDinner\">https:\/\/gala-evening-musique-cordiale-tickets.base44.app\/GalaDinner<\/a><\/p>\n\n\n\n<ul class=\"wp-block-list\">\n<li>BOOK NOW!<strong> <a href=\"https:\/\/gala-evening-musique-cordiale-tickets.base44.app\/GalaDinner\" target=\"_blank\" rel=\"noreferrer noopener\">Tuesday 28 July 2026: <\/a><\/strong> Mas des Romarins near Fayence again! <strong>BOOK NOW!<\/strong><\/li>\n<\/ul>\n\n\n\n<p class=\"has-text-align-center\"><strong><a href=\"https:\/\/gala-evening-musique-cordiale-tickets.base44.app\/GalaDinner\" target=\"_blank\" rel=\"noreferrer noopener\">Fundraiser Concert &amp; Gala Evening<\/a><\/strong> &#8211; Like last year (see video above) &#8211; only better!<br>Comme l&rsquo;ann\u00e9e derni\u00e8re (voir la vid\u00e9o ci-dessus) &#8211; mais en mieux !<br>BOOK NOW!<\/p>\n\n\n\n<hr class=\"wp-block-separator has-alpha-channel-opacity\"\/>\n\n\n\n<h2 class=\"wp-block-heading has-text-align-center has-vivid-red-color has-text-color has-link-color wp-elements-51fcc0882bfd2ac959f438cacf844c59\">PROGRAMME of Festival CONCERTS<\/h2>\n\n\n\n<p><strong>Lunchtime and evening concerts from 29 July &#8211; 8 August 2026<\/strong> &#8211; midi-trente et tous les soirs!<\/p>\n\n\n<div class=\"wp-block-image\">\n<figure class=\"aligncenter size-full\"><img data-recalc-dims=\"1\" loading=\"lazy\" decoding=\"async\" width=\"640\" height=\"314\" src=\"https:\/\/i0.wp.com\/www.musique-cordiale.com\/wp-content\/uploads\/2026\/04\/MC-2025.jpg?resize=640%2C314&#038;ssl=1\" alt=\"\" class=\"wp-image-51159\" srcset=\"https:\/\/i0.wp.com\/www.musique-cordiale.com\/wp-content\/uploads\/2026\/04\/MC-2025.jpg?w=2000&amp;ssl=1 2000w, https:\/\/i0.wp.com\/www.musique-cordiale.com\/wp-content\/uploads\/2026\/04\/MC-2025.jpg?resize=768%2C376&amp;ssl=1 768w, https:\/\/i0.wp.com\/www.musique-cordiale.com\/wp-content\/uploads\/2026\/04\/MC-2025.jpg?resize=1536%2C753&amp;ssl=1 1536w, https:\/\/i0.wp.com\/www.musique-cordiale.com\/wp-content\/uploads\/2026\/04\/MC-2025.jpg?resize=750%2C368&amp;ssl=1 750w, https:\/\/i0.wp.com\/www.musique-cordiale.com\/wp-content\/uploads\/2026\/04\/MC-2025.jpg?w=1280&amp;ssl=1 1280w, https:\/\/i0.wp.com\/www.musique-cordiale.com\/wp-content\/uploads\/2026\/04\/MC-2025.jpg?w=1920&amp;ssl=1 1920w\" sizes=\"auto, (max-width: 640px) 100vw, 640px\" \/><\/figure><\/div>\n\n\n<h2 class=\"wp-block-heading has-text-align-center\">Opera, chamber music, recitals, choral oratorios, a cappella singing and orchestral concerts \u2013 in chapels, churches, vineyards, public squares and an amphitheater in every town and village of the magnificent Pays de Fayence &#8211; in the Provencal hills behind the Mediterranean<\/h2>\n\n\n\n<p class=\"has-text-align-center\">Op\u00e9ra, musique de chambre, r\u00e9citals, oratorios choraux, chants a cappella et concerts orchestraux \u2013 dans les chapelles, les \u00e9glises, les vignobles, les places publiques et un amphith\u00e9\u00e2tre dans chaque ville et village du magnifique Pays de Fayence<br><\/p>\n\n\n\n<div class=\"wp-block-group is-nowrap is-layout-flex wp-container-core-group-is-layout-ad2f72ca wp-block-group-is-layout-flex\">\n<div class=\"wp-block-columns is-layout-flex wp-container-core-columns-is-layout-9d6595d7 wp-block-columns-is-layout-flex\">\n<div class=\"wp-block-column is-layout-flow wp-block-column-is-layout-flow\"><\/div>\n\n\n\n<div class=\"wp-block-column is-layout-flow wp-block-column-is-layout-flow\"><\/div>\n<\/div>\n\n\n\n<div class=\"wp-block-jetpack-tiled-gallery aligncenter is-style-rectangular\"><div class=\"\"><div class=\"tiled-gallery__gallery\"><div class=\"tiled-gallery__row\"><div class=\"tiled-gallery__col\" style=\"flex-basis:18.33736%\"><figure class=\"tiled-gallery__item\"><img decoding=\"async\" role=\"button\" tabindex=\"0\" aria-label=\"Ouvrir l\u2019image 1 sur 6 en plein \u00e9cran\"srcset=\"https:\/\/i0.wp.com\/www.musique-cordiale.com\/wp-content\/uploads\/2025\/04\/IMG-20250423-WA00191-Cencert-de-Cloture-2024.jpg?strip=info&#038;w=600&#038;ssl=1 600w,https:\/\/i0.wp.com\/www.musique-cordiale.com\/wp-content\/uploads\/2025\/04\/IMG-20250423-WA00191-Cencert-de-Cloture-2024.jpg?strip=info&#038;w=900&#038;ssl=1 900w,https:\/\/i0.wp.com\/www.musique-cordiale.com\/wp-content\/uploads\/2025\/04\/IMG-20250423-WA00191-Cencert-de-Cloture-2024.jpg?strip=info&#038;w=1126&#038;ssl=1 1126w\" alt=\"\" data-height=\"1690\" data-id=\"48658\" data-link=\"https:\/\/www.musique-cordiale.com\/?attachment_id=48658\" data-url=\"https:\/\/www.musique-cordiale.com\/wp-content\/uploads\/2025\/04\/IMG-20250423-WA00191-Cencert-de-Cloture-2024.jpg\" data-width=\"1126\" src=\"https:\/\/i0.wp.com\/www.musique-cordiale.com\/wp-content\/uploads\/2025\/04\/IMG-20250423-WA00191-Cencert-de-Cloture-2024.jpg?ssl=1\" data-amp-layout=\"responsive\"\/><\/figure><\/div><div class=\"tiled-gallery__col\" style=\"flex-basis:81.66264%\"><figure class=\"tiled-gallery__item\"><img decoding=\"async\" role=\"button\" tabindex=\"0\" aria-label=\"Ouvrir l\u2019image 2 sur 6 en plein \u00e9cran\"srcset=\"https:\/\/i0.wp.com\/www.musique-cordiale.com\/wp-content\/uploads\/2025\/05\/claviers-CMOIRENC_120123-scaled-1200x400-1.jpg?strip=info&#038;w=600&#038;ssl=1 600w,https:\/\/i0.wp.com\/www.musique-cordiale.com\/wp-content\/uploads\/2025\/05\/claviers-CMOIRENC_120123-scaled-1200x400-1.jpg?strip=info&#038;w=900&#038;ssl=1 900w,https:\/\/i0.wp.com\/www.musique-cordiale.com\/wp-content\/uploads\/2025\/05\/claviers-CMOIRENC_120123-scaled-1200x400-1.jpg?strip=info&#038;w=1200&#038;ssl=1 1200w\" alt=\"\" data-height=\"400\" data-id=\"49147\" data-link=\"https:\/\/www.musique-cordiale.com\/?attachment_id=49147\" data-url=\"https:\/\/www.musique-cordiale.com\/wp-content\/uploads\/2025\/05\/claviers-CMOIRENC_120123-scaled-1200x400-1.jpg\" data-width=\"1200\" src=\"https:\/\/i0.wp.com\/www.musique-cordiale.com\/wp-content\/uploads\/2025\/05\/claviers-CMOIRENC_120123-scaled-1200x400-1.jpg?ssl=1\" data-amp-layout=\"responsive\"\/><\/figure><\/div><\/div><div class=\"tiled-gallery__row\"><div class=\"tiled-gallery__col\" style=\"flex-basis:18.65767%\"><figure class=\"tiled-gallery__item\"><img decoding=\"async\" role=\"button\" tabindex=\"0\" aria-label=\"Ouvrir l\u2019image 3 sur 6 en plein \u00e9cran\"srcset=\"https:\/\/i0.wp.com\/www.musique-cordiale.com\/wp-content\/uploads\/2025\/04\/WhatsApp-Image-2025-05-07-at-12.50.10_7cc57d7c-Rachelsaxmusic.jpg?strip=info&#038;w=600&#038;ssl=1 600w,https:\/\/i0.wp.com\/www.musique-cordiale.com\/wp-content\/uploads\/2025\/04\/WhatsApp-Image-2025-05-07-at-12.50.10_7cc57d7c-Rachelsaxmusic.jpg?strip=info&#038;w=900&#038;ssl=1 900w,https:\/\/i0.wp.com\/www.musique-cordiale.com\/wp-content\/uploads\/2025\/04\/WhatsApp-Image-2025-05-07-at-12.50.10_7cc57d7c-Rachelsaxmusic.jpg?strip=info&#038;w=1022&#038;ssl=1 1022w\" alt=\"\" data-height=\"1539\" data-id=\"49047\" data-link=\"https:\/\/www.musique-cordiale.com\/?attachment_id=49047\" data-url=\"https:\/\/www.musique-cordiale.com\/wp-content\/uploads\/2025\/04\/WhatsApp-Image-2025-05-07-at-12.50.10_7cc57d7c-Rachelsaxmusic.jpg\" data-width=\"1022\" src=\"https:\/\/i0.wp.com\/www.musique-cordiale.com\/wp-content\/uploads\/2025\/04\/WhatsApp-Image-2025-05-07-at-12.50.10_7cc57d7c-Rachelsaxmusic.jpg?ssl=1\" data-amp-layout=\"responsive\"\/><\/figure><\/div><div class=\"tiled-gallery__col\" style=\"flex-basis:19.31938%\"><figure class=\"tiled-gallery__item\"><img decoding=\"async\" role=\"button\" tabindex=\"0\" aria-label=\"Ouvrir l\u2019image 4 sur 6 en plein \u00e9cran\"srcset=\"https:\/\/i0.wp.com\/www.musique-cordiale.com\/wp-content\/uploads\/2025\/05\/musicians-of-Musique-Cordiale.jpg?strip=info&#038;w=600&#038;ssl=1 600w,https:\/\/i0.wp.com\/www.musique-cordiale.com\/wp-content\/uploads\/2025\/05\/musicians-of-Musique-Cordiale.jpg?strip=info&#038;w=760&#038;ssl=1 760w\" alt=\"\" data-height=\"1105\" data-id=\"49098\" data-link=\"https:\/\/www.musique-cordiale.com\/about\/what-we-do\/musicians-of-musique-cordiale\/\" data-url=\"https:\/\/www.musique-cordiale.com\/wp-content\/uploads\/2025\/05\/musicians-of-Musique-Cordiale.jpg\" data-width=\"760\" src=\"https:\/\/i0.wp.com\/www.musique-cordiale.com\/wp-content\/uploads\/2025\/05\/musicians-of-Musique-Cordiale.jpg?ssl=1\" data-amp-layout=\"responsive\"\/><\/figure><\/div><div class=\"tiled-gallery__col\" style=\"flex-basis:47.97373%\"><figure class=\"tiled-gallery__item\"><img decoding=\"async\" role=\"button\" tabindex=\"0\" aria-label=\"Ouvrir l\u2019image 5 sur 6 en plein \u00e9cran\"srcset=\"https:\/\/i0.wp.com\/www.musique-cordiale.com\/wp-content\/uploads\/2025\/04\/IMG-20250423-WA00181-Concert-de-cloture-2024.jpg?strip=info&#038;w=600&#038;ssl=1 600w,https:\/\/i0.wp.com\/www.musique-cordiale.com\/wp-content\/uploads\/2025\/04\/IMG-20250423-WA00181-Concert-de-cloture-2024.jpg?strip=info&#038;w=900&#038;ssl=1 900w,https:\/\/i0.wp.com\/www.musique-cordiale.com\/wp-content\/uploads\/2025\/04\/IMG-20250423-WA00181-Concert-de-cloture-2024.jpg?strip=info&#038;w=1200&#038;ssl=1 1200w,https:\/\/i0.wp.com\/www.musique-cordiale.com\/wp-content\/uploads\/2025\/04\/IMG-20250423-WA00181-Concert-de-cloture-2024.jpg?strip=info&#038;w=1500&#038;ssl=1 1500w,https:\/\/i0.wp.com\/www.musique-cordiale.com\/wp-content\/uploads\/2025\/04\/IMG-20250423-WA00181-Concert-de-cloture-2024.jpg?strip=info&#038;w=1677&#038;ssl=1 1677w\" alt=\"\" data-height=\"978\" data-id=\"48654\" data-link=\"https:\/\/www.musique-cordiale.com\/?attachment_id=48654\" data-url=\"https:\/\/www.musique-cordiale.com\/wp-content\/uploads\/2025\/04\/IMG-20250423-WA00181-Concert-de-cloture-2024.jpg\" data-width=\"1677\" src=\"https:\/\/i0.wp.com\/www.musique-cordiale.com\/wp-content\/uploads\/2025\/04\/IMG-20250423-WA00181-Concert-de-cloture-2024.jpg?ssl=1\" data-amp-layout=\"responsive\"\/><\/figure><\/div><div class=\"tiled-gallery__col\" style=\"flex-basis:14.04922%\"><figure class=\"tiled-gallery__item\"><img decoding=\"async\" role=\"button\" tabindex=\"0\" aria-label=\"Ouvrir l\u2019image 6 sur 6 en plein \u00e9cran\"srcset=\"https:\/\/i0.wp.com\/www.musique-cordiale.com\/wp-content\/uploads\/2025\/04\/IMG-20250423-WA00171-Concert-de-cloture-2024.jpg?strip=info&#038;w=600&#038;ssl=1 600w,https:\/\/i0.wp.com\/www.musique-cordiale.com\/wp-content\/uploads\/2025\/04\/IMG-20250423-WA00171-Concert-de-cloture-2024.jpg?strip=info&#038;w=900&#038;ssl=1 900w,https:\/\/i0.wp.com\/www.musique-cordiale.com\/wp-content\/uploads\/2025\/04\/IMG-20250423-WA00171-Concert-de-cloture-2024.jpg?strip=info&#038;w=912&#038;ssl=1 912w\" alt=\"\" data-height=\"1828\" data-id=\"48656\" data-link=\"https:\/\/www.musique-cordiale.com\/?attachment_id=48656\" data-url=\"https:\/\/www.musique-cordiale.com\/wp-content\/uploads\/2025\/04\/IMG-20250423-WA00171-Concert-de-cloture-2024.jpg\" data-width=\"912\" src=\"https:\/\/i0.wp.com\/www.musique-cordiale.com\/wp-content\/uploads\/2025\/04\/IMG-20250423-WA00171-Concert-de-cloture-2024.jpg?ssl=1\" data-amp-layout=\"responsive\"\/><\/figure><\/div><\/div><\/div><\/div><\/div>\n<\/div>\n\n\n\n<h2 class=\"wp-block-heading has-text-align-center has-vivid-red-color has-text-color has-link-color wp-elements-2ca8df264b75088db0c7ab401f503542\">2026 is our 22nd annual festival:  <br>classical and choral music in Britain &amp; in Provence<\/h2>\n\n\n\n<div class=\"wp-block-columns is-layout-flex wp-container-core-columns-is-layout-9d6595d7 wp-block-columns-is-layout-flex\">\n<div class=\"wp-block-column is-layout-flow wp-block-column-is-layout-flow\">\n<h2 class=\"wp-block-heading has-text-align-center\"><strong>* CONCERTS du FESTIVAL 2026<\/strong><br>Du mercredi 29 juillet<br>au samedi 8 ao\u00fbt<\/h2>\n\n\n\n<p class=\"has-text-align-center\">11 concerts en soir\u00e9e<br>et 7 concerts \u00e0 l&rsquo;heure du d\u00e9jeuner (midi-trente)<\/p>\n\n\n\n<p class=\"has-vivid-red-color has-text-color has-link-color wp-elements-a52e05379e1013faea8b6f1ab98ee1b3\"><strong>Provisional Festival Programme<\/strong><\/p>\n\n\n\n<p>MAJOR CHORAL WORKS<br>(2 repr\u00e9sentations, dont concert de cl\u00f4ture)<br>\u2022 Mozart : Requiem<br>\u2022 Dvorak : Mass in D major<\/p>\n\n\n\n<p>BAROQUE CONCERTI<br>\u2022 Vivaldi : Concerto 2 cellos<br>\u2022 Bach : Concerto pour 2 violins<br>\u2022 Bach : Brandenburg concerto n\u00b0 3<\/p>\n\n\n\n<p>Choral a cappella Concert<br>\u2022 French &amp; English romantic music<br>\u2022 Anthems bt Faur\u00e9, Dupr\u00e9, Elgar, Stanford &amp; others<\/p>\n\n\n\n<p>ORCHESTRAL CONCERT<br>\u2022 Mozart : Ouverture to Marriage of Figaro<br>\u2022 Mozart : clarinet concerto<br>\u2022 Mendelssohn : Violin concerto<br>\u2022 Haydn : Symphonie n\u00b0 68<\/p>\n\n\n\n<p>OP\u00c9RA<br>\u2022 Lully : Suite d&rsquo;Armide<br>\u2022 Purcell : Dido &amp; Aeneus<\/p>\n\n\n\n<p>SOIR\u00c9E OP\u00c9RA<br>\u2022 Arias &amp; duets of Verdi, Puccini, Donizetti<\/p>\n\n\n\n<p><em>Plus much else at lovely 1 hour FREE LUNCHTIME CONCERTS, including instrumental delights  &#8211; and  French music &amp; song<\/em><\/p>\n\n\n\n<p><\/p>\n<\/div>\n\n\n\n<div class=\"wp-block-column is-layout-flow wp-block-column-is-layout-flow\">\n<p><strong>Venues<\/strong>: Concerts envisaged in all 9 communes du Pays de Fayence<br>Venues where we hope to perform, among others :<br>o <em>Seillans, \u00c9glise de St L\u00e9ger<br>o Seillans, Chapelle Notre Dame de l\u2019Ormeau<br>o Seillans, Domaine Val d\u2019Iris<br>o Caillian, Chapelle des P\u00e9nitents<br>o Caillian, Chapelle Saint-Donat<br>o Seillans, l\u2019Ancien Gare de Seillans<br>o Fayance, Th\u00e9\u00e2tre de Verdure<br>o Fayence, Chapelle Cypres<br>o Bagnols-en-Foret, l\u2019\u00c9glise Saint Antonin<br>o Tourette, \u00c9glise Saint-Andr\u00e9 et Saint-Martial<br>o Saint Paul en Foret, Salle des F\u00eates<br>o Montauroux, La Chapelle Dior<br>o Mons, l\u2019\u00c9glise Notre Dame de l\u2019Assomption<br>o Tanneron, La Maison du Lac<\/em><\/p>\n\n\n\n<p>Soloists to include:<br>Hannah Dienes-Williams <em>Soprano<\/em><br>Aidan Coburn <em>Tenor<\/em><br>Patrick Keefe <em>Baritone<\/em><br>Oliver Cave <em>violin<\/em><br>Anna Tulchinkaya <em>violin<\/em><br>Joe Fisher <em>viola<\/em><br>James Heathcote <em>cello &amp; piano<\/em><br>Sophy Haynes <em>cello<\/em><br>Sean Law double <em>bass<\/em><br>Ruth Harrison <em>flute<\/em><br>Rachel Coe <em>Clarinet &amp; saxaphone<\/em><\/p>\n<\/div>\n<\/div>\n\n\n\n<h2 class=\"wp-block-heading has-text-align-center has-vivid-red-color has-text-color has-link-color wp-elements-f03ef55b3d86f8a25950883fd6df4107\">Do you love to SING? Would you like to sing in the Festival Choir?<\/h2>\n\n\n\n<p class=\"has-text-align-center\"><strong>Aimez-vous chanter ? Aimeriez-vous chanter dans le choeur du festival 2026 ?<\/strong><\/p>\n\n\n\n<p class=\"has-text-align-center\">Rehearse over a week and perform in 3 concerts under the attentive, inspiring and supportive direction of our much loved music director and conductor<br>GRAHAM ROSS<br>Director of Music at Clare College, Cambridge<\/p>\n\n\n\n<p class=\"has-text-align-center\">See the information about joining the choir this year! VOIR LES INFORMATIONS SUR LE CHOEUR<strong><em> <a href=\"https:\/\/www.musique-cordiale.com\/choir-2026\/\">HERE<\/a><\/em><\/strong><\/p>\n\n\n\n<p><\/p>\n","protected":false},"excerpt":{"rendered":"<p>Musique-Cordiale International Festival 2026Dates and initial information Festival International de Musique Cordiale 2026Dates et premi\u00e8res informations The Fundraiser Concert and Gala Dinner: 28 July 2026 Concert de bienfaisance et d\u00eener de gala&nbsp;: 28 juillet 2026 Il s\u2019agit de notre \u00e9v\u00e9nement de lancement pour le festival de 2026.It&rsquo;s our launch event for the festival that follows [&hellip;]<\/p>\n","protected":false},"author":3,"featured_media":0,"parent":0,"menu_order":0,"comment_status":"closed","ping_status":"closed","template":"","meta":{"_acf_changed":false,"_monsterinsights_skip_tracking":false,"_monsterinsights_sitenote_active":false,"_monsterinsights_sitenote_note":"","_monsterinsights_sitenote_category":0,"_uf_show_specific_survey":0,"_uf_disable_surveys":false,"advanced_seo_description":"","jetpack_seo_html_title":"","jetpack_seo_noindex":false,"footnotes":""},"class_list":["post-51156","page","type-page","status-publish","hentry"],"acf":[],"jetpack_sharing_enabled":true,"jetpack-related-posts":[{"id":14865,"url":"https:\/\/www.musique-cordiale.com\/fr\/festival-international-musique-cordiale\/","url_meta":{"origin":51156,"position":0},"title":"Musique Cordiale Festival International et Acad\u00e9mie","author":"Webmaster","date":"16\/01\/2015","format":false,"excerpt":"","rel":"","context":"Article similaire","block_context":{"text":"Article similaire","link":""},"img":{"alt_text":"","src":"https:\/\/i0.wp.com\/www.musique-cordiale.com\/wp-content\/uploads\/2023\/01\/49516009783_28e26a00da_o-scaled.jpg?fit=1200%2C900&ssl=1&resize=350%2C200","width":350,"height":200,"srcset":"https:\/\/i0.wp.com\/www.musique-cordiale.com\/wp-content\/uploads\/2023\/01\/49516009783_28e26a00da_o-scaled.jpg?fit=1200%2C900&ssl=1&resize=350%2C200 1x, https:\/\/i0.wp.com\/www.musique-cordiale.com\/wp-content\/uploads\/2023\/01\/49516009783_28e26a00da_o-scaled.jpg?fit=1200%2C900&ssl=1&resize=525%2C300 1.5x, https:\/\/i0.wp.com\/www.musique-cordiale.com\/wp-content\/uploads\/2023\/01\/49516009783_28e26a00da_o-scaled.jpg?fit=1200%2C900&ssl=1&resize=700%2C400 2x, https:\/\/i0.wp.com\/www.musique-cordiale.com\/wp-content\/uploads\/2023\/01\/49516009783_28e26a00da_o-scaled.jpg?fit=1200%2C900&ssl=1&resize=1050%2C600 3x"},"classes":[]},{"id":36220,"url":"https:\/\/www.musique-cordiale.com\/fr\/programme-box-office-summer-2022\/","url_meta":{"origin":51156,"position":1},"title":"Programmes 2023 &#8211; 2025","author":"Jonathan Barker","date":"13\/05\/2022","format":false,"excerpt":"The Programme for the 2025 International Festival (29 July - 10 August 2025)will be published in the Springand the BOX OFFICE OPENS at EASTER (21 APRIL 2025) For more information about Musique Cordiale, see our Home pagePour plus d'informations sur Musique Cordiale, consultez notre page d'accueil ICI en fran\u00e7ais *********************************\u2026","rel":"","context":"Article similaire","block_context":{"text":"Article similaire","link":""},"img":{"alt_text":"","src":"https:\/\/i0.wp.com\/www.musique-cordiale.com\/wp-content\/uploads\/2022\/06\/MC-concert-2022-06-04.jpeg?fit=1200%2C554&ssl=1&resize=350%2C200","width":350,"height":200,"srcset":"https:\/\/i0.wp.com\/www.musique-cordiale.com\/wp-content\/uploads\/2022\/06\/MC-concert-2022-06-04.jpeg?fit=1200%2C554&ssl=1&resize=350%2C200 1x, https:\/\/i0.wp.com\/www.musique-cordiale.com\/wp-content\/uploads\/2022\/06\/MC-concert-2022-06-04.jpeg?fit=1200%2C554&ssl=1&resize=525%2C300 1.5x, https:\/\/i0.wp.com\/www.musique-cordiale.com\/wp-content\/uploads\/2022\/06\/MC-concert-2022-06-04.jpeg?fit=1200%2C554&ssl=1&resize=700%2C400 2x, https:\/\/i0.wp.com\/www.musique-cordiale.com\/wp-content\/uploads\/2022\/06\/MC-concert-2022-06-04.jpeg?fit=1200%2C554&ssl=1&resize=1050%2C600 3x"},"classes":[]},{"id":4308,"url":"https:\/\/www.musique-cordiale.com\/about\/musique-cordiale-trust\/","url_meta":{"origin":51156,"position":2},"title":"The Musique Cordiale Trust (UK charity)","author":"Jonathan Barker","date":"22\/10\/2014","format":false,"excerpt":"The Musique-Cordiale Trust was launched in England in 2016. It is registered as an English charity (registered charity number 1167732). It is independent from the association which runs the festival and has its own separate trustees although it shares many common goals and is expected to provide support to the\u2026","rel":"","context":"Article similaire","block_context":{"text":"Article similaire","link":""},"img":{"alt_text":"","src":"https:\/\/i0.wp.com\/www.musique-cordiale.com\/wp-content\/uploads\/2018\/09\/CQ4A4120-254x300.jpg?resize=350%2C200&ssl=1","width":350,"height":200},"classes":[]},{"id":13938,"url":"https:\/\/www.musique-cordiale.com\/fr\/receipt\/","url_meta":{"origin":51156,"position":3},"title":"receipt","author":"Jonathan Barker","date":"08\/09\/2016","format":false,"excerpt":"Payment in GB pounds to Musique-Cordiale Services Ltd for L'association Musique-Cordiale (France) or The Musique Cordiale Trust (England) Musique Cordiale International Festival & Academy \u00a0(Please email any enquiries to the treasurer) Privacy & conditions:\u00a0Musique Cordiale respects your confidentiality and guards your personal information. We never\u00a0retain details of your bank debit\u2026","rel":"","context":"Article similaire","block_context":{"text":"Article similaire","link":""},"img":{"alt_text":"","src":"https:\/\/i0.wp.com\/www.musique-cordiale.com\/wp-content\/uploads\/2016\/01\/MCLogoR-square.jpg?fit=334%2C335&ssl=1&resize=350%2C200","width":350,"height":200},"classes":[]},{"id":671,"url":"https:\/\/www.musique-cordiale.com\/home\/","url_meta":{"origin":51156,"position":4},"title":"MUSIQUE CORDIALE International Festival &#038; Academy","author":"Webmaster","date":"16\/01\/2015","format":false,"excerpt":"We hope to be back in Seillans & the Pays de Fayence, France in 2026 The Box Office is closed until Easter 12-day annual festival of opera and classical, choral, orchestral & chamber music and a little jazz.Lunch-time & evening concerts in summer and, occasionally, at other times of year\u2026","rel":"","context":"Article similaire","block_context":{"text":"Article similaire","link":""},"img":{"alt_text":"","src":"https:\/\/i0.wp.com\/www.musique-cordiale.com\/wp-content\/uploads\/2023\/01\/49516009783_28e26a00da_o-1-scaled.jpg?fit=1200%2C900&ssl=1&resize=350%2C200","width":350,"height":200,"srcset":"https:\/\/i0.wp.com\/www.musique-cordiale.com\/wp-content\/uploads\/2023\/01\/49516009783_28e26a00da_o-1-scaled.jpg?fit=1200%2C900&ssl=1&resize=350%2C200 1x, https:\/\/i0.wp.com\/www.musique-cordiale.com\/wp-content\/uploads\/2023\/01\/49516009783_28e26a00da_o-1-scaled.jpg?fit=1200%2C900&ssl=1&resize=525%2C300 1.5x, https:\/\/i0.wp.com\/www.musique-cordiale.com\/wp-content\/uploads\/2023\/01\/49516009783_28e26a00da_o-1-scaled.jpg?fit=1200%2C900&ssl=1&resize=700%2C400 2x, https:\/\/i0.wp.com\/www.musique-cordiale.com\/wp-content\/uploads\/2023\/01\/49516009783_28e26a00da_o-1-scaled.jpg?fit=1200%2C900&ssl=1&resize=1050%2C600 3x"},"classes":[]},{"id":38622,"url":"https:\/\/www.musique-cordiale.com\/about\/what-we-do\/","url_meta":{"origin":51156,"position":5},"title":"What We Do","author":"Webmaster","date":"25\/05\/2023","format":false,"excerpt":"Musique Cordiale is an annual festival bringing together world class soloists, professional and emerging instrumentalists and an enthusiastic and accomplished amateur choir to present a programme of exciting concerts in Provence, France.\u00a0(There is also an autumn series of concerts in Kent, GB, usually featuring selected highlights - and artists -\u2026","rel":"","context":"Article similaire","block_context":{"text":"Article similaire","link":""},"img":{"alt_text":"","src":"https:\/\/i0.wp.com\/www.musique-cordiale.com\/wp-content\/uploads\/2025\/05\/Seillans-through-the-eyes-of-local-artist-Tessa-Peskett-courtesy-of-the-galerie-Orange-Tree.jpg?fit=1200%2C1035&ssl=1&resize=350%2C200","width":350,"height":200,"srcset":"https:\/\/i0.wp.com\/www.musique-cordiale.com\/wp-content\/uploads\/2025\/05\/Seillans-through-the-eyes-of-local-artist-Tessa-Peskett-courtesy-of-the-galerie-Orange-Tree.jpg?fit=1200%2C1035&ssl=1&resize=350%2C200 1x, https:\/\/i0.wp.com\/www.musique-cordiale.com\/wp-content\/uploads\/2025\/05\/Seillans-through-the-eyes-of-local-artist-Tessa-Peskett-courtesy-of-the-galerie-Orange-Tree.jpg?fit=1200%2C1035&ssl=1&resize=525%2C300 1.5x, https:\/\/i0.wp.com\/www.musique-cordiale.com\/wp-content\/uploads\/2025\/05\/Seillans-through-the-eyes-of-local-artist-Tessa-Peskett-courtesy-of-the-galerie-Orange-Tree.jpg?fit=1200%2C1035&ssl=1&resize=700%2C400 2x, https:\/\/i0.wp.com\/www.musique-cordiale.com\/wp-content\/uploads\/2025\/05\/Seillans-through-the-eyes-of-local-artist-Tessa-Peskett-courtesy-of-the-galerie-Orange-Tree.jpg?fit=1200%2C1035&ssl=1&resize=1050%2C600 3x"},"classes":[]}],"jetpack_shortlink":"https:\/\/wp.me\/PaEPkm-dj6","_links":{"self":[{"href":"https:\/\/www.musique-cordiale.com\/fr\/wp-json\/wp\/v2\/pages\/51156","targetHints":{"allow":["GET"]}}],"collection":[{"href":"https:\/\/www.musique-cordiale.com\/fr\/wp-json\/wp\/v2\/pages"}],"about":[{"href":"https:\/\/www.musique-cordiale.com\/fr\/wp-json\/wp\/v2\/types\/page"}],"author":[{"embeddable":true,"href":"https:\/\/www.musique-cordiale.com\/fr\/wp-json\/wp\/v2\/users\/3"}],"replies":[{"embeddable":true,"href":"https:\/\/www.musique-cordiale.com\/fr\/wp-json\/wp\/v2\/comments?post=51156"}],"version-history":[{"count":31,"href":"https:\/\/www.musique-cordiale.com\/fr\/wp-json\/wp\/v2\/pages\/51156\/revisions"}],"predecessor-version":[{"id":51244,"href":"https:\/\/www.musique-cordiale.com\/fr\/wp-json\/wp\/v2\/pages\/51156\/revisions\/51244"}],"wp:attachment":[{"href":"https:\/\/www.musique-cordiale.com\/fr\/wp-json\/wp\/v2\/media?parent=51156"}],"curies":[{"name":"wp","href":"https:\/\/api.w.org\/{rel}","templated":true}]}}