{"id":15013,"date":"2015-09-21T13:49:31","date_gmt":"2015-09-21T13:49:31","guid":{"rendered":"http:\/\/dev3.musique-cordiale.com\/M-C-topic\/adherent-2017\/"},"modified":"2026-02-25T11:26:15","modified_gmt":"2026-02-25T11:26:15","slug":"adherent-2018","status":"publish","type":"product","link":"https:\/\/www.musique-cordiale.com\/fr\/boutique-billetterie\/adherent-2018\/","title":{"rendered":"Adh\u00e9rent 2025-26"},"content":{"rendered":"<p><span class=\"home-page-medium\">ADH\u00c9RENT (de l\u2019association Musique Cordiale): \u00a330 GBP livres sterling ou 35\u20ac EUROS<br \/>\n<\/span><br \/>\n<span class=\"home-page-small\">Avantages:<\/span><\/p>\n<ul>\n<li><span class=\"home-page-small\">Une remise en ligne de 10% sur les billets du Festival (limit\u00e9e \u00e0 2 billets par membre par concert)<\/span><\/li>\n<li><span class=\"home-page-small\">R\u00e9ception \u00e0 domicile du flyer du Festival<\/span><\/li>\n<li><span class=\"home-page-small\">R\u00e9ception p\u00e9riodique du bulletin \u00e9lectronique et de l\u2019actualit\u00e9 du Festival<\/span><\/li>\n<li><span class=\"home-page-small\">Droit d\u2019acheter des enregistrements de MC concerts, CD et DVD<\/span><\/li>\n<li><span class=\"home-page-small\">Droit d&rsquo;assister aux d\u00eeners en pr\u00e9sence des artistes*<\/span><\/li>\n<li><span class=\"home-page-small\">Invitation \u00e0 l\u2019Assembl\u00e9e g\u00e9n\u00e9rale annuelle<\/span><\/li>\n<li><span class=\"home-page-small\">Opportunit\u00e9 d\u2019\u00e9lection au Conseil et au Bureau<\/span><\/li>\n<\/ul>\n<p><span class=\"home-page-small\">*Avec frais suppl\u00e9mentaires.<\/span><\/p>\n\n<p>&nbsp;<\/p>\n","protected":false},"excerpt":{"rendered":"<p>Devenez adh\u00e9rent<\/p>\n","protected":false},"featured_media":22738,"template":"","meta":{"_acf_changed":false,"_monsterinsights_skip_tracking":false,"_monsterinsights_sitenote_active":false,"_monsterinsights_sitenote_note":"","_monsterinsights_sitenote_category":0,"_uf_show_specific_survey":0,"_uf_disable_surveys":false,"advanced_seo_description":"","jetpack_seo_html_title":"","jetpack_seo_noindex":false},"product_brand":[],"product_cat":[127],"product_tag":[489,300,424],"venue":[],"class_list":{"0":"post-15013","1":"product","2":"type-product","3":"status-publish","4":"has-post-thumbnail","6":"product_cat-devenez-adherent-ami-ou-mecene-paiement-en-euros","7":"product_tag-inscription","8":"product_tag-soutenez","9":"product_tag-soutien-fr","11":"first","12":"instock","13":"featured","14":"virtual","15":"purchasable","16":"product-type-simple"},"acf":[],"jetpack_sharing_enabled":true,"jetpack-related-posts":[{"id":15015,"url":"https:\/\/www.musique-cordiale.com\/fr\/boutique-billetterie\/ami-couple-2017\/","url_meta":{"origin":15013,"position":0},"title":"Ami Couple 2024-25 (valable 1 an \u00e0 compter de l&rsquo;achat)","author":"Jonathan Barker","date":"21\/09\/2015","format":false,"excerpt":"Ami Couple Avantages: Une remise de 10% sur les billets du Festival (limit\u00e9e \u00e0 2 billets par membre par concert) R\u00e9ception \u00e0 domicile du flyer du Festival R\u00e9ception p\u00e9riodique du bulletin \u00e9lectronique et de l\u2019actualit\u00e9 du Festival Droit d\u2019acheter des enregistrements de MC concerts, CD et DVD Droit d'assister aux\u2026","rel":"","context":"Article similaire","block_context":{"text":"Article similaire","link":""},"img":{"alt_text":"","src":"https:\/\/i0.wp.com\/www.musique-cordiale.com\/wp-content\/uploads\/2015\/09\/Jacques-Pippa-2015-e1442911940613.jpg?fit=806%2C710&ssl=1&resize=350%2C200","width":350,"height":200,"srcset":"https:\/\/i0.wp.com\/www.musique-cordiale.com\/wp-content\/uploads\/2015\/09\/Jacques-Pippa-2015-e1442911940613.jpg?fit=806%2C710&ssl=1&resize=350%2C200 1x, https:\/\/i0.wp.com\/www.musique-cordiale.com\/wp-content\/uploads\/2015\/09\/Jacques-Pippa-2015-e1442911940613.jpg?fit=806%2C710&ssl=1&resize=525%2C300 1.5x, https:\/\/i0.wp.com\/www.musique-cordiale.com\/wp-content\/uploads\/2015\/09\/Jacques-Pippa-2015-e1442911940613.jpg?fit=806%2C710&ssl=1&resize=700%2C400 2x"},"classes":[]},{"id":15014,"url":"https:\/\/www.musique-cordiale.com\/fr\/boutique-billetterie\/ami-individuel-2017\/","url_meta":{"origin":15013,"position":1},"title":"Ami Individuel 2025-26 (valable 1 an \u00e0 compter de l&rsquo;achat)","author":"Jonathan Barker","date":"21\/09\/2015","format":false,"excerpt":"Adh\u00e9sion individuelle comprise Tous les avantages ci-dessus, plus: Priorit\u00e9 de r\u00e9servation deux semaines avant l\u2019ouverture de la billetterie Mention dans le programme et sur le site Internet du Festival Invitation au D\u00eener de Gala annuel* Vous avez droit \u00e0 un certificat du don pour la valeur de cet abonnement qui\u2026","rel":"","context":"Article similaire","block_context":{"text":"Article similaire","link":""},"img":{"alt_text":"","src":"https:\/\/i0.wp.com\/www.musique-cordiale.com\/wp-content\/uploads\/2020\/02\/49516531626_35da227075_o-1-scaled.jpg?fit=583%2C1200&ssl=1&resize=350%2C200","width":350,"height":200,"srcset":"https:\/\/i0.wp.com\/www.musique-cordiale.com\/wp-content\/uploads\/2020\/02\/49516531626_35da227075_o-1-scaled.jpg?fit=583%2C1200&ssl=1&resize=350%2C200 1x, https:\/\/i0.wp.com\/www.musique-cordiale.com\/wp-content\/uploads\/2020\/02\/49516531626_35da227075_o-1-scaled.jpg?fit=583%2C1200&ssl=1&resize=525%2C300 1.5x"},"classes":[]},{"id":23049,"url":"https:\/\/www.musique-cordiale.com\/fr\/boutique-billetterie\/ticket-sympony-concert-9-august-2019-opening-concert-festival-2019\/","url_meta":{"origin":15013,"position":2},"title":"Billet &#8211;  Concert Symphonique, vendredi 9 a\u00f4ut 2019 &#8211; concert d&rsquo;ouverture, Festival 2019","author":"Jonathan Barker","date":"18\/03\/2019","format":false,"excerpt":"Vendredi 9 ao\u00fbt 19.00 Eglise de Seillans\u00a0 \u00a0 \u00a0 \u00a0 \u00a0 \u00a0\u00a0 Concert Symphonique\u00a0 - concert d\u2019ouverture du festival L\u2019Orchestre du Festival avec solistes Direction: James Lowe MOZART Sinfonia Concertante (Colette Overdijk\u00a0 - violon, Ian Anderson - alto) SCHOENBERG\u00a0 \u00ab La nuit transfigur\u00e9e \u00bb SCHUBERT Symphonie No 5, D485 en\u2026","rel":"","context":"Article similaire","block_context":{"text":"Article similaire","link":""},"img":{"alt_text":"","src":"https:\/\/i0.wp.com\/www.musique-cordiale.com\/wp-content\/uploads\/2018\/01\/MCAcademy2016-reh-with-orchestra-James-Lowe-scaled.jpg?fit=1200%2C533&ssl=1&resize=350%2C200","width":350,"height":200,"srcset":"https:\/\/i0.wp.com\/www.musique-cordiale.com\/wp-content\/uploads\/2018\/01\/MCAcademy2016-reh-with-orchestra-James-Lowe-scaled.jpg?fit=1200%2C533&ssl=1&resize=350%2C200 1x, https:\/\/i0.wp.com\/www.musique-cordiale.com\/wp-content\/uploads\/2018\/01\/MCAcademy2016-reh-with-orchestra-James-Lowe-scaled.jpg?fit=1200%2C533&ssl=1&resize=525%2C300 1.5x, https:\/\/i0.wp.com\/www.musique-cordiale.com\/wp-content\/uploads\/2018\/01\/MCAcademy2016-reh-with-orchestra-James-Lowe-scaled.jpg?fit=1200%2C533&ssl=1&resize=700%2C400 2x, https:\/\/i0.wp.com\/www.musique-cordiale.com\/wp-content\/uploads\/2018\/01\/MCAcademy2016-reh-with-orchestra-James-Lowe-scaled.jpg?fit=1200%2C533&ssl=1&resize=1050%2C600 3x"},"classes":[]},{"id":19792,"url":"https:\/\/www.musique-cordiale.com\/fr\/boutique-billetterie\/billet-standard-concert-de-cloture-du-festival-les-saisons-de-haydn-en-allemand-samedi-11-aout-2018\/","url_meta":{"origin":15013,"position":3},"title":"Concert de cl\u00f4ture du festival: Oratorio DIE JAHRESZEITEN &#8211; Les Saisons de Haydn (en Allemand)","author":"Jonathan Barker","date":"25\/03\/2018","format":false,"excerpt":"Haydn : Oratorio avec orchestre et solistes \u201c Les Saisons\u201d (Die Jahreszeiten) Le choeur et l'orchestre du Festival Musique Cordiale avec solistes Direction: Graham Ross Dima Bawab,\u00a0soprano Julian Gregory,\u00a0t\u00e9nor Tristan Hambleton,\u00a0bass d\u00eener disponible aux membres apr\u00e9s le concert (pour l'acheter et r\u00e9server,vois ici)","rel":"","context":"Article similaire","block_context":{"text":"Article similaire","link":""},"img":{"alt_text":"","src":"https:\/\/i0.wp.com\/www.musique-cordiale.com\/wp-content\/uploads\/2011\/03\/2016-08-13-22.12.31-1-scaled.jpg?fit=1200%2C675&ssl=1&resize=350%2C200","width":350,"height":200,"srcset":"https:\/\/i0.wp.com\/www.musique-cordiale.com\/wp-content\/uploads\/2011\/03\/2016-08-13-22.12.31-1-scaled.jpg?fit=1200%2C675&ssl=1&resize=350%2C200 1x, https:\/\/i0.wp.com\/www.musique-cordiale.com\/wp-content\/uploads\/2011\/03\/2016-08-13-22.12.31-1-scaled.jpg?fit=1200%2C675&ssl=1&resize=525%2C300 1.5x, https:\/\/i0.wp.com\/www.musique-cordiale.com\/wp-content\/uploads\/2011\/03\/2016-08-13-22.12.31-1-scaled.jpg?fit=1200%2C675&ssl=1&resize=700%2C400 2x, https:\/\/i0.wp.com\/www.musique-cordiale.com\/wp-content\/uploads\/2011\/03\/2016-08-13-22.12.31-1-scaled.jpg?fit=1200%2C675&ssl=1&resize=1050%2C600 3x"},"classes":[]},{"id":23027,"url":"https:\/\/www.musique-cordiale.com\/programme-tickets\/ticket-sympony-concert-9-august-2019-opening-concert-festival-2019\/","url_meta":{"origin":15013,"position":4},"title":"Ticket &#8211; Symphony Concert, Friday 9 August 2019 &#8211; opening concert, Festival 2019","author":"Jonathan Barker","date":"18\/03\/2019","format":false,"excerpt":"Vendredi 9 ao\u00fbt 19.00 Eglise de Seillans\u00a0 \u00a0 \u00a0 \u00a0 \u00a0 \u00a0\u00a0 Concert Symphonique\u00a0 - concert d\u2019ouverture du festival L\u2019Orchestre du Festival avec solistes Direction: James Lowe MOZART Sinfonia Concertante (Colette Overdijk\u00a0 - violon, Ian Anderson - alto) SCHOENBERG\u00a0 \u00ab La nuit transfigur\u00e9e \u00bb SCHUBERT Symphonie No 5, D485 en\u2026","rel":"","context":"Article similaire","block_context":{"text":"Article similaire","link":""},"img":{"alt_text":"","src":"https:\/\/i0.wp.com\/www.musique-cordiale.com\/wp-content\/uploads\/2018\/01\/MCAcademy2016-reh-with-orchestra-James-Lowe-scaled.jpg?fit=1200%2C533&ssl=1&resize=350%2C200","width":350,"height":200,"srcset":"https:\/\/i0.wp.com\/www.musique-cordiale.com\/wp-content\/uploads\/2018\/01\/MCAcademy2016-reh-with-orchestra-James-Lowe-scaled.jpg?fit=1200%2C533&ssl=1&resize=350%2C200 1x, https:\/\/i0.wp.com\/www.musique-cordiale.com\/wp-content\/uploads\/2018\/01\/MCAcademy2016-reh-with-orchestra-James-Lowe-scaled.jpg?fit=1200%2C533&ssl=1&resize=525%2C300 1.5x, https:\/\/i0.wp.com\/www.musique-cordiale.com\/wp-content\/uploads\/2018\/01\/MCAcademy2016-reh-with-orchestra-James-Lowe-scaled.jpg?fit=1200%2C533&ssl=1&resize=700%2C400 2x, https:\/\/i0.wp.com\/www.musique-cordiale.com\/wp-content\/uploads\/2018\/01\/MCAcademy2016-reh-with-orchestra-James-Lowe-scaled.jpg?fit=1200%2C533&ssl=1&resize=1050%2C600 3x"},"classes":[]},{"id":23144,"url":"https:\/\/www.musique-cordiale.com\/programme-tickets\/ticket-symphony-concert-friday-9-august-2019-opening-concert-festival-2019\/","url_meta":{"origin":15013,"position":5},"title":"Ticket &#8211; Symphony Concert, Friday 9 August 2019 &#8211; opening concert, Festival 2019","author":"Jonathan Barker","date":"26\/03\/2019","format":false,"excerpt":"Vendredi 9 a\u00f4ut 19.00 Eglise de Seillans\u00a0 \u00a0\u00a0\u00a0\u00a0\u00a0\u00a0\u00a0\u00a0\u00a0 20\u20ac \/ 35\u20ac Concert Symphonique\u00a0 - concert d\u2019ouverture du festival L\u2019Orchestre du Festival avec solistes Direction: James Lowe MOZART Sinfonia Concertante (Colette Overdijk\u00a0 - violon, Ian Anderson - alto) SCHOENBERG\u00a0 \u00ab La nuit transfigur\u00e9e \u00bb SCHUBERT Symphonie No 3, D 200 en\u2026","rel":"","context":"Article similaire","block_context":{"text":"Article similaire","link":""},"img":{"alt_text":"","src":"","width":0,"height":0},"classes":[]}],"_links":{"self":[{"href":"https:\/\/www.musique-cordiale.com\/fr\/wp-json\/wp\/v2\/product\/15013","targetHints":{"allow":["GET"]}}],"collection":[{"href":"https:\/\/www.musique-cordiale.com\/fr\/wp-json\/wp\/v2\/product"}],"about":[{"href":"https:\/\/www.musique-cordiale.com\/fr\/wp-json\/wp\/v2\/types\/product"}],"wp:featuredmedia":[{"embeddable":true,"href":"https:\/\/www.musique-cordiale.com\/fr\/wp-json\/wp\/v2\/media\/22738"}],"wp:attachment":[{"href":"https:\/\/www.musique-cordiale.com\/fr\/wp-json\/wp\/v2\/media?parent=15013"}],"wp:term":[{"taxonomy":"product_brand","embeddable":true,"href":"https:\/\/www.musique-cordiale.com\/fr\/wp-json\/wp\/v2\/product_brand?post=15013"},{"taxonomy":"product_cat","embeddable":true,"href":"https:\/\/www.musique-cordiale.com\/fr\/wp-json\/wp\/v2\/product_cat?post=15013"},{"taxonomy":"product_tag","embeddable":true,"href":"https:\/\/www.musique-cordiale.com\/fr\/wp-json\/wp\/v2\/product_tag?post=15013"},{"taxonomy":"venue","embeddable":true,"href":"https:\/\/www.musique-cordiale.com\/fr\/wp-json\/wp\/v2\/venue?post=15013"}],"curies":[{"name":"wp","href":"https:\/\/api.w.org\/{rel}","templated":true}]}}