{"id":15015,"date":"2015-09-21T14:05:10","date_gmt":"2015-09-21T14:05:10","guid":{"rendered":"http:\/\/dev3.musique-cordiale.com\/M-C-topic\/ami-couple-2017\/"},"modified":"2024-11-11T12:14:05","modified_gmt":"2024-11-11T12:14:05","slug":"ami-couple-2017","status":"publish","type":"product","link":"https:\/\/www.musique-cordiale.com\/fr\/boutique-billetterie\/ami-couple-2017\/","title":{"rendered":"Ami Couple 2024-25 (valable 1 an \u00e0 compter de l&rsquo;achat)"},"content":{"rendered":"<p><span class=\"home-page-medium\">Ami Couple<br \/>\n<\/span><span class=\"home-page-medium\">\u00a3275 GBP \/ 325\u20ac<br \/>\nAvantages:<\/span><\/p>\n<ul>\n<li><span class=\"home-page-small\">Une remise en ligne de 10% sur les billets du Festival (limit\u00e9e \u00e0 2\u00a0 billets par membre par concert)<\/span><\/li>\n<li><span class=\"home-page-small\">R\u00e9ception \u00e0 domicile du flyer du Festival<\/span><\/li>\n<li><span class=\"home-page-small\">R\u00e9ception p\u00e9riodique du bulletin \u00e9lectronique et de l\u2019actualit\u00e9 du Festival<\/span><\/li>\n<li><span class=\"home-page-small\">Droit d\u2019acheter des enregistrements de MC concerts, CD et DVD<\/span><\/li>\n<li><span class=\"home-page-small\">Droit d&rsquo;assister aux d\u00eeners en pr\u00e9sence des artistes*<\/span><\/li>\n<li><span class=\"home-page-small\">Invitation \u00e0 l\u2019Assembl\u00e9e g\u00e9n\u00e9rale annuelle<\/span><\/li>\n<li><span class=\"home-page-small\">Opportunit\u00e9 d\u2019\u00e9lection au Conseil et au Bureau<\/span><\/li>\n<li><span class=\"home-page-small\">Priorit\u00e9 de r\u00e9servation deux semaines avant l\u2019ouverture de la billetterie<\/span><\/li>\n<li><span class=\"home-page-small\">Mention dans le programme et sur le site Internet du Festival<\/span><\/li>\n<li><span class=\"home-page-small\">Invitation au D\u00eener de Gala annuel*<\/span><\/li>\n<li><span class=\"home-page-small\">Invitation \u00e0 la r\u00e9ception des amis apr\u00e8s le Festival<\/span><\/li>\n<li><span class=\"home-page-small\">Invitations \u00e0 d\u2019autres activit\u00e9s pendant l\u2019ann\u00e9e en France et en Grande-Bretagne<\/span><\/li>\n<li>Vous avez droit \u00e0 un certificat du don pour la valeur de cet abonnement qui compte comme un don\u00a0 &#8211; sauf pour l&rsquo;\u00e9l\u00e9ment d&rsquo;adh\u00e9sion de \u00a330 \/ 30 \u20ac\u00a0 (= x 2 &#8211; par personne)<\/li>\n<\/ul>\n<p><strong>Merci pour votre soutien. <\/strong><\/p>\n<p><span class=\"home-page-small\">*Avec frais suppl\u00e9mentaires.<\/span><\/p>\n<p>&nbsp;<\/p>\n","protected":false},"excerpt":{"rendered":"<p>Ami Couple<\/p>\n<p><span class=\"home-page-medium\">Avantages:<\/span><\/p>\n<ul>\n<li><span class=\"home-page-small\">Une remise de 10% sur les billets du Festival (limit\u00e9e \u00e0 2 billets par membre par concert)<\/span><\/li>\n<li><span class=\"home-page-small\">R\u00e9ception \u00e0 domicile du flyer du Festival<\/span><\/li>\n<li><span class=\"home-page-small\">R\u00e9ception p\u00e9riodique du bulletin \u00e9lectronique et de l\u2019actualit\u00e9 du Festival<\/span><\/li>\n<li><span class=\"home-page-small\">Droit d\u2019acheter des enregistrements de MC concerts, CD et DVD<\/span><\/li>\n<li><span class=\"home-page-small\">Droit d&rsquo;assister aux d\u00eeners en pr\u00e9sence des artistes*<\/span><\/li>\n<li><span class=\"home-page-small\">Invitation \u00e0 l\u2019Assembl\u00e9e g\u00e9n\u00e9rale annuelle<\/span><\/li>\n<li><span class=\"home-page-small\">Opportunit\u00e9 d\u2019\u00e9lection au Conseil et au Bureau<\/span><\/li>\n<li><span class=\"home-page-small\">Priorit\u00e9 de r\u00e9servation deux semaines avant l\u2019ouverture de la billetterie<\/span><\/li>\n<li><span class=\"home-page-small\">Mention dans le programme et sur le site Internet du Festival<\/span><\/li>\n<li><span class=\"home-page-small\">Invitation au D\u00eener de Gala annuel*<\/span><\/li>\n<li><span class=\"home-page-small\">Invitation \u00e0 la r\u00e9ception des amis apr\u00e8s le Festival<\/span><\/li>\n<li><span class=\"home-page-small\">Invitations \u00e0 d\u2019autres activit\u00e9s pendant l\u2019ann\u00e9e en France et en Grande-Bretagne<\/span><\/li>\n<\/ul>\n<p><span class=\"home-page-small\">*Avec frais suppl\u00e9mentaires.<\/span><\/p>\n","protected":false},"featured_media":15711,"template":"","meta":{"_acf_changed":false,"_monsterinsights_skip_tracking":false,"_monsterinsights_sitenote_active":false,"_monsterinsights_sitenote_note":"","_monsterinsights_sitenote_category":0,"_uf_show_specific_survey":0,"_uf_disable_surveys":false,"advanced_seo_description":"","jetpack_seo_html_title":"","jetpack_seo_noindex":false},"product_brand":[],"product_cat":[127],"product_tag":[489,300,424],"venue":[],"class_list":{"0":"post-15015","1":"product","2":"type-product","3":"status-publish","4":"has-post-thumbnail","6":"product_cat-devenez-adherent-ami-ou-mecene-paiement-en-euros","7":"product_tag-inscription","8":"product_tag-soutenez","9":"product_tag-soutien-fr","11":"first","12":"instock","13":"virtual","14":"purchasable","15":"product-type-simple"},"acf":[],"jetpack_sharing_enabled":true,"jetpack-related-posts":[{"id":15013,"url":"https:\/\/www.musique-cordiale.com\/fr\/boutique-billetterie\/adherent-2018\/","url_meta":{"origin":15015,"position":0},"title":"Adh\u00e9rent 2025-26","author":"Jonathan Barker","date":"21\/09\/2015","format":false,"excerpt":"Devenez adh\u00e9rent","rel":"","context":"Article similaire","block_context":{"text":"Article similaire","link":""},"img":{"alt_text":"","src":"https:\/\/i0.wp.com\/www.musique-cordiale.com\/wp-content\/uploads\/2018\/12\/WhatsApp-Image-2018-12-05-at-11.56.062.jpeg?fit=583%2C1200&ssl=1&resize=350%2C200","width":350,"height":200,"srcset":"https:\/\/i0.wp.com\/www.musique-cordiale.com\/wp-content\/uploads\/2018\/12\/WhatsApp-Image-2018-12-05-at-11.56.062.jpeg?fit=583%2C1200&ssl=1&resize=350%2C200 1x, https:\/\/i0.wp.com\/www.musique-cordiale.com\/wp-content\/uploads\/2018\/12\/WhatsApp-Image-2018-12-05-at-11.56.062.jpeg?fit=583%2C1200&ssl=1&resize=525%2C300 1.5x"},"classes":[]},{"id":15014,"url":"https:\/\/www.musique-cordiale.com\/fr\/boutique-billetterie\/ami-individuel-2017\/","url_meta":{"origin":15015,"position":1},"title":"Ami Individuel 2025-26 (valable 1 an \u00e0 compter de l&rsquo;achat)","author":"Jonathan Barker","date":"21\/09\/2015","format":false,"excerpt":"Adh\u00e9sion individuelle comprise Tous les avantages ci-dessus, plus: Priorit\u00e9 de r\u00e9servation deux semaines avant l\u2019ouverture de la billetterie Mention dans le programme et sur le site Internet du Festival Invitation au D\u00eener de Gala annuel* Vous avez droit \u00e0 un certificat du don pour la valeur de cet abonnement qui\u2026","rel":"","context":"Article similaire","block_context":{"text":"Article similaire","link":""},"img":{"alt_text":"","src":"https:\/\/i0.wp.com\/www.musique-cordiale.com\/wp-content\/uploads\/2020\/02\/49516531626_35da227075_o-1-scaled.jpg?fit=583%2C1200&ssl=1&resize=350%2C200","width":350,"height":200,"srcset":"https:\/\/i0.wp.com\/www.musique-cordiale.com\/wp-content\/uploads\/2020\/02\/49516531626_35da227075_o-1-scaled.jpg?fit=583%2C1200&ssl=1&resize=350%2C200 1x, https:\/\/i0.wp.com\/www.musique-cordiale.com\/wp-content\/uploads\/2020\/02\/49516531626_35da227075_o-1-scaled.jpg?fit=583%2C1200&ssl=1&resize=525%2C300 1.5x"},"classes":[]},{"id":23261,"url":"https:\/\/www.musique-cordiale.com\/fr\/boutique-billetterie\/concert-de-cloture-du-festival-oratorio-saul\/","url_meta":{"origin":15015,"position":2},"title":"BILLET: Concert de cl\u00f4ture du festival: Oratorio \u00abSAUL\u00bb de Haendel, Seillans, 17 ao\u00fbt 2019","author":"Jonathan Barker","date":"26\/03\/2019","format":false,"excerpt":"Samedi 17 a\u00f4ut 19.00 Eglise de Seillans\u00a0\u00a0\u00a0\u00a0\u00a0 25\u20ac\/ 30\u20ac (balcon) 40\u20ac (premium)\u00a0R\u00e9servez t\u00f4t: disponibilit\u00e9 limit\u00e9e! Concert d\u2019Oratorio \u2013 concert de cloture du festival Ch\u0153ur et l\u2019Orchestre du Festival avec solistes Direction: Graham Ross \u00ab Saul \u00bb de HAENDEL Emily Vine, Dima Bawab \u2013 soprano Julian Gregory, Michael Johnston \u2013\u00a0 tenor\u2026","rel":"","context":"Article similaire","block_context":{"text":"Article similaire","link":""},"img":{"alt_text":"","src":"https:\/\/i0.wp.com\/www.musique-cordiale.com\/wp-content\/uploads\/2011\/03\/2016-08-13-22.12.31-1-scaled.jpg?fit=1200%2C675&ssl=1&resize=350%2C200","width":350,"height":200,"srcset":"https:\/\/i0.wp.com\/www.musique-cordiale.com\/wp-content\/uploads\/2011\/03\/2016-08-13-22.12.31-1-scaled.jpg?fit=1200%2C675&ssl=1&resize=350%2C200 1x, https:\/\/i0.wp.com\/www.musique-cordiale.com\/wp-content\/uploads\/2011\/03\/2016-08-13-22.12.31-1-scaled.jpg?fit=1200%2C675&ssl=1&resize=525%2C300 1.5x, https:\/\/i0.wp.com\/www.musique-cordiale.com\/wp-content\/uploads\/2011\/03\/2016-08-13-22.12.31-1-scaled.jpg?fit=1200%2C675&ssl=1&resize=700%2C400 2x, https:\/\/i0.wp.com\/www.musique-cordiale.com\/wp-content\/uploads\/2011\/03\/2016-08-13-22.12.31-1-scaled.jpg?fit=1200%2C675&ssl=1&resize=1050%2C600 3x"},"classes":[]},{"id":24060,"url":"https:\/\/www.musique-cordiale.com\/fr\/boutique-billetterie\/billet-diner-individuel-11-aout-2018-veuillez-vous-inscrire-comme-membre-en-premier-copy\/","url_meta":{"origin":15015,"position":3},"title":"BILLET D\u00eener individuel 9 ao\u00fbt 2019 (veuillez vous inscrire comme membre en premier)","author":"Jonathan Barker","date":"29\/06\/2019","format":false,"excerpt":"Des d\u00eeners sont pr\u00e9vus pour les chanteurs et les joueurs de la chorale ou de l'orchestre du Festival et pour leurs invit\u00e9s, pour les membres de l'\u00e9quipe de b\u00e9n\u00e9voles qui g\u00e8rent le festival et pour les membres du public qui souhaitent les rejoindre pour le d\u00eener. Ces repas du soir\u2026","rel":"","context":"Article similaire","block_context":{"text":"Article similaire","link":""},"img":{"alt_text":"","src":"","width":0,"height":0},"classes":[]},{"id":24066,"url":"https:\/\/www.musique-cordiale.com\/fr\/boutique-billetterie\/billet-diner-individuel-9-aout-2019-veuillez-vous-inscrire-comme-membre-en-premier-copy\/","url_meta":{"origin":15015,"position":4},"title":"BILLET D\u00eener individuel 17 ao\u00fbt 2019 (veuillez vous inscrire comme membre en premier)","author":"Jonathan Barker","date":"29\/06\/2019","format":false,"excerpt":"Des d\u00eeners sont pr\u00e9vus pour les chanteurs et les joueurs de la chorale ou de l'orchestre du Festival et pour leurs invit\u00e9s, pour les membres de l'\u00e9quipe de b\u00e9n\u00e9voles qui g\u00e8rent le festival et pour les membres du public qui souhaitent les rejoindre pour le d\u00eener. Ces repas du soir\u2026","rel":"","context":"Article similaire","block_context":{"text":"Article similaire","link":""},"img":{"alt_text":"","src":"","width":0,"height":0},"classes":[]},{"id":24068,"url":"https:\/\/www.musique-cordiale.com\/fr\/boutique-billetterie\/billet-diner-individuel-17-aout-2019-veuillez-vous-inscrire-comme-membre-en-premier-copy\/","url_meta":{"origin":15015,"position":5},"title":"BILLET D\u00eener individuel 16 ao\u00fbt 2019 (veuillez vous inscrire comme membre en premier)","author":"Jonathan Barker","date":"29\/06\/2019","format":false,"excerpt":"Des d\u00eeners sont pr\u00e9vus pour les chanteurs et les joueurs de la chorale ou de l'orchestre du Festival et pour leurs invit\u00e9s, pour les membres de l'\u00e9quipe de b\u00e9n\u00e9voles qui g\u00e8rent le festival et pour les membres du public qui souhaitent les rejoindre pour le d\u00eener. Ces repas du soir\u2026","rel":"","context":"Article similaire","block_context":{"text":"Article similaire","link":""},"img":{"alt_text":"","src":"","width":0,"height":0},"classes":[]}],"_links":{"self":[{"href":"https:\/\/www.musique-cordiale.com\/fr\/wp-json\/wp\/v2\/product\/15015","targetHints":{"allow":["GET"]}}],"collection":[{"href":"https:\/\/www.musique-cordiale.com\/fr\/wp-json\/wp\/v2\/product"}],"about":[{"href":"https:\/\/www.musique-cordiale.com\/fr\/wp-json\/wp\/v2\/types\/product"}],"wp:featuredmedia":[{"embeddable":true,"href":"https:\/\/www.musique-cordiale.com\/fr\/wp-json\/wp\/v2\/media\/15711"}],"wp:attachment":[{"href":"https:\/\/www.musique-cordiale.com\/fr\/wp-json\/wp\/v2\/media?parent=15015"}],"wp:term":[{"taxonomy":"product_brand","embeddable":true,"href":"https:\/\/www.musique-cordiale.com\/fr\/wp-json\/wp\/v2\/product_brand?post=15015"},{"taxonomy":"product_cat","embeddable":true,"href":"https:\/\/www.musique-cordiale.com\/fr\/wp-json\/wp\/v2\/product_cat?post=15015"},{"taxonomy":"product_tag","embeddable":true,"href":"https:\/\/www.musique-cordiale.com\/fr\/wp-json\/wp\/v2\/product_tag?post=15015"},{"taxonomy":"venue","embeddable":true,"href":"https:\/\/www.musique-cordiale.com\/fr\/wp-json\/wp\/v2\/venue?post=15015"}],"curies":[{"name":"wp","href":"https:\/\/api.w.org\/{rel}","templated":true}]}}