{"id":15016,"date":"2015-11-20T14:37:01","date_gmt":"2015-11-20T14:37:01","guid":{"rendered":"http:\/\/dev3.musique-cordiale.com\/M-C-topic\/academie-2016-residentiel-solde-en-euros\/"},"modified":"2015-11-20T14:37:01","modified_gmt":"2015-11-20T14:37:01","slug":"academie-2016-residentiel-solde-en-euros","status":"publish","type":"product","link":"https:\/\/www.musique-cordiale.com\/fr\/boutique-billetterie\/academie-2016-residentiel-solde-en-euros\/","title":{"rendered":"Acad\u00e9mie 2016 &#8211; r\u00e9sidentiel, solde en euros"},"content":{"rendered":"<p>balance of 930\u20ac after payment of 50\u20ac initial depost<\/p>\n","protected":false},"excerpt":{"rendered":"<p>balance of 930\u20ac after payment of 50\u20ac initial depost<\/p>\n","protected":false},"featured_media":9866,"template":"","meta":{"_acf_changed":false,"_monsterinsights_skip_tracking":false,"_monsterinsights_sitenote_active":false,"_monsterinsights_sitenote_note":"","_monsterinsights_sitenote_category":0,"_uf_show_specific_survey":0,"_uf_disable_surveys":false,"advanced_seo_description":"","jetpack_seo_html_title":"","jetpack_seo_noindex":false},"product_brand":[],"product_cat":[225],"product_tag":[],"venue":[],"class_list":{"0":"post-15016","1":"product","2":"type-product","3":"status-publish","4":"has-post-thumbnail","6":"product_cat-uncategorized-fr","8":"first","9":"instock","10":"virtual","11":"purchasable","12":"product-type-simple"},"acf":[],"jetpack_sharing_enabled":true,"jetpack-related-posts":[{"id":15020,"url":"https:\/\/www.musique-cordiale.com\/fr\/boutique-billetterie\/academie-2016-non-residentiel-solde-en-euros\/","url_meta":{"origin":15016,"position":0},"title":"Acad\u00e9mie 2016 &#8211; non-r\u00e9sidentiel, solde &#8211; en euros","author":"Jonathan Barker","date":"10\/12\/2015","format":false,"excerpt":"","rel":"","context":"Article similaire","block_context":{"text":"Article similaire","link":""},"img":{"alt_text":"","src":"https:\/\/i0.wp.com\/www.musique-cordiale.com\/wp-content\/uploads\/2015\/01\/IMG_5231-scaled.jpg?fit=1200%2C674&ssl=1&resize=350%2C200","width":350,"height":200,"srcset":"https:\/\/i0.wp.com\/www.musique-cordiale.com\/wp-content\/uploads\/2015\/01\/IMG_5231-scaled.jpg?fit=1200%2C674&ssl=1&resize=350%2C200 1x, https:\/\/i0.wp.com\/www.musique-cordiale.com\/wp-content\/uploads\/2015\/01\/IMG_5231-scaled.jpg?fit=1200%2C674&ssl=1&resize=525%2C300 1.5x, https:\/\/i0.wp.com\/www.musique-cordiale.com\/wp-content\/uploads\/2015\/01\/IMG_5231-scaled.jpg?fit=1200%2C674&ssl=1&resize=700%2C400 2x, https:\/\/i0.wp.com\/www.musique-cordiale.com\/wp-content\/uploads\/2015\/01\/IMG_5231-scaled.jpg?fit=1200%2C674&ssl=1&resize=1050%2C600 3x"},"classes":[]},{"id":10447,"url":"https:\/\/www.musique-cordiale.com\/programme-tickets\/academy-2016-become-student\/","url_meta":{"origin":15016,"position":1},"title":"Academy 2016 &#8211; residential, balance payment in euros","author":"Jonathan Barker","date":"20\/11\/2015","format":false,"excerpt":"Residential: Deposit on application: 50\u20ac Residential fee balance (includes membership): 930 \u20ac TOTAL course fee: 980\u20ac Non-residential: Deposit on application: 50\u20ac Non-residential fees balance (includes membership: 680 \u20ac TOTAL course fee: 730\u20ac","rel":"","context":"Article similaire","block_context":{"text":"Article similaire","link":""},"img":{"alt_text":"","src":"https:\/\/i0.wp.com\/www.musique-cordiale.com\/wp-content\/uploads\/2015\/01\/IMG_5173-scaled.jpg?fit=1200%2C674&ssl=1&resize=350%2C200","width":350,"height":200,"srcset":"https:\/\/i0.wp.com\/www.musique-cordiale.com\/wp-content\/uploads\/2015\/01\/IMG_5173-scaled.jpg?fit=1200%2C674&ssl=1&resize=350%2C200 1x, https:\/\/i0.wp.com\/www.musique-cordiale.com\/wp-content\/uploads\/2015\/01\/IMG_5173-scaled.jpg?fit=1200%2C674&ssl=1&resize=525%2C300 1.5x, https:\/\/i0.wp.com\/www.musique-cordiale.com\/wp-content\/uploads\/2015\/01\/IMG_5173-scaled.jpg?fit=1200%2C674&ssl=1&resize=700%2C400 2x, https:\/\/i0.wp.com\/www.musique-cordiale.com\/wp-content\/uploads\/2015\/01\/IMG_5173-scaled.jpg?fit=1200%2C674&ssl=1&resize=1050%2C600 3x"},"classes":[]},{"id":10654,"url":"https:\/\/www.musique-cordiale.com\/programme-tickets\/sans-logement-bilan-des-frais-academie-2015-en-euros\/","url_meta":{"origin":15016,"position":2},"title":"Academy 2016 &#8211; non-residential, balance &#8211; pay in euros","author":"Jonathan Barker","date":"10\/12\/2015","format":false,"excerpt":"","rel":"","context":"Article similaire","block_context":{"text":"Article similaire","link":""},"img":{"alt_text":"","src":"https:\/\/i0.wp.com\/www.musique-cordiale.com\/wp-content\/uploads\/2015\/01\/IMG_5231-scaled.jpg?fit=1200%2C674&ssl=1&resize=350%2C200","width":350,"height":200,"srcset":"https:\/\/i0.wp.com\/www.musique-cordiale.com\/wp-content\/uploads\/2015\/01\/IMG_5231-scaled.jpg?fit=1200%2C674&ssl=1&resize=350%2C200 1x, https:\/\/i0.wp.com\/www.musique-cordiale.com\/wp-content\/uploads\/2015\/01\/IMG_5231-scaled.jpg?fit=1200%2C674&ssl=1&resize=525%2C300 1.5x, https:\/\/i0.wp.com\/www.musique-cordiale.com\/wp-content\/uploads\/2015\/01\/IMG_5231-scaled.jpg?fit=1200%2C674&ssl=1&resize=700%2C400 2x, https:\/\/i0.wp.com\/www.musique-cordiale.com\/wp-content\/uploads\/2015\/01\/IMG_5231-scaled.jpg?fit=1200%2C674&ssl=1&resize=1050%2C600 3x"},"classes":[]},{"id":10449,"url":"https:\/\/www.musique-cordiale.com\/programme-tickets\/deposit-academy-2016\/","url_meta":{"origin":15016,"position":3},"title":"Academy 2016 &#8211; deposit","author":"Jonathan Barker","date":"20\/11\/2015","format":false,"excerpt":"Returnable deposit on initial application: 50\u20ac","rel":"","context":"Article similaire","block_context":{"text":"Article similaire","link":""},"img":{"alt_text":"","src":"https:\/\/i0.wp.com\/www.musique-cordiale.com\/wp-content\/uploads\/2014\/04\/Photo-academy-2-boys-e1491914548782.jpg?fit=300%2C300&ssl=1&resize=350%2C200","width":350,"height":200},"classes":[]},{"id":31601,"url":"https:\/\/www.musique-cordiale.com\/fr\/boutique-billetterie\/rejoignez-le-choeur-avant-20-janvier-2020-reservations-anticipees-a\/","url_meta":{"origin":15016,"position":4},"title":"Rejoignez le choeur du Festival 2020 avant 20 janvier 2020: r\u00e9servations anticip\u00e9es (A) **","author":"Jonathan Barker","date":"09\/01\/2020","format":false,"excerpt":"Voir le formulaire d'inscription (version fran\u00e7aise \/ Euro \u20ac) ou la page d'informations du choeur 2020 pour plus de d\u00e9tails Veuillez noter que cette ann\u00e9e, en raison des incertitudes li\u00e9es au Brexit et \u00e0 l'emplacement, le processus de r\u00e9servation et d'inscription est diff\u00e9rent. L'inscription \u00e0 la chorale est OUVERTE MAINTENANT.\u2026","rel":"","context":"Article similaire","block_context":{"text":"Article similaire","link":""},"img":{"alt_text":"","src":"","width":0,"height":0},"classes":[]},{"id":11418,"url":"https:\/\/www.musique-cordiale.com\/programme-tickets\/mecene\/","url_meta":{"origin":15016,"position":5},"title":"Silver Donor 2024-25","author":"Jonathan Barker","date":"13\/03\/2016","format":false,"excerpt":"Silver Donor Includes membership of the French association and all the Friend benefits plus special recognition in our programme and websites. Silver and Gold Circle Donors constitute our special group of supporters who help secure the future of the festival by committing to a major donation or regular giving. Donors\u2026","rel":"","context":"Article similaire","block_context":{"text":"Article similaire","link":""},"img":{"alt_text":"","src":"https:\/\/www.musique-cordiale.com\/wp-content\/uploads\/2014\/04\/Musique-cordiale-strings-academy","width":350,"height":200,"srcset":"https:\/\/www.musique-cordiale.com\/wp-content\/uploads\/2014\/04\/Musique-cordiale-strings-academy 1x, https:\/\/www.musique-cordiale.com\/wp-content\/uploads\/2014\/04\/Musique-cordiale-strings-academy 1.5x, https:\/\/www.musique-cordiale.com\/wp-content\/uploads\/2014\/04\/Musique-cordiale-strings-academy 2x, https:\/\/www.musique-cordiale.com\/wp-content\/uploads\/2014\/04\/Musique-cordiale-strings-academy 3x"},"classes":[]}],"_links":{"self":[{"href":"https:\/\/www.musique-cordiale.com\/fr\/wp-json\/wp\/v2\/product\/15016","targetHints":{"allow":["GET"]}}],"collection":[{"href":"https:\/\/www.musique-cordiale.com\/fr\/wp-json\/wp\/v2\/product"}],"about":[{"href":"https:\/\/www.musique-cordiale.com\/fr\/wp-json\/wp\/v2\/types\/product"}],"wp:featuredmedia":[{"embeddable":true,"href":"https:\/\/www.musique-cordiale.com\/fr\/wp-json\/wp\/v2\/media\/9866"}],"wp:attachment":[{"href":"https:\/\/www.musique-cordiale.com\/fr\/wp-json\/wp\/v2\/media?parent=15016"}],"wp:term":[{"taxonomy":"product_brand","embeddable":true,"href":"https:\/\/www.musique-cordiale.com\/fr\/wp-json\/wp\/v2\/product_brand?post=15016"},{"taxonomy":"product_cat","embeddable":true,"href":"https:\/\/www.musique-cordiale.com\/fr\/wp-json\/wp\/v2\/product_cat?post=15016"},{"taxonomy":"product_tag","embeddable":true,"href":"https:\/\/www.musique-cordiale.com\/fr\/wp-json\/wp\/v2\/product_tag?post=15016"},{"taxonomy":"venue","embeddable":true,"href":"https:\/\/www.musique-cordiale.com\/fr\/wp-json\/wp\/v2\/venue?post=15016"}],"curies":[{"name":"wp","href":"https:\/\/api.w.org\/{rel}","templated":true}]}}