{"id":15019,"date":"2015-12-09T15:13:09","date_gmt":"2015-12-09T15:13:09","guid":{"rendered":"http:\/\/dev3.musique-cordiale.com\/M-C-topic\/faire-un-don-en-e-euros\/"},"modified":"2019-09-19T18:30:53","modified_gmt":"2019-09-19T18:30:53","slug":"faire-un-don-en-e-euros","status":"publish","type":"product","link":"https:\/\/www.musique-cordiale.com\/fr\/boutique-billetterie\/faire-un-don-en-e-euros\/","title":{"rendered":"Faire un don en \u20ac Euros"},"content":{"rendered":"<p>Faire un don en euros \u00e0 Musique Cordiale<\/p>\n","protected":false},"excerpt":{"rendered":"<p>Faire un don en euros \u00e0 Musique Cordiale<\/p>\n","protected":false},"featured_media":15423,"template":"","meta":{"_acf_changed":false,"_monsterinsights_skip_tracking":false,"_monsterinsights_sitenote_active":false,"_monsterinsights_sitenote_note":"","_monsterinsights_sitenote_category":0,"_uf_show_specific_survey":0,"_uf_disable_surveys":false,"advanced_seo_description":"","jetpack_seo_html_title":"","jetpack_seo_noindex":false},"product_brand":[],"product_cat":[225],"product_tag":[299],"venue":[],"class_list":{"0":"post-15019","1":"product","2":"type-product","3":"status-publish","4":"has-post-thumbnail","6":"product_cat-uncategorized-fr","7":"product_tag-don-fr","9":"first","10":"outofstock","11":"shipping-taxable","12":"product-type-variable"},"acf":[],"jetpack_sharing_enabled":true,"jetpack-related-posts":[{"id":15021,"url":"https:\/\/www.musique-cordiale.com\/fr\/boutique-billetterie\/mecene-argent-2017\/","url_meta":{"origin":15019,"position":0},"title":"Donateur d&rsquo;argent 2024-25","author":"Jonathan Barker","date":"13\/03\/2016","format":false,"excerpt":". M\u00e9c\u00e8ne Argent Les m\u00e9c\u00e8nes re\u00e7oivent tous les avantages d'\u00eatre ami du festival, plus une mention sp\u00e9ciale dans notre programme et sur nos sites internet. Nos m\u00e9c\u00e8nes argent et or constituent notre cercle sp\u00e9cial de supporters qui nous aident \u00e0 assurer l\u2019avenir du festival en s\u2019engageant \u00e0 offrir un don\u2026","rel":"","context":"Article similaire","block_context":{"text":"Article similaire","link":""},"img":{"alt_text":"","src":"https:\/\/i0.wp.com\/www.musique-cordiale.com\/wp-content\/uploads\/2014\/04\/CQ4A4112-e1475585516735.jpg?fit=1200%2C1144&ssl=1&resize=350%2C200","width":350,"height":200,"srcset":"https:\/\/i0.wp.com\/www.musique-cordiale.com\/wp-content\/uploads\/2014\/04\/CQ4A4112-e1475585516735.jpg?fit=1200%2C1144&ssl=1&resize=350%2C200 1x, https:\/\/i0.wp.com\/www.musique-cordiale.com\/wp-content\/uploads\/2014\/04\/CQ4A4112-e1475585516735.jpg?fit=1200%2C1144&ssl=1&resize=525%2C300 1.5x, https:\/\/i0.wp.com\/www.musique-cordiale.com\/wp-content\/uploads\/2014\/04\/CQ4A4112-e1475585516735.jpg?fit=1200%2C1144&ssl=1&resize=700%2C400 2x, https:\/\/i0.wp.com\/www.musique-cordiale.com\/wp-content\/uploads\/2014\/04\/CQ4A4112-e1475585516735.jpg?fit=1200%2C1144&ssl=1&resize=1050%2C600 3x"},"classes":[]},{"id":15022,"url":"https:\/\/www.musique-cordiale.com\/fr\/boutique-billetterie\/mecene-or-2017\/","url_meta":{"origin":15019,"position":1},"title":"M\u00e9c\u00e8ne Or 2024-25","author":"Jonathan Barker","date":"13\/03\/2016","format":false,"excerpt":"M\u00e9c\u00e8ne Or Les m\u00e9c\u00e8nes re\u00e7oivent tous les avantages d'\u00eatre ami du festival, plus une mention sp\u00e9ciale dans notre programme et sur nos sites internet. Nos m\u00e9c\u00e8nes argent et or constituent notre cercle sp\u00e9cial de supporters qui nous aident \u00e0 assurer l\u2019avenir du festival en s\u2019engageant \u00e0 offrir un don important\u2026","rel":"","context":"Article similaire","block_context":{"text":"Article similaire","link":""},"img":{"alt_text":"","src":"https:\/\/i0.wp.com\/www.musique-cordiale.com\/wp-content\/uploads\/2016\/09\/CQ4A3932-scaled.jpg?fit=1200%2C800&ssl=1&resize=350%2C200","width":350,"height":200,"srcset":"https:\/\/i0.wp.com\/www.musique-cordiale.com\/wp-content\/uploads\/2016\/09\/CQ4A3932-scaled.jpg?fit=1200%2C800&ssl=1&resize=350%2C200 1x, https:\/\/i0.wp.com\/www.musique-cordiale.com\/wp-content\/uploads\/2016\/09\/CQ4A3932-scaled.jpg?fit=1200%2C800&ssl=1&resize=525%2C300 1.5x, https:\/\/i0.wp.com\/www.musique-cordiale.com\/wp-content\/uploads\/2016\/09\/CQ4A3932-scaled.jpg?fit=1200%2C800&ssl=1&resize=700%2C400 2x, https:\/\/i0.wp.com\/www.musique-cordiale.com\/wp-content\/uploads\/2016\/09\/CQ4A3932-scaled.jpg?fit=1200%2C800&ssl=1&resize=1050%2C600 3x"},"classes":[]},{"id":12729,"url":"https:\/\/www.musique-cordiale.com\/programme-tickets\/faire-un-don-donate\/","url_meta":{"origin":15019,"position":2},"title":"Faire un don &#8211; Donate","author":"Jonathan Barker","date":"24\/07\/2016","format":false,"excerpt":"","rel":"","context":"Article similaire","block_context":{"text":"Article similaire","link":""},"img":{"alt_text":"","src":"","width":0,"height":0},"classes":[]},{"id":20546,"url":"https:\/\/www.musique-cordiale.com\/fr\/boutique-billetterie\/faire-un-don-donate\/","url_meta":{"origin":15019,"position":3},"title":"Faire un don &#8211; Donate","author":"Jonathan Barker","date":"24\/07\/2016","format":false,"excerpt":"","rel":"","context":"Article similaire","block_context":{"text":"Article similaire","link":""},"img":{"alt_text":"","src":"","width":0,"height":0},"classes":[]},{"id":15014,"url":"https:\/\/www.musique-cordiale.com\/fr\/boutique-billetterie\/ami-individuel-2017\/","url_meta":{"origin":15019,"position":4},"title":"Ami Individuel 2025-26 (valable 1 an \u00e0 compter de l&rsquo;achat)","author":"Jonathan Barker","date":"21\/09\/2015","format":false,"excerpt":"Adh\u00e9sion individuelle comprise Tous les avantages ci-dessus, plus: Priorit\u00e9 de r\u00e9servation deux semaines avant l\u2019ouverture de la billetterie Mention dans le programme et sur le site Internet du Festival Invitation au D\u00eener de Gala annuel* Vous avez droit \u00e0 un certificat du don pour la valeur de cet abonnement qui\u2026","rel":"","context":"Article similaire","block_context":{"text":"Article similaire","link":""},"img":{"alt_text":"","src":"https:\/\/i0.wp.com\/www.musique-cordiale.com\/wp-content\/uploads\/2020\/02\/49516531626_35da227075_o-1-scaled.jpg?fit=583%2C1200&ssl=1&resize=350%2C200","width":350,"height":200,"srcset":"https:\/\/i0.wp.com\/www.musique-cordiale.com\/wp-content\/uploads\/2020\/02\/49516531626_35da227075_o-1-scaled.jpg?fit=583%2C1200&ssl=1&resize=350%2C200 1x, https:\/\/i0.wp.com\/www.musique-cordiale.com\/wp-content\/uploads\/2020\/02\/49516531626_35da227075_o-1-scaled.jpg?fit=583%2C1200&ssl=1&resize=525%2C300 1.5x"},"classes":[]},{"id":42023,"url":"https:\/\/www.musique-cordiale.com\/fr\/boutique-billetterie\/soutenez-lequipe-tous-les-montants-sont-apprecies\/","url_meta":{"origin":15019,"position":5},"title":"Soutenez l&rsquo;\u00e9quipe ! (tous les montants sont appr\u00e9ci\u00e9s)\u00a0!","author":"Jonathan Barker","date":"19\/07\/2023","format":false,"excerpt":"Toute contribution aide \u00e0 faire fonctionner le festival annuel et nos autres concerts et notre acad\u00e9mie \u00e9tudiante - car il s'agit de beaucoup de travail b\u00e9n\u00e9vole tout au long de l'ann\u00e9e. S'il vous pla\u00eet soyez aussi g\u00e9n\u00e9reux que vous le pouvez. (PS We cab r\u00e9clame Gift Aid pour le rendre\u2026","rel":"","context":"Article similaire","block_context":{"text":"Article similaire","link":""},"img":{"alt_text":"","src":"https:\/\/i0.wp.com\/www.musique-cordiale.com\/wp-content\/uploads\/2023\/04\/MC-Team-2023-04-05-at-21.31.04.jpg?fit=1200%2C922&ssl=1&resize=350%2C200","width":350,"height":200,"srcset":"https:\/\/i0.wp.com\/www.musique-cordiale.com\/wp-content\/uploads\/2023\/04\/MC-Team-2023-04-05-at-21.31.04.jpg?fit=1200%2C922&ssl=1&resize=350%2C200 1x, https:\/\/i0.wp.com\/www.musique-cordiale.com\/wp-content\/uploads\/2023\/04\/MC-Team-2023-04-05-at-21.31.04.jpg?fit=1200%2C922&ssl=1&resize=525%2C300 1.5x, https:\/\/i0.wp.com\/www.musique-cordiale.com\/wp-content\/uploads\/2023\/04\/MC-Team-2023-04-05-at-21.31.04.jpg?fit=1200%2C922&ssl=1&resize=700%2C400 2x, https:\/\/i0.wp.com\/www.musique-cordiale.com\/wp-content\/uploads\/2023\/04\/MC-Team-2023-04-05-at-21.31.04.jpg?fit=1200%2C922&ssl=1&resize=1050%2C600 3x"},"classes":[]}],"_links":{"self":[{"href":"https:\/\/www.musique-cordiale.com\/fr\/wp-json\/wp\/v2\/product\/15019","targetHints":{"allow":["GET"]}}],"collection":[{"href":"https:\/\/www.musique-cordiale.com\/fr\/wp-json\/wp\/v2\/product"}],"about":[{"href":"https:\/\/www.musique-cordiale.com\/fr\/wp-json\/wp\/v2\/types\/product"}],"wp:featuredmedia":[{"embeddable":true,"href":"https:\/\/www.musique-cordiale.com\/fr\/wp-json\/wp\/v2\/media\/15423"}],"wp:attachment":[{"href":"https:\/\/www.musique-cordiale.com\/fr\/wp-json\/wp\/v2\/media?parent=15019"}],"wp:term":[{"taxonomy":"product_brand","embeddable":true,"href":"https:\/\/www.musique-cordiale.com\/fr\/wp-json\/wp\/v2\/product_brand?post=15019"},{"taxonomy":"product_cat","embeddable":true,"href":"https:\/\/www.musique-cordiale.com\/fr\/wp-json\/wp\/v2\/product_cat?post=15019"},{"taxonomy":"product_tag","embeddable":true,"href":"https:\/\/www.musique-cordiale.com\/fr\/wp-json\/wp\/v2\/product_tag?post=15019"},{"taxonomy":"venue","embeddable":true,"href":"https:\/\/www.musique-cordiale.com\/fr\/wp-json\/wp\/v2\/venue?post=15019"}],"curies":[{"name":"wp","href":"https:\/\/api.w.org\/{rel}","templated":true}]}}