{"id":15021,"date":"2016-03-13T16:40:43","date_gmt":"2016-03-13T16:40:43","guid":{"rendered":"http:\/\/dev3.musique-cordiale.com\/M-C-topic\/mecene-argent-2017\/"},"modified":"2024-11-11T13:16:02","modified_gmt":"2024-11-11T13:16:02","slug":"mecene-argent-2017","status":"publish","type":"product","link":"https:\/\/www.musique-cordiale.com\/fr\/boutique-billetterie\/mecene-argent-2017\/","title":{"rendered":"Donateur d&rsquo;argent 2024-25"},"content":{"rendered":"<p style=\"text-align: justify;\"><span class=\"home-page-medium\">Donateur d&rsquo;argent<\/span><\/p>\n<p>\u00a3550 GBP \/ 625 \u20ac<\/p>\n<p><span class=\"home-page-small\">Les m\u00e9c\u00e8nes re\u00e7oivent tous les avantages d&rsquo;\u00eatre ami du festival, plus une mention sp\u00e9ciale dans notre programme et sur nos sites internet. Nos m\u00e9c\u00e8nes argent et or constituent notre cercle sp\u00e9cial de supporters qui nous aident \u00e0 assurer l\u2019avenir du festival en s\u2019engageant \u00e0 offrir un don important ou r\u00e9gulier. Les m\u00e9c\u00e8nes peuvent choisir de faire un don sp\u00e9cifique, par exemple afin de sponsoriser un concert, un professeur de l\u2019Acad\u00e9mie ou une place dans l\u2019orchestre, pour couvrir le co\u00fbt d\u2019un piano \u00e0 queue ou pour accorder une bourse \u00e0 un(e) \u00e9tudiant(e) de l\u2019Acad\u00e9mie, garantissant donc que nous pouvons inviter les jeunes musiciens les plus prometteurs quelle que soit leur situation financi\u00e8re. Des dons sp\u00e9cifiques doivent satisfaire aux buts caritatifs du Trust ou de l\u2019association; nous serions ravis d\u2019en discuter avec vous.<\/span><\/p>\n<p><strong><em>Veuillez noter que les prix peuvent varier en fonction des fluctuations des devises et nous vous invitons \u00e0 faire un don du montant qui vous convient, en euros ou en livres sterling. MERCI !<\/em><\/strong><\/p>\n<p>&nbsp;<\/p>\n","protected":false},"excerpt":{"rendered":"<p>.<\/p>\n<p style=\"text-align: justify;\"><span class=\"home-page-medium\">M\u00e9c\u00e8ne Argent<\/span><\/p>\n<p><span class=\"home-page-small\">Les m\u00e9c\u00e8nes re\u00e7oivent tous les avantages d&rsquo;\u00eatre ami du festival, plus une mention sp\u00e9ciale dans notre programme et sur nos sites internet. Nos m\u00e9c\u00e8nes argent et or constituent notre cercle sp\u00e9cial de supporters qui nous aident \u00e0 assurer l\u2019avenir du festival en s\u2019engageant \u00e0 offrir un don important ou r\u00e9gulier. Les m\u00e9c\u00e8nes peuvent choisir de faire un don sp\u00e9cifique, par exemple afin de sponsoriser un concert, un professeur de l\u2019Acad\u00e9mie ou une place dans l\u2019orchestre, pour couvrir le co\u00fbt d\u2019un piano \u00e0 queue ou pour accorder une bourse \u00e0 un(e) \u00e9tudiant(e) de l\u2019Acad\u00e9mie, garantissant donc que nous pouvons inviter les jeunes musiciens les plus prometteurs quelle que soit leur situation financi\u00e8re. Des dons sp\u00e9cifiques doivent satisfaire aux buts caritatifs du Trust ou de l\u2019association; nous serions ravis d\u2019en discuter avec vous.|<br \/>\nVeuillez noter que les prix peuvent varier en fonction des fluctuations des devises et nous vous invitons \u00e0 faire un don du montant qui vous convient, en euros ou en livres sterling. MERCI !<br \/>\n<\/span><\/p>\n<p>&nbsp;<\/p>\n","protected":false},"featured_media":15839,"template":"","meta":{"_acf_changed":false,"_monsterinsights_skip_tracking":false,"_monsterinsights_sitenote_active":false,"_monsterinsights_sitenote_note":"","_monsterinsights_sitenote_category":0,"_uf_show_specific_survey":0,"_uf_disable_surveys":false,"advanced_seo_description":"","jetpack_seo_html_title":"","jetpack_seo_noindex":false},"product_brand":[],"product_cat":[127],"product_tag":[],"venue":[],"class_list":{"0":"post-15021","1":"product","2":"type-product","3":"status-publish","4":"has-post-thumbnail","6":"product_cat-devenez-adherent-ami-ou-mecene-paiement-en-euros","8":"first","9":"instock","10":"virtual","11":"purchasable","12":"product-type-simple"},"acf":[],"jetpack_sharing_enabled":true,"jetpack-related-posts":[{"id":15022,"url":"https:\/\/www.musique-cordiale.com\/fr\/boutique-billetterie\/mecene-or-2017\/","url_meta":{"origin":15021,"position":0},"title":"M\u00e9c\u00e8ne Or 2024-25","author":"Jonathan Barker","date":"13\/03\/2016","format":false,"excerpt":"M\u00e9c\u00e8ne Or Les m\u00e9c\u00e8nes re\u00e7oivent tous les avantages d'\u00eatre ami du festival, plus une mention sp\u00e9ciale dans notre programme et sur nos sites internet. Nos m\u00e9c\u00e8nes argent et or constituent notre cercle sp\u00e9cial de supporters qui nous aident \u00e0 assurer l\u2019avenir du festival en s\u2019engageant \u00e0 offrir un don important\u2026","rel":"","context":"Article similaire","block_context":{"text":"Article similaire","link":""},"img":{"alt_text":"","src":"https:\/\/i0.wp.com\/www.musique-cordiale.com\/wp-content\/uploads\/2016\/09\/CQ4A3932-scaled.jpg?fit=1200%2C800&ssl=1&resize=350%2C200","width":350,"height":200,"srcset":"https:\/\/i0.wp.com\/www.musique-cordiale.com\/wp-content\/uploads\/2016\/09\/CQ4A3932-scaled.jpg?fit=1200%2C800&ssl=1&resize=350%2C200 1x, https:\/\/i0.wp.com\/www.musique-cordiale.com\/wp-content\/uploads\/2016\/09\/CQ4A3932-scaled.jpg?fit=1200%2C800&ssl=1&resize=525%2C300 1.5x, https:\/\/i0.wp.com\/www.musique-cordiale.com\/wp-content\/uploads\/2016\/09\/CQ4A3932-scaled.jpg?fit=1200%2C800&ssl=1&resize=700%2C400 2x, https:\/\/i0.wp.com\/www.musique-cordiale.com\/wp-content\/uploads\/2016\/09\/CQ4A3932-scaled.jpg?fit=1200%2C800&ssl=1&resize=1050%2C600 3x"},"classes":[]},{"id":38914,"url":"https:\/\/www.musique-cordiale.com\/fr\/boutique-billetterie\/soiree-musicale-diner-de-gala-pre-festival-collecte-de-fonds\/","url_meta":{"origin":15021,"position":1},"title":"Ev\u00e9nement convivial pour lancer le festival 2023 &#8211; Soir\u00e9e Musicale, D\u00eener de gala &amp; Collecte de Fonds pre-festival &#8211; MAINTENANT FERM\u00c9","author":"Jonathan Barker","date":"17\/05\/2023","format":false,"excerpt":"19h30 (7:30 PM) Aidan Coburn (t\u00e9nor) Will Harris (violoncelle) & Rebecca Taylor (piano) ap\u00e9ritifs de 19h30 D\u00eener 20h REJOIGNEZ-NOUS pour cet \u00e9v\u00e9nement annuel populaire et m\u00e9morable pour LANCER LE FESTIVAL 2023 alors qu'il revient au Pays de Fayence cet \u00e9t\u00e9 pour sa 19\u00e8me \u00e9dition annuelle ! les prix apparaissent dans\u2026","rel":"","context":"Article similaire","block_context":{"text":"Article similaire","link":""},"img":{"alt_text":"","src":"https:\/\/i0.wp.com\/www.musique-cordiale.com\/wp-content\/uploads\/2017\/02\/dinner-and-music-2.jpg?fit=1200%2C900&ssl=1&resize=350%2C200","width":350,"height":200,"srcset":"https:\/\/i0.wp.com\/www.musique-cordiale.com\/wp-content\/uploads\/2017\/02\/dinner-and-music-2.jpg?fit=1200%2C900&ssl=1&resize=350%2C200 1x, https:\/\/i0.wp.com\/www.musique-cordiale.com\/wp-content\/uploads\/2017\/02\/dinner-and-music-2.jpg?fit=1200%2C900&ssl=1&resize=525%2C300 1.5x, https:\/\/i0.wp.com\/www.musique-cordiale.com\/wp-content\/uploads\/2017\/02\/dinner-and-music-2.jpg?fit=1200%2C900&ssl=1&resize=700%2C400 2x, https:\/\/i0.wp.com\/www.musique-cordiale.com\/wp-content\/uploads\/2017\/02\/dinner-and-music-2.jpg?fit=1200%2C900&ssl=1&resize=1050%2C600 3x"},"classes":[]},{"id":23106,"url":"https:\/\/www.musique-cordiale.com\/fr\/boutique-billetterie\/billet-24-juillet-2018-collecte-de-fonds-annuelle-soiree-musicale-diner-fund-raising-evening\/","url_meta":{"origin":15021,"position":2},"title":"BILLET: 5 ao\u00fbt 2019 &#8211; Collecte de fonds annuelle, Soir\u00e9e Musicale, D\u00eener &#8211; Fund-raising evening","author":"Jonathan Barker","date":"25\/03\/2019","format":false,"excerpt":"19h (7PM), Moulin de la Camandoule, Fayence un \u00e9v\u00e9nement pr\u00e9-ouverture du Festival 2019 Ruth Harrison (fl\u00fbte), Colette Overdijk (violon), Ian Anderson (alto), Sophie Haynes (violoncelle) & Rebecca Taylor (piano) disponible uniquement sur r\u00e9servation \u00a0le Moulin de Camandoule, 83440, Fayence entre Seillans et Fayence","rel":"","context":"Article similaire","block_context":{"text":"Article similaire","link":""},"img":{"alt_text":"","src":"https:\/\/i0.wp.com\/www.musique-cordiale.com\/wp-content\/uploads\/2016\/05\/0242631178.jpg?fit=876%2C657&ssl=1&resize=350%2C200","width":350,"height":200,"srcset":"https:\/\/i0.wp.com\/www.musique-cordiale.com\/wp-content\/uploads\/2016\/05\/0242631178.jpg?fit=876%2C657&ssl=1&resize=350%2C200 1x, https:\/\/i0.wp.com\/www.musique-cordiale.com\/wp-content\/uploads\/2016\/05\/0242631178.jpg?fit=876%2C657&ssl=1&resize=525%2C300 1.5x, https:\/\/i0.wp.com\/www.musique-cordiale.com\/wp-content\/uploads\/2016\/05\/0242631178.jpg?fit=876%2C657&ssl=1&resize=700%2C400 2x"},"classes":[]},{"id":44911,"url":"https:\/\/www.musique-cordiale.com\/fr\/boutique-billetterie\/concert-fund-raiser-to-launch-the-2024-festival\/","url_meta":{"origin":15021,"position":3},"title":"30 juillet 2024, 19h: Concert et &lsquo;SOIR\u00c9E MUSICALE&rsquo; pour lancer le Festival Musique-Cordiale 2024: Musique, Vin et d\u00e9licieux ap\u00e9ritif dinatoire","author":"Jonathan Barker","date":"31\/03\/2024","format":false,"excerpt":"Rebecca Hardwick, soprano | Aidan Coburn, t\u00e9nor | Rebecca Taylor, piano | Will Harris, violoncelle | James Heathcote, violoncelle | Les musiciens du Festival 2024 |Concert de Gala et D\u00eener dans le cadre champ\u00eatre du Domaine Val d\u2019Iris pour la pr\u00e9sentation de nos merveilleux artistes qui se produiront au cours\u2026","rel":"","context":"Article similaire","block_context":{"text":"Article similaire","link":""},"img":{"alt_text":"","src":"https:\/\/i0.wp.com\/www.musique-cordiale.com\/wp-content\/uploads\/2019\/03\/Van-dIris-concert-20140804_195100-scaled.jpg?fit=1200%2C675&ssl=1&resize=350%2C200","width":350,"height":200,"srcset":"https:\/\/i0.wp.com\/www.musique-cordiale.com\/wp-content\/uploads\/2019\/03\/Van-dIris-concert-20140804_195100-scaled.jpg?fit=1200%2C675&ssl=1&resize=350%2C200 1x, https:\/\/i0.wp.com\/www.musique-cordiale.com\/wp-content\/uploads\/2019\/03\/Van-dIris-concert-20140804_195100-scaled.jpg?fit=1200%2C675&ssl=1&resize=525%2C300 1.5x, https:\/\/i0.wp.com\/www.musique-cordiale.com\/wp-content\/uploads\/2019\/03\/Van-dIris-concert-20140804_195100-scaled.jpg?fit=1200%2C675&ssl=1&resize=700%2C400 2x, https:\/\/i0.wp.com\/www.musique-cordiale.com\/wp-content\/uploads\/2019\/03\/Van-dIris-concert-20140804_195100-scaled.jpg?fit=1200%2C675&ssl=1&resize=1050%2C600 3x"},"classes":[]},{"id":15014,"url":"https:\/\/www.musique-cordiale.com\/fr\/boutique-billetterie\/ami-individuel-2017\/","url_meta":{"origin":15021,"position":4},"title":"Ami Individuel 2025-26 (valable 1 an \u00e0 compter de l&rsquo;achat)","author":"Jonathan Barker","date":"21\/09\/2015","format":false,"excerpt":"Adh\u00e9sion individuelle comprise Tous les avantages ci-dessus, plus: Priorit\u00e9 de r\u00e9servation deux semaines avant l\u2019ouverture de la billetterie Mention dans le programme et sur le site Internet du Festival Invitation au D\u00eener de Gala annuel* Vous avez droit \u00e0 un certificat du don pour la valeur de cet abonnement qui\u2026","rel":"","context":"Article similaire","block_context":{"text":"Article similaire","link":""},"img":{"alt_text":"","src":"https:\/\/i0.wp.com\/www.musique-cordiale.com\/wp-content\/uploads\/2020\/02\/49516531626_35da227075_o-1-scaled.jpg?fit=583%2C1200&ssl=1&resize=350%2C200","width":350,"height":200,"srcset":"https:\/\/i0.wp.com\/www.musique-cordiale.com\/wp-content\/uploads\/2020\/02\/49516531626_35da227075_o-1-scaled.jpg?fit=583%2C1200&ssl=1&resize=350%2C200 1x, https:\/\/i0.wp.com\/www.musique-cordiale.com\/wp-content\/uploads\/2020\/02\/49516531626_35da227075_o-1-scaled.jpg?fit=583%2C1200&ssl=1&resize=525%2C300 1.5x"},"classes":[]},{"id":42023,"url":"https:\/\/www.musique-cordiale.com\/fr\/boutique-billetterie\/soutenez-lequipe-tous-les-montants-sont-apprecies\/","url_meta":{"origin":15021,"position":5},"title":"Soutenez l&rsquo;\u00e9quipe ! (tous les montants sont appr\u00e9ci\u00e9s)\u00a0!","author":"Jonathan Barker","date":"19\/07\/2023","format":false,"excerpt":"Toute contribution aide \u00e0 faire fonctionner le festival annuel et nos autres concerts et notre acad\u00e9mie \u00e9tudiante - car il s'agit de beaucoup de travail b\u00e9n\u00e9vole tout au long de l'ann\u00e9e. S'il vous pla\u00eet soyez aussi g\u00e9n\u00e9reux que vous le pouvez. (PS We cab r\u00e9clame Gift Aid pour le rendre\u2026","rel":"","context":"Article similaire","block_context":{"text":"Article similaire","link":""},"img":{"alt_text":"","src":"https:\/\/i0.wp.com\/www.musique-cordiale.com\/wp-content\/uploads\/2023\/04\/MC-Team-2023-04-05-at-21.31.04.jpg?fit=1200%2C922&ssl=1&resize=350%2C200","width":350,"height":200,"srcset":"https:\/\/i0.wp.com\/www.musique-cordiale.com\/wp-content\/uploads\/2023\/04\/MC-Team-2023-04-05-at-21.31.04.jpg?fit=1200%2C922&ssl=1&resize=350%2C200 1x, https:\/\/i0.wp.com\/www.musique-cordiale.com\/wp-content\/uploads\/2023\/04\/MC-Team-2023-04-05-at-21.31.04.jpg?fit=1200%2C922&ssl=1&resize=525%2C300 1.5x, https:\/\/i0.wp.com\/www.musique-cordiale.com\/wp-content\/uploads\/2023\/04\/MC-Team-2023-04-05-at-21.31.04.jpg?fit=1200%2C922&ssl=1&resize=700%2C400 2x, https:\/\/i0.wp.com\/www.musique-cordiale.com\/wp-content\/uploads\/2023\/04\/MC-Team-2023-04-05-at-21.31.04.jpg?fit=1200%2C922&ssl=1&resize=1050%2C600 3x"},"classes":[]}],"_links":{"self":[{"href":"https:\/\/www.musique-cordiale.com\/fr\/wp-json\/wp\/v2\/product\/15021","targetHints":{"allow":["GET"]}}],"collection":[{"href":"https:\/\/www.musique-cordiale.com\/fr\/wp-json\/wp\/v2\/product"}],"about":[{"href":"https:\/\/www.musique-cordiale.com\/fr\/wp-json\/wp\/v2\/types\/product"}],"wp:featuredmedia":[{"embeddable":true,"href":"https:\/\/www.musique-cordiale.com\/fr\/wp-json\/wp\/v2\/media\/15839"}],"wp:attachment":[{"href":"https:\/\/www.musique-cordiale.com\/fr\/wp-json\/wp\/v2\/media?parent=15021"}],"wp:term":[{"taxonomy":"product_brand","embeddable":true,"href":"https:\/\/www.musique-cordiale.com\/fr\/wp-json\/wp\/v2\/product_brand?post=15021"},{"taxonomy":"product_cat","embeddable":true,"href":"https:\/\/www.musique-cordiale.com\/fr\/wp-json\/wp\/v2\/product_cat?post=15021"},{"taxonomy":"product_tag","embeddable":true,"href":"https:\/\/www.musique-cordiale.com\/fr\/wp-json\/wp\/v2\/product_tag?post=15021"},{"taxonomy":"venue","embeddable":true,"href":"https:\/\/www.musique-cordiale.com\/fr\/wp-json\/wp\/v2\/venue?post=15021"}],"curies":[{"name":"wp","href":"https:\/\/api.w.org\/{rel}","templated":true}]}}