{"id":15043,"date":"2017-02-17T16:30:50","date_gmt":"2017-02-17T16:30:50","guid":{"rendered":"http:\/\/dev3.musique-cordiale.com\/M-C-topic\/les-cordes-sublimes-de-lacademie-jeudi-3-aout\/"},"modified":"2018-06-30T18:47:13","modified_gmt":"2018-06-30T18:47:13","slug":"les-cordes-sublimes-de-lacademie-jeudi-3-aout","status":"publish","type":"product","link":"https:\/\/www.musique-cordiale.com\/fr\/boutique-billetterie\/les-cordes-sublimes-de-lacademie-jeudi-3-aout\/","title":{"rendered":"Les cordes sublimes de l&rsquo;Acad\u00e9mie &#8211; \u00e9tudients et professeurs de L&rsquo;Academie pour cordes"},"content":{"rendered":"<p><b> Performances de cl\u00f4ture de l&rsquo;Acad\u00e9mie de haut calibre 2018 &#8211; solos et ensembles<\/b><\/p>\n<p>Levon Chilingirian, violon<br \/>\nSusie M\u00e9sz\u00e1ros, alto<br \/>\nJane Hyland, violoncelle<br \/>\nPhilip Saudek, piano<br \/>\n\u00c9tudiants de l&rsquo;Acad\u00e9mie de Musique Cordiale<\/p>\n<p>Samuel Barber (1910 &#8211; 1981) : Adagio for Strings, Op. 11<br \/>\nEdward Elgar (1857-1934) : Serenade for Strings, Op. 20<\/p>\n<p>et \u0153uvres solistes et pour formation de chambre<\/p>\n","protected":false},"excerpt":{"rendered":"<p><strong>Performances de cl\u00f4ture de l&rsquo;Acad\u00e9mie de haut calibre 2018 &#8211; solos et ensembles<\/strong><\/p>\n<p>Levon Chilingirian, violon<br \/>\nSusie M\u00e9sz\u00e1ros, alto<br \/>\nJane Hyland, violoncelle<br \/>\nPhilip Saudek, piano<br \/>\n\u00c9tudiants de l&rsquo;Acad\u00e9mie de Musique Cordiale<\/p>\n<p>Samuel Barber (1910 &#8211; 1981) : Adagio for Strings, Op. 11<br \/>\nEdward Elgar (1857-1934) : Serenade for Strings, Op. 20<\/p>\n<p>et \u0153uvres solistes et pour formation de chambre<\/p>\n","protected":false},"featured_media":15839,"template":"","meta":{"_acf_changed":false,"_monsterinsights_skip_tracking":false,"_monsterinsights_sitenote_active":false,"_monsterinsights_sitenote_note":"","_monsterinsights_sitenote_category":0,"_uf_show_specific_survey":0,"_uf_disable_surveys":false,"advanced_seo_description":"","jetpack_seo_html_title":"","jetpack_seo_noindex":false},"product_brand":[],"product_cat":[224],"product_tag":[263],"venue":[155,255],"class_list":{"0":"post-15043","1":"product","2":"type-product","3":"status-publish","4":"has-post-thumbnail","6":"product_cat-festival-2018-fr","7":"product_tag-apres-diner","8":"venue-eglise-saint-andre","9":"venue-tourrettes","11":"first","12":"instock","13":"shipping-taxable","14":"purchasable","15":"product-type-variable"},"acf":[],"jetpack_sharing_enabled":true,"jetpack-related-posts":[{"id":14694,"url":"https:\/\/www.musique-cordiale.com\/programme-tickets\/sublime-strings-academy-thursday-3-august\/","url_meta":{"origin":15043,"position":0},"title":"The Sublime Strings of the Academy &#8211; student &#038; teacher string players, solo and ensemble","author":"Lyndsey","date":"17\/02\/2017","format":false,"excerpt":"Graduation performances of the high-calibre 2018 Academy Levon Chilingirian, violin Susie M\u00e9sz\u00e1ros, viola Jane Hyland, cello Philip Saudek, piano Students of the Musique Cordiale Strings Academy \u00a0","rel":"","context":"Article similaire","block_context":{"text":"Article similaire","link":""},"img":{"alt_text":"","src":"https:\/\/www.musique-cordiale.com\/wp-content\/uploads\/2014\/04\/Musique-cordiale-strings-academy","width":350,"height":200,"srcset":"https:\/\/www.musique-cordiale.com\/wp-content\/uploads\/2014\/04\/Musique-cordiale-strings-academy 1x, https:\/\/www.musique-cordiale.com\/wp-content\/uploads\/2014\/04\/Musique-cordiale-strings-academy 1.5x, https:\/\/www.musique-cordiale.com\/wp-content\/uploads\/2014\/04\/Musique-cordiale-strings-academy 2x, https:\/\/www.musique-cordiale.com\/wp-content\/uploads\/2014\/04\/Musique-cordiale-strings-academy 3x"},"classes":[]},{"id":48346,"url":"https:\/\/www.musique-cordiale.com\/fr\/boutique-billetterie\/concert-orchestral-au-coucher-du-soleil-a-fayence-theatre-verdure-21h-5-aout-2025\/","url_meta":{"origin":15043,"position":1},"title":"\u00ab\u00a0S\u00e9r\u00e9nades d&rsquo;Amour\u00a0\u00bb\u00a0: Concert orchestral &#8211; avec airs &#8211; au coucher du soleil \u00e0 Fayence\u00a0: Th\u00e9\u00e2tre Verdure, 21\u00a0h, 5\u00a0ao\u00fbt\u00a02025","author":"Jonathan Barker","date":"10\/04\/2025","format":false,"excerpt":"\u00ab\u00a0S\u00e9r\u00e9nades d'amour\u00a0\u00bb \u2013\u00a0au lever de la lune dans le romantique amphith\u00e9\u00e2tre de Fayence\u00a0: Brahms, Elgar, Mendelssohn... et plus encore... 21h, Th\u00e9\u00e2tre de Verdure de Fayence Le grand concert orchestral du Festival dans le magnifique amphith\u00e9\u00e2tre en plein air de Fayence Mendelssohn \u2013 Ouverture des H\u00e9brides Elgar \u2013 S\u00e9r\u00e9nade pour cordes\u2026","rel":"","context":"Article similaire","block_context":{"text":"Article similaire","link":""},"img":{"alt_text":"","src":"https:\/\/i0.wp.com\/www.musique-cordiale.com\/wp-content\/uploads\/2023\/05\/Fayence-Verdure-concert-2019.jpg?fit=1200%2C583&ssl=1&resize=350%2C200","width":350,"height":200,"srcset":"https:\/\/i0.wp.com\/www.musique-cordiale.com\/wp-content\/uploads\/2023\/05\/Fayence-Verdure-concert-2019.jpg?fit=1200%2C583&ssl=1&resize=350%2C200 1x, https:\/\/i0.wp.com\/www.musique-cordiale.com\/wp-content\/uploads\/2023\/05\/Fayence-Verdure-concert-2019.jpg?fit=1200%2C583&ssl=1&resize=525%2C300 1.5x, https:\/\/i0.wp.com\/www.musique-cordiale.com\/wp-content\/uploads\/2023\/05\/Fayence-Verdure-concert-2019.jpg?fit=1200%2C583&ssl=1&resize=700%2C400 2x, https:\/\/i0.wp.com\/www.musique-cordiale.com\/wp-content\/uploads\/2023\/05\/Fayence-Verdure-concert-2019.jpg?fit=1200%2C583&ssl=1&resize=1050%2C600 3x"},"classes":[]},{"id":15021,"url":"https:\/\/www.musique-cordiale.com\/fr\/boutique-billetterie\/mecene-argent-2017\/","url_meta":{"origin":15043,"position":2},"title":"Donateur d&rsquo;argent 2024-25","author":"Jonathan Barker","date":"13\/03\/2016","format":false,"excerpt":". M\u00e9c\u00e8ne Argent Les m\u00e9c\u00e8nes re\u00e7oivent tous les avantages d'\u00eatre ami du festival, plus une mention sp\u00e9ciale dans notre programme et sur nos sites internet. Nos m\u00e9c\u00e8nes argent et or constituent notre cercle sp\u00e9cial de supporters qui nous aident \u00e0 assurer l\u2019avenir du festival en s\u2019engageant \u00e0 offrir un don\u2026","rel":"","context":"Article similaire","block_context":{"text":"Article similaire","link":""},"img":{"alt_text":"","src":"https:\/\/i0.wp.com\/www.musique-cordiale.com\/wp-content\/uploads\/2014\/04\/CQ4A4112-e1475585516735.jpg?fit=1200%2C1144&ssl=1&resize=350%2C200","width":350,"height":200,"srcset":"https:\/\/i0.wp.com\/www.musique-cordiale.com\/wp-content\/uploads\/2014\/04\/CQ4A4112-e1475585516735.jpg?fit=1200%2C1144&ssl=1&resize=350%2C200 1x, https:\/\/i0.wp.com\/www.musique-cordiale.com\/wp-content\/uploads\/2014\/04\/CQ4A4112-e1475585516735.jpg?fit=1200%2C1144&ssl=1&resize=525%2C300 1.5x, https:\/\/i0.wp.com\/www.musique-cordiale.com\/wp-content\/uploads\/2014\/04\/CQ4A4112-e1475585516735.jpg?fit=1200%2C1144&ssl=1&resize=700%2C400 2x, https:\/\/i0.wp.com\/www.musique-cordiale.com\/wp-content\/uploads\/2014\/04\/CQ4A4112-e1475585516735.jpg?fit=1200%2C1144&ssl=1&resize=1050%2C600 3x"},"classes":[]},{"id":15022,"url":"https:\/\/www.musique-cordiale.com\/fr\/boutique-billetterie\/mecene-or-2017\/","url_meta":{"origin":15043,"position":3},"title":"M\u00e9c\u00e8ne Or 2024-25","author":"Jonathan Barker","date":"13\/03\/2016","format":false,"excerpt":"M\u00e9c\u00e8ne Or Les m\u00e9c\u00e8nes re\u00e7oivent tous les avantages d'\u00eatre ami du festival, plus une mention sp\u00e9ciale dans notre programme et sur nos sites internet. Nos m\u00e9c\u00e8nes argent et or constituent notre cercle sp\u00e9cial de supporters qui nous aident \u00e0 assurer l\u2019avenir du festival en s\u2019engageant \u00e0 offrir un don important\u2026","rel":"","context":"Article similaire","block_context":{"text":"Article similaire","link":""},"img":{"alt_text":"","src":"https:\/\/i0.wp.com\/www.musique-cordiale.com\/wp-content\/uploads\/2016\/09\/CQ4A3932-scaled.jpg?fit=1200%2C800&ssl=1&resize=350%2C200","width":350,"height":200,"srcset":"https:\/\/i0.wp.com\/www.musique-cordiale.com\/wp-content\/uploads\/2016\/09\/CQ4A3932-scaled.jpg?fit=1200%2C800&ssl=1&resize=350%2C200 1x, https:\/\/i0.wp.com\/www.musique-cordiale.com\/wp-content\/uploads\/2016\/09\/CQ4A3932-scaled.jpg?fit=1200%2C800&ssl=1&resize=525%2C300 1.5x, https:\/\/i0.wp.com\/www.musique-cordiale.com\/wp-content\/uploads\/2016\/09\/CQ4A3932-scaled.jpg?fit=1200%2C800&ssl=1&resize=700%2C400 2x, https:\/\/i0.wp.com\/www.musique-cordiale.com\/wp-content\/uploads\/2016\/09\/CQ4A3932-scaled.jpg?fit=1200%2C800&ssl=1&resize=1050%2C600 3x"},"classes":[]},{"id":48340,"url":"https:\/\/www.musique-cordiale.com\/programme-tickets\/orchestral-concert-at-sundown-in-fayence-theatre-verdure-9pm-5-august-2025\/","url_meta":{"origin":15043,"position":4},"title":"\u00ab\u00a0Serenades of Love\u00a0\u00bb: Orchestral Concert &#8211; with Arias &#8211; at sundown in Fayence: Th\u00e9\u00e2tre Verdure, 9PM, 5 August 2025","author":"Jonathan Barker","date":"10\/04\/2025","format":false,"excerpt":"\"Serenades of Love\" \u2013\u00a0 to a rising moon in the romantic Fayence amphitheatre:\u00a0 Brahms, Elgar, Mendelssohn... and more... 9pm FAYENCE Theatre de Verdure The Festival\u2019s big orchestral concert in the stunning outdoor amphitheatre in Fayence Mendelssohn \u2013 Hebrides overture Elgar \u2013 Serenade for Strings Arias\/duets (to include\u2026) Puccini - O\u2026","rel":"","context":"Article similaire","block_context":{"text":"Article similaire","link":""},"img":{"alt_text":"","src":"https:\/\/i0.wp.com\/www.musique-cordiale.com\/wp-content\/uploads\/2023\/05\/Fayence-Verdure-concert-2019.jpg?fit=1200%2C583&ssl=1&resize=350%2C200","width":350,"height":200,"srcset":"https:\/\/i0.wp.com\/www.musique-cordiale.com\/wp-content\/uploads\/2023\/05\/Fayence-Verdure-concert-2019.jpg?fit=1200%2C583&ssl=1&resize=350%2C200 1x, https:\/\/i0.wp.com\/www.musique-cordiale.com\/wp-content\/uploads\/2023\/05\/Fayence-Verdure-concert-2019.jpg?fit=1200%2C583&ssl=1&resize=525%2C300 1.5x, https:\/\/i0.wp.com\/www.musique-cordiale.com\/wp-content\/uploads\/2023\/05\/Fayence-Verdure-concert-2019.jpg?fit=1200%2C583&ssl=1&resize=700%2C400 2x, https:\/\/i0.wp.com\/www.musique-cordiale.com\/wp-content\/uploads\/2023\/05\/Fayence-Verdure-concert-2019.jpg?fit=1200%2C583&ssl=1&resize=1050%2C600 3x"},"classes":[]},{"id":39386,"url":"https:\/\/www.musique-cordiale.com\/fr\/boutique-billetterie\/7-august-2023-sailing-by-folk-jazz-et-la-vie-brandebourgeois\/","url_meta":{"origin":15043,"position":5},"title":"Concert en plein air : Traverser les cultures musicales &#8211; \u201cSailing by&#8230;\u201d Folk, Jazz et la vie Baroque,  21h","author":"Jonathan Barker","date":"25\/05\/2023","format":false,"excerpt":"\u201cSailing by...\u201d Folk, Jazz et la vie Brandebourgeois | Une s\u00e9lection de d\u00e9lices musicaux dans un cadre de concert anim\u00e9 et informel, y compris des performances classiques, folk et jazz, y compris de musiciens du festival: europ\u00e9en, anglais, norv\u00e9gien et br\u00e9silien\u2026.","rel":"","context":"Article similaire","block_context":{"text":"Article similaire","link":""},"img":{"alt_text":"","src":"https:\/\/i0.wp.com\/www.musique-cordiale.com\/wp-content\/uploads\/2011\/03\/MC2014-Valat-opera-panorama.jpg?fit=1043%2C309&ssl=1&resize=350%2C200","width":350,"height":200,"srcset":"https:\/\/i0.wp.com\/www.musique-cordiale.com\/wp-content\/uploads\/2011\/03\/MC2014-Valat-opera-panorama.jpg?fit=1043%2C309&ssl=1&resize=350%2C200 1x, https:\/\/i0.wp.com\/www.musique-cordiale.com\/wp-content\/uploads\/2011\/03\/MC2014-Valat-opera-panorama.jpg?fit=1043%2C309&ssl=1&resize=525%2C300 1.5x, https:\/\/i0.wp.com\/www.musique-cordiale.com\/wp-content\/uploads\/2011\/03\/MC2014-Valat-opera-panorama.jpg?fit=1043%2C309&ssl=1&resize=700%2C400 2x"},"classes":[]}],"_links":{"self":[{"href":"https:\/\/www.musique-cordiale.com\/fr\/wp-json\/wp\/v2\/product\/15043","targetHints":{"allow":["GET"]}}],"collection":[{"href":"https:\/\/www.musique-cordiale.com\/fr\/wp-json\/wp\/v2\/product"}],"about":[{"href":"https:\/\/www.musique-cordiale.com\/fr\/wp-json\/wp\/v2\/types\/product"}],"wp:featuredmedia":[{"embeddable":true,"href":"https:\/\/www.musique-cordiale.com\/fr\/wp-json\/wp\/v2\/media\/15839"}],"wp:attachment":[{"href":"https:\/\/www.musique-cordiale.com\/fr\/wp-json\/wp\/v2\/media?parent=15043"}],"wp:term":[{"taxonomy":"product_brand","embeddable":true,"href":"https:\/\/www.musique-cordiale.com\/fr\/wp-json\/wp\/v2\/product_brand?post=15043"},{"taxonomy":"product_cat","embeddable":true,"href":"https:\/\/www.musique-cordiale.com\/fr\/wp-json\/wp\/v2\/product_cat?post=15043"},{"taxonomy":"product_tag","embeddable":true,"href":"https:\/\/www.musique-cordiale.com\/fr\/wp-json\/wp\/v2\/product_tag?post=15043"},{"taxonomy":"venue","embeddable":true,"href":"https:\/\/www.musique-cordiale.com\/fr\/wp-json\/wp\/v2\/venue?post=15043"}],"curies":[{"name":"wp","href":"https:\/\/api.w.org\/{rel}","templated":true}]}}