{"id":15045,"date":"2017-02-17T17:42:13","date_gmt":"2017-02-17T17:42:13","guid":{"rendered":"http:\/\/dev3.musique-cordiale.com\/M-C-topic\/concert-academie-et-orchestre-vendredi-4-aout\/"},"modified":"2018-08-03T10:29:09","modified_gmt":"2018-08-03T10:29:09","slug":"concert-academie-et-orchestre-vendredi-4-aout","status":"publish","type":"product","link":"https:\/\/www.musique-cordiale.com\/fr\/boutique-billetterie\/concert-academie-et-orchestre-vendredi-4-aout\/","title":{"rendered":"Concert Annuel Acad\u00e9mie et Orchestre"},"content":{"rendered":"<h6><strong>Direction: James Lowe<br \/>\n<\/strong><\/h6>\n<h6>Jonathan Martindale,\u00a0<i>violon<br \/>\n<\/i>Kiera Lyness,\u00a0<i>soprano<\/i><\/h6>\n<h6><b>Debussy: Pr\u00e9lude \u00e0 \u00ab L\u2019apr\u00e8s-midi d\u2019un faune \u00bb<br \/>\n<\/b><b>Barber: Knoxville Summer of 1915<br \/>\n<\/b><b>Beethoven: Symphony n\u00b0 2<br \/>\n<\/b><b>Tchaikovsky: Concerto pour violon<\/b><\/h6>\n","protected":false},"excerpt":{"rendered":"<h6><strong>Direction: James Lowe<br \/>\n<\/strong><\/h6>\n<h6>Jonathan Martindale,\u00a0<i>violon<br \/>\n<\/i>Kiera Lyness,\u00a0<i>soprano<\/i><\/h6>\n<h6><b>Debussy: Pr\u00e9lude \u00e0 \u00ab L\u2019apr\u00e8s-midi d\u2019un faune \u00bb<br \/>\n<\/b><b>Barber: Knoxville Summer of 1915<br \/>\n<\/b><b>Beethoven: Symphony n\u00b0 2<br \/>\n<\/b><b>Tchaikovsky: Concerto pour violon<\/b><\/h6>\n","protected":false},"featured_media":15823,"template":"","meta":{"_acf_changed":false,"_monsterinsights_skip_tracking":false,"_monsterinsights_sitenote_active":false,"_monsterinsights_sitenote_note":"","_monsterinsights_sitenote_category":0,"_uf_show_specific_survey":0,"_uf_disable_surveys":false,"advanced_seo_description":"","jetpack_seo_html_title":"","jetpack_seo_noindex":false},"product_brand":[],"product_cat":[224],"product_tag":[263],"venue":[145,222],"class_list":{"0":"post-15045","1":"product","2":"type-product","3":"status-publish","4":"has-post-thumbnail","6":"product_cat-festival-2018-fr","7":"product_tag-apres-diner","8":"venue-eglise-saint-leger","9":"venue-seillans","11":"first","12":"instock","13":"shipping-taxable","14":"purchasable","15":"product-type-variable"},"acf":[],"jetpack_sharing_enabled":true,"jetpack-related-posts":[{"id":14707,"url":"https:\/\/www.musique-cordiale.com\/programme-tickets\/academy-orchestra-concert-friday\/","url_meta":{"origin":15045,"position":0},"title":"Annual Academy &#038; Orchestra Concert","author":"Lyndsey","date":"17\/02\/2017","format":false,"excerpt":"Direction: James Lowe Jonathan Martindale,\u00a0violon Kiera Lyness,\u00a0soprano Debussy: Pr\u00e9lude \u00e0 \u00ab L\u2019apr\u00e8s-midi d\u2019un faune \u00bb Barber: Knoxville Summer of 1915 Beethoven: Symphony n\u00b0 2 Tchaikovsky: Concerto pour violon","rel":"","context":"Article similaire","block_context":{"text":"Article similaire","link":""},"img":{"alt_text":"","src":"https:\/\/i0.wp.com\/www.musique-cordiale.com\/wp-content\/uploads\/2015\/01\/CQ4A3928-Edit-scaled.jpg?fit=1200%2C800&ssl=1&resize=350%2C200","width":350,"height":200,"srcset":"https:\/\/i0.wp.com\/www.musique-cordiale.com\/wp-content\/uploads\/2015\/01\/CQ4A3928-Edit-scaled.jpg?fit=1200%2C800&ssl=1&resize=350%2C200 1x, https:\/\/i0.wp.com\/www.musique-cordiale.com\/wp-content\/uploads\/2015\/01\/CQ4A3928-Edit-scaled.jpg?fit=1200%2C800&ssl=1&resize=525%2C300 1.5x, https:\/\/i0.wp.com\/www.musique-cordiale.com\/wp-content\/uploads\/2015\/01\/CQ4A3928-Edit-scaled.jpg?fit=1200%2C800&ssl=1&resize=700%2C400 2x, https:\/\/i0.wp.com\/www.musique-cordiale.com\/wp-content\/uploads\/2015\/01\/CQ4A3928-Edit-scaled.jpg?fit=1200%2C800&ssl=1&resize=1050%2C600 3x"},"classes":[]},{"id":15050,"url":"https:\/\/www.musique-cordiale.com\/fr\/boutique-billetterie\/fayence-verdure-2018-08-07\/","url_meta":{"origin":15045,"position":1},"title":"Musique fabuleuse sous les \u00e9toiles &#8211; aires d&rsquo;op\u00e9ra et symphonie orchestral","author":"Lyndsey","date":"17\/02\/2017","format":false,"excerpt":"Concert avec solistes\u00a0: Concerto pour violon de\u00a0Tchaikovsky\u00a0\u2013 et aires d\u2019Opera Direction: James Lowe Dima Bawab, Kiera Lyness,\u00a0soprano Charlotte King, mezzo-soprano Aidan Coburn, Julian Gregory,\u00a0t\u00e9nor Tristan Hambleton,\u00a0bass Jonathan Martindale,\u00a0violon Tchaikovsky: Concerto pour violon et orchestre","rel":"","context":"Article similaire","block_context":{"text":"Article similaire","link":""},"img":{"alt_text":"","src":"https:\/\/i0.wp.com\/www.musique-cordiale.com\/wp-content\/uploads\/2015\/01\/Fayence-orch-NT-scaled.jpg?fit=1200%2C900&ssl=1&resize=350%2C200","width":350,"height":200,"srcset":"https:\/\/i0.wp.com\/www.musique-cordiale.com\/wp-content\/uploads\/2015\/01\/Fayence-orch-NT-scaled.jpg?fit=1200%2C900&ssl=1&resize=350%2C200 1x, https:\/\/i0.wp.com\/www.musique-cordiale.com\/wp-content\/uploads\/2015\/01\/Fayence-orch-NT-scaled.jpg?fit=1200%2C900&ssl=1&resize=525%2C300 1.5x, https:\/\/i0.wp.com\/www.musique-cordiale.com\/wp-content\/uploads\/2015\/01\/Fayence-orch-NT-scaled.jpg?fit=1200%2C900&ssl=1&resize=700%2C400 2x, https:\/\/i0.wp.com\/www.musique-cordiale.com\/wp-content\/uploads\/2015\/01\/Fayence-orch-NT-scaled.jpg?fit=1200%2C900&ssl=1&resize=1050%2C600 3x"},"classes":[]},{"id":14737,"url":"https:\/\/www.musique-cordiale.com\/programme-tickets\/fayence-verdure-2018-08-07\/","url_meta":{"origin":15045,"position":2},"title":"An orchestral concert with soloists: fabulous music and Opera Arias under the stars","author":"Lyndsey","date":"17\/02\/2017","format":false,"excerpt":"Concert avec solistes\u00a0: Concerto pour violon de\u00a0Tchaikovsky\u00a0\u2013 et aires d\u2019Opera Direction: James Lowe Dima Bawab, Kiera Lyness,\u00a0soprano Charlotte King, mezzo-soprano Aidan Coburn, Julian Gregory,\u00a0t\u00e9nor Tristan Hambleton,\u00a0bass Jonathan Martindale,\u00a0violon Tchaikovsky: Concerto pour violon et orchestre","rel":"","context":"Article similaire","block_context":{"text":"Article similaire","link":""},"img":{"alt_text":"","src":"https:\/\/i0.wp.com\/www.musique-cordiale.com\/wp-content\/uploads\/2015\/01\/Fayence-orch-NT-scaled.jpg?fit=1200%2C900&ssl=1&resize=350%2C200","width":350,"height":200,"srcset":"https:\/\/i0.wp.com\/www.musique-cordiale.com\/wp-content\/uploads\/2015\/01\/Fayence-orch-NT-scaled.jpg?fit=1200%2C900&ssl=1&resize=350%2C200 1x, https:\/\/i0.wp.com\/www.musique-cordiale.com\/wp-content\/uploads\/2015\/01\/Fayence-orch-NT-scaled.jpg?fit=1200%2C900&ssl=1&resize=525%2C300 1.5x, https:\/\/i0.wp.com\/www.musique-cordiale.com\/wp-content\/uploads\/2015\/01\/Fayence-orch-NT-scaled.jpg?fit=1200%2C900&ssl=1&resize=700%2C400 2x, https:\/\/i0.wp.com\/www.musique-cordiale.com\/wp-content\/uploads\/2015\/01\/Fayence-orch-NT-scaled.jpg?fit=1200%2C900&ssl=1&resize=1050%2C600 3x"},"classes":[]},{"id":48667,"url":"https:\/\/www.musique-cordiale.com\/programme-tickets\/concert-vibrant-instrumental-ensembles-the-virtuoso-st-paul-en-foret-7pm-8-august-2025\/","url_meta":{"origin":15045,"position":3},"title":"Concert: Vibrant instrumental Ensembles, \u00ab\u00a0The Virtuoso\u00a0\u00bb: Salle des f\u00eates, Saint-Paul-en-For\u00eat (83440), 7PM, 8 August 2025","author":"Jonathan Barker","date":"08\/04\/2025","format":false,"excerpt":"Musique-Cordiale Festival concert: \"The Virtuoso\" Salle des f\u00eates Saint-Paul-en-For\u00eat (83440) (note change of venue) 8 August 2025, 7PM, tickets 0\u20ac-25\u20ac - Debussy - Pr\u00e9lude \u00e0 l'apr\u00e8s-midi d'un faune - Mozart \u2013 Oboe Quartet - Ravel arr. Sherry Lewis - Pavane Pour un Infante D'Enfant - Ravel arr. Andrew Middleton -\u2026","rel":"","context":"Article similaire","block_context":{"text":"Article similaire","link":""},"img":{"alt_text":"","src":"https:\/\/i0.wp.com\/www.musique-cordiale.com\/wp-content\/uploads\/2025\/04\/WhatsApp-Image-2025-04-23-at-18.02.36_c3163d21-Musique-Cordiale-concert-Saint-Paul.jpg?fit=1200%2C676&ssl=1&resize=350%2C200","width":350,"height":200,"srcset":"https:\/\/i0.wp.com\/www.musique-cordiale.com\/wp-content\/uploads\/2025\/04\/WhatsApp-Image-2025-04-23-at-18.02.36_c3163d21-Musique-Cordiale-concert-Saint-Paul.jpg?fit=1200%2C676&ssl=1&resize=350%2C200 1x, https:\/\/i0.wp.com\/www.musique-cordiale.com\/wp-content\/uploads\/2025\/04\/WhatsApp-Image-2025-04-23-at-18.02.36_c3163d21-Musique-Cordiale-concert-Saint-Paul.jpg?fit=1200%2C676&ssl=1&resize=525%2C300 1.5x, https:\/\/i0.wp.com\/www.musique-cordiale.com\/wp-content\/uploads\/2025\/04\/WhatsApp-Image-2025-04-23-at-18.02.36_c3163d21-Musique-Cordiale-concert-Saint-Paul.jpg?fit=1200%2C676&ssl=1&resize=700%2C400 2x, https:\/\/i0.wp.com\/www.musique-cordiale.com\/wp-content\/uploads\/2025\/04\/WhatsApp-Image-2025-04-23-at-18.02.36_c3163d21-Musique-Cordiale-concert-Saint-Paul.jpg?fit=1200%2C676&ssl=1&resize=1050%2C600 3x"},"classes":[]},{"id":48673,"url":"https:\/\/www.musique-cordiale.com\/fr\/boutique-billetterie\/concert-ensembles-instrumentaux-vibrants-le-virtuose-st-paul-en-foret-19h-le-8-aout-2025\/","url_meta":{"origin":15045,"position":4},"title":"Concert : Ensembles instrumentaux vibrants, \u00ab\u00a0Le Virtuose\u00a0\u00bb : St Paul-en-For\u00eat, Salle des f\u00eates Saint-Paul-en-For\u00eat (83440), 19h, le 8 ao\u00fbt 2025","author":"Jonathan Barker","date":"08\/04\/2025","format":false,"excerpt":"Concert du Festival Musique-Cordiale : \"Le Virtuose\" Salle des f\u00eates Saint-Paul-en-For\u00eat (83440)ATTENTION changement de lieu 8 ao\u00fbt 2025, 19h, billets 0\u20ac-25\u20ac - Debussy - Pr\u00e9lude \u00e0 l'apr\u00e8s-midi d'un faune - Mozart \u2013 Quatuor de hautbois -Ravel arr. Sherry Lewis - Pavane Pour un Infante D'Enfant -Ravel arr. Andrew Middleton -\u2026","rel":"","context":"Article similaire","block_context":{"text":"Article similaire","link":""},"img":{"alt_text":"","src":"https:\/\/i0.wp.com\/www.musique-cordiale.com\/wp-content\/uploads\/2025\/04\/WhatsApp-Image-2025-04-23-at-18.02.36_c3163d21-Musique-Cordiale-concert-Saint-Paul.jpg?fit=1200%2C676&ssl=1&resize=350%2C200","width":350,"height":200,"srcset":"https:\/\/i0.wp.com\/www.musique-cordiale.com\/wp-content\/uploads\/2025\/04\/WhatsApp-Image-2025-04-23-at-18.02.36_c3163d21-Musique-Cordiale-concert-Saint-Paul.jpg?fit=1200%2C676&ssl=1&resize=350%2C200 1x, https:\/\/i0.wp.com\/www.musique-cordiale.com\/wp-content\/uploads\/2025\/04\/WhatsApp-Image-2025-04-23-at-18.02.36_c3163d21-Musique-Cordiale-concert-Saint-Paul.jpg?fit=1200%2C676&ssl=1&resize=525%2C300 1.5x, https:\/\/i0.wp.com\/www.musique-cordiale.com\/wp-content\/uploads\/2025\/04\/WhatsApp-Image-2025-04-23-at-18.02.36_c3163d21-Musique-Cordiale-concert-Saint-Paul.jpg?fit=1200%2C676&ssl=1&resize=700%2C400 2x, https:\/\/i0.wp.com\/www.musique-cordiale.com\/wp-content\/uploads\/2025\/04\/WhatsApp-Image-2025-04-23-at-18.02.36_c3163d21-Musique-Cordiale-concert-Saint-Paul.jpg?fit=1200%2C676&ssl=1&resize=1050%2C600 3x"},"classes":[]},{"id":23326,"url":"https:\/\/www.musique-cordiale.com\/programme-tickets\/symphonie-sous-les-etoiles-13-aout-2019\/","url_meta":{"origin":15045,"position":5},"title":"TICKET: Concert Symphonique sous les etoiles, 9PM, Tuesday 13 August 2019, Fayence, Th\u00e9atre Verdure","author":"Jonathan Barker","date":"26\/03\/2019","format":false,"excerpt":"Mardi 13\u00a0ao\u00fbt, 21h 00 Fayence Theatre de Verdure\u00a0\u00a0\u00a0\u00a0\u00a0\u00a0\u00a0 20\u20ac \/ 30\u20ac(premium) Concert Symphonique sous les etoiles L\u2019Orchestre du Festival avec solistes Direction: James Lowe MENDELSOHN Ouverture \u00ab Les H\u00e9brides \u00bb MENDELSOHN Concerto pour Violon (Judith de Haas \u2013 violon) BEETHOVEN Sinfonie No\u00a06 \u00ab Pastorale \u00bb","rel":"","context":"Article similaire","block_context":{"text":"Article similaire","link":""},"img":{"alt_text":"","src":"https:\/\/i0.wp.com\/www.musique-cordiale.com\/wp-content\/uploads\/2015\/01\/Fayence-audience-scaled.jpg?fit=1200%2C900&ssl=1&resize=350%2C200","width":350,"height":200,"srcset":"https:\/\/i0.wp.com\/www.musique-cordiale.com\/wp-content\/uploads\/2015\/01\/Fayence-audience-scaled.jpg?fit=1200%2C900&ssl=1&resize=350%2C200 1x, https:\/\/i0.wp.com\/www.musique-cordiale.com\/wp-content\/uploads\/2015\/01\/Fayence-audience-scaled.jpg?fit=1200%2C900&ssl=1&resize=525%2C300 1.5x, https:\/\/i0.wp.com\/www.musique-cordiale.com\/wp-content\/uploads\/2015\/01\/Fayence-audience-scaled.jpg?fit=1200%2C900&ssl=1&resize=700%2C400 2x, https:\/\/i0.wp.com\/www.musique-cordiale.com\/wp-content\/uploads\/2015\/01\/Fayence-audience-scaled.jpg?fit=1200%2C900&ssl=1&resize=1050%2C600 3x"},"classes":[]}],"_links":{"self":[{"href":"https:\/\/www.musique-cordiale.com\/fr\/wp-json\/wp\/v2\/product\/15045","targetHints":{"allow":["GET"]}}],"collection":[{"href":"https:\/\/www.musique-cordiale.com\/fr\/wp-json\/wp\/v2\/product"}],"about":[{"href":"https:\/\/www.musique-cordiale.com\/fr\/wp-json\/wp\/v2\/types\/product"}],"wp:featuredmedia":[{"embeddable":true,"href":"https:\/\/www.musique-cordiale.com\/fr\/wp-json\/wp\/v2\/media\/15823"}],"wp:attachment":[{"href":"https:\/\/www.musique-cordiale.com\/fr\/wp-json\/wp\/v2\/media?parent=15045"}],"wp:term":[{"taxonomy":"product_brand","embeddable":true,"href":"https:\/\/www.musique-cordiale.com\/fr\/wp-json\/wp\/v2\/product_brand?post=15045"},{"taxonomy":"product_cat","embeddable":true,"href":"https:\/\/www.musique-cordiale.com\/fr\/wp-json\/wp\/v2\/product_cat?post=15045"},{"taxonomy":"product_tag","embeddable":true,"href":"https:\/\/www.musique-cordiale.com\/fr\/wp-json\/wp\/v2\/product_tag?post=15045"},{"taxonomy":"venue","embeddable":true,"href":"https:\/\/www.musique-cordiale.com\/fr\/wp-json\/wp\/v2\/venue?post=15045"}],"curies":[{"name":"wp","href":"https:\/\/api.w.org\/{rel}","templated":true}]}}