{"id":15053,"date":"2017-02-17T19:50:27","date_gmt":"2017-02-17T19:50:27","guid":{"rendered":"http:\/\/dev3.musique-cordiale.com\/M-C-topic\/concert-de-midi-vendredi-11-aout-2\/"},"modified":"2019-08-18T10:31:53","modified_gmt":"2019-08-18T10:31:53","slug":"concert-de-midi-vendredi-11-aout-2","status":"publish","type":"product","link":"https:\/\/www.musique-cordiale.com\/fr\/boutique-billetterie\/concert-de-midi-vendredi-11-aout-2\/","title":{"rendered":"Concert de midi"},"content":{"rendered":"","protected":false},"excerpt":{"rendered":"<p>Entr\u00e9e gratuite et sans r\u00e9servation, dans la limite des places disponibles<br \/>\nDur\u00e9e de 45 \u00e0 60 minutes<\/p>\n","protected":false},"featured_media":16189,"template":"","meta":{"_acf_changed":false,"_monsterinsights_skip_tracking":false,"_monsterinsights_sitenote_active":false,"_monsterinsights_sitenote_note":"","_monsterinsights_sitenote_category":0,"_uf_show_specific_survey":0,"_uf_disable_surveys":false,"advanced_seo_description":"","jetpack_seo_html_title":"","jetpack_seo_noindex":false},"product_brand":[],"product_cat":[131],"product_tag":[],"venue":[146],"class_list":{"0":"post-15053","1":"product","2":"type-product","3":"status-publish","4":"has-post-thumbnail","6":"product_cat-festival-2017-fr","7":"venue-chapelle-notre-dame-des-cypres","9":"first","10":"outofstock","11":"virtual","12":"purchasable","13":"product-type-simple"},"acf":[],"jetpack_sharing_enabled":true,"jetpack-related-posts":[{"id":15048,"url":"https:\/\/www.musique-cordiale.com\/fr\/boutique-billetterie\/concert-de-midi-lundi-7-aout\/","url_meta":{"origin":15053,"position":0},"title":"Concert de midi","author":"Lyndsey","date":"17\/02\/2017","format":false,"excerpt":"Entr\u00e9e gratuite et sans r\u00e9servation, dans la limite des places disponibles Dur\u00e9e de 45 \u00e0 60 minutes","rel":"","context":"Article similaire","block_context":{"text":"Article similaire","link":""},"img":{"alt_text":"","src":"https:\/\/i0.wp.com\/www.musique-cordiale.com\/wp-content\/uploads\/2013\/01\/IMG_2249-M-C-2010-Academy-orchestra-a-scaled.jpg?fit=1200%2C1195&ssl=1&resize=350%2C200","width":350,"height":200,"srcset":"https:\/\/i0.wp.com\/www.musique-cordiale.com\/wp-content\/uploads\/2013\/01\/IMG_2249-M-C-2010-Academy-orchestra-a-scaled.jpg?fit=1200%2C1195&ssl=1&resize=350%2C200 1x, https:\/\/i0.wp.com\/www.musique-cordiale.com\/wp-content\/uploads\/2013\/01\/IMG_2249-M-C-2010-Academy-orchestra-a-scaled.jpg?fit=1200%2C1195&ssl=1&resize=525%2C300 1.5x, https:\/\/i0.wp.com\/www.musique-cordiale.com\/wp-content\/uploads\/2013\/01\/IMG_2249-M-C-2010-Academy-orchestra-a-scaled.jpg?fit=1200%2C1195&ssl=1&resize=700%2C400 2x, https:\/\/i0.wp.com\/www.musique-cordiale.com\/wp-content\/uploads\/2013\/01\/IMG_2249-M-C-2010-Academy-orchestra-a-scaled.jpg?fit=1200%2C1195&ssl=1&resize=1050%2C600 3x"},"classes":[]},{"id":15040,"url":"https:\/\/www.musique-cordiale.com\/fr\/boutique-billetterie\/concert-de-midi-mardi-1-aout\/","url_meta":{"origin":15053,"position":1},"title":"Concert de midi","author":"Lyndsey","date":"17\/02\/2017","format":false,"excerpt":"Entr\u00e9e gratuite et sans r\u00e9servation, dans la limite des places disponibles Dur\u00e9e de 45 \u00e0 60 minutes","rel":"","context":"Article similaire","block_context":{"text":"Article similaire","link":""},"img":{"alt_text":"","src":"https:\/\/i0.wp.com\/www.musique-cordiale.com\/wp-content\/uploads\/2017\/02\/lunchtime-concert.jpg?fit=600%2C800&ssl=1&resize=350%2C200","width":350,"height":200,"srcset":"https:\/\/i0.wp.com\/www.musique-cordiale.com\/wp-content\/uploads\/2017\/02\/lunchtime-concert.jpg?fit=600%2C800&ssl=1&resize=350%2C200 1x, https:\/\/i0.wp.com\/www.musique-cordiale.com\/wp-content\/uploads\/2017\/02\/lunchtime-concert.jpg?fit=600%2C800&ssl=1&resize=525%2C300 1.5x"},"classes":[]},{"id":15044,"url":"https:\/\/www.musique-cordiale.com\/fr\/boutique-billetterie\/concert-de-midi-vendredi-4-aout\/","url_meta":{"origin":15053,"position":2},"title":"Concert de midi","author":"Lyndsey","date":"17\/02\/2017","format":false,"excerpt":"Entr\u00e9e gratuite et sans r\u00e9servation, dans la limite des places disponibles Dur\u00e9e de 45 \u00e0 60 minutes","rel":"","context":"Article similaire","block_context":{"text":"Article similaire","link":""},"img":{"alt_text":"","src":"https:\/\/i0.wp.com\/www.musique-cordiale.com\/wp-content\/uploads\/2017\/02\/end-of-a-lunchtime-concert-in-a-small-old-chapel.jpg?fit=1200%2C800&ssl=1&resize=350%2C200","width":350,"height":200,"srcset":"https:\/\/i0.wp.com\/www.musique-cordiale.com\/wp-content\/uploads\/2017\/02\/end-of-a-lunchtime-concert-in-a-small-old-chapel.jpg?fit=1200%2C800&ssl=1&resize=350%2C200 1x, https:\/\/i0.wp.com\/www.musique-cordiale.com\/wp-content\/uploads\/2017\/02\/end-of-a-lunchtime-concert-in-a-small-old-chapel.jpg?fit=1200%2C800&ssl=1&resize=525%2C300 1.5x, https:\/\/i0.wp.com\/www.musique-cordiale.com\/wp-content\/uploads\/2017\/02\/end-of-a-lunchtime-concert-in-a-small-old-chapel.jpg?fit=1200%2C800&ssl=1&resize=700%2C400 2x, https:\/\/i0.wp.com\/www.musique-cordiale.com\/wp-content\/uploads\/2017\/02\/end-of-a-lunchtime-concert-in-a-small-old-chapel.jpg?fit=1200%2C800&ssl=1&resize=1050%2C600 3x"},"classes":[]},{"id":15042,"url":"https:\/\/www.musique-cordiale.com\/fr\/boutique-billetterie\/concert-de-midi-jeudi-3-aout\/","url_meta":{"origin":15053,"position":3},"title":"Concert de midi","author":"Lyndsey","date":"17\/02\/2017","format":false,"excerpt":"Entr\u00e9e gratuite et sans r\u00e9servation, dans la limite des places disponibles Dur\u00e9e de 45 \u00e0 60 minutes","rel":"","context":"Article similaire","block_context":{"text":"Article similaire","link":""},"img":{"alt_text":"","src":"https:\/\/i0.wp.com\/www.musique-cordiale.com\/wp-content\/uploads\/2017\/02\/lunchtime-concert.jpg?fit=600%2C800&ssl=1&resize=350%2C200","width":350,"height":200,"srcset":"https:\/\/i0.wp.com\/www.musique-cordiale.com\/wp-content\/uploads\/2017\/02\/lunchtime-concert.jpg?fit=600%2C800&ssl=1&resize=350%2C200 1x, https:\/\/i0.wp.com\/www.musique-cordiale.com\/wp-content\/uploads\/2017\/02\/lunchtime-concert.jpg?fit=600%2C800&ssl=1&resize=525%2C300 1.5x"},"classes":[]},{"id":15049,"url":"https:\/\/www.musique-cordiale.com\/fr\/boutique-billetterie\/concert-de-midi-mardi-8-aout-2\/","url_meta":{"origin":15053,"position":4},"title":"Concert de midi","author":"Lyndsey","date":"17\/02\/2017","format":false,"excerpt":"Entr\u00e9e gratuite et sans r\u00e9servation, dans la limite des places disponibles Dur\u00e9e de 45 \u00e0 60 minutes","rel":"","context":"Article similaire","block_context":{"text":"Article similaire","link":""},"img":{"alt_text":"","src":"https:\/\/i0.wp.com\/www.musique-cordiale.com\/wp-content\/uploads\/2015\/01\/IMG_9133-scaled.jpg?fit=1200%2C900&ssl=1&resize=350%2C200","width":350,"height":200,"srcset":"https:\/\/i0.wp.com\/www.musique-cordiale.com\/wp-content\/uploads\/2015\/01\/IMG_9133-scaled.jpg?fit=1200%2C900&ssl=1&resize=350%2C200 1x, https:\/\/i0.wp.com\/www.musique-cordiale.com\/wp-content\/uploads\/2015\/01\/IMG_9133-scaled.jpg?fit=1200%2C900&ssl=1&resize=525%2C300 1.5x, https:\/\/i0.wp.com\/www.musique-cordiale.com\/wp-content\/uploads\/2015\/01\/IMG_9133-scaled.jpg?fit=1200%2C900&ssl=1&resize=700%2C400 2x, https:\/\/i0.wp.com\/www.musique-cordiale.com\/wp-content\/uploads\/2015\/01\/IMG_9133-scaled.jpg?fit=1200%2C900&ssl=1&resize=1050%2C600 3x"},"classes":[]},{"id":21131,"url":"https:\/\/www.musique-cordiale.com\/fr\/boutique-billetterie\/concert-de-midi\/","url_meta":{"origin":15053,"position":5},"title":"Concert de Midi","author":"Lyndsey","date":"09\/06\/2018","format":false,"excerpt":"Concert de midi Entr\u00e9e Gratuite","rel":"","context":"Article similaire","block_context":{"text":"Article similaire","link":""},"img":{"alt_text":"","src":"https:\/\/i0.wp.com\/www.musique-cordiale.com\/wp-content\/uploads\/2016\/01\/Cypres-chapelle-fayence.jpg?fit=500%2C375&ssl=1&resize=350%2C200","width":350,"height":200},"classes":[]}],"_links":{"self":[{"href":"https:\/\/www.musique-cordiale.com\/fr\/wp-json\/wp\/v2\/product\/15053","targetHints":{"allow":["GET"]}}],"collection":[{"href":"https:\/\/www.musique-cordiale.com\/fr\/wp-json\/wp\/v2\/product"}],"about":[{"href":"https:\/\/www.musique-cordiale.com\/fr\/wp-json\/wp\/v2\/types\/product"}],"wp:featuredmedia":[{"embeddable":true,"href":"https:\/\/www.musique-cordiale.com\/fr\/wp-json\/wp\/v2\/media\/16189"}],"wp:attachment":[{"href":"https:\/\/www.musique-cordiale.com\/fr\/wp-json\/wp\/v2\/media?parent=15053"}],"wp:term":[{"taxonomy":"product_brand","embeddable":true,"href":"https:\/\/www.musique-cordiale.com\/fr\/wp-json\/wp\/v2\/product_brand?post=15053"},{"taxonomy":"product_cat","embeddable":true,"href":"https:\/\/www.musique-cordiale.com\/fr\/wp-json\/wp\/v2\/product_cat?post=15053"},{"taxonomy":"product_tag","embeddable":true,"href":"https:\/\/www.musique-cordiale.com\/fr\/wp-json\/wp\/v2\/product_tag?post=15053"},{"taxonomy":"venue","embeddable":true,"href":"https:\/\/www.musique-cordiale.com\/fr\/wp-json\/wp\/v2\/venue?post=15053"}],"curies":[{"name":"wp","href":"https:\/\/api.w.org\/{rel}","templated":true}]}}