{"id":19866,"date":"2018-03-26T13:03:49","date_gmt":"2018-03-26T13:53:48","guid":{"rendered":"https:\/\/www.musique-cordiale.com\/?post_type=product&#038;p=19866"},"modified":"2019-08-18T10:28:20","modified_gmt":"2019-08-18T10:28:20","slug":"billet-fete-allemande-des-voix-chorales-a-cappella-de-bach-schutz-seillans-10-aout-2018","status":"publish","type":"product","link":"https:\/\/www.musique-cordiale.com\/fr\/boutique-billetterie\/billet-fete-allemande-des-voix-chorales-a-cappella-de-bach-schutz-seillans-10-aout-2018\/","title":{"rendered":"F\u00eate allemande des voix chorales: \u00abA cappella\u00bb de Bach &#038; Schutz"},"content":{"rendered":"<p>Concert a cappella: A German Feast of Choral Voices<\/p>\n<p><strong>Choeur du Festival Musique Cordiale<br \/>\nDirection: Graham Ross<br \/>\n<\/strong>J S Bach \u201cJesu meine Freude\u201d<br \/>\nSchutz Deutsches Magnificat<br \/>\nSchutz\u00a0\u201cHerr, nun l\u00e4ssest du deinen Diener\u201d<br \/>\nBach \u201cLobet den Herrn\u201d<\/p>\n","protected":false},"excerpt":{"rendered":"<p>Concert a cappella: A German Feast of Choral Voices<\/p>\n<p>Choeur du Festival Musique Cordiale<\/p>\n<p><strong>Direction: Graham Ross<br \/>\n<\/strong>J S Bach \u201cJesu meine Freude\u201d<br \/>\nSchutz Deutsches Magnificat<br \/>\nSchutz\u00a0\u201cHerr, nun l\u00e4ssest du deinen Diener\u201d<br \/>\nBach \u201cLobet den Herrn\u201d<\/p>\n","protected":false},"featured_media":19064,"template":"","meta":{"_acf_changed":false,"_monsterinsights_skip_tracking":false,"_monsterinsights_sitenote_active":false,"_monsterinsights_sitenote_note":"","_monsterinsights_sitenote_category":0,"_uf_show_specific_survey":0,"_uf_disable_surveys":false,"advanced_seo_description":"","jetpack_seo_html_title":"","jetpack_seo_noindex":false},"product_brand":[],"product_cat":[275,224],"product_tag":[263,219],"venue":[226,227],"class_list":{"0":"post-19866","1":"product","2":"type-product","3":"status-publish","4":"has-post-thumbnail","6":"product_cat-billet-varies-fr","7":"product_cat-festival-2018-fr","8":"product_tag-apres-diner","9":"product_tag-billet-fr","10":"venue-eglise-saint-barthelemy","11":"venue-montauroux","13":"first","14":"instock","15":"shipping-taxable","16":"purchasable","17":"product-type-variable"},"acf":[],"jetpack_sharing_enabled":true,"jetpack-related-posts":[{"id":23225,"url":"https:\/\/www.musique-cordiale.com\/programme-tickets\/a-german-feast-of-choral-voices-a-cappella-works-of-bach-schutz\/","url_meta":{"origin":19866,"position":0},"title":"A German Feast of choral voices: &lsquo;A cappella&rsquo; works of Bach &#038; Schutz","author":"Jonathan Barker","date":"26\/03\/2019","format":false,"excerpt":"Concert a cappella: A German Feast of Choral Voices Direction: Graham Ross J S Bach \u201cJesu meine Freude\u201d Schutz Deutsches Magnificat Schutz\u00a0\u201cHerr, nun l\u00e4ssest du deinen Diener\u201d Bach \u201cLobet den Herrn\u201d","rel":"","context":"Article similaire","block_context":{"text":"Article similaire","link":""},"img":{"alt_text":"","src":"https:\/\/i0.wp.com\/www.musique-cordiale.com\/wp-content\/uploads\/2011\/03\/MC-choir-2017-scaled.jpg?fit=1200%2C510&ssl=1&resize=350%2C200","width":350,"height":200,"srcset":"https:\/\/i0.wp.com\/www.musique-cordiale.com\/wp-content\/uploads\/2011\/03\/MC-choir-2017-scaled.jpg?fit=1200%2C510&ssl=1&resize=350%2C200 1x, https:\/\/i0.wp.com\/www.musique-cordiale.com\/wp-content\/uploads\/2011\/03\/MC-choir-2017-scaled.jpg?fit=1200%2C510&ssl=1&resize=525%2C300 1.5x, https:\/\/i0.wp.com\/www.musique-cordiale.com\/wp-content\/uploads\/2011\/03\/MC-choir-2017-scaled.jpg?fit=1200%2C510&ssl=1&resize=700%2C400 2x, https:\/\/i0.wp.com\/www.musique-cordiale.com\/wp-content\/uploads\/2011\/03\/MC-choir-2017-scaled.jpg?fit=1200%2C510&ssl=1&resize=1050%2C600 3x"},"classes":[]},{"id":19853,"url":"https:\/\/www.musique-cordiale.com\/programme-tickets\/billet-a-german-feast-of-choral-voices-a-cappella-works-of-bach-schutz-seillans-10-august-2018\/","url_meta":{"origin":19866,"position":1},"title":"A German Feast of choral voices: &lsquo;A cappella&rsquo; works of Bach &#038; Schutz","author":"Jonathan Barker","date":"26\/03\/2018","format":false,"excerpt":"Concert a cappella: A German Feast of Choral Voices Direction: Graham Ross J S Bach \u201cJesu meine Freude\u201d Schutz Deutsches Magnificat Schutz\u00a0\u201cHerr, nun l\u00e4ssest du deinen Diener\u201d Bach \u201cLobet den Herrn\u201d","rel":"","context":"Article similaire","block_context":{"text":"Article similaire","link":""},"img":{"alt_text":"","src":"https:\/\/i0.wp.com\/www.musique-cordiale.com\/wp-content\/uploads\/2011\/03\/MC-choir-2017-scaled.jpg?fit=1200%2C510&ssl=1&resize=350%2C200","width":350,"height":200,"srcset":"https:\/\/i0.wp.com\/www.musique-cordiale.com\/wp-content\/uploads\/2011\/03\/MC-choir-2017-scaled.jpg?fit=1200%2C510&ssl=1&resize=350%2C200 1x, https:\/\/i0.wp.com\/www.musique-cordiale.com\/wp-content\/uploads\/2011\/03\/MC-choir-2017-scaled.jpg?fit=1200%2C510&ssl=1&resize=525%2C300 1.5x, https:\/\/i0.wp.com\/www.musique-cordiale.com\/wp-content\/uploads\/2011\/03\/MC-choir-2017-scaled.jpg?fit=1200%2C510&ssl=1&resize=700%2C400 2x, https:\/\/i0.wp.com\/www.musique-cordiale.com\/wp-content\/uploads\/2011\/03\/MC-choir-2017-scaled.jpg?fit=1200%2C510&ssl=1&resize=1050%2C600 3x"},"classes":[]},{"id":23363,"url":"https:\/\/www.musique-cordiale.com\/programme-tickets\/2019-08-14-a-cappella-montauroux\/","url_meta":{"origin":19866,"position":2},"title":"TICKET: Concert a Capella &#8211; Montauroux, Wednesday 14 August 2019","author":"Jonathan Barker","date":"27\/03\/2019","format":false,"excerpt":"Mercredi 14\u00a0ao\u00fbt\u00a019.00 Eglise de Montauroux\u00a0 \u00a0 \u00a0 \u00a0 \u00a0 Concert a Capella Ch\u0153ur du Festival Direction: Graham Ross RAMSEY How are the mighty fallen BACH Komm, Jesu, Komm BYRD Ave verum Corpus TALLIS If ye love me LAURIDSEN O Magnum Mysterium MARTIN Messe pour double ch\u0153ur\u00a020\u20ac \/ 30\u20ac(premium)","rel":"","context":"Article similaire","block_context":{"text":"Article similaire","link":""},"img":{"alt_text":"","src":"","width":0,"height":0},"classes":[]},{"id":23367,"url":"https:\/\/www.musique-cordiale.com\/fr\/boutique-billetterie\/2019-08-14-a-cappella-montauroux\/","url_meta":{"origin":19866,"position":3},"title":"BILLET: Concert a Capella &#8211; Montauroux, mercredi 14 ao\u00fbt 2019","author":"Jonathan Barker","date":"27\/03\/2019","format":false,"excerpt":"Mercredi 14\u00a0ao\u00fbt\u00a019.00 Eglise de Montauroux\u00a0 \u00a0 \u00a0 \u00a0 \u00a0 Concert a Capella Ch\u0153ur du Festival Direction: Graham Ross RAMSEY How are the mighty fallen BACH Komm, Jesu, Komm BYRD Ave verum Corpus TALLIS If ye love me LAURIDSEN O Magnum Mysterium MARTIN Messe pour double ch\u0153ur\u00a020\u20ac \/ 30\u20ac(premium)","rel":"","context":"Article similaire","block_context":{"text":"Article similaire","link":""},"img":{"alt_text":"","src":"","width":0,"height":0},"classes":[]},{"id":48587,"url":"https:\/\/www.musique-cordiale.com\/fr\/boutique-billetterie\/8-aout-2025-concerts-a-12h30-eglise-de-seillans-a-capella-anniversaires-a-travers-les-ages-et-a-19h-eglise-de-st-paul-en-foret-le-virtuose\/","url_meta":{"origin":19866,"position":4},"title":"&lsquo;A Cappella&rsquo; : Anniversaires \u00e0 travers les \u00e2ges, D\u00e9licieux CONCERT CHORAL GRATUIT \u00e0 l&rsquo;\u00c9GLISE DE SEILLANS, le 8 ao\u00fbt 2025, 12h30","author":"Jonathan Barker","date":"21\/04\/2025","format":false,"excerpt":"D\u00e9licieux concert choral a cappella - \u00ab\u00a02025\u00a0: Anniversaires \u00e0 travers les \u00e2ges\u00a0\u00bb \u00c9glise de SEILLANS, 12h30 o Palestrina - Sicut Cervus o Blitheman - In Pace o Gibbons - O Clap Your Hands o Scarlatti - Exulate Deo o Coleridge-Taylor - All My Stars Forsake Me o Bennett - Come\u2026","rel":"","context":"Article similaire","block_context":{"text":"Article similaire","link":""},"img":{"alt_text":"","src":"https:\/\/i0.wp.com\/www.musique-cordiale.com\/wp-content\/uploads\/2025\/04\/IMG-20250423-WA00151-choir-rehearsal-2024.jpg?fit=1200%2C469&ssl=1&resize=350%2C200","width":350,"height":200,"srcset":"https:\/\/i0.wp.com\/www.musique-cordiale.com\/wp-content\/uploads\/2025\/04\/IMG-20250423-WA00151-choir-rehearsal-2024.jpg?fit=1200%2C469&ssl=1&resize=350%2C200 1x, https:\/\/i0.wp.com\/www.musique-cordiale.com\/wp-content\/uploads\/2025\/04\/IMG-20250423-WA00151-choir-rehearsal-2024.jpg?fit=1200%2C469&ssl=1&resize=525%2C300 1.5x, https:\/\/i0.wp.com\/www.musique-cordiale.com\/wp-content\/uploads\/2025\/04\/IMG-20250423-WA00151-choir-rehearsal-2024.jpg?fit=1200%2C469&ssl=1&resize=700%2C400 2x, https:\/\/i0.wp.com\/www.musique-cordiale.com\/wp-content\/uploads\/2025\/04\/IMG-20250423-WA00151-choir-rehearsal-2024.jpg?fit=1200%2C469&ssl=1&resize=1050%2C600 3x"},"classes":[]},{"id":39431,"url":"https:\/\/www.musique-cordiale.com\/fr\/boutique-billetterie\/11-august-2023festival-choral-a-tourettes-concert-choral-a-cappella\/","url_meta":{"origin":19866,"position":5},"title":"\u00ab\u00a0FESTIVAL\u00a0CHORAL\u00a0\u00c0 TOURRETTES\u00a0\u00bb : Concert choral et instrumental &#8211; a cappella et plus","author":"Jonathan Barker","date":"25\/05\/2023","format":false,"excerpt":"FESTIVAL CHORAL \u00c0 TOURRETTES | Concert choral a cappella, dirig\u00e9 par Graham Ross et accompagn\u00e9 par la pianiste Rebecca Taylor avec un interm\u00e8de instrumental solo, comprenant un r\u00e9pertoire de Purcell, Elgar, Schubert, Walton, Harris Rutter et Mozart.","rel":"","context":"Article similaire","block_context":{"text":"Article similaire","link":""},"img":{"alt_text":"","src":"https:\/\/i0.wp.com\/www.musique-cordiale.com\/wp-content\/uploads\/2018\/02\/MC-choristes.jpg?fit=562%2C300&ssl=1&resize=350%2C200","width":350,"height":200,"srcset":"https:\/\/i0.wp.com\/www.musique-cordiale.com\/wp-content\/uploads\/2018\/02\/MC-choristes.jpg?fit=562%2C300&ssl=1&resize=350%2C200 1x, https:\/\/i0.wp.com\/www.musique-cordiale.com\/wp-content\/uploads\/2018\/02\/MC-choristes.jpg?fit=562%2C300&ssl=1&resize=525%2C300 1.5x"},"classes":[]}],"_links":{"self":[{"href":"https:\/\/www.musique-cordiale.com\/fr\/wp-json\/wp\/v2\/product\/19866","targetHints":{"allow":["GET"]}}],"collection":[{"href":"https:\/\/www.musique-cordiale.com\/fr\/wp-json\/wp\/v2\/product"}],"about":[{"href":"https:\/\/www.musique-cordiale.com\/fr\/wp-json\/wp\/v2\/types\/product"}],"wp:featuredmedia":[{"embeddable":true,"href":"https:\/\/www.musique-cordiale.com\/fr\/wp-json\/wp\/v2\/media\/19064"}],"wp:attachment":[{"href":"https:\/\/www.musique-cordiale.com\/fr\/wp-json\/wp\/v2\/media?parent=19866"}],"wp:term":[{"taxonomy":"product_brand","embeddable":true,"href":"https:\/\/www.musique-cordiale.com\/fr\/wp-json\/wp\/v2\/product_brand?post=19866"},{"taxonomy":"product_cat","embeddable":true,"href":"https:\/\/www.musique-cordiale.com\/fr\/wp-json\/wp\/v2\/product_cat?post=19866"},{"taxonomy":"product_tag","embeddable":true,"href":"https:\/\/www.musique-cordiale.com\/fr\/wp-json\/wp\/v2\/product_tag?post=19866"},{"taxonomy":"venue","embeddable":true,"href":"https:\/\/www.musique-cordiale.com\/fr\/wp-json\/wp\/v2\/venue?post=19866"}],"curies":[{"name":"wp","href":"https:\/\/api.w.org\/{rel}","templated":true}]}}