{"id":20313,"date":"2018-04-16T10:02:39","date_gmt":"2018-04-16T10:02:40","guid":{"rendered":"https:\/\/www.musique-cordiale.com\/?post_type=product&#038;p=20313"},"modified":"2019-08-18T10:28:20","modified_gmt":"2019-08-18T10:28:20","slug":"billet-musique-cordiale-vendredi-late-concert-jazz-speciale-piano-et-voix-22h30-vendredi-3-aout-2018-copy","status":"publish","type":"product","link":"https:\/\/www.musique-cordiale.com\/fr\/boutique-billetterie\/billet-musique-cordiale-vendredi-late-concert-jazz-speciale-piano-et-voix-22h30-vendredi-3-aout-2018-copy\/","title":{"rendered":"&lsquo;Vendredi LATE&rsquo; concert: Jazz speciale: piano et voix"},"content":{"rendered":"<p>Floris Kappeyne,\u00a0<i>piano<br \/>\n<\/i>Isla van Hout,\u00a0<i>voix<br \/>\n<\/i>Tijs Klaassen,\u00a0<i>contrebasse<br \/>\n<\/i>Wouter K\u00fchne,\u00a0<i>percussion<\/i><\/p>\n","protected":false},"excerpt":{"rendered":"<p>Floris Kappeyne,\u00a0<i>piano<br \/>\n<\/i>Isla van Hout,\u00a0<i>voix<br \/>\n<\/i>Tijs Klaassen,\u00a0<i>contrebasse<br \/>\n<\/i>Wouter K\u00fchne,\u00a0<i>percussion<\/i><\/p>\n","protected":false},"featured_media":20004,"template":"","meta":{"_acf_changed":false,"_monsterinsights_skip_tracking":false,"_monsterinsights_sitenote_active":false,"_monsterinsights_sitenote_note":"","_monsterinsights_sitenote_category":0,"_uf_show_specific_survey":0,"_uf_disable_surveys":false,"advanced_seo_description":"","jetpack_seo_html_title":"","jetpack_seo_noindex":false},"product_brand":[],"product_cat":[224],"product_tag":[219],"venue":[223,222],"class_list":{"0":"post-20313","1":"product","2":"type-product","3":"status-publish","4":"has-post-thumbnail","6":"product_cat-festival-2018-fr","7":"product_tag-billet-fr","8":"venue-salle-polyvalente","9":"venue-seillans","11":"first","12":"instock","13":"shipping-taxable","14":"purchasable","15":"product-type-variable"},"acf":[],"jetpack_sharing_enabled":true,"jetpack-related-posts":[{"id":20312,"url":"https:\/\/www.musique-cordiale.com\/programme-tickets\/vendredi-late-concert\/","url_meta":{"origin":20313,"position":0},"title":"&lsquo;Vendredi LATE&rsquo; concert: Jazz special: piano and vocals","author":"Jonathan Barker","date":"16\/04\/2018","format":false,"excerpt":"Floris Kappeyne,\u00a0piano Isla van Hout,\u00a0voix Tijs Klaassen,\u00a0contrebasse Wouter K\u00fchne,\u00a0percussion","rel":"","context":"Article similaire","block_context":{"text":"Article similaire","link":""},"img":{"alt_text":"","src":"https:\/\/i0.wp.com\/www.musique-cordiale.com\/wp-content\/uploads\/2018\/03\/MC2018-Isla-van-Hout.jpg?fit=1152%2C896&ssl=1&resize=350%2C200","width":350,"height":200,"srcset":"https:\/\/i0.wp.com\/www.musique-cordiale.com\/wp-content\/uploads\/2018\/03\/MC2018-Isla-van-Hout.jpg?fit=1152%2C896&ssl=1&resize=350%2C200 1x, https:\/\/i0.wp.com\/www.musique-cordiale.com\/wp-content\/uploads\/2018\/03\/MC2018-Isla-van-Hout.jpg?fit=1152%2C896&ssl=1&resize=525%2C300 1.5x, https:\/\/i0.wp.com\/www.musique-cordiale.com\/wp-content\/uploads\/2018\/03\/MC2018-Isla-van-Hout.jpg?fit=1152%2C896&ssl=1&resize=700%2C400 2x, https:\/\/i0.wp.com\/www.musique-cordiale.com\/wp-content\/uploads\/2018\/03\/MC2018-Isla-van-Hout.jpg?fit=1152%2C896&ssl=1&resize=1050%2C600 3x"},"classes":[]},{"id":21028,"url":"https:\/\/www.musique-cordiale.com\/programme-tickets\/a-musical-garden-party-2018\/","url_meta":{"origin":20313,"position":1},"title":"Classic meets Jazz in the vineyard: a musical Garden Party 2018","author":"Lyndsey","date":"04\/06\/2018","format":false,"excerpt":"CLAVIERS, Domaine de Meaulx A musical Garden Party\u00a0 \u2013 with the Film-maker\u2019s wine 19.00 CONCERT Classical meets intimate Jazz in the Vineyard\u00a0 light early-evening buffet et ap\u00e9ritifs from 18h (parking open from 17:45) Mendelssohn Octet, Jonathan Martindale, violon + Jazz trio: Floris Kappeyne; Tijs Klaassen; Wouter Kuhne Admission to this\u2026","rel":"","context":"Article similaire","block_context":{"text":"Article similaire","link":""},"img":{"alt_text":"","src":"https:\/\/i0.wp.com\/www.musique-cordiale.com\/wp-content\/uploads\/2018\/01\/2017-08-07-12.33.57-edited-scaled.jpg?fit=1200%2C900&ssl=1&resize=350%2C200","width":350,"height":200,"srcset":"https:\/\/i0.wp.com\/www.musique-cordiale.com\/wp-content\/uploads\/2018\/01\/2017-08-07-12.33.57-edited-scaled.jpg?fit=1200%2C900&ssl=1&resize=350%2C200 1x, https:\/\/i0.wp.com\/www.musique-cordiale.com\/wp-content\/uploads\/2018\/01\/2017-08-07-12.33.57-edited-scaled.jpg?fit=1200%2C900&ssl=1&resize=525%2C300 1.5x, https:\/\/i0.wp.com\/www.musique-cordiale.com\/wp-content\/uploads\/2018\/01\/2017-08-07-12.33.57-edited-scaled.jpg?fit=1200%2C900&ssl=1&resize=700%2C400 2x, https:\/\/i0.wp.com\/www.musique-cordiale.com\/wp-content\/uploads\/2018\/01\/2017-08-07-12.33.57-edited-scaled.jpg?fit=1200%2C900&ssl=1&resize=1050%2C600 3x"},"classes":[]},{"id":23204,"url":"https:\/\/www.musique-cordiale.com\/programme-tickets\/classic-meets-jazz-in-the-vineyard-a-musical-garden-party\/","url_meta":{"origin":20313,"position":2},"title":"Classic meets Jazz in the vineyard: a musical Garden Party","author":"Jonathan Barker","date":"26\/03\/2019","format":false,"excerpt":"CLAVIERS, Domaine de Meaulx A musical Garden Party\u00a0 \u2013 with the Film-maker\u2019s wine 19.00 CONCERT Classical meets intimate Jazz in the Vineyard\u00a0 light early-evening buffet et ap\u00e9ritifs from 18h (parking open from 17:45) Mendelssohn Octet, Jonathan Martindale, violon + Jazz trio: Floris Kappeyne; Tijs Klaassen; Wouter Kuhne Admission to this\u2026","rel":"","context":"Article similaire","block_context":{"text":"Article similaire","link":""},"img":{"alt_text":"","src":"https:\/\/i0.wp.com\/www.musique-cordiale.com\/wp-content\/uploads\/2018\/01\/2017-08-07-12.33.57-edited-scaled.jpg?fit=1200%2C900&ssl=1&resize=350%2C200","width":350,"height":200,"srcset":"https:\/\/i0.wp.com\/www.musique-cordiale.com\/wp-content\/uploads\/2018\/01\/2017-08-07-12.33.57-edited-scaled.jpg?fit=1200%2C900&ssl=1&resize=350%2C200 1x, https:\/\/i0.wp.com\/www.musique-cordiale.com\/wp-content\/uploads\/2018\/01\/2017-08-07-12.33.57-edited-scaled.jpg?fit=1200%2C900&ssl=1&resize=525%2C300 1.5x, https:\/\/i0.wp.com\/www.musique-cordiale.com\/wp-content\/uploads\/2018\/01\/2017-08-07-12.33.57-edited-scaled.jpg?fit=1200%2C900&ssl=1&resize=700%2C400 2x, https:\/\/i0.wp.com\/www.musique-cordiale.com\/wp-content\/uploads\/2018\/01\/2017-08-07-12.33.57-edited-scaled.jpg?fit=1200%2C900&ssl=1&resize=1050%2C600 3x"},"classes":[]},{"id":21269,"url":"https:\/\/www.musique-cordiale.com\/fr\/boutique-billetterie\/garden-party-avec-le-vin-des-cineastes\/","url_meta":{"origin":20313,"position":3},"title":"&lsquo;Garden-Party&rsquo; avec le Vin des Cin\u00e9astes &#8211; classique rencontre le jazz","author":"Lyndsey","date":"04\/06\/2018","format":false,"excerpt":"Une Garden-Party avec le vin des cin\u00e9astes: \u00a0buffet l\u00e9ger et ap\u00e9ritifs en d\u00e9but de soir\u00e9e 19.00 CONCERT Classique rencontre jazz intime dans le vignoble \u00a0 apero et apeitifs de 18h\u00a0(parking ouvert de 17:45) Beethoven: Quatuor \u00e0 cordes Op. 18 n\u00b04 Mendelssohn Octet, Jonathan Martindale, violon + Jazz trio: Floris Kappeyne;\u2026","rel":"","context":"Article similaire","block_context":{"text":"Article similaire","link":""},"img":{"alt_text":"","src":"https:\/\/i0.wp.com\/www.musique-cordiale.com\/wp-content\/uploads\/2018\/01\/2017-08-07-12.33.57-edited-scaled.jpg?fit=1200%2C900&ssl=1&resize=350%2C200","width":350,"height":200,"srcset":"https:\/\/i0.wp.com\/www.musique-cordiale.com\/wp-content\/uploads\/2018\/01\/2017-08-07-12.33.57-edited-scaled.jpg?fit=1200%2C900&ssl=1&resize=350%2C200 1x, https:\/\/i0.wp.com\/www.musique-cordiale.com\/wp-content\/uploads\/2018\/01\/2017-08-07-12.33.57-edited-scaled.jpg?fit=1200%2C900&ssl=1&resize=525%2C300 1.5x, https:\/\/i0.wp.com\/www.musique-cordiale.com\/wp-content\/uploads\/2018\/01\/2017-08-07-12.33.57-edited-scaled.jpg?fit=1200%2C900&ssl=1&resize=700%2C400 2x, https:\/\/i0.wp.com\/www.musique-cordiale.com\/wp-content\/uploads\/2018\/01\/2017-08-07-12.33.57-edited-scaled.jpg?fit=1200%2C900&ssl=1&resize=1050%2C600 3x"},"classes":[]},{"id":23301,"url":"https:\/\/www.musique-cordiale.com\/programme-tickets\/billet-soiree-de-jazz-et-classique-en-pleine-aire-saturday-10-august-2019-place-du-valat-seillans\/","url_meta":{"origin":20313,"position":4},"title":"TICKET: Soir\u00e9e de Jazz et Cross-over Classics en pleine aire, Saturday 10 August 2019, Place du Valat, Seillans","author":"Jonathan Barker","date":"26\/03\/2019","format":false,"excerpt":"Samedi 10 ao\u00fbt 21.00 Seillans Place du Valat Soir\u00e9e de Jazz et Cross-over Classics - en pleine aire MOZART Quintette pour piano et vents \"It don't mean a thing if it ain't got that swing\" (Jetse de Jong \u00a0- piano - avec Isla van Hout - voix)","rel":"","context":"Article similaire","block_context":{"text":"Article similaire","link":""},"img":{"alt_text":"","src":"https:\/\/i0.wp.com\/www.musique-cordiale.com\/wp-content\/uploads\/2019\/03\/CQ4A4060-scaled.jpg?fit=1200%2C770&ssl=1&resize=350%2C200","width":350,"height":200,"srcset":"https:\/\/i0.wp.com\/www.musique-cordiale.com\/wp-content\/uploads\/2019\/03\/CQ4A4060-scaled.jpg?fit=1200%2C770&ssl=1&resize=350%2C200 1x, https:\/\/i0.wp.com\/www.musique-cordiale.com\/wp-content\/uploads\/2019\/03\/CQ4A4060-scaled.jpg?fit=1200%2C770&ssl=1&resize=525%2C300 1.5x, https:\/\/i0.wp.com\/www.musique-cordiale.com\/wp-content\/uploads\/2019\/03\/CQ4A4060-scaled.jpg?fit=1200%2C770&ssl=1&resize=700%2C400 2x, https:\/\/i0.wp.com\/www.musique-cordiale.com\/wp-content\/uploads\/2019\/03\/CQ4A4060-scaled.jpg?fit=1200%2C770&ssl=1&resize=1050%2C600 3x"},"classes":[]},{"id":23304,"url":"https:\/\/www.musique-cordiale.com\/fr\/boutique-billetterie\/billet-soiree-de-jazz-et-classique-en-pleine-aire-saturday-10-august-2019-place-du-valat-seillans\/","url_meta":{"origin":20313,"position":5},"title":"BILLET: Soir\u00e9e de Jazz et Cross-over Classics en pleine aire, samedi 10 ao\u00fbt 2019, Place du Valat, Seillans","author":"Jonathan Barker","date":"26\/03\/2019","format":false,"excerpt":"Samedi 10 ao\u00fbt 21.00 Seillans Place du Valat Soir\u00e9e de Jazz et Cross-over Classics - en pleine aire MOZART Quintette pour piano et vents \"It don't mean a thing if it ain't got that swing\" (Jetse de Jong \u00a0- piano - avec Isla van Hout - voix)","rel":"","context":"Article similaire","block_context":{"text":"Article similaire","link":""},"img":{"alt_text":"","src":"https:\/\/i0.wp.com\/www.musique-cordiale.com\/wp-content\/uploads\/2019\/03\/CQ4A4060-scaled.jpg?fit=1200%2C770&ssl=1&resize=350%2C200","width":350,"height":200,"srcset":"https:\/\/i0.wp.com\/www.musique-cordiale.com\/wp-content\/uploads\/2019\/03\/CQ4A4060-scaled.jpg?fit=1200%2C770&ssl=1&resize=350%2C200 1x, https:\/\/i0.wp.com\/www.musique-cordiale.com\/wp-content\/uploads\/2019\/03\/CQ4A4060-scaled.jpg?fit=1200%2C770&ssl=1&resize=525%2C300 1.5x, https:\/\/i0.wp.com\/www.musique-cordiale.com\/wp-content\/uploads\/2019\/03\/CQ4A4060-scaled.jpg?fit=1200%2C770&ssl=1&resize=700%2C400 2x, https:\/\/i0.wp.com\/www.musique-cordiale.com\/wp-content\/uploads\/2019\/03\/CQ4A4060-scaled.jpg?fit=1200%2C770&ssl=1&resize=1050%2C600 3x"},"classes":[]}],"_links":{"self":[{"href":"https:\/\/www.musique-cordiale.com\/fr\/wp-json\/wp\/v2\/product\/20313","targetHints":{"allow":["GET"]}}],"collection":[{"href":"https:\/\/www.musique-cordiale.com\/fr\/wp-json\/wp\/v2\/product"}],"about":[{"href":"https:\/\/www.musique-cordiale.com\/fr\/wp-json\/wp\/v2\/types\/product"}],"wp:featuredmedia":[{"embeddable":true,"href":"https:\/\/www.musique-cordiale.com\/fr\/wp-json\/wp\/v2\/media\/20004"}],"wp:attachment":[{"href":"https:\/\/www.musique-cordiale.com\/fr\/wp-json\/wp\/v2\/media?parent=20313"}],"wp:term":[{"taxonomy":"product_brand","embeddable":true,"href":"https:\/\/www.musique-cordiale.com\/fr\/wp-json\/wp\/v2\/product_brand?post=20313"},{"taxonomy":"product_cat","embeddable":true,"href":"https:\/\/www.musique-cordiale.com\/fr\/wp-json\/wp\/v2\/product_cat?post=20313"},{"taxonomy":"product_tag","embeddable":true,"href":"https:\/\/www.musique-cordiale.com\/fr\/wp-json\/wp\/v2\/product_tag?post=20313"},{"taxonomy":"venue","embeddable":true,"href":"https:\/\/www.musique-cordiale.com\/fr\/wp-json\/wp\/v2\/venue?post=20313"}],"curies":[{"name":"wp","href":"https:\/\/api.w.org\/{rel}","templated":true}]}}