{"id":20415,"date":"2018-04-20T09:35:39","date_gmt":"2018-04-20T09:35:40","guid":{"rendered":"https:\/\/www.musique-cordiale.com\/?post_type=product&#038;p=20415"},"modified":"2019-08-18T10:28:20","modified_gmt":"2019-08-18T10:28:20","slug":"billet-y-compris-diner-vin-et-musique-en-pleine-aire-chapelle-des-selves-seillans-lundi-30-juillet-2018-copy-2","status":"publish","type":"product","link":"https:\/\/www.musique-cordiale.com\/fr\/boutique-billetterie\/billet-y-compris-diner-vin-et-musique-en-pleine-aire-chapelle-des-selves-seillans-lundi-30-juillet-2018-copy-2\/","title":{"rendered":"Soir\u00e9e Musique, D\u00eener et Vin, en pleine aire"},"content":{"rendered":"<p>Charlotte King, <i>voix<br \/>\n<\/i>Rebecca Taylor, <i>piano<br \/>\n<\/i>Martin Ludenbach, <i>contrebasse<br \/>\n<\/i>Stephen Spender,\u00a0 &lsquo;singer-song-writer,\u00a0<i>guitare et voix<\/i><\/p>\n<h6><strong>vin<\/strong> de Domaine Val d&rsquo;Iris, Domaine de Meaulx et Domaine Grande Bastide<\/h6>\n<p>Exclusivement sur r\u00e9servation pr\u00e9alable.<br \/>\nPRIX REDUIT POUR LES AMIS DU FESTIVAL (r\u00e9servez avant le 10 juillet pour r\u00e9duction suppl\u00e9mentaire)<\/p>\n<p>&nbsp;<\/p>\n","protected":false},"excerpt":{"rendered":"<p>Charlotte King, <i>voix<br \/>\n<\/i>Rebecca Taylor, <i>piano<br \/>\n<\/i>Martin Ludenbach, <i>contrebasse<br \/>\n<\/i>Stephen Spender,\u00a0 singer-song-writer,\u00a0<i>guitare et voix<\/i><\/p>\n<h6><strong>vin<\/strong> de Domaine Val d&rsquo;Iris, Domaine de Meaulx et Domaine Grande Bastide<\/h6>\n<p>Exclusivement sur r\u00e9servation pr\u00e9alable.<br \/>\nPRIX REDUIT POUR LES AMIS DU FESTIVAL (r\u00e9servez avant le 10 juillet pour r\u00e9duction suppl\u00e9mentaire)<\/p>\n","protected":false},"featured_media":18591,"template":"","meta":{"_acf_changed":false,"_monsterinsights_skip_tracking":false,"_monsterinsights_sitenote_active":false,"_monsterinsights_sitenote_note":"","_monsterinsights_sitenote_category":0,"_uf_show_specific_survey":0,"_uf_disable_surveys":false,"advanced_seo_description":"","jetpack_seo_html_title":"","jetpack_seo_noindex":false},"product_brand":[],"product_cat":[224],"product_tag":[219],"venue":[158,222],"class_list":{"0":"post-20415","1":"product","2":"type-product","3":"status-publish","4":"has-post-thumbnail","6":"product_cat-festival-2018-fr","7":"product_tag-billet-fr","8":"venue-en-plein-air-a-la-chapelle-des-selves","9":"venue-seillans","11":"first","12":"instock","13":"shipping-taxable","14":"purchasable","15":"product-type-variable"},"acf":[],"jetpack_sharing_enabled":true,"jetpack-related-posts":[{"id":20414,"url":"https:\/\/www.musique-cordiale.com\/programme-tickets\/music-dinner-wine-evening-30-july-2018\/","url_meta":{"origin":20415,"position":0},"title":"Music, dinner and wine evening","author":"Jonathan Barker","date":"20\/04\/2018","format":false,"excerpt":"Charlotte King, voix Stephen Spender,\u00a0guitare et voix Rebecca Taylor, piano Martin Ludenbach, contrebasse vin de Domaine Val d'Iris, Domaine de Meaulx et Domaine Grande Bastide Exclusively by prior reservation. REDUCED PRICE FOR FRIENDS OF THE FESTIVAL (book before July 10 for additional Early Bird discount)","rel":"","context":"Article similaire","block_context":{"text":"Article similaire","link":""},"img":{"alt_text":"","src":"https:\/\/i0.wp.com\/www.musique-cordiale.com\/wp-content\/uploads\/2017\/09\/CQ4A0467-scaled.jpg?fit=1200%2C800&ssl=1&resize=350%2C200","width":350,"height":200,"srcset":"https:\/\/i0.wp.com\/www.musique-cordiale.com\/wp-content\/uploads\/2017\/09\/CQ4A0467-scaled.jpg?fit=1200%2C800&ssl=1&resize=350%2C200 1x, https:\/\/i0.wp.com\/www.musique-cordiale.com\/wp-content\/uploads\/2017\/09\/CQ4A0467-scaled.jpg?fit=1200%2C800&ssl=1&resize=525%2C300 1.5x, https:\/\/i0.wp.com\/www.musique-cordiale.com\/wp-content\/uploads\/2017\/09\/CQ4A0467-scaled.jpg?fit=1200%2C800&ssl=1&resize=700%2C400 2x, https:\/\/i0.wp.com\/www.musique-cordiale.com\/wp-content\/uploads\/2017\/09\/CQ4A0467-scaled.jpg?fit=1200%2C800&ssl=1&resize=1050%2C600 3x"},"classes":[]},{"id":23290,"url":"https:\/\/www.musique-cordiale.com\/fr\/boutique-billetterie\/ticket-soiree-musique-au-vignoble-12-august-2019-domaine-val-diris-seillans\/","url_meta":{"origin":20415,"position":1},"title":"BILLET: Soir\u00e9e Musique au Vignoble, (de 18h pour 19h), 12 ao\u00fbt 2019, Domaine Val d&rsquo;Iris, Seillans","author":"Jonathan Barker","date":"26\/03\/2019","format":false,"excerpt":"Lundi 12 a\u00f4ut 18.00 (pour 19h) Seillans\u00a0 Domaine Val d\u2019Iris\u00a0 \u00a0 \u00a0 \u00a0 \u00a0\u00a0 (y compris ap\u00e9ritifs et petit buffet l\u00e9ger) Soir\u00e9e Musique au Vignoble Toby Hession \u2013 piano, Isabel Pfefferkorn \u2013 voix 30\u20ac(Amis)\u00a0\/ 25\u20ac (choeur suelement)\u00a0 50\u20ac (standard)\u00a0(prix special jusqu'a 30 juillet: 40\u20ac) Des rafra\u00eechissements seront servis dans l'intervalle;\u2026","rel":"","context":"Article similaire","block_context":{"text":"Article similaire","link":""},"img":{"alt_text":"","src":"https:\/\/i0.wp.com\/www.musique-cordiale.com\/wp-content\/uploads\/2019\/03\/Van-dIris-concert-20140804_195100-scaled.jpg?fit=1200%2C675&ssl=1&resize=350%2C200","width":350,"height":200,"srcset":"https:\/\/i0.wp.com\/www.musique-cordiale.com\/wp-content\/uploads\/2019\/03\/Van-dIris-concert-20140804_195100-scaled.jpg?fit=1200%2C675&ssl=1&resize=350%2C200 1x, https:\/\/i0.wp.com\/www.musique-cordiale.com\/wp-content\/uploads\/2019\/03\/Van-dIris-concert-20140804_195100-scaled.jpg?fit=1200%2C675&ssl=1&resize=525%2C300 1.5x, https:\/\/i0.wp.com\/www.musique-cordiale.com\/wp-content\/uploads\/2019\/03\/Van-dIris-concert-20140804_195100-scaled.jpg?fit=1200%2C675&ssl=1&resize=700%2C400 2x, https:\/\/i0.wp.com\/www.musique-cordiale.com\/wp-content\/uploads\/2019\/03\/Van-dIris-concert-20140804_195100-scaled.jpg?fit=1200%2C675&ssl=1&resize=1050%2C600 3x"},"classes":[]},{"id":44911,"url":"https:\/\/www.musique-cordiale.com\/fr\/boutique-billetterie\/concert-fund-raiser-to-launch-the-2024-festival\/","url_meta":{"origin":20415,"position":2},"title":"30 juillet 2024, 19h: Concert et &lsquo;SOIR\u00c9E MUSICALE&rsquo; pour lancer le Festival Musique-Cordiale 2024: Musique, Vin et d\u00e9licieux ap\u00e9ritif dinatoire","author":"Jonathan Barker","date":"31\/03\/2024","format":false,"excerpt":"Rebecca Hardwick, soprano | Aidan Coburn, t\u00e9nor | Rebecca Taylor, piano | Will Harris, violoncelle | James Heathcote, violoncelle | Les musiciens du Festival 2024 |Concert de Gala et D\u00eener dans le cadre champ\u00eatre du Domaine Val d\u2019Iris pour la pr\u00e9sentation de nos merveilleux artistes qui se produiront au cours\u2026","rel":"","context":"Article similaire","block_context":{"text":"Article similaire","link":""},"img":{"alt_text":"","src":"https:\/\/i0.wp.com\/www.musique-cordiale.com\/wp-content\/uploads\/2019\/03\/Van-dIris-concert-20140804_195100-scaled.jpg?fit=1200%2C675&ssl=1&resize=350%2C200","width":350,"height":200,"srcset":"https:\/\/i0.wp.com\/www.musique-cordiale.com\/wp-content\/uploads\/2019\/03\/Van-dIris-concert-20140804_195100-scaled.jpg?fit=1200%2C675&ssl=1&resize=350%2C200 1x, https:\/\/i0.wp.com\/www.musique-cordiale.com\/wp-content\/uploads\/2019\/03\/Van-dIris-concert-20140804_195100-scaled.jpg?fit=1200%2C675&ssl=1&resize=525%2C300 1.5x, https:\/\/i0.wp.com\/www.musique-cordiale.com\/wp-content\/uploads\/2019\/03\/Van-dIris-concert-20140804_195100-scaled.jpg?fit=1200%2C675&ssl=1&resize=700%2C400 2x, https:\/\/i0.wp.com\/www.musique-cordiale.com\/wp-content\/uploads\/2019\/03\/Van-dIris-concert-20140804_195100-scaled.jpg?fit=1200%2C675&ssl=1&resize=1050%2C600 3x"},"classes":[]},{"id":23286,"url":"https:\/\/www.musique-cordiale.com\/programme-tickets\/ticket-soiree-musique-au-vignoble-12-august-2019-domaine-val-diris-seillans\/","url_meta":{"origin":20415,"position":3},"title":"TICKET: Soir\u00e9e Musique au Vignoble, (de 18h pour 19h),12 August 2019, Domaine Val d&rsquo;Iris, Seillans","author":"Jonathan Barker","date":"26\/03\/2019","format":false,"excerpt":"Lundi 12 a\u00f4ut 18.00 (pour 19h) Seillans\u00a0 Domaine Val d\u2019Iris\u00a0 \u00a0 \u00a0 \u00a0 \u00a0\u00a0 (y compris ap\u00e9ritifs et petit buffet l\u00e9ger) Soir\u00e9e Musique au Vignoble Toby Hession \u2013 piano, Isabel Pfefferkorn \u2013 voix 30\u20ac(Amis)\u00a0\/ 25\u20ac (choir only)\u00a0 50\u20ac (standard)\u00a0 special price of 40\u20ac ends 30 July\u00a0\u2013 uniquement sur reservation\u00a0R\u00e9servez t\u00f4t:\u2026","rel":"","context":"Article similaire","block_context":{"text":"Article similaire","link":""},"img":{"alt_text":"","src":"https:\/\/i0.wp.com\/www.musique-cordiale.com\/wp-content\/uploads\/2019\/03\/Van-dIris-concert-20140804_195100-scaled.jpg?fit=1200%2C675&ssl=1&resize=350%2C200","width":350,"height":200,"srcset":"https:\/\/i0.wp.com\/www.musique-cordiale.com\/wp-content\/uploads\/2019\/03\/Van-dIris-concert-20140804_195100-scaled.jpg?fit=1200%2C675&ssl=1&resize=350%2C200 1x, https:\/\/i0.wp.com\/www.musique-cordiale.com\/wp-content\/uploads\/2019\/03\/Van-dIris-concert-20140804_195100-scaled.jpg?fit=1200%2C675&ssl=1&resize=525%2C300 1.5x, https:\/\/i0.wp.com\/www.musique-cordiale.com\/wp-content\/uploads\/2019\/03\/Van-dIris-concert-20140804_195100-scaled.jpg?fit=1200%2C675&ssl=1&resize=700%2C400 2x, https:\/\/i0.wp.com\/www.musique-cordiale.com\/wp-content\/uploads\/2019\/03\/Van-dIris-concert-20140804_195100-scaled.jpg?fit=1200%2C675&ssl=1&resize=1050%2C600 3x"},"classes":[]},{"id":39412,"url":"https:\/\/www.musique-cordiale.com\/fr\/boutique-billetterie\/9-august-2023-soiree-opera-musique-vin-au-domaine-viticole\/","url_meta":{"origin":20415,"position":4},"title":"SOIR\u00c9E OP\u00c9RA MUSIQUE &#038; VIN AU DOMAINE VITICOLE, Domaine Val-d\u2019Iris, 21h","author":"Jonathan Barker","date":"25\/05\/2023","format":false,"excerpt":"SOIR\u00c9E OP\u00c9RA: MUSIQUE & VIN AU DOMAINE VITICOLE | interpr\u00e8tent des airs semi-sc\u00e9niques d'op\u00e9ras tr\u00e8s appr\u00e9ci\u00e9s dans le cadre ext\u00e9rieur pittoresque du Domaine Viticole Val D'Iris","rel":"","context":"Article similaire","block_context":{"text":"Article similaire","link":""},"img":{"alt_text":"","src":"https:\/\/i0.wp.com\/www.musique-cordiale.com\/wp-content\/uploads\/2023\/05\/WhatsApp-Image-2023-01-20-at-14.57.35.jpeg?fit=1200%2C583&ssl=1&resize=350%2C200","width":350,"height":200,"srcset":"https:\/\/i0.wp.com\/www.musique-cordiale.com\/wp-content\/uploads\/2023\/05\/WhatsApp-Image-2023-01-20-at-14.57.35.jpeg?fit=1200%2C583&ssl=1&resize=350%2C200 1x, https:\/\/i0.wp.com\/www.musique-cordiale.com\/wp-content\/uploads\/2023\/05\/WhatsApp-Image-2023-01-20-at-14.57.35.jpeg?fit=1200%2C583&ssl=1&resize=525%2C300 1.5x, https:\/\/i0.wp.com\/www.musique-cordiale.com\/wp-content\/uploads\/2023\/05\/WhatsApp-Image-2023-01-20-at-14.57.35.jpeg?fit=1200%2C583&ssl=1&resize=700%2C400 2x, https:\/\/i0.wp.com\/www.musique-cordiale.com\/wp-content\/uploads\/2023\/05\/WhatsApp-Image-2023-01-20-at-14.57.35.jpeg?fit=1200%2C583&ssl=1&resize=1050%2C600 3x"},"classes":[]},{"id":21269,"url":"https:\/\/www.musique-cordiale.com\/fr\/boutique-billetterie\/garden-party-avec-le-vin-des-cineastes\/","url_meta":{"origin":20415,"position":5},"title":"&lsquo;Garden-Party&rsquo; avec le Vin des Cin\u00e9astes &#8211; classique rencontre le jazz","author":"Lyndsey","date":"04\/06\/2018","format":false,"excerpt":"Une Garden-Party avec le vin des cin\u00e9astes: \u00a0buffet l\u00e9ger et ap\u00e9ritifs en d\u00e9but de soir\u00e9e 19.00 CONCERT Classique rencontre jazz intime dans le vignoble \u00a0 apero et apeitifs de 18h\u00a0(parking ouvert de 17:45) Beethoven: Quatuor \u00e0 cordes Op. 18 n\u00b04 Mendelssohn Octet, Jonathan Martindale, violon + Jazz trio: Floris Kappeyne;\u2026","rel":"","context":"Article similaire","block_context":{"text":"Article similaire","link":""},"img":{"alt_text":"","src":"https:\/\/i0.wp.com\/www.musique-cordiale.com\/wp-content\/uploads\/2018\/01\/2017-08-07-12.33.57-edited-scaled.jpg?fit=1200%2C900&ssl=1&resize=350%2C200","width":350,"height":200,"srcset":"https:\/\/i0.wp.com\/www.musique-cordiale.com\/wp-content\/uploads\/2018\/01\/2017-08-07-12.33.57-edited-scaled.jpg?fit=1200%2C900&ssl=1&resize=350%2C200 1x, https:\/\/i0.wp.com\/www.musique-cordiale.com\/wp-content\/uploads\/2018\/01\/2017-08-07-12.33.57-edited-scaled.jpg?fit=1200%2C900&ssl=1&resize=525%2C300 1.5x, https:\/\/i0.wp.com\/www.musique-cordiale.com\/wp-content\/uploads\/2018\/01\/2017-08-07-12.33.57-edited-scaled.jpg?fit=1200%2C900&ssl=1&resize=700%2C400 2x, https:\/\/i0.wp.com\/www.musique-cordiale.com\/wp-content\/uploads\/2018\/01\/2017-08-07-12.33.57-edited-scaled.jpg?fit=1200%2C900&ssl=1&resize=1050%2C600 3x"},"classes":[]}],"_links":{"self":[{"href":"https:\/\/www.musique-cordiale.com\/fr\/wp-json\/wp\/v2\/product\/20415","targetHints":{"allow":["GET"]}}],"collection":[{"href":"https:\/\/www.musique-cordiale.com\/fr\/wp-json\/wp\/v2\/product"}],"about":[{"href":"https:\/\/www.musique-cordiale.com\/fr\/wp-json\/wp\/v2\/types\/product"}],"wp:featuredmedia":[{"embeddable":true,"href":"https:\/\/www.musique-cordiale.com\/fr\/wp-json\/wp\/v2\/media\/18591"}],"wp:attachment":[{"href":"https:\/\/www.musique-cordiale.com\/fr\/wp-json\/wp\/v2\/media?parent=20415"}],"wp:term":[{"taxonomy":"product_brand","embeddable":true,"href":"https:\/\/www.musique-cordiale.com\/fr\/wp-json\/wp\/v2\/product_brand?post=20415"},{"taxonomy":"product_cat","embeddable":true,"href":"https:\/\/www.musique-cordiale.com\/fr\/wp-json\/wp\/v2\/product_cat?post=20415"},{"taxonomy":"product_tag","embeddable":true,"href":"https:\/\/www.musique-cordiale.com\/fr\/wp-json\/wp\/v2\/product_tag?post=20415"},{"taxonomy":"venue","embeddable":true,"href":"https:\/\/www.musique-cordiale.com\/fr\/wp-json\/wp\/v2\/venue?post=20415"}],"curies":[{"name":"wp","href":"https:\/\/api.w.org\/{rel}","templated":true}]}}