{"id":20593,"date":"2018-04-28T14:37:24","date_gmt":"2018-04-28T14:37:24","guid":{"rendered":"https:\/\/www.musique-cordiale.com\/?post_type=product&#038;p=20593"},"modified":"2019-08-18T10:28:14","modified_gmt":"2019-08-18T10:28:14","slug":"billet-diner-individuel-1-aout-2018-veuillez-vous-inscrire-comme-membre-en-premier-copy-copy-copy-copy","status":"publish","type":"product","link":"https:\/\/www.musique-cordiale.com\/fr\/boutique-billetterie\/billet-diner-individuel-1-aout-2018-veuillez-vous-inscrire-comme-membre-en-premier-copy-copy-copy-copy\/","title":{"rendered":"BILLET D\u00eener individuel 10 ao\u00fbt 2018 (veuillez vous inscrire comme membre en premier)"},"content":{"rendered":"<p>Des d\u00eeners sont pr\u00e9vus pour les chanteurs et les joueurs de la chorale ou de l&rsquo;orchestre du Festival et pour leurs invit\u00e9s, pour les membres de l&rsquo;\u00e9quipe de b\u00e9n\u00e9voles qui g\u00e8rent le festival et pour les membres du public qui souhaitent les rejoindre pour le d\u00eener. Ces repas du soir sont fournis pendant le festival du 1 au 11 ao\u00fbt, principalement \u00e0 Seillans apr\u00e8s le concert du soir (c&rsquo;est-\u00e0-dire normalement vers 21h30 en face de la Salle Polyvalente) bien que certains soient offerts ailleurs. <strong>Les tickets de d\u00eener peuvent \u00eatre achet\u00e9s individuellement (30 \u20ac)<\/strong>. Ils sont en vente SEULEMENT aux membres (y compris les Amis) de L&rsquo;association Musique Cordiale. Si vous n&rsquo;\u00eates pas encore membre ou ami, <a href=\"https:\/\/www.musique-cordiale.com\/fr\/soutenez-nous\/adherents-amis-mecenes\/\" target=\"_blank\" rel=\"noopener\"><strong><em>veuillez vous inscrire et acheter votre adh\u00e9sion<\/em><\/strong> <em><strong>ICI<\/strong><\/em><\/a> en premier.<\/p>\n<h6>(Les membres peuvent \u00e9galement acheter un <strong>forfait de 8 d\u00eeners (pour 180 \u20ac)<\/strong> Le forfait couvre 8 repas pendant que la chorale r\u00e9p\u00e8te et joue, ne comprenant que des soir\u00e9es s\u00e9lectionn\u00e9es du 3 ao\u00fbt au 11 ao\u00fbt.<\/h6>\n","protected":false},"excerpt":{"rendered":"<p>Des d\u00eeners sont pr\u00e9vus pour les chanteurs et les joueurs de la chorale ou de l&rsquo;orchestre du Festival et pour leurs invit\u00e9s, pour les membres de l&rsquo;\u00e9quipe de b\u00e9n\u00e9voles qui g\u00e8rent le festival et pour les membres du public qui souhaitent les rejoindre pour le d\u00eener. Ces repas du soir sont fournis pendant le festival du 1 au 11 ao\u00fbt, principalement \u00e0 Seillans apr\u00e8s le concert du soir (c&rsquo;est-\u00e0-dire normalement vers 21h30 en face de la Salle Polyvalente) bien que certains soient offerts ailleurs. <strong>Les tickets de d\u00eener peuvent \u00eatre achet\u00e9s individuellement (30 \u20ac)<\/strong>. Ils sont en vente SEULEMENT aux membres (y compris les Amis) de L&rsquo;association Musique Cordiale. Si vous n&rsquo;\u00eates pas encore membre ou ami, <a href=\"https:\/\/www.musique-cordiale.com\/fr\/soutenez-nous\/adherents-amis-mecenes\/\" target=\"_blank\" rel=\"noopener\"><strong><em>veuillez vous inscrire et acheter votre adh\u00e9sion<\/em><\/strong> <em><strong>ICI<\/strong><\/em><\/a> en premier.<\/p>\n<h6>(Les membres peuvent \u00e9galement acheter un <strong>forfait de 8 d\u00eeners (pour 180 \u20ac)<\/strong> Le forfait couvre 8 repas pendant que la chorale r\u00e9p\u00e8te et joue, ne comprenant que des soir\u00e9es s\u00e9lectionn\u00e9es du 3 ao\u00fbt au 11 ao\u00fbt.<\/h6>\n","protected":false},"featured_media":0,"template":"","meta":{"_acf_changed":false,"_monsterinsights_skip_tracking":false,"_monsterinsights_sitenote_active":false,"_monsterinsights_sitenote_note":"","_monsterinsights_sitenote_category":0,"_uf_show_specific_survey":0,"_uf_disable_surveys":false,"advanced_seo_description":"","jetpack_seo_html_title":"","jetpack_seo_noindex":false},"product_brand":[],"product_cat":[225],"product_tag":[],"venue":[223,222],"class_list":{"0":"post-20593","1":"product","2":"type-product","3":"status-publish","5":"product_cat-uncategorized-fr","6":"venue-salle-polyvalente","7":"venue-seillans","9":"first","10":"outofstock","11":"virtual","12":"purchasable","13":"product-type-simple"},"acf":[],"jetpack_sharing_enabled":true,"jetpack-related-posts":[{"id":24060,"url":"https:\/\/www.musique-cordiale.com\/fr\/boutique-billetterie\/billet-diner-individuel-11-aout-2018-veuillez-vous-inscrire-comme-membre-en-premier-copy\/","url_meta":{"origin":20593,"position":0},"title":"BILLET D\u00eener individuel 9 ao\u00fbt 2019 (veuillez vous inscrire comme membre en premier)","author":"Jonathan Barker","date":"29\/06\/2019","format":false,"excerpt":"Des d\u00eeners sont pr\u00e9vus pour les chanteurs et les joueurs de la chorale ou de l'orchestre du Festival et pour leurs invit\u00e9s, pour les membres de l'\u00e9quipe de b\u00e9n\u00e9voles qui g\u00e8rent le festival et pour les membres du public qui souhaitent les rejoindre pour le d\u00eener. Ces repas du soir\u2026","rel":"","context":"Article similaire","block_context":{"text":"Article similaire","link":""},"img":{"alt_text":"","src":"","width":0,"height":0},"classes":[]},{"id":24066,"url":"https:\/\/www.musique-cordiale.com\/fr\/boutique-billetterie\/billet-diner-individuel-9-aout-2019-veuillez-vous-inscrire-comme-membre-en-premier-copy\/","url_meta":{"origin":20593,"position":1},"title":"BILLET D\u00eener individuel 17 ao\u00fbt 2019 (veuillez vous inscrire comme membre en premier)","author":"Jonathan Barker","date":"29\/06\/2019","format":false,"excerpt":"Des d\u00eeners sont pr\u00e9vus pour les chanteurs et les joueurs de la chorale ou de l'orchestre du Festival et pour leurs invit\u00e9s, pour les membres de l'\u00e9quipe de b\u00e9n\u00e9voles qui g\u00e8rent le festival et pour les membres du public qui souhaitent les rejoindre pour le d\u00eener. Ces repas du soir\u2026","rel":"","context":"Article similaire","block_context":{"text":"Article similaire","link":""},"img":{"alt_text":"","src":"","width":0,"height":0},"classes":[]},{"id":24068,"url":"https:\/\/www.musique-cordiale.com\/fr\/boutique-billetterie\/billet-diner-individuel-17-aout-2019-veuillez-vous-inscrire-comme-membre-en-premier-copy\/","url_meta":{"origin":20593,"position":2},"title":"BILLET D\u00eener individuel 16 ao\u00fbt 2019 (veuillez vous inscrire comme membre en premier)","author":"Jonathan Barker","date":"29\/06\/2019","format":false,"excerpt":"Des d\u00eeners sont pr\u00e9vus pour les chanteurs et les joueurs de la chorale ou de l'orchestre du Festival et pour leurs invit\u00e9s, pour les membres de l'\u00e9quipe de b\u00e9n\u00e9voles qui g\u00e8rent le festival et pour les membres du public qui souhaitent les rejoindre pour le d\u00eener. Ces repas du soir\u2026","rel":"","context":"Article similaire","block_context":{"text":"Article similaire","link":""},"img":{"alt_text":"","src":"","width":0,"height":0},"classes":[]},{"id":20587,"url":"https:\/\/www.musique-cordiale.com\/fr\/boutique-billetterie\/billet-diner-individuel-1-aout-2018-veuillez-vous-inscrire-comme-membre-en-premier-copy\/","url_meta":{"origin":20593,"position":3},"title":"BILLET D\u00eener individuel 2 ao\u00fbt 2018 (veuillez vous inscrire comme membre en premier)","author":"Jonathan Barker","date":"28\/04\/2018","format":false,"excerpt":"Des d\u00eeners sont pr\u00e9vus pour les chanteurs et les joueurs de la chorale ou de l'orchestre du Festival et pour leurs invit\u00e9s, pour les membres de l'\u00e9quipe de b\u00e9n\u00e9voles qui g\u00e8rent le festival et pour les membres du public qui souhaitent les rejoindre pour le d\u00eener. Ces repas du soir\u2026","rel":"","context":"Article similaire","block_context":{"text":"Article similaire","link":""},"img":{"alt_text":"","src":"","width":0,"height":0},"classes":[]},{"id":20589,"url":"https:\/\/www.musique-cordiale.com\/fr\/boutique-billetterie\/billet-diner-individuel-1-aout-2018-veuillez-vous-inscrire-comme-membre-en-premier-copy-copy\/","url_meta":{"origin":20593,"position":4},"title":"BILLET D\u00eener individuel 3 ao\u00fbt 2018 (veuillez vous inscrire comme membre en premier)","author":"Jonathan Barker","date":"28\/04\/2018","format":false,"excerpt":"Des d\u00eeners sont pr\u00e9vus pour les chanteurs et les joueurs de la chorale ou de l'orchestre du Festival et pour leurs invit\u00e9s, pour les membres de l'\u00e9quipe de b\u00e9n\u00e9voles qui g\u00e8rent le festival et pour les membres du public qui souhaitent les rejoindre pour le d\u00eener. Ces repas du soir\u2026","rel":"","context":"Article similaire","block_context":{"text":"Article similaire","link":""},"img":{"alt_text":"","src":"","width":0,"height":0},"classes":[]},{"id":20595,"url":"https:\/\/www.musique-cordiale.com\/fr\/boutique-billetterie\/billet-diner-individuel-1-aout-2018-veuillez-vous-inscrire-comme-membre-en-premier-copy-copy-copy-copy-copy\/","url_meta":{"origin":20593,"position":5},"title":"BILLET D\u00eener individuel 11 ao\u00fbt 2018 (veuillez vous inscrire comme membre en premier)","author":"Jonathan Barker","date":"28\/04\/2018","format":false,"excerpt":"Des d\u00eeners sont pr\u00e9vus pour les chanteurs et les joueurs de la chorale ou de l'orchestre du Festival et pour leurs invit\u00e9s, pour les membres de l'\u00e9quipe de b\u00e9n\u00e9voles qui g\u00e8rent le festival et pour les membres du public qui souhaitent les rejoindre pour le d\u00eener. Ces repas du soir\u2026","rel":"","context":"Article similaire","block_context":{"text":"Article similaire","link":""},"img":{"alt_text":"","src":"","width":0,"height":0},"classes":[]}],"_links":{"self":[{"href":"https:\/\/www.musique-cordiale.com\/fr\/wp-json\/wp\/v2\/product\/20593","targetHints":{"allow":["GET"]}}],"collection":[{"href":"https:\/\/www.musique-cordiale.com\/fr\/wp-json\/wp\/v2\/product"}],"about":[{"href":"https:\/\/www.musique-cordiale.com\/fr\/wp-json\/wp\/v2\/types\/product"}],"wp:attachment":[{"href":"https:\/\/www.musique-cordiale.com\/fr\/wp-json\/wp\/v2\/media?parent=20593"}],"wp:term":[{"taxonomy":"product_brand","embeddable":true,"href":"https:\/\/www.musique-cordiale.com\/fr\/wp-json\/wp\/v2\/product_brand?post=20593"},{"taxonomy":"product_cat","embeddable":true,"href":"https:\/\/www.musique-cordiale.com\/fr\/wp-json\/wp\/v2\/product_cat?post=20593"},{"taxonomy":"product_tag","embeddable":true,"href":"https:\/\/www.musique-cordiale.com\/fr\/wp-json\/wp\/v2\/product_tag?post=20593"},{"taxonomy":"venue","embeddable":true,"href":"https:\/\/www.musique-cordiale.com\/fr\/wp-json\/wp\/v2\/venue?post=20593"}],"curies":[{"name":"wp","href":"https:\/\/api.w.org\/{rel}","templated":true}]}}