{"id":21119,"date":"2018-06-08T16:09:07","date_gmt":"2018-06-08T16:10:24","guid":{"rendered":"https:\/\/www.musique-cordiale.com\/?post_type=product&#038;p=21119"},"modified":"2019-08-18T10:12:55","modified_gmt":"2019-08-18T10:12:55","slug":"les-amours-du-poete","status":"publish","type":"product","link":"https:\/\/www.musique-cordiale.com\/fr\/boutique-billetterie\/les-amours-du-poete\/","title":{"rendered":"Les Amours du Poete"},"content":{"rendered":"<h6><b>CONCERT DE MIDI<\/b><\/h6>\n<h6><b>\u00ab LES AMOURS DU PO\u00c8TE \u00bb<\/b><\/h6>\n<h6><b>Aidan Coburn,\u00a0<\/b><b><i>t\u00e9nor<br \/>\n<\/i><\/b><b>Rebecca Taylor,\u00a0<\/b><b><i>piano<br \/>\n<\/i><\/b><b>Schumann: Dichterliebe<\/b><\/h6>\n<h6><em><strong>Entr\u00e9e Gratuite<\/strong><\/em><strong>\u00a0\u00a0<\/strong><\/h6>\n","protected":false},"excerpt":{"rendered":"<h6><b>CONCERT DE MIDI<\/b><\/h6>\n<h6><b>\u00ab LES AMOURS DU PO\u00c8TE \u00bb<\/b><\/h6>\n<h6><b>Aidan Coburn,\u00a0<\/b><b><i>t\u00e9nor<br \/>\n<\/i><\/b><b>Rebecca Taylor,\u00a0<\/b><b><i>piano<br \/>\n<\/i><\/b><b>Schumann: Dichterliebe<\/b><\/h6>\n<h6><em><strong>Entr\u00e9e Gratuite<\/strong><\/em><strong>\u00a0\u00a0<\/strong><\/h6>\n","protected":false},"featured_media":18277,"template":"","meta":{"_acf_changed":false,"_monsterinsights_skip_tracking":false,"_monsterinsights_sitenote_active":false,"_monsterinsights_sitenote_note":"","_monsterinsights_sitenote_category":0,"_uf_show_specific_survey":0,"_uf_disable_surveys":false,"advanced_seo_description":"","jetpack_seo_html_title":"","jetpack_seo_noindex":false},"product_brand":[],"product_cat":[224],"product_tag":[],"venue":[256,227],"class_list":{"0":"post-21119","1":"product","2":"type-product","3":"status-publish","4":"has-post-thumbnail","6":"product_cat-festival-2018-fr","7":"venue-chapelle-christian-dior","8":"venue-montauroux","10":"first","11":"outofstock","12":"virtual","13":"purchasable","14":"product-type-simple"},"acf":[],"jetpack_sharing_enabled":true,"jetpack-related-posts":[{"id":21118,"url":"https:\/\/www.musique-cordiale.com\/programme-tickets\/les-amours-du-poete\/","url_meta":{"origin":21119,"position":0},"title":"Les Amours du Poete","author":"Lyndsey","date":"08\/06\/2018","format":false,"excerpt":"CONCERT DE MIDI \u00ab LES AMOURS DU PO\u00c8TE \u00bb Aidan Coburn,\u00a0t\u00e9nor Rebecca Taylor,\u00a0piano Schumann: Dichterliebe Free entry","rel":"","context":"Article similaire","block_context":{"text":"Article similaire","link":""},"img":{"alt_text":"","src":"https:\/\/i0.wp.com\/www.musique-cordiale.com\/wp-content\/uploads\/2017\/04\/rebecca-Taylor-piano.jpg?fit=640%2C615&ssl=1&resize=350%2C200","width":350,"height":200,"srcset":"https:\/\/i0.wp.com\/www.musique-cordiale.com\/wp-content\/uploads\/2017\/04\/rebecca-Taylor-piano.jpg?fit=640%2C615&ssl=1&resize=350%2C200 1x, https:\/\/i0.wp.com\/www.musique-cordiale.com\/wp-content\/uploads\/2017\/04\/rebecca-Taylor-piano.jpg?fit=640%2C615&ssl=1&resize=525%2C300 1.5x"},"classes":[]},{"id":39655,"url":"https:\/\/www.musique-cordiale.com\/programme-tickets\/schuberts-quintet\/","url_meta":{"origin":21119,"position":1},"title":"Schumann &#038; Bach at the spectacular Dior Chapel &#8211; Schumann Gedichte liebe &#038; Bach cello suite","author":"Lyndsey","date":"02\/06\/2023","format":false,"excerpt":"12h30 Bach & Schumann at the spectacular Dior Chapel Schumann Dichte liebe : Aidan Coburn, tenor, Rebecca Taylor, piano J S Bach: cello suite no 5 - Will Harris, cello (Dichterliebe, \"A Poet's Love\" (composed 1840), is the best-known song cycle of Robert Schumann) FREE ENTRY - Entr\u00e9e Gratuite","rel":"","context":"Article similaire","block_context":{"text":"Article similaire","link":""},"img":{"alt_text":"","src":"https:\/\/i0.wp.com\/www.musique-cordiale.com\/wp-content\/uploads\/2017\/02\/Chapelle-Montauroux.jpg?fit=1200%2C469&ssl=1&resize=350%2C200","width":350,"height":200,"srcset":"https:\/\/i0.wp.com\/www.musique-cordiale.com\/wp-content\/uploads\/2017\/02\/Chapelle-Montauroux.jpg?fit=1200%2C469&ssl=1&resize=350%2C200 1x, https:\/\/i0.wp.com\/www.musique-cordiale.com\/wp-content\/uploads\/2017\/02\/Chapelle-Montauroux.jpg?fit=1200%2C469&ssl=1&resize=525%2C300 1.5x, https:\/\/i0.wp.com\/www.musique-cordiale.com\/wp-content\/uploads\/2017\/02\/Chapelle-Montauroux.jpg?fit=1200%2C469&ssl=1&resize=700%2C400 2x, https:\/\/i0.wp.com\/www.musique-cordiale.com\/wp-content\/uploads\/2017\/02\/Chapelle-Montauroux.jpg?fit=1200%2C469&ssl=1&resize=1050%2C600 3x"},"classes":[]},{"id":39657,"url":"https:\/\/www.musique-cordiale.com\/fr\/boutique-billetterie\/schubert-quintette\/","url_meta":{"origin":21119,"position":2},"title":"Schumann et Bach \u00e0 la spectaculaire Chapelle Dior, 12h30, 7 ao\u00fbt 2023","author":"Lyndsey","date":"02\/06\/2023","format":false,"excerpt":"12h30 Bach & Schumann \u00e0 la spectaculaire Chapelle Dior Schumann Dichte liebe : Aidan Coburn, t\u00e9nor, Rebecca Taylor, piano J S Bach : suite pour violoncelle n\u00b0 5 - Will Harris, violoncelle (Dichterliebe, \"A Poet's Love\" (compos\u00e9 en 1840), est le cycle de chansons le plus connu de Robert Schumann)\u2026","rel":"","context":"Article similaire","block_context":{"text":"Article similaire","link":""},"img":{"alt_text":"","src":"https:\/\/i0.wp.com\/www.musique-cordiale.com\/wp-content\/uploads\/2017\/02\/Chapelle-Montauroux.jpg?fit=1200%2C469&ssl=1&resize=350%2C200","width":350,"height":200,"srcset":"https:\/\/i0.wp.com\/www.musique-cordiale.com\/wp-content\/uploads\/2017\/02\/Chapelle-Montauroux.jpg?fit=1200%2C469&ssl=1&resize=350%2C200 1x, https:\/\/i0.wp.com\/www.musique-cordiale.com\/wp-content\/uploads\/2017\/02\/Chapelle-Montauroux.jpg?fit=1200%2C469&ssl=1&resize=525%2C300 1.5x, https:\/\/i0.wp.com\/www.musique-cordiale.com\/wp-content\/uploads\/2017\/02\/Chapelle-Montauroux.jpg?fit=1200%2C469&ssl=1&resize=700%2C400 2x, https:\/\/i0.wp.com\/www.musique-cordiale.com\/wp-content\/uploads\/2017\/02\/Chapelle-Montauroux.jpg?fit=1200%2C469&ssl=1&resize=1050%2C600 3x"},"classes":[]},{"id":20545,"url":"https:\/\/www.musique-cordiale.com\/fr\/boutique-billetterie\/recital-de-chant-samedi-28-juillet\/","url_meta":{"origin":21119,"position":3},"title":"Concert d&rsquo;ouverture du festival: R\u00e9cital de chant &#8211; chansons et aires pour une nuit d&rsquo;\u00e9t\u00e9","author":"Jonathan Barker","date":"25\/03\/2018","format":false,"excerpt":"R\u00e9cital de chant Kiera Lyness, soprano Aidan Coburn, tenor Rebecca Taylor, piano Mozart: Dans un bois, Das Veilchen, Ridente la Calma, Oiseaux si tous les ans Faur\u00e9: Le Papillon et la Fleur, Chanson d\u2019Amour En Pri\u00e8re, Adieu Schubert: Le P\u00e2tre sur le Rocher\u00a0(Danny Lyness.\u00a0alto)\u00a0 Delibes: Les Filles de Cadiz Gilbert\u2026","rel":"","context":"Article similaire","block_context":{"text":"Article similaire","link":""},"img":{"alt_text":"","src":"https:\/\/i0.wp.com\/www.musique-cordiale.com\/wp-content\/uploads\/2017\/03\/Rebecca-taylor-scaled.jpg?fit=800%2C1200&ssl=1&resize=350%2C200","width":350,"height":200,"srcset":"https:\/\/i0.wp.com\/www.musique-cordiale.com\/wp-content\/uploads\/2017\/03\/Rebecca-taylor-scaled.jpg?fit=800%2C1200&ssl=1&resize=350%2C200 1x, https:\/\/i0.wp.com\/www.musique-cordiale.com\/wp-content\/uploads\/2017\/03\/Rebecca-taylor-scaled.jpg?fit=800%2C1200&ssl=1&resize=525%2C300 1.5x, https:\/\/i0.wp.com\/www.musique-cordiale.com\/wp-content\/uploads\/2017\/03\/Rebecca-taylor-scaled.jpg?fit=800%2C1200&ssl=1&resize=700%2C400 2x"},"classes":[]},{"id":19725,"url":"https:\/\/www.musique-cordiale.com\/programme-tickets\/opening-concert-singing-recital-2018-07-28\/","url_meta":{"origin":21119,"position":4},"title":"Opening Concert and Singing Recital &#8211; songs &amp; arias for a summer night","author":"Jonathan Barker","date":"25\/03\/2018","format":false,"excerpt":"R\u00e9cital de chant Kiera Lyness, soprano\u00a0 Aidan Coburn, tenor Rebecca Taylor, piano Mozart: Dans un bois, Das Veilchen, Ridente la Calma, Oiseaux si tous les ans Faur\u00e9: Le Papillon et la Fleur, Chanson d\u2019Amour En Pri\u00e8re, Adieu Schubert: Le P\u00e2tre sur le Rocher (Danny Lyness.\u00a0alto) Delibes: Les Filles de Cadiz\u2026","rel":"","context":"Article similaire","block_context":{"text":"Article similaire","link":""},"img":{"alt_text":"","src":"https:\/\/i0.wp.com\/www.musique-cordiale.com\/wp-content\/uploads\/2017\/03\/Rebecca-taylor-scaled.jpg?fit=800%2C1200&ssl=1&resize=350%2C200","width":350,"height":200,"srcset":"https:\/\/i0.wp.com\/www.musique-cordiale.com\/wp-content\/uploads\/2017\/03\/Rebecca-taylor-scaled.jpg?fit=800%2C1200&ssl=1&resize=350%2C200 1x, https:\/\/i0.wp.com\/www.musique-cordiale.com\/wp-content\/uploads\/2017\/03\/Rebecca-taylor-scaled.jpg?fit=800%2C1200&ssl=1&resize=525%2C300 1.5x, https:\/\/i0.wp.com\/www.musique-cordiale.com\/wp-content\/uploads\/2017\/03\/Rebecca-taylor-scaled.jpg?fit=800%2C1200&ssl=1&resize=700%2C400 2x"},"classes":[]},{"id":36659,"url":"https:\/\/www.musique-cordiale.com\/programme-tickets\/tickets-summer-festival-recital-concert-2-30-july-2022-7pm-faversham\/","url_meta":{"origin":21119,"position":5},"title":"TICKETS: Rousing SONG Recital (Summer Festival concert), 30 July 2022, 7PM, Faversham","author":"Jonathan Barker","date":"20\/06\/2022","format":false,"excerpt":"","rel":"","context":"Article similaire","block_context":{"text":"Article similaire","link":""},"img":{"alt_text":"","src":"","width":0,"height":0},"classes":[]}],"_links":{"self":[{"href":"https:\/\/www.musique-cordiale.com\/fr\/wp-json\/wp\/v2\/product\/21119","targetHints":{"allow":["GET"]}}],"collection":[{"href":"https:\/\/www.musique-cordiale.com\/fr\/wp-json\/wp\/v2\/product"}],"about":[{"href":"https:\/\/www.musique-cordiale.com\/fr\/wp-json\/wp\/v2\/types\/product"}],"wp:featuredmedia":[{"embeddable":true,"href":"https:\/\/www.musique-cordiale.com\/fr\/wp-json\/wp\/v2\/media\/18277"}],"wp:attachment":[{"href":"https:\/\/www.musique-cordiale.com\/fr\/wp-json\/wp\/v2\/media?parent=21119"}],"wp:term":[{"taxonomy":"product_brand","embeddable":true,"href":"https:\/\/www.musique-cordiale.com\/fr\/wp-json\/wp\/v2\/product_brand?post=21119"},{"taxonomy":"product_cat","embeddable":true,"href":"https:\/\/www.musique-cordiale.com\/fr\/wp-json\/wp\/v2\/product_cat?post=21119"},{"taxonomy":"product_tag","embeddable":true,"href":"https:\/\/www.musique-cordiale.com\/fr\/wp-json\/wp\/v2\/product_tag?post=21119"},{"taxonomy":"venue","embeddable":true,"href":"https:\/\/www.musique-cordiale.com\/fr\/wp-json\/wp\/v2\/venue?post=21119"}],"curies":[{"name":"wp","href":"https:\/\/api.w.org\/{rel}","templated":true}]}}