{"id":23261,"date":"2019-03-26T11:57:12","date_gmt":"2019-03-26T11:57:15","guid":{"rendered":"https:\/\/www.musique-cordiale.com\/?post_type=product&#038;p=23261"},"modified":"2019-08-18T10:15:48","modified_gmt":"2019-08-18T10:15:48","slug":"concert-de-cloture-du-festival-oratorio-saul","status":"publish","type":"product","link":"https:\/\/www.musique-cordiale.com\/fr\/boutique-billetterie\/concert-de-cloture-du-festival-oratorio-saul\/","title":{"rendered":"BILLET: Concert de cl\u00f4ture du festival: Oratorio \u00abSAUL\u00bb de Haendel, Seillans, 17 ao\u00fbt 2019"},"content":{"rendered":"<h6><b><img data-recalc-dims=\"1\" loading=\"lazy\" decoding=\"async\" class=\"size-medium wp-image-19071 alignleft\" src=\"https:\/\/i0.wp.com\/www.musique-cordiale.com\/wp-content\/uploads\/2017\/12\/2016-08-13-22.11.12-1.jpg?resize=300%2C169&#038;ssl=1\" alt=\"\" width=\"300\" height=\"169\" srcset=\"https:\/\/i0.wp.com\/www.musique-cordiale.com\/wp-content\/uploads\/2017\/12\/2016-08-13-22.11.12-1-scaled.jpg?resize=300%2C169&amp;ssl=1 300w, https:\/\/i0.wp.com\/www.musique-cordiale.com\/wp-content\/uploads\/2017\/12\/2016-08-13-22.11.12-1-scaled.jpg?resize=750%2C422&amp;ssl=1 750w, https:\/\/i0.wp.com\/www.musique-cordiale.com\/wp-content\/uploads\/2017\/12\/2016-08-13-22.11.12-1-scaled.jpg?resize=768%2C432&amp;ssl=1 768w, https:\/\/i0.wp.com\/www.musique-cordiale.com\/wp-content\/uploads\/2017\/12\/2016-08-13-22.11.12-1-scaled.jpg?resize=622%2C350&amp;ssl=1 622w, https:\/\/i0.wp.com\/www.musique-cordiale.com\/wp-content\/uploads\/2017\/12\/2016-08-13-22.11.12-1-scaled.jpg?resize=600%2C338&amp;ssl=1 600w, https:\/\/i0.wp.com\/www.musique-cordiale.com\/wp-content\/uploads\/2017\/12\/2016-08-13-22.11.12-1-scaled.jpg?w=1280&amp;ssl=1 1280w, https:\/\/i0.wp.com\/www.musique-cordiale.com\/wp-content\/uploads\/2017\/12\/2016-08-13-22.11.12-1-scaled.jpg?w=1920&amp;ssl=1 1920w\" sizes=\"auto, (max-width: 300px) 100vw, 300px\" \/>Samedi 17 a\u00f4ut 19.00<br \/>\nEglise de Seillans\u00a0\u00a0\u00a0\u00a0\u00a0 25\u20ac<\/b><b>\/ 30\u20ac <em>(balcon)<\/em>\/ 40\u20ac <\/b><em>(premium)\u00a0<\/em><i><span style=\"color: #ff0000;\">R\u00e9servez t\u00f4t: disponibilit\u00e9 limit\u00e9e!<\/span><br \/>\n<\/i><b>Concert d\u2019Oratorio \u2013 concert de cloture du festival<\/b><b><br \/>\n<\/b>Ch\u0153ur et l\u2019Orchestre du Festival avec solistes<b><br \/>\n<\/b><i>Direction: Graham Ross<\/i><br \/>\n\u00ab Saul \u00bb de HAENDEL<br \/>\n<i>Emily Vine, Dima Bawab \u2013 soprano<br \/>\nJulian Gregory, Michael Johnston \u2013\u00a0 tenor<\/i><i><br \/>\n<\/i><i>Frederick Long \u2013 basse<\/i><\/h6>\n<p>d\u00eener disponible aux membres apr\u00e9s le concert (<a href=\"https:\/\/www.musique-cordiale.com\/fr\/dinners-for-choir-orchestra-volunteer-team-guests-members-festival-2018\/\" target=\"_blank\" rel=\"noopener noreferrer\">pour l&rsquo;acheter et r\u00e9server, voir ici<\/a>)<\/p>\n","protected":false},"excerpt":{"rendered":"<h6><b>Samedi 17 a\u00f4ut 19.00<br \/>\nEglise de Seillans\u00a0\u00a0\u00a0\u00a0\u00a0 25\u20ac<\/b><b>\/ 30\u20ac<em> (balcon)<\/em> 40\u20ac <\/b><em>(premium)\u00a0<\/em><i>R\u00e9servez t\u00f4t: disponibilit\u00e9 limit\u00e9e!<br \/>\n<\/i><b>Concert d\u2019Oratorio \u2013 concert de cloture du festival<\/b><b><br \/>\n<\/b>Ch\u0153ur et l\u2019Orchestre du Festival avec solistes<b><br \/>\n<\/b><i>Direction: Graham Ross<\/i><br \/>\n\u00ab Saul \u00bb de HAENDEL<br \/>\n<i>Emily Vine, Dima Bawab \u2013 soprano<br \/>\nJulian Gregory, Michael Johnston \u2013\u00a0 tenor<\/i><i><br \/>\n<\/i><i>Frederick Long \u2013 basse<\/i><\/h6>\n<p>d\u00eener disponible aux membres apr\u00e9s le concert (<a href=\"https:\/\/www.musique-cordiale.com\/fr\/dinners-for-choir-orchestra-volunteer-team-guests-members-festival-2018\/\" target=\"_blank\" rel=\"noopener noreferrer\">pour l&rsquo;acheter et r\u00e9server,vois ici<\/a>)<\/p>\n","protected":false},"featured_media":19079,"template":"","meta":{"_acf_changed":false,"_monsterinsights_skip_tracking":false,"_monsterinsights_sitenote_active":false,"_monsterinsights_sitenote_note":"","_monsterinsights_sitenote_category":0,"_uf_show_specific_survey":0,"_uf_disable_surveys":false,"advanced_seo_description":"","jetpack_seo_html_title":"","jetpack_seo_noindex":false},"product_brand":[],"product_cat":[275,276],"product_tag":[219],"venue":[145],"class_list":{"0":"post-23261","1":"product","2":"type-product","3":"status-publish","4":"has-post-thumbnail","6":"product_cat-billet-varies-fr","7":"product_cat-festival-2019-fr","8":"product_tag-billet-fr","9":"venue-eglise-saint-leger","11":"first","12":"instock","13":"shipping-taxable","14":"product-type-variable"},"acf":[],"jetpack_sharing_enabled":true,"jetpack-related-posts":[{"id":23257,"url":"https:\/\/www.musique-cordiale.com\/programme-tickets\/final-oratorio-concert-saul-17-aug-2019\/","url_meta":{"origin":23261,"position":0},"title":"TICKET: Final Oratorio Concert: Handel&rsquo;s \u00ab\u00a0SAUL\u00a0\u00bb &#8211; Seillans, Saturday 17 August 2019 &#8211; concert de cl\u00f4ture du Festival","author":"Jonathan Barker","date":"26\/03\/2019","format":false,"excerpt":"Samedi 17 a\u00f4ut 19.00 Eglise de Seillans\u00a0\u00a0\u00a0\u00a0\u00a0 25\u20ac\/ 30\u20ac\/ 40\u20ac\u00a0(premium)\u00a0R\u00e9servez t\u00f4t: disponibilit\u00e9 limit\u00e9e! Concert d\u2019Oratorio \u2013 concert de cloture du festival Ch\u0153ur et l\u2019Orchestre du Festival avec solistes Direction: Graham Ross Emily Vine, Dima Bawab - soprano, Isabel Pfefferkorn (mezzo-soprano) Julian Gregory, Michael Johnston -\u00a0 tenor Frederick Long - basse\u2026","rel":"","context":"Article similaire","block_context":{"text":"Article similaire","link":""},"img":{"alt_text":"","src":"https:\/\/i0.wp.com\/www.musique-cordiale.com\/wp-content\/uploads\/2011\/03\/2016-08-13-22.12.31-1-scaled.jpg?fit=1200%2C675&ssl=1&resize=350%2C200","width":350,"height":200,"srcset":"https:\/\/i0.wp.com\/www.musique-cordiale.com\/wp-content\/uploads\/2011\/03\/2016-08-13-22.12.31-1-scaled.jpg?fit=1200%2C675&ssl=1&resize=350%2C200 1x, https:\/\/i0.wp.com\/www.musique-cordiale.com\/wp-content\/uploads\/2011\/03\/2016-08-13-22.12.31-1-scaled.jpg?fit=1200%2C675&ssl=1&resize=525%2C300 1.5x, https:\/\/i0.wp.com\/www.musique-cordiale.com\/wp-content\/uploads\/2011\/03\/2016-08-13-22.12.31-1-scaled.jpg?fit=1200%2C675&ssl=1&resize=700%2C400 2x, https:\/\/i0.wp.com\/www.musique-cordiale.com\/wp-content\/uploads\/2011\/03\/2016-08-13-22.12.31-1-scaled.jpg?fit=1200%2C675&ssl=1&resize=1050%2C600 3x"},"classes":[]},{"id":23354,"url":"https:\/\/www.musique-cordiale.com\/fr\/boutique-billetterie\/billet-concert-de-cloture-du-festival-oratorio-saul-de-haendel-seillans-17-aout-2019-copy\/","url_meta":{"origin":23261,"position":1},"title":"BILLET: premi\u00e8re performance de l&rsquo;Oratorio \u00abSAUL\u00bb de Haendel, (PAS Callian: d\u00e9plac\u00e9 \u00e0 l&rsquo;\u00e9glise de SEILLANS), jeudi 15 ao\u00fbt 2019","author":"Jonathan Barker","date":"27\/03\/2019","format":false,"excerpt":"Jeudi 15\u00a0ao\u00fbt 19.15 S'IL VOUS PLA\u00ceT NOTEZ: d\u00e9plac\u00e9 \u00e0 l'\u00e9glise de SEILLANS, commencant 15 mins plus tard\u00a0 \u00a0 \u00a0 \u00a0 \u00a0 25\u20ac \/ 35\u20ac(premium) Concert d\u2019Oratorio:\u00a0\u00ab Saul \u00bb de HAENDEL Ch\u0153ur et l\u2019Orchestre du Festival avec solistes Direction: Graham Ross Emily Vine, Dima Bawab \u2013 soprano Julian Gregory, Michael Johnston\u2026","rel":"","context":"Article similaire","block_context":{"text":"Article similaire","link":""},"img":{"alt_text":"","src":"https:\/\/i0.wp.com\/www.musique-cordiale.com\/wp-content\/uploads\/2011\/03\/2016-08-13-22.12.31-1-scaled.jpg?fit=1200%2C675&ssl=1&resize=350%2C200","width":350,"height":200,"srcset":"https:\/\/i0.wp.com\/www.musique-cordiale.com\/wp-content\/uploads\/2011\/03\/2016-08-13-22.12.31-1-scaled.jpg?fit=1200%2C675&ssl=1&resize=350%2C200 1x, https:\/\/i0.wp.com\/www.musique-cordiale.com\/wp-content\/uploads\/2011\/03\/2016-08-13-22.12.31-1-scaled.jpg?fit=1200%2C675&ssl=1&resize=525%2C300 1.5x, https:\/\/i0.wp.com\/www.musique-cordiale.com\/wp-content\/uploads\/2011\/03\/2016-08-13-22.12.31-1-scaled.jpg?fit=1200%2C675&ssl=1&resize=700%2C400 2x, https:\/\/i0.wp.com\/www.musique-cordiale.com\/wp-content\/uploads\/2011\/03\/2016-08-13-22.12.31-1-scaled.jpg?fit=1200%2C675&ssl=1&resize=1050%2C600 3x"},"classes":[]},{"id":23350,"url":"https:\/\/www.musique-cordiale.com\/programme-tickets\/ticket-first-oratorio-concert-handels-saul-callian-thursday-15-august-2019\/","url_meta":{"origin":23261,"position":2},"title":"TICKET: First Oratorio Concert: Handel&rsquo;s \u00ab\u00a0SAUL\u00a0\u00bb &#8211; (NOT Callian &#8211; relocated to SEILLANS), Thursday 15 August 2019","author":"Jonathan Barker","date":"27\/03\/2019","format":false,"excerpt":"Jeudi 15\u00a0ao\u00fbt 19.15 S'IL VOUS PLA\u00ceT NOTEZ: d\u00e9plac\u00e9 \u00e0 l'\u00e9glise de SEILLANS (re-located to Seillans, starting 15 mins later)\u00a0 \u00a0 \u00a0 \u00a025\u20ac \/ 35\u20ac(premium) Concert d\u2019Oratorio:\u00a0\u00ab Saul \u00bb de HAENDEL Ch\u0153ur et l\u2019Orchestre du Festival avec solistes Direction: Graham Ross Emily Vine, Dima Bawab \u2013 soprano Julian Gregory, Michael Johnston\u2026","rel":"","context":"Article similaire","block_context":{"text":"Article similaire","link":""},"img":{"alt_text":"","src":"https:\/\/i0.wp.com\/www.musique-cordiale.com\/wp-content\/uploads\/2011\/03\/2016-08-13-22.12.31-1-scaled.jpg?fit=1200%2C675&ssl=1&resize=350%2C200","width":350,"height":200,"srcset":"https:\/\/i0.wp.com\/www.musique-cordiale.com\/wp-content\/uploads\/2011\/03\/2016-08-13-22.12.31-1-scaled.jpg?fit=1200%2C675&ssl=1&resize=350%2C200 1x, https:\/\/i0.wp.com\/www.musique-cordiale.com\/wp-content\/uploads\/2011\/03\/2016-08-13-22.12.31-1-scaled.jpg?fit=1200%2C675&ssl=1&resize=525%2C300 1.5x, https:\/\/i0.wp.com\/www.musique-cordiale.com\/wp-content\/uploads\/2011\/03\/2016-08-13-22.12.31-1-scaled.jpg?fit=1200%2C675&ssl=1&resize=700%2C400 2x, https:\/\/i0.wp.com\/www.musique-cordiale.com\/wp-content\/uploads\/2011\/03\/2016-08-13-22.12.31-1-scaled.jpg?fit=1200%2C675&ssl=1&resize=1050%2C600 3x"},"classes":[]},{"id":23316,"url":"https:\/\/www.musique-cordiale.com\/fr\/boutique-billetterie\/ticket-dimanche-11-aout-2019-concert-des-bijoux-baroques-seillans\/","url_meta":{"origin":23261,"position":3},"title":"BILLET: dimanche 11 ao\u00fbt 2019 &#8211; Concert des Bijoux Baroques, Seillans","author":"Jonathan Barker","date":"26\/03\/2019","format":false,"excerpt":"Dimanche 11\u00a0ao\u00fbt\u00a019.00 Eglise de Seillans\u00a0\u00a0\u00a0\u00a0\u00a0\u00a0\u00a0\u00a0\u00a0 20\u20ac \/ 30\u20ac(premium) Concert des Bijoux Baroques L\u2019Orchestre du Festival avec solistes Direction: Graham Ross HAENDEL Concerto Grosso Opus 6 MARCELLO Concert pour hautbois en re mineur (James Hulme - hautbois) MOZART \"Voi averte un cor fedele\" (Dima Bawab - soprano) PERGOLESI Stabat Mater (Ad\u00e8le\u2026","rel":"","context":"Article similaire","block_context":{"text":"Article similaire","link":""},"img":{"alt_text":"","src":"","width":0,"height":0},"classes":[]},{"id":23311,"url":"https:\/\/www.musique-cordiale.com\/programme-tickets\/ticket-dimanche-11-aout-2019-concert-des-bijoux-baroques-seillans\/","url_meta":{"origin":23261,"position":4},"title":"TICKET: Sunday 11 August 2019 &#8211; Concert des Bijoux Baroques, Seillans","author":"Jonathan Barker","date":"26\/03\/2019","format":false,"excerpt":"Dimanche 11\u00a0ao\u00fbt\u00a019.00 Eglise de Seillans\u00a0\u00a0\u00a0\u00a0\u00a0\u00a0\u00a0\u00a0\u00a0 20\u20ac \/ 30\u20ac(premium) Concert des Bijoux Baroques L\u2019Orchestre du Festival avec solistes Direction: Graham Ross HAENDEL Concerto Grosso Opus 6 MARCELLO Concert pour hautbois en re mineur (James Hulme - hautbois) MOZART \"Voi averte un cor fedele\" (Dima Bawab - soprano) PERGOLESI Stabat Mater (Ad\u00e8le\u2026","rel":"","context":"Article similaire","block_context":{"text":"Article similaire","link":""},"img":{"alt_text":"","src":"","width":0,"height":0},"classes":[]},{"id":19792,"url":"https:\/\/www.musique-cordiale.com\/fr\/boutique-billetterie\/billet-standard-concert-de-cloture-du-festival-les-saisons-de-haydn-en-allemand-samedi-11-aout-2018\/","url_meta":{"origin":23261,"position":5},"title":"Concert de cl\u00f4ture du festival: Oratorio DIE JAHRESZEITEN &#8211; Les Saisons de Haydn (en Allemand)","author":"Jonathan Barker","date":"25\/03\/2018","format":false,"excerpt":"Haydn : Oratorio avec orchestre et solistes \u201c Les Saisons\u201d (Die Jahreszeiten) Le choeur et l'orchestre du Festival Musique Cordiale avec solistes Direction: Graham Ross Dima Bawab,\u00a0soprano Julian Gregory,\u00a0t\u00e9nor Tristan Hambleton,\u00a0bass d\u00eener disponible aux membres apr\u00e9s le concert (pour l'acheter et r\u00e9server,vois ici)","rel":"","context":"Article similaire","block_context":{"text":"Article similaire","link":""},"img":{"alt_text":"","src":"https:\/\/i0.wp.com\/www.musique-cordiale.com\/wp-content\/uploads\/2011\/03\/2016-08-13-22.12.31-1-scaled.jpg?fit=1200%2C675&ssl=1&resize=350%2C200","width":350,"height":200,"srcset":"https:\/\/i0.wp.com\/www.musique-cordiale.com\/wp-content\/uploads\/2011\/03\/2016-08-13-22.12.31-1-scaled.jpg?fit=1200%2C675&ssl=1&resize=350%2C200 1x, https:\/\/i0.wp.com\/www.musique-cordiale.com\/wp-content\/uploads\/2011\/03\/2016-08-13-22.12.31-1-scaled.jpg?fit=1200%2C675&ssl=1&resize=525%2C300 1.5x, https:\/\/i0.wp.com\/www.musique-cordiale.com\/wp-content\/uploads\/2011\/03\/2016-08-13-22.12.31-1-scaled.jpg?fit=1200%2C675&ssl=1&resize=700%2C400 2x, https:\/\/i0.wp.com\/www.musique-cordiale.com\/wp-content\/uploads\/2011\/03\/2016-08-13-22.12.31-1-scaled.jpg?fit=1200%2C675&ssl=1&resize=1050%2C600 3x"},"classes":[]}],"_links":{"self":[{"href":"https:\/\/www.musique-cordiale.com\/fr\/wp-json\/wp\/v2\/product\/23261","targetHints":{"allow":["GET"]}}],"collection":[{"href":"https:\/\/www.musique-cordiale.com\/fr\/wp-json\/wp\/v2\/product"}],"about":[{"href":"https:\/\/www.musique-cordiale.com\/fr\/wp-json\/wp\/v2\/types\/product"}],"wp:featuredmedia":[{"embeddable":true,"href":"https:\/\/www.musique-cordiale.com\/fr\/wp-json\/wp\/v2\/media\/19079"}],"wp:attachment":[{"href":"https:\/\/www.musique-cordiale.com\/fr\/wp-json\/wp\/v2\/media?parent=23261"}],"wp:term":[{"taxonomy":"product_brand","embeddable":true,"href":"https:\/\/www.musique-cordiale.com\/fr\/wp-json\/wp\/v2\/product_brand?post=23261"},{"taxonomy":"product_cat","embeddable":true,"href":"https:\/\/www.musique-cordiale.com\/fr\/wp-json\/wp\/v2\/product_cat?post=23261"},{"taxonomy":"product_tag","embeddable":true,"href":"https:\/\/www.musique-cordiale.com\/fr\/wp-json\/wp\/v2\/product_tag?post=23261"},{"taxonomy":"venue","embeddable":true,"href":"https:\/\/www.musique-cordiale.com\/fr\/wp-json\/wp\/v2\/venue?post=23261"}],"curies":[{"name":"wp","href":"https:\/\/api.w.org\/{rel}","templated":true}]}}