{"id":23304,"date":"2019-03-26T15:01:53","date_gmt":"2019-03-26T15:01:53","guid":{"rendered":"https:\/\/www.musique-cordiale.com\/shop-box-office\/non%20class\u00e9\/billet-soiree-de-jazz-et-classique-en-pleine-aire-saturday-10-august-2019-place-du-valat-seillans\/"},"modified":"2019-08-18T10:08:55","modified_gmt":"2019-08-18T10:08:55","slug":"billet-soiree-de-jazz-et-classique-en-pleine-aire-saturday-10-august-2019-place-du-valat-seillans","status":"publish","type":"product","link":"https:\/\/www.musique-cordiale.com\/fr\/boutique-billetterie\/billet-soiree-de-jazz-et-classique-en-pleine-aire-saturday-10-august-2019-place-du-valat-seillans\/","title":{"rendered":"BILLET: Soir\u00e9e de Jazz et Cross-over Classics en pleine aire, samedi 10 ao\u00fbt 2019, Place du Valat, Seillans"},"content":{"rendered":"<p><b>Samedi 10 <strong>ao\u00fbt<\/strong> 21.00<br \/>\nSeillans Place du Valat<br \/>\n<\/b><b><span style=\"color: #800000;\">Soir\u00e9e de Jazz et Cross-over Classics &#8211; en pleine aire<br \/>\n<\/span><\/b><b><\/b><i><\/i><span style=\"font-weight: 400;\">MOZART Quintette pour piano et vents<br \/>\n<\/span><span style=\"font-weight: 400;\">\u00ab\u00a0It don&rsquo;t mean a thing if it ain&rsquo;t got that swing\u00a0\u00bb<\/span><i><span style=\"font-weight: 400;\"><br \/>\n(Jetse de Jong <\/span>\u00a0&#8211; piano &#8211; avec Isla van Hout &#8211; voix)<\/i><\/p>\n<figure id=\"attachment_15553\" aria-describedby=\"caption-attachment-15553\" style=\"width: 300px\" class=\"wp-caption alignleft\"><img data-recalc-dims=\"1\" loading=\"lazy\" decoding=\"async\" data-attachment-id=\"15553\" data-permalink=\"https:\/\/www.musique-cordiale.com\/fr\/a-propos\/2014-08-12_1948-2\/\" data-orig-file=\"https:\/\/i0.wp.com\/www.musique-cordiale.com\/wp-content\/uploads\/2014\/11\/2014-08-12_1948.jpg?fit=960%2C720&amp;ssl=1\" data-orig-size=\"960,720\" data-comments-opened=\"0\" data-image-meta=\"{&quot;aperture&quot;:&quot;0&quot;,&quot;credit&quot;:&quot;&quot;,&quot;camera&quot;:&quot;&quot;,&quot;caption&quot;:&quot;&quot;,&quot;created_timestamp&quot;:&quot;0&quot;,&quot;copyright&quot;:&quot;&quot;,&quot;focal_length&quot;:&quot;0&quot;,&quot;iso&quot;:&quot;0&quot;,&quot;shutter_speed&quot;:&quot;0&quot;,&quot;title&quot;:&quot;&quot;,&quot;orientation&quot;:&quot;0&quot;}\" data-image-title=\"2014 08 12_1948\" data-image-description=\"\" data-image-caption=\"&lt;p&gt;concert audience enthralled&lt;\/p&gt;\n\" data-large-file=\"https:\/\/i0.wp.com\/www.musique-cordiale.com\/wp-content\/uploads\/2014\/11\/2014-08-12_1948.jpg?fit=466%2C350&amp;ssl=1\" class=\"size-medium wp-image-15553\" src=\"https:\/\/i0.wp.com\/www.musique-cordiale.com\/wp-content\/uploads\/2014\/11\/2014-08-12_1948.jpg?resize=300%2C225&#038;ssl=1\" alt=\"\" width=\"300\" height=\"225\" srcset=\"https:\/\/i0.wp.com\/www.musique-cordiale.com\/wp-content\/uploads\/2014\/11\/2014-08-12_1948.jpg?resize=300%2C225&amp;ssl=1 300w, https:\/\/i0.wp.com\/www.musique-cordiale.com\/wp-content\/uploads\/2014\/11\/2014-08-12_1948.jpg?resize=750%2C563&amp;ssl=1 750w, https:\/\/i0.wp.com\/www.musique-cordiale.com\/wp-content\/uploads\/2014\/11\/2014-08-12_1948.jpg?resize=466%2C350&amp;ssl=1 466w, https:\/\/i0.wp.com\/www.musique-cordiale.com\/wp-content\/uploads\/2014\/11\/2014-08-12_1948.jpg?resize=200%2C150&amp;ssl=1 200w, https:\/\/i0.wp.com\/www.musique-cordiale.com\/wp-content\/uploads\/2014\/11\/2014-08-12_1948.jpg?w=960&amp;ssl=1 960w\" sizes=\"auto, (max-width: 300px) 100vw, 300px\" \/><figcaption id=\"caption-attachment-15553\" class=\"wp-caption-text\">concert audience enthralled<\/figcaption><\/figure>\n","protected":false},"excerpt":{"rendered":"<p><b>Samedi 10 <strong>ao\u00fbt<\/strong> 21.00<br \/>\nSeillans Place du Valat<br \/>\n<\/b><b><span style=\"color: #800000;\">Soir\u00e9e de Jazz et Cross-over Classics &#8211; en pleine aire<br \/>\n<\/span><\/b><b><\/b><i><\/i><span style=\"font-weight: 400;\">MOZART Quintette pour piano et vents<br \/>\n<\/span><span style=\"font-weight: 400;\">\u00ab\u00a0It don&rsquo;t mean a thing if it ain&rsquo;t got that swing\u00a0\u00bb<\/span><i><span style=\"font-weight: 400;\"><br \/>\n(Jetse de Jong <\/span>\u00a0&#8211; piano &#8211; avec Isla van Hout &#8211; voix)<\/i><\/p>\n<p><img loading=\"lazy\" decoding=\"async\" class=\"size-medium wp-image-15553\" src=\"https:\/\/www.musique-cordiale.com\/wp-content\/uploads\/2014\/11\/2014-08-12_1948-300x225.jpg\" alt=\"\" width=\"300\" height=\"225\" srcset=\"https:\/\/i0.wp.com\/www.musique-cordiale.com\/wp-content\/uploads\/2014\/11\/2014-08-12_1948.jpg?resize=300%2C225&amp;ssl=1 300w, https:\/\/i0.wp.com\/www.musique-cordiale.com\/wp-content\/uploads\/2014\/11\/2014-08-12_1948.jpg?resize=750%2C563&amp;ssl=1 750w, https:\/\/i0.wp.com\/www.musique-cordiale.com\/wp-content\/uploads\/2014\/11\/2014-08-12_1948.jpg?resize=466%2C350&amp;ssl=1 466w, https:\/\/i0.wp.com\/www.musique-cordiale.com\/wp-content\/uploads\/2014\/11\/2014-08-12_1948.jpg?resize=200%2C150&amp;ssl=1 200w, https:\/\/i0.wp.com\/www.musique-cordiale.com\/wp-content\/uploads\/2014\/11\/2014-08-12_1948.jpg?w=960&amp;ssl=1 960w\" sizes=\"auto, (max-width: 300px) 100vw, 300px\" \/><\/p>\n","protected":false},"featured_media":23585,"template":"","meta":{"_acf_changed":false,"_monsterinsights_skip_tracking":false,"_monsterinsights_sitenote_active":false,"_monsterinsights_sitenote_note":"","_monsterinsights_sitenote_category":0,"_uf_show_specific_survey":0,"_uf_disable_surveys":false,"advanced_seo_description":"","jetpack_seo_html_title":"","jetpack_seo_noindex":false},"product_brand":[],"product_cat":[275,276],"product_tag":[219,286,281],"venue":[153],"class_list":{"0":"post-23304","1":"product","2":"type-product","3":"status-publish","4":"has-post-thumbnail","6":"product_cat-billet-varies-fr","7":"product_cat-festival-2019-fr","8":"product_tag-billet-fr","9":"product_tag-jazz-ticket-billet","10":"product_tag-ticket-fr","11":"venue-place-du-valat","13":"first","14":"outofstock","15":"shipping-taxable","16":"product-type-variable"},"acf":[],"jetpack_sharing_enabled":true,"jetpack-related-posts":[{"id":23301,"url":"https:\/\/www.musique-cordiale.com\/programme-tickets\/billet-soiree-de-jazz-et-classique-en-pleine-aire-saturday-10-august-2019-place-du-valat-seillans\/","url_meta":{"origin":23304,"position":0},"title":"TICKET: Soir\u00e9e de Jazz et Cross-over Classics en pleine aire, Saturday 10 August 2019, Place du Valat, Seillans","author":"Jonathan Barker","date":"26\/03\/2019","format":false,"excerpt":"Samedi 10 ao\u00fbt 21.00 Seillans Place du Valat Soir\u00e9e de Jazz et Cross-over Classics - en pleine aire MOZART Quintette pour piano et vents \"It don't mean a thing if it ain't got that swing\" (Jetse de Jong \u00a0- piano - avec Isla van Hout - voix)","rel":"","context":"Article similaire","block_context":{"text":"Article similaire","link":""},"img":{"alt_text":"","src":"https:\/\/i0.wp.com\/www.musique-cordiale.com\/wp-content\/uploads\/2019\/03\/CQ4A4060-scaled.jpg?fit=1200%2C770&ssl=1&resize=350%2C200","width":350,"height":200,"srcset":"https:\/\/i0.wp.com\/www.musique-cordiale.com\/wp-content\/uploads\/2019\/03\/CQ4A4060-scaled.jpg?fit=1200%2C770&ssl=1&resize=350%2C200 1x, https:\/\/i0.wp.com\/www.musique-cordiale.com\/wp-content\/uploads\/2019\/03\/CQ4A4060-scaled.jpg?fit=1200%2C770&ssl=1&resize=525%2C300 1.5x, https:\/\/i0.wp.com\/www.musique-cordiale.com\/wp-content\/uploads\/2019\/03\/CQ4A4060-scaled.jpg?fit=1200%2C770&ssl=1&resize=700%2C400 2x, https:\/\/i0.wp.com\/www.musique-cordiale.com\/wp-content\/uploads\/2019\/03\/CQ4A4060-scaled.jpg?fit=1200%2C770&ssl=1&resize=1050%2C600 3x"},"classes":[]},{"id":48557,"url":"https:\/\/www.musique-cordiale.com\/fr\/boutique-billetterie\/isla-jetse-are-back-jazz-popular-songs-with-a-french-accent-bring-a-picnic-to-the-lovely-musical-scene-at-the-old-station-in-seillans-9pm-7-august-2025\/","url_meta":{"origin":23304,"position":1},"title":"Isla et Jetse sont de retour ! Jazz et chansons populaires avec un accent fran\u00e7ais : venez pique-niquer sur la charmante nouvelle sc\u00e8ne musicale de l&rsquo;ancienne gare de Seillans, le 7 ao\u00fbt 2025 \u00e0 21h.","author":"Jonathan Barker","date":"07\/04\/2025","format":false,"excerpt":"Isla van Hout is back, accompanied by the amazing jazz and boogie-woogie pianist, Jetse de Jong - by popular request from our audiences in Seillans! Gates open from 7:30PM: concerts begins 9PM. Bring your drinks and picnic and enjoy time with your friends in the ground before the concert and\u2026","rel":"","context":"Article similaire","block_context":{"text":"Article similaire","link":""},"img":{"alt_text":"","src":"https:\/\/i0.wp.com\/www.musique-cordiale.com\/wp-content\/uploads\/2025\/04\/WhatsApp-Image-2025-04-22-at-14.37.37_8ee7f22c-Jetse-and-Isla-2025.jpg?fit=1200%2C653&ssl=1&resize=350%2C200","width":350,"height":200,"srcset":"https:\/\/i0.wp.com\/www.musique-cordiale.com\/wp-content\/uploads\/2025\/04\/WhatsApp-Image-2025-04-22-at-14.37.37_8ee7f22c-Jetse-and-Isla-2025.jpg?fit=1200%2C653&ssl=1&resize=350%2C200 1x, https:\/\/i0.wp.com\/www.musique-cordiale.com\/wp-content\/uploads\/2025\/04\/WhatsApp-Image-2025-04-22-at-14.37.37_8ee7f22c-Jetse-and-Isla-2025.jpg?fit=1200%2C653&ssl=1&resize=525%2C300 1.5x, https:\/\/i0.wp.com\/www.musique-cordiale.com\/wp-content\/uploads\/2025\/04\/WhatsApp-Image-2025-04-22-at-14.37.37_8ee7f22c-Jetse-and-Isla-2025.jpg?fit=1200%2C653&ssl=1&resize=700%2C400 2x, https:\/\/i0.wp.com\/www.musique-cordiale.com\/wp-content\/uploads\/2025\/04\/WhatsApp-Image-2025-04-22-at-14.37.37_8ee7f22c-Jetse-and-Isla-2025.jpg?fit=1200%2C653&ssl=1&resize=1050%2C600 3x"},"classes":[]},{"id":48552,"url":"https:\/\/www.musique-cordiale.com\/programme-tickets\/isla-jetse-are-back-jazz-popular-songs-with-a-french-accent-bring-a-picnic-to-the-lovely-new-musical-scene-at-the-old-station-in-seillans-9pm-7-august-2025\/","url_meta":{"origin":23304,"position":2},"title":"Isla &#038; Jetse are back! Jazz &#038; popular songs with a French accent &#8211; bring a picnic to the lovely new musical scene at the old Station in Seillans, 9PM 7 August 2025","author":"Jonathan Barker","date":"07\/04\/2025","format":false,"excerpt":"Isla van Hout is back, accompanied by the amazing jazz and boogie-woogie pianist, Jetse de Jong - by popular request from our audiences in Seillans! Gates open from 7:30PM: concerts begins 9PM. Bring your drinks and picnic and enjoy time with your friends in the ground before the concert and\u2026","rel":"","context":"Article similaire","block_context":{"text":"Article similaire","link":""},"img":{"alt_text":"","src":"https:\/\/i0.wp.com\/www.musique-cordiale.com\/wp-content\/uploads\/2025\/04\/WhatsApp-Image-2025-04-22-at-14.37.37_8ee7f22c-Jetse-and-Isla-2025.jpg?fit=1200%2C653&ssl=1&resize=350%2C200","width":350,"height":200,"srcset":"https:\/\/i0.wp.com\/www.musique-cordiale.com\/wp-content\/uploads\/2025\/04\/WhatsApp-Image-2025-04-22-at-14.37.37_8ee7f22c-Jetse-and-Isla-2025.jpg?fit=1200%2C653&ssl=1&resize=350%2C200 1x, https:\/\/i0.wp.com\/www.musique-cordiale.com\/wp-content\/uploads\/2025\/04\/WhatsApp-Image-2025-04-22-at-14.37.37_8ee7f22c-Jetse-and-Isla-2025.jpg?fit=1200%2C653&ssl=1&resize=525%2C300 1.5x, https:\/\/i0.wp.com\/www.musique-cordiale.com\/wp-content\/uploads\/2025\/04\/WhatsApp-Image-2025-04-22-at-14.37.37_8ee7f22c-Jetse-and-Isla-2025.jpg?fit=1200%2C653&ssl=1&resize=700%2C400 2x, https:\/\/i0.wp.com\/www.musique-cordiale.com\/wp-content\/uploads\/2025\/04\/WhatsApp-Image-2025-04-22-at-14.37.37_8ee7f22c-Jetse-and-Isla-2025.jpg?fit=1200%2C653&ssl=1&resize=1050%2C600 3x"},"classes":[]},{"id":48773,"url":"https:\/\/www.musique-cordiale.com\/fr\/boutique-billetterie\/6-heures-le-6-concert-gratuit-en-debut-de-soiree-amsterdam-jazz-dans-la-fraicheur-de-la-chapelle-saint-donat-en-contrebas-de-callian-mercredi-6-aout-18h\/","url_meta":{"origin":23304,"position":3},"title":"FREE &#038; FUN! CONCERT GRATUIT ET AMUSANT en d\u00e9but de soir\u00e9e : Amsterdam Jazz, dans la fra\u00eecheur de la Chapelle Saint-Donat, en contrebas de Callian, jeudi 5 ao\u00fbt, 18h","author":"Jonathan Barker","date":"28\/04\/2025","format":false,"excerpt":"Isla Van Hout, \u00e0 la voix suave, et Jetse de Jong, qui font preuve de rapidit\u00e9, de polyvalence et de talent au piano, avec un \u00ab\u00a0EXTRAIT GRATUIT\u00a0\u00bb avant le d\u00eener, avant de d\u00e9couvrir ce qu'elles proposeront \u00e9galement sur une grande sc\u00e8ne le lendemain \u00e0 Seillans. Comme l'ann\u00e9e derni\u00e8re, ce CONCERT\u2026","rel":"","context":"Article similaire","block_context":{"text":"Article similaire","link":""},"img":{"alt_text":"","src":"https:\/\/i0.wp.com\/www.musique-cordiale.com\/wp-content\/uploads\/2025\/04\/WhatsApp-Image-2025-05-06-at-14.30.08_cbd15dc5-Jetse-Isla-2.jpg?fit=1200%2C524&ssl=1&resize=350%2C200","width":350,"height":200,"srcset":"https:\/\/i0.wp.com\/www.musique-cordiale.com\/wp-content\/uploads\/2025\/04\/WhatsApp-Image-2025-05-06-at-14.30.08_cbd15dc5-Jetse-Isla-2.jpg?fit=1200%2C524&ssl=1&resize=350%2C200 1x, https:\/\/i0.wp.com\/www.musique-cordiale.com\/wp-content\/uploads\/2025\/04\/WhatsApp-Image-2025-05-06-at-14.30.08_cbd15dc5-Jetse-Isla-2.jpg?fit=1200%2C524&ssl=1&resize=525%2C300 1.5x, https:\/\/i0.wp.com\/www.musique-cordiale.com\/wp-content\/uploads\/2025\/04\/WhatsApp-Image-2025-05-06-at-14.30.08_cbd15dc5-Jetse-Isla-2.jpg?fit=1200%2C524&ssl=1&resize=700%2C400 2x, https:\/\/i0.wp.com\/www.musique-cordiale.com\/wp-content\/uploads\/2025\/04\/WhatsApp-Image-2025-05-06-at-14.30.08_cbd15dc5-Jetse-Isla-2.jpg?fit=1200%2C524&ssl=1&resize=1050%2C600 3x"},"classes":[]},{"id":45172,"url":"https:\/\/www.musique-cordiale.com\/fr\/boutique-billetterie\/7-aout-2024-7pm-une-soiree-de-jazz-et-chansons-francaises-eau-de-chansons-callian-st-donat-copy\/","url_meta":{"origin":23304,"position":4},"title":"8 ao\u00fbt 2024, 21h: une soir\u00e9e de chansons fran\u00e7aises, de jazz et de la musique populaire: \u00ab\u00a0EAU DE CHANSONS 2\u00a0\u00bb, Seillans (nouvelle scene de l&rsquo;ancienne gare)","author":"Jonathan Barker","date":"19\/04\/2024","format":false,"excerpt":"WIEBKE ET LES GAR\u00c7ONS: | chansons comme Brel, Michel le Grand, Edith Piaf, Charles Aznavour, Serge Gainsbourg et de Fran\u00e7oise Hardy et Jacques Dutronc | |Venez chanter avec ces fabuleux interpr\u00e8tes franco-n\u00e9erlandais | Wiebke Bonnet, voix | Jean Louis van Dam, piano | Marcel Booji, contrabasse | Frank auf dem\u2026","rel":"","context":"Article similaire","block_context":{"text":"Article similaire","link":""},"img":{"alt_text":"","src":"https:\/\/i0.wp.com\/www.musique-cordiale.com\/wp-content\/uploads\/2024\/04\/Wiebke-et-les-Garcons2.png?fit=1200%2C597&ssl=1&resize=350%2C200","width":350,"height":200,"srcset":"https:\/\/i0.wp.com\/www.musique-cordiale.com\/wp-content\/uploads\/2024\/04\/Wiebke-et-les-Garcons2.png?fit=1200%2C597&ssl=1&resize=350%2C200 1x, https:\/\/i0.wp.com\/www.musique-cordiale.com\/wp-content\/uploads\/2024\/04\/Wiebke-et-les-Garcons2.png?fit=1200%2C597&ssl=1&resize=525%2C300 1.5x, https:\/\/i0.wp.com\/www.musique-cordiale.com\/wp-content\/uploads\/2024\/04\/Wiebke-et-les-Garcons2.png?fit=1200%2C597&ssl=1&resize=700%2C400 2x, https:\/\/i0.wp.com\/www.musique-cordiale.com\/wp-content\/uploads\/2024\/04\/Wiebke-et-les-Garcons2.png?fit=1200%2C597&ssl=1&resize=1050%2C600 3x"},"classes":[]},{"id":20313,"url":"https:\/\/www.musique-cordiale.com\/fr\/boutique-billetterie\/billet-musique-cordiale-vendredi-late-concert-jazz-speciale-piano-et-voix-22h30-vendredi-3-aout-2018-copy\/","url_meta":{"origin":23304,"position":5},"title":"&lsquo;Vendredi LATE&rsquo; concert: Jazz speciale: piano et voix","author":"Jonathan Barker","date":"16\/04\/2018","format":false,"excerpt":"Floris Kappeyne,\u00a0piano Isla van Hout,\u00a0voix Tijs Klaassen,\u00a0contrebasse Wouter K\u00fchne,\u00a0percussion","rel":"","context":"Article similaire","block_context":{"text":"Article similaire","link":""},"img":{"alt_text":"","src":"https:\/\/i0.wp.com\/www.musique-cordiale.com\/wp-content\/uploads\/2018\/03\/MC2018-Isla-van-Hout.jpg?fit=1152%2C896&ssl=1&resize=350%2C200","width":350,"height":200,"srcset":"https:\/\/i0.wp.com\/www.musique-cordiale.com\/wp-content\/uploads\/2018\/03\/MC2018-Isla-van-Hout.jpg?fit=1152%2C896&ssl=1&resize=350%2C200 1x, https:\/\/i0.wp.com\/www.musique-cordiale.com\/wp-content\/uploads\/2018\/03\/MC2018-Isla-van-Hout.jpg?fit=1152%2C896&ssl=1&resize=525%2C300 1.5x, https:\/\/i0.wp.com\/www.musique-cordiale.com\/wp-content\/uploads\/2018\/03\/MC2018-Isla-van-Hout.jpg?fit=1152%2C896&ssl=1&resize=700%2C400 2x, https:\/\/i0.wp.com\/www.musique-cordiale.com\/wp-content\/uploads\/2018\/03\/MC2018-Isla-van-Hout.jpg?fit=1152%2C896&ssl=1&resize=1050%2C600 3x"},"classes":[]}],"_links":{"self":[{"href":"https:\/\/www.musique-cordiale.com\/fr\/wp-json\/wp\/v2\/product\/23304","targetHints":{"allow":["GET"]}}],"collection":[{"href":"https:\/\/www.musique-cordiale.com\/fr\/wp-json\/wp\/v2\/product"}],"about":[{"href":"https:\/\/www.musique-cordiale.com\/fr\/wp-json\/wp\/v2\/types\/product"}],"wp:featuredmedia":[{"embeddable":true,"href":"https:\/\/www.musique-cordiale.com\/fr\/wp-json\/wp\/v2\/media\/23585"}],"wp:attachment":[{"href":"https:\/\/www.musique-cordiale.com\/fr\/wp-json\/wp\/v2\/media?parent=23304"}],"wp:term":[{"taxonomy":"product_brand","embeddable":true,"href":"https:\/\/www.musique-cordiale.com\/fr\/wp-json\/wp\/v2\/product_brand?post=23304"},{"taxonomy":"product_cat","embeddable":true,"href":"https:\/\/www.musique-cordiale.com\/fr\/wp-json\/wp\/v2\/product_cat?post=23304"},{"taxonomy":"product_tag","embeddable":true,"href":"https:\/\/www.musique-cordiale.com\/fr\/wp-json\/wp\/v2\/product_tag?post=23304"},{"taxonomy":"venue","embeddable":true,"href":"https:\/\/www.musique-cordiale.com\/fr\/wp-json\/wp\/v2\/venue?post=23304"}],"curies":[{"name":"wp","href":"https:\/\/api.w.org\/{rel}","templated":true}]}}