{"id":31601,"date":"2020-01-09T17:27:40","date_gmt":"2020-01-09T17:27:40","guid":{"rendered":"https:\/\/www.musique-cordiale.com\/?post_type=product&#038;p=31601"},"modified":"2020-01-09T17:48:17","modified_gmt":"2020-01-09T17:48:17","slug":"rejoignez-le-choeur-avant-20-janvier-2020-reservations-anticipees-a","status":"publish","type":"product","link":"https:\/\/www.musique-cordiale.com\/fr\/boutique-billetterie\/rejoignez-le-choeur-avant-20-janvier-2020-reservations-anticipees-a\/","title":{"rendered":"Rejoignez le choeur du Festival 2020 avant 20 janvier 2020: r\u00e9servations anticip\u00e9es (A) **"},"content":{"rendered":"<p>Voir le formulaire d&rsquo;inscription (version fran\u00e7aise \/ Euro \u20ac) ou la page d&rsquo;informations du choeur 2020 pour plus de d\u00e9tails<\/p>\n<h6>Veuillez noter que cette ann\u00e9e, en raison des incertitudes li\u00e9es au Brexit et \u00e0 l&#8217;emplacement, le processus de r\u00e9servation et d&rsquo;inscription est diff\u00e9rent. L&rsquo;inscription \u00e0 la chorale est OUVERTE MAINTENANT. Mais, nous commen\u00e7ons un peu plus tard le processus de r\u00e9servation pour l&rsquo;h\u00e9bergement et la nourriture (et tout voyage). (Nous ne serons pas en mesure de fournir tous les d\u00e9tails des arrangements de voyage et d&rsquo;h\u00e9bergement ou les prix avant le d\u00e9but de f\u00e9vrier de cette ann\u00e9e. Les prix pour les \u00e9v\u00e9nements d&rsquo;\u00e9t\u00e9 et d&rsquo;automne en 2019 peuvent \u00eatre un guide approximatif). Mais nous vous demandons toujours votre engagement initial en remplissant simplement un formulaire d&rsquo;inscription et en payant votre participation \u00e0 la chorale, comme pr\u00e9c\u00e9demment. Tous les paiements continuent d&rsquo;\u00eatre remboursables jusqu&rsquo;aux dates d&rsquo;application pertinentes<\/h6>\n<div class=\"row\">\n<div class=\"columns large-8 medium-8\">\n<ul>\n<li><strong>20 janvier 2020: r\u00e9servations anticip\u00e9es (A)<\/strong> <em>**: r\u00e9servez avant et payez le d\u00e9p\u00f4t minimum avant le 20 janvier 2020 pour obtenir 10% de r\u00e9duction sur vos frais de participation (pour toute personne qui paie au moins le d\u00e9p\u00f4t minimum). <\/em><\/li>\n<\/ul>\n<h2><strong>Prix cl\u00e9s:<\/strong><\/h2>\n<p><i class=\"fi-check\"><\/i>\u00a0(<strong>d\u00e9p\u00f4t minimum<\/strong>: 600\u20ac \/ \u00a3525 par participant r\u00e9sidentiel OU au moins 265 \u20ac \/ \u00a3225 pour les participants non r\u00e9sidents)<br \/>\n<strong>\u00a0<i class=\"fi-check\"><\/i>\u00a0abonnement\u00a0 comme adh\u00e9rent<\/strong>\u00a030 \u20ac \/ \u00a325 (ou devenez un ami \u00e0 partir de 175 \u20ac\/ \u00a3150)<br \/>\n<strong>\u00a0<i class=\"fi-check\"><\/i>\u00a0participation au choeur<\/strong>: 470 \u20ac \/ \u00a3400 comprenant des collations, du th\u00e9, du caf\u00e9 (moins remise pour les residents permanents du region PACA)<br \/>\n<strong>\u00a0<i class=\"fi-check\"><\/i>\u00a0h\u00e9bergement, 9 nuits<\/strong>\u00a0(Acompte \u201dh\u00e9bergement \u00e0 la premi\u00e8re inscription: 300\u20ac \/ \u00a3250\u00a0\u00a0 + options allant de 200 \u00a3 et plus par personne)<br \/>\n<strong>\u00a0<i class=\"fi-check\"><\/i>\u00a0forfait d\u00eener, 8 nuits<\/strong>\u00a0235 \u20ac \/ \u00a3200 (certains d\u00eeners individuels avec du vin certains soirs 30 \u20ac peuvent \u00eatre r\u00e9serv\u00e9s en ligne plus tard)<br \/>\n<strong>\u00a0<i class=\"fi-check\"><\/i>\u00a0billets de concert<\/strong>\u00a0(gratuits lorsque vous jouez) en vente en ligne \u00e0 partir de P\u00e2ques et \u00e0 la porte<\/p>\n<\/div>\n<\/div>\n","protected":false},"excerpt":{"rendered":"<p>Voir le formulaire d&rsquo;inscription (version fran\u00e7aise \/ Euro \u20ac) ou la page d&rsquo;informations du choeur 2020 pour plus de d\u00e9tails<\/p>\n<h6>Veuillez noter que cette ann\u00e9e, en raison des incertitudes li\u00e9es au Brexit et \u00e0 l&#8217;emplacement, le processus de r\u00e9servation et d&rsquo;inscription est diff\u00e9rent. L&rsquo;inscription \u00e0 la chorale est OUVERTE MAINTENANT. Mais, nous commen\u00e7ons un peu plus tard le processus de r\u00e9servation pour l&rsquo;h\u00e9bergement et la nourriture (et tout voyage). (Nous ne serons pas en mesure de fournir tous les d\u00e9tails des arrangements de voyage et d&rsquo;h\u00e9bergement ou les prix avant le d\u00e9but de f\u00e9vrier de cette ann\u00e9e. Les prix pour les \u00e9v\u00e9nements d&rsquo;\u00e9t\u00e9 et d&rsquo;automne en 2019 peuvent \u00eatre un guide approximatif). Mais nous vous demandons toujours votre engagement initial en remplissant simplement un formulaire d&rsquo;inscription et en payant votre participation \u00e0 la chorale, comme pr\u00e9c\u00e9demment. Tous les paiements continuent d&rsquo;\u00eatre remboursables jusqu&rsquo;aux dates d&rsquo;application pertinentes<\/h6>\n<div class=\"row\">\n<div class=\"columns large-8 medium-8\">\n<ul>\n<li><strong>20 janvier 2020: r\u00e9servations anticip\u00e9es (A)<\/strong> <em>**: r\u00e9servez avant et payez le d\u00e9p\u00f4t minimum avant le 20 janvier 2020 pour obtenir 10% de r\u00e9duction sur vos frais de participation (pour toute personne qui paie au moins le d\u00e9p\u00f4t minimum). <\/em><\/li>\n<\/ul>\n<h2><strong>Prix cl\u00e9s:<\/strong><\/h2>\n<p><i class=\"fi-check\"><\/i>\u00a0(<strong>d\u00e9p\u00f4t minimum<\/strong>: 600\u20ac \/ \u00a3525 par participant r\u00e9sidentiel OU au moins 265 \u20ac \/ \u00a3225 pour les participants non r\u00e9sidents)<br \/>\n<strong>\u00a0<i class=\"fi-check\"><\/i>\u00a0abonnement\u00a0 comme adh\u00e9rent<\/strong>\u00a030 \u20ac \/ \u00a325 (ou devenez un ami \u00e0 partir de 175 \u20ac\/ \u00a3150)<br \/>\n<strong>\u00a0<i class=\"fi-check\"><\/i>\u00a0participation au choeur<\/strong>: 470 \u20ac \/ \u00a3400 comprenant des collations, du th\u00e9, du caf\u00e9 (moins remise pour les residents permanents du region PACA)<br \/>\n<strong>\u00a0<i class=\"fi-check\"><\/i>\u00a0h\u00e9bergement, 9 nuits<\/strong>\u00a0(Acompte \u201dh\u00e9bergement \u00e0 la premi\u00e8re inscription: 300\u20ac \/ \u00a3250\u00a0\u00a0 + options allant de 200 \u00a3 et plus par personne)<br \/>\n<strong>\u00a0<i class=\"fi-check\"><\/i>\u00a0forfait d\u00eener, 8 nuits<\/strong>\u00a0235 \u20ac \/ \u00a3200 (certains d\u00eeners individuels avec du vin certains soirs 30 \u20ac peuvent \u00eatre r\u00e9serv\u00e9s en ligne plus tard)<br \/>\n<strong>\u00a0<i class=\"fi-check\"><\/i>\u00a0billets de concert<\/strong>\u00a0(gratuits lorsque vous jouez) en vente en ligne \u00e0 partir de P\u00e2ques et \u00e0 la porte<\/p>\n<\/div>\n<\/div>\n","protected":false},"featured_media":0,"template":"","meta":{"_acf_changed":false,"_monsterinsights_skip_tracking":false,"_monsterinsights_sitenote_active":false,"_monsterinsights_sitenote_note":"","_monsterinsights_sitenote_category":0,"_uf_show_specific_survey":0,"_uf_disable_surveys":false,"advanced_seo_description":"","jetpack_seo_html_title":"","jetpack_seo_noindex":false},"product_brand":[],"product_cat":[320,321,225],"product_tag":[322],"venue":[],"class_list":{"0":"post-31601","1":"product","2":"type-product","3":"status-publish","5":"product_cat-choeur-2","6":"product_cat-festival-2020-2","7":"product_cat-uncategorized-fr","8":"product_tag-choeur-fr","10":"first","11":"instock","12":"shipping-taxable","13":"purchasable","14":"product-type-variable"},"acf":[],"jetpack_sharing_enabled":true,"jetpack-related-posts":[{"id":38914,"url":"https:\/\/www.musique-cordiale.com\/fr\/boutique-billetterie\/soiree-musicale-diner-de-gala-pre-festival-collecte-de-fonds\/","url_meta":{"origin":31601,"position":0},"title":"Ev\u00e9nement convivial pour lancer le festival 2023 &#8211; Soir\u00e9e Musicale, D\u00eener de gala &amp; Collecte de Fonds pre-festival &#8211; MAINTENANT FERM\u00c9","author":"Jonathan Barker","date":"17\/05\/2023","format":false,"excerpt":"19h30 (7:30 PM) Aidan Coburn (t\u00e9nor) Will Harris (violoncelle) & Rebecca Taylor (piano) ap\u00e9ritifs de 19h30 D\u00eener 20h REJOIGNEZ-NOUS pour cet \u00e9v\u00e9nement annuel populaire et m\u00e9morable pour LANCER LE FESTIVAL 2023 alors qu'il revient au Pays de Fayence cet \u00e9t\u00e9 pour sa 19\u00e8me \u00e9dition annuelle ! les prix apparaissent dans\u2026","rel":"","context":"Article similaire","block_context":{"text":"Article similaire","link":""},"img":{"alt_text":"","src":"https:\/\/i0.wp.com\/www.musique-cordiale.com\/wp-content\/uploads\/2017\/02\/dinner-and-music-2.jpg?fit=1200%2C900&ssl=1&resize=350%2C200","width":350,"height":200,"srcset":"https:\/\/i0.wp.com\/www.musique-cordiale.com\/wp-content\/uploads\/2017\/02\/dinner-and-music-2.jpg?fit=1200%2C900&ssl=1&resize=350%2C200 1x, https:\/\/i0.wp.com\/www.musique-cordiale.com\/wp-content\/uploads\/2017\/02\/dinner-and-music-2.jpg?fit=1200%2C900&ssl=1&resize=525%2C300 1.5x, https:\/\/i0.wp.com\/www.musique-cordiale.com\/wp-content\/uploads\/2017\/02\/dinner-and-music-2.jpg?fit=1200%2C900&ssl=1&resize=700%2C400 2x, https:\/\/i0.wp.com\/www.musique-cordiale.com\/wp-content\/uploads\/2017\/02\/dinner-and-music-2.jpg?fit=1200%2C900&ssl=1&resize=1050%2C600 3x"},"classes":[]},{"id":48426,"url":"https:\/\/www.musique-cordiale.com\/fr\/boutique-billetterie\/evenement-special-pre-festival-diner-de-collecte-de-fonds-exaltant-et-convivial-avec-musique-et-boissons-au-mas-des-romarins-dans-la-vallee-en-contrebas-de-fayence-le-29-juillet-2025\/","url_meta":{"origin":31601,"position":1},"title":"\u00c9v\u00e9nement sp\u00e9cial pr\u00e9-festival : SOIR\u00c9E DE GALA &#8211; d\u00eener de collecte de fonds exaltant et convivial avec musique et boissons &#8211; au Mas des Romarins, dans la vall\u00e9e en contrebas de Fayence, le 29 juillet 2025 : **EVENEMENT COMPLET : PLUS DE R\u00c9SERVATIONS S&rsquo;IL VOUS PLA\u00ceT","author":"Jonathan Barker","date":"17\/04\/2025","format":false,"excerpt":"***Maintenant COMPLET PLUS DE NOUVELLES R\u00c9SERVATIONS s'il vous pla\u00eet (mais les commandes en souffrance peuvent \u00eatre possibles plus pr\u00e8s de la date - UNIQUEMENT si nous avons des annulations ??) : VEUILLEZ PAYER SI VOUS AVEZ R\u00c9SERV\u00c9 !*** *** SOIR\u00c9E DE GALA AU PROFIT DE MUSIQUE-CORDIALE Voir PLUS DE D\u00c9TAILS\u2026","rel":"","context":"Article similaire","block_context":{"text":"Article similaire","link":""},"img":{"alt_text":"","src":"https:\/\/i0.wp.com\/www.musique-cordiale.com\/wp-content\/uploads\/2025\/04\/Image-2025-04-17-at-12.49.46_b5130be5-Mas-de-Romarins-2024.jpg?fit=1200%2C676&ssl=1&resize=350%2C200","width":350,"height":200,"srcset":"https:\/\/i0.wp.com\/www.musique-cordiale.com\/wp-content\/uploads\/2025\/04\/Image-2025-04-17-at-12.49.46_b5130be5-Mas-de-Romarins-2024.jpg?fit=1200%2C676&ssl=1&resize=350%2C200 1x, https:\/\/i0.wp.com\/www.musique-cordiale.com\/wp-content\/uploads\/2025\/04\/Image-2025-04-17-at-12.49.46_b5130be5-Mas-de-Romarins-2024.jpg?fit=1200%2C676&ssl=1&resize=525%2C300 1.5x, https:\/\/i0.wp.com\/www.musique-cordiale.com\/wp-content\/uploads\/2025\/04\/Image-2025-04-17-at-12.49.46_b5130be5-Mas-de-Romarins-2024.jpg?fit=1200%2C676&ssl=1&resize=700%2C400 2x, https:\/\/i0.wp.com\/www.musique-cordiale.com\/wp-content\/uploads\/2025\/04\/Image-2025-04-17-at-12.49.46_b5130be5-Mas-de-Romarins-2024.jpg?fit=1200%2C676&ssl=1&resize=1050%2C600 3x"},"classes":[]},{"id":48409,"url":"https:\/\/www.musique-cordiale.com\/fr\/boutique-billetterie\/stabat-mater-du-dixit-dominus-de-pergolese-et-haendel-eglise-de-bagnols-en-foret-19h-4-aout-2025\/","url_meta":{"origin":31601,"position":2},"title":"Quatre Saisons et Dixit Dominus &#8211; interpr\u00e9t\u00e9s par les fabuleux solistes et orchestre de Musique-Cordiale, \u00e9glise de Bagnols-en-For\u00eat, 19h, le 4 ao\u00fbt 2025","author":"Jonathan Barker","date":"04\/04\/2025","format":false,"excerpt":"Les Quatre Saisons de Vivaldi et \u00ab Dixit Dominus \u00bb de Haendel + \u00ab Suite Abdelazar \u00bb de Purcell - Dixit Dominus est l'une des \u0153uvres les plus appr\u00e9ci\u00e9es de Haendel. Elle a \u00e9t\u00e9 interpr\u00e9t\u00e9e au fil des ans par Musique-Cordiale par des ch\u0153urs de diff\u00e9rentes tailles, dont une fois\u2026","rel":"","context":"Article similaire","block_context":{"text":"Article similaire","link":""},"img":{"alt_text":"","src":"https:\/\/i0.wp.com\/www.musique-cordiale.com\/wp-content\/uploads\/2023\/05\/Concert_in_Bagnols-en-Foret_France-scaled.jpg?fit=1200%2C800&ssl=1&resize=350%2C200","width":350,"height":200,"srcset":"https:\/\/i0.wp.com\/www.musique-cordiale.com\/wp-content\/uploads\/2023\/05\/Concert_in_Bagnols-en-Foret_France-scaled.jpg?fit=1200%2C800&ssl=1&resize=350%2C200 1x, https:\/\/i0.wp.com\/www.musique-cordiale.com\/wp-content\/uploads\/2023\/05\/Concert_in_Bagnols-en-Foret_France-scaled.jpg?fit=1200%2C800&ssl=1&resize=525%2C300 1.5x, https:\/\/i0.wp.com\/www.musique-cordiale.com\/wp-content\/uploads\/2023\/05\/Concert_in_Bagnols-en-Foret_France-scaled.jpg?fit=1200%2C800&ssl=1&resize=700%2C400 2x, https:\/\/i0.wp.com\/www.musique-cordiale.com\/wp-content\/uploads\/2023\/05\/Concert_in_Bagnols-en-Foret_France-scaled.jpg?fit=1200%2C800&ssl=1&resize=1050%2C600 3x"},"classes":[]},{"id":23106,"url":"https:\/\/www.musique-cordiale.com\/fr\/boutique-billetterie\/billet-24-juillet-2018-collecte-de-fonds-annuelle-soiree-musicale-diner-fund-raising-evening\/","url_meta":{"origin":31601,"position":3},"title":"BILLET: 5 ao\u00fbt 2019 &#8211; Collecte de fonds annuelle, Soir\u00e9e Musicale, D\u00eener &#8211; Fund-raising evening","author":"Jonathan Barker","date":"25\/03\/2019","format":false,"excerpt":"19h (7PM), Moulin de la Camandoule, Fayence un \u00e9v\u00e9nement pr\u00e9-ouverture du Festival 2019 Ruth Harrison (fl\u00fbte), Colette Overdijk (violon), Ian Anderson (alto), Sophie Haynes (violoncelle) & Rebecca Taylor (piano) disponible uniquement sur r\u00e9servation \u00a0le Moulin de Camandoule, 83440, Fayence entre Seillans et Fayence","rel":"","context":"Article similaire","block_context":{"text":"Article similaire","link":""},"img":{"alt_text":"","src":"https:\/\/i0.wp.com\/www.musique-cordiale.com\/wp-content\/uploads\/2016\/05\/0242631178.jpg?fit=876%2C657&ssl=1&resize=350%2C200","width":350,"height":200,"srcset":"https:\/\/i0.wp.com\/www.musique-cordiale.com\/wp-content\/uploads\/2016\/05\/0242631178.jpg?fit=876%2C657&ssl=1&resize=350%2C200 1x, https:\/\/i0.wp.com\/www.musique-cordiale.com\/wp-content\/uploads\/2016\/05\/0242631178.jpg?fit=876%2C657&ssl=1&resize=525%2C300 1.5x, https:\/\/i0.wp.com\/www.musique-cordiale.com\/wp-content\/uploads\/2016\/05\/0242631178.jpg?fit=876%2C657&ssl=1&resize=700%2C400 2x"},"classes":[]},{"id":44911,"url":"https:\/\/www.musique-cordiale.com\/fr\/boutique-billetterie\/concert-fund-raiser-to-launch-the-2024-festival\/","url_meta":{"origin":31601,"position":4},"title":"30 juillet 2024, 19h: Concert et &lsquo;SOIR\u00c9E MUSICALE&rsquo; pour lancer le Festival Musique-Cordiale 2024: Musique, Vin et d\u00e9licieux ap\u00e9ritif dinatoire","author":"Jonathan Barker","date":"31\/03\/2024","format":false,"excerpt":"Rebecca Hardwick, soprano | Aidan Coburn, t\u00e9nor | Rebecca Taylor, piano | Will Harris, violoncelle | James Heathcote, violoncelle | Les musiciens du Festival 2024 |Concert de Gala et D\u00eener dans le cadre champ\u00eatre du Domaine Val d\u2019Iris pour la pr\u00e9sentation de nos merveilleux artistes qui se produiront au cours\u2026","rel":"","context":"Article similaire","block_context":{"text":"Article similaire","link":""},"img":{"alt_text":"","src":"https:\/\/i0.wp.com\/www.musique-cordiale.com\/wp-content\/uploads\/2019\/03\/Van-dIris-concert-20140804_195100-scaled.jpg?fit=1200%2C675&ssl=1&resize=350%2C200","width":350,"height":200,"srcset":"https:\/\/i0.wp.com\/www.musique-cordiale.com\/wp-content\/uploads\/2019\/03\/Van-dIris-concert-20140804_195100-scaled.jpg?fit=1200%2C675&ssl=1&resize=350%2C200 1x, https:\/\/i0.wp.com\/www.musique-cordiale.com\/wp-content\/uploads\/2019\/03\/Van-dIris-concert-20140804_195100-scaled.jpg?fit=1200%2C675&ssl=1&resize=525%2C300 1.5x, https:\/\/i0.wp.com\/www.musique-cordiale.com\/wp-content\/uploads\/2019\/03\/Van-dIris-concert-20140804_195100-scaled.jpg?fit=1200%2C675&ssl=1&resize=700%2C400 2x, https:\/\/i0.wp.com\/www.musique-cordiale.com\/wp-content\/uploads\/2019\/03\/Van-dIris-concert-20140804_195100-scaled.jpg?fit=1200%2C675&ssl=1&resize=1050%2C600 3x"},"classes":[]},{"id":15021,"url":"https:\/\/www.musique-cordiale.com\/fr\/boutique-billetterie\/mecene-argent-2017\/","url_meta":{"origin":31601,"position":5},"title":"Donateur d&rsquo;argent 2024-25","author":"Jonathan Barker","date":"13\/03\/2016","format":false,"excerpt":". M\u00e9c\u00e8ne Argent Les m\u00e9c\u00e8nes re\u00e7oivent tous les avantages d'\u00eatre ami du festival, plus une mention sp\u00e9ciale dans notre programme et sur nos sites internet. Nos m\u00e9c\u00e8nes argent et or constituent notre cercle sp\u00e9cial de supporters qui nous aident \u00e0 assurer l\u2019avenir du festival en s\u2019engageant \u00e0 offrir un don\u2026","rel":"","context":"Article similaire","block_context":{"text":"Article similaire","link":""},"img":{"alt_text":"","src":"https:\/\/i0.wp.com\/www.musique-cordiale.com\/wp-content\/uploads\/2014\/04\/CQ4A4112-e1475585516735.jpg?fit=1200%2C1144&ssl=1&resize=350%2C200","width":350,"height":200,"srcset":"https:\/\/i0.wp.com\/www.musique-cordiale.com\/wp-content\/uploads\/2014\/04\/CQ4A4112-e1475585516735.jpg?fit=1200%2C1144&ssl=1&resize=350%2C200 1x, https:\/\/i0.wp.com\/www.musique-cordiale.com\/wp-content\/uploads\/2014\/04\/CQ4A4112-e1475585516735.jpg?fit=1200%2C1144&ssl=1&resize=525%2C300 1.5x, https:\/\/i0.wp.com\/www.musique-cordiale.com\/wp-content\/uploads\/2014\/04\/CQ4A4112-e1475585516735.jpg?fit=1200%2C1144&ssl=1&resize=700%2C400 2x, https:\/\/i0.wp.com\/www.musique-cordiale.com\/wp-content\/uploads\/2014\/04\/CQ4A4112-e1475585516735.jpg?fit=1200%2C1144&ssl=1&resize=1050%2C600 3x"},"classes":[]}],"_links":{"self":[{"href":"https:\/\/www.musique-cordiale.com\/fr\/wp-json\/wp\/v2\/product\/31601","targetHints":{"allow":["GET"]}}],"collection":[{"href":"https:\/\/www.musique-cordiale.com\/fr\/wp-json\/wp\/v2\/product"}],"about":[{"href":"https:\/\/www.musique-cordiale.com\/fr\/wp-json\/wp\/v2\/types\/product"}],"wp:attachment":[{"href":"https:\/\/www.musique-cordiale.com\/fr\/wp-json\/wp\/v2\/media?parent=31601"}],"wp:term":[{"taxonomy":"product_brand","embeddable":true,"href":"https:\/\/www.musique-cordiale.com\/fr\/wp-json\/wp\/v2\/product_brand?post=31601"},{"taxonomy":"product_cat","embeddable":true,"href":"https:\/\/www.musique-cordiale.com\/fr\/wp-json\/wp\/v2\/product_cat?post=31601"},{"taxonomy":"product_tag","embeddable":true,"href":"https:\/\/www.musique-cordiale.com\/fr\/wp-json\/wp\/v2\/product_tag?post=31601"},{"taxonomy":"venue","embeddable":true,"href":"https:\/\/www.musique-cordiale.com\/fr\/wp-json\/wp\/v2\/venue?post=31601"}],"curies":[{"name":"wp","href":"https:\/\/api.w.org\/{rel}","templated":true}]}}