{"id":39398,"date":"2023-05-25T13:05:27","date_gmt":"2023-05-25T13:05:27","guid":{"rendered":"https:\/\/dev3.musique-cordiale.com\/programme-tickets\/ticket-tuesday-8-august-2023-theatre-de-verdure-fayence-21h-vivaldi-piazzolla-quatre-saisons-une-soiree-de-contrastes-au-coucher-du-soleil\/"},"modified":"2024-05-13T15:57:49","modified_gmt":"2024-05-13T15:57:49","slug":"8-august-2023-vivaldi-piazzolla-quatre-saisons-une-soiree-de-contrastes-au-coucher-du-soleil","status":"publish","type":"product","link":"https:\/\/www.musique-cordiale.com\/fr\/boutique-billetterie\/8-august-2023-vivaldi-piazzolla-quatre-saisons-une-soiree-de-contrastes-au-coucher-du-soleil\/","title":{"rendered":"VIVALDI &#038; PIAZZOLLA &#8211; QUATRE SAISONS, une soir\u00e9e de contrastes au coucher du soleil sur l&rsquo;amphith\u00e9\u00e2tre et les collines voisines, 2023"},"content":{"rendered":"<h6><span style=\"color: #0000ff;\">mardi 8 ao\u00fbt &#8211; an evening of contrasting renditions of Seasons,<em> (relatively)<\/em> ancient and modern<\/span><\/h6>\n<p>Th\u00e9\u00e2tre de Verdure, FAYENCE: 21h <em>(a perfomance as the sun sets)<img data-recalc-dims=\"1\" loading=\"lazy\" decoding=\"async\" class=\"size-medium wp-image-23602 alignleft\" src=\"https:\/\/i0.wp.com\/www.musique-cordiale.com\/wp-content\/uploads\/2019\/03\/MC-in-Fayence-Verdure-2017.jpg?resize=300%2C225&#038;ssl=1\" alt=\"\" width=\"300\" height=\"225\" srcset=\"https:\/\/i0.wp.com\/www.musique-cordiale.com\/wp-content\/uploads\/2019\/03\/MC-in-Fayence-Verdure-2017.jpg?resize=300%2C225&amp;ssl=1 300w, https:\/\/i0.wp.com\/www.musique-cordiale.com\/wp-content\/uploads\/2019\/03\/MC-in-Fayence-Verdure-2017.jpg?resize=750%2C563&amp;ssl=1 750w, https:\/\/i0.wp.com\/www.musique-cordiale.com\/wp-content\/uploads\/2019\/03\/MC-in-Fayence-Verdure-2017.jpg?resize=768%2C576&amp;ssl=1 768w, https:\/\/i0.wp.com\/www.musique-cordiale.com\/wp-content\/uploads\/2019\/03\/MC-in-Fayence-Verdure-2017.jpg?resize=467%2C350&amp;ssl=1 467w, https:\/\/i0.wp.com\/www.musique-cordiale.com\/wp-content\/uploads\/2019\/03\/MC-in-Fayence-Verdure-2017.jpg?resize=600%2C450&amp;ssl=1 600w, https:\/\/i0.wp.com\/www.musique-cordiale.com\/wp-content\/uploads\/2019\/03\/MC-in-Fayence-Verdure-2017.jpg?w=960&amp;ssl=1 960w\" sizes=\"auto, (max-width: 300px) 100vw, 300px\" \/><\/em><\/p>\n<h3><span style=\"color: #800000;\">VIVALDI &amp; PIAZZOLLA:\u00a0 QUATRE SAISONS, une soir\u00e9e de contrastes au coucher du soleil<\/span><\/h3>\n<p>Les c\u00e9l\u00e8bres Quatre Saisons de d&rsquo;Antonio Vivaldi, interpr\u00e9t\u00e9es par Oliver Cave\u2026. Et la remarquable version alternative de d&rsquo;Astor Piazzola, le roi argentin du tango, interpr\u00e9t\u00e9e par Emma Purslow. une soir\u00e9e de musique virtuose pour cordes explorant le printemps, l&rsquo;\u00e9t\u00e9, l&rsquo;automne et l&rsquo;hiver \u00e0 travers les perspectives contrast\u00e9es Vivaldi et Piazzolla. <em>Come and experience how the seasons and styles of top-quality playing change with composers and styles over time!<\/em><\/p>\n<p><strong>VIVALDI: Sinfonia en Re Majeur<\/strong><\/p>\n<p><strong>PIAZZOLLA: Les Quatre Saisons de Buenos Aires<\/strong>, <em>Emma Purslow, violon<\/em><\/p>\n<p><strong>VIVALDI: Les Quatre Saisons<\/strong> <em>Oliver Cave, violon<\/em><\/p>\n","protected":false},"excerpt":{"rendered":"<p>Les c\u00e9l\u00e8bres Quatre Saisons de d&rsquo;Antonio Vivaldi, interpr\u00e9t\u00e9es par Oliver Cave\u2026. Et la remarquable version alternative de d&rsquo;Astor Piazzola, le roi argentin du tango, interpr\u00e9t\u00e9e par Emma Purslow. une soir\u00e9e de musique virtuose pour cordes explorant le printemps, l&rsquo;\u00e9t\u00e9, l&rsquo;automne et l&rsquo;hiver \u00e0 travers les perspectives contrast\u00e9es Vivaldi et Piazzolla. <em>Come and experience how the seasons and styles of top-quality playing change with composers and styles over time!<\/em><\/p>\n","protected":false},"featured_media":37840,"template":"","meta":{"_acf_changed":false,"_monsterinsights_skip_tracking":false,"_monsterinsights_sitenote_active":false,"_monsterinsights_sitenote_note":"","_monsterinsights_sitenote_category":0,"_uf_show_specific_survey":0,"_uf_disable_surveys":false,"advanced_seo_description":"","jetpack_seo_html_title":"","jetpack_seo_noindex":false},"product_brand":[],"product_cat":[390],"product_tag":[219,395,281],"venue":[244,149],"class_list":{"0":"post-39398","1":"product","2":"type-product","3":"status-publish","4":"has-post-thumbnail","6":"product_cat-festival-2023-fr","7":"product_tag-billet-fr","8":"product_tag-concert-fr","9":"product_tag-ticket-fr","10":"venue-fayence","11":"venue-theatre-de-verdure","13":"first","14":"instock","15":"shipping-taxable","16":"product-type-variable"},"acf":[],"jetpack_sharing_enabled":true,"jetpack-related-posts":[{"id":39216,"url":"https:\/\/www.musique-cordiale.com\/programme-tickets\/8-august-2023-vivaldi-piazzolla-quatre-saisons-une-soiree-de-contrastes-au-coucher-du-soleil\/","url_meta":{"origin":39398,"position":0},"title":"Concert in the amphitheatre &#8211; VIVALDI &#038; PIAZZOLLA &#8211; FOUR SEASONS, an evening of contrasts as the sun sets over the nearby hills, 21h","author":"Jonathan Barker","date":"25\/05\/2023","format":false,"excerpt":"Les c\u00e9l\u00e8bres Quatre Saisons de d'Antonio Vivaldi, interpr\u00e9t\u00e9es par Oliver Cave\u2026. Et la remarquable version alternative de d'Astor Piazzola, le roi argentin du tango, interpr\u00e9t\u00e9e par Emma Purslow. une soir\u00e9e de musique virtuose pour cordes explorant le printemps, l'\u00e9t\u00e9, l'automne et l'hiver \u00e0 travers les perspectives contrast\u00e9es Vivaldi et Piazzolla.\u2026","rel":"","context":"Article similaire","block_context":{"text":"Article similaire","link":""},"img":{"alt_text":"","src":"https:\/\/i0.wp.com\/www.musique-cordiale.com\/wp-content\/uploads\/2023\/01\/49516009783_28e26a00da_o-1-scaled.jpg?fit=1200%2C900&ssl=1&resize=350%2C200","width":350,"height":200,"srcset":"https:\/\/i0.wp.com\/www.musique-cordiale.com\/wp-content\/uploads\/2023\/01\/49516009783_28e26a00da_o-1-scaled.jpg?fit=1200%2C900&ssl=1&resize=350%2C200 1x, https:\/\/i0.wp.com\/www.musique-cordiale.com\/wp-content\/uploads\/2023\/01\/49516009783_28e26a00da_o-1-scaled.jpg?fit=1200%2C900&ssl=1&resize=525%2C300 1.5x, https:\/\/i0.wp.com\/www.musique-cordiale.com\/wp-content\/uploads\/2023\/01\/49516009783_28e26a00da_o-1-scaled.jpg?fit=1200%2C900&ssl=1&resize=700%2C400 2x, https:\/\/i0.wp.com\/www.musique-cordiale.com\/wp-content\/uploads\/2023\/01\/49516009783_28e26a00da_o-1-scaled.jpg?fit=1200%2C900&ssl=1&resize=1050%2C600 3x"},"classes":[]},{"id":48409,"url":"https:\/\/www.musique-cordiale.com\/fr\/boutique-billetterie\/stabat-mater-du-dixit-dominus-de-pergolese-et-haendel-eglise-de-bagnols-en-foret-19h-4-aout-2025\/","url_meta":{"origin":39398,"position":1},"title":"Quatre Saisons et Dixit Dominus &#8211; interpr\u00e9t\u00e9s par les fabuleux solistes et orchestre de Musique-Cordiale, \u00e9glise de Bagnols-en-For\u00eat, 19h, le 4 ao\u00fbt 2025","author":"Jonathan Barker","date":"04\/04\/2025","format":false,"excerpt":"Les Quatre Saisons de Vivaldi et \u00ab Dixit Dominus \u00bb de Haendel + \u00ab Suite Abdelazar \u00bb de Purcell - Dixit Dominus est l'une des \u0153uvres les plus appr\u00e9ci\u00e9es de Haendel. Elle a \u00e9t\u00e9 interpr\u00e9t\u00e9e au fil des ans par Musique-Cordiale par des ch\u0153urs de diff\u00e9rentes tailles, dont une fois\u2026","rel":"","context":"Article similaire","block_context":{"text":"Article similaire","link":""},"img":{"alt_text":"","src":"https:\/\/i0.wp.com\/www.musique-cordiale.com\/wp-content\/uploads\/2023\/05\/Concert_in_Bagnols-en-Foret_France-scaled.jpg?fit=1200%2C800&ssl=1&resize=350%2C200","width":350,"height":200,"srcset":"https:\/\/i0.wp.com\/www.musique-cordiale.com\/wp-content\/uploads\/2023\/05\/Concert_in_Bagnols-en-Foret_France-scaled.jpg?fit=1200%2C800&ssl=1&resize=350%2C200 1x, https:\/\/i0.wp.com\/www.musique-cordiale.com\/wp-content\/uploads\/2023\/05\/Concert_in_Bagnols-en-Foret_France-scaled.jpg?fit=1200%2C800&ssl=1&resize=525%2C300 1.5x, https:\/\/i0.wp.com\/www.musique-cordiale.com\/wp-content\/uploads\/2023\/05\/Concert_in_Bagnols-en-Foret_France-scaled.jpg?fit=1200%2C800&ssl=1&resize=700%2C400 2x, https:\/\/i0.wp.com\/www.musique-cordiale.com\/wp-content\/uploads\/2023\/05\/Concert_in_Bagnols-en-Foret_France-scaled.jpg?fit=1200%2C800&ssl=1&resize=1050%2C600 3x"},"classes":[]},{"id":45605,"url":"https:\/\/www.musique-cordiale.com\/fr\/boutique-billetterie\/9-aout-2024-19h-vivaldi-4-saisons-haydn-mendelsson-poulenc-bagnols-en-foret\/","url_meta":{"origin":39398,"position":2},"title":"9 ao\u00fbt 2024, 19h: Vivaldi 4 Saisons, Haydn, Mendelsson &#038; Poulenc, Bagnols-en-For\u00eat","author":"Jonathan Barker","date":"20\/04\/2024","format":false,"excerpt":"Haydn Concerto en r\u00e9 majeur pour cor et amp; cordes, Peter Ryan, cor | Mendelssohn Quintette \u00e0 cordes n\u00b0 1 en la majeur | Poulenc Trio pour hautbois, basson et piano, Alex Franklin, hautbois | Jamie King, basson| Rebecca Taylor, piano| \u00a0-o- Vivaldi Les Quatre Saisons Oliver Cave, violon |","rel":"","context":"Article similaire","block_context":{"text":"Article similaire","link":""},"img":{"alt_text":"","src":"https:\/\/i0.wp.com\/www.musique-cordiale.com\/wp-content\/uploads\/2023\/05\/Concert_in_Bagnols-en-Foret_France-scaled.jpg?fit=1200%2C800&ssl=1&resize=350%2C200","width":350,"height":200,"srcset":"https:\/\/i0.wp.com\/www.musique-cordiale.com\/wp-content\/uploads\/2023\/05\/Concert_in_Bagnols-en-Foret_France-scaled.jpg?fit=1200%2C800&ssl=1&resize=350%2C200 1x, https:\/\/i0.wp.com\/www.musique-cordiale.com\/wp-content\/uploads\/2023\/05\/Concert_in_Bagnols-en-Foret_France-scaled.jpg?fit=1200%2C800&ssl=1&resize=525%2C300 1.5x, https:\/\/i0.wp.com\/www.musique-cordiale.com\/wp-content\/uploads\/2023\/05\/Concert_in_Bagnols-en-Foret_France-scaled.jpg?fit=1200%2C800&ssl=1&resize=700%2C400 2x, https:\/\/i0.wp.com\/www.musique-cordiale.com\/wp-content\/uploads\/2023\/05\/Concert_in_Bagnols-en-Foret_France-scaled.jpg?fit=1200%2C800&ssl=1&resize=1050%2C600 3x"},"classes":[]},{"id":45137,"url":"https:\/\/www.musique-cordiale.com\/fr\/boutique-billetterie\/6-aout-2024-21h-vivaldi-etc-au-coucher-du-soleil-theatre-de-verdure-fayence\/","url_meta":{"origin":39398,"position":3},"title":"6 ao\u00fbt 2024, 21h: \u00ab\u00a0CLASSIQUES ROMANTIQUES\u00a0\u00bb au coucher du soleil &#8211; Siegfried Idyll, Strauss Four Last Songs, Tristan de Wagner &#038; Schubert, Th\u00e9\u00e2tre de Verdure, Fayence","author":"Jonathan Barker","date":"19\/04\/2024","format":false,"excerpt":"\"CLASSIQUES ROMANTIQUES\" au coucher du soleil: Siegfried Idyll, Strauss Four Last Songs, Tristan de Wagner & Schubert| concert avec orchestre en plein air | Wagner Siegfried-Idyll | \u00a0Strauss Four Last Songs - Rebecca Hardwick, soprano | Schubert Symphony No. 5 | Graham Ross, direction| -0-| Wagner: Prelude to Tristan and\u2026","rel":"","context":"Article similaire","block_context":{"text":"Article similaire","link":""},"img":{"alt_text":"","src":"https:\/\/i0.wp.com\/www.musique-cordiale.com\/wp-content\/uploads\/2015\/01\/Fayence-orch-NT-scaled.jpg?fit=1200%2C900&ssl=1&resize=350%2C200","width":350,"height":200,"srcset":"https:\/\/i0.wp.com\/www.musique-cordiale.com\/wp-content\/uploads\/2015\/01\/Fayence-orch-NT-scaled.jpg?fit=1200%2C900&ssl=1&resize=350%2C200 1x, https:\/\/i0.wp.com\/www.musique-cordiale.com\/wp-content\/uploads\/2015\/01\/Fayence-orch-NT-scaled.jpg?fit=1200%2C900&ssl=1&resize=525%2C300 1.5x, https:\/\/i0.wp.com\/www.musique-cordiale.com\/wp-content\/uploads\/2015\/01\/Fayence-orch-NT-scaled.jpg?fit=1200%2C900&ssl=1&resize=700%2C400 2x, https:\/\/i0.wp.com\/www.musique-cordiale.com\/wp-content\/uploads\/2015\/01\/Fayence-orch-NT-scaled.jpg?fit=1200%2C900&ssl=1&resize=1050%2C600 3x"},"classes":[]},{"id":48346,"url":"https:\/\/www.musique-cordiale.com\/fr\/boutique-billetterie\/concert-orchestral-au-coucher-du-soleil-a-fayence-theatre-verdure-21h-5-aout-2025\/","url_meta":{"origin":39398,"position":4},"title":"\u00ab\u00a0S\u00e9r\u00e9nades d&rsquo;Amour\u00a0\u00bb\u00a0: Concert orchestral &#8211; avec airs &#8211; au coucher du soleil \u00e0 Fayence\u00a0: Th\u00e9\u00e2tre Verdure, 21\u00a0h, 5\u00a0ao\u00fbt\u00a02025","author":"Jonathan Barker","date":"10\/04\/2025","format":false,"excerpt":"\u00ab\u00a0S\u00e9r\u00e9nades d'amour\u00a0\u00bb \u2013\u00a0au lever de la lune dans le romantique amphith\u00e9\u00e2tre de Fayence\u00a0: Brahms, Elgar, Mendelssohn... et plus encore... 21h, Th\u00e9\u00e2tre de Verdure de Fayence Le grand concert orchestral du Festival dans le magnifique amphith\u00e9\u00e2tre en plein air de Fayence Mendelssohn \u2013 Ouverture des H\u00e9brides Elgar \u2013 S\u00e9r\u00e9nade pour cordes\u2026","rel":"","context":"Article similaire","block_context":{"text":"Article similaire","link":""},"img":{"alt_text":"","src":"https:\/\/i0.wp.com\/www.musique-cordiale.com\/wp-content\/uploads\/2023\/05\/Fayence-Verdure-concert-2019.jpg?fit=1200%2C583&ssl=1&resize=350%2C200","width":350,"height":200,"srcset":"https:\/\/i0.wp.com\/www.musique-cordiale.com\/wp-content\/uploads\/2023\/05\/Fayence-Verdure-concert-2019.jpg?fit=1200%2C583&ssl=1&resize=350%2C200 1x, https:\/\/i0.wp.com\/www.musique-cordiale.com\/wp-content\/uploads\/2023\/05\/Fayence-Verdure-concert-2019.jpg?fit=1200%2C583&ssl=1&resize=525%2C300 1.5x, https:\/\/i0.wp.com\/www.musique-cordiale.com\/wp-content\/uploads\/2023\/05\/Fayence-Verdure-concert-2019.jpg?fit=1200%2C583&ssl=1&resize=700%2C400 2x, https:\/\/i0.wp.com\/www.musique-cordiale.com\/wp-content\/uploads\/2023\/05\/Fayence-Verdure-concert-2019.jpg?fit=1200%2C583&ssl=1&resize=1050%2C600 3x"},"classes":[]},{"id":40953,"url":"https:\/\/www.musique-cordiale.com\/fr\/boutique-billetterie\/season-pass-festival-2023standard-excludes-val-diris\/","url_meta":{"origin":39398,"position":5},"title":"Forfaits saison, concerts du soir 2023","author":"Jonathan Barker","date":"13\/06\/2023","format":false,"excerpt":"A standard SEASON PASS\u00a0 for the 2023 Festival offers entry to all Festival concerts (EXCEPT THE concert at the Domaine Val d'Iris on 9 August or the pre-festival Soir\u00e9e Musicale et Gala Dinner \/ Fund-raiser on 26 July, for which separate reservation is required). STANDARD SEATING ONLY\u00a0 \u20ac125 | A\u2026","rel":"","context":"Article similaire","block_context":{"text":"Article similaire","link":""},"img":{"alt_text":"","src":"https:\/\/i0.wp.com\/www.musique-cordiale.com\/wp-content\/uploads\/2023\/05\/WhatsApp-Image-2022-02-27-at-14.50.10.jpeg?fit=1200%2C675&ssl=1&resize=350%2C200","width":350,"height":200,"srcset":"https:\/\/i0.wp.com\/www.musique-cordiale.com\/wp-content\/uploads\/2023\/05\/WhatsApp-Image-2022-02-27-at-14.50.10.jpeg?fit=1200%2C675&ssl=1&resize=350%2C200 1x, https:\/\/i0.wp.com\/www.musique-cordiale.com\/wp-content\/uploads\/2023\/05\/WhatsApp-Image-2022-02-27-at-14.50.10.jpeg?fit=1200%2C675&ssl=1&resize=525%2C300 1.5x, https:\/\/i0.wp.com\/www.musique-cordiale.com\/wp-content\/uploads\/2023\/05\/WhatsApp-Image-2022-02-27-at-14.50.10.jpeg?fit=1200%2C675&ssl=1&resize=700%2C400 2x, https:\/\/i0.wp.com\/www.musique-cordiale.com\/wp-content\/uploads\/2023\/05\/WhatsApp-Image-2022-02-27-at-14.50.10.jpeg?fit=1200%2C675&ssl=1&resize=1050%2C600 3x"},"classes":[]}],"_links":{"self":[{"href":"https:\/\/www.musique-cordiale.com\/fr\/wp-json\/wp\/v2\/product\/39398","targetHints":{"allow":["GET"]}}],"collection":[{"href":"https:\/\/www.musique-cordiale.com\/fr\/wp-json\/wp\/v2\/product"}],"about":[{"href":"https:\/\/www.musique-cordiale.com\/fr\/wp-json\/wp\/v2\/types\/product"}],"wp:featuredmedia":[{"embeddable":true,"href":"https:\/\/www.musique-cordiale.com\/fr\/wp-json\/wp\/v2\/media\/37840"}],"wp:attachment":[{"href":"https:\/\/www.musique-cordiale.com\/fr\/wp-json\/wp\/v2\/media?parent=39398"}],"wp:term":[{"taxonomy":"product_brand","embeddable":true,"href":"https:\/\/www.musique-cordiale.com\/fr\/wp-json\/wp\/v2\/product_brand?post=39398"},{"taxonomy":"product_cat","embeddable":true,"href":"https:\/\/www.musique-cordiale.com\/fr\/wp-json\/wp\/v2\/product_cat?post=39398"},{"taxonomy":"product_tag","embeddable":true,"href":"https:\/\/www.musique-cordiale.com\/fr\/wp-json\/wp\/v2\/product_tag?post=39398"},{"taxonomy":"venue","embeddable":true,"href":"https:\/\/www.musique-cordiale.com\/fr\/wp-json\/wp\/v2\/venue?post=39398"}],"curies":[{"name":"wp","href":"https:\/\/api.w.org\/{rel}","templated":true}]}}