{"id":39431,"date":"2023-05-25T15:31:09","date_gmt":"2023-05-25T15:31:09","guid":{"rendered":"https:\/\/dev3.musique-cordiale.com\/programme-tickets\/ticket-friday-11-august-2023-eglise-de-saint-andre-tourrettes-9pm-festival-choral-a-tourettes-concert-choral-a-cappella\/"},"modified":"2023-08-11T12:56:32","modified_gmt":"2023-08-11T12:56:32","slug":"11-august-2023festival-choral-a-tourettes-concert-choral-a-cappella","status":"publish","type":"product","link":"https:\/\/www.musique-cordiale.com\/fr\/boutique-billetterie\/11-august-2023festival-choral-a-tourettes-concert-choral-a-cappella\/","title":{"rendered":"\u00ab\u00a0FESTIVAL\u00a0CHORAL\u00a0\u00c0 TOURRETTES\u00a0\u00bb : Concert choral et instrumental &#8211; a cappella et plus"},"content":{"rendered":"<p>vendredi 11 ao\u00fbt<br \/>\n\u00c9glise de Saint-Andr\u00e9, TOURRETTES: 20h<br \/>\nConcert choral a cappella (et plus!), dirig\u00e9 par Graham Ross. Un concert choral avec oeuvres a cappella et accompagn\u00e9s par piano. Les V\u00eapres de Mozart avec ch\u0153ur et solistes, finissent avec la sublime air Laudate Dominum pour soprano solo. Les V\u00eapres de Mozart avec ch\u0153ur et solistes, finissent avec la sublime air Laudate Dominum pour soprano solo.<br \/>\nChloe Morgan soprano<br \/>\nCharlotte King mezzo-soprano<br \/>\nAidan Coburn t\u00e9nor<br \/>\nAndres Feliu baritone<\/p>\n<p>    PURCELL I was glad<br \/>\n    ELGAR O hearken thou<br \/>\n    SCHUBERT Psalm 23<br \/>\n    WALTON Set me as a seal<br \/>\n    HARRIS Holy is the true light<br \/>\n    RUTTER This is the day<br \/>\n    MOZART Vesperae solennes de confessore<\/p>\n<p>Direction: Graham Ross<\/p>\n","protected":false},"excerpt":{"rendered":"<p>FESTIVAL CHORAL \u00c0 TOURRETTES | Concert choral a cappella, dirig\u00e9 par Graham Ross et accompagn\u00e9 par la pianiste Rebecca Taylor avec un interm\u00e8de instrumental solo, comprenant un r\u00e9pertoire de Purcell, Elgar, Schubert, Walton, Harris Rutter et Mozart.<\/p>\n","protected":false},"featured_media":19463,"template":"","meta":{"_acf_changed":false,"_monsterinsights_skip_tracking":false,"_monsterinsights_sitenote_active":false,"_monsterinsights_sitenote_note":"","_monsterinsights_sitenote_category":0,"_uf_show_specific_survey":0,"_uf_disable_surveys":false,"advanced_seo_description":"","jetpack_seo_html_title":"","jetpack_seo_noindex":false},"product_brand":[],"product_cat":[396,275,390],"product_tag":[219,395,281],"venue":[155,255],"class_list":{"0":"post-39431","1":"product","2":"type-product","3":"status-publish","4":"has-post-thumbnail","6":"product_cat-adult-fr","7":"product_cat-billet-varies-fr","8":"product_cat-festival-2023-fr","9":"product_tag-billet-fr","10":"product_tag-concert-fr","11":"product_tag-ticket-fr","12":"venue-eglise-saint-andre","13":"venue-tourrettes","15":"first","16":"instock","17":"shipping-taxable","18":"product-type-variable"},"acf":[],"jetpack_sharing_enabled":true,"jetpack-related-posts":[{"id":39252,"url":"https:\/\/www.musique-cordiale.com\/programme-tickets\/11-august-2023festival-choral-a-tourettes-concert-choral-a-cappella\/","url_meta":{"origin":39431,"position":0},"title":"Evening of choral &#038; instrumental music \u00ab\u00a0FESTIVAL\u00a0CHORAL\u00a0\u00bb\u00a0\u00c0 TOURRETTES &#8211; a cappella &#038; more! 20h","author":"Jonathan Barker","date":"25\/05\/2023","format":false,"excerpt":"FESTIVAL CHORAL \u00c0 TOURRETTES | Concert choral a cappella - with soloists, dirig\u00e9 par Graham Ross et accompagn\u00e9 par la pianiste Rebecca Taylor\u00a0 - avec un interm\u00e8de instrumental solo, comprenant un r\u00e9pertoire de Purcell, Elgar, Schubert, Walton, Harris Rutter et Mozart - with Trumpet & string quartet","rel":"","context":"Article similaire","block_context":{"text":"Article similaire","link":""},"img":{"alt_text":"","src":"https:\/\/i0.wp.com\/www.musique-cordiale.com\/wp-content\/uploads\/2018\/02\/MC-choristes.jpg?fit=562%2C300&ssl=1&resize=350%2C200","width":350,"height":200,"srcset":"https:\/\/i0.wp.com\/www.musique-cordiale.com\/wp-content\/uploads\/2018\/02\/MC-choristes.jpg?fit=562%2C300&ssl=1&resize=350%2C200 1x, https:\/\/i0.wp.com\/www.musique-cordiale.com\/wp-content\/uploads\/2018\/02\/MC-choristes.jpg?fit=562%2C300&ssl=1&resize=525%2C300 1.5x"},"classes":[]},{"id":43575,"url":"https:\/\/www.musique-cordiale.com\/programme-tickets\/43575\/","url_meta":{"origin":39431,"position":1},"title":"CHORAL CONCERT : Handel &#038; Mozart oratorios, Saturday 11 November 2023, Faversham church, 7PM","author":"Jonathan Barker","date":"30\/09\/2023","format":false,"excerpt":"7PM, Saturday 11 November, Church of Mary of Charity, Faversham, ME13 8GZ CHORAL CONCERT: Mozart & Handel Oratorios Musique-Cordiale Festival Choir & Orchestra conductor Graham Ross HANDEL Concerto Grosso Op. 6, No. 2 MOZART Laudate Dominum from Solemn Vespers HANDEL Birthday Ode for Queen Anne MOZART Coronation Mass Tickets for\u2026","rel":"","context":"Article similaire","block_context":{"text":"Article similaire","link":""},"img":{"alt_text":"","src":"https:\/\/i0.wp.com\/www.musique-cordiale.com\/wp-content\/uploads\/2023\/08\/Musique-Cordiale-Seillans-120823-38-scaled.jpg?fit=1200%2C624&ssl=1&resize=350%2C200","width":350,"height":200,"srcset":"https:\/\/i0.wp.com\/www.musique-cordiale.com\/wp-content\/uploads\/2023\/08\/Musique-Cordiale-Seillans-120823-38-scaled.jpg?fit=1200%2C624&ssl=1&resize=350%2C200 1x, https:\/\/i0.wp.com\/www.musique-cordiale.com\/wp-content\/uploads\/2023\/08\/Musique-Cordiale-Seillans-120823-38-scaled.jpg?fit=1200%2C624&ssl=1&resize=525%2C300 1.5x, https:\/\/i0.wp.com\/www.musique-cordiale.com\/wp-content\/uploads\/2023\/08\/Musique-Cordiale-Seillans-120823-38-scaled.jpg?fit=1200%2C624&ssl=1&resize=700%2C400 2x, https:\/\/i0.wp.com\/www.musique-cordiale.com\/wp-content\/uploads\/2023\/08\/Musique-Cordiale-Seillans-120823-38-scaled.jpg?fit=1200%2C624&ssl=1&resize=1050%2C600 3x"},"classes":[]},{"id":48310,"url":"https:\/\/www.musique-cordiale.com\/fr\/boutique-billetterie\/haydn-la-creation-avec-choeur-orchestre-et-solistes-eglise-saint-leger-seillans-10-aout-2025-19-h\/","url_meta":{"origin":39431,"position":2},"title":"Haydn \u00ab \u00ab\u00a0LA CR\u00c9ATION\u00a0\u00bb \u00bb avec ch\u0153ur, orchestre et notre incroyable programmation de solistes vocaux\u00a0: Concert de cl\u00f4ture du Festival, \u00c9glise Saint-L\u00e9ger, SEILLANS, 9 ao\u00fbt 2025, 19 h","author":"Jonathan Barker","date":"09\/04\/2025","format":false,"excerpt":"Haydn \"The Creation\" with choir, orchestra & soloists: Church of St Leger, SEILLANS, 9 August 2025, 7PM Interpr\u00e8tes\u00a0: Maestro \u2013 Graham Ross Soprano \u2013 Rebecca Hardwick Mezzo-soprano \u2013 Hannah Dienes-Williams T\u00e9nor \u2013 Aidan Coburn Baryton \u2013 Patrick Alexander Keefe Avec le Ch\u0153ur et l'Orchestre du Festival Musique-Cordiale L'oratorio retentissant de\u2026","rel":"","context":"Article similaire","block_context":{"text":"Article similaire","link":""},"img":{"alt_text":"","src":"https:\/\/i0.wp.com\/www.musique-cordiale.com\/wp-content\/uploads\/2025\/04\/from-the-little-book-of-Paddy-Lovely.jpg?fit=1200%2C866&ssl=1&resize=350%2C200","width":350,"height":200,"srcset":"https:\/\/i0.wp.com\/www.musique-cordiale.com\/wp-content\/uploads\/2025\/04\/from-the-little-book-of-Paddy-Lovely.jpg?fit=1200%2C866&ssl=1&resize=350%2C200 1x, https:\/\/i0.wp.com\/www.musique-cordiale.com\/wp-content\/uploads\/2025\/04\/from-the-little-book-of-Paddy-Lovely.jpg?fit=1200%2C866&ssl=1&resize=525%2C300 1.5x, https:\/\/i0.wp.com\/www.musique-cordiale.com\/wp-content\/uploads\/2025\/04\/from-the-little-book-of-Paddy-Lovely.jpg?fit=1200%2C866&ssl=1&resize=700%2C400 2x, https:\/\/i0.wp.com\/www.musique-cordiale.com\/wp-content\/uploads\/2025\/04\/from-the-little-book-of-Paddy-Lovely.jpg?fit=1200%2C866&ssl=1&resize=1050%2C600 3x"},"classes":[]},{"id":19866,"url":"https:\/\/www.musique-cordiale.com\/fr\/boutique-billetterie\/billet-fete-allemande-des-voix-chorales-a-cappella-de-bach-schutz-seillans-10-aout-2018\/","url_meta":{"origin":39431,"position":3},"title":"F\u00eate allemande des voix chorales: \u00abA cappella\u00bb de Bach &#038; Schutz","author":"Jonathan Barker","date":"26\/03\/2018","format":false,"excerpt":"Concert a cappella: A German Feast of Choral Voices Choeur du Festival Musique Cordiale Direction: Graham Ross J S Bach \u201cJesu meine Freude\u201d Schutz Deutsches Magnificat Schutz\u00a0\u201cHerr, nun l\u00e4ssest du deinen Diener\u201d Bach \u201cLobet den Herrn\u201d","rel":"","context":"Article similaire","block_context":{"text":"Article similaire","link":""},"img":{"alt_text":"","src":"https:\/\/i0.wp.com\/www.musique-cordiale.com\/wp-content\/uploads\/2011\/03\/MC-choir-2017-scaled.jpg?fit=1200%2C510&ssl=1&resize=350%2C200","width":350,"height":200,"srcset":"https:\/\/i0.wp.com\/www.musique-cordiale.com\/wp-content\/uploads\/2011\/03\/MC-choir-2017-scaled.jpg?fit=1200%2C510&ssl=1&resize=350%2C200 1x, https:\/\/i0.wp.com\/www.musique-cordiale.com\/wp-content\/uploads\/2011\/03\/MC-choir-2017-scaled.jpg?fit=1200%2C510&ssl=1&resize=525%2C300 1.5x, https:\/\/i0.wp.com\/www.musique-cordiale.com\/wp-content\/uploads\/2011\/03\/MC-choir-2017-scaled.jpg?fit=1200%2C510&ssl=1&resize=700%2C400 2x, https:\/\/i0.wp.com\/www.musique-cordiale.com\/wp-content\/uploads\/2011\/03\/MC-choir-2017-scaled.jpg?fit=1200%2C510&ssl=1&resize=1050%2C600 3x"},"classes":[]},{"id":23225,"url":"https:\/\/www.musique-cordiale.com\/programme-tickets\/a-german-feast-of-choral-voices-a-cappella-works-of-bach-schutz\/","url_meta":{"origin":39431,"position":4},"title":"A German Feast of choral voices: &lsquo;A cappella&rsquo; works of Bach &#038; Schutz","author":"Jonathan Barker","date":"26\/03\/2019","format":false,"excerpt":"Concert a cappella: A German Feast of Choral Voices Direction: Graham Ross J S Bach \u201cJesu meine Freude\u201d Schutz Deutsches Magnificat Schutz\u00a0\u201cHerr, nun l\u00e4ssest du deinen Diener\u201d Bach \u201cLobet den Herrn\u201d","rel":"","context":"Article similaire","block_context":{"text":"Article similaire","link":""},"img":{"alt_text":"","src":"https:\/\/i0.wp.com\/www.musique-cordiale.com\/wp-content\/uploads\/2011\/03\/MC-choir-2017-scaled.jpg?fit=1200%2C510&ssl=1&resize=350%2C200","width":350,"height":200,"srcset":"https:\/\/i0.wp.com\/www.musique-cordiale.com\/wp-content\/uploads\/2011\/03\/MC-choir-2017-scaled.jpg?fit=1200%2C510&ssl=1&resize=350%2C200 1x, https:\/\/i0.wp.com\/www.musique-cordiale.com\/wp-content\/uploads\/2011\/03\/MC-choir-2017-scaled.jpg?fit=1200%2C510&ssl=1&resize=525%2C300 1.5x, https:\/\/i0.wp.com\/www.musique-cordiale.com\/wp-content\/uploads\/2011\/03\/MC-choir-2017-scaled.jpg?fit=1200%2C510&ssl=1&resize=700%2C400 2x, https:\/\/i0.wp.com\/www.musique-cordiale.com\/wp-content\/uploads\/2011\/03\/MC-choir-2017-scaled.jpg?fit=1200%2C510&ssl=1&resize=1050%2C600 3x"},"classes":[]},{"id":19853,"url":"https:\/\/www.musique-cordiale.com\/programme-tickets\/billet-a-german-feast-of-choral-voices-a-cappella-works-of-bach-schutz-seillans-10-august-2018\/","url_meta":{"origin":39431,"position":5},"title":"A German Feast of choral voices: &lsquo;A cappella&rsquo; works of Bach &#038; Schutz","author":"Jonathan Barker","date":"26\/03\/2018","format":false,"excerpt":"Concert a cappella: A German Feast of Choral Voices Direction: Graham Ross J S Bach \u201cJesu meine Freude\u201d Schutz Deutsches Magnificat Schutz\u00a0\u201cHerr, nun l\u00e4ssest du deinen Diener\u201d Bach \u201cLobet den Herrn\u201d","rel":"","context":"Article similaire","block_context":{"text":"Article similaire","link":""},"img":{"alt_text":"","src":"https:\/\/i0.wp.com\/www.musique-cordiale.com\/wp-content\/uploads\/2011\/03\/MC-choir-2017-scaled.jpg?fit=1200%2C510&ssl=1&resize=350%2C200","width":350,"height":200,"srcset":"https:\/\/i0.wp.com\/www.musique-cordiale.com\/wp-content\/uploads\/2011\/03\/MC-choir-2017-scaled.jpg?fit=1200%2C510&ssl=1&resize=350%2C200 1x, https:\/\/i0.wp.com\/www.musique-cordiale.com\/wp-content\/uploads\/2011\/03\/MC-choir-2017-scaled.jpg?fit=1200%2C510&ssl=1&resize=525%2C300 1.5x, https:\/\/i0.wp.com\/www.musique-cordiale.com\/wp-content\/uploads\/2011\/03\/MC-choir-2017-scaled.jpg?fit=1200%2C510&ssl=1&resize=700%2C400 2x, https:\/\/i0.wp.com\/www.musique-cordiale.com\/wp-content\/uploads\/2011\/03\/MC-choir-2017-scaled.jpg?fit=1200%2C510&ssl=1&resize=1050%2C600 3x"},"classes":[]}],"_links":{"self":[{"href":"https:\/\/www.musique-cordiale.com\/fr\/wp-json\/wp\/v2\/product\/39431","targetHints":{"allow":["GET"]}}],"collection":[{"href":"https:\/\/www.musique-cordiale.com\/fr\/wp-json\/wp\/v2\/product"}],"about":[{"href":"https:\/\/www.musique-cordiale.com\/fr\/wp-json\/wp\/v2\/types\/product"}],"wp:featuredmedia":[{"embeddable":true,"href":"https:\/\/www.musique-cordiale.com\/fr\/wp-json\/wp\/v2\/media\/19463"}],"wp:attachment":[{"href":"https:\/\/www.musique-cordiale.com\/fr\/wp-json\/wp\/v2\/media?parent=39431"}],"wp:term":[{"taxonomy":"product_brand","embeddable":true,"href":"https:\/\/www.musique-cordiale.com\/fr\/wp-json\/wp\/v2\/product_brand?post=39431"},{"taxonomy":"product_cat","embeddable":true,"href":"https:\/\/www.musique-cordiale.com\/fr\/wp-json\/wp\/v2\/product_cat?post=39431"},{"taxonomy":"product_tag","embeddable":true,"href":"https:\/\/www.musique-cordiale.com\/fr\/wp-json\/wp\/v2\/product_tag?post=39431"},{"taxonomy":"venue","embeddable":true,"href":"https:\/\/www.musique-cordiale.com\/fr\/wp-json\/wp\/v2\/venue?post=39431"}],"curies":[{"name":"wp","href":"https:\/\/api.w.org\/{rel}","templated":true}]}}