{"id":39657,"date":"2023-06-02T11:11:27","date_gmt":"2023-06-02T11:16:06","guid":{"rendered":"https:\/\/dev3.musique-cordiale.com\/?post_type=product&#038;p=39657"},"modified":"2023-08-06T09:13:47","modified_gmt":"2023-08-06T09:13:47","slug":"schubert-quintette","status":"publish","type":"product","link":"https:\/\/www.musique-cordiale.com\/fr\/boutique-billetterie\/schubert-quintette\/","title":{"rendered":"Schumann et Bach \u00e0 la spectaculaire Chapelle Dior, 12h30, 7 ao\u00fbt 2023"},"content":{"rendered":"<p><strong>12h30<\/strong> Bach &amp; Schumann \u00e0 la spectaculaire Chapelle Dior<br \/>\nSchumann Dichte liebe : Aidan Coburn, t\u00e9nor, Rebecca Taylor, piano<br \/>\nJ S Bach : suite pour violoncelle n\u00b0 5 &#8211; Will Harris, violoncelle<br \/>\n(Dichterliebe, \u00ab\u00a0A Poet&rsquo;s Love\u00a0\u00bb (compos\u00e9 en 1840), est le cycle de chansons le plus connu de Robert Schumann)<\/p>\n<p>|<strong><em>FREE ENTRY &#8211; Entr\u00e9e Gratuite<\/em><\/strong><\/p>\n","protected":false},"excerpt":{"rendered":"<p><strong>12h30<\/strong> Bach &amp; Schumann \u00e0 la spectaculaire Chapelle Dior<br \/>\nSchumann Dichte liebe : Aidan Coburn, t\u00e9nor, Rebecca Taylor, piano<br \/>\nJ S Bach : suite pour violoncelle n\u00b0 5 &#8211; Will Harris, violoncelle<br \/>\n(Dichterliebe, \u00ab\u00a0A Poet&rsquo;s Love\u00a0\u00bb (compos\u00e9 en 1840), est le cycle de chansons le plus connu de Robert Schumann)<\/p>\n<p>|<strong><em>FREE ENTRY &#8211; Entr\u00e9e Gratuite<\/em><\/strong><\/p>\n","protected":false},"featured_media":16074,"template":"","meta":{"_acf_changed":false,"_monsterinsights_skip_tracking":false,"_monsterinsights_sitenote_active":false,"_monsterinsights_sitenote_note":"","_monsterinsights_sitenote_category":0,"_uf_show_specific_survey":0,"_uf_disable_surveys":false,"advanced_seo_description":"","jetpack_seo_html_title":"","jetpack_seo_noindex":false},"product_brand":[],"product_cat":[390,258],"product_tag":[],"venue":[150,227],"class_list":{"0":"post-39657","1":"product","2":"type-product","3":"status-publish","4":"has-post-thumbnail","6":"product_cat-festival-2023-fr","7":"product_cat-no-tickets","8":"venue-saint-barthelemy-montauroux","9":"venue-montauroux","11":"first","12":"instock","13":"shipping-taxable","14":"purchasable","15":"product-type-simple"},"acf":[],"jetpack_sharing_enabled":true,"jetpack-related-posts":[{"id":39655,"url":"https:\/\/www.musique-cordiale.com\/programme-tickets\/schuberts-quintet\/","url_meta":{"origin":39657,"position":0},"title":"Schumann &#038; Bach at the spectacular Dior Chapel &#8211; Schumann Gedichte liebe &#038; Bach cello suite","author":"Lyndsey","date":"02\/06\/2023","format":false,"excerpt":"12h30 Bach & Schumann at the spectacular Dior Chapel Schumann Dichte liebe : Aidan Coburn, tenor, Rebecca Taylor, piano J S Bach: cello suite no 5 - Will Harris, cello (Dichterliebe, \"A Poet's Love\" (composed 1840), is the best-known song cycle of Robert Schumann) FREE ENTRY - Entr\u00e9e Gratuite","rel":"","context":"Article similaire","block_context":{"text":"Article similaire","link":""},"img":{"alt_text":"","src":"https:\/\/i0.wp.com\/www.musique-cordiale.com\/wp-content\/uploads\/2017\/02\/Chapelle-Montauroux.jpg?fit=1200%2C469&ssl=1&resize=350%2C200","width":350,"height":200,"srcset":"https:\/\/i0.wp.com\/www.musique-cordiale.com\/wp-content\/uploads\/2017\/02\/Chapelle-Montauroux.jpg?fit=1200%2C469&ssl=1&resize=350%2C200 1x, https:\/\/i0.wp.com\/www.musique-cordiale.com\/wp-content\/uploads\/2017\/02\/Chapelle-Montauroux.jpg?fit=1200%2C469&ssl=1&resize=525%2C300 1.5x, https:\/\/i0.wp.com\/www.musique-cordiale.com\/wp-content\/uploads\/2017\/02\/Chapelle-Montauroux.jpg?fit=1200%2C469&ssl=1&resize=700%2C400 2x, https:\/\/i0.wp.com\/www.musique-cordiale.com\/wp-content\/uploads\/2017\/02\/Chapelle-Montauroux.jpg?fit=1200%2C469&ssl=1&resize=1050%2C600 3x"},"classes":[]},{"id":21119,"url":"https:\/\/www.musique-cordiale.com\/fr\/boutique-billetterie\/les-amours-du-poete\/","url_meta":{"origin":39657,"position":1},"title":"Les Amours du Poete","author":"Lyndsey","date":"08\/06\/2018","format":false,"excerpt":"CONCERT DE MIDI \u00ab LES AMOURS DU PO\u00c8TE \u00bb Aidan Coburn,\u00a0t\u00e9nor Rebecca Taylor,\u00a0piano Schumann: Dichterliebe Entr\u00e9e Gratuite\u00a0\u00a0","rel":"","context":"Article similaire","block_context":{"text":"Article similaire","link":""},"img":{"alt_text":"","src":"https:\/\/i0.wp.com\/www.musique-cordiale.com\/wp-content\/uploads\/2017\/04\/rebecca-Taylor-piano.jpg?fit=640%2C615&ssl=1&resize=350%2C200","width":350,"height":200,"srcset":"https:\/\/i0.wp.com\/www.musique-cordiale.com\/wp-content\/uploads\/2017\/04\/rebecca-Taylor-piano.jpg?fit=640%2C615&ssl=1&resize=350%2C200 1x, https:\/\/i0.wp.com\/www.musique-cordiale.com\/wp-content\/uploads\/2017\/04\/rebecca-Taylor-piano.jpg?fit=640%2C615&ssl=1&resize=525%2C300 1.5x"},"classes":[]},{"id":21118,"url":"https:\/\/www.musique-cordiale.com\/programme-tickets\/les-amours-du-poete\/","url_meta":{"origin":39657,"position":2},"title":"Les Amours du Poete","author":"Lyndsey","date":"08\/06\/2018","format":false,"excerpt":"CONCERT DE MIDI \u00ab LES AMOURS DU PO\u00c8TE \u00bb Aidan Coburn,\u00a0t\u00e9nor Rebecca Taylor,\u00a0piano Schumann: Dichterliebe Free entry","rel":"","context":"Article similaire","block_context":{"text":"Article similaire","link":""},"img":{"alt_text":"","src":"https:\/\/i0.wp.com\/www.musique-cordiale.com\/wp-content\/uploads\/2017\/04\/rebecca-Taylor-piano.jpg?fit=640%2C615&ssl=1&resize=350%2C200","width":350,"height":200,"srcset":"https:\/\/i0.wp.com\/www.musique-cordiale.com\/wp-content\/uploads\/2017\/04\/rebecca-Taylor-piano.jpg?fit=640%2C615&ssl=1&resize=350%2C200 1x, https:\/\/i0.wp.com\/www.musique-cordiale.com\/wp-content\/uploads\/2017\/04\/rebecca-Taylor-piano.jpg?fit=640%2C615&ssl=1&resize=525%2C300 1.5x"},"classes":[]},{"id":20545,"url":"https:\/\/www.musique-cordiale.com\/fr\/boutique-billetterie\/recital-de-chant-samedi-28-juillet\/","url_meta":{"origin":39657,"position":3},"title":"Concert d&rsquo;ouverture du festival: R\u00e9cital de chant &#8211; chansons et aires pour une nuit d&rsquo;\u00e9t\u00e9","author":"Jonathan Barker","date":"25\/03\/2018","format":false,"excerpt":"R\u00e9cital de chant Kiera Lyness, soprano Aidan Coburn, tenor Rebecca Taylor, piano Mozart: Dans un bois, Das Veilchen, Ridente la Calma, Oiseaux si tous les ans Faur\u00e9: Le Papillon et la Fleur, Chanson d\u2019Amour En Pri\u00e8re, Adieu Schubert: Le P\u00e2tre sur le Rocher\u00a0(Danny Lyness.\u00a0alto)\u00a0 Delibes: Les Filles de Cadiz Gilbert\u2026","rel":"","context":"Article similaire","block_context":{"text":"Article similaire","link":""},"img":{"alt_text":"","src":"https:\/\/i0.wp.com\/www.musique-cordiale.com\/wp-content\/uploads\/2017\/03\/Rebecca-taylor-scaled.jpg?fit=800%2C1200&ssl=1&resize=350%2C200","width":350,"height":200,"srcset":"https:\/\/i0.wp.com\/www.musique-cordiale.com\/wp-content\/uploads\/2017\/03\/Rebecca-taylor-scaled.jpg?fit=800%2C1200&ssl=1&resize=350%2C200 1x, https:\/\/i0.wp.com\/www.musique-cordiale.com\/wp-content\/uploads\/2017\/03\/Rebecca-taylor-scaled.jpg?fit=800%2C1200&ssl=1&resize=525%2C300 1.5x, https:\/\/i0.wp.com\/www.musique-cordiale.com\/wp-content\/uploads\/2017\/03\/Rebecca-taylor-scaled.jpg?fit=800%2C1200&ssl=1&resize=700%2C400 2x"},"classes":[]},{"id":19725,"url":"https:\/\/www.musique-cordiale.com\/programme-tickets\/opening-concert-singing-recital-2018-07-28\/","url_meta":{"origin":39657,"position":4},"title":"Opening Concert and Singing Recital &#8211; songs &amp; arias for a summer night","author":"Jonathan Barker","date":"25\/03\/2018","format":false,"excerpt":"R\u00e9cital de chant Kiera Lyness, soprano\u00a0 Aidan Coburn, tenor Rebecca Taylor, piano Mozart: Dans un bois, Das Veilchen, Ridente la Calma, Oiseaux si tous les ans Faur\u00e9: Le Papillon et la Fleur, Chanson d\u2019Amour En Pri\u00e8re, Adieu Schubert: Le P\u00e2tre sur le Rocher (Danny Lyness.\u00a0alto) Delibes: Les Filles de Cadiz\u2026","rel":"","context":"Article similaire","block_context":{"text":"Article similaire","link":""},"img":{"alt_text":"","src":"https:\/\/i0.wp.com\/www.musique-cordiale.com\/wp-content\/uploads\/2017\/03\/Rebecca-taylor-scaled.jpg?fit=800%2C1200&ssl=1&resize=350%2C200","width":350,"height":200,"srcset":"https:\/\/i0.wp.com\/www.musique-cordiale.com\/wp-content\/uploads\/2017\/03\/Rebecca-taylor-scaled.jpg?fit=800%2C1200&ssl=1&resize=350%2C200 1x, https:\/\/i0.wp.com\/www.musique-cordiale.com\/wp-content\/uploads\/2017\/03\/Rebecca-taylor-scaled.jpg?fit=800%2C1200&ssl=1&resize=525%2C300 1.5x, https:\/\/i0.wp.com\/www.musique-cordiale.com\/wp-content\/uploads\/2017\/03\/Rebecca-taylor-scaled.jpg?fit=800%2C1200&ssl=1&resize=700%2C400 2x"},"classes":[]},{"id":21107,"url":"https:\/\/www.musique-cordiale.com\/fr\/boutique-billetterie\/concert-baroque-et-classique\/","url_meta":{"origin":39657,"position":5},"title":"Concert Baroque et Classique","author":"Lyndsey","date":"08\/06\/2018","format":false,"excerpt":"Direction: Graham Ross Aidan Coburn,\u00a0t\u00e9nor Colette Overdijk,\u00a0violin James Hulme,\u00a0hautebois Angharad Thomas,\u00a0basson Leo Melvin,\u00a0violoncelle Bach suite pour orchestre n\u00b0 3 Bach Concert Brandebourgeois n\u00b0 4 Arias pour t\u00e9nor et orchestre de Mozart Mozart Serenade \u201cEine kleine Nachtmusik\u201d Haydn Sinfonia Concertante Entr\u00e9e Gratuite","rel":"","context":"Article similaire","block_context":{"text":"Article similaire","link":""},"img":{"alt_text":"","src":"https:\/\/i0.wp.com\/www.musique-cordiale.com\/wp-content\/uploads\/2017\/04\/AidanCoburn-scaled.jpeg?fit=800%2C1200&ssl=1&resize=350%2C200","width":350,"height":200,"srcset":"https:\/\/i0.wp.com\/www.musique-cordiale.com\/wp-content\/uploads\/2017\/04\/AidanCoburn-scaled.jpeg?fit=800%2C1200&ssl=1&resize=350%2C200 1x, https:\/\/i0.wp.com\/www.musique-cordiale.com\/wp-content\/uploads\/2017\/04\/AidanCoburn-scaled.jpeg?fit=800%2C1200&ssl=1&resize=525%2C300 1.5x, https:\/\/i0.wp.com\/www.musique-cordiale.com\/wp-content\/uploads\/2017\/04\/AidanCoburn-scaled.jpeg?fit=800%2C1200&ssl=1&resize=700%2C400 2x"},"classes":[]}],"_links":{"self":[{"href":"https:\/\/www.musique-cordiale.com\/fr\/wp-json\/wp\/v2\/product\/39657","targetHints":{"allow":["GET"]}}],"collection":[{"href":"https:\/\/www.musique-cordiale.com\/fr\/wp-json\/wp\/v2\/product"}],"about":[{"href":"https:\/\/www.musique-cordiale.com\/fr\/wp-json\/wp\/v2\/types\/product"}],"wp:featuredmedia":[{"embeddable":true,"href":"https:\/\/www.musique-cordiale.com\/fr\/wp-json\/wp\/v2\/media\/16074"}],"wp:attachment":[{"href":"https:\/\/www.musique-cordiale.com\/fr\/wp-json\/wp\/v2\/media?parent=39657"}],"wp:term":[{"taxonomy":"product_brand","embeddable":true,"href":"https:\/\/www.musique-cordiale.com\/fr\/wp-json\/wp\/v2\/product_brand?post=39657"},{"taxonomy":"product_cat","embeddable":true,"href":"https:\/\/www.musique-cordiale.com\/fr\/wp-json\/wp\/v2\/product_cat?post=39657"},{"taxonomy":"product_tag","embeddable":true,"href":"https:\/\/www.musique-cordiale.com\/fr\/wp-json\/wp\/v2\/product_tag?post=39657"},{"taxonomy":"venue","embeddable":true,"href":"https:\/\/www.musique-cordiale.com\/fr\/wp-json\/wp\/v2\/venue?post=39657"}],"curies":[{"name":"wp","href":"https:\/\/api.w.org\/{rel}","templated":true}]}}