{"id":39659,"date":"2023-06-02T11:21:40","date_gmt":"2023-06-02T11:22:18","guid":{"rendered":"https:\/\/dev3.musique-cordiale.com\/?post_type=product&#038;p=39659"},"modified":"2023-08-06T07:37:41","modified_gmt":"2023-08-06T07:37:41","slug":"chansons-et-airs","status":"publish","type":"product","link":"https:\/\/www.musique-cordiale.com\/fr\/boutique-billetterie\/chansons-et-airs\/","title":{"rendered":"Concert de midi, Chapelle ND de l&rsquo;Ormeau, SEILLANS &#8211; Copeland, Mozart &#038; Ibert"},"content":{"rendered":"<p><strong><em>FREE ENTRY &#8211; Entr\u00e9e Gratuit<\/em><\/strong><\/p>\n<p>Copeland &#8211; Quiet City<br \/>\nSchubert &#8211; Trio\u00a0 a cordes<br \/>\nMozart Flute Quartette<br \/>\nIbert &#8211; Cinq pieces en trio pour clarinette, hautbois et basson<\/p>\n","protected":false},"excerpt":{"rendered":"<p>Copeland &#8211; Quiet City<br \/>\nSchubert &#8211; Trio\u00a0 a cordes<br \/>\nMozart Flute Quartette<br \/>\nIbert &#8211; Cinq pieces en trio pour hautbois, Clarinette &amp; Basson<\/p>\n","protected":false},"featured_media":40374,"template":"","meta":{"_acf_changed":false,"_monsterinsights_skip_tracking":false,"_monsterinsights_sitenote_active":false,"_monsterinsights_sitenote_note":"","_monsterinsights_sitenote_category":0,"_uf_show_specific_survey":0,"_uf_disable_surveys":false,"advanced_seo_description":"","jetpack_seo_html_title":"","jetpack_seo_noindex":false},"product_brand":[],"product_cat":[390,258],"product_tag":[],"venue":[154,222],"class_list":{"0":"post-39659","1":"product","2":"type-product","3":"status-publish","4":"has-post-thumbnail","6":"product_cat-festival-2023-fr","7":"product_cat-no-tickets","8":"venue-chapelle-notre-dame-de-lormeau","9":"venue-seillans","11":"first","12":"instock","13":"shipping-taxable","14":"purchasable","15":"product-type-simple"},"acf":[],"jetpack_sharing_enabled":true,"jetpack-related-posts":[{"id":39658,"url":"https:\/\/www.musique-cordiale.com\/programme-tickets\/songs-and-music\/","url_meta":{"origin":39659,"position":0},"title":"Lunch-time CONCERT at the Ormeau: 6 August 2023 &#8211; Copeland, Schubert, Mozart, Ibert -Trios &#038; a Quartet","author":"Lyndsey","date":"02\/06\/2023","format":false,"excerpt":"Lunch-time concert at the Ormeau FREE ENTRY - Entr\u00e9e Gratuite Copeland - Quiet City Schubert - String Trio in B Maj Mozart Flute Quartet Ibert - 5 pieces for oboe, clarinet & basson","rel":"","context":"Article similaire","block_context":{"text":"Article similaire","link":""},"img":{"alt_text":"","src":"https:\/\/i0.wp.com\/www.musique-cordiale.com\/wp-content\/uploads\/2023\/06\/Ormeau-Seillans-2019-1.jpg?fit=583%2C1200&ssl=1&resize=350%2C200","width":350,"height":200,"srcset":"https:\/\/i0.wp.com\/www.musique-cordiale.com\/wp-content\/uploads\/2023\/06\/Ormeau-Seillans-2019-1.jpg?fit=583%2C1200&ssl=1&resize=350%2C200 1x, https:\/\/i0.wp.com\/www.musique-cordiale.com\/wp-content\/uploads\/2023\/06\/Ormeau-Seillans-2019-1.jpg?fit=583%2C1200&ssl=1&resize=525%2C300 1.5x"},"classes":[]},{"id":45605,"url":"https:\/\/www.musique-cordiale.com\/fr\/boutique-billetterie\/9-aout-2024-19h-vivaldi-4-saisons-haydn-mendelsson-poulenc-bagnols-en-foret\/","url_meta":{"origin":39659,"position":1},"title":"9 ao\u00fbt 2024, 19h: Vivaldi 4 Saisons, Haydn, Mendelsson &#038; Poulenc, Bagnols-en-For\u00eat","author":"Jonathan Barker","date":"20\/04\/2024","format":false,"excerpt":"Haydn Concerto en r\u00e9 majeur pour cor et amp; cordes, Peter Ryan, cor | Mendelssohn Quintette \u00e0 cordes n\u00b0 1 en la majeur | Poulenc Trio pour hautbois, basson et piano, Alex Franklin, hautbois | Jamie King, basson| Rebecca Taylor, piano| \u00a0-o- Vivaldi Les Quatre Saisons Oliver Cave, violon |","rel":"","context":"Article similaire","block_context":{"text":"Article similaire","link":""},"img":{"alt_text":"","src":"https:\/\/i0.wp.com\/www.musique-cordiale.com\/wp-content\/uploads\/2023\/05\/Concert_in_Bagnols-en-Foret_France-scaled.jpg?fit=1200%2C800&ssl=1&resize=350%2C200","width":350,"height":200,"srcset":"https:\/\/i0.wp.com\/www.musique-cordiale.com\/wp-content\/uploads\/2023\/05\/Concert_in_Bagnols-en-Foret_France-scaled.jpg?fit=1200%2C800&ssl=1&resize=350%2C200 1x, https:\/\/i0.wp.com\/www.musique-cordiale.com\/wp-content\/uploads\/2023\/05\/Concert_in_Bagnols-en-Foret_France-scaled.jpg?fit=1200%2C800&ssl=1&resize=525%2C300 1.5x, https:\/\/i0.wp.com\/www.musique-cordiale.com\/wp-content\/uploads\/2023\/05\/Concert_in_Bagnols-en-Foret_France-scaled.jpg?fit=1200%2C800&ssl=1&resize=700%2C400 2x, https:\/\/i0.wp.com\/www.musique-cordiale.com\/wp-content\/uploads\/2023\/05\/Concert_in_Bagnols-en-Foret_France-scaled.jpg?fit=1200%2C800&ssl=1&resize=1050%2C600 3x"},"classes":[]},{"id":48538,"url":"https:\/\/www.musique-cordiale.com\/fr\/boutique-billetterie\/48538\/","url_meta":{"origin":39659,"position":2},"title":"\u00ab D\u00e9licieux classiques : joyaux du r\u00e9pertoire classique \u00bb dans un cadre vigneron : Domaine Val d&rsquo;Iris, Seillans, 19h, 1er ao\u00fbt 2025 avec petit &lsquo;dinatoire l\u00e9ger&rsquo;","author":"Jonathan Barker","date":"19\/04\/2025","format":false,"excerpt":"\u00ab\u00a0Classiques doux\u00a0\u00bb dans un cadre viticole\u00a0: Domaine Val d'Iris, Seillans, 1er\u00a0ao\u00fbt\u00a02025 \u00e0 19\u00a0h Concert de grands classiques \u00e0 travers les \u00e2ges, avec un dinatoire l\u00e9ger (vin disponible \u00e9galement\u00a0!) Concert de grands classiques \u00e0 travers les \u00e2ges, avec un dinatoire l\u00e9ger (vin disponible \u00e9galement\u00a0!). Les solistes de l'Orchestre du Festival Musique-Cordiale\u2026","rel":"","context":"Article similaire","block_context":{"text":"Article similaire","link":""},"img":{"alt_text":"","src":"https:\/\/i0.wp.com\/www.musique-cordiale.com\/wp-content\/uploads\/2023\/05\/WhatsApp-Image-2023-01-20-at-14.57.35.jpeg?fit=1200%2C583&ssl=1&resize=350%2C200","width":350,"height":200,"srcset":"https:\/\/i0.wp.com\/www.musique-cordiale.com\/wp-content\/uploads\/2023\/05\/WhatsApp-Image-2023-01-20-at-14.57.35.jpeg?fit=1200%2C583&ssl=1&resize=350%2C200 1x, https:\/\/i0.wp.com\/www.musique-cordiale.com\/wp-content\/uploads\/2023\/05\/WhatsApp-Image-2023-01-20-at-14.57.35.jpeg?fit=1200%2C583&ssl=1&resize=525%2C300 1.5x, https:\/\/i0.wp.com\/www.musique-cordiale.com\/wp-content\/uploads\/2023\/05\/WhatsApp-Image-2023-01-20-at-14.57.35.jpeg?fit=1200%2C583&ssl=1&resize=700%2C400 2x, https:\/\/i0.wp.com\/www.musique-cordiale.com\/wp-content\/uploads\/2023\/05\/WhatsApp-Image-2023-01-20-at-14.57.35.jpeg?fit=1200%2C583&ssl=1&resize=1050%2C600 3x"},"classes":[]},{"id":48526,"url":"https:\/\/www.musique-cordiale.com\/programme-tickets\/smooth-classics-in-a-vineyard-setting-domaine-val-diris-seillans-7pm-1-august-2025\/","url_meta":{"origin":39659,"position":3},"title":"\u00ab\u00a0Delicious Classics: beloved gems from the classical repertoire\u00a0\u00bb in a vineyard setting: Domaine Val d&rsquo;Iris, Seillans, 7PM, 1 August 2025 with a light snack\/ \u00ab\u00a0dinatoire l\u00e9ger\u00a0\u00bb","author":"Jonathan Barker","date":"19\/04\/2025","format":false,"excerpt":"\"Smooth Classics\" in a vineyard setting: Domaine Val d'Iris, Seillans, 7PM, 1 August 2025 Concert of favourites through the ages - with a light 'dinatoire l\u00e9ger' (wine available too!) Concert of favourites through the ages - with a light 'dinatoire l\u00e9ger' (wine available too!) Soloists form the Musique-Cordiale Festival Orchestra\u2026","rel":"","context":"Article similaire","block_context":{"text":"Article similaire","link":""},"img":{"alt_text":"","src":"https:\/\/i0.wp.com\/www.musique-cordiale.com\/wp-content\/uploads\/2023\/05\/WhatsApp-Image-2023-01-20-at-14.57.35.jpeg?fit=1200%2C583&ssl=1&resize=350%2C200","width":350,"height":200,"srcset":"https:\/\/i0.wp.com\/www.musique-cordiale.com\/wp-content\/uploads\/2023\/05\/WhatsApp-Image-2023-01-20-at-14.57.35.jpeg?fit=1200%2C583&ssl=1&resize=350%2C200 1x, https:\/\/i0.wp.com\/www.musique-cordiale.com\/wp-content\/uploads\/2023\/05\/WhatsApp-Image-2023-01-20-at-14.57.35.jpeg?fit=1200%2C583&ssl=1&resize=525%2C300 1.5x, https:\/\/i0.wp.com\/www.musique-cordiale.com\/wp-content\/uploads\/2023\/05\/WhatsApp-Image-2023-01-20-at-14.57.35.jpeg?fit=1200%2C583&ssl=1&resize=700%2C400 2x, https:\/\/i0.wp.com\/www.musique-cordiale.com\/wp-content\/uploads\/2023\/05\/WhatsApp-Image-2023-01-20-at-14.57.35.jpeg?fit=1200%2C583&ssl=1&resize=1050%2C600 3x"},"classes":[]},{"id":45069,"url":"https:\/\/www.musique-cordiale.com\/fr\/boutique-billetterie\/2-aout-2024-19h-concert-ensemble-musique-cordiale-montauroux\/","url_meta":{"origin":39659,"position":4},"title":"2 ao\u00fbt 2024, 19h &#8211; LE CONCERTO: BACH et VIVALDI, Montauroux","author":"Jonathan Barker","date":"18\/04\/2024","format":false,"excerpt":"Le Concerto : Bach et Vivaldi | J.S. Bach: Concerto pour hautbois en r\u00e9 mineur | Alex Franklin, hautbois | C.P.E. Bach: Concerto pour violoncelle en la majeur | Will Harris, violoncelle | Vivaldi: Concerto pour Basson en sol mineur | Jamie King, Basson | Ensemble Musique-Cordiale |","rel":"","context":"Article similaire","block_context":{"text":"Article similaire","link":""},"img":{"alt_text":"","src":"https:\/\/i0.wp.com\/www.musique-cordiale.com\/wp-content\/uploads\/2024\/04\/shutterstock_1648637152.jpg?fit=1000%2C667&ssl=1&resize=350%2C200","width":350,"height":200,"srcset":"https:\/\/i0.wp.com\/www.musique-cordiale.com\/wp-content\/uploads\/2024\/04\/shutterstock_1648637152.jpg?fit=1000%2C667&ssl=1&resize=350%2C200 1x, https:\/\/i0.wp.com\/www.musique-cordiale.com\/wp-content\/uploads\/2024\/04\/shutterstock_1648637152.jpg?fit=1000%2C667&ssl=1&resize=525%2C300 1.5x, https:\/\/i0.wp.com\/www.musique-cordiale.com\/wp-content\/uploads\/2024\/04\/shutterstock_1648637152.jpg?fit=1000%2C667&ssl=1&resize=700%2C400 2x"},"classes":[]},{"id":39362,"url":"https:\/\/www.musique-cordiale.com\/fr\/boutique-billetterie\/6-august-2023-orchestral-concert\/","url_meta":{"origin":39659,"position":5},"title":"Concert d&rsquo;orchestre : Symphonies de Mozart &#038; Mahler, 20h","author":"Jonathan Barker","date":"24\/05\/2023","format":false,"excerpt":"MOZART: Concerto pour hautbois en Do Mejeur, David Hedley, hautbois | SIBELIUS: Valse Triste | MAHLER (arr. K. SIMON): Symphony No. 4, Chlo\u00eb Morgan, soprano | Direction: Graham Ross","rel":"","context":"Article similaire","block_context":{"text":"Article similaire","link":""},"img":{"alt_text":"","src":"https:\/\/i0.wp.com\/www.musique-cordiale.com\/wp-content\/uploads\/2019\/12\/WhatsApp-Image-2019-12-17-at-15.29.28.jpeg?fit=1200%2C583&ssl=1&resize=350%2C200","width":350,"height":200,"srcset":"https:\/\/i0.wp.com\/www.musique-cordiale.com\/wp-content\/uploads\/2019\/12\/WhatsApp-Image-2019-12-17-at-15.29.28.jpeg?fit=1200%2C583&ssl=1&resize=350%2C200 1x, https:\/\/i0.wp.com\/www.musique-cordiale.com\/wp-content\/uploads\/2019\/12\/WhatsApp-Image-2019-12-17-at-15.29.28.jpeg?fit=1200%2C583&ssl=1&resize=525%2C300 1.5x, https:\/\/i0.wp.com\/www.musique-cordiale.com\/wp-content\/uploads\/2019\/12\/WhatsApp-Image-2019-12-17-at-15.29.28.jpeg?fit=1200%2C583&ssl=1&resize=700%2C400 2x, https:\/\/i0.wp.com\/www.musique-cordiale.com\/wp-content\/uploads\/2019\/12\/WhatsApp-Image-2019-12-17-at-15.29.28.jpeg?fit=1200%2C583&ssl=1&resize=1050%2C600 3x"},"classes":[]}],"_links":{"self":[{"href":"https:\/\/www.musique-cordiale.com\/fr\/wp-json\/wp\/v2\/product\/39659","targetHints":{"allow":["GET"]}}],"collection":[{"href":"https:\/\/www.musique-cordiale.com\/fr\/wp-json\/wp\/v2\/product"}],"about":[{"href":"https:\/\/www.musique-cordiale.com\/fr\/wp-json\/wp\/v2\/types\/product"}],"wp:featuredmedia":[{"embeddable":true,"href":"https:\/\/www.musique-cordiale.com\/fr\/wp-json\/wp\/v2\/media\/40374"}],"wp:attachment":[{"href":"https:\/\/www.musique-cordiale.com\/fr\/wp-json\/wp\/v2\/media?parent=39659"}],"wp:term":[{"taxonomy":"product_brand","embeddable":true,"href":"https:\/\/www.musique-cordiale.com\/fr\/wp-json\/wp\/v2\/product_brand?post=39659"},{"taxonomy":"product_cat","embeddable":true,"href":"https:\/\/www.musique-cordiale.com\/fr\/wp-json\/wp\/v2\/product_cat?post=39659"},{"taxonomy":"product_tag","embeddable":true,"href":"https:\/\/www.musique-cordiale.com\/fr\/wp-json\/wp\/v2\/product_tag?post=39659"},{"taxonomy":"venue","embeddable":true,"href":"https:\/\/www.musique-cordiale.com\/fr\/wp-json\/wp\/v2\/venue?post=39659"}],"curies":[{"name":"wp","href":"https:\/\/api.w.org\/{rel}","templated":true}]}}