{"id":39662,"date":"2023-06-02T11:25:47","date_gmt":"2023-06-02T11:26:14","guid":{"rendered":"https:\/\/dev3.musique-cordiale.com\/?post_type=product&#038;p=39662"},"modified":"2023-07-29T08:52:15","modified_gmt":"2023-07-29T08:52:15","slug":"quintettes-pour-instruments-de-vents","status":"publish","type":"product","link":"https:\/\/www.musique-cordiale.com\/fr\/boutique-billetterie\/quintettes-pour-instruments-de-vents\/","title":{"rendered":"Musique idyllique au bord du Lac St Cassien 12h:30"},"content":{"rendered":"<p><strong><em>Musique idyllique au bord du Lac St Cassien 12h:30<\/em><\/strong><\/p>\n<p><strong><em>FREE ENTRY &#8211; Entr\u00e9e Gratuite<\/em><\/strong><\/p>\n","protected":false},"excerpt":{"rendered":"<p>Musique idyllique au bord du Lac St Cassien 12h:30<\/p>\n","protected":false},"featured_media":40382,"template":"","meta":{"_acf_changed":false,"_monsterinsights_skip_tracking":false,"_monsterinsights_sitenote_active":false,"_monsterinsights_sitenote_note":"","_monsterinsights_sitenote_category":0,"_uf_show_specific_survey":0,"_uf_disable_surveys":false,"advanced_seo_description":"","jetpack_seo_html_title":"","jetpack_seo_noindex":false},"product_brand":[],"product_cat":[390,258],"product_tag":[],"venue":[399,242],"class_list":{"0":"post-39662","1":"product","2":"type-product","3":"status-publish","4":"has-post-thumbnail","6":"product_cat-festival-2023-fr","7":"product_cat-no-tickets","8":"venue-maison-du-lac","9":"venue-tanneron","11":"first","12":"instock","13":"shipping-taxable","14":"purchasable","15":"product-type-simple"},"acf":[],"jetpack_sharing_enabled":true,"jetpack-related-posts":[{"id":39661,"url":"https:\/\/www.musique-cordiale.com\/programme-tickets\/wind-instrument-quintet\/","url_meta":{"origin":39662,"position":0},"title":"Idyllic lunch-time music beside Lac Saint-Cassien, 12h30","author":"Lyndsey","date":"02\/06\/2023","format":false,"excerpt":"Concert de midi de Musique-Cordiale,\u00a0 a la Maison du Lac, centre des informations inter-communal deu Pays de Fayence 12h30, Mardi 8 aout 2023","rel":"","context":"Article similaire","block_context":{"text":"Article similaire","link":""},"img":{"alt_text":"","src":"https:\/\/i0.wp.com\/www.musique-cordiale.com\/wp-content\/uploads\/2023\/06\/Maison-Lac-Pays-de-Fayence-Tanneron.jpg?fit=1200%2C801&ssl=1&resize=350%2C200","width":350,"height":200,"srcset":"https:\/\/i0.wp.com\/www.musique-cordiale.com\/wp-content\/uploads\/2023\/06\/Maison-Lac-Pays-de-Fayence-Tanneron.jpg?fit=1200%2C801&ssl=1&resize=350%2C200 1x, https:\/\/i0.wp.com\/www.musique-cordiale.com\/wp-content\/uploads\/2023\/06\/Maison-Lac-Pays-de-Fayence-Tanneron.jpg?fit=1200%2C801&ssl=1&resize=525%2C300 1.5x, https:\/\/i0.wp.com\/www.musique-cordiale.com\/wp-content\/uploads\/2023\/06\/Maison-Lac-Pays-de-Fayence-Tanneron.jpg?fit=1200%2C801&ssl=1&resize=700%2C400 2x, https:\/\/i0.wp.com\/www.musique-cordiale.com\/wp-content\/uploads\/2023\/06\/Maison-Lac-Pays-de-Fayence-Tanneron.jpg?fit=1200%2C801&ssl=1&resize=1050%2C600 3x"},"classes":[]},{"id":16571,"url":"https:\/\/www.musique-cordiale.com\/programme-tickets\/festival-pass-normal\/","url_meta":{"origin":39662,"position":1},"title":"Festival Pass 2019 &#8211; standard","author":"Lyndsey","date":"26\/04\/2017","format":false,"excerpt":"1 normal tariff (unreserved seating) festival pass for all evening concerts except the Soir\u00e9e Musicale\/Gala at the\u00a0 Camandoule 5 August 2019 170 \u20ac per person (OR 150 \u20ac per Festival friend or Silver\/Gold donor) All passes are transferable. Tous les Pass sont transf\u00e9rables. Please check in at the box office\u2026","rel":"","context":"Article similaire","block_context":{"text":"Article similaire","link":""},"img":{"alt_text":"","src":"https:\/\/i0.wp.com\/www.musique-cordiale.com\/wp-content\/uploads\/2015\/01\/CQ4A3930-scaled.jpg?fit=1075%2C1200&ssl=1&resize=350%2C200","width":350,"height":200,"srcset":"https:\/\/i0.wp.com\/www.musique-cordiale.com\/wp-content\/uploads\/2015\/01\/CQ4A3930-scaled.jpg?fit=1075%2C1200&ssl=1&resize=350%2C200 1x, https:\/\/i0.wp.com\/www.musique-cordiale.com\/wp-content\/uploads\/2015\/01\/CQ4A3930-scaled.jpg?fit=1075%2C1200&ssl=1&resize=525%2C300 1.5x, https:\/\/i0.wp.com\/www.musique-cordiale.com\/wp-content\/uploads\/2015\/01\/CQ4A3930-scaled.jpg?fit=1075%2C1200&ssl=1&resize=700%2C400 2x, https:\/\/i0.wp.com\/www.musique-cordiale.com\/wp-content\/uploads\/2015\/01\/CQ4A3930-scaled.jpg?fit=1075%2C1200&ssl=1&resize=1050%2C600 3x"},"classes":[]},{"id":16572,"url":"https:\/\/www.musique-cordiale.com\/programme-tickets\/festival-pass-premium\/","url_meta":{"origin":39662,"position":2},"title":"Festival Pass 2019 &#8211; Premium","author":"Lyndsey","date":"26\/04\/2017","format":false,"excerpt":"1 premium tariff (reserved seating) festival pass for all evening concerts except the Fundraiser Soir\u00e9e Musicale at the Camandoule, 5 August 2019, which needs to be booked separately. These premium passes are available ONLY to our Friends & Silver or Gold Donors 250 \u20ac per friend or donor All passes\u2026","rel":"","context":"Article similaire","block_context":{"text":"Article similaire","link":""},"img":{"alt_text":"","src":"https:\/\/i0.wp.com\/www.musique-cordiale.com\/wp-content\/uploads\/2019\/04\/MC-2019-header.png?fit=1160%2C440&ssl=1&resize=350%2C200","width":350,"height":200,"srcset":"https:\/\/i0.wp.com\/www.musique-cordiale.com\/wp-content\/uploads\/2019\/04\/MC-2019-header.png?fit=1160%2C440&ssl=1&resize=350%2C200 1x, https:\/\/i0.wp.com\/www.musique-cordiale.com\/wp-content\/uploads\/2019\/04\/MC-2019-header.png?fit=1160%2C440&ssl=1&resize=525%2C300 1.5x, https:\/\/i0.wp.com\/www.musique-cordiale.com\/wp-content\/uploads\/2019\/04\/MC-2019-header.png?fit=1160%2C440&ssl=1&resize=700%2C400 2x, https:\/\/i0.wp.com\/www.musique-cordiale.com\/wp-content\/uploads\/2019\/04\/MC-2019-header.png?fit=1160%2C440&ssl=1&resize=1050%2C600 3x"},"classes":[]},{"id":16575,"url":"https:\/\/www.musique-cordiale.com\/fr\/boutique-billetterie\/festival-pass-normal\/","url_meta":{"origin":39662,"position":3},"title":"Festival Pass &#8211; Standard","author":"Lyndsey","date":"26\/04\/2017","format":false,"excerpt":"1 normal tarif place (non-r\u00e9serv\u00e9e) pour les concerts de soir* 180 \u20ac par adh\u00e9rent, ami ou m\u00e9c\u00e8ne 200\u20ac par personne *Not included \/ pas compris : Camandoule 25.7, Selves 31.7 & Gloire 9.8 All passes are transferable. Tous les Pass sont transf\u00e9rables. Check in at the box office at least\u2026","rel":"","context":"Article similaire","block_context":{"text":"Article similaire","link":""},"img":{"alt_text":"","src":"https:\/\/i0.wp.com\/www.musique-cordiale.com\/wp-content\/uploads\/2015\/01\/CQ4A3930-scaled.jpg?fit=1075%2C1200&ssl=1&resize=350%2C200","width":350,"height":200,"srcset":"https:\/\/i0.wp.com\/www.musique-cordiale.com\/wp-content\/uploads\/2015\/01\/CQ4A3930-scaled.jpg?fit=1075%2C1200&ssl=1&resize=350%2C200 1x, https:\/\/i0.wp.com\/www.musique-cordiale.com\/wp-content\/uploads\/2015\/01\/CQ4A3930-scaled.jpg?fit=1075%2C1200&ssl=1&resize=525%2C300 1.5x, https:\/\/i0.wp.com\/www.musique-cordiale.com\/wp-content\/uploads\/2015\/01\/CQ4A3930-scaled.jpg?fit=1075%2C1200&ssl=1&resize=700%2C400 2x, https:\/\/i0.wp.com\/www.musique-cordiale.com\/wp-content\/uploads\/2015\/01\/CQ4A3930-scaled.jpg?fit=1075%2C1200&ssl=1&resize=1050%2C600 3x"},"classes":[]},{"id":16577,"url":"https:\/\/www.musique-cordiale.com\/fr\/boutique-billetterie\/festival-pass-premium\/","url_meta":{"origin":39662,"position":4},"title":"Festival Pass &#8211; Premium","author":"Lyndsey","date":"26\/04\/2017","format":false,"excerpt":"1 premium rate festival pass (reserved) for evening concerts * 315 \u20ac per member, friend or donor 350 \u20ac per person *Not included \/ pas compris : Camandoule 25.7, Selves 31.7 & Gloire 9.8 All passes are transferable. Tous les Pass sont transf\u00e9rables. Check in at the box office at\u2026","rel":"","context":"Article similaire","block_context":{"text":"Article similaire","link":""},"img":{"alt_text":"","src":"https:\/\/i0.wp.com\/www.musique-cordiale.com\/wp-content\/uploads\/2019\/04\/MC-2019-header.png?fit=1160%2C440&ssl=1&resize=350%2C200","width":350,"height":200,"srcset":"https:\/\/i0.wp.com\/www.musique-cordiale.com\/wp-content\/uploads\/2019\/04\/MC-2019-header.png?fit=1160%2C440&ssl=1&resize=350%2C200 1x, https:\/\/i0.wp.com\/www.musique-cordiale.com\/wp-content\/uploads\/2019\/04\/MC-2019-header.png?fit=1160%2C440&ssl=1&resize=525%2C300 1.5x, https:\/\/i0.wp.com\/www.musique-cordiale.com\/wp-content\/uploads\/2019\/04\/MC-2019-header.png?fit=1160%2C440&ssl=1&resize=700%2C400 2x, https:\/\/i0.wp.com\/www.musique-cordiale.com\/wp-content\/uploads\/2019\/04\/MC-2019-header.png?fit=1160%2C440&ssl=1&resize=1050%2C600 3x"},"classes":[]},{"id":48426,"url":"https:\/\/www.musique-cordiale.com\/fr\/boutique-billetterie\/evenement-special-pre-festival-diner-de-collecte-de-fonds-exaltant-et-convivial-avec-musique-et-boissons-au-mas-des-romarins-dans-la-vallee-en-contrebas-de-fayence-le-29-juillet-2025\/","url_meta":{"origin":39662,"position":5},"title":"\u00c9v\u00e9nement sp\u00e9cial pr\u00e9-festival : SOIR\u00c9E DE GALA &#8211; d\u00eener de collecte de fonds exaltant et convivial avec musique et boissons &#8211; au Mas des Romarins, dans la vall\u00e9e en contrebas de Fayence, le 29 juillet 2025 : **EVENEMENT COMPLET : PLUS DE R\u00c9SERVATIONS S&rsquo;IL VOUS PLA\u00ceT","author":"Jonathan Barker","date":"17\/04\/2025","format":false,"excerpt":"***Maintenant COMPLET PLUS DE NOUVELLES R\u00c9SERVATIONS s'il vous pla\u00eet (mais les commandes en souffrance peuvent \u00eatre possibles plus pr\u00e8s de la date - UNIQUEMENT si nous avons des annulations ??) : VEUILLEZ PAYER SI VOUS AVEZ R\u00c9SERV\u00c9 !*** *** SOIR\u00c9E DE GALA AU PROFIT DE MUSIQUE-CORDIALE Voir PLUS DE D\u00c9TAILS\u2026","rel":"","context":"Article similaire","block_context":{"text":"Article similaire","link":""},"img":{"alt_text":"","src":"https:\/\/i0.wp.com\/www.musique-cordiale.com\/wp-content\/uploads\/2025\/04\/Image-2025-04-17-at-12.49.46_b5130be5-Mas-de-Romarins-2024.jpg?fit=1200%2C676&ssl=1&resize=350%2C200","width":350,"height":200,"srcset":"https:\/\/i0.wp.com\/www.musique-cordiale.com\/wp-content\/uploads\/2025\/04\/Image-2025-04-17-at-12.49.46_b5130be5-Mas-de-Romarins-2024.jpg?fit=1200%2C676&ssl=1&resize=350%2C200 1x, https:\/\/i0.wp.com\/www.musique-cordiale.com\/wp-content\/uploads\/2025\/04\/Image-2025-04-17-at-12.49.46_b5130be5-Mas-de-Romarins-2024.jpg?fit=1200%2C676&ssl=1&resize=525%2C300 1.5x, https:\/\/i0.wp.com\/www.musique-cordiale.com\/wp-content\/uploads\/2025\/04\/Image-2025-04-17-at-12.49.46_b5130be5-Mas-de-Romarins-2024.jpg?fit=1200%2C676&ssl=1&resize=700%2C400 2x, https:\/\/i0.wp.com\/www.musique-cordiale.com\/wp-content\/uploads\/2025\/04\/Image-2025-04-17-at-12.49.46_b5130be5-Mas-de-Romarins-2024.jpg?fit=1200%2C676&ssl=1&resize=1050%2C600 3x"},"classes":[]}],"_links":{"self":[{"href":"https:\/\/www.musique-cordiale.com\/fr\/wp-json\/wp\/v2\/product\/39662","targetHints":{"allow":["GET"]}}],"collection":[{"href":"https:\/\/www.musique-cordiale.com\/fr\/wp-json\/wp\/v2\/product"}],"about":[{"href":"https:\/\/www.musique-cordiale.com\/fr\/wp-json\/wp\/v2\/types\/product"}],"wp:featuredmedia":[{"embeddable":true,"href":"https:\/\/www.musique-cordiale.com\/fr\/wp-json\/wp\/v2\/media\/40382"}],"wp:attachment":[{"href":"https:\/\/www.musique-cordiale.com\/fr\/wp-json\/wp\/v2\/media?parent=39662"}],"wp:term":[{"taxonomy":"product_brand","embeddable":true,"href":"https:\/\/www.musique-cordiale.com\/fr\/wp-json\/wp\/v2\/product_brand?post=39662"},{"taxonomy":"product_cat","embeddable":true,"href":"https:\/\/www.musique-cordiale.com\/fr\/wp-json\/wp\/v2\/product_cat?post=39662"},{"taxonomy":"product_tag","embeddable":true,"href":"https:\/\/www.musique-cordiale.com\/fr\/wp-json\/wp\/v2\/product_tag?post=39662"},{"taxonomy":"venue","embeddable":true,"href":"https:\/\/www.musique-cordiale.com\/fr\/wp-json\/wp\/v2\/venue?post=39662"}],"curies":[{"name":"wp","href":"https:\/\/api.w.org\/{rel}","templated":true}]}}