{"id":39664,"date":"2023-06-02T11:33:23","date_gmt":"2023-06-02T11:33:52","guid":{"rendered":"https:\/\/dev3.musique-cordiale.com\/?post_type=product&#038;p=39664"},"modified":"2023-06-02T13:36:48","modified_gmt":"2023-06-02T13:36:48","slug":"concert-pour-feter-200-ans-de-st-paul-en-foret","status":"publish","type":"product","link":"https:\/\/www.musique-cordiale.com\/fr\/boutique-billetterie\/concert-pour-feter-200-ans-de-st-paul-en-foret\/","title":{"rendered":"Concert pour f\u00eater 200 ans de St Paul-en-For\u00eat"},"content":{"rendered":"<p><strong><em>FREE ENTRY &#8211; Entr\u00e9e Gratuite<\/em><\/strong><\/p>\n","protected":false},"excerpt":{"rendered":"<p>FREE ENTRY &#8211; Entr\u00e9e Gratuite<\/p>\n","protected":false},"featured_media":15774,"template":"","meta":{"_acf_changed":false,"_monsterinsights_skip_tracking":false,"_monsterinsights_sitenote_active":false,"_monsterinsights_sitenote_note":"","_monsterinsights_sitenote_category":0,"_uf_show_specific_survey":0,"_uf_disable_surveys":false,"advanced_seo_description":"","jetpack_seo_html_title":"","jetpack_seo_noindex":false},"product_brand":[],"product_cat":[390,258],"product_tag":[],"venue":[406,400],"class_list":{"0":"post-39664","1":"product","2":"type-product","3":"status-publish","4":"has-post-thumbnail","6":"product_cat-festival-2023-fr","7":"product_cat-no-tickets","8":"venue-eglise-de-la-conversion-de-saint-paul","9":"venue-saint-paul-en-foret","11":"first","12":"instock","13":"shipping-taxable","14":"purchasable","15":"product-type-simple"},"acf":[],"jetpack_sharing_enabled":true,"jetpack-related-posts":[{"id":39663,"url":"https:\/\/www.musique-cordiale.com\/programme-tickets\/concert-to-celebrate-200-years-of-st-paul-en-foret\/","url_meta":{"origin":39664,"position":0},"title":"Concert to celebrate 200 years of St Paul-en-For\u00eat, 9 August 2023","author":"Lyndsey","date":"02\/06\/2023","format":false,"excerpt":"Lunch-time concert to celebrate 200 hundred years of the village of Saint-Paul-en-For\u00eat, 12h30 FREE ENTRY - Entr\u00e9e Gratuite","rel":"","context":"Article similaire","block_context":{"text":"Article similaire","link":""},"img":{"alt_text":"","src":"https:\/\/i0.wp.com\/www.musique-cordiale.com\/wp-content\/uploads\/2016\/01\/st-paul-eglise-1.jpg?fit=637%2C523&ssl=1&resize=350%2C200","width":350,"height":200,"srcset":"https:\/\/i0.wp.com\/www.musique-cordiale.com\/wp-content\/uploads\/2016\/01\/st-paul-eglise-1.jpg?fit=637%2C523&ssl=1&resize=350%2C200 1x, https:\/\/i0.wp.com\/www.musique-cordiale.com\/wp-content\/uploads\/2016\/01\/st-paul-eglise-1.jpg?fit=637%2C523&ssl=1&resize=525%2C300 1.5x"},"classes":[]},{"id":21098,"url":"https:\/\/www.musique-cordiale.com\/fr\/boutique-billetterie\/21098\/","url_meta":{"origin":39664,"position":1},"title":"Delightful chamber music from L\u2019Ensemble Cordial &#8211; MOZART PURE","author":"Lyndsey","date":"08\/06\/2018","format":false,"excerpt":"Mozart: Quatuor \u00e0 cordes \u00ab le Dissonance \u00bb Trois Madrigales pour violon et alto Mozart: Quintette \u00e0 cordes n\u00b0 4 en sol mineur The concert will be followed by wine outside the church at around 13:20. Consider pausing for lunch afterwards in\u00a0Bagnols-en-For\u00eat\u00a0where there are several inviting restaurants Concert de midi\u2026","rel":"","context":"Article similaire","block_context":{"text":"Article similaire","link":""},"img":{"alt_text":"","src":"","width":0,"height":0},"classes":[]},{"id":15042,"url":"https:\/\/www.musique-cordiale.com\/fr\/boutique-billetterie\/concert-de-midi-jeudi-3-aout\/","url_meta":{"origin":39664,"position":2},"title":"Concert de midi","author":"Lyndsey","date":"17\/02\/2017","format":false,"excerpt":"Entr\u00e9e gratuite et sans r\u00e9servation, dans la limite des places disponibles Dur\u00e9e de 45 \u00e0 60 minutes","rel":"","context":"Article similaire","block_context":{"text":"Article similaire","link":""},"img":{"alt_text":"","src":"https:\/\/i0.wp.com\/www.musique-cordiale.com\/wp-content\/uploads\/2017\/02\/lunchtime-concert.jpg?fit=600%2C800&ssl=1&resize=350%2C200","width":350,"height":200,"srcset":"https:\/\/i0.wp.com\/www.musique-cordiale.com\/wp-content\/uploads\/2017\/02\/lunchtime-concert.jpg?fit=600%2C800&ssl=1&resize=350%2C200 1x, https:\/\/i0.wp.com\/www.musique-cordiale.com\/wp-content\/uploads\/2017\/02\/lunchtime-concert.jpg?fit=600%2C800&ssl=1&resize=525%2C300 1.5x"},"classes":[]},{"id":48673,"url":"https:\/\/www.musique-cordiale.com\/fr\/boutique-billetterie\/concert-ensembles-instrumentaux-vibrants-le-virtuose-st-paul-en-foret-19h-le-8-aout-2025\/","url_meta":{"origin":39664,"position":3},"title":"Concert : Ensembles instrumentaux vibrants, \u00ab\u00a0Le Virtuose\u00a0\u00bb : St Paul-en-For\u00eat, Salle des f\u00eates Saint-Paul-en-For\u00eat (83440), 19h, le 8 ao\u00fbt 2025","author":"Jonathan Barker","date":"08\/04\/2025","format":false,"excerpt":"Concert du Festival Musique-Cordiale : \"Le Virtuose\" Salle des f\u00eates Saint-Paul-en-For\u00eat (83440)ATTENTION changement de lieu 8 ao\u00fbt 2025, 19h, billets 0\u20ac-25\u20ac - Debussy - Pr\u00e9lude \u00e0 l'apr\u00e8s-midi d'un faune - Mozart \u2013 Quatuor de hautbois -Ravel arr. Sherry Lewis - Pavane Pour un Infante D'Enfant -Ravel arr. Andrew Middleton -\u2026","rel":"","context":"Article similaire","block_context":{"text":"Article similaire","link":""},"img":{"alt_text":"","src":"https:\/\/i0.wp.com\/www.musique-cordiale.com\/wp-content\/uploads\/2025\/04\/WhatsApp-Image-2025-04-23-at-18.02.36_c3163d21-Musique-Cordiale-concert-Saint-Paul.jpg?fit=1200%2C676&ssl=1&resize=350%2C200","width":350,"height":200,"srcset":"https:\/\/i0.wp.com\/www.musique-cordiale.com\/wp-content\/uploads\/2025\/04\/WhatsApp-Image-2025-04-23-at-18.02.36_c3163d21-Musique-Cordiale-concert-Saint-Paul.jpg?fit=1200%2C676&ssl=1&resize=350%2C200 1x, https:\/\/i0.wp.com\/www.musique-cordiale.com\/wp-content\/uploads\/2025\/04\/WhatsApp-Image-2025-04-23-at-18.02.36_c3163d21-Musique-Cordiale-concert-Saint-Paul.jpg?fit=1200%2C676&ssl=1&resize=525%2C300 1.5x, https:\/\/i0.wp.com\/www.musique-cordiale.com\/wp-content\/uploads\/2025\/04\/WhatsApp-Image-2025-04-23-at-18.02.36_c3163d21-Musique-Cordiale-concert-Saint-Paul.jpg?fit=1200%2C676&ssl=1&resize=700%2C400 2x, https:\/\/i0.wp.com\/www.musique-cordiale.com\/wp-content\/uploads\/2025\/04\/WhatsApp-Image-2025-04-23-at-18.02.36_c3163d21-Musique-Cordiale-concert-Saint-Paul.jpg?fit=1200%2C676&ssl=1&resize=1050%2C600 3x"},"classes":[]},{"id":48667,"url":"https:\/\/www.musique-cordiale.com\/programme-tickets\/concert-vibrant-instrumental-ensembles-the-virtuoso-st-paul-en-foret-7pm-8-august-2025\/","url_meta":{"origin":39664,"position":4},"title":"Concert: Vibrant instrumental Ensembles, \u00ab\u00a0The Virtuoso\u00a0\u00bb: Salle des f\u00eates, Saint-Paul-en-For\u00eat (83440), 7PM, 8 August 2025","author":"Jonathan Barker","date":"08\/04\/2025","format":false,"excerpt":"Musique-Cordiale Festival concert: \"The Virtuoso\" Salle des f\u00eates Saint-Paul-en-For\u00eat (83440) (note change of venue) 8 August 2025, 7PM, tickets 0\u20ac-25\u20ac - Debussy - Pr\u00e9lude \u00e0 l'apr\u00e8s-midi d'un faune - Mozart \u2013 Oboe Quartet - Ravel arr. Sherry Lewis - Pavane Pour un Infante D'Enfant - Ravel arr. Andrew Middleton -\u2026","rel":"","context":"Article similaire","block_context":{"text":"Article similaire","link":""},"img":{"alt_text":"","src":"https:\/\/i0.wp.com\/www.musique-cordiale.com\/wp-content\/uploads\/2025\/04\/WhatsApp-Image-2025-04-23-at-18.02.36_c3163d21-Musique-Cordiale-concert-Saint-Paul.jpg?fit=1200%2C676&ssl=1&resize=350%2C200","width":350,"height":200,"srcset":"https:\/\/i0.wp.com\/www.musique-cordiale.com\/wp-content\/uploads\/2025\/04\/WhatsApp-Image-2025-04-23-at-18.02.36_c3163d21-Musique-Cordiale-concert-Saint-Paul.jpg?fit=1200%2C676&ssl=1&resize=350%2C200 1x, https:\/\/i0.wp.com\/www.musique-cordiale.com\/wp-content\/uploads\/2025\/04\/WhatsApp-Image-2025-04-23-at-18.02.36_c3163d21-Musique-Cordiale-concert-Saint-Paul.jpg?fit=1200%2C676&ssl=1&resize=525%2C300 1.5x, https:\/\/i0.wp.com\/www.musique-cordiale.com\/wp-content\/uploads\/2025\/04\/WhatsApp-Image-2025-04-23-at-18.02.36_c3163d21-Musique-Cordiale-concert-Saint-Paul.jpg?fit=1200%2C676&ssl=1&resize=700%2C400 2x, https:\/\/i0.wp.com\/www.musique-cordiale.com\/wp-content\/uploads\/2025\/04\/WhatsApp-Image-2025-04-23-at-18.02.36_c3163d21-Musique-Cordiale-concert-Saint-Paul.jpg?fit=1200%2C676&ssl=1&resize=1050%2C600 3x"},"classes":[]},{"id":21097,"url":"https:\/\/www.musique-cordiale.com\/programme-tickets\/delightful-chamber-music-from-lensemble-cordial\/","url_meta":{"origin":39664,"position":5},"title":"Delightful chamber music from L\u2019Ensemble Cordial &#8211; MOZART PURE","author":"Lyndsey","date":"08\/06\/2018","format":false,"excerpt":"Mozart: Quatuor \u00e0 cordes \u00ab le Dissonance \u00bb Trois Madrigales pour violon et alto Mozart: Quintette \u00e0 cordes n\u00b0 4 en sol mineur The concert will be followed by wine outside the church at around 13:20. Consider pausing for lunch afterwards in\u00a0Bagnols-en-For\u00eat\u00a0where there are several inviting restaurants Concert de midi\u2026","rel":"","context":"Article similaire","block_context":{"text":"Article similaire","link":""},"img":{"alt_text":"","src":"","width":0,"height":0},"classes":[]}],"_links":{"self":[{"href":"https:\/\/www.musique-cordiale.com\/fr\/wp-json\/wp\/v2\/product\/39664","targetHints":{"allow":["GET"]}}],"collection":[{"href":"https:\/\/www.musique-cordiale.com\/fr\/wp-json\/wp\/v2\/product"}],"about":[{"href":"https:\/\/www.musique-cordiale.com\/fr\/wp-json\/wp\/v2\/types\/product"}],"wp:featuredmedia":[{"embeddable":true,"href":"https:\/\/www.musique-cordiale.com\/fr\/wp-json\/wp\/v2\/media\/15774"}],"wp:attachment":[{"href":"https:\/\/www.musique-cordiale.com\/fr\/wp-json\/wp\/v2\/media?parent=39664"}],"wp:term":[{"taxonomy":"product_brand","embeddable":true,"href":"https:\/\/www.musique-cordiale.com\/fr\/wp-json\/wp\/v2\/product_brand?post=39664"},{"taxonomy":"product_cat","embeddable":true,"href":"https:\/\/www.musique-cordiale.com\/fr\/wp-json\/wp\/v2\/product_cat?post=39664"},{"taxonomy":"product_tag","embeddable":true,"href":"https:\/\/www.musique-cordiale.com\/fr\/wp-json\/wp\/v2\/product_tag?post=39664"},{"taxonomy":"venue","embeddable":true,"href":"https:\/\/www.musique-cordiale.com\/fr\/wp-json\/wp\/v2\/venue?post=39664"}],"curies":[{"name":"wp","href":"https:\/\/api.w.org\/{rel}","templated":true}]}}