{"id":40953,"date":"2023-06-13T11:00:49","date_gmt":"2023-06-13T11:00:49","guid":{"rendered":"https:\/\/www.musique-cordiale.com\/programme-tickets\/season-pass-festival-2023standard-excludes-val-diris\/"},"modified":"2023-07-25T09:49:02","modified_gmt":"2023-07-25T09:49:02","slug":"season-pass-festival-2023standard-excludes-val-diris","status":"publish","type":"product","link":"https:\/\/www.musique-cordiale.com\/fr\/boutique-billetterie\/season-pass-festival-2023standard-excludes-val-diris\/","title":{"rendered":"Forfaits saison, concerts du soir 2023"},"content":{"rendered":"<p>Un PASS DE SAISON standard pour le Festival 2023 donne acc\u00e8s \u00e0 tous les concerts du Festival (SAUF LE concert au Domaine Val d&rsquo;Iris le 9 ao\u00fbt ou la Soir\u00e9e Musicale et Gala Dinner pr\u00e9-festival le 26 juillet, pour lesquels r\u00e9servation s\u00e9par\u00e9e est requis). SI\u00c8GE STANDARD UNIQUEMENT 125\u00a0\u20ac |<\/p>\n<p>Un PASSE DE SAISON premium pour le Festival 2023 offre l&rsquo;entr\u00e9e \u00e0 tous les concerts du Festival (Y COMPRIS le concert au Domaine Val d&rsquo;Iris le 9 ao\u00fbt mais pas la Soir\u00e9e Musicale et Gala Dinner pr\u00e9-festival le 26 juillet, pour lesquels r\u00e9servation obligatoire). SI\u00c8GE PREMIUM r\u00e9serv\u00e9 si disponible 250 \u20ac (ou nommez votre prix)<\/p>\n","protected":false},"excerpt":{"rendered":"<p>A standard <strong>SEASON PASS<\/strong>\u00a0 for the 2023 Festival offers entry to all Festival concerts (<em><strong>EXCEPT<\/strong> <\/em>THE concert at the Domaine Val d&rsquo;Iris on 9 August or the pre-festival Soir\u00e9e Musicale et Gala Dinner \/ Fund-raiser on 26 July, for which separate reservation is required). STANDARD SEATING ONLY\u00a0 <strong>\u20ac125 |<br \/>\n<\/strong><\/p>\n<p>A premium\u00a0 <strong>SEASON PASS<\/strong>\u00a0 for the 2023 Festival offers entry to all Festival concerts (<strong><em>INCLUDING<\/em><\/strong> the concert at the Domaine Val d&rsquo;Iris on 9 August but not the pre-festival Soir\u00e9e Musicale et Gala Dinner \/ Fund-raiser on 26 July, for which separate reservation is required).\u00a0 Reserved PREMIUM SEATING where available <strong>\u20ac250 or name your price (donations appreciated!)<\/strong><\/p>\n<p><em>Un PASS DE SAISON standard pour le Festival 2023 donne acc\u00e8s \u00e0 tous les concerts du Festival (SAUF LE concert au Domaine Val d\u2019Iris le 9 ao\u00fbt ou la Soir\u00e9e Musicale et Gala Dinner pr\u00e9-festival le 26 juillet, pour lesquels r\u00e9servation s\u00e9par\u00e9e est requis). SI\u00c8GE STANDARD UNIQUEMENT 125 \u20ac |<\/em><\/p>\n<p><em>Un PASSE DE SAISON premium pour le Festival 2023 offre l\u2019entr\u00e9e \u00e0 tous les concerts du Festival (Y COMPRIS le concert au Domaine Val d\u2019Iris le 9 ao\u00fbt mais pas la Soir\u00e9e Musicale et Gala Dinner pr\u00e9-festival le 26 juillet, pour lesquels r\u00e9servation obligatoire). SI\u00c8GE PREMIUM r\u00e9serv\u00e9 si disponible 250 \u20ac (ou nommez votre prix)<\/em><\/p>\n","protected":false},"featured_media":39468,"template":"","meta":{"_acf_changed":false,"_monsterinsights_skip_tracking":false,"_monsterinsights_sitenote_active":false,"_monsterinsights_sitenote_note":"","_monsterinsights_sitenote_category":0,"_uf_show_specific_survey":0,"_uf_disable_surveys":false,"advanced_seo_description":"","jetpack_seo_html_title":"","jetpack_seo_noindex":false},"product_brand":[],"product_cat":[275,390,422],"product_tag":[415,416,417,418],"venue":[208,254,244,420,222,255],"class_list":{"0":"post-40953","1":"product","2":"type-product","3":"status-publish","4":"has-post-thumbnail","6":"product_cat-billet-varies-fr","7":"product_cat-festival-2023-fr","8":"product_cat-season-passes-forfaits-saison-fr","9":"product_tag-2023-fr","10":"product_tag-concerts-fr","11":"product_tag-festival-fr","12":"product_tag-pass-fr","13":"venue-bagnols-en-foret","14":"venue-callian","15":"venue-fayence","16":"venue-pays-de-fayence","17":"venue-seillans","18":"venue-tourrettes","20":"first","21":"instock","22":"shipping-taxable","23":"product-type-variable"},"acf":[],"jetpack_sharing_enabled":true,"jetpack-related-posts":[{"id":44971,"url":"https:\/\/www.musique-cordiale.com\/fr\/boutique-billetterie\/forfaits-saison-concerts-du-soir-2023-copy\/","url_meta":{"origin":40953,"position":0},"title":"PASS SAISON, Festival 2025 &#8211; concerts et \u00e9v\u00e9nements en soir\u00e9e (sauf 29 juillet, 1er ao\u00fbt) &#8211; choix entre options PREMIUM ou STANDARD","author":"Jonathan Barker","date":"31\/03\/2024","format":false,"excerpt":"Un PAS SAISON standard pour le Festival 2025 offre l'entr\u00e9e \u00e0 tous les concerts du Festival (SAUF le concert\/la collecte de fonds\/le d\u00eener de gala\/l'ap\u00e9ritif au Mas de Romarains le 29 juillet et le concert\/le d\u00eener\/le d\u00eener au Domaine Val d'Iris le 1er ao\u00fbt 2025 pour lesquels une r\u00e9servation s\u00e9par\u00e9e\u2026","rel":"","context":"Article similaire","block_context":{"text":"Article similaire","link":""},"img":{"alt_text":"","src":"https:\/\/i0.wp.com\/www.musique-cordiale.com\/wp-content\/uploads\/2023\/05\/WhatsApp-Image-2022-02-27-at-14.50.10.jpeg?fit=1200%2C675&ssl=1&resize=350%2C200","width":350,"height":200,"srcset":"https:\/\/i0.wp.com\/www.musique-cordiale.com\/wp-content\/uploads\/2023\/05\/WhatsApp-Image-2022-02-27-at-14.50.10.jpeg?fit=1200%2C675&ssl=1&resize=350%2C200 1x, https:\/\/i0.wp.com\/www.musique-cordiale.com\/wp-content\/uploads\/2023\/05\/WhatsApp-Image-2022-02-27-at-14.50.10.jpeg?fit=1200%2C675&ssl=1&resize=525%2C300 1.5x, https:\/\/i0.wp.com\/www.musique-cordiale.com\/wp-content\/uploads\/2023\/05\/WhatsApp-Image-2022-02-27-at-14.50.10.jpeg?fit=1200%2C675&ssl=1&resize=700%2C400 2x, https:\/\/i0.wp.com\/www.musique-cordiale.com\/wp-content\/uploads\/2023\/05\/WhatsApp-Image-2022-02-27-at-14.50.10.jpeg?fit=1200%2C675&ssl=1&resize=1050%2C600 3x"},"classes":[]},{"id":40935,"url":"https:\/\/www.musique-cordiale.com\/programme-tickets\/season-pass-festival-2023standard-excludes-val-diris\/","url_meta":{"origin":40953,"position":1},"title":"SEASON PASS, evening concerts, Festival 2023","author":"Jonathan Barker","date":"13\/06\/2023","format":false,"excerpt":"A standard SEASON PASS\u00a0 for the 2023 Festival offers entry to all Festival concerts (EXCEPT THE concert at the Domaine Val d'Iris on 9 August or the pre-festival Soir\u00e9e Musicale et Gala Dinner \/ Fund-raiser on 26 July, for which separate reservation is required). STANDARD SEATING ONLY\u00a0 \u20ac125 | A\u2026","rel":"","context":"Article similaire","block_context":{"text":"Article similaire","link":""},"img":{"alt_text":"","src":"https:\/\/i0.wp.com\/www.musique-cordiale.com\/wp-content\/uploads\/2023\/05\/WhatsApp-Image-2022-02-27-at-14.50.10.jpeg?fit=1200%2C675&ssl=1&resize=350%2C200","width":350,"height":200,"srcset":"https:\/\/i0.wp.com\/www.musique-cordiale.com\/wp-content\/uploads\/2023\/05\/WhatsApp-Image-2022-02-27-at-14.50.10.jpeg?fit=1200%2C675&ssl=1&resize=350%2C200 1x, https:\/\/i0.wp.com\/www.musique-cordiale.com\/wp-content\/uploads\/2023\/05\/WhatsApp-Image-2022-02-27-at-14.50.10.jpeg?fit=1200%2C675&ssl=1&resize=525%2C300 1.5x, https:\/\/i0.wp.com\/www.musique-cordiale.com\/wp-content\/uploads\/2023\/05\/WhatsApp-Image-2022-02-27-at-14.50.10.jpeg?fit=1200%2C675&ssl=1&resize=700%2C400 2x, https:\/\/i0.wp.com\/www.musique-cordiale.com\/wp-content\/uploads\/2023\/05\/WhatsApp-Image-2022-02-27-at-14.50.10.jpeg?fit=1200%2C675&ssl=1&resize=1050%2C600 3x"},"classes":[]},{"id":44911,"url":"https:\/\/www.musique-cordiale.com\/fr\/boutique-billetterie\/concert-fund-raiser-to-launch-the-2024-festival\/","url_meta":{"origin":40953,"position":2},"title":"30 juillet 2024, 19h: Concert et &lsquo;SOIR\u00c9E MUSICALE&rsquo; pour lancer le Festival Musique-Cordiale 2024: Musique, Vin et d\u00e9licieux ap\u00e9ritif dinatoire","author":"Jonathan Barker","date":"31\/03\/2024","format":false,"excerpt":"Rebecca Hardwick, soprano | Aidan Coburn, t\u00e9nor | Rebecca Taylor, piano | Will Harris, violoncelle | James Heathcote, violoncelle | Les musiciens du Festival 2024 |Concert de Gala et D\u00eener dans le cadre champ\u00eatre du Domaine Val d\u2019Iris pour la pr\u00e9sentation de nos merveilleux artistes qui se produiront au cours\u2026","rel":"","context":"Article similaire","block_context":{"text":"Article similaire","link":""},"img":{"alt_text":"","src":"https:\/\/i0.wp.com\/www.musique-cordiale.com\/wp-content\/uploads\/2019\/03\/Van-dIris-concert-20140804_195100-scaled.jpg?fit=1200%2C675&ssl=1&resize=350%2C200","width":350,"height":200,"srcset":"https:\/\/i0.wp.com\/www.musique-cordiale.com\/wp-content\/uploads\/2019\/03\/Van-dIris-concert-20140804_195100-scaled.jpg?fit=1200%2C675&ssl=1&resize=350%2C200 1x, https:\/\/i0.wp.com\/www.musique-cordiale.com\/wp-content\/uploads\/2019\/03\/Van-dIris-concert-20140804_195100-scaled.jpg?fit=1200%2C675&ssl=1&resize=525%2C300 1.5x, https:\/\/i0.wp.com\/www.musique-cordiale.com\/wp-content\/uploads\/2019\/03\/Van-dIris-concert-20140804_195100-scaled.jpg?fit=1200%2C675&ssl=1&resize=700%2C400 2x, https:\/\/i0.wp.com\/www.musique-cordiale.com\/wp-content\/uploads\/2019\/03\/Van-dIris-concert-20140804_195100-scaled.jpg?fit=1200%2C675&ssl=1&resize=1050%2C600 3x"},"classes":[]},{"id":44968,"url":"https:\/\/www.musique-cordiale.com\/programme-tickets\/season-pass-evening-concerts-festival-2024\/","url_meta":{"origin":40953,"position":3},"title":"SEASON PASS, Festival 2025 &#8211; evening concerts &#038; events (except 29 July, 1 August) &#8211; choice of PREMIUM or STANDARD options","author":"Jonathan Barker","date":"31\/03\/2024","format":false,"excerpt":"A standard SEASON PASS\u00a0 for the 2025 Festival offers entry to all Festival concerts (EXCEPT THEconcert\/fundraiser\/gala dinner\/drinks event the Mas de Romarains on 30 July and the concert\/dinks\/dinatoire at Domaine Val d'Iris on 1 August 2025 for which separate reservation is required). STANDARD SEATING ONLY\u00a0 \u20ac195| A PREMIUM SEASON PASS\u00a0\u2026","rel":"","context":"Article similaire","block_context":{"text":"Article similaire","link":""},"img":{"alt_text":"","src":"https:\/\/i0.wp.com\/www.musique-cordiale.com\/wp-content\/uploads\/2023\/05\/WhatsApp-Image-2022-02-27-at-14.50.10.jpeg?fit=1200%2C675&ssl=1&resize=350%2C200","width":350,"height":200,"srcset":"https:\/\/i0.wp.com\/www.musique-cordiale.com\/wp-content\/uploads\/2023\/05\/WhatsApp-Image-2022-02-27-at-14.50.10.jpeg?fit=1200%2C675&ssl=1&resize=350%2C200 1x, https:\/\/i0.wp.com\/www.musique-cordiale.com\/wp-content\/uploads\/2023\/05\/WhatsApp-Image-2022-02-27-at-14.50.10.jpeg?fit=1200%2C675&ssl=1&resize=525%2C300 1.5x, https:\/\/i0.wp.com\/www.musique-cordiale.com\/wp-content\/uploads\/2023\/05\/WhatsApp-Image-2022-02-27-at-14.50.10.jpeg?fit=1200%2C675&ssl=1&resize=700%2C400 2x, https:\/\/i0.wp.com\/www.musique-cordiale.com\/wp-content\/uploads\/2023\/05\/WhatsApp-Image-2022-02-27-at-14.50.10.jpeg?fit=1200%2C675&ssl=1&resize=1050%2C600 3x"},"classes":[]},{"id":16571,"url":"https:\/\/www.musique-cordiale.com\/programme-tickets\/festival-pass-normal\/","url_meta":{"origin":40953,"position":4},"title":"Festival Pass 2019 &#8211; standard","author":"Lyndsey","date":"26\/04\/2017","format":false,"excerpt":"1 normal tariff (unreserved seating) festival pass for all evening concerts except the Soir\u00e9e Musicale\/Gala at the\u00a0 Camandoule 5 August 2019 170 \u20ac per person (OR 150 \u20ac per Festival friend or Silver\/Gold donor) All passes are transferable. Tous les Pass sont transf\u00e9rables. Please check in at the box office\u2026","rel":"","context":"Article similaire","block_context":{"text":"Article similaire","link":""},"img":{"alt_text":"","src":"https:\/\/i0.wp.com\/www.musique-cordiale.com\/wp-content\/uploads\/2015\/01\/CQ4A3930-scaled.jpg?fit=1075%2C1200&ssl=1&resize=350%2C200","width":350,"height":200,"srcset":"https:\/\/i0.wp.com\/www.musique-cordiale.com\/wp-content\/uploads\/2015\/01\/CQ4A3930-scaled.jpg?fit=1075%2C1200&ssl=1&resize=350%2C200 1x, https:\/\/i0.wp.com\/www.musique-cordiale.com\/wp-content\/uploads\/2015\/01\/CQ4A3930-scaled.jpg?fit=1075%2C1200&ssl=1&resize=525%2C300 1.5x, https:\/\/i0.wp.com\/www.musique-cordiale.com\/wp-content\/uploads\/2015\/01\/CQ4A3930-scaled.jpg?fit=1075%2C1200&ssl=1&resize=700%2C400 2x, https:\/\/i0.wp.com\/www.musique-cordiale.com\/wp-content\/uploads\/2015\/01\/CQ4A3930-scaled.jpg?fit=1075%2C1200&ssl=1&resize=1050%2C600 3x"},"classes":[]},{"id":39412,"url":"https:\/\/www.musique-cordiale.com\/fr\/boutique-billetterie\/9-august-2023-soiree-opera-musique-vin-au-domaine-viticole\/","url_meta":{"origin":40953,"position":5},"title":"SOIR\u00c9E OP\u00c9RA MUSIQUE &#038; VIN AU DOMAINE VITICOLE, Domaine Val-d\u2019Iris, 21h","author":"Jonathan Barker","date":"25\/05\/2023","format":false,"excerpt":"SOIR\u00c9E OP\u00c9RA: MUSIQUE & VIN AU DOMAINE VITICOLE | interpr\u00e8tent des airs semi-sc\u00e9niques d'op\u00e9ras tr\u00e8s appr\u00e9ci\u00e9s dans le cadre ext\u00e9rieur pittoresque du Domaine Viticole Val D'Iris","rel":"","context":"Article similaire","block_context":{"text":"Article similaire","link":""},"img":{"alt_text":"","src":"https:\/\/i0.wp.com\/www.musique-cordiale.com\/wp-content\/uploads\/2023\/05\/WhatsApp-Image-2023-01-20-at-14.57.35.jpeg?fit=1200%2C583&ssl=1&resize=350%2C200","width":350,"height":200,"srcset":"https:\/\/i0.wp.com\/www.musique-cordiale.com\/wp-content\/uploads\/2023\/05\/WhatsApp-Image-2023-01-20-at-14.57.35.jpeg?fit=1200%2C583&ssl=1&resize=350%2C200 1x, https:\/\/i0.wp.com\/www.musique-cordiale.com\/wp-content\/uploads\/2023\/05\/WhatsApp-Image-2023-01-20-at-14.57.35.jpeg?fit=1200%2C583&ssl=1&resize=525%2C300 1.5x, https:\/\/i0.wp.com\/www.musique-cordiale.com\/wp-content\/uploads\/2023\/05\/WhatsApp-Image-2023-01-20-at-14.57.35.jpeg?fit=1200%2C583&ssl=1&resize=700%2C400 2x, https:\/\/i0.wp.com\/www.musique-cordiale.com\/wp-content\/uploads\/2023\/05\/WhatsApp-Image-2023-01-20-at-14.57.35.jpeg?fit=1200%2C583&ssl=1&resize=1050%2C600 3x"},"classes":[]}],"_links":{"self":[{"href":"https:\/\/www.musique-cordiale.com\/fr\/wp-json\/wp\/v2\/product\/40953","targetHints":{"allow":["GET"]}}],"collection":[{"href":"https:\/\/www.musique-cordiale.com\/fr\/wp-json\/wp\/v2\/product"}],"about":[{"href":"https:\/\/www.musique-cordiale.com\/fr\/wp-json\/wp\/v2\/types\/product"}],"wp:featuredmedia":[{"embeddable":true,"href":"https:\/\/www.musique-cordiale.com\/fr\/wp-json\/wp\/v2\/media\/39468"}],"wp:attachment":[{"href":"https:\/\/www.musique-cordiale.com\/fr\/wp-json\/wp\/v2\/media?parent=40953"}],"wp:term":[{"taxonomy":"product_brand","embeddable":true,"href":"https:\/\/www.musique-cordiale.com\/fr\/wp-json\/wp\/v2\/product_brand?post=40953"},{"taxonomy":"product_cat","embeddable":true,"href":"https:\/\/www.musique-cordiale.com\/fr\/wp-json\/wp\/v2\/product_cat?post=40953"},{"taxonomy":"product_tag","embeddable":true,"href":"https:\/\/www.musique-cordiale.com\/fr\/wp-json\/wp\/v2\/product_tag?post=40953"},{"taxonomy":"venue","embeddable":true,"href":"https:\/\/www.musique-cordiale.com\/fr\/wp-json\/wp\/v2\/venue?post=40953"}],"curies":[{"name":"wp","href":"https:\/\/api.w.org\/{rel}","templated":true}]}}