{"id":44959,"date":"2024-03-31T15:45:01","date_gmt":"2024-03-31T15:58:16","guid":{"rendered":"https:\/\/www.musique-cordiale.com\/?post_type=product&#038;p=44959"},"modified":"2024-09-08T15:57:07","modified_gmt":"2024-09-08T15:57:07","slug":"19h-31-juillet-2024-concert-presentation-le-contre-tenor-et-autres-voix-haendel-senestino-farinelli-friends-opera-pour-la-noblesse","status":"publish","type":"product","link":"https:\/\/www.musique-cordiale.com\/fr\/boutique-billetterie\/19h-31-juillet-2024-concert-presentation-le-contre-tenor-et-autres-voix-haendel-senestino-farinelli-friends-opera-pour-la-noblesse\/","title":{"rendered":"Concert &#038; pr\u00e9sentation Le CONTRE-T\u00c9NOR ET les VOIX DIVERSES: op\u00e9ra pour la noblesse"},"content":{"rendered":"<p>Concert &amp; pr\u00e9sentation<br \/>\nLe CONTRE-T\u00c9NOR ET AUTRES VOIX<\/p>\n<p><strong>Haendel, Senestino, Farinelli &amp; Friends : op\u00e9ra pour la noblesse<\/strong><br \/>\nJames Hall, <em>contre-t\u00e9nor<\/em><br \/>\net des artistes invit\u00e9s<br \/>\nRebecca Taylor, <em>piano<\/em><\/p>\n<p>Ensemble Cordiale<\/p>\n","protected":false},"excerpt":{"rendered":"<p>Concert &amp; pr\u00e9sentation<br \/>\nLe CONTRE-T\u00c9NOR ET les VOIX DIVERSES<\/p>\n<p><strong>Haendel, Senestino, Farinelli &amp; Friends :<strong> op\u00e9ra pour la noblesse<\/strong><\/strong><\/p>\n<p>James Hall, <em>contre-t\u00e9nor<\/em><br \/>\net des artistes invit\u00e9s<br \/>\nRebecca Taylor, <em>piano<\/em><\/p>\n<p>Ensemble Cordiale<\/p>\n","protected":false},"featured_media":44967,"template":"","meta":{"_acf_changed":false,"_monsterinsights_skip_tracking":false,"_monsterinsights_sitenote_active":false,"_monsterinsights_sitenote_note":"","_monsterinsights_sitenote_category":0,"_uf_show_specific_survey":0,"_uf_disable_surveys":false,"advanced_seo_description":"","jetpack_seo_html_title":"","jetpack_seo_noindex":false},"product_brand":[],"product_cat":[447],"product_tag":[395],"venue":[145],"class_list":{"0":"post-44959","1":"product","2":"type-product","3":"status-publish","4":"has-post-thumbnail","6":"product_cat-festival-2024-fr","7":"product_tag-concert-fr","8":"venue-eglise-saint-leger","10":"first","11":"instock","12":"shipping-taxable","13":"product-type-variable"},"acf":[],"jetpack_sharing_enabled":true,"jetpack-related-posts":[{"id":44951,"url":"https:\/\/www.musique-cordiale.com\/programme-tickets\/counter-tenor-other-voices-opera-for-the-nobility\/","url_meta":{"origin":44959,"position":0},"title":"7PM 31 July 2024 &#8211; The COUNTER-TENOR &#038; OTHER VOICES: \u00ab\u00a0opera for the nobility\u00a0\u00bb &#8211; Concert &#038; presentation","author":"Jonathan Barker","date":"31\/03\/2024","format":false,"excerpt":"Concert & presentation: The COUNTER-TENOR & OTHER VOICES | Handel, Senestino, Farinelli & friends: | \"OPERA FOR THE NOBILITY\" - James Hall, counter-tenor| with other invited artists | Rebecca Taylor, piano | Ensemble Cordiale","rel":"","context":"Article similaire","block_context":{"text":"Article similaire","link":""},"img":{"alt_text":"","src":"https:\/\/i0.wp.com\/www.musique-cordiale.com\/wp-content\/uploads\/2024\/03\/Counter-tenor.jpg?fit=1200%2C526&ssl=1&resize=350%2C200","width":350,"height":200,"srcset":"https:\/\/i0.wp.com\/www.musique-cordiale.com\/wp-content\/uploads\/2024\/03\/Counter-tenor.jpg?fit=1200%2C526&ssl=1&resize=350%2C200 1x, https:\/\/i0.wp.com\/www.musique-cordiale.com\/wp-content\/uploads\/2024\/03\/Counter-tenor.jpg?fit=1200%2C526&ssl=1&resize=525%2C300 1.5x, https:\/\/i0.wp.com\/www.musique-cordiale.com\/wp-content\/uploads\/2024\/03\/Counter-tenor.jpg?fit=1200%2C526&ssl=1&resize=700%2C400 2x, https:\/\/i0.wp.com\/www.musique-cordiale.com\/wp-content\/uploads\/2024\/03\/Counter-tenor.jpg?fit=1200%2C526&ssl=1&resize=1050%2C600 3x"},"classes":[]},{"id":43539,"url":"https:\/\/www.musique-cordiale.com\/programme-tickets\/the-counter-tenor-other-voices-presentation-concert-by-james-hall-faversham-assembly-rooms-10-november-2023-7pm\/","url_meta":{"origin":44959,"position":1},"title":"The Counter-Tenor &#038; other Voices &#8211; Presentation &#038; concert by James Hall, Faversham Assembly Rooms -10 November 2023: 7PM","author":"Jonathan Barker","date":"21\/09\/2023","format":false,"excerpt":"James Hall, counter-tenor (with Musique-Cordiale string quartet) Concert & presentation: THE COUNTER-TENOR & OTHER VOICES Handel, Senestino, Farinelli & friends: opera for the Nobility Tickets \u00a315 (80+ \u00a310 \/ children under 13 FREE) - available online or at the door The Assembly Rooms, Preston Street, FAVERSHAM, Kent, ME13 8PG","rel":"","context":"Article similaire","block_context":{"text":"Article similaire","link":""},"img":{"alt_text":"","src":"https:\/\/i0.wp.com\/www.musique-cordiale.com\/wp-content\/uploads\/2023\/09\/Farinelli-Friends.jpg?fit=1200%2C843&ssl=1&resize=350%2C200","width":350,"height":200,"srcset":"https:\/\/i0.wp.com\/www.musique-cordiale.com\/wp-content\/uploads\/2023\/09\/Farinelli-Friends.jpg?fit=1200%2C843&ssl=1&resize=350%2C200 1x, https:\/\/i0.wp.com\/www.musique-cordiale.com\/wp-content\/uploads\/2023\/09\/Farinelli-Friends.jpg?fit=1200%2C843&ssl=1&resize=525%2C300 1.5x, https:\/\/i0.wp.com\/www.musique-cordiale.com\/wp-content\/uploads\/2023\/09\/Farinelli-Friends.jpg?fit=1200%2C843&ssl=1&resize=700%2C400 2x, https:\/\/i0.wp.com\/www.musique-cordiale.com\/wp-content\/uploads\/2023\/09\/Farinelli-Friends.jpg?fit=1200%2C843&ssl=1&resize=1050%2C600 3x"},"classes":[]},{"id":44940,"url":"https:\/\/www.musique-cordiale.com\/programme-tickets\/the-counter-tenor-other-voices-presentation-concert-by-james-hall-faversham-assembly-rooms-10-november-2023-7pm-2\/","url_meta":{"origin":44959,"position":2},"title":"The Counter-Tenor &#038; other Voices &#8211; Presentation &#038; concert by James Hall, Faversham Assembly Rooms -10 November 2023: 7PM","author":"Jonathan Barker","date":"31\/03\/2024","format":false,"excerpt":"James Hall, counter-tenor (with Musique-Cordiale string quartet) Concert & presentation: THE COUNTER-TENOR & OTHER VOICES Handel, Senestino, Farinelli & friends: opera for the Nobility Tickets \u00a315 (80+ \u00a310 \/ children under 13 FREE) - available online or at the door The Assembly Rooms, Preston Street, FAVERSHAM, Kent, ME13 8PG","rel":"","context":"Article similaire","block_context":{"text":"Article similaire","link":""},"img":{"alt_text":"","src":"https:\/\/i0.wp.com\/www.musique-cordiale.com\/wp-content\/uploads\/2023\/09\/Farinelli-Friends.jpg?fit=1200%2C843&ssl=1&resize=350%2C200","width":350,"height":200,"srcset":"https:\/\/i0.wp.com\/www.musique-cordiale.com\/wp-content\/uploads\/2023\/09\/Farinelli-Friends.jpg?fit=1200%2C843&ssl=1&resize=350%2C200 1x, https:\/\/i0.wp.com\/www.musique-cordiale.com\/wp-content\/uploads\/2023\/09\/Farinelli-Friends.jpg?fit=1200%2C843&ssl=1&resize=525%2C300 1.5x, https:\/\/i0.wp.com\/www.musique-cordiale.com\/wp-content\/uploads\/2023\/09\/Farinelli-Friends.jpg?fit=1200%2C843&ssl=1&resize=700%2C400 2x, https:\/\/i0.wp.com\/www.musique-cordiale.com\/wp-content\/uploads\/2023\/09\/Farinelli-Friends.jpg?fit=1200%2C843&ssl=1&resize=1050%2C600 3x"},"classes":[]},{"id":48409,"url":"https:\/\/www.musique-cordiale.com\/fr\/boutique-billetterie\/stabat-mater-du-dixit-dominus-de-pergolese-et-haendel-eglise-de-bagnols-en-foret-19h-4-aout-2025\/","url_meta":{"origin":44959,"position":3},"title":"Quatre Saisons et Dixit Dominus &#8211; interpr\u00e9t\u00e9s par les fabuleux solistes et orchestre de Musique-Cordiale, \u00e9glise de Bagnols-en-For\u00eat, 19h, le 4 ao\u00fbt 2025","author":"Jonathan Barker","date":"04\/04\/2025","format":false,"excerpt":"Les Quatre Saisons de Vivaldi et \u00ab Dixit Dominus \u00bb de Haendel + \u00ab Suite Abdelazar \u00bb de Purcell - Dixit Dominus est l'une des \u0153uvres les plus appr\u00e9ci\u00e9es de Haendel. Elle a \u00e9t\u00e9 interpr\u00e9t\u00e9e au fil des ans par Musique-Cordiale par des ch\u0153urs de diff\u00e9rentes tailles, dont une fois\u2026","rel":"","context":"Article similaire","block_context":{"text":"Article similaire","link":""},"img":{"alt_text":"","src":"https:\/\/i0.wp.com\/www.musique-cordiale.com\/wp-content\/uploads\/2023\/05\/Concert_in_Bagnols-en-Foret_France-scaled.jpg?fit=1200%2C800&ssl=1&resize=350%2C200","width":350,"height":200,"srcset":"https:\/\/i0.wp.com\/www.musique-cordiale.com\/wp-content\/uploads\/2023\/05\/Concert_in_Bagnols-en-Foret_France-scaled.jpg?fit=1200%2C800&ssl=1&resize=350%2C200 1x, https:\/\/i0.wp.com\/www.musique-cordiale.com\/wp-content\/uploads\/2023\/05\/Concert_in_Bagnols-en-Foret_France-scaled.jpg?fit=1200%2C800&ssl=1&resize=525%2C300 1.5x, https:\/\/i0.wp.com\/www.musique-cordiale.com\/wp-content\/uploads\/2023\/05\/Concert_in_Bagnols-en-Foret_France-scaled.jpg?fit=1200%2C800&ssl=1&resize=700%2C400 2x, https:\/\/i0.wp.com\/www.musique-cordiale.com\/wp-content\/uploads\/2023\/05\/Concert_in_Bagnols-en-Foret_France-scaled.jpg?fit=1200%2C800&ssl=1&resize=1050%2C600 3x"},"classes":[]},{"id":48596,"url":"https:\/\/www.musique-cordiale.com\/fr\/boutique-billetterie\/une-soiree-insolite-a-lopera-dans-un-cadre-magique-au-milieu-des-arbres-et-sous-la-tour-de-lhorloge-et-avec-vue-sur-le-chateau-et-les-collines-du-var-au-loin\/","url_meta":{"origin":44959,"position":4},"title":"\u00ab Une soir\u00e9e insolite \u00e0 l\u2019OP\u00c9RA \u00bb dans un cadre magique au milieu des arbres et sous la tour de l\u2019horloge \u2013 et avec vue sur le ch\u00e2teau et les collines du Var au loin, mercredi 6 ao\u00fbt 2025, 21h, Place de l\u2019Horloge, TOURRETTES","author":"Jonathan Barker","date":"22\/04\/2025","format":false,"excerpt":"Notre incroyable programmation de solistes vocaux\u00a0: Rebecca Hardwick, soprano, Hannah Dienes-Williams, mezzo, Collin Shay, contre-t\u00e9nor, Aidan Coburn, t\u00e9nor, Patrick Alexander Keefe, baryton avec Rebecca Taylor, piano Une soir\u00e9e de grands classiques de l'op\u00e9ra, r\u00e9unis dans cette nouvelle production inventive, pr\u00e9sent\u00e9e en partie \u00e0 Musique-Cordiale","rel":"","context":"Article similaire","block_context":{"text":"Article similaire","link":""},"img":{"alt_text":"","src":"https:\/\/i0.wp.com\/www.musique-cordiale.com\/wp-content\/uploads\/2025\/04\/IMG-20250422-WA00031-Musique-Cordiale-Tourrettes-2025.jpg?fit=1049%2C1200&ssl=1&resize=350%2C200","width":350,"height":200,"srcset":"https:\/\/i0.wp.com\/www.musique-cordiale.com\/wp-content\/uploads\/2025\/04\/IMG-20250422-WA00031-Musique-Cordiale-Tourrettes-2025.jpg?fit=1049%2C1200&ssl=1&resize=350%2C200 1x, https:\/\/i0.wp.com\/www.musique-cordiale.com\/wp-content\/uploads\/2025\/04\/IMG-20250422-WA00031-Musique-Cordiale-Tourrettes-2025.jpg?fit=1049%2C1200&ssl=1&resize=525%2C300 1.5x, https:\/\/i0.wp.com\/www.musique-cordiale.com\/wp-content\/uploads\/2025\/04\/IMG-20250422-WA00031-Musique-Cordiale-Tourrettes-2025.jpg?fit=1049%2C1200&ssl=1&resize=700%2C400 2x"},"classes":[]},{"id":48346,"url":"https:\/\/www.musique-cordiale.com\/fr\/boutique-billetterie\/concert-orchestral-au-coucher-du-soleil-a-fayence-theatre-verdure-21h-5-aout-2025\/","url_meta":{"origin":44959,"position":5},"title":"\u00ab\u00a0S\u00e9r\u00e9nades d&rsquo;Amour\u00a0\u00bb\u00a0: Concert orchestral &#8211; avec airs &#8211; au coucher du soleil \u00e0 Fayence\u00a0: Th\u00e9\u00e2tre Verdure, 21\u00a0h, 5\u00a0ao\u00fbt\u00a02025","author":"Jonathan Barker","date":"10\/04\/2025","format":false,"excerpt":"\u00ab\u00a0S\u00e9r\u00e9nades d'amour\u00a0\u00bb \u2013\u00a0au lever de la lune dans le romantique amphith\u00e9\u00e2tre de Fayence\u00a0: Brahms, Elgar, Mendelssohn... et plus encore... 21h, Th\u00e9\u00e2tre de Verdure de Fayence Le grand concert orchestral du Festival dans le magnifique amphith\u00e9\u00e2tre en plein air de Fayence Mendelssohn \u2013 Ouverture des H\u00e9brides Elgar \u2013 S\u00e9r\u00e9nade pour cordes\u2026","rel":"","context":"Article similaire","block_context":{"text":"Article similaire","link":""},"img":{"alt_text":"","src":"https:\/\/i0.wp.com\/www.musique-cordiale.com\/wp-content\/uploads\/2023\/05\/Fayence-Verdure-concert-2019.jpg?fit=1200%2C583&ssl=1&resize=350%2C200","width":350,"height":200,"srcset":"https:\/\/i0.wp.com\/www.musique-cordiale.com\/wp-content\/uploads\/2023\/05\/Fayence-Verdure-concert-2019.jpg?fit=1200%2C583&ssl=1&resize=350%2C200 1x, https:\/\/i0.wp.com\/www.musique-cordiale.com\/wp-content\/uploads\/2023\/05\/Fayence-Verdure-concert-2019.jpg?fit=1200%2C583&ssl=1&resize=525%2C300 1.5x, https:\/\/i0.wp.com\/www.musique-cordiale.com\/wp-content\/uploads\/2023\/05\/Fayence-Verdure-concert-2019.jpg?fit=1200%2C583&ssl=1&resize=700%2C400 2x, https:\/\/i0.wp.com\/www.musique-cordiale.com\/wp-content\/uploads\/2023\/05\/Fayence-Verdure-concert-2019.jpg?fit=1200%2C583&ssl=1&resize=1050%2C600 3x"},"classes":[]}],"_links":{"self":[{"href":"https:\/\/www.musique-cordiale.com\/fr\/wp-json\/wp\/v2\/product\/44959","targetHints":{"allow":["GET"]}}],"collection":[{"href":"https:\/\/www.musique-cordiale.com\/fr\/wp-json\/wp\/v2\/product"}],"about":[{"href":"https:\/\/www.musique-cordiale.com\/fr\/wp-json\/wp\/v2\/types\/product"}],"wp:featuredmedia":[{"embeddable":true,"href":"https:\/\/www.musique-cordiale.com\/fr\/wp-json\/wp\/v2\/media\/44967"}],"wp:attachment":[{"href":"https:\/\/www.musique-cordiale.com\/fr\/wp-json\/wp\/v2\/media?parent=44959"}],"wp:term":[{"taxonomy":"product_brand","embeddable":true,"href":"https:\/\/www.musique-cordiale.com\/fr\/wp-json\/wp\/v2\/product_brand?post=44959"},{"taxonomy":"product_cat","embeddable":true,"href":"https:\/\/www.musique-cordiale.com\/fr\/wp-json\/wp\/v2\/product_cat?post=44959"},{"taxonomy":"product_tag","embeddable":true,"href":"https:\/\/www.musique-cordiale.com\/fr\/wp-json\/wp\/v2\/product_tag?post=44959"},{"taxonomy":"venue","embeddable":true,"href":"https:\/\/www.musique-cordiale.com\/fr\/wp-json\/wp\/v2\/venue?post=44959"}],"curies":[{"name":"wp","href":"https:\/\/api.w.org\/{rel}","templated":true}]}}