{"id":45069,"date":"2024-04-18T16:16:01","date_gmt":"2024-04-18T16:17:38","guid":{"rendered":"https:\/\/www.musique-cordiale.com\/?post_type=product&#038;p=45069"},"modified":"2024-06-27T14:00:43","modified_gmt":"2024-06-27T14:00:43","slug":"2-aout-2024-19h-concert-ensemble-musique-cordiale-montauroux","status":"publish","type":"product","link":"https:\/\/www.musique-cordiale.com\/fr\/boutique-billetterie\/2-aout-2024-19h-concert-ensemble-musique-cordiale-montauroux\/","title":{"rendered":"2 ao\u00fbt 2024, 19h &#8211; LE CONCERTO: BACH et VIVALDI, Montauroux"},"content":{"rendered":"<p><strong>Le Concerto : Bach et Vivaldi<\/strong><\/p>\n<p>J.S. Bach: <em>Concerto pour hautbois en r\u00e9 mineur<br \/>\n<\/em>Alex Franklin, <em>hautbois<\/em><\/p>\n<p>C.P.E. Bach: <em>Concerto pour violoncelle en la majeur<br \/>\n<\/em>Will Harris, <em>violoncelle<\/em><br \/>\n<em> -0-<\/em><br \/>\nVivaldi: <em>Concerto pour Basson en sol mineur<br \/>\n<\/em>Jamie King, Basson<\/p>\n<p>Ensemble Musique-Cordiale<\/p>\n","protected":false},"excerpt":{"rendered":"<p><strong>Le Concerto : Bach et Vivaldi<\/strong> |<\/p>\n<p>J.S. Bach: <em>Concerto pour hautbois en r\u00e9 mineur |<br \/>\n<\/em>Alex Franklin, <em>hautbois |<br \/>\n<\/em><\/p>\n<p>C.P.E. Bach: <em>Concerto pour violoncelle en la majeur |<br \/>\n<\/em>Will Harris, <em>violoncelle |<br \/>\n<\/em><\/p>\n<p>Vivaldi: <em>Concerto pour Basson en sol mineur |<br \/>\n<\/em>Jamie King, Basson |<\/p>\n<p>Ensemble Musique-Cordiale |<\/p>\n","protected":false},"featured_media":46137,"template":"","meta":{"_acf_changed":false,"_monsterinsights_skip_tracking":false,"_monsterinsights_sitenote_active":false,"_monsterinsights_sitenote_note":"","_monsterinsights_sitenote_category":0,"_uf_show_specific_survey":0,"_uf_disable_surveys":false,"advanced_seo_description":"","jetpack_seo_html_title":"","jetpack_seo_noindex":false},"product_brand":[],"product_cat":[447],"product_tag":[],"venue":[226,227],"class_list":{"0":"post-45069","1":"product","2":"type-product","3":"status-publish","4":"has-post-thumbnail","6":"product_cat-festival-2024-fr","7":"venue-eglise-saint-barthelemy","8":"venue-montauroux","10":"first","11":"instock","12":"shipping-taxable","13":"product-type-variable"},"acf":[],"jetpack_sharing_enabled":true,"jetpack-related-posts":[{"id":45605,"url":"https:\/\/www.musique-cordiale.com\/fr\/boutique-billetterie\/9-aout-2024-19h-vivaldi-4-saisons-haydn-mendelsson-poulenc-bagnols-en-foret\/","url_meta":{"origin":45069,"position":0},"title":"9 ao\u00fbt 2024, 19h: Vivaldi 4 Saisons, Haydn, Mendelsson &#038; Poulenc, Bagnols-en-For\u00eat","author":"Jonathan Barker","date":"20\/04\/2024","format":false,"excerpt":"Haydn Concerto en r\u00e9 majeur pour cor et amp; cordes, Peter Ryan, cor | Mendelssohn Quintette \u00e0 cordes n\u00b0 1 en la majeur | Poulenc Trio pour hautbois, basson et piano, Alex Franklin, hautbois | Jamie King, basson| Rebecca Taylor, piano| \u00a0-o- Vivaldi Les Quatre Saisons Oliver Cave, violon |","rel":"","context":"Article similaire","block_context":{"text":"Article similaire","link":""},"img":{"alt_text":"","src":"https:\/\/i0.wp.com\/www.musique-cordiale.com\/wp-content\/uploads\/2023\/05\/Concert_in_Bagnols-en-Foret_France-scaled.jpg?fit=1200%2C800&ssl=1&resize=350%2C200","width":350,"height":200,"srcset":"https:\/\/i0.wp.com\/www.musique-cordiale.com\/wp-content\/uploads\/2023\/05\/Concert_in_Bagnols-en-Foret_France-scaled.jpg?fit=1200%2C800&ssl=1&resize=350%2C200 1x, https:\/\/i0.wp.com\/www.musique-cordiale.com\/wp-content\/uploads\/2023\/05\/Concert_in_Bagnols-en-Foret_France-scaled.jpg?fit=1200%2C800&ssl=1&resize=525%2C300 1.5x, https:\/\/i0.wp.com\/www.musique-cordiale.com\/wp-content\/uploads\/2023\/05\/Concert_in_Bagnols-en-Foret_France-scaled.jpg?fit=1200%2C800&ssl=1&resize=700%2C400 2x, https:\/\/i0.wp.com\/www.musique-cordiale.com\/wp-content\/uploads\/2023\/05\/Concert_in_Bagnols-en-Foret_France-scaled.jpg?fit=1200%2C800&ssl=1&resize=1050%2C600 3x"},"classes":[]},{"id":45065,"url":"https:\/\/www.musique-cordiale.com\/programme-tickets\/2-august-2024-7pm-concert-ensemble-musique-cordiale-montauroux\/","url_meta":{"origin":45069,"position":1},"title":"2 August 2024, 7PM &#8211; Concert, THE CONCERTO: BACH &#038; VIVALDI, Montauroux","author":"Jonathan Barker","date":"18\/04\/2024","format":false,"excerpt":"The Concerto : Bach et Vivaldi| J.S. Bach: Concerto for oboe in E minor| Alex Franklin, oboe| C.P.E. Bach: Concerto for cello in A major| Will Harris, cello| Vivaldi: Bassoon Concerto in G minor| Jamie King, bassoon| Ensemble Musique Cordiale","rel":"","context":"Article similaire","block_context":{"text":"Article similaire","link":""},"img":{"alt_text":"","src":"https:\/\/i0.wp.com\/www.musique-cordiale.com\/wp-content\/uploads\/2024\/04\/shutterstock_1648637152.jpg?fit=1000%2C667&ssl=1&resize=350%2C200","width":350,"height":200,"srcset":"https:\/\/i0.wp.com\/www.musique-cordiale.com\/wp-content\/uploads\/2024\/04\/shutterstock_1648637152.jpg?fit=1000%2C667&ssl=1&resize=350%2C200 1x, https:\/\/i0.wp.com\/www.musique-cordiale.com\/wp-content\/uploads\/2024\/04\/shutterstock_1648637152.jpg?fit=1000%2C667&ssl=1&resize=525%2C300 1.5x, https:\/\/i0.wp.com\/www.musique-cordiale.com\/wp-content\/uploads\/2024\/04\/shutterstock_1648637152.jpg?fit=1000%2C667&ssl=1&resize=700%2C400 2x"},"classes":[]},{"id":23311,"url":"https:\/\/www.musique-cordiale.com\/programme-tickets\/ticket-dimanche-11-aout-2019-concert-des-bijoux-baroques-seillans\/","url_meta":{"origin":45069,"position":2},"title":"TICKET: Sunday 11 August 2019 &#8211; Concert des Bijoux Baroques, Seillans","author":"Jonathan Barker","date":"26\/03\/2019","format":false,"excerpt":"Dimanche 11\u00a0ao\u00fbt\u00a019.00 Eglise de Seillans\u00a0\u00a0\u00a0\u00a0\u00a0\u00a0\u00a0\u00a0\u00a0 20\u20ac \/ 30\u20ac(premium) Concert des Bijoux Baroques L\u2019Orchestre du Festival avec solistes Direction: Graham Ross HAENDEL Concerto Grosso Opus 6 MARCELLO Concert pour hautbois en re mineur (James Hulme - hautbois) MOZART \"Voi averte un cor fedele\" (Dima Bawab - soprano) PERGOLESI Stabat Mater (Ad\u00e8le\u2026","rel":"","context":"Article similaire","block_context":{"text":"Article similaire","link":""},"img":{"alt_text":"","src":"","width":0,"height":0},"classes":[]},{"id":23316,"url":"https:\/\/www.musique-cordiale.com\/fr\/boutique-billetterie\/ticket-dimanche-11-aout-2019-concert-des-bijoux-baroques-seillans\/","url_meta":{"origin":45069,"position":3},"title":"BILLET: dimanche 11 ao\u00fbt 2019 &#8211; Concert des Bijoux Baroques, Seillans","author":"Jonathan Barker","date":"26\/03\/2019","format":false,"excerpt":"Dimanche 11\u00a0ao\u00fbt\u00a019.00 Eglise de Seillans\u00a0\u00a0\u00a0\u00a0\u00a0\u00a0\u00a0\u00a0\u00a0 20\u20ac \/ 30\u20ac(premium) Concert des Bijoux Baroques L\u2019Orchestre du Festival avec solistes Direction: Graham Ross HAENDEL Concerto Grosso Opus 6 MARCELLO Concert pour hautbois en re mineur (James Hulme - hautbois) MOZART \"Voi averte un cor fedele\" (Dima Bawab - soprano) PERGOLESI Stabat Mater (Ad\u00e8le\u2026","rel":"","context":"Article similaire","block_context":{"text":"Article similaire","link":""},"img":{"alt_text":"","src":"","width":0,"height":0},"classes":[]},{"id":45120,"url":"https:\/\/www.musique-cordiale.com\/fr\/boutique-billetterie\/5-aout-2024-19h-la-belle-musique-baroque-st-paul-en-foret\/","url_meta":{"origin":45069,"position":4},"title":"5 ao\u00fbt 2024, 19h: La Belle Musique Baroque, \u00c9glise de St Paul-en-For\u00eat","author":"Jonathan Barker","date":"19\/04\/2024","format":false,"excerpt":"Spectaculaire baroque | Vivaldi : Concerto pour 4 violons | Pachelbel : Canon et Gigue | Chanson baroque, dont Rameau \u00ab Les Amants Trahis \u00bb pour soprane, baryton et basse continuo | Jacquet de la Guerre \u00ab Le Deugel \u00bb pour soprane, baryton et basse continu0| | Purcell chansons pour\u2026","rel":"","context":"Article similaire","block_context":{"text":"Article similaire","link":""},"img":{"alt_text":"","src":"https:\/\/i0.wp.com\/www.musique-cordiale.com\/wp-content\/uploads\/2024\/04\/shutterstock_710034355.jpg?fit=1000%2C679&ssl=1&resize=350%2C200","width":350,"height":200,"srcset":"https:\/\/i0.wp.com\/www.musique-cordiale.com\/wp-content\/uploads\/2024\/04\/shutterstock_710034355.jpg?fit=1000%2C679&ssl=1&resize=350%2C200 1x, https:\/\/i0.wp.com\/www.musique-cordiale.com\/wp-content\/uploads\/2024\/04\/shutterstock_710034355.jpg?fit=1000%2C679&ssl=1&resize=525%2C300 1.5x, https:\/\/i0.wp.com\/www.musique-cordiale.com\/wp-content\/uploads\/2024\/04\/shutterstock_710034355.jpg?fit=1000%2C679&ssl=1&resize=700%2C400 2x"},"classes":[]},{"id":45198,"url":"https:\/\/www.musique-cordiale.com\/programme-tickets\/9-august-2024-7pm-ensemble-musique-cordiale-bagnols-en-foret\/","url_meta":{"origin":45069,"position":5},"title":"9 August 2024, 7PM:  Vivaldi 4 Seasons, Haydn, Mendelsson &#038; Poulenc, Bagnols-en-For\u00eat","author":"Jonathan Barker","date":"20\/04\/2024","format":false,"excerpt":"Haydn Concerto In D Major for horn & strings | Peter Ryan, horn | Mendelssohn String Quintet No 1 in A major | Poulenc Trio for Oboe, Bassoon and Piano| Alex Franklin, oboe | Jamie King, bassoon| Rebecca Taylor, piano| \u00a0-o- Vivaldi The Four Seasons | Oliver Cave, violin |","rel":"","context":"Article similaire","block_context":{"text":"Article similaire","link":""},"img":{"alt_text":"","src":"https:\/\/i0.wp.com\/www.musique-cordiale.com\/wp-content\/uploads\/2023\/05\/Concert_in_Bagnols-en-Foret_France-scaled.jpg?fit=1200%2C800&ssl=1&resize=350%2C200","width":350,"height":200,"srcset":"https:\/\/i0.wp.com\/www.musique-cordiale.com\/wp-content\/uploads\/2023\/05\/Concert_in_Bagnols-en-Foret_France-scaled.jpg?fit=1200%2C800&ssl=1&resize=350%2C200 1x, https:\/\/i0.wp.com\/www.musique-cordiale.com\/wp-content\/uploads\/2023\/05\/Concert_in_Bagnols-en-Foret_France-scaled.jpg?fit=1200%2C800&ssl=1&resize=525%2C300 1.5x, https:\/\/i0.wp.com\/www.musique-cordiale.com\/wp-content\/uploads\/2023\/05\/Concert_in_Bagnols-en-Foret_France-scaled.jpg?fit=1200%2C800&ssl=1&resize=700%2C400 2x, https:\/\/i0.wp.com\/www.musique-cordiale.com\/wp-content\/uploads\/2023\/05\/Concert_in_Bagnols-en-Foret_France-scaled.jpg?fit=1200%2C800&ssl=1&resize=1050%2C600 3x"},"classes":[]}],"_links":{"self":[{"href":"https:\/\/www.musique-cordiale.com\/fr\/wp-json\/wp\/v2\/product\/45069","targetHints":{"allow":["GET"]}}],"collection":[{"href":"https:\/\/www.musique-cordiale.com\/fr\/wp-json\/wp\/v2\/product"}],"about":[{"href":"https:\/\/www.musique-cordiale.com\/fr\/wp-json\/wp\/v2\/types\/product"}],"wp:featuredmedia":[{"embeddable":true,"href":"https:\/\/www.musique-cordiale.com\/fr\/wp-json\/wp\/v2\/media\/46137"}],"wp:attachment":[{"href":"https:\/\/www.musique-cordiale.com\/fr\/wp-json\/wp\/v2\/media?parent=45069"}],"wp:term":[{"taxonomy":"product_brand","embeddable":true,"href":"https:\/\/www.musique-cordiale.com\/fr\/wp-json\/wp\/v2\/product_brand?post=45069"},{"taxonomy":"product_cat","embeddable":true,"href":"https:\/\/www.musique-cordiale.com\/fr\/wp-json\/wp\/v2\/product_cat?post=45069"},{"taxonomy":"product_tag","embeddable":true,"href":"https:\/\/www.musique-cordiale.com\/fr\/wp-json\/wp\/v2\/product_tag?post=45069"},{"taxonomy":"venue","embeddable":true,"href":"https:\/\/www.musique-cordiale.com\/fr\/wp-json\/wp\/v2\/venue?post=45069"}],"curies":[{"name":"wp","href":"https:\/\/api.w.org\/{rel}","templated":true}]}}