{"id":45093,"date":"2024-04-18T17:10:55","date_gmt":"2024-04-18T17:10:56","guid":{"rendered":"https:\/\/www.musique-cordiale.com\/?post_type=product&#038;p=45093"},"modified":"2024-09-08T16:13:20","modified_gmt":"2024-09-08T16:13:20","slug":"1-aout-2024-21h-soiree-opera-la-traviata-de-verdi-seillans-en-plein-air-apportez-un-pique-nique-copy","status":"publish","type":"product","link":"https:\/\/www.musique-cordiale.com\/fr\/boutique-billetterie\/1-aout-2024-21h-soiree-opera-la-traviata-de-verdi-seillans-en-plein-air-apportez-un-pique-nique-copy\/","title":{"rendered":"3 ao\u00fbt 2024, 21h: Soir\u00e9e OPERA: LA TRAVIATA de Verdi (2\u00e8me repr\u00e9sentation, Tourrettes &#8211; en pleine aire)"},"content":{"rendered":"<h4>Place de l&rsquo;Horloge, TOURRETTES (open air)<\/h4>\n<h2>Verdi&rsquo;s opera LA TRAVIATA<\/h2>\n<p>Rebecca Hardwick, Violetta<\/p>\n<p>Aidan Coburn, Alfredo Germond<\/p>\n<p>Peter Lidbetter, Giorgio Germond<\/p>\n<p>Jessica Hopkins, Flora\/Annina<\/p>\n<p>Will Harris, Gastone<\/p>\n<p>Rebecca Taylor \u2013 Piano<\/p>\n<p>La Traviata is probably one of Verdi\u2019s most popular works and perhaps one of the world&rsquo;s favourite operas. First, there is the libretto, which is delightfully melodramatic. Secondly, the music is simple and effective, admirably designed in its effects and theatrical in the most positive sense of the word. Finally, there are its themes, which were very popular in the 19th century, redemption through true love and fate, linked in this case to the image of a courtesan, a woman gone astray \u2013 a theme that introduces an eminently modern and romantic note to the drama. Violetta is a heroin straight out of a novel. What is moving about La Traviata is this focus on a single character, who carries the weight of the world on her shoulders, the raw power of her singing, her obsessive presence, her death for the sake of love and her agony written in the music. <a href=\"https:\/\/www.opera-online.com\/en\/items\/works\/la-traviata-piave-verdi-1853\" target=\"_blank\" rel=\"noopener\">Verdi&rsquo;s La Traviata, 1853<\/a><\/p>\n<p>Villa Margherita Grande dates back to the 1750s and is in fact where the famous Italian composer Giuseppe Verdi stayed and composed La Traviata, Griante, Como Lake Italy.<\/p>\n<p>A delightful semi-staged production with soloists and piano!<\/p>\n<p>La Traviata est probablement l\u2019une des \u0153uvres les plus populaires de Verdi et peut-\u00eatre l\u2019un des op\u00e9ras pr\u00e9f\u00e9r\u00e9s au monde. Il y a d\u2019abord le livret, d\u00e9licieusement m\u00e9lodramatique. Deuxi\u00e8mement, la musique est simple et efficace, admirablement con\u00e7ue dans ses effets et th\u00e9\u00e2trale dans le sens le plus positif du terme. Enfin, il y a ses th\u00e8mes, tr\u00e8s en vogue au XIXe si\u00e8cle, la r\u00e9demption par l&rsquo;amour v\u00e9ritable et le destin, li\u00e9s ici \u00e0 l&rsquo;image d&rsquo;une courtisane, d&rsquo;une femme \u00e9gar\u00e9e \u2013 un th\u00e8me qui introduit une note \u00e9minemment moderne et romantique \u00e0 le drame. Violetta est une h\u00e9ro\u00efne tout droit sortie d&rsquo;un roman. Ce qui est \u00e9mouvant dans La Traviata, c&rsquo;est cette focalisation sur un personnage unique, qui porte sur ses \u00e9paules le poids du monde, la puissance brute de son chant, sa pr\u00e9sence obsessionnelle, sa mort par amour et son agonie inscrite dans la musique. . La Traviata de Verdi, 1853<\/p>\n<p>La Villa Margherita Grande remonte aux ann\u00e9es 1750 et c&rsquo;est en fait l\u00e0 que le c\u00e9l\u00e8bre compositeur italien Giuseppe Verdi a s\u00e9journ\u00e9 et a compos\u00e9 La Traviata, Griante, Como Lake Italy.<\/p>\n<p>Une d\u00e9licieuse production semi-sc\u00e9nique avec solistes et piano !<\/p>\n","protected":false},"excerpt":{"rendered":"<p><strong>La Traviata, opera de Verdi &#8211;\u00a0 Place de l&rsquo;Horloge, 83440, Tourrettes (en plein air) <\/strong><\/p>\n<div class=\"wp-block-column\">\n<p>Rebecca Hardwick, <em>Violetta<\/em><\/p>\n<p>Aidan Coburn, <em>Alfredo Germond<\/em><\/p>\n<p>Peter Lidbetter, <em>Giorgio Germond<\/em><\/p>\n<p>Jessica Hopkins, <em>Flora\/Annina<\/em><\/p>\n<p>Will Harris, <em>Gastone<\/em><\/p>\n<h4 class=\"wp-block-heading has-text-align-center\">Rebecca Taylor, piano|<\/h4>\n<p>Une d\u00e9licieuse production semi-sc\u00e9nique avec solistes et piano !<\/p>\n<\/div>\n","protected":false},"featured_media":46127,"template":"","meta":{"_acf_changed":false,"_monsterinsights_skip_tracking":false,"_monsterinsights_sitenote_active":false,"_monsterinsights_sitenote_note":"","_monsterinsights_sitenote_category":0,"_uf_show_specific_survey":0,"_uf_disable_surveys":false,"advanced_seo_description":"","jetpack_seo_html_title":"","jetpack_seo_noindex":false},"product_brand":[],"product_cat":[447],"product_tag":[468,467],"venue":[452,255],"class_list":{"0":"post-45093","1":"product","2":"type-product","3":"status-publish","4":"has-post-thumbnail","6":"product_cat-festival-2024-fr","7":"product_tag-a-ciel-ouvert","8":"product_tag-opera-fr","9":"venue-place-de-lhorloge","10":"venue-tourrettes","12":"first","13":"instock","14":"shipping-taxable","15":"product-type-variable"},"acf":[],"jetpack_sharing_enabled":true,"jetpack-related-posts":[{"id":45088,"url":"https:\/\/www.musique-cordiale.com\/programme-tickets\/3-august-2024-9pm-soiree-opera-verdis-la-traviata-seillans-performance-2-tourrettes\/","url_meta":{"origin":45093,"position":0},"title":"3 August 2024, 9PM: Soir\u00e9e OPERA &#8211; Verdi&rsquo;s LA TRAVIATA: performance 2 &#8211; Tourrettes","author":"Jonathan Barker","date":"18\/04\/2024","format":false,"excerpt":"\u00a0La Traviata, opera by Verdi -\u00a0 Place de l'Horloge, 83440, Tourrettes (open air) | Rebecca Hardwick, Violetta | Aidan Coburn, Alfredo Germond | Peter Lidbetter, Giorgio Germond | Jessica Hopkins, Flora\/Annina | Will Harris, Gastone | \u00a0 \u00a0\u00a0 Rebecca Taylor - Piano | \u00a0 A delightful semi-staged production with soloists\u2026","rel":"","context":"Article similaire","block_context":{"text":"Article similaire","link":""},"img":{"alt_text":"","src":"https:\/\/i0.wp.com\/www.musique-cordiale.com\/wp-content\/uploads\/2024\/04\/shutterstock_1372501133-scaled.jpg?fit=1200%2C770&ssl=1&resize=350%2C200","width":350,"height":200,"srcset":"https:\/\/i0.wp.com\/www.musique-cordiale.com\/wp-content\/uploads\/2024\/04\/shutterstock_1372501133-scaled.jpg?fit=1200%2C770&ssl=1&resize=350%2C200 1x, https:\/\/i0.wp.com\/www.musique-cordiale.com\/wp-content\/uploads\/2024\/04\/shutterstock_1372501133-scaled.jpg?fit=1200%2C770&ssl=1&resize=525%2C300 1.5x, https:\/\/i0.wp.com\/www.musique-cordiale.com\/wp-content\/uploads\/2024\/04\/shutterstock_1372501133-scaled.jpg?fit=1200%2C770&ssl=1&resize=700%2C400 2x, https:\/\/i0.wp.com\/www.musique-cordiale.com\/wp-content\/uploads\/2024\/04\/shutterstock_1372501133-scaled.jpg?fit=1200%2C770&ssl=1&resize=1050%2C600 3x"},"classes":[]},{"id":45018,"url":"https:\/\/www.musique-cordiale.com\/programme-tickets\/1-august-2024-9pm-soiree-opera-verdis-la-traviata-seillans\/","url_meta":{"origin":45093,"position":1},"title":"1 August 2024, 9PM: Soir\u00e9e OPERA: Verdi&rsquo;s La Traviata (first performance, Seillans, open air &#8211; bring a picnic!)","author":"Jonathan Barker","date":"18\/04\/2024","format":false,"excerpt":"La nouvelle sc\u00e8ne de l'ancienne Gare de Seillans la Gare, Seillans (open air) - see \"Ghost Train\" video about the old Central Var rail line| Verdi\u2019s LA TRAVIATA | Rebecca Hardwick, Violetta | Aidan Coburn, Alfredo Germond | Peter Lidbetter, Giorgio Germond | Jessica Hopkins, Flora\/Annina | Will Harris, Gastone\u2026","rel":"","context":"Article similaire","block_context":{"text":"Article similaire","link":""},"img":{"alt_text":"","src":"https:\/\/i0.wp.com\/www.musique-cordiale.com\/wp-content\/uploads\/2024\/04\/shutterstock_2306674563.jpg?fit=1200%2C1175&ssl=1&resize=350%2C200","width":350,"height":200,"srcset":"https:\/\/i0.wp.com\/www.musique-cordiale.com\/wp-content\/uploads\/2024\/04\/shutterstock_2306674563.jpg?fit=1200%2C1175&ssl=1&resize=350%2C200 1x, https:\/\/i0.wp.com\/www.musique-cordiale.com\/wp-content\/uploads\/2024\/04\/shutterstock_2306674563.jpg?fit=1200%2C1175&ssl=1&resize=525%2C300 1.5x, https:\/\/i0.wp.com\/www.musique-cordiale.com\/wp-content\/uploads\/2024\/04\/shutterstock_2306674563.jpg?fit=1200%2C1175&ssl=1&resize=700%2C400 2x, https:\/\/i0.wp.com\/www.musique-cordiale.com\/wp-content\/uploads\/2024\/04\/shutterstock_2306674563.jpg?fit=1200%2C1175&ssl=1&resize=1050%2C600 3x"},"classes":[]},{"id":45023,"url":"https:\/\/www.musique-cordiale.com\/fr\/boutique-billetterie\/1-august-2024-9pm-soiree-opera-verdis-la-traviata-seillans\/","url_meta":{"origin":45093,"position":2},"title":"1 ao\u00fbt 2024, 21h: Soir\u00e9e OPERA: LA TRAVIATA  de Verdi (premi\u00e8re repr\u00e9sentation, Seillans en pleine air &#8211; apporter un pique-nique!)","author":"Jonathan Barker","date":"18\/04\/2024","format":false,"excerpt":"La nouvelle sc\u00e8ne de l'ancienne Gare de Seillans la Gare, Seillans (en plein air) - voir la vid\u00e9o \"Ghost Train\" - 'Train Fant\u00f4me' sur l'ancienne ligne ferroviaire du Centre du Var \u00a0 Rebecca Hardwick, Violetta| Aidan Coburn, Alfredo| Jessica Hopkins, Flora & Annina| Will Harris, Gastone| Peter Lidbetter, Giorgio Germond|\u2026","rel":"","context":"Article similaire","block_context":{"text":"Article similaire","link":""},"img":{"alt_text":"","src":"https:\/\/i0.wp.com\/www.musique-cordiale.com\/wp-content\/uploads\/2024\/04\/shutterstock_2306674563.jpg?fit=1200%2C1175&ssl=1&resize=350%2C200","width":350,"height":200,"srcset":"https:\/\/i0.wp.com\/www.musique-cordiale.com\/wp-content\/uploads\/2024\/04\/shutterstock_2306674563.jpg?fit=1200%2C1175&ssl=1&resize=350%2C200 1x, https:\/\/i0.wp.com\/www.musique-cordiale.com\/wp-content\/uploads\/2024\/04\/shutterstock_2306674563.jpg?fit=1200%2C1175&ssl=1&resize=525%2C300 1.5x, https:\/\/i0.wp.com\/www.musique-cordiale.com\/wp-content\/uploads\/2024\/04\/shutterstock_2306674563.jpg?fit=1200%2C1175&ssl=1&resize=700%2C400 2x, https:\/\/i0.wp.com\/www.musique-cordiale.com\/wp-content\/uploads\/2024\/04\/shutterstock_2306674563.jpg?fit=1200%2C1175&ssl=1&resize=1050%2C600 3x"},"classes":[]},{"id":45075,"url":"https:\/\/www.musique-cordiale.com\/programme-tickets\/1-august-2024-9pm-soiree-opera-verdis-la-traviata-seillans-open-air-bring-a-picnic\/","url_meta":{"origin":45093,"position":3},"title":"1 August 2024, 9PM: Soir\u00e9e OPERA; Verdi&rsquo;s La Traviata, Seillans (open air- bring a picnic!)","author":"Jonathan Barker","date":"18\/04\/2024","format":false,"excerpt":"La Traviata, opera by Verdi -\u00a0 new Stadium de la Gare, Seillans (open air) Rebecca Hardwick, Violetta| Aidan Coburn, Alfredo| Jessica Hopkins, Flora & Annina| Will Harris, Gaston| Peter Lidbetter, Germont| Rebecca Taylor, piano","rel":"","context":"Article similaire","block_context":{"text":"Article similaire","link":""},"img":{"alt_text":"","src":"","width":0,"height":0},"classes":[]},{"id":45082,"url":"https:\/\/www.musique-cordiale.com\/programme-tickets\/1-august-2024-9pm-soiree-opera-verdis-la-traviata-seillans-open-air-bring-a-picnic\/","url_meta":{"origin":45093,"position":4},"title":"1 August 2024, 9PM: Soir\u00e9e OPERA; Verdi&rsquo;s La Traviata, Seillans (open air- bring a picnic!)","author":"Jonathan Barker","date":"18\/04\/2024","format":false,"excerpt":"La Traviata, opera by Verdi -\u00a0 new Stadium de la Gare, Seillans (open air) Rebecca Hardwick, Violetta| Aidan Coburn, Alfredo| Jessica Hopkins, Flora & Annina| Will Harris, Gaston| Peter Lidbetter, Germont| Rebecca Taylor, piano","rel":"","context":"Article similaire","block_context":{"text":"Article similaire","link":""},"img":{"alt_text":"","src":"","width":0,"height":0},"classes":[]},{"id":48594,"url":"https:\/\/www.musique-cordiale.com\/programme-tickets\/a-memorable-night-at-the-operaamong-the-trees-and-under-the-clock-tower-and-overlooking-the-chateau-and-the-distant-hills-of-the-var-wednesday-6-august-2025-9pm-place-de-lhorl\/","url_meta":{"origin":45093,"position":5},"title":"\u201cA memorable night at the OPERA\u201damong the trees and under the clock-tower &#8211; and overlooking the chateau and the distant hills of the Var, Wednesday 6 August 2025, 9PM, Place de l&rsquo;Horloge, TOURRETTES","author":"Jonathan Barker","date":"22\/04\/2025","format":false,"excerpt":"PUCCINI, BIZET, MOZART, VERDI, BRITTEN Our amazing line-up of Vocal Soloists: Rebecca Hardwick, soprano, Hannah Dienes-Williams, mezzo, Collin Shay, counter-tenor, Aidan Coburn, tenor, Patrick Alexander Keefe, Baritone with Rebecca Taylor, piano An evening of opera favourites from across the repertoire, brought together in this inventive new semi-staged production, first seen\u00a0\u2026","rel":"","context":"Article similaire","block_context":{"text":"Article similaire","link":""},"img":{"alt_text":"","src":"https:\/\/i0.wp.com\/www.musique-cordiale.com\/wp-content\/uploads\/2025\/04\/IMG-20250422-WA00031-Musique-Cordiale-Tourrettes-2025.jpg?fit=1049%2C1200&ssl=1&resize=350%2C200","width":350,"height":200,"srcset":"https:\/\/i0.wp.com\/www.musique-cordiale.com\/wp-content\/uploads\/2025\/04\/IMG-20250422-WA00031-Musique-Cordiale-Tourrettes-2025.jpg?fit=1049%2C1200&ssl=1&resize=350%2C200 1x, https:\/\/i0.wp.com\/www.musique-cordiale.com\/wp-content\/uploads\/2025\/04\/IMG-20250422-WA00031-Musique-Cordiale-Tourrettes-2025.jpg?fit=1049%2C1200&ssl=1&resize=525%2C300 1.5x, https:\/\/i0.wp.com\/www.musique-cordiale.com\/wp-content\/uploads\/2025\/04\/IMG-20250422-WA00031-Musique-Cordiale-Tourrettes-2025.jpg?fit=1049%2C1200&ssl=1&resize=700%2C400 2x"},"classes":[]}],"_links":{"self":[{"href":"https:\/\/www.musique-cordiale.com\/fr\/wp-json\/wp\/v2\/product\/45093","targetHints":{"allow":["GET"]}}],"collection":[{"href":"https:\/\/www.musique-cordiale.com\/fr\/wp-json\/wp\/v2\/product"}],"about":[{"href":"https:\/\/www.musique-cordiale.com\/fr\/wp-json\/wp\/v2\/types\/product"}],"wp:featuredmedia":[{"embeddable":true,"href":"https:\/\/www.musique-cordiale.com\/fr\/wp-json\/wp\/v2\/media\/46127"}],"wp:attachment":[{"href":"https:\/\/www.musique-cordiale.com\/fr\/wp-json\/wp\/v2\/media?parent=45093"}],"wp:term":[{"taxonomy":"product_brand","embeddable":true,"href":"https:\/\/www.musique-cordiale.com\/fr\/wp-json\/wp\/v2\/product_brand?post=45093"},{"taxonomy":"product_cat","embeddable":true,"href":"https:\/\/www.musique-cordiale.com\/fr\/wp-json\/wp\/v2\/product_cat?post=45093"},{"taxonomy":"product_tag","embeddable":true,"href":"https:\/\/www.musique-cordiale.com\/fr\/wp-json\/wp\/v2\/product_tag?post=45093"},{"taxonomy":"venue","embeddable":true,"href":"https:\/\/www.musique-cordiale.com\/fr\/wp-json\/wp\/v2\/venue?post=45093"}],"curies":[{"name":"wp","href":"https:\/\/api.w.org\/{rel}","templated":true}]}}