{"id":48232,"date":"2025-03-31T12:37:38","date_gmt":"2025-03-31T12:37:38","guid":{"rendered":"https:\/\/www.musique-cordiale.com\/?post_type=product&#038;p=48232"},"modified":"2025-07-30T15:47:37","modified_gmt":"2025-07-30T15:47:37","slug":"concert-douverture-du-festival-2025-eglise-de-seillans-19h-30-juillet","status":"publish","type":"product","link":"https:\/\/www.musique-cordiale.com\/fr\/boutique-billetterie\/concert-douverture-du-festival-2025-eglise-de-seillans-19h-30-juillet\/","title":{"rendered":"Concert d&rsquo;Ouverture du Festival 2025: BAROQUE EXTRAVAGANZA &#8211; \u00ab \u00c9nergie, Virtuosit\u00e9 et Beaut\u00e9 \u00bb Ma\u00eetres du Baroque, Eglise de SEILLANS, 19h 30 juillet"},"content":{"rendered":"<p style=\"text-align: left;\"><img data-recalc-dims=\"1\" loading=\"lazy\" decoding=\"async\" class=\"wp-image-44460 alignleft\" src=\"https:\/\/i0.wp.com\/www.musique-cordiale.com\/wp-content\/uploads\/2023\/12\/20230812_205239-scaled.jpg?resize=640%2C296&#038;ssl=1\" alt=\"\" width=\"640\" height=\"296\" srcset=\"https:\/\/i0.wp.com\/www.musique-cordiale.com\/wp-content\/uploads\/2023\/12\/20230812_205239-scaled.jpg?w=2560&amp;ssl=1 2560w, https:\/\/i0.wp.com\/www.musique-cordiale.com\/wp-content\/uploads\/2023\/12\/20230812_205239-scaled.jpg?resize=768%2C355&amp;ssl=1 768w, https:\/\/i0.wp.com\/www.musique-cordiale.com\/wp-content\/uploads\/2023\/12\/20230812_205239-scaled.jpg?resize=1536%2C710&amp;ssl=1 1536w, https:\/\/i0.wp.com\/www.musique-cordiale.com\/wp-content\/uploads\/2023\/12\/20230812_205239-scaled.jpg?resize=2048%2C946&amp;ssl=1 2048w, https:\/\/i0.wp.com\/www.musique-cordiale.com\/wp-content\/uploads\/2023\/12\/20230812_205239-scaled.jpg?resize=750%2C347&amp;ssl=1 750w, https:\/\/i0.wp.com\/www.musique-cordiale.com\/wp-content\/uploads\/2023\/12\/20230812_205239-scaled.jpg?w=1280&amp;ssl=1 1280w, https:\/\/i0.wp.com\/www.musique-cordiale.com\/wp-content\/uploads\/2023\/12\/20230812_205239-scaled.jpg?w=1920&amp;ssl=1 1920w\" sizes=\"auto, (max-width: 640px) 100vw, 640px\" \/>\u00ab\u00a0\u00c9nergie, Virtuosit\u00e9 &amp; Beaut\u00e9\u00a0\u00bb : Bach, Purcell, Handel, Vivaldi<\/p>\n<p><strong>MAITRES DU BAROQUE<\/strong> <\/p>\n<p><strong>Solistes de l&rsquo;Orchestre du Festival Musique-Cordiale<\/strong><br \/>\n<em><br \/>\nAnna Tulchinskaya et Oliver Cave, violons<br \/>\nOrchestre baroque de Musique-Cordiale<\/p>\n","protected":false},"excerpt":{"rendered":"<p>\u00ab\u00a0\u00c9nergie, Virtuosit\u00e9 et Beaut\u00e9\u00a0\u00bb\u00a0: MA\u00ceTRES DU BAROQUE &#8211;<br \/>\nBach, Purcell, Haendel, Vivaldi<\/p>\n<p>&#8211; Solistes de l&rsquo;Orchestre du Festival Musique-Cordiale<\/p>\n<p>&#8211; INTERPR\u00c8TES\u00a0:<br \/>\n* Anna Tulchinskaya et Oliver Cave, violons<br \/>\n* Orchestre baroque de Musique-Cordiale<\/p>\n","protected":false},"featured_media":44461,"template":"","meta":{"_acf_changed":false,"_monsterinsights_skip_tracking":false,"_monsterinsights_sitenote_active":false,"_monsterinsights_sitenote_note":"","_monsterinsights_sitenote_category":0,"_uf_show_specific_survey":0,"_uf_disable_surveys":false,"advanced_seo_description":"","jetpack_seo_html_title":"","jetpack_seo_noindex":false},"product_brand":[],"product_cat":[495],"product_tag":[219,395,281],"venue":[145,222],"class_list":{"0":"post-48232","1":"product","2":"type-product","3":"status-publish","4":"has-post-thumbnail","6":"product_cat-festival-2025-fr","7":"product_tag-billet-fr","8":"product_tag-concert-fr","9":"product_tag-ticket-fr","10":"venue-eglise-saint-leger","11":"venue-seillans","13":"first","14":"outofstock","15":"featured","16":"product-type-variable"},"acf":[],"jetpack_sharing_enabled":true,"jetpack-related-posts":[{"id":48226,"url":"https:\/\/www.musique-cordiale.com\/programme-tickets\/opening-evening-concert-2025-festival-seillans-church-7pm-30-july\/","url_meta":{"origin":48232,"position":0},"title":"Opening evening concert, 2025 Festival: BAROQUE EXTRAVAGANZA: \u00ab\u00a0Energy, Virtuosity &amp; Beauty\u00a0\u00bb Masters of the Baroque, Seillans church, 7PM 30 July 2025","author":"Jonathan Barker","date":"31\/03\/2025","format":false,"excerpt":"\"Energy, Virtuosity & Beauty\": MASTERS OF THE BAROQUE - Bach, Purcell, Handel, Vivaldi - Soloists from the Musique-Cordiale Festival Orchestra - PERFORMERS: * Anna Tulchinskaya & Oliver Cave, violins * Baroque Orchestra of Musique-Cordiale","rel":"","context":"Article similaire","block_context":{"text":"Article similaire","link":""},"img":{"alt_text":"","src":"https:\/\/i0.wp.com\/www.musique-cordiale.com\/wp-content\/uploads\/2023\/12\/20230812_205239-scaled.jpg?fit=1200%2C555&ssl=1&resize=350%2C200","width":350,"height":200,"srcset":"https:\/\/i0.wp.com\/www.musique-cordiale.com\/wp-content\/uploads\/2023\/12\/20230812_205239-scaled.jpg?fit=1200%2C555&ssl=1&resize=350%2C200 1x, https:\/\/i0.wp.com\/www.musique-cordiale.com\/wp-content\/uploads\/2023\/12\/20230812_205239-scaled.jpg?fit=1200%2C555&ssl=1&resize=525%2C300 1.5x, https:\/\/i0.wp.com\/www.musique-cordiale.com\/wp-content\/uploads\/2023\/12\/20230812_205239-scaled.jpg?fit=1200%2C555&ssl=1&resize=700%2C400 2x, https:\/\/i0.wp.com\/www.musique-cordiale.com\/wp-content\/uploads\/2023\/12\/20230812_205239-scaled.jpg?fit=1200%2C555&ssl=1&resize=1050%2C600 3x"},"classes":[]},{"id":48538,"url":"https:\/\/www.musique-cordiale.com\/fr\/boutique-billetterie\/48538\/","url_meta":{"origin":48232,"position":1},"title":"\u00ab D\u00e9licieux classiques : joyaux du r\u00e9pertoire classique \u00bb dans un cadre vigneron : Domaine Val d&rsquo;Iris, Seillans, 19h, 1er ao\u00fbt 2025 avec petit &lsquo;dinatoire l\u00e9ger&rsquo;","author":"Jonathan Barker","date":"19\/04\/2025","format":false,"excerpt":"\u00ab\u00a0Classiques doux\u00a0\u00bb dans un cadre viticole\u00a0: Domaine Val d'Iris, Seillans, 1er\u00a0ao\u00fbt\u00a02025 \u00e0 19\u00a0h Concert de grands classiques \u00e0 travers les \u00e2ges, avec un dinatoire l\u00e9ger (vin disponible \u00e9galement\u00a0!) Concert de grands classiques \u00e0 travers les \u00e2ges, avec un dinatoire l\u00e9ger (vin disponible \u00e9galement\u00a0!). Les solistes de l'Orchestre du Festival Musique-Cordiale\u2026","rel":"","context":"Article similaire","block_context":{"text":"Article similaire","link":""},"img":{"alt_text":"","src":"https:\/\/i0.wp.com\/www.musique-cordiale.com\/wp-content\/uploads\/2023\/05\/WhatsApp-Image-2023-01-20-at-14.57.35.jpeg?fit=1200%2C583&ssl=1&resize=350%2C200","width":350,"height":200,"srcset":"https:\/\/i0.wp.com\/www.musique-cordiale.com\/wp-content\/uploads\/2023\/05\/WhatsApp-Image-2023-01-20-at-14.57.35.jpeg?fit=1200%2C583&ssl=1&resize=350%2C200 1x, https:\/\/i0.wp.com\/www.musique-cordiale.com\/wp-content\/uploads\/2023\/05\/WhatsApp-Image-2023-01-20-at-14.57.35.jpeg?fit=1200%2C583&ssl=1&resize=525%2C300 1.5x, https:\/\/i0.wp.com\/www.musique-cordiale.com\/wp-content\/uploads\/2023\/05\/WhatsApp-Image-2023-01-20-at-14.57.35.jpeg?fit=1200%2C583&ssl=1&resize=700%2C400 2x, https:\/\/i0.wp.com\/www.musique-cordiale.com\/wp-content\/uploads\/2023\/05\/WhatsApp-Image-2023-01-20-at-14.57.35.jpeg?fit=1200%2C583&ssl=1&resize=1050%2C600 3x"},"classes":[]},{"id":48346,"url":"https:\/\/www.musique-cordiale.com\/fr\/boutique-billetterie\/concert-orchestral-au-coucher-du-soleil-a-fayence-theatre-verdure-21h-5-aout-2025\/","url_meta":{"origin":48232,"position":2},"title":"\u00ab\u00a0S\u00e9r\u00e9nades d&rsquo;Amour\u00a0\u00bb\u00a0: Concert orchestral &#8211; avec airs &#8211; au coucher du soleil \u00e0 Fayence\u00a0: Th\u00e9\u00e2tre Verdure, 21\u00a0h, 5\u00a0ao\u00fbt\u00a02025","author":"Jonathan Barker","date":"10\/04\/2025","format":false,"excerpt":"\u00ab\u00a0S\u00e9r\u00e9nades d'amour\u00a0\u00bb \u2013\u00a0au lever de la lune dans le romantique amphith\u00e9\u00e2tre de Fayence\u00a0: Brahms, Elgar, Mendelssohn... et plus encore... 21h, Th\u00e9\u00e2tre de Verdure de Fayence Le grand concert orchestral du Festival dans le magnifique amphith\u00e9\u00e2tre en plein air de Fayence Mendelssohn \u2013 Ouverture des H\u00e9brides Elgar \u2013 S\u00e9r\u00e9nade pour cordes\u2026","rel":"","context":"Article similaire","block_context":{"text":"Article similaire","link":""},"img":{"alt_text":"","src":"https:\/\/i0.wp.com\/www.musique-cordiale.com\/wp-content\/uploads\/2023\/05\/Fayence-Verdure-concert-2019.jpg?fit=1200%2C583&ssl=1&resize=350%2C200","width":350,"height":200,"srcset":"https:\/\/i0.wp.com\/www.musique-cordiale.com\/wp-content\/uploads\/2023\/05\/Fayence-Verdure-concert-2019.jpg?fit=1200%2C583&ssl=1&resize=350%2C200 1x, https:\/\/i0.wp.com\/www.musique-cordiale.com\/wp-content\/uploads\/2023\/05\/Fayence-Verdure-concert-2019.jpg?fit=1200%2C583&ssl=1&resize=525%2C300 1.5x, https:\/\/i0.wp.com\/www.musique-cordiale.com\/wp-content\/uploads\/2023\/05\/Fayence-Verdure-concert-2019.jpg?fit=1200%2C583&ssl=1&resize=700%2C400 2x, https:\/\/i0.wp.com\/www.musique-cordiale.com\/wp-content\/uploads\/2023\/05\/Fayence-Verdure-concert-2019.jpg?fit=1200%2C583&ssl=1&resize=1050%2C600 3x"},"classes":[]},{"id":45120,"url":"https:\/\/www.musique-cordiale.com\/fr\/boutique-billetterie\/5-aout-2024-19h-la-belle-musique-baroque-st-paul-en-foret\/","url_meta":{"origin":48232,"position":3},"title":"5 ao\u00fbt 2024, 19h: La Belle Musique Baroque, \u00c9glise de St Paul-en-For\u00eat","author":"Jonathan Barker","date":"19\/04\/2024","format":false,"excerpt":"Spectaculaire baroque | Vivaldi : Concerto pour 4 violons | Pachelbel : Canon et Gigue | Chanson baroque, dont Rameau \u00ab Les Amants Trahis \u00bb pour soprane, baryton et basse continuo | Jacquet de la Guerre \u00ab Le Deugel \u00bb pour soprane, baryton et basse continu0| | Purcell chansons pour\u2026","rel":"","context":"Article similaire","block_context":{"text":"Article similaire","link":""},"img":{"alt_text":"","src":"https:\/\/i0.wp.com\/www.musique-cordiale.com\/wp-content\/uploads\/2024\/04\/shutterstock_710034355.jpg?fit=1000%2C679&ssl=1&resize=350%2C200","width":350,"height":200,"srcset":"https:\/\/i0.wp.com\/www.musique-cordiale.com\/wp-content\/uploads\/2024\/04\/shutterstock_710034355.jpg?fit=1000%2C679&ssl=1&resize=350%2C200 1x, https:\/\/i0.wp.com\/www.musique-cordiale.com\/wp-content\/uploads\/2024\/04\/shutterstock_710034355.jpg?fit=1000%2C679&ssl=1&resize=525%2C300 1.5x, https:\/\/i0.wp.com\/www.musique-cordiale.com\/wp-content\/uploads\/2024\/04\/shutterstock_710034355.jpg?fit=1000%2C679&ssl=1&resize=700%2C400 2x"},"classes":[]},{"id":48409,"url":"https:\/\/www.musique-cordiale.com\/fr\/boutique-billetterie\/stabat-mater-du-dixit-dominus-de-pergolese-et-haendel-eglise-de-bagnols-en-foret-19h-4-aout-2025\/","url_meta":{"origin":48232,"position":4},"title":"Quatre Saisons et Dixit Dominus &#8211; interpr\u00e9t\u00e9s par les fabuleux solistes et orchestre de Musique-Cordiale, \u00e9glise de Bagnols-en-For\u00eat, 19h, le 4 ao\u00fbt 2025","author":"Jonathan Barker","date":"04\/04\/2025","format":false,"excerpt":"Les Quatre Saisons de Vivaldi et \u00ab Dixit Dominus \u00bb de Haendel + \u00ab Suite Abdelazar \u00bb de Purcell - Dixit Dominus est l'une des \u0153uvres les plus appr\u00e9ci\u00e9es de Haendel. Elle a \u00e9t\u00e9 interpr\u00e9t\u00e9e au fil des ans par Musique-Cordiale par des ch\u0153urs de diff\u00e9rentes tailles, dont une fois\u2026","rel":"","context":"Article similaire","block_context":{"text":"Article similaire","link":""},"img":{"alt_text":"","src":"https:\/\/i0.wp.com\/www.musique-cordiale.com\/wp-content\/uploads\/2023\/05\/Concert_in_Bagnols-en-Foret_France-scaled.jpg?fit=1200%2C800&ssl=1&resize=350%2C200","width":350,"height":200,"srcset":"https:\/\/i0.wp.com\/www.musique-cordiale.com\/wp-content\/uploads\/2023\/05\/Concert_in_Bagnols-en-Foret_France-scaled.jpg?fit=1200%2C800&ssl=1&resize=350%2C200 1x, https:\/\/i0.wp.com\/www.musique-cordiale.com\/wp-content\/uploads\/2023\/05\/Concert_in_Bagnols-en-Foret_France-scaled.jpg?fit=1200%2C800&ssl=1&resize=525%2C300 1.5x, https:\/\/i0.wp.com\/www.musique-cordiale.com\/wp-content\/uploads\/2023\/05\/Concert_in_Bagnols-en-Foret_France-scaled.jpg?fit=1200%2C800&ssl=1&resize=700%2C400 2x, https:\/\/i0.wp.com\/www.musique-cordiale.com\/wp-content\/uploads\/2023\/05\/Concert_in_Bagnols-en-Foret_France-scaled.jpg?fit=1200%2C800&ssl=1&resize=1050%2C600 3x"},"classes":[]},{"id":23311,"url":"https:\/\/www.musique-cordiale.com\/programme-tickets\/ticket-dimanche-11-aout-2019-concert-des-bijoux-baroques-seillans\/","url_meta":{"origin":48232,"position":5},"title":"TICKET: Sunday 11 August 2019 &#8211; Concert des Bijoux Baroques, Seillans","author":"Jonathan Barker","date":"26\/03\/2019","format":false,"excerpt":"Dimanche 11\u00a0ao\u00fbt\u00a019.00 Eglise de Seillans\u00a0\u00a0\u00a0\u00a0\u00a0\u00a0\u00a0\u00a0\u00a0 20\u20ac \/ 30\u20ac(premium) Concert des Bijoux Baroques L\u2019Orchestre du Festival avec solistes Direction: Graham Ross HAENDEL Concerto Grosso Opus 6 MARCELLO Concert pour hautbois en re mineur (James Hulme - hautbois) MOZART \"Voi averte un cor fedele\" (Dima Bawab - soprano) PERGOLESI Stabat Mater (Ad\u00e8le\u2026","rel":"","context":"Article similaire","block_context":{"text":"Article similaire","link":""},"img":{"alt_text":"","src":"","width":0,"height":0},"classes":[]}],"_links":{"self":[{"href":"https:\/\/www.musique-cordiale.com\/fr\/wp-json\/wp\/v2\/product\/48232","targetHints":{"allow":["GET"]}}],"collection":[{"href":"https:\/\/www.musique-cordiale.com\/fr\/wp-json\/wp\/v2\/product"}],"about":[{"href":"https:\/\/www.musique-cordiale.com\/fr\/wp-json\/wp\/v2\/types\/product"}],"wp:featuredmedia":[{"embeddable":true,"href":"https:\/\/www.musique-cordiale.com\/fr\/wp-json\/wp\/v2\/media\/44461"}],"wp:attachment":[{"href":"https:\/\/www.musique-cordiale.com\/fr\/wp-json\/wp\/v2\/media?parent=48232"}],"wp:term":[{"taxonomy":"product_brand","embeddable":true,"href":"https:\/\/www.musique-cordiale.com\/fr\/wp-json\/wp\/v2\/product_brand?post=48232"},{"taxonomy":"product_cat","embeddable":true,"href":"https:\/\/www.musique-cordiale.com\/fr\/wp-json\/wp\/v2\/product_cat?post=48232"},{"taxonomy":"product_tag","embeddable":true,"href":"https:\/\/www.musique-cordiale.com\/fr\/wp-json\/wp\/v2\/product_tag?post=48232"},{"taxonomy":"venue","embeddable":true,"href":"https:\/\/www.musique-cordiale.com\/fr\/wp-json\/wp\/v2\/venue?post=48232"}],"curies":[{"name":"wp","href":"https:\/\/api.w.org\/{rel}","templated":true}]}}