{"id":48272,"date":"2025-04-08T20:36:43","date_gmt":"2025-04-08T20:36:43","guid":{"rendered":"https:\/\/www.musique-cordiale.com\/programme-tickets\/viola-da-gamba-et-chant-oevres-bach-et-de-la-musique-ancienne-chapelle-des-pens-callian-19h-31-juillet-2025\/"},"modified":"2025-07-31T09:51:45","modified_gmt":"2025-07-31T09:51:45","slug":"viola-da-gamba-et-chant-oevres-bach-et-de-la-musique-ancienne-chapelle-des-pens-callian-19h-31-juillet-2025","status":"publish","type":"product","link":"https:\/\/www.musique-cordiale.com\/fr\/boutique-billetterie\/viola-da-gamba-et-chant-oevres-bach-et-de-la-musique-ancienne-chapelle-des-pens-callian-19h-31-juillet-2025\/","title":{"rendered":"\u00ab\u00a0CHANSONS POUR L&rsquo;\u00c2ME : Viola da Gamba et Chant : oevres Bach et de la musique ancienne\u00a0\u00bb Chapelle des P\u00e9nitents, CALLIAN, 19h, 31 juillet 2025"},"content":{"rendered":"<p>\u00ab\u00a0Viola da Gamba &amp; Song\u00a0\u00bb : \u0153uvres de Bach &amp; Musique ancienne : Chapelle de P\u00e9nitents, Callian, 19h le 31 juillet 2025.<\/p>\n<p><strong>Chants pour l&rsquo;\u00e2me<\/strong><\/p>\n<p><em>Chants pour contre-t\u00e9nor et t\u00e9nor<\/em><\/p>\n<p><em>Avec viole de gambe, luth et clavier<\/em><\/p>\n<p>Par Dowland, Purcell, Monteverdi<\/p>\n<p>&nbsp;<\/p>\n<p>25 \u20ac (tarif variable)<\/p>\n<p><strong><em>PROGRAMME<\/em> <\/strong><em>incluant\u00a0:<\/em><\/p>\n<p>Purcell<\/p>\n<p>&#8211; Musique pour un moment<\/p>\n<p>&#8211; Hymne du soir<\/p>\n<p>&#8211; Frappez la viole<\/p>\n<p>Dowland<\/p>\n<p>&#8211; Flow my Tears<\/p>\n<p>&#8211; In Que les t\u00e9n\u00e8bres m&rsquo;habitent.<\/p>\n<p>&#8211; Le temps s&rsquo;arr\u00eate.<\/p>\n<p>Monteverdi<\/p>\n<p>&#8211; Zeffiro Torna<\/p>\n<p>INTERPR\u00c8TES\u00a0:<\/p>\n<p>T\u00e9nor \u2013 Aidan Coburn<\/p>\n<p>Contre-t\u00e9nor \/ Th\u00e9orbe \u2013 Colin Shay<\/p>\n<p>Villa de Gamba \u2013 Jacob Garside<\/p>\n<p>Clavecin \u2013 Mark Shepherd<\/p>\n","protected":false},"excerpt":{"rendered":"<p><strong>\u00ab\u00a0Chansons pour l&rsquo;\u00e2me\u00a0\u00bb\u00a0:<\/strong><br \/>\n<em>Chants pour contre-t\u00e9nor et t\u00e9nor<\/em><\/p>\n<p><em>&#8211; Avec viole de gambe, luth et clavier<\/em><\/p>\n<p><strong>MUSIQUE DE PURCELL, DOWLAND ET MONTEVERDI<\/strong><\/p>\n<p>|<\/p>\n<p>&#8211; Aidan Coburn, t\u00e9nor,<br \/>\n|- Collin Shay, contre-t\u00e9nor<\/em><br \/>\n|- Jacob Garside, theobor, viole de gambe<\/em><br \/>\n|- Mark Shepherd, piano<\/em><\/p>\n","protected":false},"featured_media":48429,"template":"","meta":{"_acf_changed":false,"_monsterinsights_skip_tracking":false,"_monsterinsights_sitenote_active":false,"_monsterinsights_sitenote_note":"","_monsterinsights_sitenote_category":0,"_uf_show_specific_survey":0,"_uf_disable_surveys":false,"advanced_seo_description":"","jetpack_seo_html_title":"","jetpack_seo_noindex":false},"product_brand":[],"product_cat":[495],"product_tag":[499,481,395,500],"venue":[254,151],"class_list":{"0":"post-48272","1":"product","2":"type-product","3":"status-publish","4":"has-post-thumbnail","6":"product_cat-festival-2025-fr","7":"product_tag-2025-fr","8":"product_tag-callian-fr","9":"product_tag-concert-fr","10":"product_tag-viola-da-gamba-fr","11":"venue-callian","12":"venue-chapelle-des-penitents","14":"first","15":"outofstock","16":"purchasable","17":"product-type-variable"},"acf":[],"jetpack_sharing_enabled":true,"jetpack-related-posts":[{"id":48267,"url":"https:\/\/www.musique-cordiale.com\/programme-tickets\/viola-da-gamba-song-works-of-bach-ancient-music-chapelle-de-penitents-callian-7pm-31-july-2025\/","url_meta":{"origin":48272,"position":0},"title":"\u00ab\u00a0SONGS FOR THE SOUL: Viola da Gamba &#038; Song\u00a0\u00bb: works of Bach &#038; ancient music: Chapelle de P\u00e9nitents, CALLIAN, 7PM 31 July 2025","author":"Jonathan Barker","date":"08\/04\/2025","format":false,"excerpt":"\"Viola da Gamba & Song\": works of Bach & ancient music: Chapelle de P\u00e9nitents, CALLIAN, 7PM 31 July 2025 . \"Songs for the Soul\": Songs for countertenor and tenor -With gamba, lute and keyboard MUSIC of PURCELL, DOWLAND & MONTEVERDI - Aidan Coburn, tenor , - Collin Shay, counter-t\u00e9nor -\u2026","rel":"","context":"Article similaire","block_context":{"text":"Article similaire","link":""},"img":{"alt_text":"","src":"https:\/\/i0.wp.com\/www.musique-cordiale.com\/wp-content\/uploads\/2025\/04\/J_-S_-Bach-Viola-da-Gamba-Sonata-in-G-Allegro.webp?fit=1200%2C1200&ssl=1&resize=350%2C200","width":350,"height":200,"srcset":"https:\/\/i0.wp.com\/www.musique-cordiale.com\/wp-content\/uploads\/2025\/04\/J_-S_-Bach-Viola-da-Gamba-Sonata-in-G-Allegro.webp?fit=1200%2C1200&ssl=1&resize=350%2C200 1x, https:\/\/i0.wp.com\/www.musique-cordiale.com\/wp-content\/uploads\/2025\/04\/J_-S_-Bach-Viola-da-Gamba-Sonata-in-G-Allegro.webp?fit=1200%2C1200&ssl=1&resize=525%2C300 1.5x, https:\/\/i0.wp.com\/www.musique-cordiale.com\/wp-content\/uploads\/2025\/04\/J_-S_-Bach-Viola-da-Gamba-Sonata-in-G-Allegro.webp?fit=1200%2C1200&ssl=1&resize=700%2C400 2x, https:\/\/i0.wp.com\/www.musique-cordiale.com\/wp-content\/uploads\/2025\/04\/J_-S_-Bach-Viola-da-Gamba-Sonata-in-G-Allegro.webp?fit=1200%2C1200&ssl=1&resize=1050%2C600 3x"},"classes":[]},{"id":45120,"url":"https:\/\/www.musique-cordiale.com\/fr\/boutique-billetterie\/5-aout-2024-19h-la-belle-musique-baroque-st-paul-en-foret\/","url_meta":{"origin":48272,"position":1},"title":"5 ao\u00fbt 2024, 19h: La Belle Musique Baroque, \u00c9glise de St Paul-en-For\u00eat","author":"Jonathan Barker","date":"19\/04\/2024","format":false,"excerpt":"Spectaculaire baroque | Vivaldi : Concerto pour 4 violons | Pachelbel : Canon et Gigue | Chanson baroque, dont Rameau \u00ab Les Amants Trahis \u00bb pour soprane, baryton et basse continuo | Jacquet de la Guerre \u00ab Le Deugel \u00bb pour soprane, baryton et basse continu0| | Purcell chansons pour\u2026","rel":"","context":"Article similaire","block_context":{"text":"Article similaire","link":""},"img":{"alt_text":"","src":"https:\/\/i0.wp.com\/www.musique-cordiale.com\/wp-content\/uploads\/2024\/04\/shutterstock_710034355.jpg?fit=1000%2C679&ssl=1&resize=350%2C200","width":350,"height":200,"srcset":"https:\/\/i0.wp.com\/www.musique-cordiale.com\/wp-content\/uploads\/2024\/04\/shutterstock_710034355.jpg?fit=1000%2C679&ssl=1&resize=350%2C200 1x, https:\/\/i0.wp.com\/www.musique-cordiale.com\/wp-content\/uploads\/2024\/04\/shutterstock_710034355.jpg?fit=1000%2C679&ssl=1&resize=525%2C300 1.5x, https:\/\/i0.wp.com\/www.musique-cordiale.com\/wp-content\/uploads\/2024\/04\/shutterstock_710034355.jpg?fit=1000%2C679&ssl=1&resize=700%2C400 2x"},"classes":[]},{"id":45116,"url":"https:\/\/www.musique-cordiale.com\/programme-tickets\/5-august-2024-7pm-la-belle-musique-baroque-st-paul-en-foret\/","url_meta":{"origin":48272,"position":2},"title":"5 August 2024, 7PM: La Belle Musique Baroque, Church: St Paul-en-For\u00eat","author":"Jonathan Barker","date":"19\/04\/2024","format":false,"excerpt":"Baroque Spectacular | Vivaldi: Concerto for 4 Violins | Pachelbel: Canon and Gigue | Baroque Song, including Rameau \u00ab Les Amants Trahis \u00bb pour soprane, bariton et continuo | Jacquet de la Guerre \u00ab Le Deugel \u00bb pour soprane, bariton et continuo | Purcell chansons pour t\u00e9nor et continuo |\u2026","rel":"","context":"Article similaire","block_context":{"text":"Article similaire","link":""},"img":{"alt_text":"","src":"https:\/\/i0.wp.com\/www.musique-cordiale.com\/wp-content\/uploads\/2024\/04\/shutterstock_710034355.jpg?fit=1000%2C679&ssl=1&resize=350%2C200","width":350,"height":200,"srcset":"https:\/\/i0.wp.com\/www.musique-cordiale.com\/wp-content\/uploads\/2024\/04\/shutterstock_710034355.jpg?fit=1000%2C679&ssl=1&resize=350%2C200 1x, https:\/\/i0.wp.com\/www.musique-cordiale.com\/wp-content\/uploads\/2024\/04\/shutterstock_710034355.jpg?fit=1000%2C679&ssl=1&resize=525%2C300 1.5x, https:\/\/i0.wp.com\/www.musique-cordiale.com\/wp-content\/uploads\/2024\/04\/shutterstock_710034355.jpg?fit=1000%2C679&ssl=1&resize=700%2C400 2x"},"classes":[]},{"id":39657,"url":"https:\/\/www.musique-cordiale.com\/fr\/boutique-billetterie\/schubert-quintette\/","url_meta":{"origin":48272,"position":3},"title":"Schumann et Bach \u00e0 la spectaculaire Chapelle Dior, 12h30, 7 ao\u00fbt 2023","author":"Lyndsey","date":"02\/06\/2023","format":false,"excerpt":"12h30 Bach & Schumann \u00e0 la spectaculaire Chapelle Dior Schumann Dichte liebe : Aidan Coburn, t\u00e9nor, Rebecca Taylor, piano J S Bach : suite pour violoncelle n\u00b0 5 - Will Harris, violoncelle (Dichterliebe, \"A Poet's Love\" (compos\u00e9 en 1840), est le cycle de chansons le plus connu de Robert Schumann)\u2026","rel":"","context":"Article similaire","block_context":{"text":"Article similaire","link":""},"img":{"alt_text":"","src":"https:\/\/i0.wp.com\/www.musique-cordiale.com\/wp-content\/uploads\/2017\/02\/Chapelle-Montauroux.jpg?fit=1200%2C469&ssl=1&resize=350%2C200","width":350,"height":200,"srcset":"https:\/\/i0.wp.com\/www.musique-cordiale.com\/wp-content\/uploads\/2017\/02\/Chapelle-Montauroux.jpg?fit=1200%2C469&ssl=1&resize=350%2C200 1x, https:\/\/i0.wp.com\/www.musique-cordiale.com\/wp-content\/uploads\/2017\/02\/Chapelle-Montauroux.jpg?fit=1200%2C469&ssl=1&resize=525%2C300 1.5x, https:\/\/i0.wp.com\/www.musique-cordiale.com\/wp-content\/uploads\/2017\/02\/Chapelle-Montauroux.jpg?fit=1200%2C469&ssl=1&resize=700%2C400 2x, https:\/\/i0.wp.com\/www.musique-cordiale.com\/wp-content\/uploads\/2017\/02\/Chapelle-Montauroux.jpg?fit=1200%2C469&ssl=1&resize=1050%2C600 3x"},"classes":[]},{"id":20545,"url":"https:\/\/www.musique-cordiale.com\/fr\/boutique-billetterie\/recital-de-chant-samedi-28-juillet\/","url_meta":{"origin":48272,"position":4},"title":"Concert d&rsquo;ouverture du festival: R\u00e9cital de chant &#8211; chansons et aires pour une nuit d&rsquo;\u00e9t\u00e9","author":"Jonathan Barker","date":"25\/03\/2018","format":false,"excerpt":"R\u00e9cital de chant Kiera Lyness, soprano Aidan Coburn, tenor Rebecca Taylor, piano Mozart: Dans un bois, Das Veilchen, Ridente la Calma, Oiseaux si tous les ans Faur\u00e9: Le Papillon et la Fleur, Chanson d\u2019Amour En Pri\u00e8re, Adieu Schubert: Le P\u00e2tre sur le Rocher\u00a0(Danny Lyness.\u00a0alto)\u00a0 Delibes: Les Filles de Cadiz Gilbert\u2026","rel":"","context":"Article similaire","block_context":{"text":"Article similaire","link":""},"img":{"alt_text":"","src":"https:\/\/i0.wp.com\/www.musique-cordiale.com\/wp-content\/uploads\/2017\/03\/Rebecca-taylor-scaled.jpg?fit=800%2C1200&ssl=1&resize=350%2C200","width":350,"height":200,"srcset":"https:\/\/i0.wp.com\/www.musique-cordiale.com\/wp-content\/uploads\/2017\/03\/Rebecca-taylor-scaled.jpg?fit=800%2C1200&ssl=1&resize=350%2C200 1x, https:\/\/i0.wp.com\/www.musique-cordiale.com\/wp-content\/uploads\/2017\/03\/Rebecca-taylor-scaled.jpg?fit=800%2C1200&ssl=1&resize=525%2C300 1.5x, https:\/\/i0.wp.com\/www.musique-cordiale.com\/wp-content\/uploads\/2017\/03\/Rebecca-taylor-scaled.jpg?fit=800%2C1200&ssl=1&resize=700%2C400 2x"},"classes":[]},{"id":39343,"url":"https:\/\/www.musique-cordiale.com\/fr\/boutique-billetterie\/return-of-musique-cordiale-opening-concert\/","url_meta":{"origin":48272,"position":5},"title":"CONCERT d&rsquo;OUVERTURE passionnant! Retour de Musique Cordiale \u2013 \u201cJeudi \u00e0 Callian\u201d: 19h collation d&rsquo;acceuil &#8211; puis  20h Concert d&rsquo;Ouverture","author":"Jonathan Barker","date":"24\/05\/2023","format":false,"excerpt":"jeudi 3 ao\u00fbt \/ Thursday 3 August Chapelle Saint-Donat, CALLIAN (au pied de village) CONCERT d'OUVERTURE passionnant! Retour de Musique Cordiale \u2013 \u201cJeudi \u00e0 Callian\u201d Return of Musique Cordiale \u2013 Exciting Opening Concert, 8PM Thursday 3 August + 7PM welcome event 19h COLLATION d\u2019ACCUEIL (light aperitifs)|20h CONCERT d\u2019OUVERTURE R\u00e9cital de\u2026","rel":"","context":"Article similaire","block_context":{"text":"Article similaire","link":""},"img":{"alt_text":"","src":"https:\/\/i0.wp.com\/www.musique-cordiale.com\/wp-content\/uploads\/2023\/06\/Affiche-juin-2023-Musique-Cordiale-copyright.jpg?fit=846%2C1200&ssl=1&resize=350%2C200","width":350,"height":200,"srcset":"https:\/\/i0.wp.com\/www.musique-cordiale.com\/wp-content\/uploads\/2023\/06\/Affiche-juin-2023-Musique-Cordiale-copyright.jpg?fit=846%2C1200&ssl=1&resize=350%2C200 1x, https:\/\/i0.wp.com\/www.musique-cordiale.com\/wp-content\/uploads\/2023\/06\/Affiche-juin-2023-Musique-Cordiale-copyright.jpg?fit=846%2C1200&ssl=1&resize=525%2C300 1.5x, https:\/\/i0.wp.com\/www.musique-cordiale.com\/wp-content\/uploads\/2023\/06\/Affiche-juin-2023-Musique-Cordiale-copyright.jpg?fit=846%2C1200&ssl=1&resize=700%2C400 2x"},"classes":[]}],"_links":{"self":[{"href":"https:\/\/www.musique-cordiale.com\/fr\/wp-json\/wp\/v2\/product\/48272","targetHints":{"allow":["GET"]}}],"collection":[{"href":"https:\/\/www.musique-cordiale.com\/fr\/wp-json\/wp\/v2\/product"}],"about":[{"href":"https:\/\/www.musique-cordiale.com\/fr\/wp-json\/wp\/v2\/types\/product"}],"wp:featuredmedia":[{"embeddable":true,"href":"https:\/\/www.musique-cordiale.com\/fr\/wp-json\/wp\/v2\/media\/48429"}],"wp:attachment":[{"href":"https:\/\/www.musique-cordiale.com\/fr\/wp-json\/wp\/v2\/media?parent=48272"}],"wp:term":[{"taxonomy":"product_brand","embeddable":true,"href":"https:\/\/www.musique-cordiale.com\/fr\/wp-json\/wp\/v2\/product_brand?post=48272"},{"taxonomy":"product_cat","embeddable":true,"href":"https:\/\/www.musique-cordiale.com\/fr\/wp-json\/wp\/v2\/product_cat?post=48272"},{"taxonomy":"product_tag","embeddable":true,"href":"https:\/\/www.musique-cordiale.com\/fr\/wp-json\/wp\/v2\/product_tag?post=48272"},{"taxonomy":"venue","embeddable":true,"href":"https:\/\/www.musique-cordiale.com\/fr\/wp-json\/wp\/v2\/venue?post=48272"}],"curies":[{"name":"wp","href":"https:\/\/api.w.org\/{rel}","templated":true}]}}