{"id":48409,"date":"2025-04-04T19:00:08","date_gmt":"2025-04-04T19:00:08","guid":{"rendered":"https:\/\/www.musique-cordiale.com\/programme-tickets\/stabat-mater-du-dixit-dominus-de-pergolese-et-haendel-eglise-de-bagnols-en-foret-19h-4-aout-2025\/"},"modified":"2025-08-04T15:56:34","modified_gmt":"2025-08-04T15:56:34","slug":"stabat-mater-du-dixit-dominus-de-pergolese-et-haendel-eglise-de-bagnols-en-foret-19h-4-aout-2025","status":"publish","type":"product","link":"https:\/\/www.musique-cordiale.com\/fr\/boutique-billetterie\/stabat-mater-du-dixit-dominus-de-pergolese-et-haendel-eglise-de-bagnols-en-foret-19h-4-aout-2025\/","title":{"rendered":"Quatre Saisons et Dixit Dominus &#8211; interpr\u00e9t\u00e9s par les fabuleux solistes et orchestre de Musique-Cordiale, \u00e9glise de Bagnols-en-For\u00eat, 19h, le 4 ao\u00fbt 2025"},"content":{"rendered":"<p><strong>Les Quatre Saisons\u00a0\u00bb de Vivaldi et le \u00ab Dixit Dominus \u00bb de Haendel + la \u00ab Suite Abdelazar \u00bb de Purcell<\/strong><\/p>\n<p> &#8211; <strong>Dixit Dominus<\/strong> est l&rsquo;une des \u0153uvres les plus appr\u00e9ci\u00e9es de Haendel. Elle a \u00e9t\u00e9 interpr\u00e9t\u00e9e au fil des ans par Musique-Cordiale par des ch\u0153urs de diff\u00e9rentes tailles, dont une fois par un ch\u0153ur de solistes dirig\u00e9 par David Bates et par le ch\u0153ur du Festival dans diverses \u00e9glises, notamment \u00e0 Faversham, dans le Kent. Il s&rsquo;agit d&rsquo;un psaume de George Frideric Haendel. Il reprend le texte latin du Psaume 110, qui commence par les mots Dixit Dominus (\u00ab Le Seigneur a dit \u00bb). L&rsquo;\u0153uvre fut achev\u00e9e en avril 1707, alors que Haendel vivait en Italie. Il s&rsquo;agit du plus ancien autographe de Haendel conserv\u00e9. \u00c9crite dans le style baroque de l&rsquo;\u00e9poque, elle est \u00e9crite pour cinq solistes vocaux (SSATB), ch\u0153ur \u00e0 cinq voix, cordes et continuo. On pense que l&rsquo;\u0153uvre a \u00e9t\u00e9 cr\u00e9\u00e9e le 16 juillet 1707 en l&rsquo;\u00e9glise Santa Maria in Montesanto. Nos <strong>solistes pour Dixit Dominus<\/strong> sont : Rebecca Hardwick &#038; Hannah Diennes-Williams (soprano), Collin Shay (contre-t\u00e9nor), Aidan Coburn (t\u00e9nor) &#038; Patrick Alexander Keefe (baryton).<\/p>\n<p>Ce concert pr\u00e9sente les tr\u00e8s populaires <strong>Saisons de Vivaldi<\/strong>, que nous avons d\u00e9j\u00e0 interpr\u00e9t\u00e9es \u00e0 Bagnols-en-For\u00eat et \u00e0 Fayence ces derni\u00e8res ann\u00e9es. Cette fois, les violonistes solistes sont <em>Anna Tulshinskaya<\/em>, qui a jou\u00e9 pour la premi\u00e8re fois avec nous en 2024, et <em>Oliver Cave<\/em>, avec nous depuis 2018.<\/p>\n","protected":false},"excerpt":{"rendered":"<p>Les Quatre Saisons de Vivaldi et \u00ab Dixit Dominus \u00bb de Haendel + \u00ab Suite Abdelazar \u00bb de Purcell<\/p>\n<p> &#8211; Dixit Dominus est l&rsquo;une des \u0153uvres les plus appr\u00e9ci\u00e9es de Haendel. Elle a \u00e9t\u00e9 interpr\u00e9t\u00e9e au fil des ans par Musique-Cordiale par des ch\u0153urs de diff\u00e9rentes tailles, dont une fois par un ch\u0153ur de solistes dirig\u00e9 par David Bates et par le ch\u0153ur du Festival dans plusieurs \u00e9glises, notamment \u00e0 Faversham, dans le Kent. Il s&rsquo;agit d&rsquo;un psaume de George Frideric Haendel. Il reprend le texte latin du Psaume 110, qui commence par les mots Dixit Dominus (\u00ab Le Seigneur a dit \u00bb). L&rsquo;\u0153uvre fut achev\u00e9e en avril 1707, alors que Haendel vivait en Italie. Il s&rsquo;agit du plus ancien autographe de Haendel conserv\u00e9. \u00c9crite dans le style baroque de l&rsquo;\u00e9poque, elle est \u00e9crite pour cinq solistes vocaux (SSATB), ch\u0153ur \u00e0 cinq voix, cordes et continuo. On pense que l&rsquo;\u0153uvre a \u00e9t\u00e9 cr\u00e9\u00e9e le 16 juillet 1707 en l&rsquo;\u00e9glise Santa Maria in Montesanto. Nos <strong>solistes pour Dixit Dominus<\/strong> sont : Rebecca Hardwick &#038; Hannah Diennes-Williams (soprano), Collin Shay (contre-t\u00e9nor), Aidan Coburn (t\u00e9nor) &#038; Patrick Alexander Keefe (baryton).<\/p>\n<p>Ce concert pr\u00e9sente les tr\u00e8s populaires Saisons de Vivaldi, que nous avons d\u00e9j\u00e0 interpr\u00e9t\u00e9es \u00e0 Bagnols-en-For\u00eat et \u00e0 Fayence ces derni\u00e8res ann\u00e9es. Cette fois, les violonistes solistes sont Anna Tulshinskaya, qui a jou\u00e9 pour la premi\u00e8re fois avec nous en 2024, et Oliver Cave, avec nous depuis 2018.<\/p>\n","protected":false},"featured_media":39628,"template":"","meta":{"_acf_changed":false,"_monsterinsights_skip_tracking":false,"_monsterinsights_sitenote_active":false,"_monsterinsights_sitenote_note":"","_monsterinsights_sitenote_category":0,"_uf_show_specific_survey":0,"_uf_disable_surveys":false,"advanced_seo_description":"","jetpack_seo_html_title":"","jetpack_seo_noindex":false},"product_brand":[],"product_cat":[495],"product_tag":[395],"venue":[208,210],"class_list":{"0":"post-48409","1":"product","2":"type-product","3":"status-publish","4":"has-post-thumbnail","6":"product_cat-festival-2025-fr","7":"product_tag-concert-fr","8":"venue-bagnols-en-foret","9":"venue-eglise-st-antonin","11":"first","12":"instock","13":"shipping-taxable","14":"purchasable","15":"product-type-variable"},"acf":[],"jetpack_sharing_enabled":true,"jetpack-related-posts":[{"id":23261,"url":"https:\/\/www.musique-cordiale.com\/fr\/boutique-billetterie\/concert-de-cloture-du-festival-oratorio-saul\/","url_meta":{"origin":48409,"position":0},"title":"BILLET: Concert de cl\u00f4ture du festival: Oratorio \u00abSAUL\u00bb de Haendel, Seillans, 17 ao\u00fbt 2019","author":"Jonathan Barker","date":"26\/03\/2019","format":false,"excerpt":"Samedi 17 a\u00f4ut 19.00 Eglise de Seillans\u00a0\u00a0\u00a0\u00a0\u00a0 25\u20ac\/ 30\u20ac (balcon) 40\u20ac (premium)\u00a0R\u00e9servez t\u00f4t: disponibilit\u00e9 limit\u00e9e! Concert d\u2019Oratorio \u2013 concert de cloture du festival Ch\u0153ur et l\u2019Orchestre du Festival avec solistes Direction: Graham Ross \u00ab Saul \u00bb de HAENDEL Emily Vine, Dima Bawab \u2013 soprano Julian Gregory, Michael Johnston \u2013\u00a0 tenor\u2026","rel":"","context":"Article similaire","block_context":{"text":"Article similaire","link":""},"img":{"alt_text":"","src":"https:\/\/i0.wp.com\/www.musique-cordiale.com\/wp-content\/uploads\/2011\/03\/2016-08-13-22.12.31-1-scaled.jpg?fit=1200%2C675&ssl=1&resize=350%2C200","width":350,"height":200,"srcset":"https:\/\/i0.wp.com\/www.musique-cordiale.com\/wp-content\/uploads\/2011\/03\/2016-08-13-22.12.31-1-scaled.jpg?fit=1200%2C675&ssl=1&resize=350%2C200 1x, https:\/\/i0.wp.com\/www.musique-cordiale.com\/wp-content\/uploads\/2011\/03\/2016-08-13-22.12.31-1-scaled.jpg?fit=1200%2C675&ssl=1&resize=525%2C300 1.5x, https:\/\/i0.wp.com\/www.musique-cordiale.com\/wp-content\/uploads\/2011\/03\/2016-08-13-22.12.31-1-scaled.jpg?fit=1200%2C675&ssl=1&resize=700%2C400 2x, https:\/\/i0.wp.com\/www.musique-cordiale.com\/wp-content\/uploads\/2011\/03\/2016-08-13-22.12.31-1-scaled.jpg?fit=1200%2C675&ssl=1&resize=1050%2C600 3x"},"classes":[]},{"id":39441,"url":"https:\/\/www.musique-cordiale.com\/fr\/boutique-billetterie\/12-august-2023-closing-festival-concert-handel-mozart-oratorios-mozart-coronation-mass\/","url_meta":{"origin":48409,"position":1},"title":"CONCERT de cl\u00f4ture du festival &#8211; Hymnes de Haendel et messe du couronnement de Mozart &#8211; avec ch\u0153ur, orchestre et solistes, 20h","author":"Jonathan Barker","date":"24\/05\/2023","format":false,"excerpt":"EN: FESTIVAL 2023: Closing concert | Mozart & Handel Oratorios, MOZART: MESSE DU COURONNEMENT \u00a0(second & final 2023 Festival performance) | Graham Ross leads the Festival Choir and Orchestra with soloists in a rendition of Mozart's Coronation Mass as a nod to Britain's recently crowned King Charles III. This final\u2026","rel":"","context":"Article similaire","block_context":{"text":"Article similaire","link":""},"img":{"alt_text":"","src":"https:\/\/i0.wp.com\/www.musique-cordiale.com\/wp-content\/uploads\/2019\/12\/WhatsApp-Image-2019-12-17-at-15.16.27.jpeg?fit=900%2C1200&ssl=1&resize=350%2C200","width":350,"height":200,"srcset":"https:\/\/i0.wp.com\/www.musique-cordiale.com\/wp-content\/uploads\/2019\/12\/WhatsApp-Image-2019-12-17-at-15.16.27.jpeg?fit=900%2C1200&ssl=1&resize=350%2C200 1x, https:\/\/i0.wp.com\/www.musique-cordiale.com\/wp-content\/uploads\/2019\/12\/WhatsApp-Image-2019-12-17-at-15.16.27.jpeg?fit=900%2C1200&ssl=1&resize=525%2C300 1.5x, https:\/\/i0.wp.com\/www.musique-cordiale.com\/wp-content\/uploads\/2019\/12\/WhatsApp-Image-2019-12-17-at-15.16.27.jpeg?fit=900%2C1200&ssl=1&resize=700%2C400 2x"},"classes":[]},{"id":48310,"url":"https:\/\/www.musique-cordiale.com\/fr\/boutique-billetterie\/haydn-la-creation-avec-choeur-orchestre-et-solistes-eglise-saint-leger-seillans-10-aout-2025-19-h\/","url_meta":{"origin":48409,"position":2},"title":"Haydn \u00ab \u00ab\u00a0LA CR\u00c9ATION\u00a0\u00bb \u00bb avec ch\u0153ur, orchestre et notre incroyable programmation de solistes vocaux\u00a0: Concert de cl\u00f4ture du Festival, \u00c9glise Saint-L\u00e9ger, SEILLANS, 9 ao\u00fbt 2025, 19 h","author":"Jonathan Barker","date":"09\/04\/2025","format":false,"excerpt":"Haydn \"The Creation\" with choir, orchestra & soloists: Church of St Leger, SEILLANS, 9 August 2025, 7PM Interpr\u00e8tes\u00a0: Maestro \u2013 Graham Ross Soprano \u2013 Rebecca Hardwick Mezzo-soprano \u2013 Hannah Dienes-Williams T\u00e9nor \u2013 Aidan Coburn Baryton \u2013 Patrick Alexander Keefe Avec le Ch\u0153ur et l'Orchestre du Festival Musique-Cordiale L'oratorio retentissant de\u2026","rel":"","context":"Article similaire","block_context":{"text":"Article similaire","link":""},"img":{"alt_text":"","src":"https:\/\/i0.wp.com\/www.musique-cordiale.com\/wp-content\/uploads\/2025\/04\/from-the-little-book-of-Paddy-Lovely.jpg?fit=1200%2C866&ssl=1&resize=350%2C200","width":350,"height":200,"srcset":"https:\/\/i0.wp.com\/www.musique-cordiale.com\/wp-content\/uploads\/2025\/04\/from-the-little-book-of-Paddy-Lovely.jpg?fit=1200%2C866&ssl=1&resize=350%2C200 1x, https:\/\/i0.wp.com\/www.musique-cordiale.com\/wp-content\/uploads\/2025\/04\/from-the-little-book-of-Paddy-Lovely.jpg?fit=1200%2C866&ssl=1&resize=525%2C300 1.5x, https:\/\/i0.wp.com\/www.musique-cordiale.com\/wp-content\/uploads\/2025\/04\/from-the-little-book-of-Paddy-Lovely.jpg?fit=1200%2C866&ssl=1&resize=700%2C400 2x, https:\/\/i0.wp.com\/www.musique-cordiale.com\/wp-content\/uploads\/2025\/04\/from-the-little-book-of-Paddy-Lovely.jpg?fit=1200%2C866&ssl=1&resize=1050%2C600 3x"},"classes":[]},{"id":19777,"url":"https:\/\/www.musique-cordiale.com\/fr\/boutique-billetterie\/oratorio-a-bargemon-les-saisons-de-haydn-en-allemand-jeudi-9-aout-2018\/","url_meta":{"origin":48409,"position":3},"title":"Oratorio \u00e0 Bargemon: &lsquo;DIE JAHRESZEITEN&rsquo; &#8211; Les Saisons de Haydn (en allemand)","author":"Jonathan Barker","date":"17\/02\/2017","format":false,"excerpt":"avec choeur, orchestre & solists Graham Ross, direction Dima Bawab, soprano Julian Gregory, tenor Tristan Hambleton, basse Le Choeur & l'Orchestre du Festival Musique Cordiale","rel":"","context":"Article similaire","block_context":{"text":"Article similaire","link":""},"img":{"alt_text":"","src":"https:\/\/i0.wp.com\/www.musique-cordiale.com\/wp-content\/uploads\/2017\/03\/choir-and-orchestra-with-Graham-Ross.jpg?fit=1200%2C600&ssl=1&resize=350%2C200","width":350,"height":200,"srcset":"https:\/\/i0.wp.com\/www.musique-cordiale.com\/wp-content\/uploads\/2017\/03\/choir-and-orchestra-with-Graham-Ross.jpg?fit=1200%2C600&ssl=1&resize=350%2C200 1x, https:\/\/i0.wp.com\/www.musique-cordiale.com\/wp-content\/uploads\/2017\/03\/choir-and-orchestra-with-Graham-Ross.jpg?fit=1200%2C600&ssl=1&resize=525%2C300 1.5x, https:\/\/i0.wp.com\/www.musique-cordiale.com\/wp-content\/uploads\/2017\/03\/choir-and-orchestra-with-Graham-Ross.jpg?fit=1200%2C600&ssl=1&resize=700%2C400 2x, https:\/\/i0.wp.com\/www.musique-cordiale.com\/wp-content\/uploads\/2017\/03\/choir-and-orchestra-with-Graham-Ross.jpg?fit=1200%2C600&ssl=1&resize=1050%2C600 3x"},"classes":[]},{"id":19792,"url":"https:\/\/www.musique-cordiale.com\/fr\/boutique-billetterie\/billet-standard-concert-de-cloture-du-festival-les-saisons-de-haydn-en-allemand-samedi-11-aout-2018\/","url_meta":{"origin":48409,"position":4},"title":"Concert de cl\u00f4ture du festival: Oratorio DIE JAHRESZEITEN &#8211; Les Saisons de Haydn (en Allemand)","author":"Jonathan Barker","date":"25\/03\/2018","format":false,"excerpt":"Haydn : Oratorio avec orchestre et solistes \u201c Les Saisons\u201d (Die Jahreszeiten) Le choeur et l'orchestre du Festival Musique Cordiale avec solistes Direction: Graham Ross Dima Bawab,\u00a0soprano Julian Gregory,\u00a0t\u00e9nor Tristan Hambleton,\u00a0bass d\u00eener disponible aux membres apr\u00e9s le concert (pour l'acheter et r\u00e9server,vois ici)","rel":"","context":"Article similaire","block_context":{"text":"Article similaire","link":""},"img":{"alt_text":"","src":"https:\/\/i0.wp.com\/www.musique-cordiale.com\/wp-content\/uploads\/2011\/03\/2016-08-13-22.12.31-1-scaled.jpg?fit=1200%2C675&ssl=1&resize=350%2C200","width":350,"height":200,"srcset":"https:\/\/i0.wp.com\/www.musique-cordiale.com\/wp-content\/uploads\/2011\/03\/2016-08-13-22.12.31-1-scaled.jpg?fit=1200%2C675&ssl=1&resize=350%2C200 1x, https:\/\/i0.wp.com\/www.musique-cordiale.com\/wp-content\/uploads\/2011\/03\/2016-08-13-22.12.31-1-scaled.jpg?fit=1200%2C675&ssl=1&resize=525%2C300 1.5x, https:\/\/i0.wp.com\/www.musique-cordiale.com\/wp-content\/uploads\/2011\/03\/2016-08-13-22.12.31-1-scaled.jpg?fit=1200%2C675&ssl=1&resize=700%2C400 2x, https:\/\/i0.wp.com\/www.musique-cordiale.com\/wp-content\/uploads\/2011\/03\/2016-08-13-22.12.31-1-scaled.jpg?fit=1200%2C675&ssl=1&resize=1050%2C600 3x"},"classes":[]},{"id":23354,"url":"https:\/\/www.musique-cordiale.com\/fr\/boutique-billetterie\/billet-concert-de-cloture-du-festival-oratorio-saul-de-haendel-seillans-17-aout-2019-copy\/","url_meta":{"origin":48409,"position":5},"title":"BILLET: premi\u00e8re performance de l&rsquo;Oratorio \u00abSAUL\u00bb de Haendel, (PAS Callian: d\u00e9plac\u00e9 \u00e0 l&rsquo;\u00e9glise de SEILLANS), jeudi 15 ao\u00fbt 2019","author":"Jonathan Barker","date":"27\/03\/2019","format":false,"excerpt":"Jeudi 15\u00a0ao\u00fbt 19.15 S'IL VOUS PLA\u00ceT NOTEZ: d\u00e9plac\u00e9 \u00e0 l'\u00e9glise de SEILLANS, commencant 15 mins plus tard\u00a0 \u00a0 \u00a0 \u00a0 \u00a0 25\u20ac \/ 35\u20ac(premium) Concert d\u2019Oratorio:\u00a0\u00ab Saul \u00bb de HAENDEL Ch\u0153ur et l\u2019Orchestre du Festival avec solistes Direction: Graham Ross Emily Vine, Dima Bawab \u2013 soprano Julian Gregory, Michael Johnston\u2026","rel":"","context":"Article similaire","block_context":{"text":"Article similaire","link":""},"img":{"alt_text":"","src":"https:\/\/i0.wp.com\/www.musique-cordiale.com\/wp-content\/uploads\/2011\/03\/2016-08-13-22.12.31-1-scaled.jpg?fit=1200%2C675&ssl=1&resize=350%2C200","width":350,"height":200,"srcset":"https:\/\/i0.wp.com\/www.musique-cordiale.com\/wp-content\/uploads\/2011\/03\/2016-08-13-22.12.31-1-scaled.jpg?fit=1200%2C675&ssl=1&resize=350%2C200 1x, https:\/\/i0.wp.com\/www.musique-cordiale.com\/wp-content\/uploads\/2011\/03\/2016-08-13-22.12.31-1-scaled.jpg?fit=1200%2C675&ssl=1&resize=525%2C300 1.5x, https:\/\/i0.wp.com\/www.musique-cordiale.com\/wp-content\/uploads\/2011\/03\/2016-08-13-22.12.31-1-scaled.jpg?fit=1200%2C675&ssl=1&resize=700%2C400 2x, https:\/\/i0.wp.com\/www.musique-cordiale.com\/wp-content\/uploads\/2011\/03\/2016-08-13-22.12.31-1-scaled.jpg?fit=1200%2C675&ssl=1&resize=1050%2C600 3x"},"classes":[]}],"_links":{"self":[{"href":"https:\/\/www.musique-cordiale.com\/fr\/wp-json\/wp\/v2\/product\/48409","targetHints":{"allow":["GET"]}}],"collection":[{"href":"https:\/\/www.musique-cordiale.com\/fr\/wp-json\/wp\/v2\/product"}],"about":[{"href":"https:\/\/www.musique-cordiale.com\/fr\/wp-json\/wp\/v2\/types\/product"}],"wp:featuredmedia":[{"embeddable":true,"href":"https:\/\/www.musique-cordiale.com\/fr\/wp-json\/wp\/v2\/media\/39628"}],"wp:attachment":[{"href":"https:\/\/www.musique-cordiale.com\/fr\/wp-json\/wp\/v2\/media?parent=48409"}],"wp:term":[{"taxonomy":"product_brand","embeddable":true,"href":"https:\/\/www.musique-cordiale.com\/fr\/wp-json\/wp\/v2\/product_brand?post=48409"},{"taxonomy":"product_cat","embeddable":true,"href":"https:\/\/www.musique-cordiale.com\/fr\/wp-json\/wp\/v2\/product_cat?post=48409"},{"taxonomy":"product_tag","embeddable":true,"href":"https:\/\/www.musique-cordiale.com\/fr\/wp-json\/wp\/v2\/product_tag?post=48409"},{"taxonomy":"venue","embeddable":true,"href":"https:\/\/www.musique-cordiale.com\/fr\/wp-json\/wp\/v2\/venue?post=48409"}],"curies":[{"name":"wp","href":"https:\/\/api.w.org\/{rel}","templated":true}]}}