{"id":48426,"date":"2025-04-17T12:13:57","date_gmt":"2025-04-17T12:13:57","guid":{"rendered":"https:\/\/www.musique-cordiale.com\/programme-tickets\/evenement-special-pre-festival-diner-de-collecte-de-fonds-exaltant-et-convivial-avec-musique-et-boissons-au-mas-des-romarins-dans-la-vallee-en-contrebas-de-fayence-le-29-juillet-2025\/"},"modified":"2025-07-17T16:49:03","modified_gmt":"2025-07-17T16:49:03","slug":"evenement-special-pre-festival-diner-de-collecte-de-fonds-exaltant-et-convivial-avec-musique-et-boissons-au-mas-des-romarins-dans-la-vallee-en-contrebas-de-fayence-le-29-juillet-2025","status":"publish","type":"product","link":"https:\/\/www.musique-cordiale.com\/fr\/boutique-billetterie\/evenement-special-pre-festival-diner-de-collecte-de-fonds-exaltant-et-convivial-avec-musique-et-boissons-au-mas-des-romarins-dans-la-vallee-en-contrebas-de-fayence-le-29-juillet-2025\/","title":{"rendered":"\u00c9v\u00e9nement sp\u00e9cial pr\u00e9-festival : SOIR\u00c9E DE GALA &#8211; d\u00eener de collecte de fonds exaltant et convivial avec musique et boissons &#8211; au Mas des Romarins, dans la vall\u00e9e en contrebas de Fayence, le 29 juillet 2025 : **EVENEMENT COMPLET : PLUS DE R\u00c9SERVATIONS S&rsquo;IL VOUS PLA\u00ceT"},"content":{"rendered":"<p><strong>***Maintenant COMPLET <em>PLUS DE NOUVELLES R\u00c9SERVATIONS s&rsquo;il vous pla\u00eet (<em>mais les commandes en souffrance peuvent \u00eatre possibles plus pr\u00e8s de la date &#8211; UNIQUEMENT si nous avons des annulations ??<\/em>) : VEUILLEZ PAYER SI VOUS AVEZ R\u00c9SERV\u00c9 !*** <\/strong><br \/>\nNous serions ravis de vous compter parmi nous ! Vous pouvez r\u00e9server individuellement, en tant qu&rsquo;AMI de Musique-Cordiale et\/ou vous-m\u00eame (veuillez nous contacter au pr\u00e9alable si vous souhaitez r\u00e9server) \u00e0 une table de 10 personnes pour 750 \u20ac (ou possibilit\u00e9 de diviser !) ou (contactez Rupert si vous souhaitez rejoindre une table r\u00e9serv\u00e9e avec vos amis).<\/p>\n<p>Veuillez consulter la r\u00e9duction pour les AMIS de la MUSIQUE-CORDIALE : inscrivez-vous d&rsquo;abord en tant qu&rsquo;AMI et invitez jusqu&rsquo;\u00e0 4 de vos amis au tarif sp\u00e9cial AMI de la MUSIQUE-CORDIALE.<\/p>\n<p><strong>Le Bal des Romarins &#8211; Une soir\u00e9e de musique entra\u00eenante refl\u00e9tant le r\u00e9pertoire du festival &#8211; et un d\u00eener raffin\u00e9 en soutien \u00e0 Musique Cordiale<\/strong><\/p>\n<p>Une soir\u00e9e de musique et de gastronomie exceptionnelle dans un lieu idyllique. Un programme musical complet, les performances offriront un avant-go\u00fbt savoureux de ce qui se pr\u00e9pare au festival, les solistes discuteront avec les invit\u00e9s, remercieront les supporters de longue date et rencontreront de nouveaux amis.<\/p>\n<p><em>Traiteur La Mistral, Fayence<\/em><\/p>\n<p><strong>LE PRIX de cet \u00e9v\u00e9nement unique est de 75\u20ac<\/strong> <em>par personne (r\u00e9duit \u00e0 60\u20ac pour les \u00ab\u00a0Amis de Musique-Cordiale\u00a0\u00bb inscrits)<\/em>, comprenant un d\u00eener 3 plats + une bouteille de vin entre 4 personnes, de la musique et un don. Nous organisons \u00e9galement un BAR PAYANT pour que les gens puissent recharger, et <strong>Musique-Cordiale<\/strong> recevra un % des ventes <\/em>(ou consultez les prix pour r\u00e9server une table, \u00e9galement un prix sp\u00e9cial pour les \u00ab\u00a0AMIS DE MUSIQUE-CORDIALE\u00a0\u00bb). Vous pouvez \u00e9galement payer un peu PLUS si vous vous sentez G\u00c9N\u00c9REUX\u00a0!<br \/>\n<strong>Note<\/strong>\u00a0: plusieurs tables (de 10 personnes &#8211; mais possibilit\u00e9 de les diviser) ont \u00e9t\u00e9 r\u00e9serv\u00e9es par nos supporters\u00a0: veuillez contacter l&rsquo;un d&rsquo;eux ou <a href=\"mailto:jo******@**************le.com\" data-original-string=\"ECb2jGSdA9hatAs7AKV6Xg==b08VUOtO5UfHBrBN5ecTF7KC\/IQnAXdtprSoeUQ1Ad\/Ik8=\" title=\"This contact has been encoded by Anti-Spam by CleanTalk. Click to decode. To finish the decoding make sure that JavaScript is enabled in your browser.\" target=\"_blank\" <\"_blank\" rel=\"noopener\"><\/acordin@musile@jonathan href=\"mailto:ru****@*****************ns.com\" data-original-string=\"myRn+roqw8B0fcx7BvWbLg==b08qwx1YBBjWfT\/jxuH7IYgecdykp5hIRK8CcmUpqyqWvk=\" title=\"This contact has been encoded by Anti-Spam by CleanTalk. Click to decode. To finish the decoding make sure that JavaScript is enabled in your browser.\" target=\"_blank\" rel=\"noopener\"><span \n                data-original-string='zL6iLdPpIJ+QEP77rnF7vA==b08521743gbK4pH0KfHkDzZk9WLYCRq9X2AJ2F\/ZFI3tTc='\n                class='apbct-email-encoder'\n                title='This contact has been encoded by Anti-Spam by CleanTalk. Click to decode. To finish the decoding make sure that JavaScript is enabled in your browser.'>ru<span class=\"apbct-blur\">****<\/span>@<span class=\"apbct-blur\">*****************<\/span>ns.com<\/span><\/a> pour rejoindre vos amis, ou pour r\u00e9server une table<\/strong><\/p>\n<p><strong>PROGRAMME\u00a0: Baroque &#8211; Romantique &#8211; Jazz<\/strong><br \/>\n* ARRIV\u00c9E \u00c0 18H<br \/>\n&#8211; Duos image et luth<\/p>\n<p>* ENTR\u00c9E<\/p>\n<p>* SET 1 \u2013 Baroque pour tous<br \/>\n&#8211; Vivaldi Saison 1<br \/>\n&#8211; Ouverture de la Suite num\u00e9ro 2 de Bach<br \/>\n&#8211; D&rsquo;apr\u00e8s Torrens Said<br \/>\n&#8211; Purcell Musick pendant un certain temps<\/p>\n<p>* PLAT PRINCIPAL<\/p>\n<p>* SET 2 &#8211; Romantique<br \/>\n&#8211; Nessun Dorma (Aidan)<br \/>\n&#8211; Czardas (Olivier)<br \/>\n&#8211; Brahms Double Mvt 3 (avec piano, Anna, James. Rebecca)<br \/>\n&#8211; Concerto pour fl\u00fbte de Poulenc<br \/>\n&#8211; Concerto pour violoncelle de Vivaldi (un mouvement)<br \/>\n&#8211; Popper Requiem &#8211; 3 violoncelles<\/p>\n<p>* DESSERT<\/p>\n<p>* SET 3 \u2013 Arri\u00e8re-plan \/ d\u00e9tendu<br \/>\n&#8211; Le retour de Zephyr<br \/>\n&#8211; James et Rachel &#8211; \u00ab\u00a0Off Pist\u00a0\u00bb par Svante Henryson (au violoncelle et \u00e0 la clarinette)<br \/>\n&#8211; Contexte jazz<br \/>\n&#8211; Rachel <em>Saxmusic: Musique cool au saxophone<\/em><\/p>\n<p><strong>R\u00e9servez en ligne et nous vous contacterons pour vous conseiller sur votre table, vos invit\u00e9s et leurs pr\u00e9f\u00e9rences alimentaires<\/strong><\/p>\n","protected":false},"excerpt":{"rendered":"<p><strong>***Maintenant COMPLET <em>PLUS DE NOUVELLES R\u00c9SERVATIONS s&rsquo;il vous pla\u00eet (<em>mais les commandes en souffrance peuvent \u00eatre possibles plus pr\u00e8s de la date &#8211; UNIQUEMENT si nous avons des annulations ??<\/em>) : VEUILLEZ PAYER SI VOUS AVEZ R\u00c9SERV\u00c9 !*** <\/strong><br \/>***<\/strong><\/p>\n<p><strong>SOIR\u00c9E DE GALA AU PROFIT DE MUSIQUE-CORDIALE<\/strong><br \/>\nVoir <em>PLUS DE D\u00c9TAILS<\/em> pour plus d&rsquo;informations sur cet \u00e9v\u00e9nement unique et populaire, notamment le programme de la soir\u00e9e, les modalit\u00e9s de r\u00e9servation et les tarifs.<\/p>\n<p>Vous pouvez r\u00e9server individuellement (et vous joindre \u00e0 la table de votre choix ou nous vous inviterons), en tant qu&rsquo;AMI de Musique-Cordiale et\/ou r\u00e9server une TABLE\u00a0!<\/p>\n<p>Veuillez consulter la r\u00e9duction r\u00e9serv\u00e9e aux AMIS de Musique-CORDIALE\u00a0: inscrivez-vous d&rsquo;abord en tant qu&rsquo;AMI et invitez jusqu&rsquo;\u00e0 4 de vos amis au tarif sp\u00e9cial AMI de Musique-CORDIALE.<\/p>\n<p><strong>R\u00e9servez en ligne et nous vous contacterons pour vous conseiller sur votre table et vos pr\u00e9f\u00e9rences culinaires.<br \/>\nPrix\u00a0: 75\u00a0\u20ac par personne <\/em><\/strong><em>(r\u00e9duit \u00e0 60 \u20ac pour les \u00ab\u00a0Amis de Musique-Cordiale\u00a0\u00bb inscrits)<\/em>, comprenant un d\u00eener 3 services + une bouteille de vin pour 4 personnes, de la musique et un don. Ou r\u00e9servez une table pour 10 personnes (ou possibilit\u00e9 de diviser) pour 750 \u20ac.<\/strong><\/p>\n<p>&nbsp;<\/p>\n","protected":false},"featured_media":48420,"template":"","meta":{"_acf_changed":false,"_monsterinsights_skip_tracking":false,"_monsterinsights_sitenote_active":false,"_monsterinsights_sitenote_note":"","_monsterinsights_sitenote_category":0,"_uf_show_specific_survey":0,"_uf_disable_surveys":false,"advanced_seo_description":"","jetpack_seo_html_title":"","jetpack_seo_noindex":false},"product_brand":[],"product_cat":[261,512,495,475,514,391],"product_tag":[515,473,590,531,472,513,516,300],"venue":[244,508],"class_list":{"0":"post-48426","1":"product","2":"type-product","3":"status-publish","4":"has-post-thumbnail","6":"product_cat-billet-diner","7":"product_cat-dons","8":"product_cat-festival-2025-fr","9":"product_cat-other-events","10":"product_cat-pre-festival-fr-2","11":"product_cat-pre-festival","12":"product_tag-boissons","13":"product_tag-diner-fr","14":"product_tag-fun-fr","15":"product_tag-gala-fr","16":"product_tag-levee-de-fonds","17":"product_tag-musique-cordiale-fr","18":"product_tag-pre-festival-fr","19":"product_tag-soutenez","20":"venue-fayence","21":"venue-mas-de-romarins","23":"first","24":"outofstock","25":"shipping-taxable","26":"purchasable","27":"product-type-variable"},"acf":[],"jetpack_sharing_enabled":true,"jetpack-related-posts":[{"id":23106,"url":"https:\/\/www.musique-cordiale.com\/fr\/boutique-billetterie\/billet-24-juillet-2018-collecte-de-fonds-annuelle-soiree-musicale-diner-fund-raising-evening\/","url_meta":{"origin":48426,"position":0},"title":"BILLET: 5 ao\u00fbt 2019 &#8211; Collecte de fonds annuelle, Soir\u00e9e Musicale, D\u00eener &#8211; Fund-raising evening","author":"Jonathan Barker","date":"25\/03\/2019","format":false,"excerpt":"19h (7PM), Moulin de la Camandoule, Fayence un \u00e9v\u00e9nement pr\u00e9-ouverture du Festival 2019 Ruth Harrison (fl\u00fbte), Colette Overdijk (violon), Ian Anderson (alto), Sophie Haynes (violoncelle) & Rebecca Taylor (piano) disponible uniquement sur r\u00e9servation \u00a0le Moulin de Camandoule, 83440, Fayence entre Seillans et Fayence","rel":"","context":"Article similaire","block_context":{"text":"Article similaire","link":""},"img":{"alt_text":"","src":"https:\/\/i0.wp.com\/www.musique-cordiale.com\/wp-content\/uploads\/2016\/05\/0242631178.jpg?fit=876%2C657&ssl=1&resize=350%2C200","width":350,"height":200,"srcset":"https:\/\/i0.wp.com\/www.musique-cordiale.com\/wp-content\/uploads\/2016\/05\/0242631178.jpg?fit=876%2C657&ssl=1&resize=350%2C200 1x, https:\/\/i0.wp.com\/www.musique-cordiale.com\/wp-content\/uploads\/2016\/05\/0242631178.jpg?fit=876%2C657&ssl=1&resize=525%2C300 1.5x, https:\/\/i0.wp.com\/www.musique-cordiale.com\/wp-content\/uploads\/2016\/05\/0242631178.jpg?fit=876%2C657&ssl=1&resize=700%2C400 2x"},"classes":[]},{"id":38914,"url":"https:\/\/www.musique-cordiale.com\/fr\/boutique-billetterie\/soiree-musicale-diner-de-gala-pre-festival-collecte-de-fonds\/","url_meta":{"origin":48426,"position":1},"title":"Ev\u00e9nement convivial pour lancer le festival 2023 &#8211; Soir\u00e9e Musicale, D\u00eener de gala &amp; Collecte de Fonds pre-festival &#8211; MAINTENANT FERM\u00c9","author":"Jonathan Barker","date":"17\/05\/2023","format":false,"excerpt":"19h30 (7:30 PM) Aidan Coburn (t\u00e9nor) Will Harris (violoncelle) & Rebecca Taylor (piano) ap\u00e9ritifs de 19h30 D\u00eener 20h REJOIGNEZ-NOUS pour cet \u00e9v\u00e9nement annuel populaire et m\u00e9morable pour LANCER LE FESTIVAL 2023 alors qu'il revient au Pays de Fayence cet \u00e9t\u00e9 pour sa 19\u00e8me \u00e9dition annuelle ! les prix apparaissent dans\u2026","rel":"","context":"Article similaire","block_context":{"text":"Article similaire","link":""},"img":{"alt_text":"","src":"https:\/\/i0.wp.com\/www.musique-cordiale.com\/wp-content\/uploads\/2017\/02\/dinner-and-music-2.jpg?fit=1200%2C900&ssl=1&resize=350%2C200","width":350,"height":200,"srcset":"https:\/\/i0.wp.com\/www.musique-cordiale.com\/wp-content\/uploads\/2017\/02\/dinner-and-music-2.jpg?fit=1200%2C900&ssl=1&resize=350%2C200 1x, https:\/\/i0.wp.com\/www.musique-cordiale.com\/wp-content\/uploads\/2017\/02\/dinner-and-music-2.jpg?fit=1200%2C900&ssl=1&resize=525%2C300 1.5x, https:\/\/i0.wp.com\/www.musique-cordiale.com\/wp-content\/uploads\/2017\/02\/dinner-and-music-2.jpg?fit=1200%2C900&ssl=1&resize=700%2C400 2x, https:\/\/i0.wp.com\/www.musique-cordiale.com\/wp-content\/uploads\/2017\/02\/dinner-and-music-2.jpg?fit=1200%2C900&ssl=1&resize=1050%2C600 3x"},"classes":[]},{"id":31601,"url":"https:\/\/www.musique-cordiale.com\/fr\/boutique-billetterie\/rejoignez-le-choeur-avant-20-janvier-2020-reservations-anticipees-a\/","url_meta":{"origin":48426,"position":2},"title":"Rejoignez le choeur du Festival 2020 avant 20 janvier 2020: r\u00e9servations anticip\u00e9es (A) **","author":"Jonathan Barker","date":"09\/01\/2020","format":false,"excerpt":"Voir le formulaire d'inscription (version fran\u00e7aise \/ Euro \u20ac) ou la page d'informations du choeur 2020 pour plus de d\u00e9tails Veuillez noter que cette ann\u00e9e, en raison des incertitudes li\u00e9es au Brexit et \u00e0 l'emplacement, le processus de r\u00e9servation et d'inscription est diff\u00e9rent. L'inscription \u00e0 la chorale est OUVERTE MAINTENANT.\u2026","rel":"","context":"Article similaire","block_context":{"text":"Article similaire","link":""},"img":{"alt_text":"","src":"","width":0,"height":0},"classes":[]},{"id":15021,"url":"https:\/\/www.musique-cordiale.com\/fr\/boutique-billetterie\/mecene-argent-2017\/","url_meta":{"origin":48426,"position":3},"title":"Donateur d&rsquo;argent 2024-25","author":"Jonathan Barker","date":"13\/03\/2016","format":false,"excerpt":". M\u00e9c\u00e8ne Argent Les m\u00e9c\u00e8nes re\u00e7oivent tous les avantages d'\u00eatre ami du festival, plus une mention sp\u00e9ciale dans notre programme et sur nos sites internet. Nos m\u00e9c\u00e8nes argent et or constituent notre cercle sp\u00e9cial de supporters qui nous aident \u00e0 assurer l\u2019avenir du festival en s\u2019engageant \u00e0 offrir un don\u2026","rel":"","context":"Article similaire","block_context":{"text":"Article similaire","link":""},"img":{"alt_text":"","src":"https:\/\/i0.wp.com\/www.musique-cordiale.com\/wp-content\/uploads\/2014\/04\/CQ4A4112-e1475585516735.jpg?fit=1200%2C1144&ssl=1&resize=350%2C200","width":350,"height":200,"srcset":"https:\/\/i0.wp.com\/www.musique-cordiale.com\/wp-content\/uploads\/2014\/04\/CQ4A4112-e1475585516735.jpg?fit=1200%2C1144&ssl=1&resize=350%2C200 1x, https:\/\/i0.wp.com\/www.musique-cordiale.com\/wp-content\/uploads\/2014\/04\/CQ4A4112-e1475585516735.jpg?fit=1200%2C1144&ssl=1&resize=525%2C300 1.5x, https:\/\/i0.wp.com\/www.musique-cordiale.com\/wp-content\/uploads\/2014\/04\/CQ4A4112-e1475585516735.jpg?fit=1200%2C1144&ssl=1&resize=700%2C400 2x, https:\/\/i0.wp.com\/www.musique-cordiale.com\/wp-content\/uploads\/2014\/04\/CQ4A4112-e1475585516735.jpg?fit=1200%2C1144&ssl=1&resize=1050%2C600 3x"},"classes":[]},{"id":15022,"url":"https:\/\/www.musique-cordiale.com\/fr\/boutique-billetterie\/mecene-or-2017\/","url_meta":{"origin":48426,"position":4},"title":"M\u00e9c\u00e8ne Or 2024-25","author":"Jonathan Barker","date":"13\/03\/2016","format":false,"excerpt":"M\u00e9c\u00e8ne Or Les m\u00e9c\u00e8nes re\u00e7oivent tous les avantages d'\u00eatre ami du festival, plus une mention sp\u00e9ciale dans notre programme et sur nos sites internet. Nos m\u00e9c\u00e8nes argent et or constituent notre cercle sp\u00e9cial de supporters qui nous aident \u00e0 assurer l\u2019avenir du festival en s\u2019engageant \u00e0 offrir un don important\u2026","rel":"","context":"Article similaire","block_context":{"text":"Article similaire","link":""},"img":{"alt_text":"","src":"https:\/\/i0.wp.com\/www.musique-cordiale.com\/wp-content\/uploads\/2016\/09\/CQ4A3932-scaled.jpg?fit=1200%2C800&ssl=1&resize=350%2C200","width":350,"height":200,"srcset":"https:\/\/i0.wp.com\/www.musique-cordiale.com\/wp-content\/uploads\/2016\/09\/CQ4A3932-scaled.jpg?fit=1200%2C800&ssl=1&resize=350%2C200 1x, https:\/\/i0.wp.com\/www.musique-cordiale.com\/wp-content\/uploads\/2016\/09\/CQ4A3932-scaled.jpg?fit=1200%2C800&ssl=1&resize=525%2C300 1.5x, https:\/\/i0.wp.com\/www.musique-cordiale.com\/wp-content\/uploads\/2016\/09\/CQ4A3932-scaled.jpg?fit=1200%2C800&ssl=1&resize=700%2C400 2x, https:\/\/i0.wp.com\/www.musique-cordiale.com\/wp-content\/uploads\/2016\/09\/CQ4A3932-scaled.jpg?fit=1200%2C800&ssl=1&resize=1050%2C600 3x"},"classes":[]},{"id":44911,"url":"https:\/\/www.musique-cordiale.com\/fr\/boutique-billetterie\/concert-fund-raiser-to-launch-the-2024-festival\/","url_meta":{"origin":48426,"position":5},"title":"30 juillet 2024, 19h: Concert et &lsquo;SOIR\u00c9E MUSICALE&rsquo; pour lancer le Festival Musique-Cordiale 2024: Musique, Vin et d\u00e9licieux ap\u00e9ritif dinatoire","author":"Jonathan Barker","date":"31\/03\/2024","format":false,"excerpt":"Rebecca Hardwick, soprano | Aidan Coburn, t\u00e9nor | Rebecca Taylor, piano | Will Harris, violoncelle | James Heathcote, violoncelle | Les musiciens du Festival 2024 |Concert de Gala et D\u00eener dans le cadre champ\u00eatre du Domaine Val d\u2019Iris pour la pr\u00e9sentation de nos merveilleux artistes qui se produiront au cours\u2026","rel":"","context":"Article similaire","block_context":{"text":"Article similaire","link":""},"img":{"alt_text":"","src":"https:\/\/i0.wp.com\/www.musique-cordiale.com\/wp-content\/uploads\/2019\/03\/Van-dIris-concert-20140804_195100-scaled.jpg?fit=1200%2C675&ssl=1&resize=350%2C200","width":350,"height":200,"srcset":"https:\/\/i0.wp.com\/www.musique-cordiale.com\/wp-content\/uploads\/2019\/03\/Van-dIris-concert-20140804_195100-scaled.jpg?fit=1200%2C675&ssl=1&resize=350%2C200 1x, https:\/\/i0.wp.com\/www.musique-cordiale.com\/wp-content\/uploads\/2019\/03\/Van-dIris-concert-20140804_195100-scaled.jpg?fit=1200%2C675&ssl=1&resize=525%2C300 1.5x, https:\/\/i0.wp.com\/www.musique-cordiale.com\/wp-content\/uploads\/2019\/03\/Van-dIris-concert-20140804_195100-scaled.jpg?fit=1200%2C675&ssl=1&resize=700%2C400 2x, https:\/\/i0.wp.com\/www.musique-cordiale.com\/wp-content\/uploads\/2019\/03\/Van-dIris-concert-20140804_195100-scaled.jpg?fit=1200%2C675&ssl=1&resize=1050%2C600 3x"},"classes":[]}],"_links":{"self":[{"href":"https:\/\/www.musique-cordiale.com\/fr\/wp-json\/wp\/v2\/product\/48426","targetHints":{"allow":["GET"]}}],"collection":[{"href":"https:\/\/www.musique-cordiale.com\/fr\/wp-json\/wp\/v2\/product"}],"about":[{"href":"https:\/\/www.musique-cordiale.com\/fr\/wp-json\/wp\/v2\/types\/product"}],"wp:featuredmedia":[{"embeddable":true,"href":"https:\/\/www.musique-cordiale.com\/fr\/wp-json\/wp\/v2\/media\/48420"}],"wp:attachment":[{"href":"https:\/\/www.musique-cordiale.com\/fr\/wp-json\/wp\/v2\/media?parent=48426"}],"wp:term":[{"taxonomy":"product_brand","embeddable":true,"href":"https:\/\/www.musique-cordiale.com\/fr\/wp-json\/wp\/v2\/product_brand?post=48426"},{"taxonomy":"product_cat","embeddable":true,"href":"https:\/\/www.musique-cordiale.com\/fr\/wp-json\/wp\/v2\/product_cat?post=48426"},{"taxonomy":"product_tag","embeddable":true,"href":"https:\/\/www.musique-cordiale.com\/fr\/wp-json\/wp\/v2\/product_tag?post=48426"},{"taxonomy":"venue","embeddable":true,"href":"https:\/\/www.musique-cordiale.com\/fr\/wp-json\/wp\/v2\/venue?post=48426"}],"curies":[{"name":"wp","href":"https:\/\/api.w.org\/{rel}","templated":true}]}}