{"id":48464,"date":"2025-04-17T14:14:11","date_gmt":"2025-04-17T14:14:11","guid":{"rendered":"https:\/\/www.musique-cordiale.com\/programme-tickets\/une-nuit-a-lopera-la-scene-de-lancienne-gare-de-seillans-en-plein-air-21h-2-aout-2025\/"},"modified":"2025-08-03T08:36:15","modified_gmt":"2025-08-03T08:36:15","slug":"une-nuit-a-lopera-la-scene-de-lancienne-gare-de-seillans-en-plein-air-21h-2-aout-2025","status":"publish","type":"product","link":"https:\/\/www.musique-cordiale.com\/fr\/boutique-billetterie\/une-nuit-a-lopera-la-scene-de-lancienne-gare-de-seillans-en-plein-air-21h-2-aout-2025\/","title":{"rendered":"\u00ab\u00a0Une nuit \u00e0 l&rsquo;OP\u00c9RA\u00a0\u00bb, la sc\u00e8ne de l&rsquo;ancienne Gare de SEILLANS, en plein air 20h 2 ao\u00fbt 2025"},"content":{"rendered":"<p>PIQUE-NIQUES ET BOISSONS\u00a0:<\/p>\n<p>Ouverture des portes anticip\u00e9e (\u00e0 partir de 18h30)\u00a0: rejoignez vos amis, apportez votre pique-nique et vos boissons pour les d\u00e9guster dans le parc adjacent \u00e0 la charmante ancienne gare de Seillans.<\/p>\n<p><strong>Solistes<\/strong>\u00a0:<\/p>\n<p>Rebecca Hardwick, <em>soprano<\/em>, Hannah Dienes-Williams, <em>mezzo<\/em>, Collin Shay, <em>contre-t\u00e9nor<\/em>, Aidan Coburn, <em>t\u00e9nor<\/em>, Patrick Alexander Keefe, <em>baryton<\/em>, Rebecca Taylor, <em>piano<\/em>.<\/p>\n&#13;\n<h2 class=\"wp-block-heading has-text-align-center has-vivid-red-color has-text-color has-link-color wp-elements-e360289e9f29c27c7ea2e8026306cdff\" style=\"text-align: center;\"><p style=\"text-align: center;\">Une soir\u00e9e de grands classiques de l&rsquo;op\u00e9ra de tout le r\u00e9pertoire, r\u00e9unis dans cette nouvelle production inventive semi-mise en sc\u00e8ne, pr\u00e9sent\u00e9e pour la premi\u00e8re fois ici \u00e0 Musique-Cordiale<\/p><\/h2>&#13;\n&#13;\n<h3 class=\"wp-block-heading has-text-align-center has-black-color has-luminous-vivid-amber-background-color has-text-color has-background has-link-color wp-elements-f22977a641dd5fd0fc10fe2299521def\" style=\"text-align: center;\">Arriv\u00e9e \u00e0 partir de 18h30 \u00e0 l&rsquo;ouverture des portes &#8211; \u00ab Glyndebourne \u00e0 Seillans \u00bb &#8211; apportez vos propres pique-niques et boissons avant la repr\u00e9sentation + il y aura notre entracte habituel avec du vin et des boissons sans alcool servis.<\/h3>&#13;\n&#13;\n<p><em>Pour inclure &#8211;<\/em><\/p>&#13;\n<ul>&#13;\n<li>PUCCINI:<\/li><\/ul>&#13;\n<li>&#8211; O Soave Fanciulla &#8211; from La Boheme<\/li>&#13;\n<li>&#8211; Nessun Dorma &#8211; from Turandot<\/li>&#13;\n<li>&#8211; O Mimi tu piu non torni &#8211; from La Boheme<\/li>&#13;\n<li>BIZET:<\/li>&#13;\n<li>&#8211; Habanera &#8211; from Carmen<\/li>&#13;\n<li>&#8211; Pearl Fishers\u2019 Duet &#8211; from The Pearl Fishers<\/li>&#13;\n<li>MOZART:<\/li>&#13;\n<li>&#8211; Ah guarda sorella &#8211; from Cosi fan Tutte<\/li>&#13;\n<li>&#8211; Soave sia il vento \u2013 from Cosi fan Tutte<\/li>&#13;\n<li>&#8211; The Count\u2019s Aria \u2013 from Marriage of Figaro<\/li>&#13;\n<li>&#8211; Dies Bildnis ist bezaubernd sch\u00f6n \u2013 from The Magic Flute<\/li>&#13;\n<li>VERDI:<\/li>&#13;\n<li>&#8211; Brindisi \u2013 from La Traviata<\/li>&#13;\n<li>&#8211; Cortigiani \u2013 from Rigoletto<\/li>&#13;\n<li>&#8211; The Quartet \u2013 from Rigoletto<\/li>&#13;\n<li>BRITTEN:<\/li>&#13;\n<li>&#8211; Oberon\u2019s Aria \u2013 from A Midsummer Night\u2019s Dream<\/li><\/li>\n<\/ul>\n","protected":false},"excerpt":{"rendered":"<p>PUCCINI, BIZET, MOZART, VERDI-BRITTEN<\/p>\n<p>\u00ab\u00a0Une nuit \u00e0 l&rsquo;OP\u00c9RA\u00a0\u00bb, sc\u00e8ne de l&rsquo;ancienne Gare de SEILLANS, en plein air \u00e0 20\u00a0h le 2\u00a0ao\u00fbt\u00a02025, ouverture des portes \u00e0 18\u00a0h\u00a030 pour pique-niquer ou boire un verre, avec notre entracte habituel, avec vin et boissons non alcoolis\u00e9es.<\/p>\n<p><strong>EXTRAITS D&rsquo;OP\u00c9RA INTERPR\u00c9T\u00c9S PAR<\/strong>\u00a0: Soprano \u2013 Rebecca Hardwick, Mezzo-soprano \u2013 Hannah Dienes-Williams, Contre-t\u00e9nor \u2013 Collin Shay, T\u00e9nor \u2013 Aidan Coburn, Baryton \u2013 Patrick Alexander Keefe, Piano \u2013 Rebecca Taylor.<\/p>\n<p><!-- wp:heading {\"textAlign\":\"center\",\"style\":{\"elements\":{\"link\":{\"color\":{\"text\":\"var:preset|color|vivid-red\"}}}},\"textColor\":\"vivid-red\"} --><\/p>\n<h2 class=\"wp-block-heading has-text-align-center has-vivid-red-color has-text-color has-link-color\">Une soir\u00e9e de grands classiques de l&rsquo;op\u00e9ra, issus de tout le r\u00e9pertoire, r\u00e9unis dans cette nouvelle production inventive, pr\u00e9sent\u00e9e en partie \u00e0 la mise en sc\u00e8ne, pr\u00e9sent\u00e9e pour la premi\u00e8re fois ici \u00e0 Musique-Cordiale.<\/h2>\n<p><!-- \/wp:heading --><\/p>\n<p><!-- wp:heading {\"textAlign\":\"center\",\"level\":3,\"style\":{\"elements\":{\"link\":{\"color\":{\"text\":\"var:preset|color|black\"}}}},\"backgroundColor\":\"luminous-vivid-amber\",\"textColor\":\"black\"} --><\/p>\n<h3 class=\"wp-block-heading has-text-align-center has-black-color has-luminous-vivid-amber-background-color has-text-color has-background has-link-color\">\u00ab\u00a0Glyndebourne in Celle de Seillans<\/h3>\n<p><!-- \/wp:titre --><\/p>\n<p><!-- wp:paragraphe --><\/p>\n<p><em>Pour inclure &#8211;<\/em><\/p>\n<p><!-- \/wp:paragraphe --><\/p>\n<p><!-- wp:paragraphe --><\/p>\n<p>PUCCINI\u00a0:<\/p>\n<p><!-- \/wp:paragraphe --><\/p>\n<p><!-- wp:paragraphe --><\/p>\n<ul>\n<li>&#8211; O Soave Fanciulla &#8211; de La Boh\u00e8me ,<!-- \/wp:paragraph --><!-- wp:paragraphe --><\/li>\n<li>&#8211; Nessun Dorma &#8211; de Turandot ,<!-- \/wp:paragraph --><!-- wp:paragraphe --><\/li>\n<li>&#8211; O Mimi tu piu non torni &#8211; de La Boh\u00e8me ,<!-- \/wp:paragraph --><!-- wp:paragraph --><\/li>\n<\/ul>\n<p>BIZET\u00a0:<\/p>\n<p><!-- \/wp:paragraph --><\/p>\n<p><!-- wp:paragraph --><\/p>\n<ul>\n<li>&#8211; Habanera &#8211; extrait de Carmen,<!-- \/wp:paragraph --><!-- wp:paragraph --><\/li>\n<li>&#8211; Duo des p\u00eacheurs de perles &#8211; extrait des P\u00eacheurs de perles,<\/li>\n<\/ul>\n<p><!-- \/wp:paragraph --><\/p>\n<p><!-- wp:paragraph --><\/p>\n<p>MOZART\u00a0:<\/p>\n<p><!-- \/wp:paragraph --><\/p>\n<p><!-- wp:paragraph --><\/p>\n<ul>\n<li>&#8211; Ah guarda sorella &#8211; extrait de Cosi fan Tutte,<!-- \/wp:paragraphe --><!-- wp:paragraphe --><\/li>\n<li>&#8211; Soave sia il vento \u2013 de Cosi fan Tutte ,<!-- \/wp:paragraph --><!-- wp:paragraphe --><\/li>\n<li>&#8211; L&rsquo;Aria du Comte \u2013 extrait des Noces de Figaro,<!-- \/wp:paragraph --><!-- wp:paragraphe --><\/li>\n<li>&#8211; Dies Bildnis ist bezaubernd sch\u00f6n \u2013 de La Fl\u00fbte enchant\u00e9e,<\/li>\n<\/ul>\n<p><!-- \/wp:paragraphe --><\/p>\n<p><!-- wp:paragraphe --><\/p>\n<p>VERDI\u00a0:<\/p>\n<p><!-- \/wp:paragraphe --><\/p>\n<p><!-- wp:paragraphe --><\/p>\n<ul>\n<li>&#8211; Brindisi \u2013 de La Traviata ,<!-- \/wp:paragraph --><!-- wp:paragraph --><\/li>\n<li>&#8211; Cortigiani \u2013 extrait de Rigoletto,<!-- \/wp:paragraph --><!-- wp:paragraph --><\/li>\n<li>&#8211; Le Quatuor \u2013 extrait de Rigoletto,<\/li>\n<\/ul>\n<p><!-- \/wp:paragraph --><\/p>\n<p><!-- wp:paragraph --><\/p>\n<p>BRITTEN\u00a0:<\/p>\n<p><!-- \/wp:paragraph --><\/p>\n<p><!-- wp:paragraph --><\/p>\n<ul>\n<li>&#8211; L\u2019air d\u2019Ob\u00e9ron \u2013 extrait du Songe d\u2019une nuit d\u2019\u00e9t\u00e9.<\/li>\n<\/ul>\n<p><!-- \/wp:paragraph --><\/p>\n<p><!-- wp:paragraph --><\/p>\n<p><em>INTERPR\u00c8TES\u00a0:<\/em><\/p>\n<p><!-- \/wp:paragraph --><\/p>\n<p><!-- wp:paragraph --><\/p>\n<p>Soprano \u2013 Rebecca Hardwick,<br \/>\nMezzo-soprano \u2013 Hannah Dienes-Williams,<br \/>\nContre-t\u00e9nor \u2013 Colin Shay,<br \/>\nT\u00e9nor \u2013 Aidan Coburn,<br \/>\nBaryton \u2013 Malachy Frame,<br \/>\nPiano \u2013 Rebecca Taylor<\/p>\n<p><!-- \/wp:paragraph --><\/p>\n","protected":false},"featured_media":48455,"template":"","meta":{"_acf_changed":false,"_monsterinsights_skip_tracking":false,"_monsterinsights_sitenote_active":false,"_monsterinsights_sitenote_note":"","_monsterinsights_sitenote_category":0,"_uf_show_specific_survey":0,"_uf_disable_surveys":false,"advanced_seo_description":"","jetpack_seo_html_title":"","jetpack_seo_noindex":false},"product_brand":[],"product_cat":[495,597,596],"product_tag":[395,467,518],"venue":[485,222],"class_list":{"0":"post-48464","1":"product","2":"type-product","3":"status-publish","4":"has-post-thumbnail","6":"product_cat-festival-2025-fr","7":"product_cat-gare-fr","8":"product_cat-opera-fr","9":"product_tag-concert-fr","10":"product_tag-opera-fr","11":"product_tag-pleine-aire-fr","12":"venue-la-nouvelle-scene-de-lancienne-gare-de-seillans-en-plein-air","13":"venue-seillans","15":"first","16":"onbackorder","17":"shipping-taxable","18":"purchasable","19":"product-type-variable"},"acf":[],"jetpack_sharing_enabled":true,"jetpack-related-posts":[{"id":45172,"url":"https:\/\/www.musique-cordiale.com\/fr\/boutique-billetterie\/7-aout-2024-7pm-une-soiree-de-jazz-et-chansons-francaises-eau-de-chansons-callian-st-donat-copy\/","url_meta":{"origin":48464,"position":0},"title":"8 ao\u00fbt 2024, 21h: une soir\u00e9e de chansons fran\u00e7aises, de jazz et de la musique populaire: \u00ab\u00a0EAU DE CHANSONS 2\u00a0\u00bb, Seillans (nouvelle scene de l&rsquo;ancienne gare)","author":"Jonathan Barker","date":"19\/04\/2024","format":false,"excerpt":"WIEBKE ET LES GAR\u00c7ONS: | chansons comme Brel, Michel le Grand, Edith Piaf, Charles Aznavour, Serge Gainsbourg et de Fran\u00e7oise Hardy et Jacques Dutronc | |Venez chanter avec ces fabuleux interpr\u00e8tes franco-n\u00e9erlandais | Wiebke Bonnet, voix | Jean Louis van Dam, piano | Marcel Booji, contrabasse | Frank auf dem\u2026","rel":"","context":"Article similaire","block_context":{"text":"Article similaire","link":""},"img":{"alt_text":"","src":"https:\/\/i0.wp.com\/www.musique-cordiale.com\/wp-content\/uploads\/2024\/04\/Wiebke-et-les-Garcons2.png?fit=1200%2C597&ssl=1&resize=350%2C200","width":350,"height":200,"srcset":"https:\/\/i0.wp.com\/www.musique-cordiale.com\/wp-content\/uploads\/2024\/04\/Wiebke-et-les-Garcons2.png?fit=1200%2C597&ssl=1&resize=350%2C200 1x, https:\/\/i0.wp.com\/www.musique-cordiale.com\/wp-content\/uploads\/2024\/04\/Wiebke-et-les-Garcons2.png?fit=1200%2C597&ssl=1&resize=525%2C300 1.5x, https:\/\/i0.wp.com\/www.musique-cordiale.com\/wp-content\/uploads\/2024\/04\/Wiebke-et-les-Garcons2.png?fit=1200%2C597&ssl=1&resize=700%2C400 2x, https:\/\/i0.wp.com\/www.musique-cordiale.com\/wp-content\/uploads\/2024\/04\/Wiebke-et-les-Garcons2.png?fit=1200%2C597&ssl=1&resize=1050%2C600 3x"},"classes":[]},{"id":48557,"url":"https:\/\/www.musique-cordiale.com\/fr\/boutique-billetterie\/isla-jetse-are-back-jazz-popular-songs-with-a-french-accent-bring-a-picnic-to-the-lovely-musical-scene-at-the-old-station-in-seillans-9pm-7-august-2025\/","url_meta":{"origin":48464,"position":1},"title":"Isla et Jetse sont de retour ! Jazz et chansons populaires avec un accent fran\u00e7ais : venez pique-niquer sur la charmante nouvelle sc\u00e8ne musicale de l&rsquo;ancienne gare de Seillans, le 7 ao\u00fbt 2025 \u00e0 21h.","author":"Jonathan Barker","date":"07\/04\/2025","format":false,"excerpt":"Isla van Hout is back, accompanied by the amazing jazz and boogie-woogie pianist, Jetse de Jong - by popular request from our audiences in Seillans! Gates open from 7:30PM: concerts begins 9PM. Bring your drinks and picnic and enjoy time with your friends in the ground before the concert and\u2026","rel":"","context":"Article similaire","block_context":{"text":"Article similaire","link":""},"img":{"alt_text":"","src":"https:\/\/i0.wp.com\/www.musique-cordiale.com\/wp-content\/uploads\/2025\/04\/WhatsApp-Image-2025-04-22-at-14.37.37_8ee7f22c-Jetse-and-Isla-2025.jpg?fit=1200%2C653&ssl=1&resize=350%2C200","width":350,"height":200,"srcset":"https:\/\/i0.wp.com\/www.musique-cordiale.com\/wp-content\/uploads\/2025\/04\/WhatsApp-Image-2025-04-22-at-14.37.37_8ee7f22c-Jetse-and-Isla-2025.jpg?fit=1200%2C653&ssl=1&resize=350%2C200 1x, https:\/\/i0.wp.com\/www.musique-cordiale.com\/wp-content\/uploads\/2025\/04\/WhatsApp-Image-2025-04-22-at-14.37.37_8ee7f22c-Jetse-and-Isla-2025.jpg?fit=1200%2C653&ssl=1&resize=525%2C300 1.5x, https:\/\/i0.wp.com\/www.musique-cordiale.com\/wp-content\/uploads\/2025\/04\/WhatsApp-Image-2025-04-22-at-14.37.37_8ee7f22c-Jetse-and-Isla-2025.jpg?fit=1200%2C653&ssl=1&resize=700%2C400 2x, https:\/\/i0.wp.com\/www.musique-cordiale.com\/wp-content\/uploads\/2025\/04\/WhatsApp-Image-2025-04-22-at-14.37.37_8ee7f22c-Jetse-and-Isla-2025.jpg?fit=1200%2C653&ssl=1&resize=1050%2C600 3x"},"classes":[]},{"id":45023,"url":"https:\/\/www.musique-cordiale.com\/fr\/boutique-billetterie\/1-august-2024-9pm-soiree-opera-verdis-la-traviata-seillans\/","url_meta":{"origin":48464,"position":2},"title":"1 ao\u00fbt 2024, 21h: Soir\u00e9e OPERA: LA TRAVIATA  de Verdi (premi\u00e8re repr\u00e9sentation, Seillans en pleine air &#8211; apporter un pique-nique!)","author":"Jonathan Barker","date":"18\/04\/2024","format":false,"excerpt":"La nouvelle sc\u00e8ne de l'ancienne Gare de Seillans la Gare, Seillans (en plein air) - voir la vid\u00e9o \"Ghost Train\" - 'Train Fant\u00f4me' sur l'ancienne ligne ferroviaire du Centre du Var \u00a0 Rebecca Hardwick, Violetta| Aidan Coburn, Alfredo| Jessica Hopkins, Flora & Annina| Will Harris, Gastone| Peter Lidbetter, Giorgio Germond|\u2026","rel":"","context":"Article similaire","block_context":{"text":"Article similaire","link":""},"img":{"alt_text":"","src":"https:\/\/i0.wp.com\/www.musique-cordiale.com\/wp-content\/uploads\/2024\/04\/shutterstock_2306674563.jpg?fit=1200%2C1175&ssl=1&resize=350%2C200","width":350,"height":200,"srcset":"https:\/\/i0.wp.com\/www.musique-cordiale.com\/wp-content\/uploads\/2024\/04\/shutterstock_2306674563.jpg?fit=1200%2C1175&ssl=1&resize=350%2C200 1x, https:\/\/i0.wp.com\/www.musique-cordiale.com\/wp-content\/uploads\/2024\/04\/shutterstock_2306674563.jpg?fit=1200%2C1175&ssl=1&resize=525%2C300 1.5x, https:\/\/i0.wp.com\/www.musique-cordiale.com\/wp-content\/uploads\/2024\/04\/shutterstock_2306674563.jpg?fit=1200%2C1175&ssl=1&resize=700%2C400 2x, https:\/\/i0.wp.com\/www.musique-cordiale.com\/wp-content\/uploads\/2024\/04\/shutterstock_2306674563.jpg?fit=1200%2C1175&ssl=1&resize=1050%2C600 3x"},"classes":[]},{"id":45168,"url":"https:\/\/www.musique-cordiale.com\/programme-tickets\/8-august-2024-9pm-une-soiree-de-jazz-et-chansons-francaises-eau-de-chansons-seillans\/","url_meta":{"origin":48464,"position":3},"title":"8 August 2024, 9PM: an open-air evening of French songs, jazz &#038; popular music : \u00ab\u00a0EAU DE CHANSONS\u00a0\u00bb 2, Seillans (nouvelle sc\u00e8ne de l&rsquo;ancienne gare)","author":"Jonathan Barker","date":"19\/04\/2024","format":false,"excerpt":"WIEBKE ET LES GAR\u00c7ONS: | SONGS\u00a0 like Brel, Michel le Grand, Edith Piaf, Charles Aznavour, Serge Gainsbourg and Fran\u00e7oise Hardy and Jacques Dutronc |Wiebke Bonnet, vocals |Jean Louis van Dam, piano |Marcel Booji, double bass |Frank auf dem Brinke, drums | La nouvelle sc\u00e8ne de l'ancienne Gare, the new setting\u2026","rel":"","context":"Article similaire","block_context":{"text":"Article similaire","link":""},"img":{"alt_text":"","src":"https:\/\/i0.wp.com\/www.musique-cordiale.com\/wp-content\/uploads\/2024\/04\/Wiebke-et-les-Garcons2.png?fit=1200%2C597&ssl=1&resize=350%2C200","width":350,"height":200,"srcset":"https:\/\/i0.wp.com\/www.musique-cordiale.com\/wp-content\/uploads\/2024\/04\/Wiebke-et-les-Garcons2.png?fit=1200%2C597&ssl=1&resize=350%2C200 1x, https:\/\/i0.wp.com\/www.musique-cordiale.com\/wp-content\/uploads\/2024\/04\/Wiebke-et-les-Garcons2.png?fit=1200%2C597&ssl=1&resize=525%2C300 1.5x, https:\/\/i0.wp.com\/www.musique-cordiale.com\/wp-content\/uploads\/2024\/04\/Wiebke-et-les-Garcons2.png?fit=1200%2C597&ssl=1&resize=700%2C400 2x, https:\/\/i0.wp.com\/www.musique-cordiale.com\/wp-content\/uploads\/2024\/04\/Wiebke-et-les-Garcons2.png?fit=1200%2C597&ssl=1&resize=1050%2C600 3x"},"classes":[]},{"id":48460,"url":"https:\/\/www.musique-cordiale.com\/programme-tickets\/a-night-at-the-opera-la-scene-de-lancienne-gare-de-seillans-open-air-9pm-2-august-2025\/","url_meta":{"origin":48464,"position":4},"title":"\u00ab\u00a0A night at the OPERA\u00a0\u00bb, la scene de l&rsquo;ancienne Gare de SEILLANS, open-air: 8PM 2 August 2025","author":"Jonathan Barker","date":"17\/04\/2025","format":false,"excerpt":"PUCCINI, BIZET, MOZART, VERDI-BRITTEN \"A night at the OPERA\", la scene de l'ancienne Gare de SEILLANS, open-air 8PM 2 August 2025:gates open from 6:30PM for pre-perfomance picnics or drinks + our usual mid-concert interval with wine and soft drinks served. OPERA EXCERPTS\u00a0 An evening of opera favourites from across the\u2026","rel":"","context":"Article similaire","block_context":{"text":"Article similaire","link":""},"img":{"alt_text":"","src":"https:\/\/i0.wp.com\/www.musique-cordiale.com\/wp-content\/uploads\/2025\/04\/IMG-20250417-WA00341-Seillans-Gare-2024-opera.jpg?fit=1200%2C546&ssl=1&resize=350%2C200","width":350,"height":200,"srcset":"https:\/\/i0.wp.com\/www.musique-cordiale.com\/wp-content\/uploads\/2025\/04\/IMG-20250417-WA00341-Seillans-Gare-2024-opera.jpg?fit=1200%2C546&ssl=1&resize=350%2C200 1x, https:\/\/i0.wp.com\/www.musique-cordiale.com\/wp-content\/uploads\/2025\/04\/IMG-20250417-WA00341-Seillans-Gare-2024-opera.jpg?fit=1200%2C546&ssl=1&resize=525%2C300 1.5x, https:\/\/i0.wp.com\/www.musique-cordiale.com\/wp-content\/uploads\/2025\/04\/IMG-20250417-WA00341-Seillans-Gare-2024-opera.jpg?fit=1200%2C546&ssl=1&resize=700%2C400 2x, https:\/\/i0.wp.com\/www.musique-cordiale.com\/wp-content\/uploads\/2025\/04\/IMG-20250417-WA00341-Seillans-Gare-2024-opera.jpg?fit=1200%2C546&ssl=1&resize=1050%2C600 3x"},"classes":[]},{"id":48596,"url":"https:\/\/www.musique-cordiale.com\/fr\/boutique-billetterie\/une-soiree-insolite-a-lopera-dans-un-cadre-magique-au-milieu-des-arbres-et-sous-la-tour-de-lhorloge-et-avec-vue-sur-le-chateau-et-les-collines-du-var-au-loin\/","url_meta":{"origin":48464,"position":5},"title":"\u00ab Une soir\u00e9e insolite \u00e0 l\u2019OP\u00c9RA \u00bb dans un cadre magique au milieu des arbres et sous la tour de l\u2019horloge \u2013 et avec vue sur le ch\u00e2teau et les collines du Var au loin, mercredi 6 ao\u00fbt 2025, 21h, Place de l\u2019Horloge, TOURRETTES","author":"Jonathan Barker","date":"22\/04\/2025","format":false,"excerpt":"Notre incroyable programmation de solistes vocaux\u00a0: Rebecca Hardwick, soprano, Hannah Dienes-Williams, mezzo, Collin Shay, contre-t\u00e9nor, Aidan Coburn, t\u00e9nor, Patrick Alexander Keefe, baryton avec Rebecca Taylor, piano Une soir\u00e9e de grands classiques de l'op\u00e9ra, r\u00e9unis dans cette nouvelle production inventive, pr\u00e9sent\u00e9e en partie \u00e0 Musique-Cordiale","rel":"","context":"Article similaire","block_context":{"text":"Article similaire","link":""},"img":{"alt_text":"","src":"https:\/\/i0.wp.com\/www.musique-cordiale.com\/wp-content\/uploads\/2025\/04\/IMG-20250422-WA00031-Musique-Cordiale-Tourrettes-2025.jpg?fit=1049%2C1200&ssl=1&resize=350%2C200","width":350,"height":200,"srcset":"https:\/\/i0.wp.com\/www.musique-cordiale.com\/wp-content\/uploads\/2025\/04\/IMG-20250422-WA00031-Musique-Cordiale-Tourrettes-2025.jpg?fit=1049%2C1200&ssl=1&resize=350%2C200 1x, https:\/\/i0.wp.com\/www.musique-cordiale.com\/wp-content\/uploads\/2025\/04\/IMG-20250422-WA00031-Musique-Cordiale-Tourrettes-2025.jpg?fit=1049%2C1200&ssl=1&resize=525%2C300 1.5x, https:\/\/i0.wp.com\/www.musique-cordiale.com\/wp-content\/uploads\/2025\/04\/IMG-20250422-WA00031-Musique-Cordiale-Tourrettes-2025.jpg?fit=1049%2C1200&ssl=1&resize=700%2C400 2x"},"classes":[]}],"_links":{"self":[{"href":"https:\/\/www.musique-cordiale.com\/fr\/wp-json\/wp\/v2\/product\/48464","targetHints":{"allow":["GET"]}}],"collection":[{"href":"https:\/\/www.musique-cordiale.com\/fr\/wp-json\/wp\/v2\/product"}],"about":[{"href":"https:\/\/www.musique-cordiale.com\/fr\/wp-json\/wp\/v2\/types\/product"}],"wp:featuredmedia":[{"embeddable":true,"href":"https:\/\/www.musique-cordiale.com\/fr\/wp-json\/wp\/v2\/media\/48455"}],"wp:attachment":[{"href":"https:\/\/www.musique-cordiale.com\/fr\/wp-json\/wp\/v2\/media?parent=48464"}],"wp:term":[{"taxonomy":"product_brand","embeddable":true,"href":"https:\/\/www.musique-cordiale.com\/fr\/wp-json\/wp\/v2\/product_brand?post=48464"},{"taxonomy":"product_cat","embeddable":true,"href":"https:\/\/www.musique-cordiale.com\/fr\/wp-json\/wp\/v2\/product_cat?post=48464"},{"taxonomy":"product_tag","embeddable":true,"href":"https:\/\/www.musique-cordiale.com\/fr\/wp-json\/wp\/v2\/product_tag?post=48464"},{"taxonomy":"venue","embeddable":true,"href":"https:\/\/www.musique-cordiale.com\/fr\/wp-json\/wp\/v2\/venue?post=48464"}],"curies":[{"name":"wp","href":"https:\/\/api.w.org\/{rel}","templated":true}]}}