{"id":48538,"date":"2025-04-19T11:33:26","date_gmt":"2025-04-19T11:33:26","guid":{"rendered":"https:\/\/www.musique-cordiale.com\/programme-tickets\/48538\/"},"modified":"2025-08-01T15:54:39","modified_gmt":"2025-08-01T15:54:39","slug":"48538","status":"publish","type":"product","link":"https:\/\/www.musique-cordiale.com\/fr\/boutique-billetterie\/48538\/","title":{"rendered":"\u00ab D\u00e9licieux classiques : joyaux du r\u00e9pertoire classique \u00bb dans un cadre vigneron : Domaine Val d&rsquo;Iris, Seillans, 19h, 1er ao\u00fbt 2025 avec petit &lsquo;dinatoire l\u00e9ger&rsquo;"},"content":{"rendered":"&#13;\n<h3 class=\"wp-block-heading has-vivid-red-color has-text-color has-link-color wp-elements-2916a7218c3cfc984722b35616879508\"><h3>Concert de favoris \u00e0 travers les \u00e2ges &#8211; avec un &lsquo;dinatoire l\u00e9ger&rsquo; <em>(vin disponible \u00e9galement !)<\/em><\/h3><\/h3>&#13;\n&#13;\n<p>Solistes de<strong> l&rsquo;Orchestre du Festival Musique-Cordiale<\/strong><\/p>&#13;\n&#13;\n<p><strong>Mozart, Bach, Faur\u00e9, Rossini, Pachelbel, Schubert, ainsi que les th\u00e8mes passionn\u00e9s de \u00ab\u00a0Czardas\u00a0!\u00a0\u00bb de Monti et les th\u00e8mes de l&rsquo;op\u00e9ra \u00ab\u00a0Carmen\u00a0\u00bb de Bizet<\/strong><\/p>&#13;\n&#13;\n<p>&#8211; Mozart- Eine Kleine Nachtmusik, Movt 1<\/p>&#13;\n&#13;\n<p>&#8211; Monti &#8211; Czardas<\/p>&#13;\n&#13;\n<p>&#8211; Bach &#8211; Badinerie (No.7) de la suite orchestrale n\u00b02<\/p>&#13;\n&#13;\n<p>&#8211; Bach &#8211; Air sur une corde de sol, de la suite orchestrale n\u00b03<\/p>&#13;\n&#13;\n<p>&#8211; Schubert &#8211; Truite<\/p>&#13;\n&#13;\n<p>&#8211; Schubert &#8211; Th\u00e8me et variations du Quintette de la Truite<\/p>&#13;\n&#13;\n<p>&#8211; Cesar Franck &#8211; Sonate pour violon en la majeur, mouvement 1<\/p>&#13;\n&#13;\n<p>&#8211; Faur\u00e9 &#8211; Elegy<\/p>&#13;\n&#13;\n<p>&#8211; Pachelbel &#8211; Canon<\/p>&#13;\n&#13;\n<p>&#8211; Rossini \u2013 Duet pour violoncelle et contrebass<\/p>&#13;\n&#13;\n<p>&#8211; Rossini \u2013 Duo de chats<\/p>&#13;\n&#13;\n<p><em>INTERPR\u00c8TES :<\/em><\/p>&#13;\n<p><em><\/em><\/p>&#13;\n<p><em>Anna Tulchinskaya et Oliver Cave, violons<\/em><\/p>&#13;\n<p><em>Rachel Coe, clarinette,&#13;\n<\/em><em>Jamie King, bassoon,&#13;\nRuth Harrison, fl\u00fbte<\/em><\/p>&#13;\n<p>\u00a0<\/p>","protected":false},"excerpt":{"rendered":"<h3 class=\"wp-block-heading has-vivid-red-color has-text-color has-link-color\">\u00ab\u00a0Classiques doux\u00a0\u00bb dans un cadre viticole\u00a0: Domaine Val d&rsquo;Iris, Seillans, 1er\u00a0ao\u00fbt\u00a02025 \u00e0 19\u00a0h<\/h3>\n<h3 class=\"wp-block-heading has-vivid-red-color has-text-color has-link-color\">Concert de grands classiques \u00e0 travers les \u00e2ges, avec un dinatoire l\u00e9ger <em>(vin disponible \u00e9galement\u00a0!)<\/em><\/h3>\n<p><!-- \/wp:heading --><\/p>\n<p><!-- wp:paragraph --><\/p>\n<p>Concert de grands classiques \u00e0 travers les \u00e2ges, avec un dinatoire l\u00e9ger (vin disponible \u00e9galement\u00a0!). Les solistes de l&rsquo;Orchestre du Festival Musique-Cordiale incluent Mozart, Bach, Faur\u00e9, Rossini, Pachelbel, Schubert, ainsi que la passionn\u00e9e \u00ab\u00a0Czardas\u00a0\u00bb de Monti et l&rsquo;op\u00e9ratique \u00ab\u00a0Carmen\u00a0\u00bb de Bizet. th\u00e8mes<\/p>\n<p>Solistes de l&rsquo;<strong>Orchestre du Festival Musique-Cordiale<\/strong><\/p>\n<p><em>Anna Tulchinskaya et Oliver Cave, violons Rachel Coe, clarinette, Jamie King, basson, Ruth Harrison, fl\u00fbte<\/em><\/p>\n","protected":false},"featured_media":39550,"template":"","meta":{"_acf_changed":false,"_monsterinsights_skip_tracking":false,"_monsterinsights_sitenote_active":false,"_monsterinsights_sitenote_note":"","_monsterinsights_sitenote_category":0,"_uf_show_specific_survey":0,"_uf_disable_surveys":false,"advanced_seo_description":"","jetpack_seo_html_title":"","jetpack_seo_noindex":false},"product_brand":[],"product_cat":[495],"product_tag":[395,536,537],"venue":[279,222],"class_list":{"0":"post-48538","1":"product","2":"type-product","3":"status-publish","4":"has-post-thumbnail","6":"product_cat-festival-2025-fr","7":"product_tag-concert-fr","8":"product_tag-vignoble","9":"product_tag-vin-fr","10":"venue-domaine-val-diris","11":"venue-seillans","13":"first","14":"onbackorder","15":"shipping-taxable","16":"product-type-variable"},"acf":[],"jetpack_sharing_enabled":true,"jetpack-related-posts":[{"id":48526,"url":"https:\/\/www.musique-cordiale.com\/programme-tickets\/smooth-classics-in-a-vineyard-setting-domaine-val-diris-seillans-7pm-1-august-2025\/","url_meta":{"origin":48538,"position":0},"title":"\u00ab\u00a0Delicious Classics: beloved gems from the classical repertoire\u00a0\u00bb in a vineyard setting: Domaine Val d&rsquo;Iris, Seillans, 7PM, 1 August 2025 with a light snack\/ \u00ab\u00a0dinatoire l\u00e9ger\u00a0\u00bb","author":"Jonathan Barker","date":"19\/04\/2025","format":false,"excerpt":"\"Smooth Classics\" in a vineyard setting: Domaine Val d'Iris, Seillans, 7PM, 1 August 2025 Concert of favourites through the ages - with a light 'dinatoire l\u00e9ger' (wine available too!) Concert of favourites through the ages - with a light 'dinatoire l\u00e9ger' (wine available too!) Soloists form the Musique-Cordiale Festival Orchestra\u2026","rel":"","context":"Article similaire","block_context":{"text":"Article similaire","link":""},"img":{"alt_text":"","src":"https:\/\/i0.wp.com\/www.musique-cordiale.com\/wp-content\/uploads\/2023\/05\/WhatsApp-Image-2023-01-20-at-14.57.35.jpeg?fit=1200%2C583&ssl=1&resize=350%2C200","width":350,"height":200,"srcset":"https:\/\/i0.wp.com\/www.musique-cordiale.com\/wp-content\/uploads\/2023\/05\/WhatsApp-Image-2023-01-20-at-14.57.35.jpeg?fit=1200%2C583&ssl=1&resize=350%2C200 1x, https:\/\/i0.wp.com\/www.musique-cordiale.com\/wp-content\/uploads\/2023\/05\/WhatsApp-Image-2023-01-20-at-14.57.35.jpeg?fit=1200%2C583&ssl=1&resize=525%2C300 1.5x, https:\/\/i0.wp.com\/www.musique-cordiale.com\/wp-content\/uploads\/2023\/05\/WhatsApp-Image-2023-01-20-at-14.57.35.jpeg?fit=1200%2C583&ssl=1&resize=700%2C400 2x, https:\/\/i0.wp.com\/www.musique-cordiale.com\/wp-content\/uploads\/2023\/05\/WhatsApp-Image-2023-01-20-at-14.57.35.jpeg?fit=1200%2C583&ssl=1&resize=1050%2C600 3x"},"classes":[]},{"id":21269,"url":"https:\/\/www.musique-cordiale.com\/fr\/boutique-billetterie\/garden-party-avec-le-vin-des-cineastes\/","url_meta":{"origin":48538,"position":1},"title":"&lsquo;Garden-Party&rsquo; avec le Vin des Cin\u00e9astes &#8211; classique rencontre le jazz","author":"Lyndsey","date":"04\/06\/2018","format":false,"excerpt":"Une Garden-Party avec le vin des cin\u00e9astes: \u00a0buffet l\u00e9ger et ap\u00e9ritifs en d\u00e9but de soir\u00e9e 19.00 CONCERT Classique rencontre jazz intime dans le vignoble \u00a0 apero et apeitifs de 18h\u00a0(parking ouvert de 17:45) Beethoven: Quatuor \u00e0 cordes Op. 18 n\u00b04 Mendelssohn Octet, Jonathan Martindale, violon + Jazz trio: Floris Kappeyne;\u2026","rel":"","context":"Article similaire","block_context":{"text":"Article similaire","link":""},"img":{"alt_text":"","src":"https:\/\/i0.wp.com\/www.musique-cordiale.com\/wp-content\/uploads\/2018\/01\/2017-08-07-12.33.57-edited-scaled.jpg?fit=1200%2C900&ssl=1&resize=350%2C200","width":350,"height":200,"srcset":"https:\/\/i0.wp.com\/www.musique-cordiale.com\/wp-content\/uploads\/2018\/01\/2017-08-07-12.33.57-edited-scaled.jpg?fit=1200%2C900&ssl=1&resize=350%2C200 1x, https:\/\/i0.wp.com\/www.musique-cordiale.com\/wp-content\/uploads\/2018\/01\/2017-08-07-12.33.57-edited-scaled.jpg?fit=1200%2C900&ssl=1&resize=525%2C300 1.5x, https:\/\/i0.wp.com\/www.musique-cordiale.com\/wp-content\/uploads\/2018\/01\/2017-08-07-12.33.57-edited-scaled.jpg?fit=1200%2C900&ssl=1&resize=700%2C400 2x, https:\/\/i0.wp.com\/www.musique-cordiale.com\/wp-content\/uploads\/2018\/01\/2017-08-07-12.33.57-edited-scaled.jpg?fit=1200%2C900&ssl=1&resize=1050%2C600 3x"},"classes":[]},{"id":39441,"url":"https:\/\/www.musique-cordiale.com\/fr\/boutique-billetterie\/12-august-2023-closing-festival-concert-handel-mozart-oratorios-mozart-coronation-mass\/","url_meta":{"origin":48538,"position":2},"title":"CONCERT de cl\u00f4ture du festival &#8211; Hymnes de Haendel et messe du couronnement de Mozart &#8211; avec ch\u0153ur, orchestre et solistes, 20h","author":"Jonathan Barker","date":"24\/05\/2023","format":false,"excerpt":"EN: FESTIVAL 2023: Closing concert | Mozart & Handel Oratorios, MOZART: MESSE DU COURONNEMENT \u00a0(second & final 2023 Festival performance) | Graham Ross leads the Festival Choir and Orchestra with soloists in a rendition of Mozart's Coronation Mass as a nod to Britain's recently crowned King Charles III. This final\u2026","rel":"","context":"Article similaire","block_context":{"text":"Article similaire","link":""},"img":{"alt_text":"","src":"https:\/\/i0.wp.com\/www.musique-cordiale.com\/wp-content\/uploads\/2019\/12\/WhatsApp-Image-2019-12-17-at-15.16.27.jpeg?fit=900%2C1200&ssl=1&resize=350%2C200","width":350,"height":200,"srcset":"https:\/\/i0.wp.com\/www.musique-cordiale.com\/wp-content\/uploads\/2019\/12\/WhatsApp-Image-2019-12-17-at-15.16.27.jpeg?fit=900%2C1200&ssl=1&resize=350%2C200 1x, https:\/\/i0.wp.com\/www.musique-cordiale.com\/wp-content\/uploads\/2019\/12\/WhatsApp-Image-2019-12-17-at-15.16.27.jpeg?fit=900%2C1200&ssl=1&resize=525%2C300 1.5x, https:\/\/i0.wp.com\/www.musique-cordiale.com\/wp-content\/uploads\/2019\/12\/WhatsApp-Image-2019-12-17-at-15.16.27.jpeg?fit=900%2C1200&ssl=1&resize=700%2C400 2x"},"classes":[]},{"id":44911,"url":"https:\/\/www.musique-cordiale.com\/fr\/boutique-billetterie\/concert-fund-raiser-to-launch-the-2024-festival\/","url_meta":{"origin":48538,"position":3},"title":"30 juillet 2024, 19h: Concert et &lsquo;SOIR\u00c9E MUSICALE&rsquo; pour lancer le Festival Musique-Cordiale 2024: Musique, Vin et d\u00e9licieux ap\u00e9ritif dinatoire","author":"Jonathan Barker","date":"31\/03\/2024","format":false,"excerpt":"Rebecca Hardwick, soprano | Aidan Coburn, t\u00e9nor | Rebecca Taylor, piano | Will Harris, violoncelle | James Heathcote, violoncelle | Les musiciens du Festival 2024 |Concert de Gala et D\u00eener dans le cadre champ\u00eatre du Domaine Val d\u2019Iris pour la pr\u00e9sentation de nos merveilleux artistes qui se produiront au cours\u2026","rel":"","context":"Article similaire","block_context":{"text":"Article similaire","link":""},"img":{"alt_text":"","src":"https:\/\/i0.wp.com\/www.musique-cordiale.com\/wp-content\/uploads\/2019\/03\/Van-dIris-concert-20140804_195100-scaled.jpg?fit=1200%2C675&ssl=1&resize=350%2C200","width":350,"height":200,"srcset":"https:\/\/i0.wp.com\/www.musique-cordiale.com\/wp-content\/uploads\/2019\/03\/Van-dIris-concert-20140804_195100-scaled.jpg?fit=1200%2C675&ssl=1&resize=350%2C200 1x, https:\/\/i0.wp.com\/www.musique-cordiale.com\/wp-content\/uploads\/2019\/03\/Van-dIris-concert-20140804_195100-scaled.jpg?fit=1200%2C675&ssl=1&resize=525%2C300 1.5x, https:\/\/i0.wp.com\/www.musique-cordiale.com\/wp-content\/uploads\/2019\/03\/Van-dIris-concert-20140804_195100-scaled.jpg?fit=1200%2C675&ssl=1&resize=700%2C400 2x, https:\/\/i0.wp.com\/www.musique-cordiale.com\/wp-content\/uploads\/2019\/03\/Van-dIris-concert-20140804_195100-scaled.jpg?fit=1200%2C675&ssl=1&resize=1050%2C600 3x"},"classes":[]},{"id":19838,"url":"https:\/\/www.musique-cordiale.com\/fr\/boutique-billetterie\/billet-musique-vin-et-dinatoire-classique-rencontre-le-jazz-au-vignoble-domaine-de-meaulx-claviers-lundi-6-aout-2018\/","url_meta":{"origin":48538,"position":4},"title":"Billet BALLON ROUGE: (\u00ab\u00a0Garden-Party\u00a0\u00bb musicale) &#8211; Classique rencontre le jazz au vignoble cin\u00e9astes, domaine de Meaulx, Claviers, lundi 6 ao\u00fbt 2018","author":"Jonathan Barker","date":"26\/03\/2018","format":false,"excerpt":"Collations et vins Parking et portes ouvertes \u00e0 partir de 18h - ap\u00e9ro seulement, pas de d\u00eener -rabais \"early bird\" jusqu'a 30 juin","rel":"","context":"Article similaire","block_context":{"text":"Article similaire","link":""},"img":{"alt_text":"","src":"","width":0,"height":0},"classes":[]},{"id":48310,"url":"https:\/\/www.musique-cordiale.com\/fr\/boutique-billetterie\/haydn-la-creation-avec-choeur-orchestre-et-solistes-eglise-saint-leger-seillans-10-aout-2025-19-h\/","url_meta":{"origin":48538,"position":5},"title":"Haydn \u00ab \u00ab\u00a0LA CR\u00c9ATION\u00a0\u00bb \u00bb avec ch\u0153ur, orchestre et notre incroyable programmation de solistes vocaux\u00a0: Concert de cl\u00f4ture du Festival, \u00c9glise Saint-L\u00e9ger, SEILLANS, 9 ao\u00fbt 2025, 19 h","author":"Jonathan Barker","date":"09\/04\/2025","format":false,"excerpt":"Haydn \"The Creation\" with choir, orchestra & soloists: Church of St Leger, SEILLANS, 9 August 2025, 7PM Interpr\u00e8tes\u00a0: Maestro \u2013 Graham Ross Soprano \u2013 Rebecca Hardwick Mezzo-soprano \u2013 Hannah Dienes-Williams T\u00e9nor \u2013 Aidan Coburn Baryton \u2013 Patrick Alexander Keefe Avec le Ch\u0153ur et l'Orchestre du Festival Musique-Cordiale L'oratorio retentissant de\u2026","rel":"","context":"Article similaire","block_context":{"text":"Article similaire","link":""},"img":{"alt_text":"","src":"https:\/\/i0.wp.com\/www.musique-cordiale.com\/wp-content\/uploads\/2025\/04\/from-the-little-book-of-Paddy-Lovely.jpg?fit=1200%2C866&ssl=1&resize=350%2C200","width":350,"height":200,"srcset":"https:\/\/i0.wp.com\/www.musique-cordiale.com\/wp-content\/uploads\/2025\/04\/from-the-little-book-of-Paddy-Lovely.jpg?fit=1200%2C866&ssl=1&resize=350%2C200 1x, https:\/\/i0.wp.com\/www.musique-cordiale.com\/wp-content\/uploads\/2025\/04\/from-the-little-book-of-Paddy-Lovely.jpg?fit=1200%2C866&ssl=1&resize=525%2C300 1.5x, https:\/\/i0.wp.com\/www.musique-cordiale.com\/wp-content\/uploads\/2025\/04\/from-the-little-book-of-Paddy-Lovely.jpg?fit=1200%2C866&ssl=1&resize=700%2C400 2x, https:\/\/i0.wp.com\/www.musique-cordiale.com\/wp-content\/uploads\/2025\/04\/from-the-little-book-of-Paddy-Lovely.jpg?fit=1200%2C866&ssl=1&resize=1050%2C600 3x"},"classes":[]}],"_links":{"self":[{"href":"https:\/\/www.musique-cordiale.com\/fr\/wp-json\/wp\/v2\/product\/48538","targetHints":{"allow":["GET"]}}],"collection":[{"href":"https:\/\/www.musique-cordiale.com\/fr\/wp-json\/wp\/v2\/product"}],"about":[{"href":"https:\/\/www.musique-cordiale.com\/fr\/wp-json\/wp\/v2\/types\/product"}],"wp:featuredmedia":[{"embeddable":true,"href":"https:\/\/www.musique-cordiale.com\/fr\/wp-json\/wp\/v2\/media\/39550"}],"wp:attachment":[{"href":"https:\/\/www.musique-cordiale.com\/fr\/wp-json\/wp\/v2\/media?parent=48538"}],"wp:term":[{"taxonomy":"product_brand","embeddable":true,"href":"https:\/\/www.musique-cordiale.com\/fr\/wp-json\/wp\/v2\/product_brand?post=48538"},{"taxonomy":"product_cat","embeddable":true,"href":"https:\/\/www.musique-cordiale.com\/fr\/wp-json\/wp\/v2\/product_cat?post=48538"},{"taxonomy":"product_tag","embeddable":true,"href":"https:\/\/www.musique-cordiale.com\/fr\/wp-json\/wp\/v2\/product_tag?post=48538"},{"taxonomy":"venue","embeddable":true,"href":"https:\/\/www.musique-cordiale.com\/fr\/wp-json\/wp\/v2\/venue?post=48538"}],"curies":[{"name":"wp","href":"https:\/\/api.w.org\/{rel}","templated":true}]}}