{"id":48557,"date":"2025-04-07T19:00:40","date_gmt":"2025-04-07T19:00:40","guid":{"rendered":"https:\/\/www.musique-cordiale.com\/programme-tickets\/isla-jetse-are-back-jazz-popular-songs-with-a-french-accent-bring-a-picnic-to-the-lovely-musical-scene-at-the-old-station-in-seillans-9pm-7-august-2025\/"},"modified":"2025-08-07T08:48:35","modified_gmt":"2025-08-07T08:48:35","slug":"isla-jetse-are-back-jazz-popular-songs-with-a-french-accent-bring-a-picnic-to-the-lovely-musical-scene-at-the-old-station-in-seillans-9pm-7-august-2025","status":"publish","type":"product","link":"https:\/\/www.musique-cordiale.com\/fr\/boutique-billetterie\/isla-jetse-are-back-jazz-popular-songs-with-a-french-accent-bring-a-picnic-to-the-lovely-musical-scene-at-the-old-station-in-seillans-9pm-7-august-2025\/","title":{"rendered":"Isla et Jetse sont de retour ! Jazz et chansons populaires avec un accent fran\u00e7ais : venez pique-niquer sur la charmante nouvelle sc\u00e8ne musicale de l&rsquo;ancienne gare de Seillans, le 7 ao\u00fbt 2025 \u00e0 21h."},"content":{"rendered":"<p><strong>Isla van Hout<\/strong> est de retour, accompagn\u00e9e par l&rsquo;incroyable pianiste de jazz et de boogie-woogie, <strong>Jetse de Jong &#8211; \u00e0 la demande g\u00e9n\u00e9rale de notre public de Seillans\u00a0! <\/strong><em>D\u00e9tails du programme \u00e0 suivre!Ce fabuleux duo s&rsquo;est produit pour la derni\u00e8re fois \u00e0 Musique-Cordiale en 2019 &#8211; avec beaucoup d&rsquo;\u00e9loges ! <\/em><\/p>\n","protected":false},"excerpt":{"rendered":"<p>Isla van Hout is back, accompanied by the amazing jazz and boogie-woogie pianist, Jetse de Jong &#8211; by popular request from our audiences in Seillans!<\/p>\n<p>Gates open from 7:30PM: concerts begins 9PM. <strong>Bring your drinks and picnic and enjoy time with your friends in the ground before the concert and during the interval<\/strong>. The equivalent event was very popular last year at La Gare (and the performers were brilliant and specially-remembered from their poplar event below the chateau in Le Valat a few years (too long) ago! PROGRAMME to be announced here soon: book early to avoid disappointment!<\/p>\n","protected":false},"featured_media":48613,"template":"","meta":{"_acf_changed":false,"_monsterinsights_skip_tracking":false,"_monsterinsights_sitenote_active":false,"_monsterinsights_sitenote_note":"","_monsterinsights_sitenote_category":0,"_uf_show_specific_survey":0,"_uf_disable_surveys":false,"advanced_seo_description":"","jetpack_seo_html_title":"","jetpack_seo_noindex":false},"product_brand":[],"product_cat":[275,495,542,225],"product_tag":[544,219,546,545,395,286,562,543,561],"venue":[485,222],"class_list":{"0":"post-48557","1":"product","2":"type-product","3":"status-publish","4":"has-post-thumbnail","6":"product_cat-billet-varies-fr","7":"product_cat-festival-2025-fr","8":"product_cat-jazz-fr","9":"product_cat-uncategorized-fr","10":"product_tag-ancienne-gare","11":"product_tag-billet-fr","12":"product_tag-boogie-woogie-fr","13":"product_tag-chanson-francaise","14":"product_tag-concert-fr","15":"product_tag-jazz-ticket-billet","16":"product_tag-piano-fr","17":"product_tag-pique-nique","18":"product_tag-voix-fr","19":"venue-la-nouvelle-scene-de-lancienne-gare-de-seillans-en-plein-air","20":"venue-seillans","22":"first","23":"instock","24":"shipping-taxable","25":"purchasable","26":"product-type-variable"},"acf":[],"jetpack_sharing_enabled":true,"jetpack-related-posts":[{"id":48552,"url":"https:\/\/www.musique-cordiale.com\/programme-tickets\/isla-jetse-are-back-jazz-popular-songs-with-a-french-accent-bring-a-picnic-to-the-lovely-new-musical-scene-at-the-old-station-in-seillans-9pm-7-august-2025\/","url_meta":{"origin":48557,"position":0},"title":"Isla &#038; Jetse are back! Jazz &#038; popular songs with a French accent &#8211; bring a picnic to the lovely new musical scene at the old Station in Seillans, 9PM 7 August 2025","author":"Jonathan Barker","date":"07\/04\/2025","format":false,"excerpt":"Isla van Hout is back, accompanied by the amazing jazz and boogie-woogie pianist, Jetse de Jong - by popular request from our audiences in Seillans! Gates open from 7:30PM: concerts begins 9PM. Bring your drinks and picnic and enjoy time with your friends in the ground before the concert and\u2026","rel":"","context":"Article similaire","block_context":{"text":"Article similaire","link":""},"img":{"alt_text":"","src":"https:\/\/i0.wp.com\/www.musique-cordiale.com\/wp-content\/uploads\/2025\/04\/WhatsApp-Image-2025-04-22-at-14.37.37_8ee7f22c-Jetse-and-Isla-2025.jpg?fit=1200%2C653&ssl=1&resize=350%2C200","width":350,"height":200,"srcset":"https:\/\/i0.wp.com\/www.musique-cordiale.com\/wp-content\/uploads\/2025\/04\/WhatsApp-Image-2025-04-22-at-14.37.37_8ee7f22c-Jetse-and-Isla-2025.jpg?fit=1200%2C653&ssl=1&resize=350%2C200 1x, https:\/\/i0.wp.com\/www.musique-cordiale.com\/wp-content\/uploads\/2025\/04\/WhatsApp-Image-2025-04-22-at-14.37.37_8ee7f22c-Jetse-and-Isla-2025.jpg?fit=1200%2C653&ssl=1&resize=525%2C300 1.5x, https:\/\/i0.wp.com\/www.musique-cordiale.com\/wp-content\/uploads\/2025\/04\/WhatsApp-Image-2025-04-22-at-14.37.37_8ee7f22c-Jetse-and-Isla-2025.jpg?fit=1200%2C653&ssl=1&resize=700%2C400 2x, https:\/\/i0.wp.com\/www.musique-cordiale.com\/wp-content\/uploads\/2025\/04\/WhatsApp-Image-2025-04-22-at-14.37.37_8ee7f22c-Jetse-and-Isla-2025.jpg?fit=1200%2C653&ssl=1&resize=1050%2C600 3x"},"classes":[]},{"id":23301,"url":"https:\/\/www.musique-cordiale.com\/programme-tickets\/billet-soiree-de-jazz-et-classique-en-pleine-aire-saturday-10-august-2019-place-du-valat-seillans\/","url_meta":{"origin":48557,"position":1},"title":"TICKET: Soir\u00e9e de Jazz et Cross-over Classics en pleine aire, Saturday 10 August 2019, Place du Valat, Seillans","author":"Jonathan Barker","date":"26\/03\/2019","format":false,"excerpt":"Samedi 10 ao\u00fbt 21.00 Seillans Place du Valat Soir\u00e9e de Jazz et Cross-over Classics - en pleine aire MOZART Quintette pour piano et vents \"It don't mean a thing if it ain't got that swing\" (Jetse de Jong \u00a0- piano - avec Isla van Hout - voix)","rel":"","context":"Article similaire","block_context":{"text":"Article similaire","link":""},"img":{"alt_text":"","src":"https:\/\/i0.wp.com\/www.musique-cordiale.com\/wp-content\/uploads\/2019\/03\/CQ4A4060-scaled.jpg?fit=1200%2C770&ssl=1&resize=350%2C200","width":350,"height":200,"srcset":"https:\/\/i0.wp.com\/www.musique-cordiale.com\/wp-content\/uploads\/2019\/03\/CQ4A4060-scaled.jpg?fit=1200%2C770&ssl=1&resize=350%2C200 1x, https:\/\/i0.wp.com\/www.musique-cordiale.com\/wp-content\/uploads\/2019\/03\/CQ4A4060-scaled.jpg?fit=1200%2C770&ssl=1&resize=525%2C300 1.5x, https:\/\/i0.wp.com\/www.musique-cordiale.com\/wp-content\/uploads\/2019\/03\/CQ4A4060-scaled.jpg?fit=1200%2C770&ssl=1&resize=700%2C400 2x, https:\/\/i0.wp.com\/www.musique-cordiale.com\/wp-content\/uploads\/2019\/03\/CQ4A4060-scaled.jpg?fit=1200%2C770&ssl=1&resize=1050%2C600 3x"},"classes":[]},{"id":23304,"url":"https:\/\/www.musique-cordiale.com\/fr\/boutique-billetterie\/billet-soiree-de-jazz-et-classique-en-pleine-aire-saturday-10-august-2019-place-du-valat-seillans\/","url_meta":{"origin":48557,"position":2},"title":"BILLET: Soir\u00e9e de Jazz et Cross-over Classics en pleine aire, samedi 10 ao\u00fbt 2019, Place du Valat, Seillans","author":"Jonathan Barker","date":"26\/03\/2019","format":false,"excerpt":"Samedi 10 ao\u00fbt 21.00 Seillans Place du Valat Soir\u00e9e de Jazz et Cross-over Classics - en pleine aire MOZART Quintette pour piano et vents \"It don't mean a thing if it ain't got that swing\" (Jetse de Jong \u00a0- piano - avec Isla van Hout - voix)","rel":"","context":"Article similaire","block_context":{"text":"Article similaire","link":""},"img":{"alt_text":"","src":"https:\/\/i0.wp.com\/www.musique-cordiale.com\/wp-content\/uploads\/2019\/03\/CQ4A4060-scaled.jpg?fit=1200%2C770&ssl=1&resize=350%2C200","width":350,"height":200,"srcset":"https:\/\/i0.wp.com\/www.musique-cordiale.com\/wp-content\/uploads\/2019\/03\/CQ4A4060-scaled.jpg?fit=1200%2C770&ssl=1&resize=350%2C200 1x, https:\/\/i0.wp.com\/www.musique-cordiale.com\/wp-content\/uploads\/2019\/03\/CQ4A4060-scaled.jpg?fit=1200%2C770&ssl=1&resize=525%2C300 1.5x, https:\/\/i0.wp.com\/www.musique-cordiale.com\/wp-content\/uploads\/2019\/03\/CQ4A4060-scaled.jpg?fit=1200%2C770&ssl=1&resize=700%2C400 2x, https:\/\/i0.wp.com\/www.musique-cordiale.com\/wp-content\/uploads\/2019\/03\/CQ4A4060-scaled.jpg?fit=1200%2C770&ssl=1&resize=1050%2C600 3x"},"classes":[]},{"id":48771,"url":"https:\/\/www.musique-cordiale.com\/programme-tickets\/6pm-on-the-6th-free-early-evening-concert-amsterdam-jazz-in-the-cool-of-chapelle-saint-donat-below-callian-wed-6-august\/","url_meta":{"origin":48557,"position":3},"title":"GRATUIT &#8211; FREE &#038; FUN! early evening CONCERT: Amsterdam Jazz, in the cool of Chapelle Saint-Donat below Callian, Tue 5 August","author":"Jonathan Barker","date":"28\/04\/2025","format":false,"excerpt":"Isla Van Hout, with her silky voice, & Jetse de Jong, exhibiting speed, versatility and talent on the piano, with an exciting pre-dinner 'FREE SAMPLE' of what they will also offer on a big stage the next day in Seillans. Like last year, this FREE JAZZ CONCERT will prove to\u2026","rel":"","context":"Article similaire","block_context":{"text":"Article similaire","link":""},"img":{"alt_text":"","src":"https:\/\/i0.wp.com\/www.musique-cordiale.com\/wp-content\/uploads\/2025\/04\/WhatsApp-Image-2025-05-06-at-14.30.08_cbd15dc5-Jetse-Isla-2.jpg?fit=1200%2C524&ssl=1&resize=350%2C200","width":350,"height":200,"srcset":"https:\/\/i0.wp.com\/www.musique-cordiale.com\/wp-content\/uploads\/2025\/04\/WhatsApp-Image-2025-05-06-at-14.30.08_cbd15dc5-Jetse-Isla-2.jpg?fit=1200%2C524&ssl=1&resize=350%2C200 1x, https:\/\/i0.wp.com\/www.musique-cordiale.com\/wp-content\/uploads\/2025\/04\/WhatsApp-Image-2025-05-06-at-14.30.08_cbd15dc5-Jetse-Isla-2.jpg?fit=1200%2C524&ssl=1&resize=525%2C300 1.5x, https:\/\/i0.wp.com\/www.musique-cordiale.com\/wp-content\/uploads\/2025\/04\/WhatsApp-Image-2025-05-06-at-14.30.08_cbd15dc5-Jetse-Isla-2.jpg?fit=1200%2C524&ssl=1&resize=700%2C400 2x, https:\/\/i0.wp.com\/www.musique-cordiale.com\/wp-content\/uploads\/2025\/04\/WhatsApp-Image-2025-05-06-at-14.30.08_cbd15dc5-Jetse-Isla-2.jpg?fit=1200%2C524&ssl=1&resize=1050%2C600 3x"},"classes":[]},{"id":48773,"url":"https:\/\/www.musique-cordiale.com\/fr\/boutique-billetterie\/6-heures-le-6-concert-gratuit-en-debut-de-soiree-amsterdam-jazz-dans-la-fraicheur-de-la-chapelle-saint-donat-en-contrebas-de-callian-mercredi-6-aout-18h\/","url_meta":{"origin":48557,"position":4},"title":"FREE &#038; FUN! CONCERT GRATUIT ET AMUSANT en d\u00e9but de soir\u00e9e : Amsterdam Jazz, dans la fra\u00eecheur de la Chapelle Saint-Donat, en contrebas de Callian, jeudi 5 ao\u00fbt, 18h","author":"Jonathan Barker","date":"28\/04\/2025","format":false,"excerpt":"Isla Van Hout, \u00e0 la voix suave, et Jetse de Jong, qui font preuve de rapidit\u00e9, de polyvalence et de talent au piano, avec un \u00ab\u00a0EXTRAIT GRATUIT\u00a0\u00bb avant le d\u00eener, avant de d\u00e9couvrir ce qu'elles proposeront \u00e9galement sur une grande sc\u00e8ne le lendemain \u00e0 Seillans. Comme l'ann\u00e9e derni\u00e8re, ce CONCERT\u2026","rel":"","context":"Article similaire","block_context":{"text":"Article similaire","link":""},"img":{"alt_text":"","src":"https:\/\/i0.wp.com\/www.musique-cordiale.com\/wp-content\/uploads\/2025\/04\/WhatsApp-Image-2025-05-06-at-14.30.08_cbd15dc5-Jetse-Isla-2.jpg?fit=1200%2C524&ssl=1&resize=350%2C200","width":350,"height":200,"srcset":"https:\/\/i0.wp.com\/www.musique-cordiale.com\/wp-content\/uploads\/2025\/04\/WhatsApp-Image-2025-05-06-at-14.30.08_cbd15dc5-Jetse-Isla-2.jpg?fit=1200%2C524&ssl=1&resize=350%2C200 1x, https:\/\/i0.wp.com\/www.musique-cordiale.com\/wp-content\/uploads\/2025\/04\/WhatsApp-Image-2025-05-06-at-14.30.08_cbd15dc5-Jetse-Isla-2.jpg?fit=1200%2C524&ssl=1&resize=525%2C300 1.5x, https:\/\/i0.wp.com\/www.musique-cordiale.com\/wp-content\/uploads\/2025\/04\/WhatsApp-Image-2025-05-06-at-14.30.08_cbd15dc5-Jetse-Isla-2.jpg?fit=1200%2C524&ssl=1&resize=700%2C400 2x, https:\/\/i0.wp.com\/www.musique-cordiale.com\/wp-content\/uploads\/2025\/04\/WhatsApp-Image-2025-05-06-at-14.30.08_cbd15dc5-Jetse-Isla-2.jpg?fit=1200%2C524&ssl=1&resize=1050%2C600 3x"},"classes":[]},{"id":20312,"url":"https:\/\/www.musique-cordiale.com\/programme-tickets\/vendredi-late-concert\/","url_meta":{"origin":48557,"position":5},"title":"&lsquo;Vendredi LATE&rsquo; concert: Jazz special: piano and vocals","author":"Jonathan Barker","date":"16\/04\/2018","format":false,"excerpt":"Floris Kappeyne,\u00a0piano Isla van Hout,\u00a0voix Tijs Klaassen,\u00a0contrebasse Wouter K\u00fchne,\u00a0percussion","rel":"","context":"Article similaire","block_context":{"text":"Article similaire","link":""},"img":{"alt_text":"","src":"https:\/\/i0.wp.com\/www.musique-cordiale.com\/wp-content\/uploads\/2018\/03\/MC2018-Isla-van-Hout.jpg?fit=1152%2C896&ssl=1&resize=350%2C200","width":350,"height":200,"srcset":"https:\/\/i0.wp.com\/www.musique-cordiale.com\/wp-content\/uploads\/2018\/03\/MC2018-Isla-van-Hout.jpg?fit=1152%2C896&ssl=1&resize=350%2C200 1x, https:\/\/i0.wp.com\/www.musique-cordiale.com\/wp-content\/uploads\/2018\/03\/MC2018-Isla-van-Hout.jpg?fit=1152%2C896&ssl=1&resize=525%2C300 1.5x, https:\/\/i0.wp.com\/www.musique-cordiale.com\/wp-content\/uploads\/2018\/03\/MC2018-Isla-van-Hout.jpg?fit=1152%2C896&ssl=1&resize=700%2C400 2x, https:\/\/i0.wp.com\/www.musique-cordiale.com\/wp-content\/uploads\/2018\/03\/MC2018-Isla-van-Hout.jpg?fit=1152%2C896&ssl=1&resize=1050%2C600 3x"},"classes":[]}],"_links":{"self":[{"href":"https:\/\/www.musique-cordiale.com\/fr\/wp-json\/wp\/v2\/product\/48557","targetHints":{"allow":["GET"]}}],"collection":[{"href":"https:\/\/www.musique-cordiale.com\/fr\/wp-json\/wp\/v2\/product"}],"about":[{"href":"https:\/\/www.musique-cordiale.com\/fr\/wp-json\/wp\/v2\/types\/product"}],"wp:featuredmedia":[{"embeddable":true,"href":"https:\/\/www.musique-cordiale.com\/fr\/wp-json\/wp\/v2\/media\/48613"}],"wp:attachment":[{"href":"https:\/\/www.musique-cordiale.com\/fr\/wp-json\/wp\/v2\/media?parent=48557"}],"wp:term":[{"taxonomy":"product_brand","embeddable":true,"href":"https:\/\/www.musique-cordiale.com\/fr\/wp-json\/wp\/v2\/product_brand?post=48557"},{"taxonomy":"product_cat","embeddable":true,"href":"https:\/\/www.musique-cordiale.com\/fr\/wp-json\/wp\/v2\/product_cat?post=48557"},{"taxonomy":"product_tag","embeddable":true,"href":"https:\/\/www.musique-cordiale.com\/fr\/wp-json\/wp\/v2\/product_tag?post=48557"},{"taxonomy":"venue","embeddable":true,"href":"https:\/\/www.musique-cordiale.com\/fr\/wp-json\/wp\/v2\/venue?post=48557"}],"curies":[{"name":"wp","href":"https:\/\/api.w.org\/{rel}","templated":true}]}}