{"id":48587,"date":"2025-04-21T21:08:32","date_gmt":"2025-04-21T21:08:32","guid":{"rendered":"https:\/\/www.musique-cordiale.com\/programme-tickets\/8-aout-2025-concerts-a-12h30-eglise-de-seillans-a-capella-anniversaires-a-travers-les-ages-et-a-19h-eglise-de-st-paul-en-foret-le-virtuose\/"},"modified":"2025-04-23T21:37:04","modified_gmt":"2025-04-23T21:37:04","slug":"8-aout-2025-concerts-a-12h30-eglise-de-seillans-a-capella-anniversaires-a-travers-les-ages-et-a-19h-eglise-de-st-paul-en-foret-le-virtuose","status":"publish","type":"product","link":"https:\/\/www.musique-cordiale.com\/fr\/boutique-billetterie\/8-aout-2025-concerts-a-12h30-eglise-de-seillans-a-capella-anniversaires-a-travers-les-ages-et-a-19h-eglise-de-st-paul-en-foret-le-virtuose\/","title":{"rendered":"&lsquo;A Cappella&rsquo; : Anniversaires \u00e0 travers les \u00e2ges, D\u00e9licieux CONCERT CHORAL GRATUIT \u00e0 l&rsquo;\u00c9GLISE DE SEILLANS, le 8 ao\u00fbt 2025, 12h30"},"content":{"rendered":"<p><strong>D\u00e9licieux concert choral a cappella &#8211; \u00ab\u00a02025\u00a0: Anniversaires \u00e0 travers les \u00e2ges\u00a0\u00bb, <\/p>\n<p>\u00c9glise de SEILLANS, 12h30<\/strong><\/p>\n<p>o Palestrina &#8211; Sicut Cervus<br \/>\no Blitheman &#8211; In Pace<br \/>\no Gibbons &#8211; O Clap Your Hands<br \/>\no Scarlatti &#8211; Exulate Deo<br \/>\no Coleridge-Taylor &#8211; All My Stars Forsake Me<br \/>\no Bennett &#8211; Come Live With Me<br \/>\no Satie &#8211; Gymnopedie No 1<\/p>\n<p>INTERPR\u00c8TES\u00a0:<\/p>\n<p>Ch\u0153ur du Festival Musique-Cordiale, direction: Graham Ross<\/p>\n<p><\/><\/p>\n","protected":false},"excerpt":{"rendered":"<p><strong>D\u00e9licieux concert choral a cappella &#8211; \u00ab\u00a02025\u00a0: Anniversaires \u00e0 travers les \u00e2ges\u00a0\u00bb <\/p>\n<p>\u00c9glise de SEILLANS, 12h30<\/strong><\/p>\n<p>o Palestrina &#8211; Sicut Cervus<br \/>\no Blitheman &#8211; In Pace<br \/>\no Gibbons &#8211; O Clap Your Hands<br \/>\no Scarlatti &#8211; Exulate Deo<br \/>\no Coleridge-Taylor &#8211; All My Stars Forsake Me<br \/>\no Bennett &#8211; Come Live With Me<br \/>\no Satie &#8211; Gymnopedie No 1<\/p>\n<p>INTERPR\u00c8TES\u00a0:<\/p>\n<p>Ch\u0153ur du Festival Musique-Cordiale, direction: Graham Ross <\/p>\n<p><\/><\/p>\n","protected":false},"featured_media":48653,"template":"","meta":{"_acf_changed":false,"_monsterinsights_skip_tracking":false,"_monsterinsights_sitenote_active":false,"_monsterinsights_sitenote_note":"","_monsterinsights_sitenote_category":0,"_uf_show_specific_survey":0,"_uf_disable_surveys":false,"advanced_seo_description":"","jetpack_seo_html_title":"","jetpack_seo_noindex":false},"product_brand":[],"product_cat":[495],"product_tag":[219,469,470,395,281],"venue":[145,222],"class_list":{"0":"post-48587","1":"product","2":"type-product","3":"status-publish","4":"has-post-thumbnail","6":"product_cat-festival-2025-fr","7":"product_tag-billet-fr","8":"product_tag-choeur-fr-2","9":"product_tag-choral-fr","10":"product_tag-concert-fr","11":"product_tag-ticket-fr","12":"venue-eglise-saint-leger","13":"venue-seillans","15":"first","16":"instock","17":"virtual","18":"purchasable","19":"product-type-simple"},"acf":[],"jetpack_sharing_enabled":true,"jetpack-related-posts":[{"id":48584,"url":"https:\/\/www.musique-cordiale.com\/programme-tickets\/8-august-2025-concerts-at-1230pm-seillans-church-a-capella-anniversaries-through-the-ages-at-7pm-church-st-paul-en-foret-the-virtuoso\/","url_meta":{"origin":48587,"position":0},"title":"&lsquo;A Cappella&rsquo;: Anniversaries through the ages, Delightful FREE CHORAL CONCERT in SEILLANS CHURCH, 8 August 2025, 12:30PM","author":"Jonathan Barker","date":"21\/04\/2025","format":false,"excerpt":"Delightful 'A Cappella' Choral Concert - \"2025: Anniversaries through the Ages\" SEILLANS Church, 12h30 Free entry: no tickets required for this concert o Palestrina - Sicut Cervus o Blitheman - In Pace o Gibbons - O Clap Your Hands o Scarlatti - Exulate Deo o Coleridge-Taylor - All My Stars\u2026","rel":"","context":"Article similaire","block_context":{"text":"Article similaire","link":""},"img":{"alt_text":"","src":"https:\/\/i0.wp.com\/www.musique-cordiale.com\/wp-content\/uploads\/2025\/04\/IMG-20250423-WA00151-choir-rehearsal-2024.jpg?fit=1200%2C469&ssl=1&resize=350%2C200","width":350,"height":200,"srcset":"https:\/\/i0.wp.com\/www.musique-cordiale.com\/wp-content\/uploads\/2025\/04\/IMG-20250423-WA00151-choir-rehearsal-2024.jpg?fit=1200%2C469&ssl=1&resize=350%2C200 1x, https:\/\/i0.wp.com\/www.musique-cordiale.com\/wp-content\/uploads\/2025\/04\/IMG-20250423-WA00151-choir-rehearsal-2024.jpg?fit=1200%2C469&ssl=1&resize=525%2C300 1.5x, https:\/\/i0.wp.com\/www.musique-cordiale.com\/wp-content\/uploads\/2025\/04\/IMG-20250423-WA00151-choir-rehearsal-2024.jpg?fit=1200%2C469&ssl=1&resize=700%2C400 2x, https:\/\/i0.wp.com\/www.musique-cordiale.com\/wp-content\/uploads\/2025\/04\/IMG-20250423-WA00151-choir-rehearsal-2024.jpg?fit=1200%2C469&ssl=1&resize=1050%2C600 3x"},"classes":[]},{"id":39431,"url":"https:\/\/www.musique-cordiale.com\/fr\/boutique-billetterie\/11-august-2023festival-choral-a-tourettes-concert-choral-a-cappella\/","url_meta":{"origin":48587,"position":1},"title":"\u00ab\u00a0FESTIVAL\u00a0CHORAL\u00a0\u00c0 TOURRETTES\u00a0\u00bb : Concert choral et instrumental &#8211; a cappella et plus","author":"Jonathan Barker","date":"25\/05\/2023","format":false,"excerpt":"FESTIVAL CHORAL \u00c0 TOURRETTES | Concert choral a cappella, dirig\u00e9 par Graham Ross et accompagn\u00e9 par la pianiste Rebecca Taylor avec un interm\u00e8de instrumental solo, comprenant un r\u00e9pertoire de Purcell, Elgar, Schubert, Walton, Harris Rutter et Mozart.","rel":"","context":"Article similaire","block_context":{"text":"Article similaire","link":""},"img":{"alt_text":"","src":"https:\/\/i0.wp.com\/www.musique-cordiale.com\/wp-content\/uploads\/2018\/02\/MC-choristes.jpg?fit=562%2C300&ssl=1&resize=350%2C200","width":350,"height":200,"srcset":"https:\/\/i0.wp.com\/www.musique-cordiale.com\/wp-content\/uploads\/2018\/02\/MC-choristes.jpg?fit=562%2C300&ssl=1&resize=350%2C200 1x, https:\/\/i0.wp.com\/www.musique-cordiale.com\/wp-content\/uploads\/2018\/02\/MC-choristes.jpg?fit=562%2C300&ssl=1&resize=525%2C300 1.5x"},"classes":[]},{"id":39252,"url":"https:\/\/www.musique-cordiale.com\/programme-tickets\/11-august-2023festival-choral-a-tourettes-concert-choral-a-cappella\/","url_meta":{"origin":48587,"position":2},"title":"Evening of choral &#038; instrumental music \u00ab\u00a0FESTIVAL\u00a0CHORAL\u00a0\u00bb\u00a0\u00c0 TOURRETTES &#8211; a cappella &#038; more! 20h","author":"Jonathan Barker","date":"25\/05\/2023","format":false,"excerpt":"FESTIVAL CHORAL \u00c0 TOURRETTES | Concert choral a cappella - with soloists, dirig\u00e9 par Graham Ross et accompagn\u00e9 par la pianiste Rebecca Taylor\u00a0 - avec un interm\u00e8de instrumental solo, comprenant un r\u00e9pertoire de Purcell, Elgar, Schubert, Walton, Harris Rutter et Mozart - with Trumpet & string quartet","rel":"","context":"Article similaire","block_context":{"text":"Article similaire","link":""},"img":{"alt_text":"","src":"https:\/\/i0.wp.com\/www.musique-cordiale.com\/wp-content\/uploads\/2018\/02\/MC-choristes.jpg?fit=562%2C300&ssl=1&resize=350%2C200","width":350,"height":200,"srcset":"https:\/\/i0.wp.com\/www.musique-cordiale.com\/wp-content\/uploads\/2018\/02\/MC-choristes.jpg?fit=562%2C300&ssl=1&resize=350%2C200 1x, https:\/\/i0.wp.com\/www.musique-cordiale.com\/wp-content\/uploads\/2018\/02\/MC-choristes.jpg?fit=562%2C300&ssl=1&resize=525%2C300 1.5x"},"classes":[]},{"id":19866,"url":"https:\/\/www.musique-cordiale.com\/fr\/boutique-billetterie\/billet-fete-allemande-des-voix-chorales-a-cappella-de-bach-schutz-seillans-10-aout-2018\/","url_meta":{"origin":48587,"position":3},"title":"F\u00eate allemande des voix chorales: \u00abA cappella\u00bb de Bach &#038; Schutz","author":"Jonathan Barker","date":"26\/03\/2018","format":false,"excerpt":"Concert a cappella: A German Feast of Choral Voices Choeur du Festival Musique Cordiale Direction: Graham Ross J S Bach \u201cJesu meine Freude\u201d Schutz Deutsches Magnificat Schutz\u00a0\u201cHerr, nun l\u00e4ssest du deinen Diener\u201d Bach \u201cLobet den Herrn\u201d","rel":"","context":"Article similaire","block_context":{"text":"Article similaire","link":""},"img":{"alt_text":"","src":"https:\/\/i0.wp.com\/www.musique-cordiale.com\/wp-content\/uploads\/2011\/03\/MC-choir-2017-scaled.jpg?fit=1200%2C510&ssl=1&resize=350%2C200","width":350,"height":200,"srcset":"https:\/\/i0.wp.com\/www.musique-cordiale.com\/wp-content\/uploads\/2011\/03\/MC-choir-2017-scaled.jpg?fit=1200%2C510&ssl=1&resize=350%2C200 1x, https:\/\/i0.wp.com\/www.musique-cordiale.com\/wp-content\/uploads\/2011\/03\/MC-choir-2017-scaled.jpg?fit=1200%2C510&ssl=1&resize=525%2C300 1.5x, https:\/\/i0.wp.com\/www.musique-cordiale.com\/wp-content\/uploads\/2011\/03\/MC-choir-2017-scaled.jpg?fit=1200%2C510&ssl=1&resize=700%2C400 2x, https:\/\/i0.wp.com\/www.musique-cordiale.com\/wp-content\/uploads\/2011\/03\/MC-choir-2017-scaled.jpg?fit=1200%2C510&ssl=1&resize=1050%2C600 3x"},"classes":[]},{"id":19853,"url":"https:\/\/www.musique-cordiale.com\/programme-tickets\/billet-a-german-feast-of-choral-voices-a-cappella-works-of-bach-schutz-seillans-10-august-2018\/","url_meta":{"origin":48587,"position":4},"title":"A German Feast of choral voices: &lsquo;A cappella&rsquo; works of Bach &#038; Schutz","author":"Jonathan Barker","date":"26\/03\/2018","format":false,"excerpt":"Concert a cappella: A German Feast of Choral Voices Direction: Graham Ross J S Bach \u201cJesu meine Freude\u201d Schutz Deutsches Magnificat Schutz\u00a0\u201cHerr, nun l\u00e4ssest du deinen Diener\u201d Bach \u201cLobet den Herrn\u201d","rel":"","context":"Article similaire","block_context":{"text":"Article similaire","link":""},"img":{"alt_text":"","src":"https:\/\/i0.wp.com\/www.musique-cordiale.com\/wp-content\/uploads\/2011\/03\/MC-choir-2017-scaled.jpg?fit=1200%2C510&ssl=1&resize=350%2C200","width":350,"height":200,"srcset":"https:\/\/i0.wp.com\/www.musique-cordiale.com\/wp-content\/uploads\/2011\/03\/MC-choir-2017-scaled.jpg?fit=1200%2C510&ssl=1&resize=350%2C200 1x, https:\/\/i0.wp.com\/www.musique-cordiale.com\/wp-content\/uploads\/2011\/03\/MC-choir-2017-scaled.jpg?fit=1200%2C510&ssl=1&resize=525%2C300 1.5x, https:\/\/i0.wp.com\/www.musique-cordiale.com\/wp-content\/uploads\/2011\/03\/MC-choir-2017-scaled.jpg?fit=1200%2C510&ssl=1&resize=700%2C400 2x, https:\/\/i0.wp.com\/www.musique-cordiale.com\/wp-content\/uploads\/2011\/03\/MC-choir-2017-scaled.jpg?fit=1200%2C510&ssl=1&resize=1050%2C600 3x"},"classes":[]},{"id":23225,"url":"https:\/\/www.musique-cordiale.com\/programme-tickets\/a-german-feast-of-choral-voices-a-cappella-works-of-bach-schutz\/","url_meta":{"origin":48587,"position":5},"title":"A German Feast of choral voices: &lsquo;A cappella&rsquo; works of Bach &#038; Schutz","author":"Jonathan Barker","date":"26\/03\/2019","format":false,"excerpt":"Concert a cappella: A German Feast of Choral Voices Direction: Graham Ross J S Bach \u201cJesu meine Freude\u201d Schutz Deutsches Magnificat Schutz\u00a0\u201cHerr, nun l\u00e4ssest du deinen Diener\u201d Bach \u201cLobet den Herrn\u201d","rel":"","context":"Article similaire","block_context":{"text":"Article similaire","link":""},"img":{"alt_text":"","src":"https:\/\/i0.wp.com\/www.musique-cordiale.com\/wp-content\/uploads\/2011\/03\/MC-choir-2017-scaled.jpg?fit=1200%2C510&ssl=1&resize=350%2C200","width":350,"height":200,"srcset":"https:\/\/i0.wp.com\/www.musique-cordiale.com\/wp-content\/uploads\/2011\/03\/MC-choir-2017-scaled.jpg?fit=1200%2C510&ssl=1&resize=350%2C200 1x, https:\/\/i0.wp.com\/www.musique-cordiale.com\/wp-content\/uploads\/2011\/03\/MC-choir-2017-scaled.jpg?fit=1200%2C510&ssl=1&resize=525%2C300 1.5x, https:\/\/i0.wp.com\/www.musique-cordiale.com\/wp-content\/uploads\/2011\/03\/MC-choir-2017-scaled.jpg?fit=1200%2C510&ssl=1&resize=700%2C400 2x, https:\/\/i0.wp.com\/www.musique-cordiale.com\/wp-content\/uploads\/2011\/03\/MC-choir-2017-scaled.jpg?fit=1200%2C510&ssl=1&resize=1050%2C600 3x"},"classes":[]}],"_links":{"self":[{"href":"https:\/\/www.musique-cordiale.com\/fr\/wp-json\/wp\/v2\/product\/48587","targetHints":{"allow":["GET"]}}],"collection":[{"href":"https:\/\/www.musique-cordiale.com\/fr\/wp-json\/wp\/v2\/product"}],"about":[{"href":"https:\/\/www.musique-cordiale.com\/fr\/wp-json\/wp\/v2\/types\/product"}],"wp:featuredmedia":[{"embeddable":true,"href":"https:\/\/www.musique-cordiale.com\/fr\/wp-json\/wp\/v2\/media\/48653"}],"wp:attachment":[{"href":"https:\/\/www.musique-cordiale.com\/fr\/wp-json\/wp\/v2\/media?parent=48587"}],"wp:term":[{"taxonomy":"product_brand","embeddable":true,"href":"https:\/\/www.musique-cordiale.com\/fr\/wp-json\/wp\/v2\/product_brand?post=48587"},{"taxonomy":"product_cat","embeddable":true,"href":"https:\/\/www.musique-cordiale.com\/fr\/wp-json\/wp\/v2\/product_cat?post=48587"},{"taxonomy":"product_tag","embeddable":true,"href":"https:\/\/www.musique-cordiale.com\/fr\/wp-json\/wp\/v2\/product_tag?post=48587"},{"taxonomy":"venue","embeddable":true,"href":"https:\/\/www.musique-cordiale.com\/fr\/wp-json\/wp\/v2\/venue?post=48587"}],"curies":[{"name":"wp","href":"https:\/\/api.w.org\/{rel}","templated":true}]}}